{"id":593,"date":"2025-05-12T19:19:48","date_gmt":"2025-05-12T17:19:48","guid":{"rendered":"https:\/\/www.posk.se\/visbystift\/?page_id=593"},"modified":"2025-11-16T19:09:30","modified_gmt":"2025-11-16T18:09:30","slug":"kyrkovalet-2025","status":"publish","type":"page","link":"https:\/\/www.posk.se\/visbystift\/kyrkovalet-2025\/","title":{"rendered":"Kyrkovalet 2025"},"content":{"rendered":"<p>L\u00e4s v\u00e5rt program f\u00f6r kyrkovalet 2025<\/p>\n<p><a href=\"https:\/\/www.posk.se\/visbystift\/wp-content\/uploads\/sites\/217\/2025\/09\/program-posk-kyrklig-samverkan-i-visby-stift-2025.pdf\">Program POSK Kyrklig Samverkan i Visby stift 2025<\/a><!--more--><\/p>\n<p>l\u00e4nk till slutligt resultat i kyrkovalet 2025<\/p>\n<p><a href=\"https:\/\/kyrkoval.svenskakyrkan.se\/valresultat2025\/slutg\/Visning\/Resultat\/Kyrkomote.aspx\">https:\/\/kyrkoval.svenskakyrkan.se\/valresultat2025\/slutg\/Visning\/Resultat\/Kyrkomote.aspx<\/a><\/p>\n","protected":false},"excerpt":{"rendered":"<p>L\u00e4s v\u00e5rt program f\u00f6r kyrkovalet 2025 Program POSK Kyrklig Samverkan i Visby stift 2025<\/p>\n","protected":false},"author":1357,"featured_media":0,"parent":0,"menu_order":1,"comment_status":"closed","ping_status":"closed","template":"page-templates\/page-sidebar-left.php","meta":{"_acf_changed":false,"footnotes":""},"class_list":["post-593","page","type-page","status-publish","hentry"],"acf":[],"yoast_head":"<!-- This site is optimized with the Yoast SEO plugin v24.9 - https:\/\/yoast.com\/wordpress\/plugins\/seo\/ -->\n<title>Kyrkovalet 2025 - STIFTSF\u00d6RENING Visby<\/title>\n<meta name=\"robots\" content=\"index, follow, max-snippet:-1, max-image-preview:large, max-video-preview:-1\" \/>\n<link rel=\"canonical\" href=\"https:\/\/www.posk.se\/visbystift\/kyrkovalet-2025\/\" \/>\n<meta property=\"og:locale\" content=\"sv_SE\" \/>\n<meta property=\"og:type\" content=\"article\" \/>\n<meta property=\"og:title\" content=\"Kyrkovalet 2025 - STIFTSF\u00d6RENING Visby\" \/>\n<meta property=\"og:description\" content=\"L\u00e4s v\u00e5rt program f\u00f6r kyrkovalet 2025 Program POSK Kyrklig Samverkan i Visby stift 2025\" \/>\n<meta property=\"og:url\" content=\"https:\/\/www.posk.se\/visbystift\/kyrkovalet-2025\/\" \/>\n<meta property=\"og:site_name\" content=\"STIFTSF\u00d6RENING Visby\" \/>\n<meta property=\"article:modified_time\" content=\"2025-11-16T18:09:30+00:00\" \/>\n<meta name=\"twitter:card\" content=\"summary_large_image\" \/>\n<meta name=\"twitter:label1\" content=\"Ber\u00e4knad l\u00e4stid\" \/>\n\t<meta name=\"twitter:data1\" content=\"1 minut\" \/>\n<script type=\"application\/ld+json\" class=\"yoast-schema-graph\">{\"@context\":\"https:\/\/schema.org\",\"@graph\":[{\"@type\":\"WebPage\",\"@id\":\"https:\/\/www.posk.se\/visbystift\/kyrkovalet-2025\/\",\"url\":\"https:\/\/www.posk.se\/visbystift\/kyrkovalet-2025\/\",\"name\":\"Kyrkovalet 2025 - STIFTSF\u00d6RENING Visby\",\"isPartOf\":{\"@id\":\"https:\/\/www.posk.se\/visbystift\/#website\"},\"datePublished\":\"2025-05-12T17:19:48+00:00\",\"dateModified\":\"2025-11-16T18:09:30+00:00\",\"breadcrumb\":{\"@id\":\"https:\/\/www.posk.se\/visbystift\/kyrkovalet-2025\/#breadcrumb\"},\"inLanguage\":\"sv-SE\",\"potentialAction\":[{\"@type\":\"ReadAction\",\"target\":[\"https:\/\/www.posk.se\/visbystift\/kyrkovalet-2025\/\"]}]},{\"@type\":\"BreadcrumbList\",\"@id\":\"https:\/\/www.posk.se\/visbystift\/kyrkovalet-2025\/#breadcrumb\",\"itemListElement\":[{\"@type\":\"ListItem\",\"position\":1,\"name\":\"Hem\",\"item\":\"https:\/\/www.posk.se\/visbystift\/\"},{\"@type\":\"ListItem\",\"position\":2,\"name\":\"Kyrkovalet 2025\"}]},{\"@type\":\"WebSite\",\"@id\":\"https:\/\/www.posk.se\/visbystift\/#website\",\"url\":\"https:\/\/www.posk.se\/visbystift\/\",\"name\":\"STIFTSF\u00d6RENING Visby\",\"description\":\"Stiftsf\u00f6reningen f\u00f6r POSK i Visby stift\",\"potentialAction\":[{\"@type\":\"SearchAction\",\"target\":{\"@type\":\"EntryPoint\",\"urlTemplate\":\"https:\/\/www.posk.se\/visbystift\/?s={search_term_string}\"},\"query-input\":{\"@type\":\"PropertyValueSpecification\",\"valueRequired\":true,\"valueName\":\"search_term_string\"}}],\"inLanguage\":\"sv-SE\"}]}<\/script>\n<!-- \/ Yoast SEO plugin. -->","yoast_head_json":{"title":"Kyrkovalet 2025 - STIFTSF\u00d6RENING Visby","robots":{"index":"index","follow":"follow","max-snippet":"max-snippet:-1","max-image-preview":"max-image-preview:large","max-video-preview":"max-video-preview:-1"},"canonical":"https:\/\/www.posk.se\/visbystift\/kyrkovalet-2025\/","og_locale":"sv_SE","og_type":"article","og_title":"Kyrkovalet 2025 - STIFTSF\u00d6RENING Visby","og_description":"L\u00e4s v\u00e5rt program f\u00f6r kyrkovalet 2025 Program POSK Kyrklig Samverkan i Visby stift 2025","og_url":"https:\/\/www.posk.se\/visbystift\/kyrkovalet-2025\/","og_site_name":"STIFTSF\u00d6RENING Visby","article_modified_time":"2025-11-16T18:09:30+00:00","twitter_card":"summary_large_image","twitter_misc":{"Ber\u00e4knad l\u00e4stid":"1 minut"},"schema":{"@context":"https:\/\/schema.org","@graph":[{"@type":"WebPage","@id":"https:\/\/www.posk.se\/visbystift\/kyrkovalet-2025\/","url":"https:\/\/www.posk.se\/visbystift\/kyrkovalet-2025\/","name":"Kyrkovalet 2025 - STIFTSF\u00d6RENING Visby","isPartOf":{"@id":"https:\/\/www.posk.se\/visbystift\/#website"},"datePublished":"2025-05-12T17:19:48+00:00","dateModified":"2025-11-16T18:09:30+00:00","breadcrumb":{"@id":"https:\/\/www.posk.se\/visbystift\/kyrkovalet-2025\/#breadcrumb"},"inLanguage":"sv-SE","potentialAction":[{"@type":"ReadAction","target":["https:\/\/www.posk.se\/visbystift\/kyrkovalet-2025\/"]}]},{"@type":"BreadcrumbList","@id":"https:\/\/www.posk.se\/visbystift\/kyrkovalet-2025\/#breadcrumb","itemListElement":[{"@type":"ListItem","position":1,"name":"Hem","item":"https:\/\/www.posk.se\/visbystift\/"},{"@type":"ListItem","position":2,"name":"Kyrkovalet 2025"}]},{"@type":"WebSite","@id":"https:\/\/www.posk.se\/visbystift\/#website","url":"https:\/\/www.posk.se\/visbystift\/","name":"STIFTSF\u00d6RENING Visby","description":"Stiftsf\u00f6reningen f\u00f6r POSK i Visby stift","potentialAction":[{"@type":"SearchAction","target":{"@type":"EntryPoint","urlTemplate":"https:\/\/www.posk.se\/visbystift\/?s={search_term_string}"},"query-input":{"@type":"PropertyValueSpecification","valueRequired":true,"valueName":"search_term_string"}}],"inLanguage":"sv-SE"}]}},"_links":{"self":[{"href":"https:\/\/www.posk.se\/visbystift\/wp-json\/wp\/v2\/pages\/593","targetHints":{"allow":["GET"]}}],"collection":[{"href":"https:\/\/www.posk.se\/visbystift\/wp-json\/wp\/v2\/pages"}],"about":[{"href":"https:\/\/www.posk.se\/visbystift\/wp-json\/wp\/v2\/types\/page"}],"author":[{"embeddable":true,"href":"https:\/\/www.posk.se\/visbystift\/wp-json\/wp\/v2\/users\/1357"}],"replies":[{"embeddable":true,"href":"https:\/\/www.posk.se\/visbystift\/wp-json\/wp\/v2\/comments?post=593"}],"version-history":[{"count":13,"href":"https:\/\/www.posk.se\/visbystift\/wp-json\/wp\/v2\/pages\/593\/revisions"}],"predecessor-version":[{"id":614,"href":"https:\/\/www.posk.se\/visbystift\/wp-json\/wp\/v2\/pages\/593\/revisions\/614"}],"wp:attachment":[{"href":"https:\/\/www.posk.se\/visbystift\/wp-json\/wp\/v2\/media?parent=593"}],"curies":[{"name":"wp","href":"https:\/\/api.w.org\/{rel}","templated":true}]}}