{"id":155,"date":"2020-02-19T17:49:40","date_gmt":"2020-02-19T16:49:40","guid":{"rendered":"https:\/\/www.posk.se\/visbystift\/?page_id=155"},"modified":"2025-04-06T11:48:54","modified_gmt":"2025-04-06T09:48:54","slug":"arsmote","status":"publish","type":"page","link":"https:\/\/www.posk.se\/visbystift\/arsmote\/","title":{"rendered":"\u00c5rsm\u00f6te"},"content":{"rendered":"<ul>\n<li><\/li>\n<\/ul>\n<p>&nbsp;<\/p>\n","protected":false},"excerpt":{"rendered":"<p>&nbsp;<\/p>\n","protected":false},"author":1357,"featured_media":0,"parent":0,"menu_order":4,"comment_status":"closed","ping_status":"closed","template":"page-templates\/page-sidebar-left.php","meta":{"_acf_changed":false,"footnotes":""},"class_list":["post-155","page","type-page","status-publish","hentry"],"acf":[],"yoast_head":"<!-- This site is optimized with the Yoast SEO plugin v24.9 - https:\/\/yoast.com\/wordpress\/plugins\/seo\/ -->\n<title>\u00c5rsm\u00f6te - STIFTSF\u00d6RENING Visby<\/title>\n<meta name=\"robots\" content=\"index, follow, max-snippet:-1, max-image-preview:large, max-video-preview:-1\" \/>\n<link rel=\"canonical\" href=\"https:\/\/www.posk.se\/visbystift\/arsmote\/\" \/>\n<meta property=\"og:locale\" content=\"sv_SE\" \/>\n<meta property=\"og:type\" content=\"article\" \/>\n<meta property=\"og:title\" content=\"\u00c5rsm\u00f6te - STIFTSF\u00d6RENING Visby\" \/>\n<meta property=\"og:description\" content=\"&nbsp;\" \/>\n<meta property=\"og:url\" content=\"https:\/\/www.posk.se\/visbystift\/arsmote\/\" \/>\n<meta property=\"og:site_name\" content=\"STIFTSF\u00d6RENING Visby\" \/>\n<meta property=\"article:modified_time\" content=\"2025-04-06T09:48:54+00:00\" \/>\n<meta name=\"twitter:card\" content=\"summary_large_image\" \/>\n<script type=\"application\/ld+json\" class=\"yoast-schema-graph\">{\"@context\":\"https:\/\/schema.org\",\"@graph\":[{\"@type\":\"WebPage\",\"@id\":\"https:\/\/www.posk.se\/visbystift\/arsmote\/\",\"url\":\"https:\/\/www.posk.se\/visbystift\/arsmote\/\",\"name\":\"\u00c5rsm\u00f6te - STIFTSF\u00d6RENING Visby\",\"isPartOf\":{\"@id\":\"https:\/\/www.posk.se\/visbystift\/#website\"},\"datePublished\":\"2020-02-19T16:49:40+00:00\",\"dateModified\":\"2025-04-06T09:48:54+00:00\",\"breadcrumb\":{\"@id\":\"https:\/\/www.posk.se\/visbystift\/arsmote\/#breadcrumb\"},\"inLanguage\":\"sv-SE\",\"potentialAction\":[{\"@type\":\"ReadAction\",\"target\":[\"https:\/\/www.posk.se\/visbystift\/arsmote\/\"]}]},{\"@type\":\"BreadcrumbList\",\"@id\":\"https:\/\/www.posk.se\/visbystift\/arsmote\/#breadcrumb\",\"itemListElement\":[{\"@type\":\"ListItem\",\"position\":1,\"name\":\"Hem\",\"item\":\"https:\/\/www.posk.se\/visbystift\/\"},{\"@type\":\"ListItem\",\"position\":2,\"name\":\"\u00c5rsm\u00f6te\"}]},{\"@type\":\"WebSite\",\"@id\":\"https:\/\/www.posk.se\/visbystift\/#website\",\"url\":\"https:\/\/www.posk.se\/visbystift\/\",\"name\":\"STIFTSF\u00d6RENING Visby\",\"description\":\"Stiftsf\u00f6reningen f\u00f6r POSK i Visby stift\",\"potentialAction\":[{\"@type\":\"SearchAction\",\"target\":{\"@type\":\"EntryPoint\",\"urlTemplate\":\"https:\/\/www.posk.se\/visbystift\/?s={search_term_string}\"},\"query-input\":{\"@type\":\"PropertyValueSpecification\",\"valueRequired\":true,\"valueName\":\"search_term_string\"}}],\"inLanguage\":\"sv-SE\"}]}<\/script>\n<!-- \/ Yoast SEO plugin. -->","yoast_head_json":{"title":"\u00c5rsm\u00f6te - STIFTSF\u00d6RENING Visby","robots":{"index":"index","follow":"follow","max-snippet":"max-snippet:-1","max-image-preview":"max-image-preview:large","max-video-preview":"max-video-preview:-1"},"canonical":"https:\/\/www.posk.se\/visbystift\/arsmote\/","og_locale":"sv_SE","og_type":"article","og_title":"\u00c5rsm\u00f6te - STIFTSF\u00d6RENING Visby","og_description":"&nbsp;","og_url":"https:\/\/www.posk.se\/visbystift\/arsmote\/","og_site_name":"STIFTSF\u00d6RENING Visby","article_modified_time":"2025-04-06T09:48:54+00:00","twitter_card":"summary_large_image","schema":{"@context":"https:\/\/schema.org","@graph":[{"@type":"WebPage","@id":"https:\/\/www.posk.se\/visbystift\/arsmote\/","url":"https:\/\/www.posk.se\/visbystift\/arsmote\/","name":"\u00c5rsm\u00f6te - STIFTSF\u00d6RENING Visby","isPartOf":{"@id":"https:\/\/www.posk.se\/visbystift\/#website"},"datePublished":"2020-02-19T16:49:40+00:00","dateModified":"2025-04-06T09:48:54+00:00","breadcrumb":{"@id":"https:\/\/www.posk.se\/visbystift\/arsmote\/#breadcrumb"},"inLanguage":"sv-SE","potentialAction":[{"@type":"ReadAction","target":["https:\/\/www.posk.se\/visbystift\/arsmote\/"]}]},{"@type":"BreadcrumbList","@id":"https:\/\/www.posk.se\/visbystift\/arsmote\/#breadcrumb","itemListElement":[{"@type":"ListItem","position":1,"name":"Hem","item":"https:\/\/www.posk.se\/visbystift\/"},{"@type":"ListItem","position":2,"name":"\u00c5rsm\u00f6te"}]},{"@type":"WebSite","@id":"https:\/\/www.posk.se\/visbystift\/#website","url":"https:\/\/www.posk.se\/visbystift\/","name":"STIFTSF\u00d6RENING Visby","description":"Stiftsf\u00f6reningen f\u00f6r POSK i Visby stift","potentialAction":[{"@type":"SearchAction","target":{"@type":"EntryPoint","urlTemplate":"https:\/\/www.posk.se\/visbystift\/?s={search_term_string}"},"query-input":{"@type":"PropertyValueSpecification","valueRequired":true,"valueName":"search_term_string"}}],"inLanguage":"sv-SE"}]}},"_links":{"self":[{"href":"https:\/\/www.posk.se\/visbystift\/wp-json\/wp\/v2\/pages\/155","targetHints":{"allow":["GET"]}}],"collection":[{"href":"https:\/\/www.posk.se\/visbystift\/wp-json\/wp\/v2\/pages"}],"about":[{"href":"https:\/\/www.posk.se\/visbystift\/wp-json\/wp\/v2\/types\/page"}],"author":[{"embeddable":true,"href":"https:\/\/www.posk.se\/visbystift\/wp-json\/wp\/v2\/users\/1357"}],"replies":[{"embeddable":true,"href":"https:\/\/www.posk.se\/visbystift\/wp-json\/wp\/v2\/comments?post=155"}],"version-history":[{"count":37,"href":"https:\/\/www.posk.se\/visbystift\/wp-json\/wp\/v2\/pages\/155\/revisions"}],"predecessor-version":[{"id":591,"href":"https:\/\/www.posk.se\/visbystift\/wp-json\/wp\/v2\/pages\/155\/revisions\/591"}],"wp:attachment":[{"href":"https:\/\/www.posk.se\/visbystift\/wp-json\/wp\/v2\/media?parent=155"}],"curies":[{"name":"wp","href":"https:\/\/api.w.org\/{rel}","templated":true}]}}