{"id":151,"date":"2020-02-19T17:42:53","date_gmt":"2020-02-19T16:42:53","guid":{"rendered":"https:\/\/www.posk.se\/visbystift\/?page_id=151"},"modified":"2025-09-15T20:39:43","modified_gmt":"2025-09-15T18:39:43","slug":"styrelsen","status":"publish","type":"page","link":"https:\/\/www.posk.se\/visbystift\/styrelsen\/","title":{"rendered":"Styrelsen"},"content":{"rendered":"<p><strong>Stiftsf\u00f6reningens styrelse 2025<\/strong><\/p>\n<p>Staffan Beijer, ordf\u00f6rande<\/p>\n<p>Solveig Gillberg, ledamot<\/p>\n<p>Inger Harlevi, ledamot<\/p>\n<p>Gunnar Lindby, kass\u00f6r<\/p>\n<p>Sven Sandstr\u00f6m, ledamot<\/p>\n<p>Roland Engkvist, suppleant<\/p>\n","protected":false},"excerpt":{"rendered":"<p>Stiftsf\u00f6reningens styrelse 2025 Staffan Beijer, ordf\u00f6rande Solveig Gillberg, ledamot Inger Harlevi, ledamot Gunnar Lindby, kass\u00f6r Sven Sandstr\u00f6m, ledamot Roland Engkvist, suppleant<\/p>\n","protected":false},"author":1357,"featured_media":0,"parent":0,"menu_order":3,"comment_status":"closed","ping_status":"closed","template":"page-templates\/page-sidebar-left.php","meta":{"_acf_changed":false,"footnotes":""},"class_list":["post-151","page","type-page","status-publish","hentry"],"acf":[],"yoast_head":"<!-- This site is optimized with the Yoast SEO plugin v24.9 - https:\/\/yoast.com\/wordpress\/plugins\/seo\/ -->\n<title>Styrelsen - STIFTSF\u00d6RENING Visby<\/title>\n<meta name=\"robots\" content=\"index, follow, max-snippet:-1, max-image-preview:large, max-video-preview:-1\" \/>\n<link rel=\"canonical\" href=\"https:\/\/www.posk.se\/visbystift\/styrelsen\/\" \/>\n<meta property=\"og:locale\" content=\"sv_SE\" \/>\n<meta property=\"og:type\" content=\"article\" \/>\n<meta property=\"og:title\" content=\"Styrelsen - STIFTSF\u00d6RENING Visby\" \/>\n<meta property=\"og:description\" content=\"Stiftsf\u00f6reningens styrelse 2025 Staffan Beijer, ordf\u00f6rande Solveig Gillberg, ledamot Inger Harlevi, ledamot Gunnar Lindby, kass\u00f6r Sven Sandstr\u00f6m, ledamot Roland Engkvist, suppleant\" \/>\n<meta property=\"og:url\" content=\"https:\/\/www.posk.se\/visbystift\/styrelsen\/\" \/>\n<meta property=\"og:site_name\" content=\"STIFTSF\u00d6RENING Visby\" \/>\n<meta property=\"article:modified_time\" content=\"2025-09-15T18:39:43+00:00\" \/>\n<meta name=\"twitter:card\" content=\"summary_large_image\" \/>\n<meta name=\"twitter:label1\" content=\"Ber\u00e4knad l\u00e4stid\" \/>\n\t<meta name=\"twitter:data1\" content=\"1 minut\" \/>\n<script type=\"application\/ld+json\" class=\"yoast-schema-graph\">{\"@context\":\"https:\/\/schema.org\",\"@graph\":[{\"@type\":\"WebPage\",\"@id\":\"https:\/\/www.posk.se\/visbystift\/styrelsen\/\",\"url\":\"https:\/\/www.posk.se\/visbystift\/styrelsen\/\",\"name\":\"Styrelsen - STIFTSF\u00d6RENING Visby\",\"isPartOf\":{\"@id\":\"https:\/\/www.posk.se\/visbystift\/#website\"},\"datePublished\":\"2020-02-19T16:42:53+00:00\",\"dateModified\":\"2025-09-15T18:39:43+00:00\",\"breadcrumb\":{\"@id\":\"https:\/\/www.posk.se\/visbystift\/styrelsen\/#breadcrumb\"},\"inLanguage\":\"sv-SE\",\"potentialAction\":[{\"@type\":\"ReadAction\",\"target\":[\"https:\/\/www.posk.se\/visbystift\/styrelsen\/\"]}]},{\"@type\":\"BreadcrumbList\",\"@id\":\"https:\/\/www.posk.se\/visbystift\/styrelsen\/#breadcrumb\",\"itemListElement\":[{\"@type\":\"ListItem\",\"position\":1,\"name\":\"Hem\",\"item\":\"https:\/\/www.posk.se\/visbystift\/\"},{\"@type\":\"ListItem\",\"position\":2,\"name\":\"Styrelsen\"}]},{\"@type\":\"WebSite\",\"@id\":\"https:\/\/www.posk.se\/visbystift\/#website\",\"url\":\"https:\/\/www.posk.se\/visbystift\/\",\"name\":\"STIFTSF\u00d6RENING Visby\",\"description\":\"Stiftsf\u00f6reningen f\u00f6r POSK i Visby stift\",\"potentialAction\":[{\"@type\":\"SearchAction\",\"target\":{\"@type\":\"EntryPoint\",\"urlTemplate\":\"https:\/\/www.posk.se\/visbystift\/?s={search_term_string}\"},\"query-input\":{\"@type\":\"PropertyValueSpecification\",\"valueRequired\":true,\"valueName\":\"search_term_string\"}}],\"inLanguage\":\"sv-SE\"}]}<\/script>\n<!-- \/ Yoast SEO plugin. -->","yoast_head_json":{"title":"Styrelsen - STIFTSF\u00d6RENING Visby","robots":{"index":"index","follow":"follow","max-snippet":"max-snippet:-1","max-image-preview":"max-image-preview:large","max-video-preview":"max-video-preview:-1"},"canonical":"https:\/\/www.posk.se\/visbystift\/styrelsen\/","og_locale":"sv_SE","og_type":"article","og_title":"Styrelsen - STIFTSF\u00d6RENING Visby","og_description":"Stiftsf\u00f6reningens styrelse 2025 Staffan Beijer, ordf\u00f6rande Solveig Gillberg, ledamot Inger Harlevi, ledamot Gunnar Lindby, kass\u00f6r Sven Sandstr\u00f6m, ledamot Roland Engkvist, suppleant","og_url":"https:\/\/www.posk.se\/visbystift\/styrelsen\/","og_site_name":"STIFTSF\u00d6RENING Visby","article_modified_time":"2025-09-15T18:39:43+00:00","twitter_card":"summary_large_image","twitter_misc":{"Ber\u00e4knad l\u00e4stid":"1 minut"},"schema":{"@context":"https:\/\/schema.org","@graph":[{"@type":"WebPage","@id":"https:\/\/www.posk.se\/visbystift\/styrelsen\/","url":"https:\/\/www.posk.se\/visbystift\/styrelsen\/","name":"Styrelsen - STIFTSF\u00d6RENING Visby","isPartOf":{"@id":"https:\/\/www.posk.se\/visbystift\/#website"},"datePublished":"2020-02-19T16:42:53+00:00","dateModified":"2025-09-15T18:39:43+00:00","breadcrumb":{"@id":"https:\/\/www.posk.se\/visbystift\/styrelsen\/#breadcrumb"},"inLanguage":"sv-SE","potentialAction":[{"@type":"ReadAction","target":["https:\/\/www.posk.se\/visbystift\/styrelsen\/"]}]},{"@type":"BreadcrumbList","@id":"https:\/\/www.posk.se\/visbystift\/styrelsen\/#breadcrumb","itemListElement":[{"@type":"ListItem","position":1,"name":"Hem","item":"https:\/\/www.posk.se\/visbystift\/"},{"@type":"ListItem","position":2,"name":"Styrelsen"}]},{"@type":"WebSite","@id":"https:\/\/www.posk.se\/visbystift\/#website","url":"https:\/\/www.posk.se\/visbystift\/","name":"STIFTSF\u00d6RENING Visby","description":"Stiftsf\u00f6reningen f\u00f6r POSK i Visby stift","potentialAction":[{"@type":"SearchAction","target":{"@type":"EntryPoint","urlTemplate":"https:\/\/www.posk.se\/visbystift\/?s={search_term_string}"},"query-input":{"@type":"PropertyValueSpecification","valueRequired":true,"valueName":"search_term_string"}}],"inLanguage":"sv-SE"}]}},"_links":{"self":[{"href":"https:\/\/www.posk.se\/visbystift\/wp-json\/wp\/v2\/pages\/151","targetHints":{"allow":["GET"]}}],"collection":[{"href":"https:\/\/www.posk.se\/visbystift\/wp-json\/wp\/v2\/pages"}],"about":[{"href":"https:\/\/www.posk.se\/visbystift\/wp-json\/wp\/v2\/types\/page"}],"author":[{"embeddable":true,"href":"https:\/\/www.posk.se\/visbystift\/wp-json\/wp\/v2\/users\/1357"}],"replies":[{"embeddable":true,"href":"https:\/\/www.posk.se\/visbystift\/wp-json\/wp\/v2\/comments?post=151"}],"version-history":[{"count":28,"href":"https:\/\/www.posk.se\/visbystift\/wp-json\/wp\/v2\/pages\/151\/revisions"}],"predecessor-version":[{"id":607,"href":"https:\/\/www.posk.se\/visbystift\/wp-json\/wp\/v2\/pages\/151\/revisions\/607"}],"wp:attachment":[{"href":"https:\/\/www.posk.se\/visbystift\/wp-json\/wp\/v2\/media?parent=151"}],"curies":[{"name":"wp","href":"https:\/\/api.w.org\/{rel}","templated":true}]}}