{"id":20,"date":"2016-07-20T12:09:46","date_gmt":"2016-07-20T10:09:46","guid":{"rendered":"https:\/\/www.posk.se\/vaxjo\/?page_id=20"},"modified":"2025-08-11T02:04:05","modified_gmt":"2025-08-11T00:04:05","slug":"startsidan-2","status":"publish","type":"page","link":"https:\/\/www.posk.se\/vaxjo\/","title":{"rendered":"Startsidan"},"content":{"rendered":"<h3>POSK &#8211; ett gott val<\/h3>\n<p>POSK bygger den kyrka som Sverige beh\u00f6ver, och ser till att den finns d\u00e4r den beh\u00f6vs.<br \/>\nPOSK har id\u00e9erna f\u00f6r framtiden och vill leda utvecklingen i riktning mot en kyrka som\u00a0rymmer m\u00e5ngfald och pr\u00e4glas av respekt.<\/p>\n<h3>Partipolitiskt obundna i Svenska kyrkan<\/h3>\n<p>POSK har funnits i \u00f6ver 30 \u00e5r och finns till f\u00f6r dem som vill ta ansvar som f\u00f6rtroendevald i Svenska kyrkan utan att binda sig till n\u00e5got allm\u00e4npolitiskt parti. F\u00f6r oss \u00e4r det sj\u00e4lvklart att de som styr Svenska kyrkan \u00e4r aktiva i kyrkan. D\u00e4rf\u00f6r kan du k\u00e4nna dig trygg att r\u00f6sta p\u00e5 POSK \u2013 vi som st\u00e4ller upp i kyrkovalet \u00e4r aktiva i f\u00f6rsamlingslivet.<\/p>\n<h3>POSK i V\u00e4xj\u00f6 pastorat vill:<\/h3>\n<p><b>Verka f\u00f6r levande f\u00f6rsamlingar<\/b><\/p>\n<ul>\n<li>att Svenska kyrkan i V\u00e4xj\u00f6 pastorats f\u00f6rsamlingar ska erbjuda levande och angel\u00e4gna gudstj\u00e4nster med djup och bredd.<\/li>\n<li>att Svenska kyrkan i V\u00e4xj\u00f6 pastorat ger musiken och k\u00f6rs\u00e5ngen en framskjuten roll i gudstj\u00e4nsten och att musiklivet i pastoratet b\u00e5de ska bevaras och utvecklas.<\/li>\n<li>att Svenska kyrkan i V\u00e4xj\u00f6 pastorat erbjuder ett varierat gudstj\u00e4nstliv som tilltalar medlemmarna i hela pastoratet.<\/li>\n<li>att Svenska kyrkan i V\u00e4xj\u00f6 pastorat ger barn och ungdomar en s\u00e4rst\u00e4llning i f\u00f6rsamlingslivet. Konfirmationsarbetet ska ha en framtr\u00e4dande plats.<\/li>\n<li>att Svenska kyrkan i V\u00e4xj\u00f6 pastorat ska bjuda in alla nyinflyttade till f\u00f6rsamlingens verksamhet.<\/li>\n<li>att Svenska kyrkan i V\u00e4xj\u00f6 pastorat ska bevara och utveckla det ekumeniska arbetet<\/li>\n<\/ul>\n<p><b>Bevara och utveckla engagemang<\/b><\/p>\n<ul>\n<li>att Svenska kyrkan i V\u00e4xj\u00f6 pastorat och dess f\u00f6rsamlingar ska ledas av kyrkligt engagerade f\u00f6rtroendevalda och anst\u00e4llda oavsett politisk tillh\u00f6righet.<\/li>\n<li>att V\u00e4xj\u00f6 Stads- och domkyrkof\u00f6rsamling delas upp i flera f\u00f6rsamlingar f\u00f6r att bevara och utveckla det lokala engagemanget.<\/li>\n<li>att Svenska kyrkan i V\u00e4xj\u00f6 pastorat tar tillvara det lokala engagemanget och bygger levande gemenskaper i pastoratets alla f\u00f6rsamlingar.<\/li>\n<li>att Svenska kyrkan i V\u00e4xj\u00f6 pastorat ska vara en attraktiv arbetsgivare och prioritera utbildning och fortbildning f\u00f6r att locka och beh\u00e5lla engagerade och kompetenta medarbetare, f\u00f6rtroendevalda och ideella.<\/li>\n<li>att Svenska kyrkan i V\u00e4xj\u00f6 pastorat ska vara n\u00e4rvarande i nya omr\u00e5den som v\u00e4xer fram som Vikaholm och Bredvik.<\/li>\n<\/ul>\n<p><b>Vara en \u00f6ppen och v\u00e4lkomnande kyrka<\/b><\/p>\n<ul>\n<li>att kyrkor och kyrkog\u00e5rdar i V\u00e4xj\u00f6 pastorat, som kanske \u00e4r v\u00e5rt viktigaste kulturarv, ska vara v\u00e4lsk\u00f6tta och tillg\u00e4ngliga. Kyrkorna ska vara \u00f6ppna f\u00f6r bes\u00f6k och enskild andakt.<\/li>\n<li>att Svenska kyrkan i V\u00e4xj\u00f6 pastorat ska st\u00f6dja och vara n\u00e4rvarande f\u00f6r m\u00e4nniskor i utsatta livssituationer och s\u00e4rskilt dem som hamnar i kl\u00e4m i dagens samh\u00e4lle. Diakonin, Diakonicentrum och arbete med integration ska fortsatt prioriteras.<\/li>\n<li>att Svenska kyrkan i V\u00e4xj\u00f6 pastorat aktivt ska motverka all s\u00e4rbehandling p\u00e5 grund av etnisk och kulturell bakgrund, k\u00f6nsidentitet och sexuell l\u00e4ggning, \u00e5lder och funktionsvariation.<\/li>\n<li>att Svenska kyrkan i V\u00e4xj\u00f6 pastorat ska st\u00f6dja r\u00e4ttvis handel och ett h\u00e5llbart nyttjande av jordens resurser.<\/li>\n<\/ul>\n<p>&nbsp;<\/p>\n<h3>Kontakt<\/h3>\n<p>Karin Ljung \u00e4r ordf\u00f6rande<br \/>\nE-post <a href=\"ljung.karin@hotmail.com\">ljung.karin@hotmail.com<\/a><br \/>\nMobil: 0709-697445<\/p>\n<p>Camilla Dahlstr\u00f6m\u00a0\u00e4r vice ordf\u00f6rande<br \/>\nE-post: <a href=\"camilladahlstrom7@yahoo.seMobil&quot;\">camilladahlstrom7@yahoo.se<br \/>\n<\/a>Mobil:\u00a00705-620717<\/p>\n<h5><\/h5>\n","protected":false},"excerpt":{"rendered":"<p>POSK &#8211; ett gott val POSK bygger den kyrka som Sverige beh\u00f6ver, och ser till att den finns d\u00e4r den beh\u00f6vs. POSK har id\u00e9erna f\u00f6r framtiden och vill leda utvecklingen i riktning mot en kyrka som\u00a0rymmer m\u00e5ngfald och pr\u00e4glas av respekt. Partipolitiskt obundna i Svenska kyrkan POSK har funnits i \u00f6ver 30 \u00e5r och finns [&hellip;]<\/p>\n","protected":false},"author":1,"featured_media":263,"parent":0,"menu_order":0,"comment_status":"closed","ping_status":"closed","template":"page-templates\/page-sidebar-left.php","meta":{"_acf_changed":false,"footnotes":""},"class_list":["post-20","page","type-page","status-publish","has-post-thumbnail","hentry"],"acf":[],"yoast_head":"<!-- This site is optimized with the Yoast SEO plugin v24.9 - https:\/\/yoast.com\/wordpress\/plugins\/seo\/ -->\n<title>Startsidan - V\u00e4xj\u00f6<\/title>\n<meta name=\"robots\" content=\"index, follow, max-snippet:-1, max-image-preview:large, max-video-preview:-1\" \/>\n<link rel=\"canonical\" href=\"https:\/\/www.posk.se\/vaxjo\/\" \/>\n<meta property=\"og:locale\" content=\"sv_SE\" \/>\n<meta property=\"og:type\" content=\"article\" \/>\n<meta property=\"og:title\" content=\"Startsidan - V\u00e4xj\u00f6\" \/>\n<meta property=\"og:description\" content=\"POSK &#8211; ett gott val POSK bygger den kyrka som Sverige beh\u00f6ver, och ser till att den finns d\u00e4r den beh\u00f6vs. POSK har id\u00e9erna f\u00f6r framtiden och vill leda utvecklingen i riktning mot en kyrka som\u00a0rymmer m\u00e5ngfald och pr\u00e4glas av respekt. Partipolitiskt obundna i Svenska kyrkan POSK har funnits i \u00f6ver 30 \u00e5r och finns [&hellip;]\" \/>\n<meta property=\"og:url\" content=\"https:\/\/www.posk.se\/vaxjo\/\" \/>\n<meta property=\"og:site_name\" content=\"V\u00e4xj\u00f6\" \/>\n<meta property=\"article:modified_time\" content=\"2025-08-11T00:04:05+00:00\" \/>\n<meta property=\"og:image\" content=\"https:\/\/www.posk.se\/vaxjo\/wp-content\/uploads\/sites\/210\/2025\/06\/img-2247-scaled-e1750487732935.jpeg\" \/>\n\t<meta property=\"og:image:width\" content=\"2423\" \/>\n\t<meta property=\"og:image:height\" content=\"845\" \/>\n\t<meta property=\"og:image:type\" content=\"image\/jpeg\" \/>\n<meta name=\"twitter:card\" content=\"summary_large_image\" \/>\n<meta name=\"twitter:label1\" content=\"Ber\u00e4knad l\u00e4stid\" \/>\n\t<meta name=\"twitter:data1\" content=\"3 minuter\" \/>\n<script type=\"application\/ld+json\" class=\"yoast-schema-graph\">{\"@context\":\"https:\/\/schema.org\",\"@graph\":[{\"@type\":\"WebPage\",\"@id\":\"https:\/\/www.posk.se\/vaxjo\/\",\"url\":\"https:\/\/www.posk.se\/vaxjo\/\",\"name\":\"Startsidan - V\u00e4xj\u00f6\",\"isPartOf\":{\"@id\":\"https:\/\/www.posk.se\/vaxjo\/#website\"},\"primaryImageOfPage\":{\"@id\":\"https:\/\/www.posk.se\/vaxjo\/#primaryimage\"},\"image\":{\"@id\":\"https:\/\/www.posk.se\/vaxjo\/#primaryimage\"},\"thumbnailUrl\":\"https:\/\/www.posk.se\/vaxjo\/wp-content\/uploads\/sites\/210\/2025\/06\/img-2247-scaled-e1750487732935.jpeg\",\"datePublished\":\"2016-07-20T10:09:46+00:00\",\"dateModified\":\"2025-08-11T00:04:05+00:00\",\"breadcrumb\":{\"@id\":\"https:\/\/www.posk.se\/vaxjo\/#breadcrumb\"},\"inLanguage\":\"sv-SE\",\"potentialAction\":[{\"@type\":\"ReadAction\",\"target\":[\"https:\/\/www.posk.se\/vaxjo\/\"]}]},{\"@type\":\"ImageObject\",\"inLanguage\":\"sv-SE\",\"@id\":\"https:\/\/www.posk.se\/vaxjo\/#primaryimage\",\"url\":\"https:\/\/www.posk.se\/vaxjo\/wp-content\/uploads\/sites\/210\/2025\/06\/img-2247-scaled-e1750487732935.jpeg\",\"contentUrl\":\"https:\/\/www.posk.se\/vaxjo\/wp-content\/uploads\/sites\/210\/2025\/06\/img-2247-scaled-e1750487732935.jpeg\",\"width\":2423,\"height\":845},{\"@type\":\"BreadcrumbList\",\"@id\":\"https:\/\/www.posk.se\/vaxjo\/#breadcrumb\",\"itemListElement\":[{\"@type\":\"ListItem\",\"position\":1,\"name\":\"Hem\",\"item\":\"https:\/\/www.posk.se\/vaxjo\/\"},{\"@type\":\"ListItem\",\"position\":2,\"name\":\"Startsidan\"}]},{\"@type\":\"WebSite\",\"@id\":\"https:\/\/www.posk.se\/vaxjo\/#website\",\"url\":\"https:\/\/www.posk.se\/vaxjo\/\",\"name\":\"V\u00e4xj\u00f6\",\"description\":\"POSK-grupp i V\u00e4xj\u00f6 stift\",\"potentialAction\":[{\"@type\":\"SearchAction\",\"target\":{\"@type\":\"EntryPoint\",\"urlTemplate\":\"https:\/\/www.posk.se\/vaxjo\/?s={search_term_string}\"},\"query-input\":{\"@type\":\"PropertyValueSpecification\",\"valueRequired\":true,\"valueName\":\"search_term_string\"}}],\"inLanguage\":\"sv-SE\"}]}<\/script>\n<!-- \/ Yoast SEO plugin. -->","yoast_head_json":{"title":"Startsidan - V\u00e4xj\u00f6","robots":{"index":"index","follow":"follow","max-snippet":"max-snippet:-1","max-image-preview":"max-image-preview:large","max-video-preview":"max-video-preview:-1"},"canonical":"https:\/\/www.posk.se\/vaxjo\/","og_locale":"sv_SE","og_type":"article","og_title":"Startsidan - V\u00e4xj\u00f6","og_description":"POSK &#8211; ett gott val POSK bygger den kyrka som Sverige beh\u00f6ver, och ser till att den finns d\u00e4r den beh\u00f6vs. POSK har id\u00e9erna f\u00f6r framtiden och vill leda utvecklingen i riktning mot en kyrka som\u00a0rymmer m\u00e5ngfald och pr\u00e4glas av respekt. Partipolitiskt obundna i Svenska kyrkan POSK har funnits i \u00f6ver 30 \u00e5r och finns [&hellip;]","og_url":"https:\/\/www.posk.se\/vaxjo\/","og_site_name":"V\u00e4xj\u00f6","article_modified_time":"2025-08-11T00:04:05+00:00","og_image":[{"width":2423,"height":845,"url":"https:\/\/www.posk.se\/vaxjo\/wp-content\/uploads\/sites\/210\/2025\/06\/img-2247-scaled-e1750487732935.jpeg","type":"image\/jpeg"}],"twitter_card":"summary_large_image","twitter_misc":{"Ber\u00e4knad l\u00e4stid":"3 minuter"},"schema":{"@context":"https:\/\/schema.org","@graph":[{"@type":"WebPage","@id":"https:\/\/www.posk.se\/vaxjo\/","url":"https:\/\/www.posk.se\/vaxjo\/","name":"Startsidan - V\u00e4xj\u00f6","isPartOf":{"@id":"https:\/\/www.posk.se\/vaxjo\/#website"},"primaryImageOfPage":{"@id":"https:\/\/www.posk.se\/vaxjo\/#primaryimage"},"image":{"@id":"https:\/\/www.posk.se\/vaxjo\/#primaryimage"},"thumbnailUrl":"https:\/\/www.posk.se\/vaxjo\/wp-content\/uploads\/sites\/210\/2025\/06\/img-2247-scaled-e1750487732935.jpeg","datePublished":"2016-07-20T10:09:46+00:00","dateModified":"2025-08-11T00:04:05+00:00","breadcrumb":{"@id":"https:\/\/www.posk.se\/vaxjo\/#breadcrumb"},"inLanguage":"sv-SE","potentialAction":[{"@type":"ReadAction","target":["https:\/\/www.posk.se\/vaxjo\/"]}]},{"@type":"ImageObject","inLanguage":"sv-SE","@id":"https:\/\/www.posk.se\/vaxjo\/#primaryimage","url":"https:\/\/www.posk.se\/vaxjo\/wp-content\/uploads\/sites\/210\/2025\/06\/img-2247-scaled-e1750487732935.jpeg","contentUrl":"https:\/\/www.posk.se\/vaxjo\/wp-content\/uploads\/sites\/210\/2025\/06\/img-2247-scaled-e1750487732935.jpeg","width":2423,"height":845},{"@type":"BreadcrumbList","@id":"https:\/\/www.posk.se\/vaxjo\/#breadcrumb","itemListElement":[{"@type":"ListItem","position":1,"name":"Hem","item":"https:\/\/www.posk.se\/vaxjo\/"},{"@type":"ListItem","position":2,"name":"Startsidan"}]},{"@type":"WebSite","@id":"https:\/\/www.posk.se\/vaxjo\/#website","url":"https:\/\/www.posk.se\/vaxjo\/","name":"V\u00e4xj\u00f6","description":"POSK-grupp i V\u00e4xj\u00f6 stift","potentialAction":[{"@type":"SearchAction","target":{"@type":"EntryPoint","urlTemplate":"https:\/\/www.posk.se\/vaxjo\/?s={search_term_string}"},"query-input":{"@type":"PropertyValueSpecification","valueRequired":true,"valueName":"search_term_string"}}],"inLanguage":"sv-SE"}]}},"_links":{"self":[{"href":"https:\/\/www.posk.se\/vaxjo\/wp-json\/wp\/v2\/pages\/20","targetHints":{"allow":["GET"]}}],"collection":[{"href":"https:\/\/www.posk.se\/vaxjo\/wp-json\/wp\/v2\/pages"}],"about":[{"href":"https:\/\/www.posk.se\/vaxjo\/wp-json\/wp\/v2\/types\/page"}],"author":[{"embeddable":true,"href":"https:\/\/www.posk.se\/vaxjo\/wp-json\/wp\/v2\/users\/1"}],"replies":[{"embeddable":true,"href":"https:\/\/www.posk.se\/vaxjo\/wp-json\/wp\/v2\/comments?post=20"}],"version-history":[{"count":22,"href":"https:\/\/www.posk.se\/vaxjo\/wp-json\/wp\/v2\/pages\/20\/revisions"}],"predecessor-version":[{"id":282,"href":"https:\/\/www.posk.se\/vaxjo\/wp-json\/wp\/v2\/pages\/20\/revisions\/282"}],"wp:featuredmedia":[{"embeddable":true,"href":"https:\/\/www.posk.se\/vaxjo\/wp-json\/wp\/v2\/media\/263"}],"wp:attachment":[{"href":"https:\/\/www.posk.se\/vaxjo\/wp-json\/wp\/v2\/media?parent=20"}],"curies":[{"name":"wp","href":"https:\/\/api.w.org\/{rel}","templated":true}]}}