{"id":62,"date":"2021-05-12T21:24:59","date_gmt":"2021-05-12T19:24:59","guid":{"rendered":"https:\/\/www.posk.se\/vattholma\/?page_id=62"},"modified":"2025-05-21T20:36:09","modified_gmt":"2025-05-21T18:36:09","slug":"vision","status":"publish","type":"page","link":"https:\/\/www.posk.se\/vattholma\/vision\/","title":{"rendered":"Vision och program"},"content":{"rendered":"<figure id=\"attachment_161\" aria-describedby=\"caption-attachment-161\" style=\"width: 224px\" class=\"wp-caption alignright\"><img loading=\"lazy\" decoding=\"async\" class=\"wp-image-161\" src=\"https:\/\/www.posk.se\/vattholma\/wp-content\/uploads\/sites\/181\/2021\/05\/img-20210520-183545-225x300.jpg\" alt=\"\" width=\"224\" height=\"299\" srcset=\"https:\/\/www.posk.se\/vattholma\/wp-content\/uploads\/sites\/181\/2021\/05\/img-20210520-183545-225x300.jpg 225w, https:\/\/www.posk.se\/vattholma\/wp-content\/uploads\/sites\/181\/2021\/05\/img-20210520-183545-768x1024.jpg 768w, https:\/\/www.posk.se\/vattholma\/wp-content\/uploads\/sites\/181\/2021\/05\/img-20210520-183545-1152x1536.jpg 1152w, https:\/\/www.posk.se\/vattholma\/wp-content\/uploads\/sites\/181\/2021\/05\/img-20210520-183545-1536x2048.jpg 1536w, https:\/\/www.posk.se\/vattholma\/wp-content\/uploads\/sites\/181\/2021\/05\/img-20210520-183545-330x440.jpg 330w, https:\/\/www.posk.se\/vattholma\/wp-content\/uploads\/sites\/181\/2021\/05\/img-20210520-183545-scaled.jpg 1920w\" sizes=\"auto, (max-width: 224px) 100vw, 224px\" \/><figcaption id=\"caption-attachment-161\" class=\"wp-caption-text\">Foto: Markus Cifuentes<\/figcaption><\/figure>\n<h3>Vision<\/h3>\n<p>V\u00e5r vision \u00e4r att v\u00e5ra f\u00f6rsamlingar f\u00e5r vara <strong>m\u00f6tesplatser<\/strong> f\u00f6r alla som s\u00f6ker en f\u00f6rdjupad gudsrelation och livstolkande samtal. Vi vill att f\u00f6rsamlingarna ska erbjuda <strong>n\u00e4rvaro, v\u00e4xt och f\u00f6rdjupning<\/strong> och vara en <strong>gemenskap<\/strong> d\u00e4r man ser och tar tillvara p\u00e5 varje m\u00e4nniska som en g\u00e5va i f\u00f6rsamlingens liv. Vi \u00f6nskar att kyrkan p\u00e5 olika s\u00e4tt f\u00f6rmedlar t<strong>illit, befrielse och livsmod<\/strong> till m\u00e4nniskor som bor och vistas i v\u00e5rt pastorat.<\/p>\n<h3>Detta vill vi arbeta f\u00f6r<\/h3>\n<h4>Verksamhet f\u00f6r alla<\/h4>\n<ul>\n<li>Kyrkan ska vara en plats d\u00e4r m\u00e4nniskor med <strong>olika bakgrund, f\u00f6ruts\u00e4ttningar och \u00e5lder<\/strong> kan m\u00f6tas i en \u00f6ppen gemenskap.<\/li>\n<li><strong>Barn och ungdomar<\/strong> ska prioriteras. Vi vill satsa p\u00e5 kontakten med skolorna, musik, l\u00e4ger, resor, vandringar och annat som kan ge unga m\u00e4nniskor livsv\u00e4gledande upplevelser. Konfirmandarbetet och ledarutbildning av unga ledare \u00e4r viktigt.<\/li>\n<li><strong>Gudstj\u00e4nsten<\/strong> \u00e4r centrum f\u00f6r kyrkans liv. D\u00e4rf\u00f6r vill vi arbeta med att utveckla gudstj\u00e4nstlivet och s\u00f6ka gudstj\u00e4nstformer som passar alla och som m\u00f6jligg\u00f6r \u00f6kad delaktighet.<\/li>\n<li><strong>Ideellt engagemang<\/strong> ska st\u00f6djas och uppmuntras. Vi vill fr\u00e4mja en inkluderande kyrka med dopet som uttryck f\u00f6r tillh\u00f6righet.<\/li>\n<li><strong>Musik och k\u00f6rverksamhet<\/strong> f\u00f6r alla \u00e5ldrar ska finnas och utvecklas.<\/li>\n<\/ul>\n<p>&nbsp;<\/p>\n<h4>Lokaler och kyrkog\u00e5rdar<\/h4>\n<ul>\n<li><strong>Bra lokaler<\/strong> ska finnas i v\u00e5ra f\u00f6rsamlingar. Under den g\u00e5ngna mandatperioden fick vi bygga en kyrka i Storvreta. Nu vill vi utv\u00e4rdera lokalbehoven f\u00f6r framtiden i hela pastoratet. Vi vill ocks\u00e5 verka f\u00f6r <strong>milj\u00f6anpassad uppv\u00e4rmning<\/strong> i v\u00e5ra medeltida kyrkor och v\u00e4rna <strong>biologisk m\u00e5ngfald<\/strong> p\u00e5 v\u00e5ra kyrkog\u00e5rdar.<\/li>\n<\/ul>\n<p>&nbsp;<\/p>\n<h4>Engagemang f\u00f6r samh\u00e4llet<\/h4>\n<ul>\n<li><strong>Diakonin \u2013 kyrkans sociala arbete och samh\u00e4llsengagemang<\/strong> \u2013 ska st\u00f6djas ytterligare och g\u00f6ras tillg\u00e4nglig f\u00f6r m\u00e4nniskor i v\u00e5ra tre f\u00f6rsamlingar.<br \/>\nGemenskap i<strong> den v\u00e4rldsvida kyrkan, <\/strong>och mellan m\u00e4nniskor fr\u00e5n<strong> olika kristna traditioner<\/strong> i v\u00e5rt samh\u00e4lle ska fr\u00e4mjas.<\/li>\n<li>\u00d6kat samarbete mellan f\u00f6rsamlingar,<strong> skolor och f\u00f6reningsliv<\/strong>.<\/li>\n<li>Engagemanget f\u00f6r<strong> global r\u00e4ttvisa och solidaritet<\/strong>, bland annat genom Act Svenska kyrkan, ska fr\u00e4mjas.<\/li>\n<li>Vi vill driva ett aktivt <strong>milj\u00f6- och klimatarbete<\/strong> s\u00e5 att h\u00e5llbarhet f\u00e5r genomsyra allt f\u00f6rsamlingsliv, inklusive de ink\u00f6p och resor som g\u00f6rs. V\u00e5rt pastorat ska \u00e4ven vara delaktigt i skapandet av ett <strong>h\u00e5llbart lokalsamh\u00e4lle<\/strong>.<\/li>\n<\/ul>\n<p>&nbsp;<\/p>\n<h2>Din r\u00f6st i kyrkovalet g\u00f6r m\u00e4rkbar skillnad!<\/h2>\n<p>&nbsp;<\/p>\n<h4>H\u00f6r g\u00e4rna av dig till n\u00e5gon av v\u00e5ra kontaktpersoner.<\/h4>\n<h5>Kontaktperson i Tensta f\u00f6rsamling:<\/h5>\n<figure id=\"attachment_190\" aria-describedby=\"caption-attachment-190\" style=\"width: 200px\" class=\"wp-caption alignright\"><img loading=\"lazy\" decoding=\"async\" class=\"size-medium wp-image-190\" src=\"https:\/\/www.posk.se\/vattholma\/wp-content\/uploads\/sites\/181\/2021\/05\/dsc05100-1-200x300.jpg\" alt=\"\" width=\"200\" height=\"300\" srcset=\"https:\/\/www.posk.se\/vattholma\/wp-content\/uploads\/sites\/181\/2021\/05\/dsc05100-1-200x300.jpg 200w, https:\/\/www.posk.se\/vattholma\/wp-content\/uploads\/sites\/181\/2021\/05\/dsc05100-1-683x1024.jpg 683w, https:\/\/www.posk.se\/vattholma\/wp-content\/uploads\/sites\/181\/2021\/05\/dsc05100-1-768x1152.jpg 768w, https:\/\/www.posk.se\/vattholma\/wp-content\/uploads\/sites\/181\/2021\/05\/dsc05100-1-1024x1536.jpg 1024w, https:\/\/www.posk.se\/vattholma\/wp-content\/uploads\/sites\/181\/2021\/05\/dsc05100-1-1365x2048.jpg 1365w, https:\/\/www.posk.se\/vattholma\/wp-content\/uploads\/sites\/181\/2021\/05\/dsc05100-1-330x495.jpg 330w, https:\/\/www.posk.se\/vattholma\/wp-content\/uploads\/sites\/181\/2021\/05\/dsc05100-1-scaled.jpg 1707w\" sizes=\"auto, (max-width: 200px) 100vw, 200px\" \/><figcaption id=\"caption-attachment-190\" class=\"wp-caption-text\">Foto: Sebastian Euler<\/figcaption><\/figure>\n<p>Markus Cifuentes, 070 \u2013 224 04 97, markus.cifuentes@gmail.com<\/p>\n<h5>Kontaktperson i Lena f\u00f6rsamling:<\/h5>\n<p>\u00c5sa Thorsell Bonnevier, 070 \u2013 942 09 79, aasatb@gmail.com<\/p>\n<h5>Kontaktperson i \u00c4rentuna f\u00f6rsamling:<\/h5>\n<p>Henrik Ros\u00e9n, 070 \u2013 468 63 86, henrikrosen59@gmail.com<\/p>\n<p>&nbsp;<\/p>\n<h3>Vill du veta vad POSK arbetar f\u00f6r p\u00e5 stift- och nationell niv\u00e5?<\/h3>\n<p>POSKs nationella program inf\u00f6r mandatperioden 2026-2029 finns att l\u00e4sa i sin helhet p\u00e5 deras hemsida: <a href=\"https:\/\/www.posk.se\/vi-vill\/program\/\">https:\/\/www.posk.se\/vi-vill\/program\/<\/a><\/p>\n<p>Programmet finns \u00e4ven som <a href=\"https:\/\/www.posk.se\/vattholma\/wp-content\/uploads\/sites\/181\/2021\/05\/kortprogram-text.pdf\">kortprogram<\/a><\/p>\n<p><em>(Nedladdningsbar version i PDF-format)<\/em><\/p>\n<h3>P\u00e5 hj\u00e4rtats spr\u00e5k<\/h3>\n<p>POSK nationellt har inf\u00f6r kyrkovalet 2021 \u00f6versatt den korta versionen av POSKs nationella program till fler spr\u00e5k \u00e4n svenska, framf\u00f6r allt ett antal av v\u00e5ra minoritetsspr\u00e5k: finska, samiska, me\u00e4nkieli och romani, samt till engelska.<\/p>\n<p>Det finns \u00e4ven versioner av v\u00e5rt kortprogram p\u00e5 l\u00e4ttl\u00e4st svenska och tolkat till teckenspr\u00e5k samt med uppl\u00e4sning av kortprogrammet via ljudfiler.<\/p>\n<h3><a href=\"https:\/\/www.posk.se\/vi-vill\/hjartats-sprak\/\">https:\/\/www.posk.se\/vi-vill\/hjartats-sprak\/<\/a><\/h3>\n<p>POSK i Uppsala stift vill s\u00e4rskilt vill verka f\u00f6r:<\/p>\n<ul>\n<li>\u00a0Att kyrkligt engagerade och intresserade m\u00e4nniskor ska leda kyrkan, inte de politiska partierna<\/li>\n<li>M\u00e5ngfald och respekt s\u00e5v\u00e4l inom Svenska kyrkan som i samh\u00e4llet i \u00f6vrigt.<\/li>\n<li>Att volont\u00e4rer och frivilliga ges en st\u00f6rre roll i kyrkan<\/li>\n<li>En fokusering p\u00e5 barn och ungdomar.<\/li>\n<li>Att kyrkan \u00f6kar sina insatser vad g\u00e4ller diakoni<\/li>\n<\/ul>\n<p>Se mer p\u00e5 POSK Uppsala Stifts hemsida. <a href=\"https:\/\/www.posk.se\/uppsalastift\/\">Posk &#8211; Uppsala stift<\/a><\/p>\n","protected":false},"excerpt":{"rendered":"<p>Vision V\u00e5r vision \u00e4r att v\u00e5ra f\u00f6rsamlingar f\u00e5r vara m\u00f6tesplatser f\u00f6r alla som s\u00f6ker en f\u00f6rdjupad gudsrelation och livstolkande samtal. Vi vill att f\u00f6rsamlingarna ska erbjuda n\u00e4rvaro, v\u00e4xt och f\u00f6rdjupning och vara en gemenskap d\u00e4r man ser och tar tillvara p\u00e5 varje m\u00e4nniska som en g\u00e5va i f\u00f6rsamlingens liv. Vi \u00f6nskar att kyrkan p\u00e5 olika [&hellip;]<\/p>\n","protected":false},"author":1417,"featured_media":0,"parent":0,"menu_order":2,"comment_status":"closed","ping_status":"closed","template":"page-templates\/page-sidebar-left.php","meta":{"_acf_changed":false,"footnotes":""},"class_list":["post-62","page","type-page","status-publish","hentry"],"acf":[],"yoast_head":"<!-- This site is optimized with the Yoast SEO plugin v24.9 - https:\/\/yoast.com\/wordpress\/plugins\/seo\/ -->\n<title>Vision och program - Vattholma<\/title>\n<meta name=\"robots\" content=\"index, follow, max-snippet:-1, max-image-preview:large, max-video-preview:-1\" \/>\n<link rel=\"canonical\" href=\"https:\/\/www.posk.se\/vattholma\/vision\/\" \/>\n<meta property=\"og:locale\" content=\"sv_SE\" \/>\n<meta property=\"og:type\" content=\"article\" \/>\n<meta property=\"og:title\" content=\"Vision och program - Vattholma\" \/>\n<meta property=\"og:description\" content=\"Vision V\u00e5r vision \u00e4r att v\u00e5ra f\u00f6rsamlingar f\u00e5r vara m\u00f6tesplatser f\u00f6r alla som s\u00f6ker en f\u00f6rdjupad gudsrelation och livstolkande samtal. Vi vill att f\u00f6rsamlingarna ska erbjuda n\u00e4rvaro, v\u00e4xt och f\u00f6rdjupning och vara en gemenskap d\u00e4r man ser och tar tillvara p\u00e5 varje m\u00e4nniska som en g\u00e5va i f\u00f6rsamlingens liv. Vi \u00f6nskar att kyrkan p\u00e5 olika [&hellip;]\" \/>\n<meta property=\"og:url\" content=\"https:\/\/www.posk.se\/vattholma\/vision\/\" \/>\n<meta property=\"og:site_name\" content=\"Vattholma\" \/>\n<meta property=\"article:modified_time\" content=\"2025-05-21T18:36:09+00:00\" \/>\n<meta property=\"og:image\" content=\"https:\/\/www.posk.se\/vattholma\/wp-content\/uploads\/sites\/181\/2021\/05\/img-20210520-183545-scaled.jpg\" \/>\n\t<meta property=\"og:image:width\" content=\"1920\" \/>\n\t<meta property=\"og:image:height\" content=\"2560\" \/>\n\t<meta property=\"og:image:type\" content=\"image\/jpeg\" \/>\n<meta name=\"twitter:card\" content=\"summary_large_image\" \/>\n<meta name=\"twitter:label1\" content=\"Ber\u00e4knad l\u00e4stid\" \/>\n\t<meta name=\"twitter:data1\" content=\"4 minuter\" \/>\n<script type=\"application\/ld+json\" class=\"yoast-schema-graph\">{\"@context\":\"https:\/\/schema.org\",\"@graph\":[{\"@type\":\"WebPage\",\"@id\":\"https:\/\/www.posk.se\/vattholma\/vision\/\",\"url\":\"https:\/\/www.posk.se\/vattholma\/vision\/\",\"name\":\"Vision och program - Vattholma\",\"isPartOf\":{\"@id\":\"https:\/\/www.posk.se\/vattholma\/#website\"},\"primaryImageOfPage\":{\"@id\":\"https:\/\/www.posk.se\/vattholma\/vision\/#primaryimage\"},\"image\":{\"@id\":\"https:\/\/www.posk.se\/vattholma\/vision\/#primaryimage\"},\"thumbnailUrl\":\"https:\/\/www.posk.se\/vattholma\/wp-content\/uploads\/sites\/181\/2021\/05\/img-20210520-183545-225x300.jpg\",\"datePublished\":\"2021-05-12T19:24:59+00:00\",\"dateModified\":\"2025-05-21T18:36:09+00:00\",\"breadcrumb\":{\"@id\":\"https:\/\/www.posk.se\/vattholma\/vision\/#breadcrumb\"},\"inLanguage\":\"sv-SE\",\"potentialAction\":[{\"@type\":\"ReadAction\",\"target\":[\"https:\/\/www.posk.se\/vattholma\/vision\/\"]}]},{\"@type\":\"ImageObject\",\"inLanguage\":\"sv-SE\",\"@id\":\"https:\/\/www.posk.se\/vattholma\/vision\/#primaryimage\",\"url\":\"https:\/\/www.posk.se\/vattholma\/wp-content\/uploads\/sites\/181\/2021\/05\/img-20210520-183545-scaled.jpg\",\"contentUrl\":\"https:\/\/www.posk.se\/vattholma\/wp-content\/uploads\/sites\/181\/2021\/05\/img-20210520-183545-scaled.jpg\",\"width\":1920,\"height\":2560},{\"@type\":\"BreadcrumbList\",\"@id\":\"https:\/\/www.posk.se\/vattholma\/vision\/#breadcrumb\",\"itemListElement\":[{\"@type\":\"ListItem\",\"position\":1,\"name\":\"Hem\",\"item\":\"https:\/\/www.posk.se\/vattholma\/\"},{\"@type\":\"ListItem\",\"position\":2,\"name\":\"Vision och program\"}]},{\"@type\":\"WebSite\",\"@id\":\"https:\/\/www.posk.se\/vattholma\/#website\",\"url\":\"https:\/\/www.posk.se\/vattholma\/\",\"name\":\"Vattholma\",\"description\":\"POSK-grupp i Uppsala stift\",\"potentialAction\":[{\"@type\":\"SearchAction\",\"target\":{\"@type\":\"EntryPoint\",\"urlTemplate\":\"https:\/\/www.posk.se\/vattholma\/?s={search_term_string}\"},\"query-input\":{\"@type\":\"PropertyValueSpecification\",\"valueRequired\":true,\"valueName\":\"search_term_string\"}}],\"inLanguage\":\"sv-SE\"}]}<\/script>\n<!-- \/ Yoast SEO plugin. -->","yoast_head_json":{"title":"Vision och program - Vattholma","robots":{"index":"index","follow":"follow","max-snippet":"max-snippet:-1","max-image-preview":"max-image-preview:large","max-video-preview":"max-video-preview:-1"},"canonical":"https:\/\/www.posk.se\/vattholma\/vision\/","og_locale":"sv_SE","og_type":"article","og_title":"Vision och program - Vattholma","og_description":"Vision V\u00e5r vision \u00e4r att v\u00e5ra f\u00f6rsamlingar f\u00e5r vara m\u00f6tesplatser f\u00f6r alla som s\u00f6ker en f\u00f6rdjupad gudsrelation och livstolkande samtal. Vi vill att f\u00f6rsamlingarna ska erbjuda n\u00e4rvaro, v\u00e4xt och f\u00f6rdjupning och vara en gemenskap d\u00e4r man ser och tar tillvara p\u00e5 varje m\u00e4nniska som en g\u00e5va i f\u00f6rsamlingens liv. Vi \u00f6nskar att kyrkan p\u00e5 olika [&hellip;]","og_url":"https:\/\/www.posk.se\/vattholma\/vision\/","og_site_name":"Vattholma","article_modified_time":"2025-05-21T18:36:09+00:00","og_image":[{"width":1920,"height":2560,"url":"https:\/\/www.posk.se\/vattholma\/wp-content\/uploads\/sites\/181\/2021\/05\/img-20210520-183545-scaled.jpg","type":"image\/jpeg"}],"twitter_card":"summary_large_image","twitter_misc":{"Ber\u00e4knad l\u00e4stid":"4 minuter"},"schema":{"@context":"https:\/\/schema.org","@graph":[{"@type":"WebPage","@id":"https:\/\/www.posk.se\/vattholma\/vision\/","url":"https:\/\/www.posk.se\/vattholma\/vision\/","name":"Vision och program - Vattholma","isPartOf":{"@id":"https:\/\/www.posk.se\/vattholma\/#website"},"primaryImageOfPage":{"@id":"https:\/\/www.posk.se\/vattholma\/vision\/#primaryimage"},"image":{"@id":"https:\/\/www.posk.se\/vattholma\/vision\/#primaryimage"},"thumbnailUrl":"https:\/\/www.posk.se\/vattholma\/wp-content\/uploads\/sites\/181\/2021\/05\/img-20210520-183545-225x300.jpg","datePublished":"2021-05-12T19:24:59+00:00","dateModified":"2025-05-21T18:36:09+00:00","breadcrumb":{"@id":"https:\/\/www.posk.se\/vattholma\/vision\/#breadcrumb"},"inLanguage":"sv-SE","potentialAction":[{"@type":"ReadAction","target":["https:\/\/www.posk.se\/vattholma\/vision\/"]}]},{"@type":"ImageObject","inLanguage":"sv-SE","@id":"https:\/\/www.posk.se\/vattholma\/vision\/#primaryimage","url":"https:\/\/www.posk.se\/vattholma\/wp-content\/uploads\/sites\/181\/2021\/05\/img-20210520-183545-scaled.jpg","contentUrl":"https:\/\/www.posk.se\/vattholma\/wp-content\/uploads\/sites\/181\/2021\/05\/img-20210520-183545-scaled.jpg","width":1920,"height":2560},{"@type":"BreadcrumbList","@id":"https:\/\/www.posk.se\/vattholma\/vision\/#breadcrumb","itemListElement":[{"@type":"ListItem","position":1,"name":"Hem","item":"https:\/\/www.posk.se\/vattholma\/"},{"@type":"ListItem","position":2,"name":"Vision och program"}]},{"@type":"WebSite","@id":"https:\/\/www.posk.se\/vattholma\/#website","url":"https:\/\/www.posk.se\/vattholma\/","name":"Vattholma","description":"POSK-grupp i Uppsala stift","potentialAction":[{"@type":"SearchAction","target":{"@type":"EntryPoint","urlTemplate":"https:\/\/www.posk.se\/vattholma\/?s={search_term_string}"},"query-input":{"@type":"PropertyValueSpecification","valueRequired":true,"valueName":"search_term_string"}}],"inLanguage":"sv-SE"}]}},"_links":{"self":[{"href":"https:\/\/www.posk.se\/vattholma\/wp-json\/wp\/v2\/pages\/62","targetHints":{"allow":["GET"]}}],"collection":[{"href":"https:\/\/www.posk.se\/vattholma\/wp-json\/wp\/v2\/pages"}],"about":[{"href":"https:\/\/www.posk.se\/vattholma\/wp-json\/wp\/v2\/types\/page"}],"author":[{"embeddable":true,"href":"https:\/\/www.posk.se\/vattholma\/wp-json\/wp\/v2\/users\/1417"}],"replies":[{"embeddable":true,"href":"https:\/\/www.posk.se\/vattholma\/wp-json\/wp\/v2\/comments?post=62"}],"version-history":[{"count":35,"href":"https:\/\/www.posk.se\/vattholma\/wp-json\/wp\/v2\/pages\/62\/revisions"}],"predecessor-version":[{"id":308,"href":"https:\/\/www.posk.se\/vattholma\/wp-json\/wp\/v2\/pages\/62\/revisions\/308"}],"wp:attachment":[{"href":"https:\/\/www.posk.se\/vattholma\/wp-json\/wp\/v2\/media?parent=62"}],"curies":[{"name":"wp","href":"https:\/\/api.w.org\/{rel}","templated":true}]}}