{"id":40,"date":"2021-04-14T21:25:48","date_gmt":"2021-04-14T19:25:48","guid":{"rendered":"https:\/\/www.posk.se\/vattholma\/?page_id=40"},"modified":"2024-02-05T20:37:18","modified_gmt":"2024-02-05T19:37:18","slug":"om-oss-kontakt","status":"publish","type":"page","link":"https:\/\/www.posk.se\/vattholma\/om-oss-kontakt\/","title":{"rendered":"Kontaktuppgifter"},"content":{"rendered":"<h2>Kontaktuppgifter<\/h2>\n<p>Du f\u00e5r enklast kontakt med POSK i Vattholma pastorat genom representanter f\u00f6r styrelsen<\/p>\n<p>Henrik Ros\u00e9n, ordf\u00f6rande<br \/>\n<a href=\"mailto:henrikrosen59@gmail.com\">henrikrosen59@gmail.com<\/a><br \/>\n070-468 63 86<\/p>\n<p>Torsten S\u00f6derstr\u00f6m, administrativ kontaktperson<br \/>\n<a href=\"mailto:torsten.soderstrom@it.uu.se\">torsten.soderstrom@it.uu.se<\/a><br \/>\n070-815 67 18<\/p>\n<p>Markus Cifuentes, webbredakt\u00f6r f\u00f6r POSK i Vattholma pastorat<br \/>\n<a href=\"mailto:markus.cifuentes@gmail.com\">markus.cifuentes@gmail.com<\/a><br \/>\n070-224 04 97<\/p>\n<h3>Styrelsen<\/h3>\n<p>Henrik Ros\u00e9n, ordf\u00f6rande<\/p>\n<p>Markus Cifuentes, ledamot<\/p>\n<p>Torsten S\u00f6derberg, ledamot<\/p>\n<p>\u00c5sa Thorsell Bonnevier, ledamot<\/p>\n<p>Klas Lundstr\u00f6m, ers\u00e4ttare<\/p>\n<p>Ragnhild Wendin, ers\u00e4ttare<\/p>\n<p>Ulf Wallner, ers\u00e4ttare<\/p>\n<p>&nbsp;<\/p>\n","protected":false},"excerpt":{"rendered":"<p>Kontaktuppgifter Du f\u00e5r enklast kontakt med POSK i Vattholma pastorat genom representanter f\u00f6r styrelsen Henrik Ros\u00e9n, ordf\u00f6rande henrikrosen59@gmail.com 070-468 63 86 Torsten S\u00f6derstr\u00f6m, administrativ kontaktperson torsten.soderstrom@it.uu.se 070-815 67 18 Markus Cifuentes, webbredakt\u00f6r f\u00f6r POSK i Vattholma pastorat markus.cifuentes@gmail.com 070-224 04 97 Styrelsen Henrik Ros\u00e9n, ordf\u00f6rande Markus Cifuentes, ledamot Torsten S\u00f6derberg, ledamot \u00c5sa Thorsell Bonnevier, ledamot [&hellip;]<\/p>\n","protected":false},"author":1417,"featured_media":0,"parent":0,"menu_order":4,"comment_status":"closed","ping_status":"closed","template":"page-templates\/page-sidebar-left.php","meta":{"_acf_changed":false,"footnotes":""},"class_list":["post-40","page","type-page","status-publish","hentry"],"acf":[],"yoast_head":"<!-- This site is optimized with the Yoast SEO plugin v24.9 - https:\/\/yoast.com\/wordpress\/plugins\/seo\/ -->\n<title>Kontaktuppgifter - Vattholma<\/title>\n<meta name=\"robots\" content=\"index, follow, max-snippet:-1, max-image-preview:large, max-video-preview:-1\" \/>\n<link rel=\"canonical\" href=\"https:\/\/www.posk.se\/vattholma\/om-oss-kontakt\/\" \/>\n<meta property=\"og:locale\" content=\"sv_SE\" \/>\n<meta property=\"og:type\" content=\"article\" \/>\n<meta property=\"og:title\" content=\"Kontaktuppgifter - Vattholma\" \/>\n<meta property=\"og:description\" content=\"Kontaktuppgifter Du f\u00e5r enklast kontakt med POSK i Vattholma pastorat genom representanter f\u00f6r styrelsen Henrik Ros\u00e9n, ordf\u00f6rande henrikrosen59@gmail.com 070-468 63 86 Torsten S\u00f6derstr\u00f6m, administrativ kontaktperson torsten.soderstrom@it.uu.se 070-815 67 18 Markus Cifuentes, webbredakt\u00f6r f\u00f6r POSK i Vattholma pastorat markus.cifuentes@gmail.com 070-224 04 97 Styrelsen Henrik Ros\u00e9n, ordf\u00f6rande Markus Cifuentes, ledamot Torsten S\u00f6derberg, ledamot \u00c5sa Thorsell Bonnevier, ledamot [&hellip;]\" \/>\n<meta property=\"og:url\" content=\"https:\/\/www.posk.se\/vattholma\/om-oss-kontakt\/\" \/>\n<meta property=\"og:site_name\" content=\"Vattholma\" \/>\n<meta property=\"article:modified_time\" content=\"2024-02-05T19:37:18+00:00\" \/>\n<meta name=\"twitter:card\" content=\"summary_large_image\" \/>\n<meta name=\"twitter:label1\" content=\"Ber\u00e4knad l\u00e4stid\" \/>\n\t<meta name=\"twitter:data1\" content=\"1 minut\" \/>\n<script type=\"application\/ld+json\" class=\"yoast-schema-graph\">{\"@context\":\"https:\/\/schema.org\",\"@graph\":[{\"@type\":\"WebPage\",\"@id\":\"https:\/\/www.posk.se\/vattholma\/om-oss-kontakt\/\",\"url\":\"https:\/\/www.posk.se\/vattholma\/om-oss-kontakt\/\",\"name\":\"Kontaktuppgifter - Vattholma\",\"isPartOf\":{\"@id\":\"https:\/\/www.posk.se\/vattholma\/#website\"},\"datePublished\":\"2021-04-14T19:25:48+00:00\",\"dateModified\":\"2024-02-05T19:37:18+00:00\",\"breadcrumb\":{\"@id\":\"https:\/\/www.posk.se\/vattholma\/om-oss-kontakt\/#breadcrumb\"},\"inLanguage\":\"sv-SE\",\"potentialAction\":[{\"@type\":\"ReadAction\",\"target\":[\"https:\/\/www.posk.se\/vattholma\/om-oss-kontakt\/\"]}]},{\"@type\":\"BreadcrumbList\",\"@id\":\"https:\/\/www.posk.se\/vattholma\/om-oss-kontakt\/#breadcrumb\",\"itemListElement\":[{\"@type\":\"ListItem\",\"position\":1,\"name\":\"Hem\",\"item\":\"https:\/\/www.posk.se\/vattholma\/\"},{\"@type\":\"ListItem\",\"position\":2,\"name\":\"Kontaktuppgifter\"}]},{\"@type\":\"WebSite\",\"@id\":\"https:\/\/www.posk.se\/vattholma\/#website\",\"url\":\"https:\/\/www.posk.se\/vattholma\/\",\"name\":\"Vattholma\",\"description\":\"POSK-grupp i Uppsala stift\",\"potentialAction\":[{\"@type\":\"SearchAction\",\"target\":{\"@type\":\"EntryPoint\",\"urlTemplate\":\"https:\/\/www.posk.se\/vattholma\/?s={search_term_string}\"},\"query-input\":{\"@type\":\"PropertyValueSpecification\",\"valueRequired\":true,\"valueName\":\"search_term_string\"}}],\"inLanguage\":\"sv-SE\"}]}<\/script>\n<!-- \/ Yoast SEO plugin. -->","yoast_head_json":{"title":"Kontaktuppgifter - Vattholma","robots":{"index":"index","follow":"follow","max-snippet":"max-snippet:-1","max-image-preview":"max-image-preview:large","max-video-preview":"max-video-preview:-1"},"canonical":"https:\/\/www.posk.se\/vattholma\/om-oss-kontakt\/","og_locale":"sv_SE","og_type":"article","og_title":"Kontaktuppgifter - Vattholma","og_description":"Kontaktuppgifter Du f\u00e5r enklast kontakt med POSK i Vattholma pastorat genom representanter f\u00f6r styrelsen Henrik Ros\u00e9n, ordf\u00f6rande henrikrosen59@gmail.com 070-468 63 86 Torsten S\u00f6derstr\u00f6m, administrativ kontaktperson torsten.soderstrom@it.uu.se 070-815 67 18 Markus Cifuentes, webbredakt\u00f6r f\u00f6r POSK i Vattholma pastorat markus.cifuentes@gmail.com 070-224 04 97 Styrelsen Henrik Ros\u00e9n, ordf\u00f6rande Markus Cifuentes, ledamot Torsten S\u00f6derberg, ledamot \u00c5sa Thorsell Bonnevier, ledamot [&hellip;]","og_url":"https:\/\/www.posk.se\/vattholma\/om-oss-kontakt\/","og_site_name":"Vattholma","article_modified_time":"2024-02-05T19:37:18+00:00","twitter_card":"summary_large_image","twitter_misc":{"Ber\u00e4knad l\u00e4stid":"1 minut"},"schema":{"@context":"https:\/\/schema.org","@graph":[{"@type":"WebPage","@id":"https:\/\/www.posk.se\/vattholma\/om-oss-kontakt\/","url":"https:\/\/www.posk.se\/vattholma\/om-oss-kontakt\/","name":"Kontaktuppgifter - Vattholma","isPartOf":{"@id":"https:\/\/www.posk.se\/vattholma\/#website"},"datePublished":"2021-04-14T19:25:48+00:00","dateModified":"2024-02-05T19:37:18+00:00","breadcrumb":{"@id":"https:\/\/www.posk.se\/vattholma\/om-oss-kontakt\/#breadcrumb"},"inLanguage":"sv-SE","potentialAction":[{"@type":"ReadAction","target":["https:\/\/www.posk.se\/vattholma\/om-oss-kontakt\/"]}]},{"@type":"BreadcrumbList","@id":"https:\/\/www.posk.se\/vattholma\/om-oss-kontakt\/#breadcrumb","itemListElement":[{"@type":"ListItem","position":1,"name":"Hem","item":"https:\/\/www.posk.se\/vattholma\/"},{"@type":"ListItem","position":2,"name":"Kontaktuppgifter"}]},{"@type":"WebSite","@id":"https:\/\/www.posk.se\/vattholma\/#website","url":"https:\/\/www.posk.se\/vattholma\/","name":"Vattholma","description":"POSK-grupp i Uppsala stift","potentialAction":[{"@type":"SearchAction","target":{"@type":"EntryPoint","urlTemplate":"https:\/\/www.posk.se\/vattholma\/?s={search_term_string}"},"query-input":{"@type":"PropertyValueSpecification","valueRequired":true,"valueName":"search_term_string"}}],"inLanguage":"sv-SE"}]}},"_links":{"self":[{"href":"https:\/\/www.posk.se\/vattholma\/wp-json\/wp\/v2\/pages\/40","targetHints":{"allow":["GET"]}}],"collection":[{"href":"https:\/\/www.posk.se\/vattholma\/wp-json\/wp\/v2\/pages"}],"about":[{"href":"https:\/\/www.posk.se\/vattholma\/wp-json\/wp\/v2\/types\/page"}],"author":[{"embeddable":true,"href":"https:\/\/www.posk.se\/vattholma\/wp-json\/wp\/v2\/users\/1417"}],"replies":[{"embeddable":true,"href":"https:\/\/www.posk.se\/vattholma\/wp-json\/wp\/v2\/comments?post=40"}],"version-history":[{"count":19,"href":"https:\/\/www.posk.se\/vattholma\/wp-json\/wp\/v2\/pages\/40\/revisions"}],"predecessor-version":[{"id":267,"href":"https:\/\/www.posk.se\/vattholma\/wp-json\/wp\/v2\/pages\/40\/revisions\/267"}],"wp:attachment":[{"href":"https:\/\/www.posk.se\/vattholma\/wp-json\/wp\/v2\/media?parent=40"}],"curies":[{"name":"wp","href":"https:\/\/api.w.org\/{rel}","templated":true}]}}