{"id":328,"date":"2025-05-25T19:55:23","date_gmt":"2025-05-25T17:55:23","guid":{"rendered":"https:\/\/www.posk.se\/vattholma\/?page_id=328"},"modified":"2025-05-25T19:55:23","modified_gmt":"2025-05-25T17:55:23","slug":"kandidater-till-kyrkofullmaktige-2025","status":"publish","type":"page","link":"https:\/\/www.posk.se\/vattholma\/kandidater-till-kyrkofullmaktige-2025\/","title":{"rendered":"Kandidater till Kyrkofullm\u00e4ktige 2025"},"content":{"rendered":"<h3>V\u00e5ra kandidater till kyrkofullm\u00e4ktige<\/h3>\n<p>Vi \u00e4r v\u00e4ldigt glada \u00f6ver att hela 28 personer vill st\u00e4lla upp i valet till Kyrkofullm\u00e4ktige i Vattholma pastorat!<\/p>\n<table width=\"689\">\n<tbody>\n<tr>\n<td>1. Klas Lundstr\u00f6m<\/td>\n<td>15. Tor Frylmark<\/td>\n<\/tr>\n<tr>\n<td>2. Ragnhild Wendin<\/td>\n<td>16. Ulla-Karin Zetterstr\u00f6m<\/td>\n<\/tr>\n<tr>\n<td>3. Kerstin H\u00f6gstr\u00f6m<\/td>\n<td>17. Siv Rang Pettersson<\/td>\n<\/tr>\n<tr>\n<td>4. Erika Boije<\/td>\n<td>18. Maria Thunberg<\/td>\n<\/tr>\n<tr>\n<td>5. Bodil Davidsson<\/td>\n<td>19. Hugo \u00c5kerman<\/td>\n<\/tr>\n<tr>\n<td>6. \u00c5sa Thorsell Bonnevier<\/td>\n<td>20. Ingrid Lundstr\u00f6m<\/td>\n<\/tr>\n<tr>\n<td>7. Lovis Pettersson<\/td>\n<td>21. Mona Eriksson<\/td>\n<\/tr>\n<tr>\n<td>8. Henrik Ros\u00e9n<\/td>\n<td>22. Ann-Christin Lindstr\u00f6m Larsson<\/td>\n<\/tr>\n<tr>\n<td>9. Markus Cifuentes<\/td>\n<td>23. Susanne Nilsson<\/td>\n<\/tr>\n<tr>\n<td>10. Torsten S\u00f6derstr\u00f6m<\/td>\n<td>24. Lars Thisner<\/td>\n<\/tr>\n<tr>\n<td>11. Ute Euler<\/td>\n<td>25. Mattias Boije<\/td>\n<\/tr>\n<tr>\n<td>12. Magnus Wijk<\/td>\n<td>26. Ulla Wallner<\/td>\n<\/tr>\n<tr>\n<td>13. Ulf Wallner<\/td>\n<td>27. Karin Holgersson<\/td>\n<\/tr>\n<tr>\n<td>14. Emmeli Andersson<\/td>\n<td>28. Sebastian Euler<\/td>\n<\/tr>\n<\/tbody>\n<\/table>\n<h3>Kandidatpresentationer f\u00f6r kyrkovalet 2025<\/h3>\n<p>F\u00f6lj l\u00e4nken f\u00f6r att ta del av vad n\u00e5gra av v\u00e5ra kandidater som genom sitt engagemang vill verka f\u00f6r i v\u00e5rt pastorat.<\/p>\n<p><a href=\"https:\/\/www.posk.se\/vattholma\/kandidatpresentationer\/\">Kandidatpresentationer<\/a><\/p>\n","protected":false},"excerpt":{"rendered":"<p>V\u00e5ra kandidater till kyrkofullm\u00e4ktige Vi \u00e4r v\u00e4ldigt glada \u00f6ver att hela 28 personer vill st\u00e4lla upp i valet till Kyrkofullm\u00e4ktige i Vattholma pastorat! 1. Klas Lundstr\u00f6m 15. Tor Frylmark 2. Ragnhild Wendin 16. Ulla-Karin Zetterstr\u00f6m 3. Kerstin H\u00f6gstr\u00f6m 17. Siv Rang Pettersson 4. Erika Boije 18. Maria Thunberg 5. Bodil Davidsson 19. Hugo \u00c5kerman 6. [&hellip;]<\/p>\n","protected":false},"author":1417,"featured_media":0,"parent":0,"menu_order":0,"comment_status":"closed","ping_status":"closed","template":"page-templates\/page-sidebar-left.php","meta":{"_acf_changed":false,"footnotes":""},"class_list":["post-328","page","type-page","status-publish","hentry"],"acf":[],"yoast_head":"<!-- This site is optimized with the Yoast SEO plugin v24.9 - https:\/\/yoast.com\/wordpress\/plugins\/seo\/ -->\n<title>Kandidater till Kyrkofullm\u00e4ktige 2025 - Vattholma<\/title>\n<meta name=\"robots\" content=\"index, follow, max-snippet:-1, max-image-preview:large, max-video-preview:-1\" \/>\n<link rel=\"canonical\" href=\"https:\/\/www.posk.se\/vattholma\/kandidater-till-kyrkofullmaktige-2025\/\" \/>\n<meta property=\"og:locale\" content=\"sv_SE\" \/>\n<meta property=\"og:type\" content=\"article\" \/>\n<meta property=\"og:title\" content=\"Kandidater till Kyrkofullm\u00e4ktige 2025 - Vattholma\" \/>\n<meta property=\"og:description\" content=\"V\u00e5ra kandidater till kyrkofullm\u00e4ktige Vi \u00e4r v\u00e4ldigt glada \u00f6ver att hela 28 personer vill st\u00e4lla upp i valet till Kyrkofullm\u00e4ktige i Vattholma pastorat! 1. Klas Lundstr\u00f6m 15. Tor Frylmark 2. Ragnhild Wendin 16. Ulla-Karin Zetterstr\u00f6m 3. Kerstin H\u00f6gstr\u00f6m 17. Siv Rang Pettersson 4. Erika Boije 18. Maria Thunberg 5. Bodil Davidsson 19. Hugo \u00c5kerman 6. [&hellip;]\" \/>\n<meta property=\"og:url\" content=\"https:\/\/www.posk.se\/vattholma\/kandidater-till-kyrkofullmaktige-2025\/\" \/>\n<meta property=\"og:site_name\" content=\"Vattholma\" \/>\n<meta name=\"twitter:card\" content=\"summary_large_image\" \/>\n<meta name=\"twitter:label1\" content=\"Ber\u00e4knad l\u00e4stid\" \/>\n\t<meta name=\"twitter:data1\" content=\"1 minut\" \/>\n<script type=\"application\/ld+json\" class=\"yoast-schema-graph\">{\"@context\":\"https:\/\/schema.org\",\"@graph\":[{\"@type\":\"WebPage\",\"@id\":\"https:\/\/www.posk.se\/vattholma\/kandidater-till-kyrkofullmaktige-2025\/\",\"url\":\"https:\/\/www.posk.se\/vattholma\/kandidater-till-kyrkofullmaktige-2025\/\",\"name\":\"Kandidater till Kyrkofullm\u00e4ktige 2025 - Vattholma\",\"isPartOf\":{\"@id\":\"https:\/\/www.posk.se\/vattholma\/#website\"},\"datePublished\":\"2025-05-25T17:55:23+00:00\",\"breadcrumb\":{\"@id\":\"https:\/\/www.posk.se\/vattholma\/kandidater-till-kyrkofullmaktige-2025\/#breadcrumb\"},\"inLanguage\":\"sv-SE\",\"potentialAction\":[{\"@type\":\"ReadAction\",\"target\":[\"https:\/\/www.posk.se\/vattholma\/kandidater-till-kyrkofullmaktige-2025\/\"]}]},{\"@type\":\"BreadcrumbList\",\"@id\":\"https:\/\/www.posk.se\/vattholma\/kandidater-till-kyrkofullmaktige-2025\/#breadcrumb\",\"itemListElement\":[{\"@type\":\"ListItem\",\"position\":1,\"name\":\"Hem\",\"item\":\"https:\/\/www.posk.se\/vattholma\/\"},{\"@type\":\"ListItem\",\"position\":2,\"name\":\"Kandidater till Kyrkofullm\u00e4ktige 2025\"}]},{\"@type\":\"WebSite\",\"@id\":\"https:\/\/www.posk.se\/vattholma\/#website\",\"url\":\"https:\/\/www.posk.se\/vattholma\/\",\"name\":\"Vattholma\",\"description\":\"POSK-grupp i Uppsala stift\",\"potentialAction\":[{\"@type\":\"SearchAction\",\"target\":{\"@type\":\"EntryPoint\",\"urlTemplate\":\"https:\/\/www.posk.se\/vattholma\/?s={search_term_string}\"},\"query-input\":{\"@type\":\"PropertyValueSpecification\",\"valueRequired\":true,\"valueName\":\"search_term_string\"}}],\"inLanguage\":\"sv-SE\"}]}<\/script>\n<!-- \/ Yoast SEO plugin. -->","yoast_head_json":{"title":"Kandidater till Kyrkofullm\u00e4ktige 2025 - Vattholma","robots":{"index":"index","follow":"follow","max-snippet":"max-snippet:-1","max-image-preview":"max-image-preview:large","max-video-preview":"max-video-preview:-1"},"canonical":"https:\/\/www.posk.se\/vattholma\/kandidater-till-kyrkofullmaktige-2025\/","og_locale":"sv_SE","og_type":"article","og_title":"Kandidater till Kyrkofullm\u00e4ktige 2025 - Vattholma","og_description":"V\u00e5ra kandidater till kyrkofullm\u00e4ktige Vi \u00e4r v\u00e4ldigt glada \u00f6ver att hela 28 personer vill st\u00e4lla upp i valet till Kyrkofullm\u00e4ktige i Vattholma pastorat! 1. Klas Lundstr\u00f6m 15. Tor Frylmark 2. Ragnhild Wendin 16. Ulla-Karin Zetterstr\u00f6m 3. Kerstin H\u00f6gstr\u00f6m 17. Siv Rang Pettersson 4. Erika Boije 18. Maria Thunberg 5. Bodil Davidsson 19. Hugo \u00c5kerman 6. [&hellip;]","og_url":"https:\/\/www.posk.se\/vattholma\/kandidater-till-kyrkofullmaktige-2025\/","og_site_name":"Vattholma","twitter_card":"summary_large_image","twitter_misc":{"Ber\u00e4knad l\u00e4stid":"1 minut"},"schema":{"@context":"https:\/\/schema.org","@graph":[{"@type":"WebPage","@id":"https:\/\/www.posk.se\/vattholma\/kandidater-till-kyrkofullmaktige-2025\/","url":"https:\/\/www.posk.se\/vattholma\/kandidater-till-kyrkofullmaktige-2025\/","name":"Kandidater till Kyrkofullm\u00e4ktige 2025 - Vattholma","isPartOf":{"@id":"https:\/\/www.posk.se\/vattholma\/#website"},"datePublished":"2025-05-25T17:55:23+00:00","breadcrumb":{"@id":"https:\/\/www.posk.se\/vattholma\/kandidater-till-kyrkofullmaktige-2025\/#breadcrumb"},"inLanguage":"sv-SE","potentialAction":[{"@type":"ReadAction","target":["https:\/\/www.posk.se\/vattholma\/kandidater-till-kyrkofullmaktige-2025\/"]}]},{"@type":"BreadcrumbList","@id":"https:\/\/www.posk.se\/vattholma\/kandidater-till-kyrkofullmaktige-2025\/#breadcrumb","itemListElement":[{"@type":"ListItem","position":1,"name":"Hem","item":"https:\/\/www.posk.se\/vattholma\/"},{"@type":"ListItem","position":2,"name":"Kandidater till Kyrkofullm\u00e4ktige 2025"}]},{"@type":"WebSite","@id":"https:\/\/www.posk.se\/vattholma\/#website","url":"https:\/\/www.posk.se\/vattholma\/","name":"Vattholma","description":"POSK-grupp i Uppsala stift","potentialAction":[{"@type":"SearchAction","target":{"@type":"EntryPoint","urlTemplate":"https:\/\/www.posk.se\/vattholma\/?s={search_term_string}"},"query-input":{"@type":"PropertyValueSpecification","valueRequired":true,"valueName":"search_term_string"}}],"inLanguage":"sv-SE"}]}},"_links":{"self":[{"href":"https:\/\/www.posk.se\/vattholma\/wp-json\/wp\/v2\/pages\/328","targetHints":{"allow":["GET"]}}],"collection":[{"href":"https:\/\/www.posk.se\/vattholma\/wp-json\/wp\/v2\/pages"}],"about":[{"href":"https:\/\/www.posk.se\/vattholma\/wp-json\/wp\/v2\/types\/page"}],"author":[{"embeddable":true,"href":"https:\/\/www.posk.se\/vattholma\/wp-json\/wp\/v2\/users\/1417"}],"replies":[{"embeddable":true,"href":"https:\/\/www.posk.se\/vattholma\/wp-json\/wp\/v2\/comments?post=328"}],"version-history":[{"count":2,"href":"https:\/\/www.posk.se\/vattholma\/wp-json\/wp\/v2\/pages\/328\/revisions"}],"predecessor-version":[{"id":330,"href":"https:\/\/www.posk.se\/vattholma\/wp-json\/wp\/v2\/pages\/328\/revisions\/330"}],"wp:attachment":[{"href":"https:\/\/www.posk.se\/vattholma\/wp-json\/wp\/v2\/media?parent=328"}],"curies":[{"name":"wp","href":"https:\/\/api.w.org\/{rel}","templated":true}]}}