{"id":174,"date":"2021-09-02T14:56:49","date_gmt":"2021-09-02T12:56:49","guid":{"rendered":"https:\/\/www.posk.se\/vattholma\/?page_id=174"},"modified":"2025-10-15T10:29:49","modified_gmt":"2025-10-15T08:29:49","slug":"om-posk","status":"publish","type":"page","link":"https:\/\/www.posk.se\/vattholma\/om-posk\/","title":{"rendered":"Om POSK"},"content":{"rendered":"<h2>POSK i Vattholma pastorat<\/h2>\n<p>V\u00e5r nomineringsgrupp st\u00e4llde upp i kyrkovalet f\u00f6rsta g\u00e5ngen 2001 n\u00e4r det nya valsystemet inf\u00f6rdes.<\/p>\n<p>Vi har under mandatperioden 2026-2030\u00a0 20 mandat i Kyrkofullm\u00e4ktige. Vi kommer ha ledam\u00f6ter i Kyrkor\u00e5det samt att flera av v\u00e5ra medlemmar \u00e4r ledam\u00f6ter och ordf\u00f6rande i de tre f\u00f6rsamlingsr\u00e5den. V\u00e5ra medlemmars lokala engagemang finns p\u00e5 alla niv\u00e5er.<\/p>\n<p>POSK i Vattholma pastorat har egen majoritet i kyrkofullm\u00e4ktige i och med att vi har 20 av 25 mandat.<\/p>\n<h4>Resultat f\u00f6r POSK i Vattholma pastorat i tidigare kyrkoval<\/h4>\n<table style=\"border-collapse: collapse;width: 100%\" border=\"1\">\n<tbody>\n<tr style=\"height: 24px\">\n<td style=\"width: 6.81363%;height: 24px\"><strong>\u00c5r<\/strong><\/td>\n<td style=\"width: 37.7422%;height: 24px;text-align: center\"><strong>Procent (%)<\/strong><\/td>\n<td style=\"width: 55.3774%;height: 24px\"><strong>Mandat i kyrkofullm\u00e4ktige<\/strong><\/td>\n<\/tr>\n<tr style=\"height: 24px\">\n<td style=\"width: 6.81363%;height: 24px\">2025<\/td>\n<td style=\"width: 37.7422%;text-align: center;height: 24px\">81,42<\/td>\n<td style=\"width: 55.3774%;height: 24px\">20<\/td>\n<\/tr>\n<tr style=\"height: 24px\">\n<td style=\"width: 6.81363%;height: 24px\">2021<\/td>\n<td style=\"width: 37.7422%;text-align: center;height: 24px\">51,30<\/td>\n<td style=\"width: 55.3774%;height: 24px\">13<\/td>\n<\/tr>\n<tr style=\"height: 24px\">\n<td style=\"width: 6.81363%;height: 24px\">2017<\/td>\n<td style=\"width: 37.7422%;height: 24px;text-align: center\">48,84<\/td>\n<td style=\"width: 55.3774%;height: 24px\">12<\/td>\n<\/tr>\n<tr style=\"height: 24px\">\n<td style=\"width: 6.81363%;height: 24px\">2013<\/td>\n<td style=\"width: 37.7422%;height: 24px;text-align: center\">47,70<\/td>\n<td style=\"width: 55.3774%;height: 24px\">12<\/td>\n<\/tr>\n<tr style=\"height: 24px\">\n<td style=\"width: 6.81363%;height: 24px\">2009<\/td>\n<td style=\"width: 37.7422%;height: 24px;text-align: center\">32,45<\/td>\n<td style=\"width: 55.3774%;height: 24px\">9<\/td>\n<\/tr>\n<tr style=\"height: 24px\">\n<td style=\"width: 6.81363%;height: 24px\">2005<\/td>\n<td style=\"width: 37.7422%;height: 24px;text-align: center\">12,9<\/td>\n<td style=\"width: 55.3774%;height: 24px\">3<\/td>\n<\/tr>\n<tr style=\"height: 24px\">\n<td style=\"width: 6.81363%;height: 24px\">2001<\/td>\n<td style=\"width: 37.7422%;height: 24px;text-align: center\">32,56<\/td>\n<td style=\"width: 55.3774%;height: 24px\">9<\/td>\n<\/tr>\n<\/tbody>\n<\/table>\n<p>K\u00e4lla:<a href=\"https:\/\/kyrkoval.svenskakyrkan.se\/valresultat2021\/slutg\/Visning\/Resultat\/Kyrkomote.aspx\">Kyrkoval<\/a><\/p>\n","protected":false},"excerpt":{"rendered":"<p>POSK i Vattholma pastorat V\u00e5r nomineringsgrupp st\u00e4llde upp i kyrkovalet f\u00f6rsta g\u00e5ngen 2001 n\u00e4r det nya valsystemet inf\u00f6rdes. Vi har under mandatperioden 2026-2030\u00a0 20 mandat i Kyrkofullm\u00e4ktige. Vi kommer ha ledam\u00f6ter i Kyrkor\u00e5det samt att flera av v\u00e5ra medlemmar \u00e4r ledam\u00f6ter och ordf\u00f6rande i de tre f\u00f6rsamlingsr\u00e5den. V\u00e5ra medlemmars lokala engagemang finns p\u00e5 alla niv\u00e5er. [&hellip;]<\/p>\n","protected":false},"author":1417,"featured_media":0,"parent":0,"menu_order":5,"comment_status":"closed","ping_status":"closed","template":"page-templates\/page-sidebar-left.php","meta":{"_acf_changed":false,"footnotes":""},"class_list":["post-174","page","type-page","status-publish","hentry"],"acf":[],"yoast_head":"<!-- This site is optimized with the Yoast SEO plugin v24.9 - https:\/\/yoast.com\/wordpress\/plugins\/seo\/ -->\n<title>Om POSK - Vattholma<\/title>\n<meta name=\"robots\" content=\"index, follow, max-snippet:-1, max-image-preview:large, max-video-preview:-1\" \/>\n<link rel=\"canonical\" href=\"https:\/\/www.posk.se\/vattholma\/om-posk\/\" \/>\n<meta property=\"og:locale\" content=\"sv_SE\" \/>\n<meta property=\"og:type\" content=\"article\" \/>\n<meta property=\"og:title\" content=\"Om POSK - Vattholma\" \/>\n<meta property=\"og:description\" content=\"POSK i Vattholma pastorat V\u00e5r nomineringsgrupp st\u00e4llde upp i kyrkovalet f\u00f6rsta g\u00e5ngen 2001 n\u00e4r det nya valsystemet inf\u00f6rdes. Vi har under mandatperioden 2026-2030\u00a0 20 mandat i Kyrkofullm\u00e4ktige. Vi kommer ha ledam\u00f6ter i Kyrkor\u00e5det samt att flera av v\u00e5ra medlemmar \u00e4r ledam\u00f6ter och ordf\u00f6rande i de tre f\u00f6rsamlingsr\u00e5den. V\u00e5ra medlemmars lokala engagemang finns p\u00e5 alla niv\u00e5er. [&hellip;]\" \/>\n<meta property=\"og:url\" content=\"https:\/\/www.posk.se\/vattholma\/om-posk\/\" \/>\n<meta property=\"og:site_name\" content=\"Vattholma\" \/>\n<meta property=\"article:modified_time\" content=\"2025-10-15T08:29:49+00:00\" \/>\n<meta name=\"twitter:card\" content=\"summary_large_image\" \/>\n<meta name=\"twitter:label1\" content=\"Ber\u00e4knad l\u00e4stid\" \/>\n\t<meta name=\"twitter:data1\" content=\"1 minut\" \/>\n<script type=\"application\/ld+json\" class=\"yoast-schema-graph\">{\"@context\":\"https:\/\/schema.org\",\"@graph\":[{\"@type\":\"WebPage\",\"@id\":\"https:\/\/www.posk.se\/vattholma\/om-posk\/\",\"url\":\"https:\/\/www.posk.se\/vattholma\/om-posk\/\",\"name\":\"Om POSK - Vattholma\",\"isPartOf\":{\"@id\":\"https:\/\/www.posk.se\/vattholma\/#website\"},\"datePublished\":\"2021-09-02T12:56:49+00:00\",\"dateModified\":\"2025-10-15T08:29:49+00:00\",\"breadcrumb\":{\"@id\":\"https:\/\/www.posk.se\/vattholma\/om-posk\/#breadcrumb\"},\"inLanguage\":\"sv-SE\",\"potentialAction\":[{\"@type\":\"ReadAction\",\"target\":[\"https:\/\/www.posk.se\/vattholma\/om-posk\/\"]}]},{\"@type\":\"BreadcrumbList\",\"@id\":\"https:\/\/www.posk.se\/vattholma\/om-posk\/#breadcrumb\",\"itemListElement\":[{\"@type\":\"ListItem\",\"position\":1,\"name\":\"Hem\",\"item\":\"https:\/\/www.posk.se\/vattholma\/\"},{\"@type\":\"ListItem\",\"position\":2,\"name\":\"Om POSK\"}]},{\"@type\":\"WebSite\",\"@id\":\"https:\/\/www.posk.se\/vattholma\/#website\",\"url\":\"https:\/\/www.posk.se\/vattholma\/\",\"name\":\"Vattholma\",\"description\":\"POSK-grupp i Uppsala stift\",\"potentialAction\":[{\"@type\":\"SearchAction\",\"target\":{\"@type\":\"EntryPoint\",\"urlTemplate\":\"https:\/\/www.posk.se\/vattholma\/?s={search_term_string}\"},\"query-input\":{\"@type\":\"PropertyValueSpecification\",\"valueRequired\":true,\"valueName\":\"search_term_string\"}}],\"inLanguage\":\"sv-SE\"}]}<\/script>\n<!-- \/ Yoast SEO plugin. -->","yoast_head_json":{"title":"Om POSK - Vattholma","robots":{"index":"index","follow":"follow","max-snippet":"max-snippet:-1","max-image-preview":"max-image-preview:large","max-video-preview":"max-video-preview:-1"},"canonical":"https:\/\/www.posk.se\/vattholma\/om-posk\/","og_locale":"sv_SE","og_type":"article","og_title":"Om POSK - Vattholma","og_description":"POSK i Vattholma pastorat V\u00e5r nomineringsgrupp st\u00e4llde upp i kyrkovalet f\u00f6rsta g\u00e5ngen 2001 n\u00e4r det nya valsystemet inf\u00f6rdes. Vi har under mandatperioden 2026-2030\u00a0 20 mandat i Kyrkofullm\u00e4ktige. Vi kommer ha ledam\u00f6ter i Kyrkor\u00e5det samt att flera av v\u00e5ra medlemmar \u00e4r ledam\u00f6ter och ordf\u00f6rande i de tre f\u00f6rsamlingsr\u00e5den. V\u00e5ra medlemmars lokala engagemang finns p\u00e5 alla niv\u00e5er. [&hellip;]","og_url":"https:\/\/www.posk.se\/vattholma\/om-posk\/","og_site_name":"Vattholma","article_modified_time":"2025-10-15T08:29:49+00:00","twitter_card":"summary_large_image","twitter_misc":{"Ber\u00e4knad l\u00e4stid":"1 minut"},"schema":{"@context":"https:\/\/schema.org","@graph":[{"@type":"WebPage","@id":"https:\/\/www.posk.se\/vattholma\/om-posk\/","url":"https:\/\/www.posk.se\/vattholma\/om-posk\/","name":"Om POSK - Vattholma","isPartOf":{"@id":"https:\/\/www.posk.se\/vattholma\/#website"},"datePublished":"2021-09-02T12:56:49+00:00","dateModified":"2025-10-15T08:29:49+00:00","breadcrumb":{"@id":"https:\/\/www.posk.se\/vattholma\/om-posk\/#breadcrumb"},"inLanguage":"sv-SE","potentialAction":[{"@type":"ReadAction","target":["https:\/\/www.posk.se\/vattholma\/om-posk\/"]}]},{"@type":"BreadcrumbList","@id":"https:\/\/www.posk.se\/vattholma\/om-posk\/#breadcrumb","itemListElement":[{"@type":"ListItem","position":1,"name":"Hem","item":"https:\/\/www.posk.se\/vattholma\/"},{"@type":"ListItem","position":2,"name":"Om POSK"}]},{"@type":"WebSite","@id":"https:\/\/www.posk.se\/vattholma\/#website","url":"https:\/\/www.posk.se\/vattholma\/","name":"Vattholma","description":"POSK-grupp i Uppsala stift","potentialAction":[{"@type":"SearchAction","target":{"@type":"EntryPoint","urlTemplate":"https:\/\/www.posk.se\/vattholma\/?s={search_term_string}"},"query-input":{"@type":"PropertyValueSpecification","valueRequired":true,"valueName":"search_term_string"}}],"inLanguage":"sv-SE"}]}},"_links":{"self":[{"href":"https:\/\/www.posk.se\/vattholma\/wp-json\/wp\/v2\/pages\/174","targetHints":{"allow":["GET"]}}],"collection":[{"href":"https:\/\/www.posk.se\/vattholma\/wp-json\/wp\/v2\/pages"}],"about":[{"href":"https:\/\/www.posk.se\/vattholma\/wp-json\/wp\/v2\/types\/page"}],"author":[{"embeddable":true,"href":"https:\/\/www.posk.se\/vattholma\/wp-json\/wp\/v2\/users\/1417"}],"replies":[{"embeddable":true,"href":"https:\/\/www.posk.se\/vattholma\/wp-json\/wp\/v2\/comments?post=174"}],"version-history":[{"count":16,"href":"https:\/\/www.posk.se\/vattholma\/wp-json\/wp\/v2\/pages\/174\/revisions"}],"predecessor-version":[{"id":373,"href":"https:\/\/www.posk.se\/vattholma\/wp-json\/wp\/v2\/pages\/174\/revisions\/373"}],"wp:attachment":[{"href":"https:\/\/www.posk.se\/vattholma\/wp-json\/wp\/v2\/media?parent=174"}],"curies":[{"name":"wp","href":"https:\/\/api.w.org\/{rel}","templated":true}]}}