{"id":283,"date":"2025-08-19T20:56:26","date_gmt":"2025-08-19T18:56:26","guid":{"rendered":"https:\/\/www.posk.se\/vasterasstift\/?page_id=283"},"modified":"2025-08-20T20:36:42","modified_gmt":"2025-08-20T18:36:42","slug":"valsedlar-2025","status":"publish","type":"page","link":"https:\/\/www.posk.se\/vasterasstift\/valsedlar-2025\/","title":{"rendered":"Valsedlar 2025"},"content":{"rendered":"<p><img loading=\"lazy\" decoding=\"async\" class=\"alignnone size-full wp-image-284\" src=\"https:\/\/www.posk.se\/vasterasstift\/wp-content\/uploads\/sites\/182\/2025\/08\/valsedel-trossamfundet-svenska-kyrkan-vasteras-stifts-valkrets.png\" alt=\"Kyrkom\u00f6tet - V\u00e4ster\u00e5s stifts valkrets - 2025\" width=\"602\" height=\"862\" srcset=\"https:\/\/www.posk.se\/vasterasstift\/wp-content\/uploads\/sites\/182\/2025\/08\/valsedel-trossamfundet-svenska-kyrkan-vasteras-stifts-valkrets.png 602w, https:\/\/www.posk.se\/vasterasstift\/wp-content\/uploads\/sites\/182\/2025\/08\/valsedel-trossamfundet-svenska-kyrkan-vasteras-stifts-valkrets-210x300.png 210w, https:\/\/www.posk.se\/vasterasstift\/wp-content\/uploads\/sites\/182\/2025\/08\/valsedel-trossamfundet-svenska-kyrkan-vasteras-stifts-valkrets-330x473.png 330w\" sizes=\"auto, (max-width: 602px) 100vw, 602px\" \/><\/p>\n<p><img loading=\"lazy\" decoding=\"async\" class=\"alignnone size-full wp-image-311\" src=\"https:\/\/www.posk.se\/vasterasstift\/wp-content\/uploads\/sites\/182\/2025\/08\/sfm-domprosteriets-valkrets.png\" alt=\"Stiftsfullm\u00e4ktige Domprosteriets valkrets\" width=\"620\" height=\"867\" srcset=\"https:\/\/www.posk.se\/vasterasstift\/wp-content\/uploads\/sites\/182\/2025\/08\/sfm-domprosteriets-valkrets.png 620w, https:\/\/www.posk.se\/vasterasstift\/wp-content\/uploads\/sites\/182\/2025\/08\/sfm-domprosteriets-valkrets-215x300.png 215w, https:\/\/www.posk.se\/vasterasstift\/wp-content\/uploads\/sites\/182\/2025\/08\/sfm-domprosteriets-valkrets-330x461.png 330w\" sizes=\"auto, (max-width: 620px) 100vw, 620px\" \/><\/p>\n<p><img loading=\"lazy\" decoding=\"async\" class=\"size-full wp-image-288 alignnone\" src=\"https:\/\/www.posk.se\/vasterasstift\/wp-content\/uploads\/sites\/182\/2025\/08\/valsedel-vasteras-stift-norra-dalarnas-valkrets.png\" alt=\"Stiftsfullm\u00e4ktige Norra Dalarnas valkrets\" width=\"614\" height=\"866\" srcset=\"https:\/\/www.posk.se\/vasterasstift\/wp-content\/uploads\/sites\/182\/2025\/08\/valsedel-vasteras-stift-norra-dalarnas-valkrets.png 614w, https:\/\/www.posk.se\/vasterasstift\/wp-content\/uploads\/sites\/182\/2025\/08\/valsedel-vasteras-stift-norra-dalarnas-valkrets-213x300.png 213w, https:\/\/www.posk.se\/vasterasstift\/wp-content\/uploads\/sites\/182\/2025\/08\/valsedel-vasteras-stift-norra-dalarnas-valkrets-330x465.png 330w\" sizes=\"auto, (max-width: 614px) 100vw, 614px\" \/><\/p>\n<p><img loading=\"lazy\" decoding=\"async\" class=\"alignnone size-full wp-image-287\" src=\"https:\/\/www.posk.se\/vasterasstift\/wp-content\/uploads\/sites\/182\/2025\/08\/valsedel-vasteras-stift-falu-nedansiljans-valkrets.png\" alt=\"Stiftsfullm\u00e4ktige Falu Nedersiljans valkrets\" width=\"611\" height=\"866\" srcset=\"https:\/\/www.posk.se\/vasterasstift\/wp-content\/uploads\/sites\/182\/2025\/08\/valsedel-vasteras-stift-falu-nedansiljans-valkrets.png 611w, https:\/\/www.posk.se\/vasterasstift\/wp-content\/uploads\/sites\/182\/2025\/08\/valsedel-vasteras-stift-falu-nedansiljans-valkrets-212x300.png 212w, https:\/\/www.posk.se\/vasterasstift\/wp-content\/uploads\/sites\/182\/2025\/08\/valsedel-vasteras-stift-falu-nedansiljans-valkrets-330x468.png 330w\" sizes=\"auto, (max-width: 611px) 100vw, 611px\" \/><\/p>\n<p><img loading=\"lazy\" decoding=\"async\" class=\"alignnone size-full wp-image-291\" src=\"https:\/\/www.posk.se\/vasterasstift\/wp-content\/uploads\/sites\/182\/2025\/08\/valsedel-vasteras-stift-tuna-valkrets.png\" alt=\"Stiftsfullm\u00e4ktige Tuna valkrets\" width=\"607\" height=\"866\" srcset=\"https:\/\/www.posk.se\/vasterasstift\/wp-content\/uploads\/sites\/182\/2025\/08\/valsedel-vasteras-stift-tuna-valkrets.png 607w, https:\/\/www.posk.se\/vasterasstift\/wp-content\/uploads\/sites\/182\/2025\/08\/valsedel-vasteras-stift-tuna-valkrets-210x300.png 210w, https:\/\/www.posk.se\/vasterasstift\/wp-content\/uploads\/sites\/182\/2025\/08\/valsedel-vasteras-stift-tuna-valkrets-330x471.png 330w\" sizes=\"auto, (max-width: 607px) 100vw, 607px\" \/><\/p>\n<p><img loading=\"lazy\" decoding=\"async\" class=\"alignnone size-full wp-image-312\" src=\"https:\/\/www.posk.se\/vasterasstift\/wp-content\/uploads\/sites\/182\/2025\/08\/sfm-bergslagens-valkrets.png\" alt=\"Stiftsfullm\u00e4ktige Bergslagens valkrets\" width=\"605\" height=\"870\" srcset=\"https:\/\/www.posk.se\/vasterasstift\/wp-content\/uploads\/sites\/182\/2025\/08\/sfm-bergslagens-valkrets.png 605w, https:\/\/www.posk.se\/vasterasstift\/wp-content\/uploads\/sites\/182\/2025\/08\/sfm-bergslagens-valkrets-209x300.png 209w, https:\/\/www.posk.se\/vasterasstift\/wp-content\/uploads\/sites\/182\/2025\/08\/sfm-bergslagens-valkrets-330x475.png 330w\" sizes=\"auto, (max-width: 605px) 100vw, 605px\" \/><\/p>\n<p><img loading=\"lazy\" decoding=\"async\" class=\"size-full wp-image-292 alignnone\" src=\"https:\/\/www.posk.se\/vasterasstift\/wp-content\/uploads\/sites\/182\/2025\/08\/valsedel-vasteras-stift-vasterbergslagens-valkrets.png\" alt=\"Stiftsfullm\u00e4ktige - V\u00e4sterbergslagens valkrets\" width=\"616\" height=\"869\" srcset=\"https:\/\/www.posk.se\/vasterasstift\/wp-content\/uploads\/sites\/182\/2025\/08\/valsedel-vasteras-stift-vasterbergslagens-valkrets.png 616w, https:\/\/www.posk.se\/vasterasstift\/wp-content\/uploads\/sites\/182\/2025\/08\/valsedel-vasteras-stift-vasterbergslagens-valkrets-213x300.png 213w, https:\/\/www.posk.se\/vasterasstift\/wp-content\/uploads\/sites\/182\/2025\/08\/valsedel-vasteras-stift-vasterbergslagens-valkrets-330x466.png 330w\" sizes=\"auto, (max-width: 616px) 100vw, 616px\" \/><\/p>\n<p><img loading=\"lazy\" decoding=\"async\" class=\"alignnone size-full wp-image-289\" src=\"https:\/\/www.posk.se\/vasterasstift\/wp-content\/uploads\/sites\/182\/2025\/08\/valsedel-vasteras-stift-norra-vastmanlands-valkrets.png\" alt=\"Stiftsfullm\u00e4ktige Norra V\u00e4stmanlands valkrets\" width=\"614\" height=\"870\" srcset=\"https:\/\/www.posk.se\/vasterasstift\/wp-content\/uploads\/sites\/182\/2025\/08\/valsedel-vasteras-stift-norra-vastmanlands-valkrets.png 614w, https:\/\/www.posk.se\/vasterasstift\/wp-content\/uploads\/sites\/182\/2025\/08\/valsedel-vasteras-stift-norra-vastmanlands-valkrets-212x300.png 212w, https:\/\/www.posk.se\/vasterasstift\/wp-content\/uploads\/sites\/182\/2025\/08\/valsedel-vasteras-stift-norra-vastmanlands-valkrets-330x468.png 330w\" sizes=\"auto, (max-width: 614px) 100vw, 614px\" \/><\/p>\n<p><img loading=\"lazy\" decoding=\"async\" class=\"size-full wp-image-290 alignnone\" src=\"https:\/\/www.posk.se\/vasterasstift\/wp-content\/uploads\/sites\/182\/2025\/08\/valsedel-vasteras-stift-sodra-vastmanlands-valkrets.png\" alt=\"Stiftsfullm\u00e4ktige S\u00f6dra V\u00e4stmanlands valkrets\" width=\"607\" height=\"871\" srcset=\"https:\/\/www.posk.se\/vasterasstift\/wp-content\/uploads\/sites\/182\/2025\/08\/valsedel-vasteras-stift-sodra-vastmanlands-valkrets.png 607w, https:\/\/www.posk.se\/vasterasstift\/wp-content\/uploads\/sites\/182\/2025\/08\/valsedel-vasteras-stift-sodra-vastmanlands-valkrets-209x300.png 209w, https:\/\/www.posk.se\/vasterasstift\/wp-content\/uploads\/sites\/182\/2025\/08\/valsedel-vasteras-stift-sodra-vastmanlands-valkrets-330x474.png 330w\" sizes=\"auto, (max-width: 607px) 100vw, 607px\" \/><\/p>\n","protected":false},"excerpt":{"rendered":"","protected":false},"author":100,"featured_media":0,"parent":0,"menu_order":0,"comment_status":"closed","ping_status":"closed","template":"page-templates\/page-sidebar-left.php","meta":{"_acf_changed":false,"footnotes":""},"class_list":["post-283","page","type-page","status-publish","hentry"],"acf":[],"yoast_head":"<!-- This site is optimized with the Yoast SEO plugin v24.9 - https:\/\/yoast.com\/wordpress\/plugins\/seo\/ -->\n<title>Valsedlar 2025 - STIFTSF\u00d6RENING V\u00e4ster\u00e5s<\/title>\n<meta name=\"robots\" content=\"index, follow, max-snippet:-1, max-image-preview:large, max-video-preview:-1\" \/>\n<link rel=\"canonical\" href=\"https:\/\/www.posk.se\/vasterasstift\/valsedlar-2025\/\" \/>\n<meta property=\"og:locale\" content=\"sv_SE\" \/>\n<meta property=\"og:type\" content=\"article\" \/>\n<meta property=\"og:title\" content=\"Valsedlar 2025 - STIFTSF\u00d6RENING V\u00e4ster\u00e5s\" \/>\n<meta property=\"og:url\" content=\"https:\/\/www.posk.se\/vasterasstift\/valsedlar-2025\/\" \/>\n<meta property=\"og:site_name\" content=\"STIFTSF\u00d6RENING V\u00e4ster\u00e5s\" \/>\n<meta property=\"article:modified_time\" content=\"2025-08-20T18:36:42+00:00\" \/>\n<meta property=\"og:image\" content=\"https:\/\/www.posk.se\/vasterasstift\/wp-content\/uploads\/sites\/182\/2025\/08\/valsedel-trossamfundet-svenska-kyrkan-vasteras-stifts-valkrets.png\" \/>\n\t<meta property=\"og:image:width\" content=\"602\" \/>\n\t<meta property=\"og:image:height\" content=\"862\" \/>\n\t<meta property=\"og:image:type\" content=\"image\/png\" \/>\n<meta name=\"twitter:card\" content=\"summary_large_image\" \/>\n<meta name=\"twitter:label1\" content=\"Ber\u00e4knad l\u00e4stid\" \/>\n\t<meta name=\"twitter:data1\" content=\"2 minuter\" \/>\n<script type=\"application\/ld+json\" class=\"yoast-schema-graph\">{\"@context\":\"https:\/\/schema.org\",\"@graph\":[{\"@type\":\"WebPage\",\"@id\":\"https:\/\/www.posk.se\/vasterasstift\/valsedlar-2025\/\",\"url\":\"https:\/\/www.posk.se\/vasterasstift\/valsedlar-2025\/\",\"name\":\"Valsedlar 2025 - STIFTSF\u00d6RENING V\u00e4ster\u00e5s\",\"isPartOf\":{\"@id\":\"https:\/\/www.posk.se\/vasterasstift\/#website\"},\"primaryImageOfPage\":{\"@id\":\"https:\/\/www.posk.se\/vasterasstift\/valsedlar-2025\/#primaryimage\"},\"image\":{\"@id\":\"https:\/\/www.posk.se\/vasterasstift\/valsedlar-2025\/#primaryimage\"},\"thumbnailUrl\":\"https:\/\/www.posk.se\/vasterasstift\/wp-content\/uploads\/sites\/182\/2025\/08\/valsedel-trossamfundet-svenska-kyrkan-vasteras-stifts-valkrets.png\",\"datePublished\":\"2025-08-19T18:56:26+00:00\",\"dateModified\":\"2025-08-20T18:36:42+00:00\",\"breadcrumb\":{\"@id\":\"https:\/\/www.posk.se\/vasterasstift\/valsedlar-2025\/#breadcrumb\"},\"inLanguage\":\"sv-SE\",\"potentialAction\":[{\"@type\":\"ReadAction\",\"target\":[\"https:\/\/www.posk.se\/vasterasstift\/valsedlar-2025\/\"]}]},{\"@type\":\"ImageObject\",\"inLanguage\":\"sv-SE\",\"@id\":\"https:\/\/www.posk.se\/vasterasstift\/valsedlar-2025\/#primaryimage\",\"url\":\"https:\/\/www.posk.se\/vasterasstift\/wp-content\/uploads\/sites\/182\/2025\/08\/valsedel-trossamfundet-svenska-kyrkan-vasteras-stifts-valkrets.png\",\"contentUrl\":\"https:\/\/www.posk.se\/vasterasstift\/wp-content\/uploads\/sites\/182\/2025\/08\/valsedel-trossamfundet-svenska-kyrkan-vasteras-stifts-valkrets.png\",\"width\":602,\"height\":862,\"caption\":\"Kyrkom\u00f6tet - V\u00e4ster\u00e5s stifts valkrets - 2025\"},{\"@type\":\"BreadcrumbList\",\"@id\":\"https:\/\/www.posk.se\/vasterasstift\/valsedlar-2025\/#breadcrumb\",\"itemListElement\":[{\"@type\":\"ListItem\",\"position\":1,\"name\":\"Hem\",\"item\":\"https:\/\/www.posk.se\/vasterasstift\/\"},{\"@type\":\"ListItem\",\"position\":2,\"name\":\"Valsedlar 2025\"}]},{\"@type\":\"WebSite\",\"@id\":\"https:\/\/www.posk.se\/vasterasstift\/#website\",\"url\":\"https:\/\/www.posk.se\/vasterasstift\/\",\"name\":\"STIFTSF\u00d6RENING V\u00e4ster\u00e5s\",\"description\":\"Stiftsf\u00f6reningen f\u00f6r POSK i V\u00e4ster\u00e5s stift\",\"potentialAction\":[{\"@type\":\"SearchAction\",\"target\":{\"@type\":\"EntryPoint\",\"urlTemplate\":\"https:\/\/www.posk.se\/vasterasstift\/?s={search_term_string}\"},\"query-input\":{\"@type\":\"PropertyValueSpecification\",\"valueRequired\":true,\"valueName\":\"search_term_string\"}}],\"inLanguage\":\"sv-SE\"}]}<\/script>\n<!-- \/ Yoast SEO plugin. -->","yoast_head_json":{"title":"Valsedlar 2025 - STIFTSF\u00d6RENING V\u00e4ster\u00e5s","robots":{"index":"index","follow":"follow","max-snippet":"max-snippet:-1","max-image-preview":"max-image-preview:large","max-video-preview":"max-video-preview:-1"},"canonical":"https:\/\/www.posk.se\/vasterasstift\/valsedlar-2025\/","og_locale":"sv_SE","og_type":"article","og_title":"Valsedlar 2025 - STIFTSF\u00d6RENING V\u00e4ster\u00e5s","og_url":"https:\/\/www.posk.se\/vasterasstift\/valsedlar-2025\/","og_site_name":"STIFTSF\u00d6RENING V\u00e4ster\u00e5s","article_modified_time":"2025-08-20T18:36:42+00:00","og_image":[{"width":602,"height":862,"url":"https:\/\/www.posk.se\/vasterasstift\/wp-content\/uploads\/sites\/182\/2025\/08\/valsedel-trossamfundet-svenska-kyrkan-vasteras-stifts-valkrets.png","type":"image\/png"}],"twitter_card":"summary_large_image","twitter_misc":{"Ber\u00e4knad l\u00e4stid":"2 minuter"},"schema":{"@context":"https:\/\/schema.org","@graph":[{"@type":"WebPage","@id":"https:\/\/www.posk.se\/vasterasstift\/valsedlar-2025\/","url":"https:\/\/www.posk.se\/vasterasstift\/valsedlar-2025\/","name":"Valsedlar 2025 - STIFTSF\u00d6RENING V\u00e4ster\u00e5s","isPartOf":{"@id":"https:\/\/www.posk.se\/vasterasstift\/#website"},"primaryImageOfPage":{"@id":"https:\/\/www.posk.se\/vasterasstift\/valsedlar-2025\/#primaryimage"},"image":{"@id":"https:\/\/www.posk.se\/vasterasstift\/valsedlar-2025\/#primaryimage"},"thumbnailUrl":"https:\/\/www.posk.se\/vasterasstift\/wp-content\/uploads\/sites\/182\/2025\/08\/valsedel-trossamfundet-svenska-kyrkan-vasteras-stifts-valkrets.png","datePublished":"2025-08-19T18:56:26+00:00","dateModified":"2025-08-20T18:36:42+00:00","breadcrumb":{"@id":"https:\/\/www.posk.se\/vasterasstift\/valsedlar-2025\/#breadcrumb"},"inLanguage":"sv-SE","potentialAction":[{"@type":"ReadAction","target":["https:\/\/www.posk.se\/vasterasstift\/valsedlar-2025\/"]}]},{"@type":"ImageObject","inLanguage":"sv-SE","@id":"https:\/\/www.posk.se\/vasterasstift\/valsedlar-2025\/#primaryimage","url":"https:\/\/www.posk.se\/vasterasstift\/wp-content\/uploads\/sites\/182\/2025\/08\/valsedel-trossamfundet-svenska-kyrkan-vasteras-stifts-valkrets.png","contentUrl":"https:\/\/www.posk.se\/vasterasstift\/wp-content\/uploads\/sites\/182\/2025\/08\/valsedel-trossamfundet-svenska-kyrkan-vasteras-stifts-valkrets.png","width":602,"height":862,"caption":"Kyrkom\u00f6tet - V\u00e4ster\u00e5s stifts valkrets - 2025"},{"@type":"BreadcrumbList","@id":"https:\/\/www.posk.se\/vasterasstift\/valsedlar-2025\/#breadcrumb","itemListElement":[{"@type":"ListItem","position":1,"name":"Hem","item":"https:\/\/www.posk.se\/vasterasstift\/"},{"@type":"ListItem","position":2,"name":"Valsedlar 2025"}]},{"@type":"WebSite","@id":"https:\/\/www.posk.se\/vasterasstift\/#website","url":"https:\/\/www.posk.se\/vasterasstift\/","name":"STIFTSF\u00d6RENING V\u00e4ster\u00e5s","description":"Stiftsf\u00f6reningen f\u00f6r POSK i V\u00e4ster\u00e5s stift","potentialAction":[{"@type":"SearchAction","target":{"@type":"EntryPoint","urlTemplate":"https:\/\/www.posk.se\/vasterasstift\/?s={search_term_string}"},"query-input":{"@type":"PropertyValueSpecification","valueRequired":true,"valueName":"search_term_string"}}],"inLanguage":"sv-SE"}]}},"_links":{"self":[{"href":"https:\/\/www.posk.se\/vasterasstift\/wp-json\/wp\/v2\/pages\/283","targetHints":{"allow":["GET"]}}],"collection":[{"href":"https:\/\/www.posk.se\/vasterasstift\/wp-json\/wp\/v2\/pages"}],"about":[{"href":"https:\/\/www.posk.se\/vasterasstift\/wp-json\/wp\/v2\/types\/page"}],"author":[{"embeddable":true,"href":"https:\/\/www.posk.se\/vasterasstift\/wp-json\/wp\/v2\/users\/100"}],"replies":[{"embeddable":true,"href":"https:\/\/www.posk.se\/vasterasstift\/wp-json\/wp\/v2\/comments?post=283"}],"version-history":[{"count":11,"href":"https:\/\/www.posk.se\/vasterasstift\/wp-json\/wp\/v2\/pages\/283\/revisions"}],"predecessor-version":[{"id":313,"href":"https:\/\/www.posk.se\/vasterasstift\/wp-json\/wp\/v2\/pages\/283\/revisions\/313"}],"wp:attachment":[{"href":"https:\/\/www.posk.se\/vasterasstift\/wp-json\/wp\/v2\/media?parent=283"}],"curies":[{"name":"wp","href":"https:\/\/api.w.org\/{rel}","templated":true}]}}