{"id":188,"date":"2025-05-17T16:02:36","date_gmt":"2025-05-17T14:02:36","guid":{"rendered":"https:\/\/www.posk.se\/vanersborg\/?page_id=188"},"modified":"2025-08-24T22:04:54","modified_gmt":"2025-08-24T20:04:54","slug":"kandidatlista-2","status":"publish","type":"page","link":"https:\/\/www.posk.se\/vanersborg\/kandidatlista-2\/","title":{"rendered":"Kandidatlista"},"content":{"rendered":"<table style=\"width: 766.6px\" width=\"768\">\n<tbody>\n<tr>\n<td style=\"width: 757.927px\" colspan=\"3\">1.\u00a0 \u00a0 \u00a0 Gunnel Jende<\/td>\n<\/tr>\n<tr>\n<td colspan=\"3\">2.\u00a0 \u00a0 \u00a0Andreas Hjert\u00e9n<\/td>\n<\/tr>\n<tr>\n<td style=\"width: 757.927px\" colspan=\"3\">3.\u00a0 \u00a0 \u00a0 Birgit Bratt<\/td>\n<\/tr>\n<tr>\n<td style=\"width: 757.927px\" colspan=\"3\">4.\u00a0 \u00a0 \u00a0 Ann Olsson<\/td>\n<\/tr>\n<tr>\n<td style=\"width: 757.927px\" colspan=\"3\">5.\u00a0 \u00a0 \u00a0 Daniel Andersson<\/td>\n<\/tr>\n<tr>\n<td style=\"width: 757.927px\" colspan=\"3\">6.\u00a0 \u00a0 \u00a0 Ingela Hadin<\/td>\n<\/tr>\n<tr>\n<td style=\"width: 757.927px\" colspan=\"3\">7.\u00a0 \u00a0 \u00a0 Erik Blixt<\/td>\n<\/tr>\n<tr>\n<td style=\"width: 757.927px\" colspan=\"3\">8.\u00a0 \u00a0 \u00a0 Inger Setterby<\/td>\n<\/tr>\n<tr>\n<td style=\"width: 757.927px\" colspan=\"3\">9.\u00a0 \u00a0 \u00a0 Elisabeth L Johannesson<\/td>\n<\/tr>\n<tr>\n<td style=\"width: 757.927px\" colspan=\"3\">10.\u00a0 \u00a0 \u00a0Birgitta G\u00f6tlind<\/td>\n<\/tr>\n<tr>\n<td style=\"width: 757.927px\" colspan=\"3\">11.\u00a0 \u00a0Maria Zetterlund<\/td>\n<\/tr>\n<tr>\n<td style=\"width: 757.927px\" colspan=\"3\">12.\u00a0 \u00a0Kerstin \u00c5berg<\/td>\n<\/tr>\n<tr>\n<td style=\"width: 757.927px\" colspan=\"3\">13.\u00a0 \u00a0Inger Wall\u00e9n<\/td>\n<\/tr>\n<tr>\n<td style=\"width: 757.927px\" colspan=\"3\">14.\u00a0\u00a0 Kerstin Backlund<\/td>\n<\/tr>\n<tr>\n<td style=\"width: 757.927px\" colspan=\"3\">15.\u00a0\u00a0 Margareta Olsson<\/td>\n<\/tr>\n<tr>\n<td style=\"width: 757.927px\" colspan=\"3\">16.\u00a0\u00a0 Viktor Andersson<\/td>\n<\/tr>\n<tr>\n<td style=\"width: 740.802px\">17.\u00a0\u00a0 Kristina Lillberg<\/td>\n<td style=\"width: 11.7917px\" colspan=\"2\"><\/td>\n<\/tr>\n<tr>\n<td style=\"width: 742.802px\" colspan=\"2\">18.\u00a0\u00a0 \u00a0Anna Norrstr\u00f6m<\/td>\n<td style=\"width: 9.79167px\"><\/td>\n<\/tr>\n<tr>\n<td style=\"width: 742.802px\" colspan=\"2\">19.\u00a0\u00a0 Margareta Hjert\u00e9n<\/td>\n<td style=\"width: 9.79167px\"><\/td>\n<\/tr>\n<tr>\n<td style=\"width: 742.802px\" colspan=\"2\">20.\u00a0 \u00a0Gunilla Jansson<\/td>\n<td style=\"width: 9.79167px\"><\/td>\n<\/tr>\n<tr>\n<td style=\"width: 742.802px\" colspan=\"2\">21.\u00a0 \u00a0Annika Wennerblom<\/td>\n<td style=\"width: 9.79167px\"><\/td>\n<\/tr>\n<\/tbody>\n<\/table>\n<p><strong>Val till stiftsfullm\u00e4ktige fr\u00e5n kontrakt<\/strong><\/p>\n<p><strong>V\u00e4ne<\/strong><\/p>\n<table style=\"width: 766px\">\n<tbody>\n<tr>\n<td style=\"width: 766px\" width=\"111\">1.\u00a0\u00a0\u00a0\u00a0\u00a0 Fredrik Sahlin<\/td>\n<\/tr>\n<tr>\n<td style=\"width: 766px\" width=\"111\">2.\u00a0\u00a0\u00a0\u00a0\u00a0 Ingela Hadin<\/td>\n<\/tr>\n<tr>\n<td style=\"width: 766px\" width=\"111\">3.\u00a0\u00a0\u00a0\u00a0\u00a0 Thomas Glemring<\/td>\n<\/tr>\n<tr>\n<td style=\"width: 766px\" width=\"111\">4.\u00a0\u00a0\u00a0\u00a0\u00a0 Maria Zetterlund<\/td>\n<\/tr>\n<tr>\n<td style=\"width: 766px\" width=\"111\">5.\u00a0\u00a0\u00a0\u00a0\u00a0 Anton Hasselberg<\/td>\n<\/tr>\n<tr>\n<td style=\"width: 766px\" width=\"111\">6.\u00a0\u00a0\u00a0\u00a0\u00a0 Ingegerd Kallioniemi<\/td>\n<\/tr>\n<tr>\n<td style=\"width: 766px\" width=\"111\">7.\u00a0\u00a0\u00a0\u00a0\u00a0 Leif Laurell<\/td>\n<\/tr>\n<tr>\n<td style=\"width: 766px\" width=\"111\">8.\u00a0\u00a0\u00a0\u00a0\u00a0 Thomas Johansson<\/td>\n<\/tr>\n<tr>\n<td style=\"width: 766px\" width=\"111\">9.\u00a0\u00a0\u00a0\u00a0\u00a0 Christer Jonsson<\/td>\n<\/tr>\n<tr>\n<td style=\"width: 766px\" width=\"111\">10.\u00a0\u00a0 Dag Ennerdal<\/td>\n<\/tr>\n<tr>\n<td style=\"width: 766px\" width=\"111\">11.\u00a0\u00a0 Andreas Hjert\u00e9n<\/td>\n<\/tr>\n<\/tbody>\n<\/table>\n<p>&nbsp;<\/p>\n","protected":false},"excerpt":{"rendered":"<p>1.\u00a0 \u00a0 \u00a0 Gunnel Jende 2.\u00a0 \u00a0 \u00a0Andreas Hjert\u00e9n 3.\u00a0 \u00a0 \u00a0 Birgit Bratt 4.\u00a0 \u00a0 \u00a0 Ann Olsson 5.\u00a0 \u00a0 \u00a0 Daniel Andersson 6.\u00a0 \u00a0 \u00a0 Ingela Hadin 7.\u00a0 \u00a0 \u00a0 Erik Blixt 8.\u00a0 \u00a0 \u00a0 Inger Setterby 9.\u00a0 \u00a0 \u00a0 Elisabeth L Johannesson 10.\u00a0 \u00a0 \u00a0Birgitta G\u00f6tlind 11.\u00a0 \u00a0Maria Zetterlund 12.\u00a0 \u00a0Kerstin \u00c5berg [&hellip;]<\/p>\n","protected":false},"author":105,"featured_media":0,"parent":0,"menu_order":0,"comment_status":"closed","ping_status":"closed","template":"page-templates\/page-sidebar-left.php","meta":{"_acf_changed":false,"footnotes":""},"class_list":["post-188","page","type-page","status-publish","hentry"],"acf":[],"yoast_head":"<!-- This site is optimized with the Yoast SEO plugin v24.9 - https:\/\/yoast.com\/wordpress\/plugins\/seo\/ -->\n<title>Kandidatlista - V\u00e4nersborg<\/title>\n<meta name=\"robots\" content=\"index, follow, max-snippet:-1, max-image-preview:large, max-video-preview:-1\" \/>\n<link rel=\"canonical\" href=\"https:\/\/www.posk.se\/vanersborg\/kandidatlista-2\/\" \/>\n<meta property=\"og:locale\" content=\"sv_SE\" \/>\n<meta property=\"og:type\" content=\"article\" \/>\n<meta property=\"og:title\" content=\"Kandidatlista - V\u00e4nersborg\" \/>\n<meta property=\"og:description\" content=\"1.\u00a0 \u00a0 \u00a0 Gunnel Jende 2.\u00a0 \u00a0 \u00a0Andreas Hjert\u00e9n 3.\u00a0 \u00a0 \u00a0 Birgit Bratt 4.\u00a0 \u00a0 \u00a0 Ann Olsson 5.\u00a0 \u00a0 \u00a0 Daniel Andersson 6.\u00a0 \u00a0 \u00a0 Ingela Hadin 7.\u00a0 \u00a0 \u00a0 Erik Blixt 8.\u00a0 \u00a0 \u00a0 Inger Setterby 9.\u00a0 \u00a0 \u00a0 Elisabeth L Johannesson 10.\u00a0 \u00a0 \u00a0Birgitta G\u00f6tlind 11.\u00a0 \u00a0Maria Zetterlund 12.\u00a0 \u00a0Kerstin \u00c5berg [&hellip;]\" \/>\n<meta property=\"og:url\" content=\"https:\/\/www.posk.se\/vanersborg\/kandidatlista-2\/\" \/>\n<meta property=\"og:site_name\" content=\"V\u00e4nersborg\" \/>\n<meta property=\"article:modified_time\" content=\"2025-08-24T20:04:54+00:00\" \/>\n<meta name=\"twitter:card\" content=\"summary_large_image\" \/>\n<meta name=\"twitter:label1\" content=\"Ber\u00e4knad l\u00e4stid\" \/>\n\t<meta name=\"twitter:data1\" content=\"1 minut\" \/>\n<script type=\"application\/ld+json\" class=\"yoast-schema-graph\">{\"@context\":\"https:\/\/schema.org\",\"@graph\":[{\"@type\":\"WebPage\",\"@id\":\"https:\/\/www.posk.se\/vanersborg\/kandidatlista-2\/\",\"url\":\"https:\/\/www.posk.se\/vanersborg\/kandidatlista-2\/\",\"name\":\"Kandidatlista - V\u00e4nersborg\",\"isPartOf\":{\"@id\":\"https:\/\/www.posk.se\/vanersborg\/#website\"},\"datePublished\":\"2025-05-17T14:02:36+00:00\",\"dateModified\":\"2025-08-24T20:04:54+00:00\",\"breadcrumb\":{\"@id\":\"https:\/\/www.posk.se\/vanersborg\/kandidatlista-2\/#breadcrumb\"},\"inLanguage\":\"sv-SE\",\"potentialAction\":[{\"@type\":\"ReadAction\",\"target\":[\"https:\/\/www.posk.se\/vanersborg\/kandidatlista-2\/\"]}]},{\"@type\":\"BreadcrumbList\",\"@id\":\"https:\/\/www.posk.se\/vanersborg\/kandidatlista-2\/#breadcrumb\",\"itemListElement\":[{\"@type\":\"ListItem\",\"position\":1,\"name\":\"Hem\",\"item\":\"https:\/\/www.posk.se\/vanersborg\/\"},{\"@type\":\"ListItem\",\"position\":2,\"name\":\"Kandidatlista\"}]},{\"@type\":\"WebSite\",\"@id\":\"https:\/\/www.posk.se\/vanersborg\/#website\",\"url\":\"https:\/\/www.posk.se\/vanersborg\/\",\"name\":\"V\u00e4nersborg\",\"description\":\"POSK-grupp i Skara stift\",\"potentialAction\":[{\"@type\":\"SearchAction\",\"target\":{\"@type\":\"EntryPoint\",\"urlTemplate\":\"https:\/\/www.posk.se\/vanersborg\/?s={search_term_string}\"},\"query-input\":{\"@type\":\"PropertyValueSpecification\",\"valueRequired\":true,\"valueName\":\"search_term_string\"}}],\"inLanguage\":\"sv-SE\"}]}<\/script>\n<!-- \/ Yoast SEO plugin. -->","yoast_head_json":{"title":"Kandidatlista - V\u00e4nersborg","robots":{"index":"index","follow":"follow","max-snippet":"max-snippet:-1","max-image-preview":"max-image-preview:large","max-video-preview":"max-video-preview:-1"},"canonical":"https:\/\/www.posk.se\/vanersborg\/kandidatlista-2\/","og_locale":"sv_SE","og_type":"article","og_title":"Kandidatlista - V\u00e4nersborg","og_description":"1.\u00a0 \u00a0 \u00a0 Gunnel Jende 2.\u00a0 \u00a0 \u00a0Andreas Hjert\u00e9n 3.\u00a0 \u00a0 \u00a0 Birgit Bratt 4.\u00a0 \u00a0 \u00a0 Ann Olsson 5.\u00a0 \u00a0 \u00a0 Daniel Andersson 6.\u00a0 \u00a0 \u00a0 Ingela Hadin 7.\u00a0 \u00a0 \u00a0 Erik Blixt 8.\u00a0 \u00a0 \u00a0 Inger Setterby 9.\u00a0 \u00a0 \u00a0 Elisabeth L Johannesson 10.\u00a0 \u00a0 \u00a0Birgitta G\u00f6tlind 11.\u00a0 \u00a0Maria Zetterlund 12.\u00a0 \u00a0Kerstin \u00c5berg [&hellip;]","og_url":"https:\/\/www.posk.se\/vanersborg\/kandidatlista-2\/","og_site_name":"V\u00e4nersborg","article_modified_time":"2025-08-24T20:04:54+00:00","twitter_card":"summary_large_image","twitter_misc":{"Ber\u00e4knad l\u00e4stid":"1 minut"},"schema":{"@context":"https:\/\/schema.org","@graph":[{"@type":"WebPage","@id":"https:\/\/www.posk.se\/vanersborg\/kandidatlista-2\/","url":"https:\/\/www.posk.se\/vanersborg\/kandidatlista-2\/","name":"Kandidatlista - V\u00e4nersborg","isPartOf":{"@id":"https:\/\/www.posk.se\/vanersborg\/#website"},"datePublished":"2025-05-17T14:02:36+00:00","dateModified":"2025-08-24T20:04:54+00:00","breadcrumb":{"@id":"https:\/\/www.posk.se\/vanersborg\/kandidatlista-2\/#breadcrumb"},"inLanguage":"sv-SE","potentialAction":[{"@type":"ReadAction","target":["https:\/\/www.posk.se\/vanersborg\/kandidatlista-2\/"]}]},{"@type":"BreadcrumbList","@id":"https:\/\/www.posk.se\/vanersborg\/kandidatlista-2\/#breadcrumb","itemListElement":[{"@type":"ListItem","position":1,"name":"Hem","item":"https:\/\/www.posk.se\/vanersborg\/"},{"@type":"ListItem","position":2,"name":"Kandidatlista"}]},{"@type":"WebSite","@id":"https:\/\/www.posk.se\/vanersborg\/#website","url":"https:\/\/www.posk.se\/vanersborg\/","name":"V\u00e4nersborg","description":"POSK-grupp i Skara stift","potentialAction":[{"@type":"SearchAction","target":{"@type":"EntryPoint","urlTemplate":"https:\/\/www.posk.se\/vanersborg\/?s={search_term_string}"},"query-input":{"@type":"PropertyValueSpecification","valueRequired":true,"valueName":"search_term_string"}}],"inLanguage":"sv-SE"}]}},"_links":{"self":[{"href":"https:\/\/www.posk.se\/vanersborg\/wp-json\/wp\/v2\/pages\/188","targetHints":{"allow":["GET"]}}],"collection":[{"href":"https:\/\/www.posk.se\/vanersborg\/wp-json\/wp\/v2\/pages"}],"about":[{"href":"https:\/\/www.posk.se\/vanersborg\/wp-json\/wp\/v2\/types\/page"}],"author":[{"embeddable":true,"href":"https:\/\/www.posk.se\/vanersborg\/wp-json\/wp\/v2\/users\/105"}],"replies":[{"embeddable":true,"href":"https:\/\/www.posk.se\/vanersborg\/wp-json\/wp\/v2\/comments?post=188"}],"version-history":[{"count":8,"href":"https:\/\/www.posk.se\/vanersborg\/wp-json\/wp\/v2\/pages\/188\/revisions"}],"predecessor-version":[{"id":340,"href":"https:\/\/www.posk.se\/vanersborg\/wp-json\/wp\/v2\/pages\/188\/revisions\/340"}],"wp:attachment":[{"href":"https:\/\/www.posk.se\/vanersborg\/wp-json\/wp\/v2\/media?parent=188"}],"curies":[{"name":"wp","href":"https:\/\/api.w.org\/{rel}","templated":true}]}}