{"id":77,"date":"2020-10-22T17:55:07","date_gmt":"2020-10-22T15:55:07","guid":{"rendered":"https:\/\/www.posk.se\/uppsalastift\/?page_id=77"},"modified":"2021-03-15T15:44:52","modified_gmt":"2021-03-15T14:44:52","slug":"debatt_2020-09-17_gavledagblad","status":"publish","type":"page","link":"https:\/\/www.posk.se\/uppsalastift\/debatt\/debatt_2020-09-17_gavledagblad\/","title":{"rendered":"Debatt: Gefle Dagblad 17 september 2020"},"content":{"rendered":"<p>Sveriges politiska system har vuxit fram under \u00e5rhundraden. Regeringen styr landet och riksdagen beslutar om lagar och statens budget. Underifr\u00e5n arbetar kommuner utifr\u00e5n det kommunala sj\u00e4lvstyret och med ansvar f\u00f6r m\u00e5nga verksamheter som ber\u00f6r medborgarnas vardag. Mellan staten och kommuner finns regioner med ansvar f\u00f6r s\u00e5dant som h\u00e5lls samman p\u00e5 den regionala niv\u00e5n som sjukv\u00e5rd och kommunikationer.<\/p>\n<p>Vi menar att en kristen kyrka, som Svenska kyrkan, inte ska vara uppbyggd p\u00e5 samma s\u00e4tt. Kyrkostyrelsen och kyrkom\u00f6tet ska inte vara regering och riksdag. Stiften ska inte vara regioner. F\u00f6rsamlingarna ska inte vara kommuner.<\/p>\n<p>F\u00f6r den som \u00e4r van att arbeta i det politiska systemet och i politiska partier kan det k\u00e4nnas tryggt att l\u00e5ta kyrkans olika organisationsniv\u00e5er spegla nationens. Vi menar att det \u00e4r fel.\u00a0 Kyrkan ska byggas utifr\u00e5n kristna utg\u00e5ngspunkter och inte partipolitiska.<\/p>\n<p>Det centrala i den kristna kyrkan \u00e4r f\u00f6rsamlingarna. Det \u00e4r i f\u00f6rsamlingarna som det bedrivs gudstj\u00e4nster, undervisning, mission och diakoni. Vi menar d\u00e4rf\u00f6r att f\u00f6rsamlingarna beh\u00f6ver vara fokus inom kyrkan p\u00e5 ett annat s\u00e4tt \u00e4n kommunerna i en nation.<\/p>\n<p>Stiften har i f\u00f6rsta hand uppgiften att st\u00f6dja f\u00f6rsamlingarna och att ut\u00f6va tillsyn. Det \u00e4r en helt annan roll \u00e4n regionernas roll gentemot kommunerna.<\/p>\n<p>Svenska kyrkans nationella niv\u00e5 \u2013 kyrkostyrelsen och kyrkom\u00f6tet \u2013 \u00e4r inte kyrkans regering och riksdag som ska styra kyrkan och stifta lagar. Kyrkans nationella niv\u00e5 ska st\u00f6dja stiften och d\u00e4rigenom indirekt f\u00f6rsamlingarna.<\/p>\n<p>Partipolitiskt obundna i svenska kyrkan (POSK) vill f\u00f6r\u00e4ndra kyrkans organisation s\u00e5 att den blir enklare, kommer n\u00e4rmare kyrkans medlemmar, f\u00f6rdjupar demokratin i kyrkan och att resurserna anv\u00e4nds till att g\u00f6ra gott i kyrkan och samh\u00e4llet. Detta i st\u00e4llet f\u00f6r att finansiera ett dyrbart och \u00f6verdimensionerat valsystem och en politisk organisation.<\/p>\n<p>Anders Br\u00e4nnstr\u00f6m<\/p>\n<p>Erik Eckerdal<\/p>\n<p>POSK Uppsala stift<\/p>\n<p>GD Debatt<\/p>\n<p><a href=\"tel:\/\/026-15%2096%2005\">026-15 96 05<\/a><a href=\"mailto:debatt@gd.se\">debatt@gd.se<\/a><\/p>\n","protected":false},"excerpt":{"rendered":"<p>Sveriges politiska system har vuxit fram under \u00e5rhundraden. Regeringen styr landet och riksdagen beslutar om lagar och statens budget. Underifr\u00e5n arbetar kommuner utifr\u00e5n det kommunala sj\u00e4lvstyret och med ansvar f\u00f6r m\u00e5nga verksamheter som ber\u00f6r medborgarnas vardag. Mellan staten och kommuner finns regioner med ansvar f\u00f6r s\u00e5dant som h\u00e5lls samman p\u00e5 den regionala niv\u00e5n som sjukv\u00e5rd [&hellip;]<\/p>\n","protected":false},"author":154,"featured_media":0,"parent":74,"menu_order":0,"comment_status":"closed","ping_status":"closed","template":"page-templates\/page-sidebar-left.php","meta":{"_acf_changed":false,"footnotes":""},"class_list":["post-77","page","type-page","status-publish","hentry"],"acf":[],"yoast_head":"<!-- This site is optimized with the Yoast SEO plugin v24.9 - https:\/\/yoast.com\/wordpress\/plugins\/seo\/ -->\n<title>Debatt: Gefle Dagblad 17 september 2020 - STIFTSF\u00d6RENING Uppsala<\/title>\n<meta name=\"description\" content=\"Den 19 september n\u00e4sta \u00e5r \u00e4r det kyrkoval. Svenska kyrkan har sedan f\u00f6rsta halvan av 1900-talet i sina strukturer och sin organisation p\u00e5 m\u00e5nga s\u00e4tt utvecklats mer som en stat eller nation \u00e4n en kristen kyrka. Dessv\u00e4rre finns strukturerna kvar efter 2000 n\u00e4r kyrkan formellt skildes fr\u00e5n staten, skriver Anders Br\u00e4nnstr\u00f6m och Erik Eckerdal, POSK.\" \/>\n<meta name=\"robots\" content=\"index, follow, max-snippet:-1, max-image-preview:large, max-video-preview:-1\" \/>\n<link rel=\"canonical\" href=\"https:\/\/www.posk.se\/uppsalastift\/debatt\/debatt_2020-09-17_gavledagblad\/\" \/>\n<meta property=\"og:locale\" content=\"sv_SE\" \/>\n<meta property=\"og:type\" content=\"article\" \/>\n<meta property=\"og:title\" content=\"Debatt: Gefle Dagblad 17 september 2020 - STIFTSF\u00d6RENING Uppsala\" \/>\n<meta property=\"og:description\" content=\"Den 19 september n\u00e4sta \u00e5r \u00e4r det kyrkoval. Svenska kyrkan har sedan f\u00f6rsta halvan av 1900-talet i sina strukturer och sin organisation p\u00e5 m\u00e5nga s\u00e4tt utvecklats mer som en stat eller nation \u00e4n en kristen kyrka. Dessv\u00e4rre finns strukturerna kvar efter 2000 n\u00e4r kyrkan formellt skildes fr\u00e5n staten, skriver Anders Br\u00e4nnstr\u00f6m och Erik Eckerdal, POSK.\" \/>\n<meta property=\"og:url\" content=\"https:\/\/www.posk.se\/uppsalastift\/debatt\/debatt_2020-09-17_gavledagblad\/\" \/>\n<meta property=\"og:site_name\" content=\"STIFTSF\u00d6RENING Uppsala\" \/>\n<meta property=\"article:modified_time\" content=\"2021-03-15T14:44:52+00:00\" \/>\n<meta name=\"twitter:card\" content=\"summary_large_image\" \/>\n<meta name=\"twitter:label1\" content=\"Ber\u00e4knad l\u00e4stid\" \/>\n\t<meta name=\"twitter:data1\" content=\"2 minuter\" \/>\n<script type=\"application\/ld+json\" class=\"yoast-schema-graph\">{\"@context\":\"https:\/\/schema.org\",\"@graph\":[{\"@type\":\"WebPage\",\"@id\":\"https:\/\/www.posk.se\/uppsalastift\/debatt\/debatt_2020-09-17_gavledagblad\/\",\"url\":\"https:\/\/www.posk.se\/uppsalastift\/debatt\/debatt_2020-09-17_gavledagblad\/\",\"name\":\"Debatt: Gefle Dagblad 17 september 2020 - STIFTSF\u00d6RENING Uppsala\",\"isPartOf\":{\"@id\":\"https:\/\/www.posk.se\/uppsalastift\/#website\"},\"datePublished\":\"2020-10-22T15:55:07+00:00\",\"dateModified\":\"2021-03-15T14:44:52+00:00\",\"description\":\"Den 19 september n\u00e4sta \u00e5r \u00e4r det kyrkoval. Svenska kyrkan har sedan f\u00f6rsta halvan av 1900-talet i sina strukturer och sin organisation p\u00e5 m\u00e5nga s\u00e4tt utvecklats mer som en stat eller nation \u00e4n en kristen kyrka. Dessv\u00e4rre finns strukturerna kvar efter 2000 n\u00e4r kyrkan formellt skildes fr\u00e5n staten, skriver Anders Br\u00e4nnstr\u00f6m och Erik Eckerdal, POSK.\",\"breadcrumb\":{\"@id\":\"https:\/\/www.posk.se\/uppsalastift\/debatt\/debatt_2020-09-17_gavledagblad\/#breadcrumb\"},\"inLanguage\":\"sv-SE\",\"potentialAction\":[{\"@type\":\"ReadAction\",\"target\":[\"https:\/\/www.posk.se\/uppsalastift\/debatt\/debatt_2020-09-17_gavledagblad\/\"]}]},{\"@type\":\"BreadcrumbList\",\"@id\":\"https:\/\/www.posk.se\/uppsalastift\/debatt\/debatt_2020-09-17_gavledagblad\/#breadcrumb\",\"itemListElement\":[{\"@type\":\"ListItem\",\"position\":1,\"name\":\"Hem\",\"item\":\"https:\/\/www.posk.se\/uppsalastift\/\"},{\"@type\":\"ListItem\",\"position\":2,\"name\":\"Debattartiklar\",\"item\":\"https:\/\/www.posk.se\/uppsalastift\/debatt\/\"},{\"@type\":\"ListItem\",\"position\":3,\"name\":\"Debatt: Gefle Dagblad 17 september 2020\"}]},{\"@type\":\"WebSite\",\"@id\":\"https:\/\/www.posk.se\/uppsalastift\/#website\",\"url\":\"https:\/\/www.posk.se\/uppsalastift\/\",\"name\":\"STIFTSF\u00d6RENING Uppsala\",\"description\":\"Stiftsf\u00f6reningen f\u00f6r POSK i Uppsala stift\",\"potentialAction\":[{\"@type\":\"SearchAction\",\"target\":{\"@type\":\"EntryPoint\",\"urlTemplate\":\"https:\/\/www.posk.se\/uppsalastift\/?s={search_term_string}\"},\"query-input\":{\"@type\":\"PropertyValueSpecification\",\"valueRequired\":true,\"valueName\":\"search_term_string\"}}],\"inLanguage\":\"sv-SE\"}]}<\/script>\n<!-- \/ Yoast SEO plugin. -->","yoast_head_json":{"title":"Debatt: Gefle Dagblad 17 september 2020 - STIFTSF\u00d6RENING Uppsala","description":"Den 19 september n\u00e4sta \u00e5r \u00e4r det kyrkoval. Svenska kyrkan har sedan f\u00f6rsta halvan av 1900-talet i sina strukturer och sin organisation p\u00e5 m\u00e5nga s\u00e4tt utvecklats mer som en stat eller nation \u00e4n en kristen kyrka. Dessv\u00e4rre finns strukturerna kvar efter 2000 n\u00e4r kyrkan formellt skildes fr\u00e5n staten, skriver Anders Br\u00e4nnstr\u00f6m och Erik Eckerdal, POSK.","robots":{"index":"index","follow":"follow","max-snippet":"max-snippet:-1","max-image-preview":"max-image-preview:large","max-video-preview":"max-video-preview:-1"},"canonical":"https:\/\/www.posk.se\/uppsalastift\/debatt\/debatt_2020-09-17_gavledagblad\/","og_locale":"sv_SE","og_type":"article","og_title":"Debatt: Gefle Dagblad 17 september 2020 - STIFTSF\u00d6RENING Uppsala","og_description":"Den 19 september n\u00e4sta \u00e5r \u00e4r det kyrkoval. Svenska kyrkan har sedan f\u00f6rsta halvan av 1900-talet i sina strukturer och sin organisation p\u00e5 m\u00e5nga s\u00e4tt utvecklats mer som en stat eller nation \u00e4n en kristen kyrka. Dessv\u00e4rre finns strukturerna kvar efter 2000 n\u00e4r kyrkan formellt skildes fr\u00e5n staten, skriver Anders Br\u00e4nnstr\u00f6m och Erik Eckerdal, POSK.","og_url":"https:\/\/www.posk.se\/uppsalastift\/debatt\/debatt_2020-09-17_gavledagblad\/","og_site_name":"STIFTSF\u00d6RENING Uppsala","article_modified_time":"2021-03-15T14:44:52+00:00","twitter_card":"summary_large_image","twitter_misc":{"Ber\u00e4knad l\u00e4stid":"2 minuter"},"schema":{"@context":"https:\/\/schema.org","@graph":[{"@type":"WebPage","@id":"https:\/\/www.posk.se\/uppsalastift\/debatt\/debatt_2020-09-17_gavledagblad\/","url":"https:\/\/www.posk.se\/uppsalastift\/debatt\/debatt_2020-09-17_gavledagblad\/","name":"Debatt: Gefle Dagblad 17 september 2020 - STIFTSF\u00d6RENING Uppsala","isPartOf":{"@id":"https:\/\/www.posk.se\/uppsalastift\/#website"},"datePublished":"2020-10-22T15:55:07+00:00","dateModified":"2021-03-15T14:44:52+00:00","description":"Den 19 september n\u00e4sta \u00e5r \u00e4r det kyrkoval. Svenska kyrkan har sedan f\u00f6rsta halvan av 1900-talet i sina strukturer och sin organisation p\u00e5 m\u00e5nga s\u00e4tt utvecklats mer som en stat eller nation \u00e4n en kristen kyrka. Dessv\u00e4rre finns strukturerna kvar efter 2000 n\u00e4r kyrkan formellt skildes fr\u00e5n staten, skriver Anders Br\u00e4nnstr\u00f6m och Erik Eckerdal, POSK.","breadcrumb":{"@id":"https:\/\/www.posk.se\/uppsalastift\/debatt\/debatt_2020-09-17_gavledagblad\/#breadcrumb"},"inLanguage":"sv-SE","potentialAction":[{"@type":"ReadAction","target":["https:\/\/www.posk.se\/uppsalastift\/debatt\/debatt_2020-09-17_gavledagblad\/"]}]},{"@type":"BreadcrumbList","@id":"https:\/\/www.posk.se\/uppsalastift\/debatt\/debatt_2020-09-17_gavledagblad\/#breadcrumb","itemListElement":[{"@type":"ListItem","position":1,"name":"Hem","item":"https:\/\/www.posk.se\/uppsalastift\/"},{"@type":"ListItem","position":2,"name":"Debattartiklar","item":"https:\/\/www.posk.se\/uppsalastift\/debatt\/"},{"@type":"ListItem","position":3,"name":"Debatt: Gefle Dagblad 17 september 2020"}]},{"@type":"WebSite","@id":"https:\/\/www.posk.se\/uppsalastift\/#website","url":"https:\/\/www.posk.se\/uppsalastift\/","name":"STIFTSF\u00d6RENING Uppsala","description":"Stiftsf\u00f6reningen f\u00f6r POSK i Uppsala stift","potentialAction":[{"@type":"SearchAction","target":{"@type":"EntryPoint","urlTemplate":"https:\/\/www.posk.se\/uppsalastift\/?s={search_term_string}"},"query-input":{"@type":"PropertyValueSpecification","valueRequired":true,"valueName":"search_term_string"}}],"inLanguage":"sv-SE"}]}},"_links":{"self":[{"href":"https:\/\/www.posk.se\/uppsalastift\/wp-json\/wp\/v2\/pages\/77","targetHints":{"allow":["GET"]}}],"collection":[{"href":"https:\/\/www.posk.se\/uppsalastift\/wp-json\/wp\/v2\/pages"}],"about":[{"href":"https:\/\/www.posk.se\/uppsalastift\/wp-json\/wp\/v2\/types\/page"}],"author":[{"embeddable":true,"href":"https:\/\/www.posk.se\/uppsalastift\/wp-json\/wp\/v2\/users\/154"}],"replies":[{"embeddable":true,"href":"https:\/\/www.posk.se\/uppsalastift\/wp-json\/wp\/v2\/comments?post=77"}],"version-history":[{"count":7,"href":"https:\/\/www.posk.se\/uppsalastift\/wp-json\/wp\/v2\/pages\/77\/revisions"}],"predecessor-version":[{"id":160,"href":"https:\/\/www.posk.se\/uppsalastift\/wp-json\/wp\/v2\/pages\/77\/revisions\/160"}],"up":[{"embeddable":true,"href":"https:\/\/www.posk.se\/uppsalastift\/wp-json\/wp\/v2\/pages\/74"}],"wp:attachment":[{"href":"https:\/\/www.posk.se\/uppsalastift\/wp-json\/wp\/v2\/media?parent=77"}],"curies":[{"name":"wp","href":"https:\/\/api.w.org\/{rel}","templated":true}]}}