{"id":653,"date":"2025-09-20T10:23:04","date_gmt":"2025-09-20T08:23:04","guid":{"rendered":"https:\/\/www.posk.se\/uppsalastift\/?page_id=653"},"modified":"2025-09-20T10:23:04","modified_gmt":"2025-09-20T08:23:04","slug":"debatt-uppsala-nya-tidning-21-augusti-2025","status":"publish","type":"page","link":"https:\/\/www.posk.se\/uppsalastift\/debatt\/debatt-uppsala-nya-tidning-21-augusti-2025\/","title":{"rendered":"Debatt: Uppsala Nya Tidning 21 augusti 2025"},"content":{"rendered":"<p>Svenska kyrkan skildes fr\u00e5n staten f\u00f6r 25 \u00e5r sedan. Tanken var att kyrkan inte l\u00e4ngre skulle<br \/>\nvara en del av det politiska systemet i Sverige utan ha en sj\u00e4lvst\u00e4ndig roll i likhet med \u00f6vriga<br \/>\ntrossamfund och andra akt\u00f6rer i samh\u00e4llet. Kyrkans medlemmar skulle genom sina egna<br \/>\npersonliga engagemang och intressen styra kyrkan och dess utveckling.<br \/>\nM\u00e5nga har accepterat beslutet och anpassat sig till de nya f\u00f6ruts\u00e4ttningarna. Tre politiska<br \/>\npartier &#8211; Centerpartiet, Socialdemokraterna och Sverigedemokraterna &#8211; har dessv\u00e4rre inte<br \/>\naccepterat konsekvenserna av beslutet. De f\u00f6rs\u00f6ker fortfarande beh\u00e5lla sitt partipolitiska<br \/>\ngrepp om kyrkan. Det har i grunden att g\u00f6ra med makt som partipolitik i grunden handlar om.<br \/>\nF\u00f6ljden har blivit att delar av det partipolitiska systemets negativa sidor har blivit kvar inom<br \/>\nkyrkan.<\/p>\n<p>D\u00e4rigenom blir det naturligt att ta med det politiska s\u00e4ttet att arbeta till kyrkan. Det inneb\u00e4r att<br \/>\nst\u00e4lla olika politiska ideologier mot varandra, f\u00f6rs\u00f6ka skapa majoriteter och man\u00f6vrera f\u00f6r att<br \/>\nden egna politiska ideologin skall kunna f\u00e5 genomslag ocks\u00e5 inom Svenska kyrkan.<br \/>\nValr\u00f6relsen inf\u00f6r kyrkovalen f\u00e5r f\u00f6r de politiska partierna extra styrka genom att den kan<br \/>\ndrivas med ekonomiskt och praktiskt underst\u00f6d fr\u00e5n partiorganisationen. Andra grupper som<br \/>\nvill engagera sig som f\u00f6rtroendevalda kan inte r\u00e4kna med n\u00e5got s\u00e5dant underst\u00f6d, och ges<br \/>\nd\u00e4rf\u00f6r s\u00e4mre f\u00f6ruts\u00e4ttningar att f\u00e5 fram sina budskap.<br \/>\nAnna-Karin Hatt, Magdalena Andersson, Jimmie \u00c5kesson och deras politiska kollegor har en<br \/>\nutomordentligt viktig uppgift i samh\u00e4llet, att representera sina v\u00e4ljare i de politiska<br \/>\norganisationer &#8211; riksdag, regioner och kommuner &#8211; till vilka de \u00e4r valda. De \u00e4r hj\u00e4rtligt<br \/>\nv\u00e4lkomna att ocks\u00e5 personligen engagera sig i Svenska kyrkan, men de ska h\u00e5lla sina<br \/>\npolitiska partier borta fr\u00e5n kyrkan. Lojaliteten f\u00f6r dem som verkar inom kyrkan ska vara<br \/>\nkyrkans tro, bek\u00e4nnelse och l\u00e4ra, inte politiska ideologier, politiska partier och partiledare. Vi<br \/>\nbejakar till fullo v\u00e5rt svenska demokratiska system. Vi ser det som en r\u00e4tt och en skyldighet<br \/>\nf\u00f6r alla att sj\u00e4lva utnyttja sin r\u00f6str\u00e4tt till riksdag, region och kommun. Men var sak ska vara p\u00e5<br \/>\nsin plats!<\/p>\n<p>21 september \u00e4r det kyrkoval. Vi hoppas att v\u00e4jarna vill ge uttryck f\u00f6r en positiv utveckling av<br \/>\nSvenska kyrkan genom att l\u00e4gga sina r\u00f6ster p\u00e5 de nomineringsgrupper som inte bygger sin<br \/>\ngrund p\u00e5 partipolitisk tillh\u00f6righet. Inf\u00f6r f\u00f6rra kyrkovalet 2021 uttryckte flera av Svenska<br \/>\nkyrkans tidigare \u00e4rkebiskopar att utvecklingen inte har varit optimal sedan \u00e5r 2000.<br \/>\n\u00c4rkebiskop emeritus KG Hammar menade att \u201dPartipolitiken \u00e4r destruktiv f\u00f6r kyrkan\u201d (Dagen<br \/>\n2021-07-29).<\/p>\n<p>V\u00e5r nomineringsgrupp &#8211; Partipolitiskt obundna i Svenska kyrkan (POSK) &#8211; vill att det ska vara<br \/>\nkyrkan och dess medlemmar som s\u00e4tter m\u00e5len och ambitionerna i st\u00e4llet f\u00f6r politiska<br \/>\nideologier och politiska partier. Vi uppskattar och har ett bra samarbete med f\u00f6rtroendevalda<br \/>\nur de partipolitiska nomineringsgrupperna, men deras politiska partier har inget positivt att<br \/>\ntillf\u00f6ra till det samarbetet. Vi menar att det \u00e4r m\u00e4nniskor som \u00e4r intresserade och villiga att<br \/>\naktivt engagera sig i Svenska kyrkan, utan partipolitisk p\u00e5verkan, som s\u00e4krast leder till m\u00e5let.<br \/>\nVi verkar f\u00f6r en kyrka d\u00e4r partipolitiken h\u00e5lls utanf\u00f6r och att Svenska kyrkan i st\u00e4llet pr\u00e4glas<br \/>\nav m\u00e5ngfald och respekt d\u00e4r alla tillsammans str\u00e4var efter att uppn\u00e5 kyrkans syften och<br \/>\nm\u00e5ls\u00e4ttningar.<\/p>\n<p>Anders Br\u00e4nnstr\u00f6m och Martin Nilsson, POSK i Uppsala stift.<\/p>\n","protected":false},"excerpt":{"rendered":"<p>Svenska kyrkan skildes fr\u00e5n staten f\u00f6r 25 \u00e5r sedan. Tanken var att kyrkan inte l\u00e4ngre skulle vara en del av det politiska systemet i Sverige utan ha en sj\u00e4lvst\u00e4ndig roll i likhet med \u00f6vriga trossamfund och andra akt\u00f6rer i samh\u00e4llet. Kyrkans medlemmar skulle genom sina egna personliga engagemang och intressen styra kyrkan och dess utveckling. [&hellip;]<\/p>\n","protected":false},"author":1391,"featured_media":0,"parent":74,"menu_order":0,"comment_status":"closed","ping_status":"closed","template":"page-templates\/page-sidebar-left.php","meta":{"_acf_changed":false,"footnotes":""},"class_list":["post-653","page","type-page","status-publish","hentry"],"acf":[],"yoast_head":"<!-- This site is optimized with the Yoast SEO plugin v24.9 - https:\/\/yoast.com\/wordpress\/plugins\/seo\/ -->\n<title>Debatt: Uppsala Nya Tidning 21 augusti 2025 - STIFTSF\u00d6RENING Uppsala<\/title>\n<meta name=\"robots\" content=\"index, follow, max-snippet:-1, max-image-preview:large, max-video-preview:-1\" \/>\n<link rel=\"canonical\" href=\"https:\/\/www.posk.se\/uppsalastift\/debatt\/debatt-uppsala-nya-tidning-21-augusti-2025\/\" \/>\n<meta property=\"og:locale\" content=\"sv_SE\" \/>\n<meta property=\"og:type\" content=\"article\" \/>\n<meta property=\"og:title\" content=\"Debatt: Uppsala Nya Tidning 21 augusti 2025 - STIFTSF\u00d6RENING Uppsala\" \/>\n<meta property=\"og:description\" content=\"Svenska kyrkan skildes fr\u00e5n staten f\u00f6r 25 \u00e5r sedan. Tanken var att kyrkan inte l\u00e4ngre skulle vara en del av det politiska systemet i Sverige utan ha en sj\u00e4lvst\u00e4ndig roll i likhet med \u00f6vriga trossamfund och andra akt\u00f6rer i samh\u00e4llet. Kyrkans medlemmar skulle genom sina egna personliga engagemang och intressen styra kyrkan och dess utveckling. [&hellip;]\" \/>\n<meta property=\"og:url\" content=\"https:\/\/www.posk.se\/uppsalastift\/debatt\/debatt-uppsala-nya-tidning-21-augusti-2025\/\" \/>\n<meta property=\"og:site_name\" content=\"STIFTSF\u00d6RENING Uppsala\" \/>\n<meta name=\"twitter:card\" content=\"summary_large_image\" \/>\n<meta name=\"twitter:label1\" content=\"Ber\u00e4knad l\u00e4stid\" \/>\n\t<meta name=\"twitter:data1\" content=\"3 minuter\" \/>\n<script type=\"application\/ld+json\" class=\"yoast-schema-graph\">{\"@context\":\"https:\/\/schema.org\",\"@graph\":[{\"@type\":\"WebPage\",\"@id\":\"https:\/\/www.posk.se\/uppsalastift\/debatt\/debatt-uppsala-nya-tidning-21-augusti-2025\/\",\"url\":\"https:\/\/www.posk.se\/uppsalastift\/debatt\/debatt-uppsala-nya-tidning-21-augusti-2025\/\",\"name\":\"Debatt: Uppsala Nya Tidning 21 augusti 2025 - STIFTSF\u00d6RENING Uppsala\",\"isPartOf\":{\"@id\":\"https:\/\/www.posk.se\/uppsalastift\/#website\"},\"datePublished\":\"2025-09-20T08:23:04+00:00\",\"breadcrumb\":{\"@id\":\"https:\/\/www.posk.se\/uppsalastift\/debatt\/debatt-uppsala-nya-tidning-21-augusti-2025\/#breadcrumb\"},\"inLanguage\":\"sv-SE\",\"potentialAction\":[{\"@type\":\"ReadAction\",\"target\":[\"https:\/\/www.posk.se\/uppsalastift\/debatt\/debatt-uppsala-nya-tidning-21-augusti-2025\/\"]}]},{\"@type\":\"BreadcrumbList\",\"@id\":\"https:\/\/www.posk.se\/uppsalastift\/debatt\/debatt-uppsala-nya-tidning-21-augusti-2025\/#breadcrumb\",\"itemListElement\":[{\"@type\":\"ListItem\",\"position\":1,\"name\":\"Hem\",\"item\":\"https:\/\/www.posk.se\/uppsalastift\/\"},{\"@type\":\"ListItem\",\"position\":2,\"name\":\"Debattartiklar\",\"item\":\"https:\/\/www.posk.se\/uppsalastift\/debatt\/\"},{\"@type\":\"ListItem\",\"position\":3,\"name\":\"Debatt: Uppsala Nya Tidning 21 augusti 2025\"}]},{\"@type\":\"WebSite\",\"@id\":\"https:\/\/www.posk.se\/uppsalastift\/#website\",\"url\":\"https:\/\/www.posk.se\/uppsalastift\/\",\"name\":\"STIFTSF\u00d6RENING Uppsala\",\"description\":\"Stiftsf\u00f6reningen f\u00f6r POSK i Uppsala stift\",\"potentialAction\":[{\"@type\":\"SearchAction\",\"target\":{\"@type\":\"EntryPoint\",\"urlTemplate\":\"https:\/\/www.posk.se\/uppsalastift\/?s={search_term_string}\"},\"query-input\":{\"@type\":\"PropertyValueSpecification\",\"valueRequired\":true,\"valueName\":\"search_term_string\"}}],\"inLanguage\":\"sv-SE\"}]}<\/script>\n<!-- \/ Yoast SEO plugin. -->","yoast_head_json":{"title":"Debatt: Uppsala Nya Tidning 21 augusti 2025 - STIFTSF\u00d6RENING Uppsala","robots":{"index":"index","follow":"follow","max-snippet":"max-snippet:-1","max-image-preview":"max-image-preview:large","max-video-preview":"max-video-preview:-1"},"canonical":"https:\/\/www.posk.se\/uppsalastift\/debatt\/debatt-uppsala-nya-tidning-21-augusti-2025\/","og_locale":"sv_SE","og_type":"article","og_title":"Debatt: Uppsala Nya Tidning 21 augusti 2025 - STIFTSF\u00d6RENING Uppsala","og_description":"Svenska kyrkan skildes fr\u00e5n staten f\u00f6r 25 \u00e5r sedan. Tanken var att kyrkan inte l\u00e4ngre skulle vara en del av det politiska systemet i Sverige utan ha en sj\u00e4lvst\u00e4ndig roll i likhet med \u00f6vriga trossamfund och andra akt\u00f6rer i samh\u00e4llet. Kyrkans medlemmar skulle genom sina egna personliga engagemang och intressen styra kyrkan och dess utveckling. [&hellip;]","og_url":"https:\/\/www.posk.se\/uppsalastift\/debatt\/debatt-uppsala-nya-tidning-21-augusti-2025\/","og_site_name":"STIFTSF\u00d6RENING Uppsala","twitter_card":"summary_large_image","twitter_misc":{"Ber\u00e4knad l\u00e4stid":"3 minuter"},"schema":{"@context":"https:\/\/schema.org","@graph":[{"@type":"WebPage","@id":"https:\/\/www.posk.se\/uppsalastift\/debatt\/debatt-uppsala-nya-tidning-21-augusti-2025\/","url":"https:\/\/www.posk.se\/uppsalastift\/debatt\/debatt-uppsala-nya-tidning-21-augusti-2025\/","name":"Debatt: Uppsala Nya Tidning 21 augusti 2025 - STIFTSF\u00d6RENING Uppsala","isPartOf":{"@id":"https:\/\/www.posk.se\/uppsalastift\/#website"},"datePublished":"2025-09-20T08:23:04+00:00","breadcrumb":{"@id":"https:\/\/www.posk.se\/uppsalastift\/debatt\/debatt-uppsala-nya-tidning-21-augusti-2025\/#breadcrumb"},"inLanguage":"sv-SE","potentialAction":[{"@type":"ReadAction","target":["https:\/\/www.posk.se\/uppsalastift\/debatt\/debatt-uppsala-nya-tidning-21-augusti-2025\/"]}]},{"@type":"BreadcrumbList","@id":"https:\/\/www.posk.se\/uppsalastift\/debatt\/debatt-uppsala-nya-tidning-21-augusti-2025\/#breadcrumb","itemListElement":[{"@type":"ListItem","position":1,"name":"Hem","item":"https:\/\/www.posk.se\/uppsalastift\/"},{"@type":"ListItem","position":2,"name":"Debattartiklar","item":"https:\/\/www.posk.se\/uppsalastift\/debatt\/"},{"@type":"ListItem","position":3,"name":"Debatt: Uppsala Nya Tidning 21 augusti 2025"}]},{"@type":"WebSite","@id":"https:\/\/www.posk.se\/uppsalastift\/#website","url":"https:\/\/www.posk.se\/uppsalastift\/","name":"STIFTSF\u00d6RENING Uppsala","description":"Stiftsf\u00f6reningen f\u00f6r POSK i Uppsala stift","potentialAction":[{"@type":"SearchAction","target":{"@type":"EntryPoint","urlTemplate":"https:\/\/www.posk.se\/uppsalastift\/?s={search_term_string}"},"query-input":{"@type":"PropertyValueSpecification","valueRequired":true,"valueName":"search_term_string"}}],"inLanguage":"sv-SE"}]}},"_links":{"self":[{"href":"https:\/\/www.posk.se\/uppsalastift\/wp-json\/wp\/v2\/pages\/653","targetHints":{"allow":["GET"]}}],"collection":[{"href":"https:\/\/www.posk.se\/uppsalastift\/wp-json\/wp\/v2\/pages"}],"about":[{"href":"https:\/\/www.posk.se\/uppsalastift\/wp-json\/wp\/v2\/types\/page"}],"author":[{"embeddable":true,"href":"https:\/\/www.posk.se\/uppsalastift\/wp-json\/wp\/v2\/users\/1391"}],"replies":[{"embeddable":true,"href":"https:\/\/www.posk.se\/uppsalastift\/wp-json\/wp\/v2\/comments?post=653"}],"version-history":[{"count":4,"href":"https:\/\/www.posk.se\/uppsalastift\/wp-json\/wp\/v2\/pages\/653\/revisions"}],"predecessor-version":[{"id":657,"href":"https:\/\/www.posk.se\/uppsalastift\/wp-json\/wp\/v2\/pages\/653\/revisions\/657"}],"up":[{"embeddable":true,"href":"https:\/\/www.posk.se\/uppsalastift\/wp-json\/wp\/v2\/pages\/74"}],"wp:attachment":[{"href":"https:\/\/www.posk.se\/uppsalastift\/wp-json\/wp\/v2\/media?parent=653"}],"curies":[{"name":"wp","href":"https:\/\/api.w.org\/{rel}","templated":true}]}}