{"id":165,"date":"2017-07-29T15:59:42","date_gmt":"2021-03-15T15:41:40","guid":{"rendered":"https:\/\/www.posk.se\/uppsalastift\/?page_id=165"},"modified":"2021-03-15T18:06:15","modified_gmt":"2021-03-15T17:06:15","slug":"debatt_2020-12-14_unt","status":"publish","type":"page","link":"https:\/\/www.posk.se\/uppsalastift\/debatt\/debatt_2020-12-14_unt\/","title":{"rendered":"Debatt: Upsala Nya Tidning 14 december 2020"},"content":{"rendered":"<p>Beslut som r\u00f6r f\u00f6rsamlingen ska fattas s\u00e5 n\u00e4ra verksamheten och medlemmarna som m\u00f6jligt, skriver Anders Br\u00e4nnstr\u00f6m och Kicki Lid\u00e9n.<!--more--><\/p>\n<p>I UNT s\u00f6ndagen den 29 november kunde vi l\u00e4sa en mycket v\u00e4lformulerad och angel\u00e4gen ins\u00e4ndare undertecknad Christina W\u00e4ssman Lundberg och Mats Karlsson, b\u00e5da representanter f\u00f6r Lagunda kyrkor\u00e5d. Temat var \u201dL\u00e5t Lagunda forts\u00e4tta som eget pastorat.\u201d<\/p>\n<p>F\u00f6r oss i Nomineringsgruppen POSK, Partipolitiskt obundna i Svenska kyrkan, \u00e4r det naturligt att st\u00e4lla oss bakom b\u00e5da undertecknarna i denna fr\u00e5ga.<\/p>\n<p>POSK menar att f\u00f6rsamlingen \u00e4r kyrkans grundl\u00e4ggande enhet och att varje f\u00f6rsamling utifr\u00e5n lokala f\u00f6ruts\u00e4ttningar ska ges s\u00e5 stort ansvar som m\u00f6jligt. Vi anser ocks\u00e5 att beslut som r\u00f6r f\u00f6rsamlingen ska fattas s\u00e5 n\u00e4ra verksamheten och medlemmarna som m\u00f6jligt. Vad vi nu ser h\u00e4nda i Lagunda och Enk\u00f6ping och, vad det verkar med stiftsstyrelsens goda minne, \u00e4r precis tv\u00e4rtom. Lika dyster utveckling ser vi i Heby d\u00e4r fyra pastorat f\u00f6reslagits f\u00f6r sammanl\u00e4ggning. UNT refererade till detta p\u00e5 nyhetsplats den 30 november.<\/p>\n<p>Efter genomf\u00f6rd utredning om eventuella sammanl\u00e4ggningar av f\u00f6rsamlingar i stiftets v\u00e4stra delar, finns allts\u00e5 risk f\u00f6r att Lagunda pastorat kommer att sl\u00e5s ihop med Enk\u00f6pings pastorat. Ett nytt storpastorat t\u00e4ckande hela ytan fr\u00e5n Svinnegarn \u00f6ver Fj\u00e4rdhundra, halvv\u00e4gs till Heby, och upp mot gr\u00e4nsen till Balingsta. Ett enormt omr\u00e5de ska ledas av en kyrkoherde och ett kyrkofullm\u00e4ktige, b\u00e5da placerade i Enk\u00f6ping. H\u00e4r kan vi tala om maktkoncentration. Av ins\u00e4ndaren framg\u00e5r ocks\u00e5 att denna sammanl\u00e4ggning sker mot f\u00f6rsamlingens vilja.<\/p>\n<p>Ibland kan en sammanl\u00e4ggning av tv\u00e5 eller flera f\u00f6rsamlingar vara det enda \u00e5terst\u00e5ende alternativet n\u00e4r f\u00f6rsamlingsunderlaget minskar och de ekonomiska resurserna tryter. Detta \u00e4r dock inte fallet i vare sig Heby eller Lagunda. H\u00e4r st\u00e5r det folkliga engagemanget och ekonomin stark.<\/p>\n<p>Organisationsf\u00f6r\u00e4ndringar b\u00f6r dessutom inte g\u00f6ras f\u00f6r ofta. Lagunda genomgick en stor f\u00f6r\u00e4ndring 2010 d\u00e5 tio f\u00f6rsamlingar slogs samman till en. Det borde rimligen f\u00e5 dr\u00f6ja betydligt innan man eventuellt \u00e5terigen ska genomf\u00f6ra en omfattande organisationsf\u00f6r\u00e4ndring. F\u00f6rsamlingen m\u00e5ste ges arbetsro. En sammanl\u00e4ggning av Lagunda pastorat med Enk\u00f6ping skulle dessutom flytta makt och inflytande \u00e4nnu l\u00e4ngre ifr\u00e5n den gudstj\u00e4nstfirande f\u00f6rsamlingen. Varf\u00f6r Uppsala stiftsledning skulle vilja genomf\u00f6ra en s\u00e5dan uppenbar f\u00f6rs\u00e4mring av en fullt fungerande kristen f\u00f6rsamling \u00e4r en g\u00e5ta.<\/p>\n<p>POSK har representanter i Stiftsstyrelsen. D\u00e4r \u00e4r v\u00e5r linje att inga sammanl\u00e4ggningar ska ske om det inte \u00e4r absolut n\u00f6dv\u00e4ndigt, att ingen f\u00f6rsamling\/pastorat ska l\u00e4ggas samman mot sin vilja, samt att organisationsf\u00f6r\u00e4ndringar inte ska ske f\u00f6r ofta. POSK Uppsala stift menar att kyrkan f\u00f6rst m\u00e5ste utv\u00e4rdera tidigare genomf\u00f6rda sammanl\u00e4ggningar innan ytterligare sammanl\u00e4ggningar kan bli aktuella. Vi hoppas att flera nomineringsgrupper g\u00f6r gemensam sak med oss f\u00f6r den lokala f\u00f6rsamlingen.<\/p>\n<p>Kicki Lid\u00e9n och Anders Br\u00e4nnstr\u00f6m<\/p>\n","protected":false},"excerpt":{"rendered":"<p>Beslut som r\u00f6r f\u00f6rsamlingen ska fattas s\u00e5 n\u00e4ra verksamheten och medlemmarna som m\u00f6jligt, skriver Anders Br\u00e4nnstr\u00f6m och Kicki Lid\u00e9n.<\/p>\n","protected":false},"author":154,"featured_media":0,"parent":74,"menu_order":2,"comment_status":"closed","ping_status":"closed","template":"page-templates\/page-sidebar-left.php","meta":{"_acf_changed":false,"footnotes":""},"class_list":["post-165","page","type-page","status-publish","hentry"],"acf":[],"yoast_head":"<!-- This site is optimized with the Yoast SEO plugin v24.9 - https:\/\/yoast.com\/wordpress\/plugins\/seo\/ -->\n<title>Debatt: Upsala Nya Tidning 14 december 2020 - STIFTSF\u00d6RENING Uppsala<\/title>\n<meta name=\"robots\" content=\"index, follow, max-snippet:-1, max-image-preview:large, max-video-preview:-1\" \/>\n<link rel=\"canonical\" href=\"https:\/\/www.posk.se\/uppsalastift\/debatt\/debatt_2020-12-14_unt\/\" \/>\n<meta property=\"og:locale\" content=\"sv_SE\" \/>\n<meta property=\"og:type\" content=\"article\" \/>\n<meta property=\"og:title\" content=\"Debatt: Upsala Nya Tidning 14 december 2020 - STIFTSF\u00d6RENING Uppsala\" \/>\n<meta property=\"og:description\" content=\"Beslut som r\u00f6r f\u00f6rsamlingen ska fattas s\u00e5 n\u00e4ra verksamheten och medlemmarna som m\u00f6jligt, skriver Anders Br\u00e4nnstr\u00f6m och Kicki Lid\u00e9n.\" \/>\n<meta property=\"og:url\" content=\"https:\/\/www.posk.se\/uppsalastift\/debatt\/debatt_2020-12-14_unt\/\" \/>\n<meta property=\"og:site_name\" content=\"STIFTSF\u00d6RENING Uppsala\" \/>\n<meta property=\"article:modified_time\" content=\"2021-03-15T17:06:15+00:00\" \/>\n<meta name=\"twitter:card\" content=\"summary_large_image\" \/>\n<meta name=\"twitter:label1\" content=\"Ber\u00e4knad l\u00e4stid\" \/>\n\t<meta name=\"twitter:data1\" content=\"2 minuter\" \/>\n<script type=\"application\/ld+json\" class=\"yoast-schema-graph\">{\"@context\":\"https:\/\/schema.org\",\"@graph\":[{\"@type\":\"WebPage\",\"@id\":\"https:\/\/www.posk.se\/uppsalastift\/debatt\/debatt_2020-12-14_unt\/\",\"url\":\"https:\/\/www.posk.se\/uppsalastift\/debatt\/debatt_2020-12-14_unt\/\",\"name\":\"Debatt: Upsala Nya Tidning 14 december 2020 - STIFTSF\u00d6RENING Uppsala\",\"isPartOf\":{\"@id\":\"https:\/\/www.posk.se\/uppsalastift\/#website\"},\"datePublished\":\"2021-03-15T15:41:40+00:00\",\"dateModified\":\"2021-03-15T17:06:15+00:00\",\"breadcrumb\":{\"@id\":\"https:\/\/www.posk.se\/uppsalastift\/debatt\/debatt_2020-12-14_unt\/#breadcrumb\"},\"inLanguage\":\"sv-SE\",\"potentialAction\":[{\"@type\":\"ReadAction\",\"target\":[\"https:\/\/www.posk.se\/uppsalastift\/debatt\/debatt_2020-12-14_unt\/\"]}]},{\"@type\":\"BreadcrumbList\",\"@id\":\"https:\/\/www.posk.se\/uppsalastift\/debatt\/debatt_2020-12-14_unt\/#breadcrumb\",\"itemListElement\":[{\"@type\":\"ListItem\",\"position\":1,\"name\":\"Hem\",\"item\":\"https:\/\/www.posk.se\/uppsalastift\/\"},{\"@type\":\"ListItem\",\"position\":2,\"name\":\"Debattartiklar\",\"item\":\"https:\/\/www.posk.se\/uppsalastift\/debatt\/\"},{\"@type\":\"ListItem\",\"position\":3,\"name\":\"Debatt: Upsala Nya Tidning 14 december 2020\"}]},{\"@type\":\"WebSite\",\"@id\":\"https:\/\/www.posk.se\/uppsalastift\/#website\",\"url\":\"https:\/\/www.posk.se\/uppsalastift\/\",\"name\":\"STIFTSF\u00d6RENING Uppsala\",\"description\":\"Stiftsf\u00f6reningen f\u00f6r POSK i Uppsala stift\",\"potentialAction\":[{\"@type\":\"SearchAction\",\"target\":{\"@type\":\"EntryPoint\",\"urlTemplate\":\"https:\/\/www.posk.se\/uppsalastift\/?s={search_term_string}\"},\"query-input\":{\"@type\":\"PropertyValueSpecification\",\"valueRequired\":true,\"valueName\":\"search_term_string\"}}],\"inLanguage\":\"sv-SE\"}]}<\/script>\n<!-- \/ Yoast SEO plugin. -->","yoast_head_json":{"title":"Debatt: Upsala Nya Tidning 14 december 2020 - STIFTSF\u00d6RENING Uppsala","robots":{"index":"index","follow":"follow","max-snippet":"max-snippet:-1","max-image-preview":"max-image-preview:large","max-video-preview":"max-video-preview:-1"},"canonical":"https:\/\/www.posk.se\/uppsalastift\/debatt\/debatt_2020-12-14_unt\/","og_locale":"sv_SE","og_type":"article","og_title":"Debatt: Upsala Nya Tidning 14 december 2020 - STIFTSF\u00d6RENING Uppsala","og_description":"Beslut som r\u00f6r f\u00f6rsamlingen ska fattas s\u00e5 n\u00e4ra verksamheten och medlemmarna som m\u00f6jligt, skriver Anders Br\u00e4nnstr\u00f6m och Kicki Lid\u00e9n.","og_url":"https:\/\/www.posk.se\/uppsalastift\/debatt\/debatt_2020-12-14_unt\/","og_site_name":"STIFTSF\u00d6RENING Uppsala","article_modified_time":"2021-03-15T17:06:15+00:00","twitter_card":"summary_large_image","twitter_misc":{"Ber\u00e4knad l\u00e4stid":"2 minuter"},"schema":{"@context":"https:\/\/schema.org","@graph":[{"@type":"WebPage","@id":"https:\/\/www.posk.se\/uppsalastift\/debatt\/debatt_2020-12-14_unt\/","url":"https:\/\/www.posk.se\/uppsalastift\/debatt\/debatt_2020-12-14_unt\/","name":"Debatt: Upsala Nya Tidning 14 december 2020 - STIFTSF\u00d6RENING Uppsala","isPartOf":{"@id":"https:\/\/www.posk.se\/uppsalastift\/#website"},"datePublished":"2021-03-15T15:41:40+00:00","dateModified":"2021-03-15T17:06:15+00:00","breadcrumb":{"@id":"https:\/\/www.posk.se\/uppsalastift\/debatt\/debatt_2020-12-14_unt\/#breadcrumb"},"inLanguage":"sv-SE","potentialAction":[{"@type":"ReadAction","target":["https:\/\/www.posk.se\/uppsalastift\/debatt\/debatt_2020-12-14_unt\/"]}]},{"@type":"BreadcrumbList","@id":"https:\/\/www.posk.se\/uppsalastift\/debatt\/debatt_2020-12-14_unt\/#breadcrumb","itemListElement":[{"@type":"ListItem","position":1,"name":"Hem","item":"https:\/\/www.posk.se\/uppsalastift\/"},{"@type":"ListItem","position":2,"name":"Debattartiklar","item":"https:\/\/www.posk.se\/uppsalastift\/debatt\/"},{"@type":"ListItem","position":3,"name":"Debatt: Upsala Nya Tidning 14 december 2020"}]},{"@type":"WebSite","@id":"https:\/\/www.posk.se\/uppsalastift\/#website","url":"https:\/\/www.posk.se\/uppsalastift\/","name":"STIFTSF\u00d6RENING Uppsala","description":"Stiftsf\u00f6reningen f\u00f6r POSK i Uppsala stift","potentialAction":[{"@type":"SearchAction","target":{"@type":"EntryPoint","urlTemplate":"https:\/\/www.posk.se\/uppsalastift\/?s={search_term_string}"},"query-input":{"@type":"PropertyValueSpecification","valueRequired":true,"valueName":"search_term_string"}}],"inLanguage":"sv-SE"}]}},"_links":{"self":[{"href":"https:\/\/www.posk.se\/uppsalastift\/wp-json\/wp\/v2\/pages\/165","targetHints":{"allow":["GET"]}}],"collection":[{"href":"https:\/\/www.posk.se\/uppsalastift\/wp-json\/wp\/v2\/pages"}],"about":[{"href":"https:\/\/www.posk.se\/uppsalastift\/wp-json\/wp\/v2\/types\/page"}],"author":[{"embeddable":true,"href":"https:\/\/www.posk.se\/uppsalastift\/wp-json\/wp\/v2\/users\/154"}],"replies":[{"embeddable":true,"href":"https:\/\/www.posk.se\/uppsalastift\/wp-json\/wp\/v2\/comments?post=165"}],"version-history":[{"count":3,"href":"https:\/\/www.posk.se\/uppsalastift\/wp-json\/wp\/v2\/pages\/165\/revisions"}],"predecessor-version":[{"id":174,"href":"https:\/\/www.posk.se\/uppsalastift\/wp-json\/wp\/v2\/pages\/165\/revisions\/174"}],"up":[{"embeddable":true,"href":"https:\/\/www.posk.se\/uppsalastift\/wp-json\/wp\/v2\/pages\/74"}],"wp:attachment":[{"href":"https:\/\/www.posk.se\/uppsalastift\/wp-json\/wp\/v2\/media?parent=165"}],"curies":[{"name":"wp","href":"https:\/\/api.w.org\/{rel}","templated":true}]}}