{"id":69,"date":"2017-09-12T21:37:46","date_gmt":"2017-09-12T19:37:46","guid":{"rendered":"https:\/\/www.posk.se\/uppsala\/?page_id=69"},"modified":"2025-08-21T19:14:07","modified_gmt":"2025-08-21T17:14:07","slug":"kandidater","status":"publish","type":"page","link":"https:\/\/www.posk.se\/uppsala\/kandidater\/","title":{"rendered":"V\u00e5ra kandidater"},"content":{"rendered":"<h4><strong>Val till kyrkofullm\u00e4ktige i Uppsala pastorat<\/strong><\/h4>\n<p class=\"p1\">1. Martin Nilsson, Informat\u00f6r, Gamla Uppsala<br \/>\n2. Britt Louise Agrell, Advokat, Domkyrko<br \/>\n3. Anders Br\u00e4nnstr\u00f6m, Strategisk r\u00e5dgivare, Domkyrko<br \/>\n4 .Christina Swedberg, Bibliotekarie, Vaksala<br \/>\n5 .Maria Hillerdal, L\u00e4kare, Helga Trefaldighet<br \/>\n6. Lena Zeller, B\u00e4ckstr\u00f6m Leg. gymnasiel\u00e4rare, Helga Trefaldighet<br \/>\n7.O.skar Sk\u00e4remo, Samordnare, Domkyrko<br \/>\n8. Maria Eriksson, Lantm\u00e4teriingenj\u00f6r, Helga Trefaldighet<br \/>\n9. Elisabeth Rehnman, H\u00f6rselr\u00e5dgivare, Domkyrko<br \/>\n10. Olof Bergendal, Jurist, Gottsunda<br \/>\n11. Helena Bostr\u00f6m, Banktj\u00e4nsteman, Gottsunda<br \/>\n12. Arne Larsson, Projektledare, Helga Trefaldighet<br \/>\n13. Eva Noreborg, Kyrkv\u00e4rd, Gamla Uppsala<br \/>\n14. Josefine Carls\u00e9n \u00c5kerfeldt, Specialistsjuksk\u00f6terska, Domkyrko<br \/>\n15. Maria Hammarstr\u00f6m, F\u00f6rsamlingspedagog, Helga Trefaldighet<br \/>\n16. Maria Lundberg, Diakon\/barnmorska, Domkyrko<br \/>\n17. Christoffer Skogholt, Doktorand, religionsfilosofi, Gamla Uppsala<br \/>\n18. Annika Sj\u00f6qvist Platzer, Journalist, Domkyrko<br \/>\n19. Sofia Imberg Kelhoffer, Kommunikat\u00f6r, Gottsunda<br \/>\n20. Leif Nordenstorm, Direktor, Domkyrko<br \/>\n21. Elisabeth Hultcrantz, Seniorprofessor, Helga Trefaldighet<br \/>\n22. Helen Sverkel, Sjuksk\u00f6terska, Gamla Uppsala<br \/>\n23. M\u00e5rten Sundmark, Fil Kand, Domkyrko<br \/>\n24. Tilde F\u00e5ng Norman, Barnsk\u00f6tare, Gamla Uppsala<br \/>\n25. Mats Wahlberg, Docent, Domkyrko<br \/>\n26. Eva Sj\u00f6berg, Kyrkv\u00e4rd, Gottsunda<br \/>\n27. Eva\u2010May Ohlander, Kyrkv\u00e4rd, Gottsunda<br \/>\n28. Birgitta Sidb\u00e4ck, Kyrkv\u00e4rd, Vaksala<br \/>\n29. G\u00f6te Swedberg, Docent, Gamla Uppsala<br \/>\n30. Ingvar Karlsson, Ekonom, Gamla Uppsala<\/p>\n<h4><strong>Val till stiftsfullm\u00e4ktige, Uppsala valkrets<\/strong><\/h4>\n<p class=\"p1\">1. Anders Br\u00e4nnstr\u00f6m 68 \u00e5r, strategisk r\u00e5dgivare<br \/>\n2. Kicki Lid\u00e9n 68 \u00e5r, guide, Tuna<br \/>\n3. Lena Zeller 64 \u00e5r, leg. l\u00e4rare, Uppsala<br \/>\n4. Eva Noreborg 80 \u00e5r, administrat\u00f6r, Gamla Uppsala<br \/>\n5. Josefine Carls\u00e9n \u00c5kerfeldt 28 \u00e5r, specialistsjuksk\u00f6terska, Uppsala<br \/>\n6. Maria Hammarstr\u00f6m 62 \u00e5r, f\u00f6rsamlingspedagog, Uppsala<br \/>\n7. Lars\u2010Gunnar Karlsson 75 \u00e5r, fd. lantbrukare, Tuna<br \/>\n8. M\u00e5rten Sundmark 57 \u00e5r, fil. Kand., Uppsala<br \/>\n9. Tilde F\u00e5ng Norman 30 \u00e5r, barnsk\u00f6tare, Uppsala<br \/>\n10. Leif Nordenstorm 64 \u00e5r, direktor, Uppsala<br \/>\n11. Christoffer Skogholt 43 \u00e5r, doktorand i religionsfilosofi, Uppsala<br \/>\n12. Olof Bergendal 37 \u00e5r, jurist, Uppsala<br \/>\n13. Elisabeth Rehnman 65 \u00e5r, h\u00f6rselr\u00e5dgivare, Uppsala<br \/>\n14. Sofia Imberg Kelhoffer 53 \u00e5r, kommunikat\u00f6r, Uppsala<br \/>\n15. Martin Nilsson 76 \u00e5r, informat\u00f6r, Gamla Uppsala<br \/>\n16. Erika Cyrillus 62 \u00e5r, pr\u00e4st, Veckholm<br \/>\n17. Erika Boije 35 \u00e5r, doktorand i kyrkohistoria, Vattholma<br \/>\n18. Emma Hedlundh 47 \u00e5r, pr\u00e4st, L\u00f6vstal\u00f6t<br \/>\n19. Sandra Hansson 39 \u00e5r, f\u00f6rsamlingsassistent, Sk\u00e4fthammar\u2010H\u00f6khuvud<br \/>\n20. Ulf Jacobson 61 \u00e5r, vd, Uppsala<br \/>\n21. Agneta Hedlundh 83 \u00e5r, skolkonsulent, Norrt\u00e4lje<br \/>\n22. Christian Nordberg 75 \u00e5r, ingenj\u00f6r, B\u00e5lsta<br \/>\n23. Eva Fellin 65 \u00e5r, l\u00e4rare, Vassunda, Knivsta<br \/>\n24. Leif Svensson 72 \u00e5r, pensionerad flygkapten, Knivsta<br \/>\n25. Mikael H\u00f6gstr\u00f6m 64 \u00e5r, v\u00e4ktare, Skokloster<br \/>\n26. Folke Bengtsson 62 \u00e5r, enhetschef, Knivsta<br \/>\n27. Mattias Lundberg 48 \u00e5r, professor i musikvetenskap, M\u00e4rsta<br \/>\n28. Lena Abj\u00f6rner 65 \u00e5r, bist\u00e5ndshandl\u00e4ggare, Knivsta<br \/>\n29. Anders Johansson 62 \u00e5r, kyrkoherde, Knivsta<br \/>\n30. Elsmari Rutersten 65 \u00e5r, bibliotekarie, Kalmar\u2010Yttergran<br \/>\n31. Kajsa Berg 62 \u00e5r, pr\u00e4st, Valbo<br \/>\n32. Elmer Larsson 18 \u00e5r, gymnasiestudent, G\u00e4vle<br \/>\n33. Ida Svartholm 41 \u00e5r, ekolog, Valbo<br \/>\n34. Erik Tiveskog 35 \u00e5r, kundtj\u00e4nst, G\u00e4vle<br \/>\n35. Maria Lindstr\u00f6m 54 \u00e5r, pr\u00e4st, G\u00e4vle<br \/>\n36. Nils Gunnar Kempe 77 \u00e5r, pension\u00e4r, Sandviken<br \/>\n37. Boel Johansson 73 \u00e5r, pr\u00e4st, G\u00e4vle<br \/>\n38. Curt\u2010Ingvar Hamr\u00e9n 76 \u00e5r, pension\u00e4r, G\u00e4vle<br \/>\n39. Meta M\u00e5hl 71 \u00e5r, fd f\u00f6rsamlingspedagog, G\u00e4vle<br \/>\n40. Martti Halming 78 \u00e5r, pr\u00e4st em, G\u00e4vle<br \/>\n41. Mari Dahl 66 \u00e5r, kyrkomusiker, Valbo<br \/>\n42. Andreas Onelius 42 \u00e5r, diakon, Norrala<br \/>\n43. Anna\u2010Lena Arousell Berglund 77 \u00e5r, f\u00f6rsamlingspedagog, Harm\u00e5nger<br \/>\n44. Cina Kedvall 67 \u00e5r, f\u00f6rsamlingspedagog, Skog<br \/>\n45. Lena Linder 68 \u00e5r, pension\u00e4r, Hudiksvall<br \/>\n46. Lenita M\u00e5np\u00e4rla 59 \u00e5r, sjukpension\u00e4r, Skokloster<br \/>\n47. Barbro Ryttlinger 79 \u00e5r, specialpedagog, Hudiksvall<br \/>\n48. Anders Dillmar 70 \u00e5r, kyrkomusiker &amp; musikforskare, Danmark\u2010Funbo<\/p>\n<h4><strong>Val till kyrkom\u00f6tet,\u00a0 Uppsala stifts valkrets<br \/>\n<\/strong><\/h4>\n<p class=\"p1\">1. Erik Sj\u00f6strand 44 \u00e5r, verksamhetschef, ekon.dr, Uppsala<br \/>\n2. Josefine Carls\u00e9n \u00c5kerfeldt 28 \u00e5r, specialistsjuksk\u00f6terska, Uppsala<br \/>\n3. Emma Hedlundh 47 \u00e5r, pr\u00e4st , L\u00f6vstal\u00f6t<br \/>\n4. Kicki Lid\u00e9n 68 \u00e5r, guide, Tuna<br \/>\n5. Mattias Lundberg 48 \u00e5r, professor i musikvetenskap, Valsta<br \/>\n6. Folke Bengtsson 62 \u00e5r, enhetschef, Knivsta<br \/>\n7. Elmer Larsson 18 \u00e5r, gymnasiestudent, G\u00e4vle<br \/>\n8. Kajsa Berg 62 \u00e5r, pr\u00e4st, Valbo<br \/>\n9. Erika Cyrillus 62 \u00e5r, pr\u00e4st, Veckholm<br \/>\n10. Christoffer Skogholt 43 \u00e5r, doktorand i religionsfilosofi, Uppsala<br \/>\n11. Mikael H\u00f6gstr\u00f6m 64 \u00e5r, v\u00e4ktare, Skokloster<br \/>\n12. Nils Gunnar Kempe 77 \u00e5r, pension\u00e4r, Sandviken<br \/>\n13. Curt\u2010Ingvar Hamr\u00e9n 76 \u00e5r, pension\u00e4r, G\u00e4vle<br \/>\n14. Leif Svensson 72 \u00e5r, pensionerad flygkapten, Knivsta<br \/>\n15. Cina Kedvall 67 \u00e5r, f\u00f6rsamlingspedagog , Skog<br \/>\n16. Lars\u2010Gunnar Karlsson 75 \u00e5r, fd. lantbrukare, Tuna<br \/>\n17. Mattias Larsson 46 \u00e5r, pedagog i svenska kyrkan, G\u00e4vle<br \/>\n18. Lena Zeller 64 \u00e5r, leg. l\u00e4rare, Uppsala<br \/>\n19. Lena Linder 68 \u00e5r, pension\u00e4r, Hudiksvall<br \/>\n20. Christian Nordberg 75 \u00e5r, ingenj\u00f6r, B\u00e5lsta<br \/>\n21. Leif Nordenstorm 64 \u00e5r, direktor, Uppsala<br \/>\n22. Erik Tiveskog 35 \u00e5r, kundtj\u00e4nst, G\u00e4vle<br \/>\n23. Eva Fellin 65 \u00e5r, l\u00e4rare, Vassunda, Knivsta<br \/>\n24. Olof Bergendal 37 \u00e5r, jurist, Uppsala<br \/>\n25. Agneta Hedlundh 83 \u00e5r, skolkonsulent, Norrt\u00e4lje<br \/>\n26. Elisabeth Rehnman 65 \u00e5r, h\u00f6rselr\u00e5dgivare, Uppsala<br \/>\n27. Martti Halming 78 \u00e5r, pr\u00e4st em, G\u00e4vle<br \/>\n28. Maria Lindstr\u00f6m 54 \u00e5r, pr\u00e4st, G\u00e4vle<br \/>\n29. Ida Svartholm 41 \u00e5r, ekolog, Valbo<br \/>\n30. Anders Dillmar 70 \u00e5r, kyrkomusiker &amp; musikforskare, Danmark\u2010Funbo<br \/>\n31. Anders Br\u00e4nnstr\u00f6m 68 \u00e5r, strategisk r\u00e5dgivare, Uppsala<\/p>\n","protected":false},"excerpt":{"rendered":"<p>Val till kyrkofullm\u00e4ktige i Uppsala pastorat 1. Martin Nilsson, Informat\u00f6r, Gamla Uppsala 2. Britt Louise Agrell, Advokat, Domkyrko 3. Anders Br\u00e4nnstr\u00f6m, Strategisk r\u00e5dgivare, Domkyrko 4 .Christina Swedberg, Bibliotekarie, Vaksala 5 .Maria Hillerdal, L\u00e4kare, Helga Trefaldighet 6. Lena Zeller, B\u00e4ckstr\u00f6m Leg. gymnasiel\u00e4rare, Helga Trefaldighet 7.O.skar Sk\u00e4remo, Samordnare, Domkyrko 8. Maria Eriksson, Lantm\u00e4teriingenj\u00f6r, Helga Trefaldighet 9. Elisabeth [&hellip;]<\/p>\n","protected":false},"author":154,"featured_media":0,"parent":0,"menu_order":2,"comment_status":"closed","ping_status":"closed","template":"page-templates\/page-sidebar-left.php","meta":{"_acf_changed":false,"footnotes":""},"class_list":["post-69","page","type-page","status-publish","hentry"],"acf":[],"yoast_head":"<!-- This site is optimized with the Yoast SEO plugin v24.9 - https:\/\/yoast.com\/wordpress\/plugins\/seo\/ -->\n<title>V\u00e5ra kandidater - Uppsala<\/title>\n<meta name=\"robots\" content=\"index, follow, max-snippet:-1, max-image-preview:large, max-video-preview:-1\" \/>\n<link rel=\"canonical\" href=\"https:\/\/www.posk.se\/uppsala\/kandidater\/\" \/>\n<meta property=\"og:locale\" content=\"sv_SE\" \/>\n<meta property=\"og:type\" content=\"article\" \/>\n<meta property=\"og:title\" content=\"V\u00e5ra kandidater - Uppsala\" \/>\n<meta property=\"og:description\" content=\"Val till kyrkofullm\u00e4ktige i Uppsala pastorat 1. Martin Nilsson, Informat\u00f6r, Gamla Uppsala 2. Britt Louise Agrell, Advokat, Domkyrko 3. Anders Br\u00e4nnstr\u00f6m, Strategisk r\u00e5dgivare, Domkyrko 4 .Christina Swedberg, Bibliotekarie, Vaksala 5 .Maria Hillerdal, L\u00e4kare, Helga Trefaldighet 6. Lena Zeller, B\u00e4ckstr\u00f6m Leg. gymnasiel\u00e4rare, Helga Trefaldighet 7.O.skar Sk\u00e4remo, Samordnare, Domkyrko 8. Maria Eriksson, Lantm\u00e4teriingenj\u00f6r, Helga Trefaldighet 9. Elisabeth [&hellip;]\" \/>\n<meta property=\"og:url\" content=\"https:\/\/www.posk.se\/uppsala\/kandidater\/\" \/>\n<meta property=\"og:site_name\" content=\"Uppsala\" \/>\n<meta property=\"article:modified_time\" content=\"2025-08-21T17:14:07+00:00\" \/>\n<meta name=\"twitter:card\" content=\"summary_large_image\" \/>\n<meta name=\"twitter:label1\" content=\"Ber\u00e4knad l\u00e4stid\" \/>\n\t<meta name=\"twitter:data1\" content=\"4 minuter\" \/>\n<script type=\"application\/ld+json\" class=\"yoast-schema-graph\">{\"@context\":\"https:\/\/schema.org\",\"@graph\":[{\"@type\":\"WebPage\",\"@id\":\"https:\/\/www.posk.se\/uppsala\/kandidater\/\",\"url\":\"https:\/\/www.posk.se\/uppsala\/kandidater\/\",\"name\":\"V\u00e5ra kandidater - Uppsala\",\"isPartOf\":{\"@id\":\"https:\/\/www.posk.se\/uppsala\/#website\"},\"datePublished\":\"2017-09-12T19:37:46+00:00\",\"dateModified\":\"2025-08-21T17:14:07+00:00\",\"breadcrumb\":{\"@id\":\"https:\/\/www.posk.se\/uppsala\/kandidater\/#breadcrumb\"},\"inLanguage\":\"sv-SE\",\"potentialAction\":[{\"@type\":\"ReadAction\",\"target\":[\"https:\/\/www.posk.se\/uppsala\/kandidater\/\"]}]},{\"@type\":\"BreadcrumbList\",\"@id\":\"https:\/\/www.posk.se\/uppsala\/kandidater\/#breadcrumb\",\"itemListElement\":[{\"@type\":\"ListItem\",\"position\":1,\"name\":\"Hem\",\"item\":\"https:\/\/www.posk.se\/uppsala\/\"},{\"@type\":\"ListItem\",\"position\":2,\"name\":\"V\u00e5ra kandidater\"}]},{\"@type\":\"WebSite\",\"@id\":\"https:\/\/www.posk.se\/uppsala\/#website\",\"url\":\"https:\/\/www.posk.se\/uppsala\/\",\"name\":\"Uppsala\",\"description\":\"POSK-grupp i Uppsala stift\",\"potentialAction\":[{\"@type\":\"SearchAction\",\"target\":{\"@type\":\"EntryPoint\",\"urlTemplate\":\"https:\/\/www.posk.se\/uppsala\/?s={search_term_string}\"},\"query-input\":{\"@type\":\"PropertyValueSpecification\",\"valueRequired\":true,\"valueName\":\"search_term_string\"}}],\"inLanguage\":\"sv-SE\"}]}<\/script>\n<!-- \/ Yoast SEO plugin. -->","yoast_head_json":{"title":"V\u00e5ra kandidater - Uppsala","robots":{"index":"index","follow":"follow","max-snippet":"max-snippet:-1","max-image-preview":"max-image-preview:large","max-video-preview":"max-video-preview:-1"},"canonical":"https:\/\/www.posk.se\/uppsala\/kandidater\/","og_locale":"sv_SE","og_type":"article","og_title":"V\u00e5ra kandidater - Uppsala","og_description":"Val till kyrkofullm\u00e4ktige i Uppsala pastorat 1. Martin Nilsson, Informat\u00f6r, Gamla Uppsala 2. Britt Louise Agrell, Advokat, Domkyrko 3. Anders Br\u00e4nnstr\u00f6m, Strategisk r\u00e5dgivare, Domkyrko 4 .Christina Swedberg, Bibliotekarie, Vaksala 5 .Maria Hillerdal, L\u00e4kare, Helga Trefaldighet 6. Lena Zeller, B\u00e4ckstr\u00f6m Leg. gymnasiel\u00e4rare, Helga Trefaldighet 7.O.skar Sk\u00e4remo, Samordnare, Domkyrko 8. Maria Eriksson, Lantm\u00e4teriingenj\u00f6r, Helga Trefaldighet 9. Elisabeth [&hellip;]","og_url":"https:\/\/www.posk.se\/uppsala\/kandidater\/","og_site_name":"Uppsala","article_modified_time":"2025-08-21T17:14:07+00:00","twitter_card":"summary_large_image","twitter_misc":{"Ber\u00e4knad l\u00e4stid":"4 minuter"},"schema":{"@context":"https:\/\/schema.org","@graph":[{"@type":"WebPage","@id":"https:\/\/www.posk.se\/uppsala\/kandidater\/","url":"https:\/\/www.posk.se\/uppsala\/kandidater\/","name":"V\u00e5ra kandidater - Uppsala","isPartOf":{"@id":"https:\/\/www.posk.se\/uppsala\/#website"},"datePublished":"2017-09-12T19:37:46+00:00","dateModified":"2025-08-21T17:14:07+00:00","breadcrumb":{"@id":"https:\/\/www.posk.se\/uppsala\/kandidater\/#breadcrumb"},"inLanguage":"sv-SE","potentialAction":[{"@type":"ReadAction","target":["https:\/\/www.posk.se\/uppsala\/kandidater\/"]}]},{"@type":"BreadcrumbList","@id":"https:\/\/www.posk.se\/uppsala\/kandidater\/#breadcrumb","itemListElement":[{"@type":"ListItem","position":1,"name":"Hem","item":"https:\/\/www.posk.se\/uppsala\/"},{"@type":"ListItem","position":2,"name":"V\u00e5ra kandidater"}]},{"@type":"WebSite","@id":"https:\/\/www.posk.se\/uppsala\/#website","url":"https:\/\/www.posk.se\/uppsala\/","name":"Uppsala","description":"POSK-grupp i Uppsala stift","potentialAction":[{"@type":"SearchAction","target":{"@type":"EntryPoint","urlTemplate":"https:\/\/www.posk.se\/uppsala\/?s={search_term_string}"},"query-input":{"@type":"PropertyValueSpecification","valueRequired":true,"valueName":"search_term_string"}}],"inLanguage":"sv-SE"}]}},"_links":{"self":[{"href":"https:\/\/www.posk.se\/uppsala\/wp-json\/wp\/v2\/pages\/69","targetHints":{"allow":["GET"]}}],"collection":[{"href":"https:\/\/www.posk.se\/uppsala\/wp-json\/wp\/v2\/pages"}],"about":[{"href":"https:\/\/www.posk.se\/uppsala\/wp-json\/wp\/v2\/types\/page"}],"author":[{"embeddable":true,"href":"https:\/\/www.posk.se\/uppsala\/wp-json\/wp\/v2\/users\/154"}],"replies":[{"embeddable":true,"href":"https:\/\/www.posk.se\/uppsala\/wp-json\/wp\/v2\/comments?post=69"}],"version-history":[{"count":34,"href":"https:\/\/www.posk.se\/uppsala\/wp-json\/wp\/v2\/pages\/69\/revisions"}],"predecessor-version":[{"id":559,"href":"https:\/\/www.posk.se\/uppsala\/wp-json\/wp\/v2\/pages\/69\/revisions\/559"}],"wp:attachment":[{"href":"https:\/\/www.posk.se\/uppsala\/wp-json\/wp\/v2\/media?parent=69"}],"curies":[{"name":"wp","href":"https:\/\/api.w.org\/{rel}","templated":true}]}}