{"id":60,"date":"2017-09-01T22:51:31","date_gmt":"2017-09-01T20:51:31","guid":{"rendered":"https:\/\/www.posk.se\/uppsala\/?page_id=60"},"modified":"2025-12-11T11:57:07","modified_gmt":"2025-12-11T10:57:07","slug":"om-oss","status":"publish","type":"page","link":"https:\/\/www.posk.se\/uppsala\/om-oss\/","title":{"rendered":"Om oss &amp; Kontakt"},"content":{"rendered":"<h3><b>Kontakt<\/b><\/h3>\n<p>Du f\u00e5r enklast kontakt med POSK i Uppsala genom representanter f\u00f6r styrelsen<\/p>\n<p>Martin Nilsson, \u00a0ordf\u00f6rande, 073 658 7042, <a href=\"mailto:martin.efs.nu@gmail.com\">martin.nilsson.gu@gmail.com<\/a><\/p>\n<p>Eva Sj\u00f6berg, sekreterare, 076 941 96 90 <a href=\"mailto:eva-may.ohlander@telia.com\">eilerteva@gmail.com<\/a><\/p>\n<p>Du kan ocks\u00e5 ta kontakt via Facebook:\u00a0<a href=\"http:\/\/facebook.com\/poskuppsala\">facebook.com\/poskuppsala<\/a><\/p>\n<h3><b>M\u00f6ten<\/b><\/h3>\n<p>POSK i Uppsala bjuder regelbundet in till medlemsm\u00f6ten.<\/p>\n<h3><b>Medlemskap<\/b><\/h3>\n<p>Medlemskap i POSK i Uppsala \u00e4r \u00f6ppet b\u00e5de f\u00f6r den som vill visa sitt st\u00f6d och f\u00f6r den som vill g\u00f6ra en insats. Det kostar 50 kr f\u00f6r ett \u00e5r.<br \/>\nBetala via Swish <strong><b>123 210 24 24<\/b><\/strong> Skriv &#8221;medlemsavgift Uppsala pastorat \u00e5r &#8230; och ditt namn.&#8221;\u00a0 <img loading=\"lazy\" decoding=\"async\" class=\"alignnone wp-image-532\" src=\"https:\/\/www.posk.se\/uppsala\/wp-content\/uploads\/sites\/180\/2024\/02\/swish-qr-large-3-medlavg-2024-263x300.png\" alt=\"\" width=\"148\" height=\"169\" srcset=\"https:\/\/www.posk.se\/uppsala\/wp-content\/uploads\/sites\/180\/2024\/02\/swish-qr-large-3-medlavg-2024-263x300.png 263w, https:\/\/www.posk.se\/uppsala\/wp-content\/uploads\/sites\/180\/2024\/02\/swish-qr-large-3-medlavg-2024-897x1024.png 897w, https:\/\/www.posk.se\/uppsala\/wp-content\/uploads\/sites\/180\/2024\/02\/swish-qr-large-3-medlavg-2024-768x877.png 768w, https:\/\/www.posk.se\/uppsala\/wp-content\/uploads\/sites\/180\/2024\/02\/swish-qr-large-3-medlavg-2024-330x377.png 330w, https:\/\/www.posk.se\/uppsala\/wp-content\/uploads\/sites\/180\/2024\/02\/swish-qr-large-3-medlavg-2024.png 930w\" sizes=\"auto, (max-width: 148px) 100vw, 148px\" \/><\/p>\n<p>Eller via bankgiro <strong>379-6265<br \/>\n<\/strong>Obs! D\u00e5 m\u00e5ste du skriva \u201dMedlemsavgift Posk Uppsala, \u00e5r f\u00f6r avgift och ditt namn.<\/p>\n<h3><strong>Styrelsen<\/strong><\/h3>\n<p>I styrelsen f\u00f6r POSK i Uppsala pastorat finns representanter f\u00f6r de fem f\u00f6rsamlingarna i pastoratet. Sedan h\u00f6sten 2007 finns en gemensam styrelse f\u00f6r POSK i Uppsala. I den gemensamma f\u00f6reningen samverkar vi och samr\u00e5der.<\/p>\n<p>N\u00e4r Uppsala pastorat bildades 2014 med ett gemensamt kyrkor\u00e5d och fem f\u00f6rsamlingsr\u00e5d blev det \u00e4n viktigare att samr\u00e5da f\u00f6r att kunna ta h\u00e4nsyn till behoven i b\u00e5de den enskilda f\u00f6rsamlingen och i pastoratet som helhet.<\/p>\n<h4>Ordinarie styrelseledam\u00f6ter<\/h4>\n<p>Martin Nilsson, Gamla Uppsala f\u00f6rsamling, ordf\u00f6rande, martin.nilsson.gu@gmail.com<\/p>\n<p>Maria Hillerdal, Helga Trefaldighets f\u00f6rsamling<\/p>\n<p>Birgitta Sidb\u00e4ck, Vaksala f\u00f6rsamling<\/p>\n<p>Vakant, Domkyrkof\u00f6rsamlingen<\/p>\n<p>Eva Sj\u00f6berg, Gottsunda f\u00f6rsamling, sekreterare<\/p>\n<h4>Ers\u00e4ttare<\/h4>\n<p>Vakant, Gamla Uppsala f\u00f6rsamling<\/p>\n<p>Elisabeth Paulette Hultcrantz, Helga Trefaldighets f\u00f6rsamling<\/p>\n<p>Christina Swedberg, Vaksala f\u00f6rsamling<\/p>\n<p>Josefine Carls\u00e9n \u00c5kerfeldt, Domkyrkof\u00f6rsamlingen<\/p>\n<p>Eva-May Ohlander, Gottsunda f\u00f6rsamling, kass\u00f6r<\/p>\n","protected":false},"excerpt":{"rendered":"<p>Kontakt Du f\u00e5r enklast kontakt med POSK i Uppsala genom representanter f\u00f6r styrelsen Martin Nilsson, \u00a0ordf\u00f6rande, 073 658 7042, martin.nilsson.gu@gmail.com Eva Sj\u00f6berg, sekreterare, 076 941 96 90 eilerteva@gmail.com Du kan ocks\u00e5 ta kontakt via Facebook:\u00a0facebook.com\/poskuppsala M\u00f6ten POSK i Uppsala bjuder regelbundet in till medlemsm\u00f6ten. Medlemskap Medlemskap i POSK i Uppsala \u00e4r \u00f6ppet b\u00e5de f\u00f6r den [&hellip;]<\/p>\n","protected":false},"author":154,"featured_media":210,"parent":0,"menu_order":1,"comment_status":"closed","ping_status":"closed","template":"page-templates\/page-sidebar-left.php","meta":{"_acf_changed":false,"footnotes":""},"class_list":["post-60","page","type-page","status-publish","has-post-thumbnail","hentry"],"acf":[],"yoast_head":"<!-- This site is optimized with the Yoast SEO plugin v24.9 - https:\/\/yoast.com\/wordpress\/plugins\/seo\/ -->\n<title>Om oss &amp; Kontakt - Uppsala<\/title>\n<meta name=\"robots\" content=\"index, follow, max-snippet:-1, max-image-preview:large, max-video-preview:-1\" \/>\n<link rel=\"canonical\" href=\"https:\/\/www.posk.se\/uppsala\/om-oss\/\" \/>\n<meta property=\"og:locale\" content=\"sv_SE\" \/>\n<meta property=\"og:type\" content=\"article\" \/>\n<meta property=\"og:title\" content=\"Om oss &amp; Kontakt - Uppsala\" \/>\n<meta property=\"og:description\" content=\"Kontakt Du f\u00e5r enklast kontakt med POSK i Uppsala genom representanter f\u00f6r styrelsen Martin Nilsson, \u00a0ordf\u00f6rande, 073 658 7042, martin.nilsson.gu@gmail.com Eva Sj\u00f6berg, sekreterare, 076 941 96 90 eilerteva@gmail.com Du kan ocks\u00e5 ta kontakt via Facebook:\u00a0facebook.com\/poskuppsala M\u00f6ten POSK i Uppsala bjuder regelbundet in till medlemsm\u00f6ten. Medlemskap Medlemskap i POSK i Uppsala \u00e4r \u00f6ppet b\u00e5de f\u00f6r den [&hellip;]\" \/>\n<meta property=\"og:url\" content=\"https:\/\/www.posk.se\/uppsala\/om-oss\/\" \/>\n<meta property=\"og:site_name\" content=\"Uppsala\" \/>\n<meta property=\"article:modified_time\" content=\"2025-12-11T10:57:07+00:00\" \/>\n<meta property=\"og:image\" content=\"https:\/\/www.posk.se\/uppsala\/wp-content\/uploads\/sites\/180\/2021\/03\/contact-3994018-1920.jpg\" \/>\n\t<meta property=\"og:image:width\" content=\"1920\" \/>\n\t<meta property=\"og:image:height\" content=\"1280\" \/>\n\t<meta property=\"og:image:type\" content=\"image\/jpeg\" \/>\n<meta name=\"twitter:card\" content=\"summary_large_image\" \/>\n<meta name=\"twitter:label1\" content=\"Ber\u00e4knad l\u00e4stid\" \/>\n\t<meta name=\"twitter:data1\" content=\"2 minuter\" \/>\n<script type=\"application\/ld+json\" class=\"yoast-schema-graph\">{\"@context\":\"https:\/\/schema.org\",\"@graph\":[{\"@type\":\"WebPage\",\"@id\":\"https:\/\/www.posk.se\/uppsala\/om-oss\/\",\"url\":\"https:\/\/www.posk.se\/uppsala\/om-oss\/\",\"name\":\"Om oss &amp; Kontakt - Uppsala\",\"isPartOf\":{\"@id\":\"https:\/\/www.posk.se\/uppsala\/#website\"},\"primaryImageOfPage\":{\"@id\":\"https:\/\/www.posk.se\/uppsala\/om-oss\/#primaryimage\"},\"image\":{\"@id\":\"https:\/\/www.posk.se\/uppsala\/om-oss\/#primaryimage\"},\"thumbnailUrl\":\"https:\/\/www.posk.se\/uppsala\/wp-content\/uploads\/sites\/180\/2021\/03\/contact-3994018-1920.jpg\",\"datePublished\":\"2017-09-01T20:51:31+00:00\",\"dateModified\":\"2025-12-11T10:57:07+00:00\",\"breadcrumb\":{\"@id\":\"https:\/\/www.posk.se\/uppsala\/om-oss\/#breadcrumb\"},\"inLanguage\":\"sv-SE\",\"potentialAction\":[{\"@type\":\"ReadAction\",\"target\":[\"https:\/\/www.posk.se\/uppsala\/om-oss\/\"]}]},{\"@type\":\"ImageObject\",\"inLanguage\":\"sv-SE\",\"@id\":\"https:\/\/www.posk.se\/uppsala\/om-oss\/#primaryimage\",\"url\":\"https:\/\/www.posk.se\/uppsala\/wp-content\/uploads\/sites\/180\/2021\/03\/contact-3994018-1920.jpg\",\"contentUrl\":\"https:\/\/www.posk.se\/uppsala\/wp-content\/uploads\/sites\/180\/2021\/03\/contact-3994018-1920.jpg\",\"width\":1920,\"height\":1280},{\"@type\":\"BreadcrumbList\",\"@id\":\"https:\/\/www.posk.se\/uppsala\/om-oss\/#breadcrumb\",\"itemListElement\":[{\"@type\":\"ListItem\",\"position\":1,\"name\":\"Hem\",\"item\":\"https:\/\/www.posk.se\/uppsala\/\"},{\"@type\":\"ListItem\",\"position\":2,\"name\":\"Om oss &amp; Kontakt\"}]},{\"@type\":\"WebSite\",\"@id\":\"https:\/\/www.posk.se\/uppsala\/#website\",\"url\":\"https:\/\/www.posk.se\/uppsala\/\",\"name\":\"Uppsala\",\"description\":\"POSK-grupp i Uppsala stift\",\"potentialAction\":[{\"@type\":\"SearchAction\",\"target\":{\"@type\":\"EntryPoint\",\"urlTemplate\":\"https:\/\/www.posk.se\/uppsala\/?s={search_term_string}\"},\"query-input\":{\"@type\":\"PropertyValueSpecification\",\"valueRequired\":true,\"valueName\":\"search_term_string\"}}],\"inLanguage\":\"sv-SE\"}]}<\/script>\n<!-- \/ Yoast SEO plugin. -->","yoast_head_json":{"title":"Om oss &amp; Kontakt - Uppsala","robots":{"index":"index","follow":"follow","max-snippet":"max-snippet:-1","max-image-preview":"max-image-preview:large","max-video-preview":"max-video-preview:-1"},"canonical":"https:\/\/www.posk.se\/uppsala\/om-oss\/","og_locale":"sv_SE","og_type":"article","og_title":"Om oss &amp; Kontakt - Uppsala","og_description":"Kontakt Du f\u00e5r enklast kontakt med POSK i Uppsala genom representanter f\u00f6r styrelsen Martin Nilsson, \u00a0ordf\u00f6rande, 073 658 7042, martin.nilsson.gu@gmail.com Eva Sj\u00f6berg, sekreterare, 076 941 96 90 eilerteva@gmail.com Du kan ocks\u00e5 ta kontakt via Facebook:\u00a0facebook.com\/poskuppsala M\u00f6ten POSK i Uppsala bjuder regelbundet in till medlemsm\u00f6ten. Medlemskap Medlemskap i POSK i Uppsala \u00e4r \u00f6ppet b\u00e5de f\u00f6r den [&hellip;]","og_url":"https:\/\/www.posk.se\/uppsala\/om-oss\/","og_site_name":"Uppsala","article_modified_time":"2025-12-11T10:57:07+00:00","og_image":[{"width":1920,"height":1280,"url":"https:\/\/www.posk.se\/uppsala\/wp-content\/uploads\/sites\/180\/2021\/03\/contact-3994018-1920.jpg","type":"image\/jpeg"}],"twitter_card":"summary_large_image","twitter_misc":{"Ber\u00e4knad l\u00e4stid":"2 minuter"},"schema":{"@context":"https:\/\/schema.org","@graph":[{"@type":"WebPage","@id":"https:\/\/www.posk.se\/uppsala\/om-oss\/","url":"https:\/\/www.posk.se\/uppsala\/om-oss\/","name":"Om oss &amp; Kontakt - Uppsala","isPartOf":{"@id":"https:\/\/www.posk.se\/uppsala\/#website"},"primaryImageOfPage":{"@id":"https:\/\/www.posk.se\/uppsala\/om-oss\/#primaryimage"},"image":{"@id":"https:\/\/www.posk.se\/uppsala\/om-oss\/#primaryimage"},"thumbnailUrl":"https:\/\/www.posk.se\/uppsala\/wp-content\/uploads\/sites\/180\/2021\/03\/contact-3994018-1920.jpg","datePublished":"2017-09-01T20:51:31+00:00","dateModified":"2025-12-11T10:57:07+00:00","breadcrumb":{"@id":"https:\/\/www.posk.se\/uppsala\/om-oss\/#breadcrumb"},"inLanguage":"sv-SE","potentialAction":[{"@type":"ReadAction","target":["https:\/\/www.posk.se\/uppsala\/om-oss\/"]}]},{"@type":"ImageObject","inLanguage":"sv-SE","@id":"https:\/\/www.posk.se\/uppsala\/om-oss\/#primaryimage","url":"https:\/\/www.posk.se\/uppsala\/wp-content\/uploads\/sites\/180\/2021\/03\/contact-3994018-1920.jpg","contentUrl":"https:\/\/www.posk.se\/uppsala\/wp-content\/uploads\/sites\/180\/2021\/03\/contact-3994018-1920.jpg","width":1920,"height":1280},{"@type":"BreadcrumbList","@id":"https:\/\/www.posk.se\/uppsala\/om-oss\/#breadcrumb","itemListElement":[{"@type":"ListItem","position":1,"name":"Hem","item":"https:\/\/www.posk.se\/uppsala\/"},{"@type":"ListItem","position":2,"name":"Om oss &amp; Kontakt"}]},{"@type":"WebSite","@id":"https:\/\/www.posk.se\/uppsala\/#website","url":"https:\/\/www.posk.se\/uppsala\/","name":"Uppsala","description":"POSK-grupp i Uppsala stift","potentialAction":[{"@type":"SearchAction","target":{"@type":"EntryPoint","urlTemplate":"https:\/\/www.posk.se\/uppsala\/?s={search_term_string}"},"query-input":{"@type":"PropertyValueSpecification","valueRequired":true,"valueName":"search_term_string"}}],"inLanguage":"sv-SE"}]}},"_links":{"self":[{"href":"https:\/\/www.posk.se\/uppsala\/wp-json\/wp\/v2\/pages\/60","targetHints":{"allow":["GET"]}}],"collection":[{"href":"https:\/\/www.posk.se\/uppsala\/wp-json\/wp\/v2\/pages"}],"about":[{"href":"https:\/\/www.posk.se\/uppsala\/wp-json\/wp\/v2\/types\/page"}],"author":[{"embeddable":true,"href":"https:\/\/www.posk.se\/uppsala\/wp-json\/wp\/v2\/users\/154"}],"replies":[{"embeddable":true,"href":"https:\/\/www.posk.se\/uppsala\/wp-json\/wp\/v2\/comments?post=60"}],"version-history":[{"count":28,"href":"https:\/\/www.posk.se\/uppsala\/wp-json\/wp\/v2\/pages\/60\/revisions"}],"predecessor-version":[{"id":122,"href":"https:\/\/www.posk.se\/uppsala\/wp-json\/wp\/v2\/pages\/60\/revisions\/122"}],"wp:featuredmedia":[{"embeddable":true,"href":"https:\/\/www.posk.se\/uppsala\/wp-json\/wp\/v2\/media\/210"}],"wp:attachment":[{"href":"https:\/\/www.posk.se\/uppsala\/wp-json\/wp\/v2\/media?parent=60"}],"curies":[{"name":"wp","href":"https:\/\/api.w.org\/{rel}","templated":true}]}}