{"id":702,"date":"2025-09-16T14:11:13","date_gmt":"2025-09-16T12:11:13","guid":{"rendered":"https:\/\/www.posk.se\/umea\/?page_id=702"},"modified":"2025-09-16T14:19:45","modified_gmt":"2025-09-16T12:19:45","slug":"valdebatt-i-media","status":"publish","type":"page","link":"https:\/\/www.posk.se\/umea\/valdebatt-i-media\/","title":{"rendered":"Valdebatt i media"},"content":{"rendered":"<h4><span style=\"color: #333399;\">Debattinl\u00e4gg som vi har gjort i lokala medier presenterar vi inom ramen f\u00f6r stiftsf\u00f6reningens sida med sammanst\u00e4llning av debattinl\u00e4gg.\u00a0<\/span><\/h4>\n<h3 style=\"text-align: center;\"><strong><span style=\"color: #993300;\"><a style=\"color: #993300;\" href=\"https:\/\/www.posk.se\/luleastift\/kyrkovalsdebatt\" target=\"_blank\" rel=\"noopener\">Den finns h\u00e4r<\/a><\/span><\/strong><\/h3>\n<p>&nbsp;<\/p>\n","protected":false},"excerpt":{"rendered":"<p>Debattinl\u00e4gg som vi har gjort i lokala medier presenterar vi inom ramen f\u00f6r stiftsf\u00f6reningens sida med sammanst\u00e4llning av debattinl\u00e4gg.\u00a0 Den finns h\u00e4r &nbsp;<\/p>\n","protected":false},"author":54,"featured_media":703,"parent":0,"menu_order":0,"comment_status":"closed","ping_status":"closed","template":"page-templates\/page-sidebar-left.php","meta":{"_acf_changed":false,"footnotes":""},"class_list":["post-702","page","type-page","status-publish","has-post-thumbnail","hentry"],"acf":[],"yoast_head":"<!-- This site is optimized with the Yoast SEO plugin v24.9 - https:\/\/yoast.com\/wordpress\/plugins\/seo\/ -->\n<title>Valdebatt i media - Ume\u00e5 pastorat<\/title>\n<meta name=\"robots\" content=\"index, follow, max-snippet:-1, max-image-preview:large, max-video-preview:-1\" \/>\n<link rel=\"canonical\" href=\"https:\/\/www.posk.se\/umea\/valdebatt-i-media\/\" \/>\n<meta property=\"og:locale\" content=\"sv_SE\" \/>\n<meta property=\"og:type\" content=\"article\" \/>\n<meta property=\"og:title\" content=\"Valdebatt i media - Ume\u00e5 pastorat\" \/>\n<meta property=\"og:description\" content=\"Debattinl\u00e4gg som vi har gjort i lokala medier presenterar vi inom ramen f\u00f6r stiftsf\u00f6reningens sida med sammanst\u00e4llning av debattinl\u00e4gg.\u00a0 Den finns h\u00e4r &nbsp;\" \/>\n<meta property=\"og:url\" content=\"https:\/\/www.posk.se\/umea\/valdebatt-i-media\/\" \/>\n<meta property=\"og:site_name\" content=\"Ume\u00e5 pastorat\" \/>\n<meta property=\"article:modified_time\" content=\"2025-09-16T12:19:45+00:00\" \/>\n<meta property=\"og:image\" content=\"https:\/\/www.posk.se\/umea\/wp-content\/uploads\/sites\/97\/2025\/09\/debatt-giraffer-1280.jpg\" \/>\n\t<meta property=\"og:image:width\" content=\"1280\" \/>\n\t<meta property=\"og:image:height\" content=\"853\" \/>\n\t<meta property=\"og:image:type\" content=\"image\/jpeg\" \/>\n<meta name=\"twitter:card\" content=\"summary_large_image\" \/>\n<meta name=\"twitter:label1\" content=\"Ber\u00e4knad l\u00e4stid\" \/>\n\t<meta name=\"twitter:data1\" content=\"1 minut\" \/>\n<script type=\"application\/ld+json\" class=\"yoast-schema-graph\">{\"@context\":\"https:\/\/schema.org\",\"@graph\":[{\"@type\":\"WebPage\",\"@id\":\"https:\/\/www.posk.se\/umea\/valdebatt-i-media\/\",\"url\":\"https:\/\/www.posk.se\/umea\/valdebatt-i-media\/\",\"name\":\"Valdebatt i media - Ume\u00e5 pastorat\",\"isPartOf\":{\"@id\":\"https:\/\/www.posk.se\/umea\/#website\"},\"primaryImageOfPage\":{\"@id\":\"https:\/\/www.posk.se\/umea\/valdebatt-i-media\/#primaryimage\"},\"image\":{\"@id\":\"https:\/\/www.posk.se\/umea\/valdebatt-i-media\/#primaryimage\"},\"thumbnailUrl\":\"https:\/\/www.posk.se\/umea\/wp-content\/uploads\/sites\/97\/2025\/09\/debatt-giraffer-1280.jpg\",\"datePublished\":\"2025-09-16T12:11:13+00:00\",\"dateModified\":\"2025-09-16T12:19:45+00:00\",\"breadcrumb\":{\"@id\":\"https:\/\/www.posk.se\/umea\/valdebatt-i-media\/#breadcrumb\"},\"inLanguage\":\"sv-SE\",\"potentialAction\":[{\"@type\":\"ReadAction\",\"target\":[\"https:\/\/www.posk.se\/umea\/valdebatt-i-media\/\"]}]},{\"@type\":\"ImageObject\",\"inLanguage\":\"sv-SE\",\"@id\":\"https:\/\/www.posk.se\/umea\/valdebatt-i-media\/#primaryimage\",\"url\":\"https:\/\/www.posk.se\/umea\/wp-content\/uploads\/sites\/97\/2025\/09\/debatt-giraffer-1280.jpg\",\"contentUrl\":\"https:\/\/www.posk.se\/umea\/wp-content\/uploads\/sites\/97\/2025\/09\/debatt-giraffer-1280.jpg\",\"width\":1280,\"height\":853},{\"@type\":\"BreadcrumbList\",\"@id\":\"https:\/\/www.posk.se\/umea\/valdebatt-i-media\/#breadcrumb\",\"itemListElement\":[{\"@type\":\"ListItem\",\"position\":1,\"name\":\"Hem\",\"item\":\"https:\/\/www.posk.se\/umea\/\"},{\"@type\":\"ListItem\",\"position\":2,\"name\":\"Valdebatt i media\"}]},{\"@type\":\"WebSite\",\"@id\":\"https:\/\/www.posk.se\/umea\/#website\",\"url\":\"https:\/\/www.posk.se\/umea\/\",\"name\":\"Ume\u00e5 pastorat\",\"description\":\"POSK-grupp i Lule\u00e5 stift\",\"potentialAction\":[{\"@type\":\"SearchAction\",\"target\":{\"@type\":\"EntryPoint\",\"urlTemplate\":\"https:\/\/www.posk.se\/umea\/?s={search_term_string}\"},\"query-input\":{\"@type\":\"PropertyValueSpecification\",\"valueRequired\":true,\"valueName\":\"search_term_string\"}}],\"inLanguage\":\"sv-SE\"}]}<\/script>\n<!-- \/ Yoast SEO plugin. -->","yoast_head_json":{"title":"Valdebatt i media - Ume\u00e5 pastorat","robots":{"index":"index","follow":"follow","max-snippet":"max-snippet:-1","max-image-preview":"max-image-preview:large","max-video-preview":"max-video-preview:-1"},"canonical":"https:\/\/www.posk.se\/umea\/valdebatt-i-media\/","og_locale":"sv_SE","og_type":"article","og_title":"Valdebatt i media - Ume\u00e5 pastorat","og_description":"Debattinl\u00e4gg som vi har gjort i lokala medier presenterar vi inom ramen f\u00f6r stiftsf\u00f6reningens sida med sammanst\u00e4llning av debattinl\u00e4gg.\u00a0 Den finns h\u00e4r &nbsp;","og_url":"https:\/\/www.posk.se\/umea\/valdebatt-i-media\/","og_site_name":"Ume\u00e5 pastorat","article_modified_time":"2025-09-16T12:19:45+00:00","og_image":[{"width":1280,"height":853,"url":"https:\/\/www.posk.se\/umea\/wp-content\/uploads\/sites\/97\/2025\/09\/debatt-giraffer-1280.jpg","type":"image\/jpeg"}],"twitter_card":"summary_large_image","twitter_misc":{"Ber\u00e4knad l\u00e4stid":"1 minut"},"schema":{"@context":"https:\/\/schema.org","@graph":[{"@type":"WebPage","@id":"https:\/\/www.posk.se\/umea\/valdebatt-i-media\/","url":"https:\/\/www.posk.se\/umea\/valdebatt-i-media\/","name":"Valdebatt i media - Ume\u00e5 pastorat","isPartOf":{"@id":"https:\/\/www.posk.se\/umea\/#website"},"primaryImageOfPage":{"@id":"https:\/\/www.posk.se\/umea\/valdebatt-i-media\/#primaryimage"},"image":{"@id":"https:\/\/www.posk.se\/umea\/valdebatt-i-media\/#primaryimage"},"thumbnailUrl":"https:\/\/www.posk.se\/umea\/wp-content\/uploads\/sites\/97\/2025\/09\/debatt-giraffer-1280.jpg","datePublished":"2025-09-16T12:11:13+00:00","dateModified":"2025-09-16T12:19:45+00:00","breadcrumb":{"@id":"https:\/\/www.posk.se\/umea\/valdebatt-i-media\/#breadcrumb"},"inLanguage":"sv-SE","potentialAction":[{"@type":"ReadAction","target":["https:\/\/www.posk.se\/umea\/valdebatt-i-media\/"]}]},{"@type":"ImageObject","inLanguage":"sv-SE","@id":"https:\/\/www.posk.se\/umea\/valdebatt-i-media\/#primaryimage","url":"https:\/\/www.posk.se\/umea\/wp-content\/uploads\/sites\/97\/2025\/09\/debatt-giraffer-1280.jpg","contentUrl":"https:\/\/www.posk.se\/umea\/wp-content\/uploads\/sites\/97\/2025\/09\/debatt-giraffer-1280.jpg","width":1280,"height":853},{"@type":"BreadcrumbList","@id":"https:\/\/www.posk.se\/umea\/valdebatt-i-media\/#breadcrumb","itemListElement":[{"@type":"ListItem","position":1,"name":"Hem","item":"https:\/\/www.posk.se\/umea\/"},{"@type":"ListItem","position":2,"name":"Valdebatt i media"}]},{"@type":"WebSite","@id":"https:\/\/www.posk.se\/umea\/#website","url":"https:\/\/www.posk.se\/umea\/","name":"Ume\u00e5 pastorat","description":"POSK-grupp i Lule\u00e5 stift","potentialAction":[{"@type":"SearchAction","target":{"@type":"EntryPoint","urlTemplate":"https:\/\/www.posk.se\/umea\/?s={search_term_string}"},"query-input":{"@type":"PropertyValueSpecification","valueRequired":true,"valueName":"search_term_string"}}],"inLanguage":"sv-SE"}]}},"_links":{"self":[{"href":"https:\/\/www.posk.se\/umea\/wp-json\/wp\/v2\/pages\/702","targetHints":{"allow":["GET"]}}],"collection":[{"href":"https:\/\/www.posk.se\/umea\/wp-json\/wp\/v2\/pages"}],"about":[{"href":"https:\/\/www.posk.se\/umea\/wp-json\/wp\/v2\/types\/page"}],"author":[{"embeddable":true,"href":"https:\/\/www.posk.se\/umea\/wp-json\/wp\/v2\/users\/54"}],"replies":[{"embeddable":true,"href":"https:\/\/www.posk.se\/umea\/wp-json\/wp\/v2\/comments?post=702"}],"version-history":[{"count":7,"href":"https:\/\/www.posk.se\/umea\/wp-json\/wp\/v2\/pages\/702\/revisions"}],"predecessor-version":[{"id":710,"href":"https:\/\/www.posk.se\/umea\/wp-json\/wp\/v2\/pages\/702\/revisions\/710"}],"wp:featuredmedia":[{"embeddable":true,"href":"https:\/\/www.posk.se\/umea\/wp-json\/wp\/v2\/media\/703"}],"wp:attachment":[{"href":"https:\/\/www.posk.se\/umea\/wp-json\/wp\/v2\/media?parent=702"}],"curies":[{"name":"wp","href":"https:\/\/api.w.org\/{rel}","templated":true}]}}