{"id":520,"date":"2025-08-17T17:53:37","date_gmt":"2025-08-17T15:53:37","guid":{"rendered":"https:\/\/www.posk.se\/umea\/?page_id=520"},"modified":"2025-08-31T13:36:45","modified_gmt":"2025-08-31T11:36:45","slug":"kandidater-km","status":"publish","type":"page","link":"https:\/\/www.posk.se\/umea\/kandidater-km\/","title":{"rendered":"Kandidatlista \u2013 kyrkom\u00f6tet"},"content":{"rendered":"<h4><span style=\"color: #000080;\">POSK har, under mandatperioden 2022-2025, FYRA ledam\u00f6ter fr\u00e5n Lule\u00e5 stift i kyrkom\u00f6tet.<br \/>\nH\u00e4r nedan syns alla kandidater fr\u00e5n Lule\u00e5 stift som st\u00e4ller upp p\u00e5 POSKs kyrkom\u00f6teslista.<br \/>\n<\/span><\/h4>\n<p>1. <strong>Lisa Tegby,<\/strong> prost, \u00c5lidhems f\u00f6rsamling, Ume\u00e5<br \/>\n2. <strong>Celina Falk,<\/strong> HR-specialist, Nederlule\u00e5 f\u00f6rsamling<br \/>\n3. <strong>Katarina Glas,<\/strong> direktor, Ume\u00e5 landsf\u00f6rsamling<br \/>\n4. <strong>Albin Vidmark,<\/strong> barnsk\u00f6tare, Skellefte\u00e5 landsf\u00f6rsamling<br \/>\n5. <strong>Maria Klasson Sundin,<\/strong> pr\u00e4st, Norrfj\u00e4rdens f\u00f6rsamling<br \/>\n6. <strong>Inge-Bert T\u00e4ljedal,<\/strong> professor emeritus, \u00c5lidhems f\u00f6rsamling, Ume\u00e5<br \/>\n7. <strong>Kristina T\u00f6yr\u00e4,<\/strong> specialpedagog, Jukkasj\u00e4rvi f\u00f6rsamling<br \/>\n8. <strong>Erik Jonsson,<\/strong> l\u00e4rare, Pite\u00e5 f\u00f6rsamling<br \/>\n9. <strong>Anna Grenholm,<\/strong> pr\u00e4st, \u00d6verlule\u00e5 f\u00f6rsamling, Boden<br \/>\n10. <strong>Curt Edlund,<\/strong> socionom, med.dr, V\u00e4nn\u00e4s f\u00f6rsamling<br \/>\n11. <strong>Gun-Britt \u00c5str\u00f6m,<\/strong> egen f\u00f6retagare, Norsj\u00f6 f\u00f6rsamling<br \/>\n12. <strong>Rolf Wikman,<\/strong> f\u00f6retagare, Skellefte\u00e5 landsf\u00f6rsamling<br \/>\n13. <strong>Erika Sj\u00f6\u00f6,<\/strong> administrat\u00f6r, \u00d6verlule\u00e5 f\u00f6rsamling, Boden<br \/>\n14. <strong>Anna-Sara Walld\u00e9n,<\/strong> pr\u00e4st, Lycksele f\u00f6rsamling<br \/>\n15. <strong>Lars Pohjanen,<\/strong> ingenj\u00f6r, Lule\u00e5 domkyrkof\u00f6rsamling<br \/>\n16. <strong>Irene Gustafsson,<\/strong> f.d. distriktssk\u00f6terska, \u00d6verlule\u00e5 f\u00f6rsamling, Boden<br \/>\n17. <strong>Roger Marklund,<\/strong> senior, Arvidsjaurs f\u00f6rsamling<br \/>\n18. <strong>Ingela Eriksson,<\/strong> diakoniassistent, H\u00f6rnefors f\u00f6rsamling<br \/>\n19. <strong>Timo Vilgats,<\/strong> l\u00e4rare, Jukkasj\u00e4rvi f\u00f6rsamling, Kiruna<br \/>\n20. <strong>Terese Hedman,<\/strong> pr\u00e4st, Bygde\u00e5 f\u00f6rsamling<br \/>\n21. <strong>Roger Larsson,<\/strong> civilingenj\u00f6r\/l\u00e4rare, Skellefte\u00e5 Sankt Olovs f\u00f6rsamling<br \/>\n22. <strong>Karin Andersson,<\/strong> kantor, Pajala f\u00f6rsamling<br \/>\n23. <strong>G\u00f6ran S\u00f6derstr\u00f6m,<\/strong> guldsmed, Vittangi f\u00f6rsamling, Lannavaara<br \/>\n24. <strong>Kajsa Ljungberg,<\/strong> administrat\u00f6r, R\u00e5ne\u00e5 f\u00f6rsamling<br \/>\n25. <strong>Paul Lundblad,<\/strong> fritidsledare, Lycksele f\u00f6rsamling<br \/>\n26. <strong>Rosalie Keller,<\/strong> pension\u00e4r, Byske-F\u00e4llfors f\u00f6rsamling<br \/>\n27. <strong>Sigvard Lindgren,<\/strong> transport- o lageransvarig, Norrfj\u00e4rdens f\u00f6rsamling<br \/>\n28. <strong>Anna Wallstr\u00f6m,<\/strong> utredare Infrastruktur, Lule\u00e5 domkyrkof\u00f6rsamling<br \/>\n29. <strong>Bernt-Ola Sandstr\u00f6m,<\/strong> ingenj\u00f6r, Bygde\u00e5 f\u00f6rsamling<br \/>\n30. <strong>Conny Bj\u00f6rklund,<\/strong> chauff\u00f6r, Holmsunds f\u00f6rsamling<br \/>\n31. <strong>Karin McBride,<\/strong> k\u00f6rledare, Norsj\u00f6 f\u00f6rsamling<br \/>\n32. <strong>Mikael Fredlander,<\/strong> pension\u00e4r, Nordmalings f\u00f6rsamling<br \/>\n33. <strong>Nina Sundin,<\/strong> tandhygienist, Stensele f\u00f6rsamling<br \/>\n34. <strong>Roger Lundstr\u00f6m,<\/strong> l\u00e4rare, Sankt \u00d6rjans f\u00f6rsamling, Skelleftehamn<br \/>\n35. <strong>Carin Hasslow,<\/strong> pr\u00e4st, Skellefte\u00e5 landsf\u00f6rsamling<\/p>\n<p><strong><a href=\"https:\/\/www.posk.se\/umea\/wp-content\/uploads\/sites\/97\/2025\/08\/250415-km-valsedel-lulea.pdf\" target=\"_blank\" rel=\"noopener\">S\u00e5 h\u00e4r<\/a><\/strong> ser valsedeln till kyrkom\u00f6tet ut.<\/p>\n<p><a href=\"https:\/\/www.posk.se\/luleastift\/kandidatpresentationer\" target=\"_blank\" rel=\"noopener\"><strong>Kandidatpresentationer<\/strong><\/a> f\u00f6r kandidaterna p\u00e5 v\u00e5r kyrkom\u00f6teslista och stiftsfullm\u00e4ktigelistor <a href=\"https:\/\/www.posk.se\/luleastift\/kandidatpresentationer\" target=\"_blank\" rel=\"noopener\"><strong>finns h\u00e4r<\/strong><\/a>.<\/p>\n","protected":false},"excerpt":{"rendered":"<p>POSK har, under mandatperioden 2022-2025, FYRA ledam\u00f6ter fr\u00e5n Lule\u00e5 stift i kyrkom\u00f6tet. H\u00e4r nedan syns alla kandidater fr\u00e5n Lule\u00e5 stift som st\u00e4ller upp p\u00e5 POSKs kyrkom\u00f6teslista. 1. Lisa Tegby, prost, \u00c5lidhems f\u00f6rsamling, Ume\u00e5 2. Celina Falk, HR-specialist, Nederlule\u00e5 f\u00f6rsamling 3. Katarina Glas, direktor, Ume\u00e5 landsf\u00f6rsamling 4. Albin Vidmark, barnsk\u00f6tare, Skellefte\u00e5 landsf\u00f6rsamling 5. Maria Klasson Sundin, [&hellip;]<\/p>\n","protected":false},"author":107,"featured_media":0,"parent":0,"menu_order":4,"comment_status":"closed","ping_status":"closed","template":"page-templates\/page-sidebar-left.php","meta":{"_acf_changed":false,"footnotes":""},"class_list":["post-520","page","type-page","status-publish","hentry"],"acf":[],"yoast_head":"<!-- This site is optimized with the Yoast SEO plugin v24.9 - https:\/\/yoast.com\/wordpress\/plugins\/seo\/ -->\n<title>Kandidatlista \u2013 kyrkom\u00f6tet - Ume\u00e5 pastorat<\/title>\n<meta name=\"robots\" content=\"index, follow, max-snippet:-1, max-image-preview:large, max-video-preview:-1\" \/>\n<link rel=\"canonical\" href=\"https:\/\/www.posk.se\/umea\/kandidater-km\/\" \/>\n<meta property=\"og:locale\" content=\"sv_SE\" \/>\n<meta property=\"og:type\" content=\"article\" \/>\n<meta property=\"og:title\" content=\"Kandidatlista \u2013 kyrkom\u00f6tet - Ume\u00e5 pastorat\" \/>\n<meta property=\"og:description\" content=\"POSK har, under mandatperioden 2022-2025, FYRA ledam\u00f6ter fr\u00e5n Lule\u00e5 stift i kyrkom\u00f6tet. H\u00e4r nedan syns alla kandidater fr\u00e5n Lule\u00e5 stift som st\u00e4ller upp p\u00e5 POSKs kyrkom\u00f6teslista. 1. Lisa Tegby, prost, \u00c5lidhems f\u00f6rsamling, Ume\u00e5 2. Celina Falk, HR-specialist, Nederlule\u00e5 f\u00f6rsamling 3. Katarina Glas, direktor, Ume\u00e5 landsf\u00f6rsamling 4. Albin Vidmark, barnsk\u00f6tare, Skellefte\u00e5 landsf\u00f6rsamling 5. Maria Klasson Sundin, [&hellip;]\" \/>\n<meta property=\"og:url\" content=\"https:\/\/www.posk.se\/umea\/kandidater-km\/\" \/>\n<meta property=\"og:site_name\" content=\"Ume\u00e5 pastorat\" \/>\n<meta property=\"article:modified_time\" content=\"2025-08-31T11:36:45+00:00\" \/>\n<meta name=\"twitter:card\" content=\"summary_large_image\" \/>\n<meta name=\"twitter:label1\" content=\"Ber\u00e4knad l\u00e4stid\" \/>\n\t<meta name=\"twitter:data1\" content=\"2 minuter\" \/>\n<script type=\"application\/ld+json\" class=\"yoast-schema-graph\">{\"@context\":\"https:\/\/schema.org\",\"@graph\":[{\"@type\":\"WebPage\",\"@id\":\"https:\/\/www.posk.se\/umea\/kandidater-km\/\",\"url\":\"https:\/\/www.posk.se\/umea\/kandidater-km\/\",\"name\":\"Kandidatlista \u2013 kyrkom\u00f6tet - Ume\u00e5 pastorat\",\"isPartOf\":{\"@id\":\"https:\/\/www.posk.se\/umea\/#website\"},\"datePublished\":\"2025-08-17T15:53:37+00:00\",\"dateModified\":\"2025-08-31T11:36:45+00:00\",\"breadcrumb\":{\"@id\":\"https:\/\/www.posk.se\/umea\/kandidater-km\/#breadcrumb\"},\"inLanguage\":\"sv-SE\",\"potentialAction\":[{\"@type\":\"ReadAction\",\"target\":[\"https:\/\/www.posk.se\/umea\/kandidater-km\/\"]}]},{\"@type\":\"BreadcrumbList\",\"@id\":\"https:\/\/www.posk.se\/umea\/kandidater-km\/#breadcrumb\",\"itemListElement\":[{\"@type\":\"ListItem\",\"position\":1,\"name\":\"Hem\",\"item\":\"https:\/\/www.posk.se\/umea\/\"},{\"@type\":\"ListItem\",\"position\":2,\"name\":\"Kandidatlista \u2013 kyrkom\u00f6tet\"}]},{\"@type\":\"WebSite\",\"@id\":\"https:\/\/www.posk.se\/umea\/#website\",\"url\":\"https:\/\/www.posk.se\/umea\/\",\"name\":\"Ume\u00e5 pastorat\",\"description\":\"POSK-grupp i Lule\u00e5 stift\",\"potentialAction\":[{\"@type\":\"SearchAction\",\"target\":{\"@type\":\"EntryPoint\",\"urlTemplate\":\"https:\/\/www.posk.se\/umea\/?s={search_term_string}\"},\"query-input\":{\"@type\":\"PropertyValueSpecification\",\"valueRequired\":true,\"valueName\":\"search_term_string\"}}],\"inLanguage\":\"sv-SE\"}]}<\/script>\n<!-- \/ Yoast SEO plugin. -->","yoast_head_json":{"title":"Kandidatlista \u2013 kyrkom\u00f6tet - Ume\u00e5 pastorat","robots":{"index":"index","follow":"follow","max-snippet":"max-snippet:-1","max-image-preview":"max-image-preview:large","max-video-preview":"max-video-preview:-1"},"canonical":"https:\/\/www.posk.se\/umea\/kandidater-km\/","og_locale":"sv_SE","og_type":"article","og_title":"Kandidatlista \u2013 kyrkom\u00f6tet - Ume\u00e5 pastorat","og_description":"POSK har, under mandatperioden 2022-2025, FYRA ledam\u00f6ter fr\u00e5n Lule\u00e5 stift i kyrkom\u00f6tet. H\u00e4r nedan syns alla kandidater fr\u00e5n Lule\u00e5 stift som st\u00e4ller upp p\u00e5 POSKs kyrkom\u00f6teslista. 1. Lisa Tegby, prost, \u00c5lidhems f\u00f6rsamling, Ume\u00e5 2. Celina Falk, HR-specialist, Nederlule\u00e5 f\u00f6rsamling 3. Katarina Glas, direktor, Ume\u00e5 landsf\u00f6rsamling 4. Albin Vidmark, barnsk\u00f6tare, Skellefte\u00e5 landsf\u00f6rsamling 5. Maria Klasson Sundin, [&hellip;]","og_url":"https:\/\/www.posk.se\/umea\/kandidater-km\/","og_site_name":"Ume\u00e5 pastorat","article_modified_time":"2025-08-31T11:36:45+00:00","twitter_card":"summary_large_image","twitter_misc":{"Ber\u00e4knad l\u00e4stid":"2 minuter"},"schema":{"@context":"https:\/\/schema.org","@graph":[{"@type":"WebPage","@id":"https:\/\/www.posk.se\/umea\/kandidater-km\/","url":"https:\/\/www.posk.se\/umea\/kandidater-km\/","name":"Kandidatlista \u2013 kyrkom\u00f6tet - Ume\u00e5 pastorat","isPartOf":{"@id":"https:\/\/www.posk.se\/umea\/#website"},"datePublished":"2025-08-17T15:53:37+00:00","dateModified":"2025-08-31T11:36:45+00:00","breadcrumb":{"@id":"https:\/\/www.posk.se\/umea\/kandidater-km\/#breadcrumb"},"inLanguage":"sv-SE","potentialAction":[{"@type":"ReadAction","target":["https:\/\/www.posk.se\/umea\/kandidater-km\/"]}]},{"@type":"BreadcrumbList","@id":"https:\/\/www.posk.se\/umea\/kandidater-km\/#breadcrumb","itemListElement":[{"@type":"ListItem","position":1,"name":"Hem","item":"https:\/\/www.posk.se\/umea\/"},{"@type":"ListItem","position":2,"name":"Kandidatlista \u2013 kyrkom\u00f6tet"}]},{"@type":"WebSite","@id":"https:\/\/www.posk.se\/umea\/#website","url":"https:\/\/www.posk.se\/umea\/","name":"Ume\u00e5 pastorat","description":"POSK-grupp i Lule\u00e5 stift","potentialAction":[{"@type":"SearchAction","target":{"@type":"EntryPoint","urlTemplate":"https:\/\/www.posk.se\/umea\/?s={search_term_string}"},"query-input":{"@type":"PropertyValueSpecification","valueRequired":true,"valueName":"search_term_string"}}],"inLanguage":"sv-SE"}]}},"_links":{"self":[{"href":"https:\/\/www.posk.se\/umea\/wp-json\/wp\/v2\/pages\/520","targetHints":{"allow":["GET"]}}],"collection":[{"href":"https:\/\/www.posk.se\/umea\/wp-json\/wp\/v2\/pages"}],"about":[{"href":"https:\/\/www.posk.se\/umea\/wp-json\/wp\/v2\/types\/page"}],"author":[{"embeddable":true,"href":"https:\/\/www.posk.se\/umea\/wp-json\/wp\/v2\/users\/107"}],"replies":[{"embeddable":true,"href":"https:\/\/www.posk.se\/umea\/wp-json\/wp\/v2\/comments?post=520"}],"version-history":[{"count":11,"href":"https:\/\/www.posk.se\/umea\/wp-json\/wp\/v2\/pages\/520\/revisions"}],"predecessor-version":[{"id":679,"href":"https:\/\/www.posk.se\/umea\/wp-json\/wp\/v2\/pages\/520\/revisions\/679"}],"wp:attachment":[{"href":"https:\/\/www.posk.se\/umea\/wp-json\/wp\/v2\/media?parent=520"}],"curies":[{"name":"wp","href":"https:\/\/api.w.org\/{rel}","templated":true}]}}