{"id":507,"date":"2025-08-17T17:34:57","date_gmt":"2025-08-17T15:34:57","guid":{"rendered":"https:\/\/www.posk.se\/umea\/?page_id=507"},"modified":"2025-08-31T23:26:57","modified_gmt":"2025-08-31T21:26:57","slug":"kandidater-sf","status":"publish","type":"page","link":"https:\/\/www.posk.se\/umea\/kandidater-sf\/","title":{"rendered":"Kandidatlista \u2013 stiftsfullm\u00e4ktige"},"content":{"rendered":"<h3><span style=\"color: #000080;\">POSK har idag 10 av 51 mandat<\/span><span style=\"color: #000080;\">\u00a0<\/span><span style=\"color: #000080;\">i stiftsfullm\u00e4ktige.<br \/>\n<\/span><span style=\"color: #000080;\">7 av dessa \u00e4r fr\u00e5n S\u00f6dra<\/span><span style=\"color: #000080;\"> valkretsen (<\/span><span style=\"color: #000080;\">V\u00e4sterbotten<\/span><span style=\"color: #000080;\">) och 3 fr\u00e5n Norra valkretsen (Norrbotten).\u00a0<\/span><\/h3>\n<h3><span style=\"color: #000080;\">Detta \u00e4r v\u00e5ra kandidater fr\u00e5n Ume\u00e5 i<br \/>\nstiftsfullm\u00e4ktigevalet i V\u00e4sterbottens valkrets:\u00a0<\/span><\/h3>\n<p>1. <strong>Lars-Gunnar Frisk,<\/strong> informat\u00f6r, \u00c5lidhems f\u00f6rsamling, Ume\u00e5<br \/>\n10. <strong>Martin Erlanson,<\/strong> l\u00e4kare, Tegs f\u00f6rsamling, Ume\u00e5<br \/>\n13. <strong>Anders Kristoffersson,<\/strong> ekonom, Ume\u00e5 stadsf\u00f6rsamling<br \/>\n15. <strong>Inge-Bert T\u00e4ljedal,<\/strong> professor emeritus, \u00c5lidhems f\u00f6rsamling, Ume\u00e5<br \/>\n18. <strong>Annika Vikstr\u00f6m,<\/strong> logoped\/pr\u00e4stkandidat, Ume\u00e5 Maria f\u00f6rsamling<br \/>\n25. <strong>Jeanette Brodin,<\/strong> f\u00f6rsamlingspedagog, \u00c5lidhems f\u00f6rsamling, Ume\u00e5<br \/>\n26. <strong>\u00c5sa Kjellgren,<\/strong> l\u00e4kare, Ume\u00e5 stadsf\u00f6rsamling<br \/>\n29. <strong>Johnny Sandstr\u00f6m,<\/strong> f.d. ekonomichef, \u00c5lidhems f\u00f6rsamling, Ume\u00e5<br \/>\n33. <strong>Lena Forsberg,<\/strong> pension\u00e4r, \u00c5lidhems f\u00f6rsamling, Ume\u00e5<\/p>\n<p>Hela valsedeln f\u00f6r stiftsfullm\u00e4ktigevalet i V\u00e4sterbottens valkrets, med 33 namn, \u00a0<a href=\"https:\/\/www.posk.se\/umea\/wp-content\/uploads\/sites\/97\/2025\/08\/250415-sodra-sf-valsedel.pdf\" target=\"_blank\" rel=\"noopener\">ser ut s\u00e5 h\u00e4r<\/a>.<\/p>\n<p><a href=\"https:\/\/www.posk.se\/luleastift\/kandidatpresentationer\" target=\"_blank\" rel=\"noopener\"><strong>Kandidatpresentationer<\/strong><\/a> f\u00f6r kandidaterna p\u00e5 v\u00e5r kyrkom\u00f6teslista och stiftsfullm\u00e4ktigelistor <a href=\"https:\/\/www.posk.se\/luleastift\/kandidatpresentationer\" target=\"_blank\" rel=\"noopener\"><strong>finns h\u00e4r<\/strong><\/a>.<\/p>\n","protected":false},"excerpt":{"rendered":"<p>POSK har idag 10 av 51 mandat\u00a0i stiftsfullm\u00e4ktige. 7 av dessa \u00e4r fr\u00e5n S\u00f6dra valkretsen (V\u00e4sterbotten) och 3 fr\u00e5n Norra valkretsen (Norrbotten).\u00a0 Detta \u00e4r v\u00e5ra kandidater fr\u00e5n Ume\u00e5 i stiftsfullm\u00e4ktigevalet i V\u00e4sterbottens valkrets:\u00a0 1. Lars-Gunnar Frisk, informat\u00f6r, \u00c5lidhems f\u00f6rsamling, Ume\u00e5 10. Martin Erlanson, l\u00e4kare, Tegs f\u00f6rsamling, Ume\u00e5 13. Anders Kristoffersson, ekonom, Ume\u00e5 stadsf\u00f6rsamling 15. Inge-Bert [&hellip;]<\/p>\n","protected":false},"author":107,"featured_media":187,"parent":0,"menu_order":3,"comment_status":"closed","ping_status":"closed","template":"page-templates\/page-sidebar-left.php","meta":{"_acf_changed":false,"footnotes":""},"class_list":["post-507","page","type-page","status-publish","has-post-thumbnail","hentry"],"acf":[],"yoast_head":"<!-- This site is optimized with the Yoast SEO plugin v24.9 - https:\/\/yoast.com\/wordpress\/plugins\/seo\/ -->\n<title>Kandidatlista \u2013 stiftsfullm\u00e4ktige - Ume\u00e5 pastorat<\/title>\n<meta name=\"robots\" content=\"index, follow, max-snippet:-1, max-image-preview:large, max-video-preview:-1\" \/>\n<link rel=\"canonical\" href=\"https:\/\/www.posk.se\/umea\/kandidater-sf\/\" \/>\n<meta property=\"og:locale\" content=\"sv_SE\" \/>\n<meta property=\"og:type\" content=\"article\" \/>\n<meta property=\"og:title\" content=\"Kandidatlista \u2013 stiftsfullm\u00e4ktige - Ume\u00e5 pastorat\" \/>\n<meta property=\"og:description\" content=\"POSK har idag 10 av 51 mandat\u00a0i stiftsfullm\u00e4ktige. 7 av dessa \u00e4r fr\u00e5n S\u00f6dra valkretsen (V\u00e4sterbotten) och 3 fr\u00e5n Norra valkretsen (Norrbotten).\u00a0 Detta \u00e4r v\u00e5ra kandidater fr\u00e5n Ume\u00e5 i stiftsfullm\u00e4ktigevalet i V\u00e4sterbottens valkrets:\u00a0 1. Lars-Gunnar Frisk, informat\u00f6r, \u00c5lidhems f\u00f6rsamling, Ume\u00e5 10. Martin Erlanson, l\u00e4kare, Tegs f\u00f6rsamling, Ume\u00e5 13. Anders Kristoffersson, ekonom, Ume\u00e5 stadsf\u00f6rsamling 15. Inge-Bert [&hellip;]\" \/>\n<meta property=\"og:url\" content=\"https:\/\/www.posk.se\/umea\/kandidater-sf\/\" \/>\n<meta property=\"og:site_name\" content=\"Ume\u00e5 pastorat\" \/>\n<meta property=\"article:modified_time\" content=\"2025-08-31T21:26:57+00:00\" \/>\n<meta property=\"og:image\" content=\"https:\/\/www.posk.se\/umea\/wp-content\/uploads\/sites\/97\/2017\/09\/valsedelsplock-le-besk.jpg\" \/>\n\t<meta property=\"og:image:width\" content=\"1200\" \/>\n\t<meta property=\"og:image:height\" content=\"360\" \/>\n\t<meta property=\"og:image:type\" content=\"image\/jpeg\" \/>\n<meta name=\"twitter:card\" content=\"summary_large_image\" \/>\n<meta name=\"twitter:label1\" content=\"Ber\u00e4knad l\u00e4stid\" \/>\n\t<meta name=\"twitter:data1\" content=\"1 minut\" \/>\n<script type=\"application\/ld+json\" class=\"yoast-schema-graph\">{\"@context\":\"https:\/\/schema.org\",\"@graph\":[{\"@type\":\"WebPage\",\"@id\":\"https:\/\/www.posk.se\/umea\/kandidater-sf\/\",\"url\":\"https:\/\/www.posk.se\/umea\/kandidater-sf\/\",\"name\":\"Kandidatlista \u2013 stiftsfullm\u00e4ktige - Ume\u00e5 pastorat\",\"isPartOf\":{\"@id\":\"https:\/\/www.posk.se\/umea\/#website\"},\"primaryImageOfPage\":{\"@id\":\"https:\/\/www.posk.se\/umea\/kandidater-sf\/#primaryimage\"},\"image\":{\"@id\":\"https:\/\/www.posk.se\/umea\/kandidater-sf\/#primaryimage\"},\"thumbnailUrl\":\"https:\/\/www.posk.se\/umea\/wp-content\/uploads\/sites\/97\/2017\/09\/valsedelsplock-le-besk.jpg\",\"datePublished\":\"2025-08-17T15:34:57+00:00\",\"dateModified\":\"2025-08-31T21:26:57+00:00\",\"breadcrumb\":{\"@id\":\"https:\/\/www.posk.se\/umea\/kandidater-sf\/#breadcrumb\"},\"inLanguage\":\"sv-SE\",\"potentialAction\":[{\"@type\":\"ReadAction\",\"target\":[\"https:\/\/www.posk.se\/umea\/kandidater-sf\/\"]}]},{\"@type\":\"ImageObject\",\"inLanguage\":\"sv-SE\",\"@id\":\"https:\/\/www.posk.se\/umea\/kandidater-sf\/#primaryimage\",\"url\":\"https:\/\/www.posk.se\/umea\/wp-content\/uploads\/sites\/97\/2017\/09\/valsedelsplock-le-besk.jpg\",\"contentUrl\":\"https:\/\/www.posk.se\/umea\/wp-content\/uploads\/sites\/97\/2017\/09\/valsedelsplock-le-besk.jpg\",\"width\":1200,\"height\":360},{\"@type\":\"BreadcrumbList\",\"@id\":\"https:\/\/www.posk.se\/umea\/kandidater-sf\/#breadcrumb\",\"itemListElement\":[{\"@type\":\"ListItem\",\"position\":1,\"name\":\"Hem\",\"item\":\"https:\/\/www.posk.se\/umea\/\"},{\"@type\":\"ListItem\",\"position\":2,\"name\":\"Kandidatlista \u2013 stiftsfullm\u00e4ktige\"}]},{\"@type\":\"WebSite\",\"@id\":\"https:\/\/www.posk.se\/umea\/#website\",\"url\":\"https:\/\/www.posk.se\/umea\/\",\"name\":\"Ume\u00e5 pastorat\",\"description\":\"POSK-grupp i Lule\u00e5 stift\",\"potentialAction\":[{\"@type\":\"SearchAction\",\"target\":{\"@type\":\"EntryPoint\",\"urlTemplate\":\"https:\/\/www.posk.se\/umea\/?s={search_term_string}\"},\"query-input\":{\"@type\":\"PropertyValueSpecification\",\"valueRequired\":true,\"valueName\":\"search_term_string\"}}],\"inLanguage\":\"sv-SE\"}]}<\/script>\n<!-- \/ Yoast SEO plugin. -->","yoast_head_json":{"title":"Kandidatlista \u2013 stiftsfullm\u00e4ktige - Ume\u00e5 pastorat","robots":{"index":"index","follow":"follow","max-snippet":"max-snippet:-1","max-image-preview":"max-image-preview:large","max-video-preview":"max-video-preview:-1"},"canonical":"https:\/\/www.posk.se\/umea\/kandidater-sf\/","og_locale":"sv_SE","og_type":"article","og_title":"Kandidatlista \u2013 stiftsfullm\u00e4ktige - Ume\u00e5 pastorat","og_description":"POSK har idag 10 av 51 mandat\u00a0i stiftsfullm\u00e4ktige. 7 av dessa \u00e4r fr\u00e5n S\u00f6dra valkretsen (V\u00e4sterbotten) och 3 fr\u00e5n Norra valkretsen (Norrbotten).\u00a0 Detta \u00e4r v\u00e5ra kandidater fr\u00e5n Ume\u00e5 i stiftsfullm\u00e4ktigevalet i V\u00e4sterbottens valkrets:\u00a0 1. Lars-Gunnar Frisk, informat\u00f6r, \u00c5lidhems f\u00f6rsamling, Ume\u00e5 10. Martin Erlanson, l\u00e4kare, Tegs f\u00f6rsamling, Ume\u00e5 13. Anders Kristoffersson, ekonom, Ume\u00e5 stadsf\u00f6rsamling 15. Inge-Bert [&hellip;]","og_url":"https:\/\/www.posk.se\/umea\/kandidater-sf\/","og_site_name":"Ume\u00e5 pastorat","article_modified_time":"2025-08-31T21:26:57+00:00","og_image":[{"width":1200,"height":360,"url":"https:\/\/www.posk.se\/umea\/wp-content\/uploads\/sites\/97\/2017\/09\/valsedelsplock-le-besk.jpg","type":"image\/jpeg"}],"twitter_card":"summary_large_image","twitter_misc":{"Ber\u00e4knad l\u00e4stid":"1 minut"},"schema":{"@context":"https:\/\/schema.org","@graph":[{"@type":"WebPage","@id":"https:\/\/www.posk.se\/umea\/kandidater-sf\/","url":"https:\/\/www.posk.se\/umea\/kandidater-sf\/","name":"Kandidatlista \u2013 stiftsfullm\u00e4ktige - Ume\u00e5 pastorat","isPartOf":{"@id":"https:\/\/www.posk.se\/umea\/#website"},"primaryImageOfPage":{"@id":"https:\/\/www.posk.se\/umea\/kandidater-sf\/#primaryimage"},"image":{"@id":"https:\/\/www.posk.se\/umea\/kandidater-sf\/#primaryimage"},"thumbnailUrl":"https:\/\/www.posk.se\/umea\/wp-content\/uploads\/sites\/97\/2017\/09\/valsedelsplock-le-besk.jpg","datePublished":"2025-08-17T15:34:57+00:00","dateModified":"2025-08-31T21:26:57+00:00","breadcrumb":{"@id":"https:\/\/www.posk.se\/umea\/kandidater-sf\/#breadcrumb"},"inLanguage":"sv-SE","potentialAction":[{"@type":"ReadAction","target":["https:\/\/www.posk.se\/umea\/kandidater-sf\/"]}]},{"@type":"ImageObject","inLanguage":"sv-SE","@id":"https:\/\/www.posk.se\/umea\/kandidater-sf\/#primaryimage","url":"https:\/\/www.posk.se\/umea\/wp-content\/uploads\/sites\/97\/2017\/09\/valsedelsplock-le-besk.jpg","contentUrl":"https:\/\/www.posk.se\/umea\/wp-content\/uploads\/sites\/97\/2017\/09\/valsedelsplock-le-besk.jpg","width":1200,"height":360},{"@type":"BreadcrumbList","@id":"https:\/\/www.posk.se\/umea\/kandidater-sf\/#breadcrumb","itemListElement":[{"@type":"ListItem","position":1,"name":"Hem","item":"https:\/\/www.posk.se\/umea\/"},{"@type":"ListItem","position":2,"name":"Kandidatlista \u2013 stiftsfullm\u00e4ktige"}]},{"@type":"WebSite","@id":"https:\/\/www.posk.se\/umea\/#website","url":"https:\/\/www.posk.se\/umea\/","name":"Ume\u00e5 pastorat","description":"POSK-grupp i Lule\u00e5 stift","potentialAction":[{"@type":"SearchAction","target":{"@type":"EntryPoint","urlTemplate":"https:\/\/www.posk.se\/umea\/?s={search_term_string}"},"query-input":{"@type":"PropertyValueSpecification","valueRequired":true,"valueName":"search_term_string"}}],"inLanguage":"sv-SE"}]}},"_links":{"self":[{"href":"https:\/\/www.posk.se\/umea\/wp-json\/wp\/v2\/pages\/507","targetHints":{"allow":["GET"]}}],"collection":[{"href":"https:\/\/www.posk.se\/umea\/wp-json\/wp\/v2\/pages"}],"about":[{"href":"https:\/\/www.posk.se\/umea\/wp-json\/wp\/v2\/types\/page"}],"author":[{"embeddable":true,"href":"https:\/\/www.posk.se\/umea\/wp-json\/wp\/v2\/users\/107"}],"replies":[{"embeddable":true,"href":"https:\/\/www.posk.se\/umea\/wp-json\/wp\/v2\/comments?post=507"}],"version-history":[{"count":11,"href":"https:\/\/www.posk.se\/umea\/wp-json\/wp\/v2\/pages\/507\/revisions"}],"predecessor-version":[{"id":692,"href":"https:\/\/www.posk.se\/umea\/wp-json\/wp\/v2\/pages\/507\/revisions\/692"}],"wp:featuredmedia":[{"embeddable":true,"href":"https:\/\/www.posk.se\/umea\/wp-json\/wp\/v2\/media\/187"}],"wp:attachment":[{"href":"https:\/\/www.posk.se\/umea\/wp-json\/wp\/v2\/media?parent=507"}],"curies":[{"name":"wp","href":"https:\/\/api.w.org\/{rel}","templated":true}]}}