{"id":501,"date":"2025-08-17T16:34:47","date_gmt":"2025-08-17T14:34:47","guid":{"rendered":"https:\/\/www.posk.se\/umea\/?page_id=501"},"modified":"2025-09-14T17:24:00","modified_gmt":"2025-09-14T15:24:00","slug":"valprogram","status":"publish","type":"page","link":"https:\/\/www.posk.se\/umea\/valprogram\/","title":{"rendered":"Valprogram f\u00f6r POSK Ume\u00e5"},"content":{"rendered":"<h5><strong>Vid kyrkovalet 21 september (med f\u00f6rhandsr\u00f6stning fr\u00e5n 8 september) kan du p\u00e5verka hur Svenska kyrkan i Ume\u00e5 \u2013 Ume\u00e5 pastorat \u2013 ska utvecklas. G\u00f6r det!<\/strong><\/h5>\n<p>POSK, Partipolitiskt obundna i Svenska kyrkan, st\u00e4ller upp i kyrkovalet i Ume\u00e5 pastorat, i Lule\u00e5 stift och i kyrkom\u00f6tet. I POSK vill vi ta ansvar som f\u00f6rtroendevalda utan att binda oss till n\u00e5got politiskt parti, och vi beskriver inte vilka vi \u00e4r genom att h\u00e4nvisa till allm\u00e4npolitiska ideologier. Det som f\u00f6renar oss \u00e4r att vi \u00e4r engagerade i kyrkan och tycker den \u00e4r viktig.<\/p>\n<p>Inom POSK ryms engagemang i f\u00f6rsamlingsbornas olika hj\u00e4rtefr\u00e5gor. Vi v\u00e4rderar ocks\u00e5 livet i den lokala f\u00f6rsamlingen, och det ideella engagemanget, h\u00f6gt. De lokala f\u00f6rsamlingarna \u00e4r den naturliga milj\u00f6n f\u00f6r kristen gemenskap, l\u00e4rande, personlig v\u00e4xt och andlig f\u00f6rdjupning.<\/p>\n<p>POSK:s vision \u00e4r att kyrkan ska vara en gemenskap som speglar Guds vilja i v\u00e4rlden och som talar tydligt om Jesus Kristus och Guds rike.<\/p>\n<h4><span style=\"color: #ff0000;\">Befrielse, gemenskap och hopp<\/span><\/h4>\n<p>F\u00f6rsamlingen byggs av dess medlemmar. I Svenska kyrkan \u00e4r allas medverkan en central del av f\u00f6rsamlingens liv.<\/p>\n<p><strong>POSK vill:<\/strong><\/p>\n<ul>\n<li>att f\u00f6rsamlingen ska vara centrum i kyrkans liv.<\/li>\n<li>att kyrkan st\u00e5r f\u00f6r n\u00e4rvaro, gemenskap och m\u00f6jlighet att v\u00e4xa i tro.<\/li>\n<li>att kyrkan ska f\u00f6rmedla befrielse, hopp och livsmod i en tid med oro inf\u00f6r krig och klimatkris.<\/li>\n<li>att kyrkan tydligt f\u00f6rkunnar Guds k\u00e4rleksbudskap och visar p\u00e5 f\u00f6rsoning genom ber\u00e4ttelserna om Jesus.<\/li>\n<li>\u00f6verv\u00e4ga m\u00f6jligheterna att fler av pastoratets gudstj\u00e4nstgemenskaper kan utg\u00f6ra underlag f\u00f6r att bilda nya f\u00f6rsamlingar inom ramen f\u00f6r pastoratet.<\/li>\n<\/ul>\n<h4><span style=\"color: #ff0000;\">L\u00e4rande, gudstj\u00e4nster och ideellt engagemang<\/span><\/h4>\n<p>F\u00f6rsamlingen firar gudstj\u00e4nst, f\u00f6rmedlar kristen tro om Jesus Kristus och underl\u00e4ttar f\u00f6r ideella f\u00f6r att samverka med anst\u00e4llda och f\u00f6rtroendevalda.<\/p>\n<p><strong>POSK vill:<\/strong><\/p>\n<ul>\n<li>betona kyrkans ansvar att f\u00f6rmedla kunskap till barn och unga om kristen tro.<\/li>\n<li>forts\u00e4tta prioritera konfirmationsverksamheten och ungas engagemang.<\/li>\n<li>st\u00e4rka arbetet bland unga vuxna genom grupper f\u00f6r l\u00e4rande i kristen trostolkning.<\/li>\n<li>utveckla gudstj\u00e4nstformer f\u00f6r och med barn och unga vuxna.<\/li>\n<li>g\u00f6ra m\u00e5nga m\u00e4nniskor delaktiga i gudstj\u00e4nster och f\u00f6rsamlingsarbete.<\/li>\n<li>f\u00f6rena tidl\u00f6sa uttryck f\u00f6r kristen tro med nya gudstj\u00e4nst- och verksamhetsformer.<\/li>\n<li>erbjuda samtal och l\u00e4rande kring kristen tro och existentiella fr\u00e5gor.<\/li>\n<li>underl\u00e4tta f\u00f6r ideellt arbete och volont\u00e4rskap s\u00e5 att fler kan engagera sig.<\/li>\n<\/ul>\n<h4><span style=\"color: #ff0000;\">Samh\u00e4llsansvar, dialog och samverkan<\/span><\/h4>\n<p>Kyrkan \u00e4r och ska vara en aktiv del av samh\u00e4llet.<\/p>\n<p><strong>POSK vill:<\/strong><\/p>\n<ul>\n<li>att kyrkan \u00e4r en aktiv och tydlig r\u00f6st i det offentliga samtalet.<\/li>\n<li>att kyrkan agerar och talar klarspr\u00e5k n\u00e4r m\u00e4nniskov\u00e4rdet hotas.<\/li>\n<li>str\u00e4va efter en sann och \u00f6ppen dialog mellan m\u00e4nniskor av olika religionstillh\u00f6righet i en v\u00e4rld med \u00f6kad polarisering och misstro.<\/li>\n<li>\u00f6ka samverkan med <a href=\"https:\/\/umeastadsmission.se\" target=\"_blank\" rel=\"noopener\">Ume\u00e5 Stadsmission<\/a>.<\/li>\n<li>forts\u00e4tta samverka med EFS i samarbetskyrkorna.<\/li>\n<li>fr\u00e4mja ekumenisk samverkan mellan kyrkor, som ett synligt tecken p\u00e5 Kristi kyrkas enhet.<\/li>\n<li>att Svenska kyrkan i Ume\u00e5 genom pastorat och f\u00f6rsamlingar f\u00f6r dialog med andra religioner f\u00f6r en st\u00f6rre \u00f6msesidig f\u00f6rst\u00e5else mellan m\u00e4nniskor med olika kulturell och religi\u00f6s livstolkning.<\/li>\n<\/ul>\n<h4><span style=\"color: #ff0000;\">Diakoni \u2013 kyrkans omsorg<\/span><\/h4>\n<p>Diakoni \u00e4r att f\u00f6rsvara m\u00e4nniskors r\u00e4tt, st\u00e5 p\u00e5 de svagas sida och vara deras r\u00f6st i kyrka och samh\u00e4lle.<\/p>\n<p><strong>POSK vill:<\/strong><\/p>\n<ul>\n<li>\u00f6ka kyrkans ansvarstagande f\u00f6r m\u00e4nniskor i utsatta livssituationer.<\/li>\n<li>att kyrkan arbetar f\u00f6r att fortsatt st\u00f6tta barn och unga vuxna i risk.<\/li>\n<li>att kyrkan verkar f\u00f6r att \u00e4ldre och ensamma finner gemenskap och sammanhang.<\/li>\n<li>att kyrkan st\u00e4ndigt s\u00f6ker nya v\u00e4gar f\u00f6r att m\u00f6ta barn och unga vuxna.<\/li>\n<\/ul>\n<h4><span style=\"color: #ff0000;\">\u00d6ppenhet och m\u00e5ngfald<\/span><\/h4>\n<p>Svenska kyrkan ska vara \u00f6ppen och v\u00e4lkomnande d\u00e4r varje m\u00e4nniska uppfattas som en g\u00e5va och en resurs i f\u00f6rsamlingen. Vi gl\u00e4ds \u00e5t m\u00e5ngfald bland m\u00e4nniskor och i den kyrkliga verksamheten.<\/p>\n<p><strong>POSK vill:<\/strong><\/p>\n<ul>\n<li>visa p\u00e5 alla m\u00e4nniskors lika v\u00e4rde och motverka negativ s\u00e4rbehandling p\u00e5 grund av k\u00f6n, k\u00f6ns\u00f6verskridande identitet, religion, funktionsneds\u00e4ttning, etnicitet, sexuell l\u00e4ggning eller \u00e5lder.<\/li>\n<li>att alla ska m\u00f6tas med respekt och v\u00e4lkomnas i kyrkan, och att kyrkan aktivt motverkar okunskap och f\u00f6rdomar mot HBTQI+-personer.<\/li>\n<li>att Svenska kyrkans beslut 2009 om att v\u00e4lkomna samk\u00f6nade \u00e4ktenskap ska st\u00e5 fast.<\/li>\n<li>st\u00e4rka och utveckla samverkan med alla etniska och spr\u00e5kliga nationella minoriteter i Ume\u00e5.<\/li>\n<li>st\u00f6dja och utveckla samiskt kyrkoliv i Ume\u00e5 pastorat.<\/li>\n<li>att Ume\u00e5 pastorat ska ta aktiv del i att fullf\u00f6lja Svenska kyrkans \u00e5tta \u00e5taganden som en del av f\u00f6rsoningsprocessen mellan kyrkan och samerna.<\/li>\n<li>respektera individen och gl\u00e4djas \u00e5t m\u00e5ngfalden.<\/li>\n<li>se och ta vara p\u00e5 varje m\u00e4nniska som en g\u00e5va i f\u00f6rsamlingens liv.<\/li>\n<\/ul>\n<h4><span style=\"color: #ff0000;\">Solidaritet och r\u00e4ttvisa<\/span><\/h4>\n<p>Svenska kyrkan \u00e4r en del av den v\u00e4rldsvida kristna kyrkan. Guds k\u00e4rlek omfattar alla.<\/p>\n<p><strong>POSK vill:<\/strong><\/p>\n<ul>\n<li>bidra till en gr\u00e4nsl\u00f6s solidaritet \u2013 f\u00f6r r\u00e4ttvisa, utveckling, fred och f\u00f6rsoning p\u00e5 v\u00e5r jord.<\/li>\n<li>st\u00e4rka och utveckla Svenska kyrkans internationella arbete genom Act Svenska kyrkan.<\/li>\n<li>att det i varje f\u00f6rsamling ska finnas en internationell grupp som bedriver internationellt insamlings- och opinionsarbete.<\/li>\n<li>fr\u00e4mja kontakter med v\u00e4nf\u00f6rsamlingarna i andra l\u00e4nder.<\/li>\n<li>st\u00e4rka kontakten med migranter.<\/li>\n<\/ul>\n<h4><span style=\"color: #ff0000;\">Klimat, milj\u00f6 och h\u00e5llbarhet<\/span><\/h4>\n<p>Pastorat och f\u00f6rsamlingar i Ume\u00e5 har ett ansvar f\u00f6r skapelsen och ska vara en tydlig akt\u00f6r i klimatfr\u00e5gor.<\/p>\n<p><strong>POSK vill:<\/strong><\/p>\n<ul>\n<li>att kyrkan genom arbetet med \u201cF\u00e4rdplan f\u00f6r klimatet\u201d verkar f\u00f6r att bli klimatneutral i den egna verksamheten.<\/li>\n<li>att kyrkan genom f\u00f6rkunnelse, l\u00e4rande och liv st\u00e4rker m\u00e4nniskors livsmod och st\u00f6djer en ekologiskt, socialt, etiskt och ekonomiskt h\u00e5llbar livsstil.<\/li>\n<li>att kyrkans egen verksamhet \u00e4r ett f\u00f6red\u00f6me kring milj\u00f6 och h\u00e5llbarhet.<\/li>\n<li>att kyrkan f\u00f6rvaltar sin skog p\u00e5 ett andligt, socialt, milj\u00f6m\u00e4ssigt och ekonomiskt h\u00e5llbart s\u00e4tt.<\/li>\n<li>att kyrkom\u00f6tet h\u00f6sten 2025 tar modiga steg i den riktning som Skogsutredningen ber\u00f6r och bland annat v\u00e4rnar den biologiska m\u00e5ngfalden som en viktig del av kyrkans skogssk\u00f6tsel.<\/li>\n<li>att Svenska kyrkan st\u00e4rker samernas urfolksr\u00e4tt genom att anta principen om Fritt och informerat f\u00f6rhandssamtycke (FPIC).<\/li>\n<\/ul>\n<h4><span style=\"color: #ff0000;\">Demokratin i kyrkan<\/span><\/h4>\n<p>F\u00f6r Svenska kyrkan \u00e4r demokratin omistlig, och vilar p\u00e5 en kristen m\u00e4nniskosyn d\u00e4r kyrkans medlemmar bemyndigas och tas i anspr\u00e5k som f\u00f6rtroendevalda i styrningen av kyrkan.<\/p>\n<p><strong>POSK vill:<\/strong><\/p>\n<ul>\n<li>inf\u00f6ra ett enklare och billigare valsystem i kyrkovalen.<\/li>\n<li>minska, och i vissa fall helt ta bort arvoden till f\u00f6rtroendevalda.<\/li>\n<li>ta vara p\u00e5 m\u00f6jligheten att bredda rekrytering till f\u00f6rsamlingsr\u00e5den utanf\u00f6r de traditionella nomineringsgrupperna.<\/li>\n<li>att regelbundna \u00f6ppna forum blir en viktig del i f\u00f6rsamlingsdemokratin.<\/li>\n<li>st\u00e4rka de lokala f\u00f6rsamlingsr\u00e5den, med ansvar f\u00f6r alla delar av den grundl\u00e4ggande uppgiften; gudstj\u00e4nst, undervisning, diakoni och mission.<\/li>\n<li>att kyrkan ska vara en tydlig r\u00f6st i samh\u00e4llet och visa p\u00e5 ett liv i r\u00e4ttvisa och frihet.<\/li>\n<li>f\u00f6renkla kyrkans organisation och struktur s\u00e5 att den fr\u00e4mjar uppdraget.<\/li>\n<\/ul>\n<h4><span style=\"color: #ff0000;\">Utvecklad personalpolitik<\/span><\/h4>\n<p>Personalpolitiken inom Svenska kyrkan i Ume\u00e5 ska bidra till att utveckla de anst\u00e4lldas engagemang, kompetens och kunnande.<\/p>\n<p><strong>POSK vill:<\/strong><\/p>\n<ul>\n<li>att Svenska kyrkan i Ume\u00e5 ska vara en attraktiv arbetsgivare.<\/li>\n<li>att anst\u00e4llda ska k\u00e4nna trygghet i anst\u00e4llningen och ha en god arbetsmilj\u00f6.<\/li>\n<li>att samarbete, kreativitet och ansvarstagande ska uppmuntras.<\/li>\n<li>f\u00f6rdjupa samspelet mellan ideella, f\u00f6rtroendevalda och anst\u00e4llda medarbetare med mer av gemensamt ansvar i arbetet med kyrkans grundl\u00e4ggande uppgift.<\/li>\n<li>att pastoratet ska vara en rekryterande milj\u00f6 som v\u00e4cker intresse och bidrar till att rusta m\u00e4nniskor till tj\u00e4nst inom kyrkan.<\/li>\n<\/ul>\n<p>&nbsp;<\/p>\n<h4><span style=\"color: #ff0000;\">En kyrka som f\u00f6rmedlar hopp med en tydlig r\u00f6st<\/span><\/h4>\n<p>Svenska kyrkan i Ume\u00e5 har i uppdrag att som f\u00f6rsamlingar f\u00f6rmedla det kristna hoppet genom att bygga gemenskap och relationer baserade p\u00e5 ber\u00e4ttelserna om Jesus Kristus som befriare. Uppdraget illustreras genom n\u00e5gra ord fr\u00e5n Hebr\u00e9erbrevet (3:6):<\/p>\n<p><em>\u201dOch Guds hus \u00e4r vi, s\u00e5 l\u00e4nge vi beh\u00e5ller den frimodighet och stolthet som v\u00e5rt hopp ger oss\u201d.<\/em><\/p>\n","protected":false},"excerpt":{"rendered":"<p>Vid kyrkovalet 21 september (med f\u00f6rhandsr\u00f6stning fr\u00e5n 8 september) kan du p\u00e5verka hur Svenska kyrkan i Ume\u00e5 \u2013 Ume\u00e5 pastorat \u2013 ska utvecklas. G\u00f6r det! POSK, Partipolitiskt obundna i Svenska kyrkan, st\u00e4ller upp i kyrkovalet i Ume\u00e5 pastorat, i Lule\u00e5 stift och i kyrkom\u00f6tet. I POSK vill vi ta ansvar som f\u00f6rtroendevalda utan att binda [&hellip;]<\/p>\n","protected":false},"author":54,"featured_media":105,"parent":0,"menu_order":1,"comment_status":"closed","ping_status":"closed","template":"page-templates\/page-sidebar-left.php","meta":{"_acf_changed":false,"footnotes":""},"class_list":["post-501","page","type-page","status-publish","has-post-thumbnail","hentry"],"acf":[],"yoast_head":"<!-- This site is optimized with the Yoast SEO plugin v24.9 - https:\/\/yoast.com\/wordpress\/plugins\/seo\/ -->\n<title>Valprogram f\u00f6r POSK Ume\u00e5 - Ume\u00e5 pastorat<\/title>\n<meta name=\"robots\" content=\"index, follow, max-snippet:-1, max-image-preview:large, max-video-preview:-1\" \/>\n<link rel=\"canonical\" href=\"https:\/\/www.posk.se\/umea\/valprogram\/\" \/>\n<meta property=\"og:locale\" content=\"sv_SE\" \/>\n<meta property=\"og:type\" content=\"article\" \/>\n<meta property=\"og:title\" content=\"Valprogram f\u00f6r POSK Ume\u00e5 - Ume\u00e5 pastorat\" \/>\n<meta property=\"og:description\" content=\"Vid kyrkovalet 21 september (med f\u00f6rhandsr\u00f6stning fr\u00e5n 8 september) kan du p\u00e5verka hur Svenska kyrkan i Ume\u00e5 \u2013 Ume\u00e5 pastorat \u2013 ska utvecklas. G\u00f6r det! POSK, Partipolitiskt obundna i Svenska kyrkan, st\u00e4ller upp i kyrkovalet i Ume\u00e5 pastorat, i Lule\u00e5 stift och i kyrkom\u00f6tet. I POSK vill vi ta ansvar som f\u00f6rtroendevalda utan att binda [&hellip;]\" \/>\n<meta property=\"og:url\" content=\"https:\/\/www.posk.se\/umea\/valprogram\/\" \/>\n<meta property=\"og:site_name\" content=\"Ume\u00e5 pastorat\" \/>\n<meta property=\"article:modified_time\" content=\"2025-09-14T15:24:00+00:00\" \/>\n<meta property=\"og:image\" content=\"https:\/\/www.posk.se\/umea\/wp-content\/uploads\/sites\/97\/2017\/08\/gudstjanst.jpg\" \/>\n\t<meta property=\"og:image:width\" content=\"2212\" \/>\n\t<meta property=\"og:image:height\" content=\"772\" \/>\n\t<meta property=\"og:image:type\" content=\"image\/jpeg\" \/>\n<meta name=\"twitter:card\" content=\"summary_large_image\" \/>\n<meta name=\"twitter:label1\" content=\"Ber\u00e4knad l\u00e4stid\" \/>\n\t<meta name=\"twitter:data1\" content=\"6 minuter\" \/>\n<script type=\"application\/ld+json\" class=\"yoast-schema-graph\">{\"@context\":\"https:\/\/schema.org\",\"@graph\":[{\"@type\":\"WebPage\",\"@id\":\"https:\/\/www.posk.se\/umea\/valprogram\/\",\"url\":\"https:\/\/www.posk.se\/umea\/valprogram\/\",\"name\":\"Valprogram f\u00f6r POSK Ume\u00e5 - Ume\u00e5 pastorat\",\"isPartOf\":{\"@id\":\"https:\/\/www.posk.se\/umea\/#website\"},\"primaryImageOfPage\":{\"@id\":\"https:\/\/www.posk.se\/umea\/valprogram\/#primaryimage\"},\"image\":{\"@id\":\"https:\/\/www.posk.se\/umea\/valprogram\/#primaryimage\"},\"thumbnailUrl\":\"https:\/\/www.posk.se\/umea\/wp-content\/uploads\/sites\/97\/2017\/08\/gudstjanst.jpg\",\"datePublished\":\"2025-08-17T14:34:47+00:00\",\"dateModified\":\"2025-09-14T15:24:00+00:00\",\"breadcrumb\":{\"@id\":\"https:\/\/www.posk.se\/umea\/valprogram\/#breadcrumb\"},\"inLanguage\":\"sv-SE\",\"potentialAction\":[{\"@type\":\"ReadAction\",\"target\":[\"https:\/\/www.posk.se\/umea\/valprogram\/\"]}]},{\"@type\":\"ImageObject\",\"inLanguage\":\"sv-SE\",\"@id\":\"https:\/\/www.posk.se\/umea\/valprogram\/#primaryimage\",\"url\":\"https:\/\/www.posk.se\/umea\/wp-content\/uploads\/sites\/97\/2017\/08\/gudstjanst.jpg\",\"contentUrl\":\"https:\/\/www.posk.se\/umea\/wp-content\/uploads\/sites\/97\/2017\/08\/gudstjanst.jpg\",\"width\":2212,\"height\":772},{\"@type\":\"BreadcrumbList\",\"@id\":\"https:\/\/www.posk.se\/umea\/valprogram\/#breadcrumb\",\"itemListElement\":[{\"@type\":\"ListItem\",\"position\":1,\"name\":\"Hem\",\"item\":\"https:\/\/www.posk.se\/umea\/\"},{\"@type\":\"ListItem\",\"position\":2,\"name\":\"Valprogram f\u00f6r POSK Ume\u00e5\"}]},{\"@type\":\"WebSite\",\"@id\":\"https:\/\/www.posk.se\/umea\/#website\",\"url\":\"https:\/\/www.posk.se\/umea\/\",\"name\":\"Ume\u00e5 pastorat\",\"description\":\"POSK-grupp i Lule\u00e5 stift\",\"potentialAction\":[{\"@type\":\"SearchAction\",\"target\":{\"@type\":\"EntryPoint\",\"urlTemplate\":\"https:\/\/www.posk.se\/umea\/?s={search_term_string}\"},\"query-input\":{\"@type\":\"PropertyValueSpecification\",\"valueRequired\":true,\"valueName\":\"search_term_string\"}}],\"inLanguage\":\"sv-SE\"}]}<\/script>\n<!-- \/ Yoast SEO plugin. -->","yoast_head_json":{"title":"Valprogram f\u00f6r POSK Ume\u00e5 - Ume\u00e5 pastorat","robots":{"index":"index","follow":"follow","max-snippet":"max-snippet:-1","max-image-preview":"max-image-preview:large","max-video-preview":"max-video-preview:-1"},"canonical":"https:\/\/www.posk.se\/umea\/valprogram\/","og_locale":"sv_SE","og_type":"article","og_title":"Valprogram f\u00f6r POSK Ume\u00e5 - Ume\u00e5 pastorat","og_description":"Vid kyrkovalet 21 september (med f\u00f6rhandsr\u00f6stning fr\u00e5n 8 september) kan du p\u00e5verka hur Svenska kyrkan i Ume\u00e5 \u2013 Ume\u00e5 pastorat \u2013 ska utvecklas. G\u00f6r det! POSK, Partipolitiskt obundna i Svenska kyrkan, st\u00e4ller upp i kyrkovalet i Ume\u00e5 pastorat, i Lule\u00e5 stift och i kyrkom\u00f6tet. I POSK vill vi ta ansvar som f\u00f6rtroendevalda utan att binda [&hellip;]","og_url":"https:\/\/www.posk.se\/umea\/valprogram\/","og_site_name":"Ume\u00e5 pastorat","article_modified_time":"2025-09-14T15:24:00+00:00","og_image":[{"width":2212,"height":772,"url":"https:\/\/www.posk.se\/umea\/wp-content\/uploads\/sites\/97\/2017\/08\/gudstjanst.jpg","type":"image\/jpeg"}],"twitter_card":"summary_large_image","twitter_misc":{"Ber\u00e4knad l\u00e4stid":"6 minuter"},"schema":{"@context":"https:\/\/schema.org","@graph":[{"@type":"WebPage","@id":"https:\/\/www.posk.se\/umea\/valprogram\/","url":"https:\/\/www.posk.se\/umea\/valprogram\/","name":"Valprogram f\u00f6r POSK Ume\u00e5 - Ume\u00e5 pastorat","isPartOf":{"@id":"https:\/\/www.posk.se\/umea\/#website"},"primaryImageOfPage":{"@id":"https:\/\/www.posk.se\/umea\/valprogram\/#primaryimage"},"image":{"@id":"https:\/\/www.posk.se\/umea\/valprogram\/#primaryimage"},"thumbnailUrl":"https:\/\/www.posk.se\/umea\/wp-content\/uploads\/sites\/97\/2017\/08\/gudstjanst.jpg","datePublished":"2025-08-17T14:34:47+00:00","dateModified":"2025-09-14T15:24:00+00:00","breadcrumb":{"@id":"https:\/\/www.posk.se\/umea\/valprogram\/#breadcrumb"},"inLanguage":"sv-SE","potentialAction":[{"@type":"ReadAction","target":["https:\/\/www.posk.se\/umea\/valprogram\/"]}]},{"@type":"ImageObject","inLanguage":"sv-SE","@id":"https:\/\/www.posk.se\/umea\/valprogram\/#primaryimage","url":"https:\/\/www.posk.se\/umea\/wp-content\/uploads\/sites\/97\/2017\/08\/gudstjanst.jpg","contentUrl":"https:\/\/www.posk.se\/umea\/wp-content\/uploads\/sites\/97\/2017\/08\/gudstjanst.jpg","width":2212,"height":772},{"@type":"BreadcrumbList","@id":"https:\/\/www.posk.se\/umea\/valprogram\/#breadcrumb","itemListElement":[{"@type":"ListItem","position":1,"name":"Hem","item":"https:\/\/www.posk.se\/umea\/"},{"@type":"ListItem","position":2,"name":"Valprogram f\u00f6r POSK Ume\u00e5"}]},{"@type":"WebSite","@id":"https:\/\/www.posk.se\/umea\/#website","url":"https:\/\/www.posk.se\/umea\/","name":"Ume\u00e5 pastorat","description":"POSK-grupp i Lule\u00e5 stift","potentialAction":[{"@type":"SearchAction","target":{"@type":"EntryPoint","urlTemplate":"https:\/\/www.posk.se\/umea\/?s={search_term_string}"},"query-input":{"@type":"PropertyValueSpecification","valueRequired":true,"valueName":"search_term_string"}}],"inLanguage":"sv-SE"}]}},"_links":{"self":[{"href":"https:\/\/www.posk.se\/umea\/wp-json\/wp\/v2\/pages\/501","targetHints":{"allow":["GET"]}}],"collection":[{"href":"https:\/\/www.posk.se\/umea\/wp-json\/wp\/v2\/pages"}],"about":[{"href":"https:\/\/www.posk.se\/umea\/wp-json\/wp\/v2\/types\/page"}],"author":[{"embeddable":true,"href":"https:\/\/www.posk.se\/umea\/wp-json\/wp\/v2\/users\/54"}],"replies":[{"embeddable":true,"href":"https:\/\/www.posk.se\/umea\/wp-json\/wp\/v2\/comments?post=501"}],"version-history":[{"count":20,"href":"https:\/\/www.posk.se\/umea\/wp-json\/wp\/v2\/pages\/501\/revisions"}],"predecessor-version":[{"id":700,"href":"https:\/\/www.posk.se\/umea\/wp-json\/wp\/v2\/pages\/501\/revisions\/700"}],"wp:featuredmedia":[{"embeddable":true,"href":"https:\/\/www.posk.se\/umea\/wp-json\/wp\/v2\/media\/105"}],"wp:attachment":[{"href":"https:\/\/www.posk.se\/umea\/wp-json\/wp\/v2\/media?parent=501"}],"curies":[{"name":"wp","href":"https:\/\/api.w.org\/{rel}","templated":true}]}}