{"id":489,"date":"2017-07-29T15:59:42","date_gmt":"2025-08-17T14:25:04","guid":{"rendered":"https:\/\/www.posk.se\/umea\/?page_id=489"},"modified":"2025-08-30T16:16:22","modified_gmt":"2025-08-30T14:16:22","slug":"kandidater","status":"publish","type":"page","link":"https:\/\/www.posk.se\/umea\/kandidater\/","title":{"rendered":"Kandidatlista \u2013 kyrkofullm\u00e4ktige"},"content":{"rendered":"<h3><span style=\"color: #000080;\">H\u00e4r \u00e4r POSKs kandidater 2025<br \/>\ntill\u00a0kyrkofullm\u00e4ktige i Ume\u00e5 pastorat:<\/span><\/h3>\n<div>\n<div><\/div>\n<div>1. <strong>Birgitta Bernsp\u00e5ng,<\/strong> professor emerita, \u00d6st p\u00e5 stan<br \/>\n2. <strong>Inge-Bert T\u00e4ljedal,<\/strong> professor emeritus, Sofiehem<br \/>\n3. <strong>Therese Bjursell Lodesj\u00f6,<\/strong> strateg social h\u00e5llbarhet, Baggb\u00f6le<br \/>\n4. <strong>Lars-Gunnar Frisk,<\/strong> informat\u00f6r, Sofiehem<br \/>\n5. <strong>Matilda Audas Bj\u00f6rkholm,<\/strong> gymnasiel\u00e4rare, \u00d6st p\u00e5 stan<br \/>\n6. <strong>Anders Kristoffersson,<\/strong> ekonom, Ytterhiske<br \/>\n7. <strong>\u00c5se Lindegren,<\/strong> diakon, Ersboda<br \/>\n8. <strong>Anna Gustavsson,<\/strong> molekyl\u00e4rbiolog, \u00c5lidhem<br \/>\n9. <strong>Paola Lundmark,<\/strong> l\u00e4rare, \u00d6st p\u00e5 stan<br \/>\n10. (avflyttad)<br \/>\n11. <strong>Martin Lundstr\u00f6m,<\/strong> pension\u00e4r, Teg<br \/>\n12. <strong>Rut Niska S\u00e4fstr\u00f6m,<\/strong> f\u00f6rsamlingspedagog, \u00d6st p\u00e5 stan<br \/>\n13. <strong>Ture Miderfj\u00e4ll,<\/strong> student, Sofiehem<br \/>\n14. <strong>\u00c5sa Kjellgren, l\u00e4kare,<\/strong> Berghem<br \/>\n15. <strong>Per-G\u00f6ran Persson,<\/strong> lantm\u00e4stare, Ersboda<br \/>\n16. <strong>Anders Sturk Steinwall,<\/strong> utredare, Grubbe<br \/>\n17. <strong>Marianne Norberg,<\/strong> pension\u00e4r, Carlshem<br \/>\n18. <strong>Torbj\u00f6rn Ruther,<\/strong> mass\u00f6r, Grisbacka<br \/>\n19. <strong>BrittInger Forssell,<\/strong> pension\u00e4r, Berghem<br \/>\n20. <strong>Johnny Sandstr\u00f6m,<\/strong> fd ek chef, Carlshem<br \/>\n21. <strong>Inger Boman,<\/strong> pr\u00e4st, \u00d6st p\u00e5 stan<br \/>\n22. <strong>Sune Pettersson,<\/strong> universitetslektor, Sofiehem<br \/>\n23. <strong>Noak Lov\u00e9n,<\/strong> student , Umedalen<br \/>\n24. <strong>Martin Erlanson,<\/strong> l\u00e4kare, Teg<br \/>\n25. <strong>Carola Finnberg,<\/strong> socionom, Ersboda<br \/>\n26. <strong>Hans Petter Ildgruben,<\/strong> l\u00e4kare, Berghem<br \/>\n27. <strong>Lilly Martinsdotter Olofsson,<\/strong> pension\u00e4r, Degern\u00e4s<br \/>\n28. <strong>Matts Boman,<\/strong> pension\u00e4r, \u00d6st p\u00e5 stan<br \/>\n29. <strong>Jeanette Brodin,<\/strong> f\u00f6rsamlingspedagog, Tomtebo<br \/>\n30. <strong>Georg Fors,<\/strong> pension\u00e4r, Olofsdal<br \/>\n31. <strong>Lena Forsberg,<\/strong> pension\u00e4r, Innertavle<br \/>\n32. <strong>Ulf Dahlgren,<\/strong> banktj\u00e4nsteman, Teg<br \/>\n33. <strong>Annika Vikstr\u00f6m,<\/strong> logoped\/pr\u00e4stkandidat, Mariehem<br \/>\n34. <strong>Bernth Olofsson,<\/strong> pension\u00e4r, Centrala stan<br \/>\n35. <strong>Bo Glas,<\/strong> yrkeshygieniker, Teg<br \/>\n36. <strong>Stefan Eriksson,<\/strong> medlems- och kommunikationschef, Tavelsj\u00f6<br \/>\n37. <strong>Katarina Jonsson,<\/strong> milj\u00f6konsult, H\u00e5kmark<br \/>\n38. <strong>Mats H\u00f6gdahl,<\/strong> tekniker, Tomtebo<br \/>\n39. <strong>\u00c5sa Linghult,<\/strong> arbetsf\u00f6rmedlare, Grubbe<br \/>\n40. <strong>Anders Wikstr\u00f6m,<\/strong> socialpedagog, Mariehem<br \/>\n41. <strong>Anna Ildgruben,<\/strong> l\u00e4kare, Berghem<br \/>\n42. <strong>Helena Karlsson,<\/strong> administrativ chef, St\u00f6cke<br \/>\n43. <strong>Ruth Wieting,<\/strong> pension\u00e4r, Marieberg<br \/>\n44. <strong>Lars Segerstedt,<\/strong> pr\u00e4st, Marieberg<br \/>\n45. <strong>Katarina Glas,<\/strong> direktor, Grisbacka<br \/>\n46. <strong>Kristina Aglund,<\/strong> l\u00e4kare , \u00d6st p\u00e5 stan<br \/>\n47. <strong>Anders Karlsson,<\/strong> diakon, Tomtebo<br \/>\n48. <strong>Susann Backteman Erlanson,<\/strong> leg. sjuksk\u00f6terska, Teg<br \/>\n49. <strong>Daniel Kjellgren,<\/strong> \u00f6gonl\u00e4kare, Berghem<br \/>\n50. <strong>Lisa Tegby,<\/strong> prost, Sofiehem<\/div>\n<\/div>\n<p>Valsedeln till kyrkofullm\u00e4ktigevalet i Ume\u00e5 <strong><a href=\"https:\/\/www.posk.se\/umea\/wp-content\/uploads\/sites\/97\/2025\/08\/valsedel-umea-kf-2025.pdf\" target=\"_blank\" rel=\"noopener\">ser ut s\u00e5 h\u00e4r<\/a><\/strong>.<\/p>\n","protected":false},"excerpt":{"rendered":"<p>H\u00e4r \u00e4r POSKs kandidater 2025 till\u00a0kyrkofullm\u00e4ktige i Ume\u00e5 pastorat: 1. Birgitta Bernsp\u00e5ng, professor emerita, \u00d6st p\u00e5 stan 2. Inge-Bert T\u00e4ljedal, professor emeritus, Sofiehem 3. Therese Bjursell Lodesj\u00f6, strateg social h\u00e5llbarhet, Baggb\u00f6le 4. Lars-Gunnar Frisk, informat\u00f6r, Sofiehem 5. Matilda Audas Bj\u00f6rkholm, gymnasiel\u00e4rare, \u00d6st p\u00e5 stan 6. Anders Kristoffersson, ekonom, Ytterhiske 7. \u00c5se Lindegren, diakon, Ersboda 8. [&hellip;]<\/p>\n","protected":false},"author":107,"featured_media":187,"parent":0,"menu_order":2,"comment_status":"closed","ping_status":"closed","template":"page-templates\/page-sidebar-left.php","meta":{"_acf_changed":false,"footnotes":""},"class_list":["post-489","page","type-page","status-publish","has-post-thumbnail","hentry"],"acf":[],"yoast_head":"<!-- This site is optimized with the Yoast SEO plugin v24.9 - https:\/\/yoast.com\/wordpress\/plugins\/seo\/ -->\n<title>Kandidatlista \u2013 kyrkofullm\u00e4ktige - Ume\u00e5 pastorat<\/title>\n<meta name=\"robots\" content=\"index, follow, max-snippet:-1, max-image-preview:large, max-video-preview:-1\" \/>\n<link rel=\"canonical\" href=\"https:\/\/www.posk.se\/umea\/kandidater\/\" \/>\n<meta property=\"og:locale\" content=\"sv_SE\" \/>\n<meta property=\"og:type\" content=\"article\" \/>\n<meta property=\"og:title\" content=\"Kandidatlista \u2013 kyrkofullm\u00e4ktige - Ume\u00e5 pastorat\" \/>\n<meta property=\"og:description\" content=\"H\u00e4r \u00e4r POSKs kandidater 2025 till\u00a0kyrkofullm\u00e4ktige i Ume\u00e5 pastorat: 1. Birgitta Bernsp\u00e5ng, professor emerita, \u00d6st p\u00e5 stan 2. Inge-Bert T\u00e4ljedal, professor emeritus, Sofiehem 3. Therese Bjursell Lodesj\u00f6, strateg social h\u00e5llbarhet, Baggb\u00f6le 4. Lars-Gunnar Frisk, informat\u00f6r, Sofiehem 5. Matilda Audas Bj\u00f6rkholm, gymnasiel\u00e4rare, \u00d6st p\u00e5 stan 6. Anders Kristoffersson, ekonom, Ytterhiske 7. \u00c5se Lindegren, diakon, Ersboda 8. [&hellip;]\" \/>\n<meta property=\"og:url\" content=\"https:\/\/www.posk.se\/umea\/kandidater\/\" \/>\n<meta property=\"og:site_name\" content=\"Ume\u00e5 pastorat\" \/>\n<meta property=\"article:modified_time\" content=\"2025-08-30T14:16:22+00:00\" \/>\n<meta property=\"og:image\" content=\"https:\/\/www.posk.se\/umea\/wp-content\/uploads\/sites\/97\/2017\/09\/valsedelsplock-le-besk.jpg\" \/>\n\t<meta property=\"og:image:width\" content=\"1200\" \/>\n\t<meta property=\"og:image:height\" content=\"360\" \/>\n\t<meta property=\"og:image:type\" content=\"image\/jpeg\" \/>\n<meta name=\"twitter:card\" content=\"summary_large_image\" \/>\n<meta name=\"twitter:label1\" content=\"Ber\u00e4knad l\u00e4stid\" \/>\n\t<meta name=\"twitter:data1\" content=\"2 minuter\" \/>\n<script type=\"application\/ld+json\" class=\"yoast-schema-graph\">{\"@context\":\"https:\/\/schema.org\",\"@graph\":[{\"@type\":\"WebPage\",\"@id\":\"https:\/\/www.posk.se\/umea\/kandidater\/\",\"url\":\"https:\/\/www.posk.se\/umea\/kandidater\/\",\"name\":\"Kandidatlista \u2013 kyrkofullm\u00e4ktige - Ume\u00e5 pastorat\",\"isPartOf\":{\"@id\":\"https:\/\/www.posk.se\/umea\/#website\"},\"primaryImageOfPage\":{\"@id\":\"https:\/\/www.posk.se\/umea\/kandidater\/#primaryimage\"},\"image\":{\"@id\":\"https:\/\/www.posk.se\/umea\/kandidater\/#primaryimage\"},\"thumbnailUrl\":\"https:\/\/www.posk.se\/umea\/wp-content\/uploads\/sites\/97\/2017\/09\/valsedelsplock-le-besk.jpg\",\"datePublished\":\"2025-08-17T14:25:04+00:00\",\"dateModified\":\"2025-08-30T14:16:22+00:00\",\"breadcrumb\":{\"@id\":\"https:\/\/www.posk.se\/umea\/kandidater\/#breadcrumb\"},\"inLanguage\":\"sv-SE\",\"potentialAction\":[{\"@type\":\"ReadAction\",\"target\":[\"https:\/\/www.posk.se\/umea\/kandidater\/\"]}]},{\"@type\":\"ImageObject\",\"inLanguage\":\"sv-SE\",\"@id\":\"https:\/\/www.posk.se\/umea\/kandidater\/#primaryimage\",\"url\":\"https:\/\/www.posk.se\/umea\/wp-content\/uploads\/sites\/97\/2017\/09\/valsedelsplock-le-besk.jpg\",\"contentUrl\":\"https:\/\/www.posk.se\/umea\/wp-content\/uploads\/sites\/97\/2017\/09\/valsedelsplock-le-besk.jpg\",\"width\":1200,\"height\":360},{\"@type\":\"BreadcrumbList\",\"@id\":\"https:\/\/www.posk.se\/umea\/kandidater\/#breadcrumb\",\"itemListElement\":[{\"@type\":\"ListItem\",\"position\":1,\"name\":\"Hem\",\"item\":\"https:\/\/www.posk.se\/umea\/\"},{\"@type\":\"ListItem\",\"position\":2,\"name\":\"Kandidatlista \u2013 kyrkofullm\u00e4ktige\"}]},{\"@type\":\"WebSite\",\"@id\":\"https:\/\/www.posk.se\/umea\/#website\",\"url\":\"https:\/\/www.posk.se\/umea\/\",\"name\":\"Ume\u00e5 pastorat\",\"description\":\"POSK-grupp i Lule\u00e5 stift\",\"potentialAction\":[{\"@type\":\"SearchAction\",\"target\":{\"@type\":\"EntryPoint\",\"urlTemplate\":\"https:\/\/www.posk.se\/umea\/?s={search_term_string}\"},\"query-input\":{\"@type\":\"PropertyValueSpecification\",\"valueRequired\":true,\"valueName\":\"search_term_string\"}}],\"inLanguage\":\"sv-SE\"}]}<\/script>\n<!-- \/ Yoast SEO plugin. -->","yoast_head_json":{"title":"Kandidatlista \u2013 kyrkofullm\u00e4ktige - Ume\u00e5 pastorat","robots":{"index":"index","follow":"follow","max-snippet":"max-snippet:-1","max-image-preview":"max-image-preview:large","max-video-preview":"max-video-preview:-1"},"canonical":"https:\/\/www.posk.se\/umea\/kandidater\/","og_locale":"sv_SE","og_type":"article","og_title":"Kandidatlista \u2013 kyrkofullm\u00e4ktige - Ume\u00e5 pastorat","og_description":"H\u00e4r \u00e4r POSKs kandidater 2025 till\u00a0kyrkofullm\u00e4ktige i Ume\u00e5 pastorat: 1. Birgitta Bernsp\u00e5ng, professor emerita, \u00d6st p\u00e5 stan 2. Inge-Bert T\u00e4ljedal, professor emeritus, Sofiehem 3. Therese Bjursell Lodesj\u00f6, strateg social h\u00e5llbarhet, Baggb\u00f6le 4. Lars-Gunnar Frisk, informat\u00f6r, Sofiehem 5. Matilda Audas Bj\u00f6rkholm, gymnasiel\u00e4rare, \u00d6st p\u00e5 stan 6. Anders Kristoffersson, ekonom, Ytterhiske 7. \u00c5se Lindegren, diakon, Ersboda 8. [&hellip;]","og_url":"https:\/\/www.posk.se\/umea\/kandidater\/","og_site_name":"Ume\u00e5 pastorat","article_modified_time":"2025-08-30T14:16:22+00:00","og_image":[{"width":1200,"height":360,"url":"https:\/\/www.posk.se\/umea\/wp-content\/uploads\/sites\/97\/2017\/09\/valsedelsplock-le-besk.jpg","type":"image\/jpeg"}],"twitter_card":"summary_large_image","twitter_misc":{"Ber\u00e4knad l\u00e4stid":"2 minuter"},"schema":{"@context":"https:\/\/schema.org","@graph":[{"@type":"WebPage","@id":"https:\/\/www.posk.se\/umea\/kandidater\/","url":"https:\/\/www.posk.se\/umea\/kandidater\/","name":"Kandidatlista \u2013 kyrkofullm\u00e4ktige - Ume\u00e5 pastorat","isPartOf":{"@id":"https:\/\/www.posk.se\/umea\/#website"},"primaryImageOfPage":{"@id":"https:\/\/www.posk.se\/umea\/kandidater\/#primaryimage"},"image":{"@id":"https:\/\/www.posk.se\/umea\/kandidater\/#primaryimage"},"thumbnailUrl":"https:\/\/www.posk.se\/umea\/wp-content\/uploads\/sites\/97\/2017\/09\/valsedelsplock-le-besk.jpg","datePublished":"2025-08-17T14:25:04+00:00","dateModified":"2025-08-30T14:16:22+00:00","breadcrumb":{"@id":"https:\/\/www.posk.se\/umea\/kandidater\/#breadcrumb"},"inLanguage":"sv-SE","potentialAction":[{"@type":"ReadAction","target":["https:\/\/www.posk.se\/umea\/kandidater\/"]}]},{"@type":"ImageObject","inLanguage":"sv-SE","@id":"https:\/\/www.posk.se\/umea\/kandidater\/#primaryimage","url":"https:\/\/www.posk.se\/umea\/wp-content\/uploads\/sites\/97\/2017\/09\/valsedelsplock-le-besk.jpg","contentUrl":"https:\/\/www.posk.se\/umea\/wp-content\/uploads\/sites\/97\/2017\/09\/valsedelsplock-le-besk.jpg","width":1200,"height":360},{"@type":"BreadcrumbList","@id":"https:\/\/www.posk.se\/umea\/kandidater\/#breadcrumb","itemListElement":[{"@type":"ListItem","position":1,"name":"Hem","item":"https:\/\/www.posk.se\/umea\/"},{"@type":"ListItem","position":2,"name":"Kandidatlista \u2013 kyrkofullm\u00e4ktige"}]},{"@type":"WebSite","@id":"https:\/\/www.posk.se\/umea\/#website","url":"https:\/\/www.posk.se\/umea\/","name":"Ume\u00e5 pastorat","description":"POSK-grupp i Lule\u00e5 stift","potentialAction":[{"@type":"SearchAction","target":{"@type":"EntryPoint","urlTemplate":"https:\/\/www.posk.se\/umea\/?s={search_term_string}"},"query-input":{"@type":"PropertyValueSpecification","valueRequired":true,"valueName":"search_term_string"}}],"inLanguage":"sv-SE"}]}},"_links":{"self":[{"href":"https:\/\/www.posk.se\/umea\/wp-json\/wp\/v2\/pages\/489","targetHints":{"allow":["GET"]}}],"collection":[{"href":"https:\/\/www.posk.se\/umea\/wp-json\/wp\/v2\/pages"}],"about":[{"href":"https:\/\/www.posk.se\/umea\/wp-json\/wp\/v2\/types\/page"}],"author":[{"embeddable":true,"href":"https:\/\/www.posk.se\/umea\/wp-json\/wp\/v2\/users\/107"}],"replies":[{"embeddable":true,"href":"https:\/\/www.posk.se\/umea\/wp-json\/wp\/v2\/comments?post=489"}],"version-history":[{"count":13,"href":"https:\/\/www.posk.se\/umea\/wp-json\/wp\/v2\/pages\/489\/revisions"}],"predecessor-version":[{"id":662,"href":"https:\/\/www.posk.se\/umea\/wp-json\/wp\/v2\/pages\/489\/revisions\/662"}],"wp:featuredmedia":[{"embeddable":true,"href":"https:\/\/www.posk.se\/umea\/wp-json\/wp\/v2\/media\/187"}],"wp:attachment":[{"href":"https:\/\/www.posk.se\/umea\/wp-json\/wp\/v2\/media?parent=489"}],"curies":[{"name":"wp","href":"https:\/\/api.w.org\/{rel}","templated":true}]}}