{"id":74,"date":"2017-04-23T17:31:14","date_gmt":"2017-04-23T15:31:14","guid":{"rendered":"https:\/\/www.posk.se\/sura-ramnas\/?page_id=74"},"modified":"2025-08-26T20:02:40","modified_gmt":"2025-08-26T18:02:40","slug":"vad-vi-vill","status":"publish","type":"page","link":"https:\/\/www.posk.se\/sura-ramnas\/vad-vi-vill\/","title":{"rendered":"Vad vi vill"},"content":{"rendered":"<h4><span style=\"color: #993300\">POSK vill att Svenska kyrkan ska<\/span><\/h4>\n<p>\u2022 erbjuda n\u00e4rvaro, gemenskap och v\u00e4xt<br \/>\n\u2022 f\u00f6rmedla befrielse, hopp och livsmod<br \/>\n\u2022 se och ta vara p\u00e5 varje m\u00e4nniska som en g\u00e5va i f\u00f6rsamlingens liv<br \/>\n\u2022 respektera individen och gl\u00e4djas \u00e5t m\u00e5ngfalden<br \/>\n\u2022 vara en tydlig r\u00f6st i samh\u00e4llet och visa p\u00e5 ett liv i r\u00e4ttvisa och frihet<br \/>\n\u2022 ha en organisation och struktur som fr\u00e4mjar kyrkans uppdrag<br \/>\n\u2022 vara en brobyggare mellan kyrkor<br \/>\n\u2022 str\u00e4va efter en sann och \u00f6ppen dialog mellan m\u00e4nniskor av olika tro<\/p>\n<h2><span style=\"color: #993300\">Lokalt<\/span><\/h2>\n<p>POSK har publicerat en omfattande <a href=\"https:\/\/www.posk.se\/vi-vill\/program\/\" target=\"_blank\" rel=\"noopener\">valplattform <\/a>som utf\u00f6rligt beskriver v\u00e4rderingar och m\u00e5ls\u00e4ttningar. Lokalt i Sura-Ramn\u00e4s f\u00f6rsamling vill lyfta upp n\u00e5gra punkter som vi tycker \u00e4r relevanta som r\u00f6relseriktning f\u00f6r v\u00e5r f\u00f6rsamling b\u00e5de som gudstj\u00e4nstfirande gemenskap och akt\u00f6r i det lokala samh\u00e4llet:<\/p>\n<h3><span style=\"color: #008000\"><b>Vi vill skapa<\/b><\/span><\/h3>\n<p>En meningsfull gemenskap f\u00f6r m\u00e4nniskor i alla \u00e5ldrar &#8211; alla skall vara v\u00e4lkomna i v\u00e5r f\u00f6rsamling.<\/p>\n<p>Vad betyder det?<\/p>\n<ul>\n<li>Variera gudstj\u00e4nstformerna f\u00f6r att n\u00e5 identifierade m\u00e5lgrupper<\/li>\n<li>Variera gudstj\u00e4nstens inneh\u00e5ll inom ramen f\u00f6r aktuell form, t.ex. med musikinslag och andra kulturella uttryck<\/li>\n<\/ul>\n<h3><span style=\"color: #008000\">Vi vill verka f\u00f6r<\/span><\/h3>\n<ul>\n<li>Ett \u00f6kat och breddat gudstj\u00e4nstutbud s\u00e5 att alla har m\u00f6jlighet att delta.<\/li>\n<li>Att prioritera verksamheter som bygger en levande och missionerande f\u00f6rsamling.<\/li>\n<li>Att det skall finnas finskspr\u00e5kig verksamhet i f\u00f6rsamlingen.<\/li>\n<\/ul>\n<h3><span style=\"color: #008000\">Vi vill bidra till<\/span><\/h3>\n<ul>\n<li>En \u00f6kad samverkan mellan f\u00f6rsamlingen och det lokala kulturlivet.<\/li>\n<li>Att verksamheten regelbundet ompr\u00f6vas utifr\u00e5n de lokala behoven &#8211; vi skall reagera och agera.<\/li>\n<\/ul>\n<h5>Vi som ledam\u00f6ter i f\u00f6rsamlingen skall vara en f\u00f6rebild f\u00f6r andra. Vi ska finnas i verksamheten och synliga i gudstj\u00e4nstlivet.<\/h5>\n<h3 data-sourcepos=\"7:1-7:31\"><strong>POSK Sura-Ramn\u00e4s seurakunta<\/strong><\/h3>\n<p>Surahammarin kunta on suomenkielinen hallintoalue.<\/p>\n<p>Siksi on t\u00e4rke\u00e4 katsoa my\u00f6s, ett\u00e4 suomenkieliset toiminnot vastaavat tarvetta.<\/p>\n<p>Haluamme edelleen, ett\u00e4 seurakunnassa on suomenkielist\u00e4 toimintaa sek\u00e4 suomenkielist\u00e4 henkil\u00f6kuntaa.<\/p>\n<p>Yrit\u00e4mme my\u00f6skin l\u00e4sn\u00e4olon avulla parantaa ja vahvistaa suomenkielist\u00e4 toimintaa seurakunnan ty\u00f6ss\u00e4.<\/p>\n<h2><\/h2>\n<h2>S\u00e5ledes<\/h2>\n<h5>POSK \u2013 ett gott val<\/h5>\n<p>POSK \u2013 Partipolitiskt obundna i Svenska kyrkan, \u00e4r den st\u00f6rsta demokratiska organisationen i Svenska kyrkan f\u00f6r grupper och enskilda som vill ta ansvar som f\u00f6rtroendevalda utan att binda sig till n\u00e5got allm\u00e4npolitiskt parti. Svenska kyrkans st\u00e4llning h\u00e5ller p\u00e5 att f\u00f6r\u00e4ndras, fr\u00e5n sj\u00e4lvklar och s\u00e4rbehandlad till ifr\u00e5gasatt och likst\u00e4lld, fr\u00e5n en organisation som i huvudsak f\u00f6rlitat sig p\u00e5 sina anst\u00e4llda till en kyrka d\u00e4r de ideella har en betydande plats. Hur detta hanteras \u00e4r avg\u00f6rande f\u00f6r Svenska kyrkans framtid. Det \u00e4r viktigt vilka som best\u00e4mmer och vilka visioner de har. De unga har en s\u00e4rskild betydelse. Kompetens, engagemang och ansvarstagande \u00e4r avg\u00f6rande egenskaper, liksom en gemensam ideologi.<\/p>\n<p>Rekryteringsbasen f\u00f6r POSK \u00e4r den lokala gudstj\u00e4nst- och f\u00f6rsamlingsgemenskapen. Det lokala f\u00f6rtroendet avg\u00f6r vilka som f\u00f6retr\u00e4der POSK. POSK str\u00e4var efter att v\u00e5ra representanter ska vara kunniga och kompetenta. De har ambitionen att leda utvecklingen av Svenska kyrkan, drivs av sitt engagemang f\u00f6r kyrkan och har f\u00f6rm\u00e5ga att stimulera andra att stiga fram och ta ansvar. POSK driver fram f\u00f6r\u00e4ndring genom att s\u00e4tta kyrkans fr\u00e5gor p\u00e5 agendan, reflektera \u00f6ver kyrkans roll och g\u00f6ra kyrkan synlig i samh\u00e4llet.<\/p>\n<h5>En fri kyrka \u2013 p\u00e5 riktigt<\/h5>\n<p>Relationsf\u00f6r\u00e4ndringen mellan kyrkan och staten \u00e5r 2000 gjorde Svenska kyrkan till ett fritt trossamfund. Lagen om Svenska kyrkan garanterar att vissa fundamentala s\u00e4rdrag beh\u00e5lls, men \u00e4ven mindre v\u00e4sentliga k\u00e4nnetecken som organisationsstruktur beskrivs i lagen. Det \u00e4r angel\u00e4get att forts\u00e4tta reformarbetet och p\u00e5 sikt se \u00f6ver denna lagstiftning.<\/p>\n<p>POSK anser ocks\u00e5 att de allm\u00e4npolitiska partiorganisationernas inflytande \u00f6ver Svenska kyrkan m\u00e5ste upph\u00f6ra. F\u00f6retr\u00e4dare knutna till de politiska partierna str\u00e4var ofta efter att utforma kyrkliga best\u00e4mmelser efter de regler som g\u00e4ller f\u00f6r stat och kommuner. Ett tydligt exempel \u00e4r det komplicerade och kostnadskr\u00e4vande s\u00e4ttet att genomf\u00f6ra kyrkliga val. Det \u00e4r resultatet av en okritisk \u00f6verf\u00f6ring av systemet f\u00f6r allm\u00e4nna val till ett sammanhang d\u00e4r det inte passar. POSK arbetar f\u00f6r att skapa ett billigare och enklare demokratiskt valsystem i kyrkan.<\/p>\n<h5>En kyrka i v\u00e4rlden \u2013 en kyrka f\u00f6r dig<\/h5>\n<p>V\u00e4rlden genomg\u00e5r stora och snabba f\u00f6r\u00e4ndringar. D\u00e4rf\u00f6r m\u00e5ste vi st\u00e4ndigt s\u00f6ka svar p\u00e5 aktuella etiska och existentiella fr\u00e5gor. POSK vill att Svenska kyrkan arbetar aktivt med dessa. Kyrkan ska vara de utsattas r\u00f6st och k\u00e4mpa k\u00e4rleksfullt f\u00f6r det goda. POSK menar att varje m\u00e4nniska kan ge viktiga bidrag till kyrkans engagemang i den egna f\u00f6rsamlingen, i Sverige och i v\u00e4rlden. Kyrkan och f\u00f6rsamlingen \u00e4r till f\u00f6r dig och ditt engagemang, din kunskap, din f\u00f6rm\u00e5ga och f\u00f6r ditt kristna liv. Tillsammans skapar vi m\u00f6tesplatser f\u00f6r kristen v\u00e4xt och mognad.<\/p>\n<h5>M\u00e5ngfald \u2013 en m\u00f6jlighet<\/h5>\n<p>En kyrka som omfattar st\u00f6rre delen av befolkningen \u00e4r sj\u00e4lvfallet inte en homogen \u00e5siktsgemenskap. Bland oss som \u00e4r engagerade i kyrkan finns en m\u00e5ngfald av uppfattningar. Inom ramen f\u00f6r den grundl\u00e4ggande tro, bek\u00e4nnelse och l\u00e4ra som Svenska kyrkan st\u00e5r f\u00f6r finns det avsev\u00e4rt utrymme att tolka vad kristen tro och kristet liv inneb\u00e4r i tro och handling. Hela f\u00f6rsamlingen har del i ansvaret f\u00f6r kyrkans l\u00e4ra.<\/p>\n<p>Det \u00e4r ett gemensamt uppdrag att p\u00e5 olika s\u00e4tt f\u00f6rkunna det kristna evangeliet. Vi beh\u00f6ver tala tydligt om Herren Jesus Kristus som varje m\u00e4nniskas befriare och fr\u00e4lsare. De olika kyrkliga traditioner och inriktningar som ryms inom Svenska kyrkan utg\u00f6r en rikedom. F\u00f6r att undvika kyrkosplittring m\u00e5ste alla vara beredda att respektera varandras olika uppfattningar och att f\u00f6lja demokratiskt fattade beslut. Toleransen f\u00f6r olikt\u00e4nkande beh\u00f6ver \u00f6ka. Vi beh\u00f6ver lyssna lyh\u00f6rt till Gud och m\u00e4nniskor.<\/p>\n","protected":false},"excerpt":{"rendered":"<p>POSK vill att Svenska kyrkan ska \u2022 erbjuda n\u00e4rvaro, gemenskap och v\u00e4xt \u2022 f\u00f6rmedla befrielse, hopp och livsmod \u2022 se och ta vara p\u00e5 varje m\u00e4nniska som en g\u00e5va i f\u00f6rsamlingens liv \u2022 respektera individen och gl\u00e4djas \u00e5t m\u00e5ngfalden \u2022 vara en tydlig r\u00f6st i samh\u00e4llet och visa p\u00e5 ett liv i r\u00e4ttvisa och frihet [&hellip;]<\/p>\n","protected":false},"author":108,"featured_media":0,"parent":0,"menu_order":1,"comment_status":"closed","ping_status":"closed","template":"page-templates\/page-sidebar-right.php","meta":{"_acf_changed":false,"footnotes":""},"class_list":["post-74","page","type-page","status-publish","hentry"],"acf":[],"yoast_head":"<!-- This site is optimized with the Yoast SEO plugin v24.9 - https:\/\/yoast.com\/wordpress\/plugins\/seo\/ -->\n<title>Vad vi vill - Sura-Ramn\u00e4s<\/title>\n<meta name=\"robots\" content=\"index, follow, max-snippet:-1, max-image-preview:large, max-video-preview:-1\" \/>\n<link rel=\"canonical\" href=\"https:\/\/www.posk.se\/sura-ramnas\/vad-vi-vill\/\" \/>\n<meta property=\"og:locale\" content=\"sv_SE\" \/>\n<meta property=\"og:type\" content=\"article\" \/>\n<meta property=\"og:title\" content=\"Vad vi vill - Sura-Ramn\u00e4s\" \/>\n<meta property=\"og:description\" content=\"POSK vill att Svenska kyrkan ska \u2022 erbjuda n\u00e4rvaro, gemenskap och v\u00e4xt \u2022 f\u00f6rmedla befrielse, hopp och livsmod \u2022 se och ta vara p\u00e5 varje m\u00e4nniska som en g\u00e5va i f\u00f6rsamlingens liv \u2022 respektera individen och gl\u00e4djas \u00e5t m\u00e5ngfalden \u2022 vara en tydlig r\u00f6st i samh\u00e4llet och visa p\u00e5 ett liv i r\u00e4ttvisa och frihet [&hellip;]\" \/>\n<meta property=\"og:url\" content=\"https:\/\/www.posk.se\/sura-ramnas\/vad-vi-vill\/\" \/>\n<meta property=\"og:site_name\" content=\"Sura-Ramn\u00e4s\" \/>\n<meta property=\"article:modified_time\" content=\"2025-08-26T18:02:40+00:00\" \/>\n<meta name=\"twitter:card\" content=\"summary_large_image\" \/>\n<meta name=\"twitter:label1\" content=\"Ber\u00e4knad l\u00e4stid\" \/>\n\t<meta name=\"twitter:data1\" content=\"5 minuter\" \/>\n<script type=\"application\/ld+json\" class=\"yoast-schema-graph\">{\"@context\":\"https:\/\/schema.org\",\"@graph\":[{\"@type\":\"WebPage\",\"@id\":\"https:\/\/www.posk.se\/sura-ramnas\/vad-vi-vill\/\",\"url\":\"https:\/\/www.posk.se\/sura-ramnas\/vad-vi-vill\/\",\"name\":\"Vad vi vill - Sura-Ramn\u00e4s\",\"isPartOf\":{\"@id\":\"https:\/\/www.posk.se\/sura-ramnas\/#website\"},\"datePublished\":\"2017-04-23T15:31:14+00:00\",\"dateModified\":\"2025-08-26T18:02:40+00:00\",\"breadcrumb\":{\"@id\":\"https:\/\/www.posk.se\/sura-ramnas\/vad-vi-vill\/#breadcrumb\"},\"inLanguage\":\"sv-SE\",\"potentialAction\":[{\"@type\":\"ReadAction\",\"target\":[\"https:\/\/www.posk.se\/sura-ramnas\/vad-vi-vill\/\"]}]},{\"@type\":\"BreadcrumbList\",\"@id\":\"https:\/\/www.posk.se\/sura-ramnas\/vad-vi-vill\/#breadcrumb\",\"itemListElement\":[{\"@type\":\"ListItem\",\"position\":1,\"name\":\"Hem\",\"item\":\"https:\/\/www.posk.se\/sura-ramnas\/\"},{\"@type\":\"ListItem\",\"position\":2,\"name\":\"Vad vi vill\"}]},{\"@type\":\"WebSite\",\"@id\":\"https:\/\/www.posk.se\/sura-ramnas\/#website\",\"url\":\"https:\/\/www.posk.se\/sura-ramnas\/\",\"name\":\"Sura-Ramn\u00e4s\",\"description\":\"POSK-grupp i V\u00e4ster\u00e5s stift\",\"potentialAction\":[{\"@type\":\"SearchAction\",\"target\":{\"@type\":\"EntryPoint\",\"urlTemplate\":\"https:\/\/www.posk.se\/sura-ramnas\/?s={search_term_string}\"},\"query-input\":{\"@type\":\"PropertyValueSpecification\",\"valueRequired\":true,\"valueName\":\"search_term_string\"}}],\"inLanguage\":\"sv-SE\"}]}<\/script>\n<!-- \/ Yoast SEO plugin. -->","yoast_head_json":{"title":"Vad vi vill - Sura-Ramn\u00e4s","robots":{"index":"index","follow":"follow","max-snippet":"max-snippet:-1","max-image-preview":"max-image-preview:large","max-video-preview":"max-video-preview:-1"},"canonical":"https:\/\/www.posk.se\/sura-ramnas\/vad-vi-vill\/","og_locale":"sv_SE","og_type":"article","og_title":"Vad vi vill - Sura-Ramn\u00e4s","og_description":"POSK vill att Svenska kyrkan ska \u2022 erbjuda n\u00e4rvaro, gemenskap och v\u00e4xt \u2022 f\u00f6rmedla befrielse, hopp och livsmod \u2022 se och ta vara p\u00e5 varje m\u00e4nniska som en g\u00e5va i f\u00f6rsamlingens liv \u2022 respektera individen och gl\u00e4djas \u00e5t m\u00e5ngfalden \u2022 vara en tydlig r\u00f6st i samh\u00e4llet och visa p\u00e5 ett liv i r\u00e4ttvisa och frihet [&hellip;]","og_url":"https:\/\/www.posk.se\/sura-ramnas\/vad-vi-vill\/","og_site_name":"Sura-Ramn\u00e4s","article_modified_time":"2025-08-26T18:02:40+00:00","twitter_card":"summary_large_image","twitter_misc":{"Ber\u00e4knad l\u00e4stid":"5 minuter"},"schema":{"@context":"https:\/\/schema.org","@graph":[{"@type":"WebPage","@id":"https:\/\/www.posk.se\/sura-ramnas\/vad-vi-vill\/","url":"https:\/\/www.posk.se\/sura-ramnas\/vad-vi-vill\/","name":"Vad vi vill - Sura-Ramn\u00e4s","isPartOf":{"@id":"https:\/\/www.posk.se\/sura-ramnas\/#website"},"datePublished":"2017-04-23T15:31:14+00:00","dateModified":"2025-08-26T18:02:40+00:00","breadcrumb":{"@id":"https:\/\/www.posk.se\/sura-ramnas\/vad-vi-vill\/#breadcrumb"},"inLanguage":"sv-SE","potentialAction":[{"@type":"ReadAction","target":["https:\/\/www.posk.se\/sura-ramnas\/vad-vi-vill\/"]}]},{"@type":"BreadcrumbList","@id":"https:\/\/www.posk.se\/sura-ramnas\/vad-vi-vill\/#breadcrumb","itemListElement":[{"@type":"ListItem","position":1,"name":"Hem","item":"https:\/\/www.posk.se\/sura-ramnas\/"},{"@type":"ListItem","position":2,"name":"Vad vi vill"}]},{"@type":"WebSite","@id":"https:\/\/www.posk.se\/sura-ramnas\/#website","url":"https:\/\/www.posk.se\/sura-ramnas\/","name":"Sura-Ramn\u00e4s","description":"POSK-grupp i V\u00e4ster\u00e5s stift","potentialAction":[{"@type":"SearchAction","target":{"@type":"EntryPoint","urlTemplate":"https:\/\/www.posk.se\/sura-ramnas\/?s={search_term_string}"},"query-input":{"@type":"PropertyValueSpecification","valueRequired":true,"valueName":"search_term_string"}}],"inLanguage":"sv-SE"}]}},"_links":{"self":[{"href":"https:\/\/www.posk.se\/sura-ramnas\/wp-json\/wp\/v2\/pages\/74","targetHints":{"allow":["GET"]}}],"collection":[{"href":"https:\/\/www.posk.se\/sura-ramnas\/wp-json\/wp\/v2\/pages"}],"about":[{"href":"https:\/\/www.posk.se\/sura-ramnas\/wp-json\/wp\/v2\/types\/page"}],"author":[{"embeddable":true,"href":"https:\/\/www.posk.se\/sura-ramnas\/wp-json\/wp\/v2\/users\/108"}],"replies":[{"embeddable":true,"href":"https:\/\/www.posk.se\/sura-ramnas\/wp-json\/wp\/v2\/comments?post=74"}],"version-history":[{"count":25,"href":"https:\/\/www.posk.se\/sura-ramnas\/wp-json\/wp\/v2\/pages\/74\/revisions"}],"predecessor-version":[{"id":340,"href":"https:\/\/www.posk.se\/sura-ramnas\/wp-json\/wp\/v2\/pages\/74\/revisions\/340"}],"wp:attachment":[{"href":"https:\/\/www.posk.se\/sura-ramnas\/wp-json\/wp\/v2\/media?parent=74"}],"curies":[{"name":"wp","href":"https:\/\/api.w.org\/{rel}","templated":true}]}}