{"id":306,"date":"2026-02-19T20:32:54","date_gmt":"2026-02-19T19:32:54","guid":{"rendered":"https:\/\/www.posk.se\/strangnasstift\/?page_id=306"},"modified":"2026-02-19T20:45:11","modified_gmt":"2026-02-19T19:45:11","slug":"styrelsen","status":"publish","type":"page","link":"https:\/\/www.posk.se\/strangnasstift\/styrelsen\/","title":{"rendered":"Styrelsen"},"content":{"rendered":"","protected":false},"excerpt":{"rendered":"","protected":false},"author":1393,"featured_media":0,"parent":0,"menu_order":1,"comment_status":"closed","ping_status":"closed","template":"page-templates\/page-sidebar-left.php","meta":{"_acf_changed":false,"footnotes":""},"class_list":["post-306","page","type-page","status-publish","hentry"],"acf":[],"yoast_head":"<!-- This site is optimized with the Yoast SEO plugin v24.9 - https:\/\/yoast.com\/wordpress\/plugins\/seo\/ -->\n<title>Styrelsen - STIFTSF\u00d6RENING Str\u00e4ngn\u00e4s<\/title>\n<meta name=\"robots\" content=\"index, follow, max-snippet:-1, max-image-preview:large, max-video-preview:-1\" \/>\n<link rel=\"canonical\" href=\"https:\/\/www.posk.se\/strangnasstift\/styrelsen\/\" \/>\n<meta property=\"og:locale\" content=\"sv_SE\" \/>\n<meta property=\"og:type\" content=\"article\" \/>\n<meta property=\"og:title\" content=\"Styrelsen - STIFTSF\u00d6RENING Str\u00e4ngn\u00e4s\" \/>\n<meta property=\"og:url\" content=\"https:\/\/www.posk.se\/strangnasstift\/styrelsen\/\" \/>\n<meta property=\"og:site_name\" content=\"STIFTSF\u00d6RENING Str\u00e4ngn\u00e4s\" \/>\n<meta property=\"article:modified_time\" content=\"2026-02-19T19:45:11+00:00\" \/>\n<meta name=\"twitter:card\" content=\"summary_large_image\" \/>\n<script type=\"application\/ld+json\" class=\"yoast-schema-graph\">{\"@context\":\"https:\/\/schema.org\",\"@graph\":[{\"@type\":\"WebPage\",\"@id\":\"https:\/\/www.posk.se\/strangnasstift\/styrelsen\/\",\"url\":\"https:\/\/www.posk.se\/strangnasstift\/styrelsen\/\",\"name\":\"Styrelsen - STIFTSF\u00d6RENING Str\u00e4ngn\u00e4s\",\"isPartOf\":{\"@id\":\"https:\/\/www.posk.se\/strangnasstift\/#website\"},\"datePublished\":\"2026-02-19T19:32:54+00:00\",\"dateModified\":\"2026-02-19T19:45:11+00:00\",\"breadcrumb\":{\"@id\":\"https:\/\/www.posk.se\/strangnasstift\/styrelsen\/#breadcrumb\"},\"inLanguage\":\"sv-SE\",\"potentialAction\":[{\"@type\":\"ReadAction\",\"target\":[\"https:\/\/www.posk.se\/strangnasstift\/styrelsen\/\"]}]},{\"@type\":\"BreadcrumbList\",\"@id\":\"https:\/\/www.posk.se\/strangnasstift\/styrelsen\/#breadcrumb\",\"itemListElement\":[{\"@type\":\"ListItem\",\"position\":1,\"name\":\"Hem\",\"item\":\"https:\/\/www.posk.se\/strangnasstift\/\"},{\"@type\":\"ListItem\",\"position\":2,\"name\":\"Styrelsen\"}]},{\"@type\":\"WebSite\",\"@id\":\"https:\/\/www.posk.se\/strangnasstift\/#website\",\"url\":\"https:\/\/www.posk.se\/strangnasstift\/\",\"name\":\"STIFTSF\u00d6RENING Str\u00e4ngn\u00e4s\",\"description\":\"Stiftsf\u00f6reningen f\u00f6r POSK i Str\u00e4ngn\u00e4s stift\",\"potentialAction\":[{\"@type\":\"SearchAction\",\"target\":{\"@type\":\"EntryPoint\",\"urlTemplate\":\"https:\/\/www.posk.se\/strangnasstift\/?s={search_term_string}\"},\"query-input\":{\"@type\":\"PropertyValueSpecification\",\"valueRequired\":true,\"valueName\":\"search_term_string\"}}],\"inLanguage\":\"sv-SE\"}]}<\/script>\n<!-- \/ Yoast SEO plugin. -->","yoast_head_json":{"title":"Styrelsen - STIFTSF\u00d6RENING Str\u00e4ngn\u00e4s","robots":{"index":"index","follow":"follow","max-snippet":"max-snippet:-1","max-image-preview":"max-image-preview:large","max-video-preview":"max-video-preview:-1"},"canonical":"https:\/\/www.posk.se\/strangnasstift\/styrelsen\/","og_locale":"sv_SE","og_type":"article","og_title":"Styrelsen - STIFTSF\u00d6RENING Str\u00e4ngn\u00e4s","og_url":"https:\/\/www.posk.se\/strangnasstift\/styrelsen\/","og_site_name":"STIFTSF\u00d6RENING Str\u00e4ngn\u00e4s","article_modified_time":"2026-02-19T19:45:11+00:00","twitter_card":"summary_large_image","schema":{"@context":"https:\/\/schema.org","@graph":[{"@type":"WebPage","@id":"https:\/\/www.posk.se\/strangnasstift\/styrelsen\/","url":"https:\/\/www.posk.se\/strangnasstift\/styrelsen\/","name":"Styrelsen - STIFTSF\u00d6RENING Str\u00e4ngn\u00e4s","isPartOf":{"@id":"https:\/\/www.posk.se\/strangnasstift\/#website"},"datePublished":"2026-02-19T19:32:54+00:00","dateModified":"2026-02-19T19:45:11+00:00","breadcrumb":{"@id":"https:\/\/www.posk.se\/strangnasstift\/styrelsen\/#breadcrumb"},"inLanguage":"sv-SE","potentialAction":[{"@type":"ReadAction","target":["https:\/\/www.posk.se\/strangnasstift\/styrelsen\/"]}]},{"@type":"BreadcrumbList","@id":"https:\/\/www.posk.se\/strangnasstift\/styrelsen\/#breadcrumb","itemListElement":[{"@type":"ListItem","position":1,"name":"Hem","item":"https:\/\/www.posk.se\/strangnasstift\/"},{"@type":"ListItem","position":2,"name":"Styrelsen"}]},{"@type":"WebSite","@id":"https:\/\/www.posk.se\/strangnasstift\/#website","url":"https:\/\/www.posk.se\/strangnasstift\/","name":"STIFTSF\u00d6RENING Str\u00e4ngn\u00e4s","description":"Stiftsf\u00f6reningen f\u00f6r POSK i Str\u00e4ngn\u00e4s stift","potentialAction":[{"@type":"SearchAction","target":{"@type":"EntryPoint","urlTemplate":"https:\/\/www.posk.se\/strangnasstift\/?s={search_term_string}"},"query-input":{"@type":"PropertyValueSpecification","valueRequired":true,"valueName":"search_term_string"}}],"inLanguage":"sv-SE"}]}},"_links":{"self":[{"href":"https:\/\/www.posk.se\/strangnasstift\/wp-json\/wp\/v2\/pages\/306","targetHints":{"allow":["GET"]}}],"collection":[{"href":"https:\/\/www.posk.se\/strangnasstift\/wp-json\/wp\/v2\/pages"}],"about":[{"href":"https:\/\/www.posk.se\/strangnasstift\/wp-json\/wp\/v2\/types\/page"}],"author":[{"embeddable":true,"href":"https:\/\/www.posk.se\/strangnasstift\/wp-json\/wp\/v2\/users\/1393"}],"replies":[{"embeddable":true,"href":"https:\/\/www.posk.se\/strangnasstift\/wp-json\/wp\/v2\/comments?post=306"}],"version-history":[{"count":7,"href":"https:\/\/www.posk.se\/strangnasstift\/wp-json\/wp\/v2\/pages\/306\/revisions"}],"predecessor-version":[{"id":316,"href":"https:\/\/www.posk.se\/strangnasstift\/wp-json\/wp\/v2\/pages\/306\/revisions\/316"}],"wp:attachment":[{"href":"https:\/\/www.posk.se\/strangnasstift\/wp-json\/wp\/v2\/media?parent=306"}],"curies":[{"name":"wp","href":"https:\/\/api.w.org\/{rel}","templated":true}]}}