{"id":840,"date":"2025-05-26T21:00:39","date_gmt":"2025-05-26T19:00:39","guid":{"rendered":"https:\/\/www.posk.se\/stockholmsstift\/?page_id=840"},"modified":"2025-06-10T12:51:40","modified_gmt":"2025-06-10T10:51:40","slug":"detta-ar-posk","status":"publish","type":"page","link":"https:\/\/www.posk.se\/stockholmsstift\/om-posk\/detta-ar-posk\/","title":{"rendered":"Om oss"},"content":{"rendered":"<h3>POSK &#8211; det obundna alternativet!<\/h3>\n<p>POSK \u00e4r en stark r\u00f6st f\u00f6r en kyrka fri fr\u00e5n partipolitik. Vi vill att kyrkan ska styras av personer som har ett genuint engagemang f\u00f6r kyrkan och \u00e4r aktiva i f\u00f6rsamlings\u00adlivet. Det engagemang som v\u00e5ra kandidater har \u00e4r stort, brett och genuint. Vi vill v\u00e4rna och st\u00e4rka, men ocks\u00e5 utveckla och f\u00f6rb\u00e4ttra. Allt med kyrkans, f\u00f6rsamlingarnas och medlemmarnas b\u00e4sta f\u00f6r \u00f6gonen.<\/p>\n<p>POSK verkar f\u00f6r en kyrka d\u00e4r vi gl\u00e4ds \u00f6ver m\u00e5ngfalden, m\u00f6ter varandra med respekt och talar tydligt om Jesus Kristus. P\u00e5 sidan <a href=\"https:\/\/www.posk.se\/stockholmsstift\/om-posk\/vision-och-program\/\" target=\"_blank\" rel=\"noopener\">vision och program<\/a> kan du l\u00e4sa mer om vad POSK tycker och vilka fr\u00e5gor vi arbetar f\u00f6r nationellt, regionalt och lokalt.<\/p>\n<p>\u00c4r du intresserad av historia och vill veta hur POSK bildades en g\u00e5ng i tiden? H\u00e4r kan du l\u00e4sa mer om den <a href=\"https:\/\/www.posk.se\/om-posk\/historik\/\" target=\"_blank\" rel=\"noopener\">obundna r\u00f6relsens historia<\/a>.<\/p>\n<h3>Vi finns i hela landet<\/h3>\n<p>Nomineringsgruppen POSK finns i hela landet och \u00e4r den klart st\u00f6rsta obundna gruppen bland Svenska kyrkans f\u00f6rtroendevalda. POSK st\u00e4ller upp i kyrkovalet p\u00e5 alla tre niv\u00e5er inom Svenska kyrkan:<\/p>\n<ul>\n<li>kyrkom\u00f6tet (nationell niv\u00e5)<\/li>\n<li>stiftsfullm\u00e4ktige i Stockholms stift (regional niv\u00e5)<\/li>\n<li>\u00f6ver 30 f\u00f6rsamlingar och pastorat runt om i stiftet (lokal niv\u00e5)<\/li>\n<\/ul>\n<p>Du kan r\u00f6sta p\u00e5 POSK i alla tre val. Om POSK inte finns i just din f\u00f6rsamling\/pastorat kan du \u00e4nd\u00e5 r\u00f6sta p\u00e5 POSK i valen till stiftsfullm\u00e4ktige och kyrkom\u00f6tet \u2013 f\u00f6r en kyrka fri fr\u00e5n partipolitik!<\/p>\n<h3>V\u00e5ra kandidater i kyrkovalet 2025<\/h3>\n<p>H\u00e4r finns\u00a0<a href=\"https:\/\/www.posk.se\/stockholmsstift\/kandidatpresentationer\/\">presentationer \u00f6ver kandidater<\/a> i kyrkovalet till Stockholms stiftsfullm\u00e4ktige\u00a0och stiftets valkrets till\u00a0Kyrkom\u00f6tet<strong>.<\/strong>\u00a0Vilka personer som st\u00e4ller upp f\u00f6r POSK i din lokala f\u00f6rsamling\/pastorat kan du hitta information om p\u00e5 den lokala POSK-gruppens sida.<\/p>\n<h3>Allt fler st\u00f6ttar id\u00e9n om en fri kyrka!<\/h3>\n<p>POSK v\u00e4xer successivt och det gl\u00e4der oss att det nu finns en stor r\u00f6relse som st\u00f6der id\u00e9n om en fri kyrka. Nedan ser du statistik \u00f6ver hur POSK:s mandat i Stockholms stiftsfullm\u00e4ktige stadigt har vuxit genom \u00e5ren. I kyrkovalet 2025 hoppas vi p\u00e5 att v\u00e4xa \u00e4nnu mer och ta ytterligare mandat! P\u00e5 det lokala planet gl\u00e4ds vi \u00f6ver att numera ha POSK-grupper i \u00f6ver h\u00e4lften av stiftets f\u00f6rsamlingar och pastorat.<\/p>\n<p>Vill du vara med i POSK-gemenskapen? P\u00e5 sidan <a href=\"https:\/\/www.posk.se\/stockholmsstift\/om-posk\/bli-medlem-2\/\" target=\"_blank\" rel=\"noopener\">Hur g\u00e5r man med?<\/a> f\u00e5r du veta mer.<\/p>\n<table width=\"529\">\n<tbody>\n<tr>\n<td width=\"75\"><strong>Val\u00e5r<\/strong><\/td>\n<td width=\"113\"><strong>Procent<\/strong><\/td>\n<td width=\"113\"><strong>Antal r\u00f6ster<\/strong><\/td>\n<td width=\"113\"><strong>Antal mandat<\/strong><\/td>\n<td width=\"113\"><strong>Valdeltagande<\/strong><\/td>\n<\/tr>\n<tr>\n<td width=\"75\"><strong>2021<\/strong><\/td>\n<td width=\"113\">18,91 %<\/td>\n<td width=\"113\">34 635<\/td>\n<td width=\"113\">17<\/td>\n<td width=\"113\">22,25 %<\/td>\n<\/tr>\n<tr>\n<td width=\"75\"><strong>2017<\/strong><\/td>\n<td width=\"113\">16,15 %<\/td>\n<td width=\"113\">31 679<\/td>\n<td width=\"113\">17<\/td>\n<td width=\"113\">22,87 %<\/td>\n<\/tr>\n<tr>\n<td width=\"75\"><strong>2013<\/strong><\/td>\n<td width=\"113\">12,36 %<\/td>\n<td width=\"113\">14 541<\/td>\n<td width=\"113\">11<\/td>\n<td width=\"113\">13,32 %<\/td>\n<\/tr>\n<tr>\n<td width=\"75\"><strong>2009<\/strong><\/td>\n<td width=\"113\">10,98 %<\/td>\n<td width=\"113\">11 671<\/td>\n<td width=\"113\">10<\/td>\n<td width=\"113\">11,90 %<\/td>\n<\/tr>\n<tr>\n<td width=\"75\"><strong>2005<\/strong><\/td>\n<td width=\"113\">12,00 %<\/td>\n<td width=\"113\">12 713<\/td>\n<td width=\"113\">11<\/td>\n<td width=\"113\">11,78 %<\/td>\n<\/tr>\n<tr>\n<td width=\"75\"><strong>2001<\/strong><\/td>\n<td width=\"113\">8,87 %<\/td>\n<td width=\"113\">13 005<\/td>\n<td width=\"113\">8<\/td>\n<td width=\"113\">15,48 %<\/td>\n<\/tr>\n<\/tbody>\n<\/table>\n<p><em>Valresultat f\u00f6r POSK i Stockholms stiftsfullm\u00e4ktige kyrkovalen 2001-2021<\/em><\/p>\n","protected":false},"excerpt":{"rendered":"<p>POSK &#8211; det obundna alternativet! POSK \u00e4r en stark r\u00f6st f\u00f6r en kyrka fri fr\u00e5n partipolitik. Vi vill att kyrkan ska styras av personer som har ett genuint engagemang f\u00f6r kyrkan och \u00e4r aktiva i f\u00f6rsamlings\u00adlivet. Det engagemang som v\u00e5ra kandidater har \u00e4r stort, brett och genuint. Vi vill v\u00e4rna och st\u00e4rka, men ocks\u00e5 utveckla [&hellip;]<\/p>\n","protected":false},"author":1954,"featured_media":0,"parent":341,"menu_order":0,"comment_status":"closed","ping_status":"closed","template":"page-templates\/page-sidebar-left.php","meta":{"_acf_changed":false,"footnotes":""},"class_list":["post-840","page","type-page","status-publish","hentry"],"acf":[],"yoast_head":"<!-- This site is optimized with the Yoast SEO plugin v24.9 - https:\/\/yoast.com\/wordpress\/plugins\/seo\/ -->\n<title>Om oss - STIFTSF\u00d6RENING Stockholm<\/title>\n<meta name=\"robots\" content=\"index, follow, max-snippet:-1, max-image-preview:large, max-video-preview:-1\" \/>\n<link rel=\"canonical\" href=\"https:\/\/www.posk.se\/stockholmsstift\/om-posk\/detta-ar-posk\/\" \/>\n<meta property=\"og:locale\" content=\"sv_SE\" \/>\n<meta property=\"og:type\" content=\"article\" \/>\n<meta property=\"og:title\" content=\"Om oss - STIFTSF\u00d6RENING Stockholm\" \/>\n<meta property=\"og:description\" content=\"POSK &#8211; det obundna alternativet! POSK \u00e4r en stark r\u00f6st f\u00f6r en kyrka fri fr\u00e5n partipolitik. Vi vill att kyrkan ska styras av personer som har ett genuint engagemang f\u00f6r kyrkan och \u00e4r aktiva i f\u00f6rsamlings\u00adlivet. Det engagemang som v\u00e5ra kandidater har \u00e4r stort, brett och genuint. Vi vill v\u00e4rna och st\u00e4rka, men ocks\u00e5 utveckla [&hellip;]\" \/>\n<meta property=\"og:url\" content=\"https:\/\/www.posk.se\/stockholmsstift\/om-posk\/detta-ar-posk\/\" \/>\n<meta property=\"og:site_name\" content=\"STIFTSF\u00d6RENING Stockholm\" \/>\n<meta property=\"article:modified_time\" content=\"2025-06-10T10:51:40+00:00\" \/>\n<meta name=\"twitter:card\" content=\"summary_large_image\" \/>\n<meta name=\"twitter:label1\" content=\"Ber\u00e4knad l\u00e4stid\" \/>\n\t<meta name=\"twitter:data1\" content=\"3 minuter\" \/>\n<script type=\"application\/ld+json\" class=\"yoast-schema-graph\">{\"@context\":\"https:\/\/schema.org\",\"@graph\":[{\"@type\":\"WebPage\",\"@id\":\"https:\/\/www.posk.se\/stockholmsstift\/om-posk\/detta-ar-posk\/\",\"url\":\"https:\/\/www.posk.se\/stockholmsstift\/om-posk\/detta-ar-posk\/\",\"name\":\"Om oss - STIFTSF\u00d6RENING Stockholm\",\"isPartOf\":{\"@id\":\"https:\/\/www.posk.se\/stockholmsstift\/#website\"},\"datePublished\":\"2025-05-26T19:00:39+00:00\",\"dateModified\":\"2025-06-10T10:51:40+00:00\",\"breadcrumb\":{\"@id\":\"https:\/\/www.posk.se\/stockholmsstift\/om-posk\/detta-ar-posk\/#breadcrumb\"},\"inLanguage\":\"sv-SE\",\"potentialAction\":[{\"@type\":\"ReadAction\",\"target\":[\"https:\/\/www.posk.se\/stockholmsstift\/om-posk\/detta-ar-posk\/\"]}]},{\"@type\":\"BreadcrumbList\",\"@id\":\"https:\/\/www.posk.se\/stockholmsstift\/om-posk\/detta-ar-posk\/#breadcrumb\",\"itemListElement\":[{\"@type\":\"ListItem\",\"position\":1,\"name\":\"Hem\",\"item\":\"https:\/\/www.posk.se\/stockholmsstift\/\"},{\"@type\":\"ListItem\",\"position\":2,\"name\":\"Om POSK\",\"item\":\"https:\/\/www.posk.se\/stockholmsstift\/om-posk\/\"},{\"@type\":\"ListItem\",\"position\":3,\"name\":\"Om oss\"}]},{\"@type\":\"WebSite\",\"@id\":\"https:\/\/www.posk.se\/stockholmsstift\/#website\",\"url\":\"https:\/\/www.posk.se\/stockholmsstift\/\",\"name\":\"STIFTSF\u00d6RENING Stockholm\",\"description\":\"Stiftsf\u00f6reningen f\u00f6r POSK i Stockholms stift\",\"potentialAction\":[{\"@type\":\"SearchAction\",\"target\":{\"@type\":\"EntryPoint\",\"urlTemplate\":\"https:\/\/www.posk.se\/stockholmsstift\/?s={search_term_string}\"},\"query-input\":{\"@type\":\"PropertyValueSpecification\",\"valueRequired\":true,\"valueName\":\"search_term_string\"}}],\"inLanguage\":\"sv-SE\"}]}<\/script>\n<!-- \/ Yoast SEO plugin. -->","yoast_head_json":{"title":"Om oss - STIFTSF\u00d6RENING Stockholm","robots":{"index":"index","follow":"follow","max-snippet":"max-snippet:-1","max-image-preview":"max-image-preview:large","max-video-preview":"max-video-preview:-1"},"canonical":"https:\/\/www.posk.se\/stockholmsstift\/om-posk\/detta-ar-posk\/","og_locale":"sv_SE","og_type":"article","og_title":"Om oss - STIFTSF\u00d6RENING Stockholm","og_description":"POSK &#8211; det obundna alternativet! POSK \u00e4r en stark r\u00f6st f\u00f6r en kyrka fri fr\u00e5n partipolitik. Vi vill att kyrkan ska styras av personer som har ett genuint engagemang f\u00f6r kyrkan och \u00e4r aktiva i f\u00f6rsamlings\u00adlivet. Det engagemang som v\u00e5ra kandidater har \u00e4r stort, brett och genuint. Vi vill v\u00e4rna och st\u00e4rka, men ocks\u00e5 utveckla [&hellip;]","og_url":"https:\/\/www.posk.se\/stockholmsstift\/om-posk\/detta-ar-posk\/","og_site_name":"STIFTSF\u00d6RENING Stockholm","article_modified_time":"2025-06-10T10:51:40+00:00","twitter_card":"summary_large_image","twitter_misc":{"Ber\u00e4knad l\u00e4stid":"3 minuter"},"schema":{"@context":"https:\/\/schema.org","@graph":[{"@type":"WebPage","@id":"https:\/\/www.posk.se\/stockholmsstift\/om-posk\/detta-ar-posk\/","url":"https:\/\/www.posk.se\/stockholmsstift\/om-posk\/detta-ar-posk\/","name":"Om oss - STIFTSF\u00d6RENING Stockholm","isPartOf":{"@id":"https:\/\/www.posk.se\/stockholmsstift\/#website"},"datePublished":"2025-05-26T19:00:39+00:00","dateModified":"2025-06-10T10:51:40+00:00","breadcrumb":{"@id":"https:\/\/www.posk.se\/stockholmsstift\/om-posk\/detta-ar-posk\/#breadcrumb"},"inLanguage":"sv-SE","potentialAction":[{"@type":"ReadAction","target":["https:\/\/www.posk.se\/stockholmsstift\/om-posk\/detta-ar-posk\/"]}]},{"@type":"BreadcrumbList","@id":"https:\/\/www.posk.se\/stockholmsstift\/om-posk\/detta-ar-posk\/#breadcrumb","itemListElement":[{"@type":"ListItem","position":1,"name":"Hem","item":"https:\/\/www.posk.se\/stockholmsstift\/"},{"@type":"ListItem","position":2,"name":"Om POSK","item":"https:\/\/www.posk.se\/stockholmsstift\/om-posk\/"},{"@type":"ListItem","position":3,"name":"Om oss"}]},{"@type":"WebSite","@id":"https:\/\/www.posk.se\/stockholmsstift\/#website","url":"https:\/\/www.posk.se\/stockholmsstift\/","name":"STIFTSF\u00d6RENING Stockholm","description":"Stiftsf\u00f6reningen f\u00f6r POSK i Stockholms stift","potentialAction":[{"@type":"SearchAction","target":{"@type":"EntryPoint","urlTemplate":"https:\/\/www.posk.se\/stockholmsstift\/?s={search_term_string}"},"query-input":{"@type":"PropertyValueSpecification","valueRequired":true,"valueName":"search_term_string"}}],"inLanguage":"sv-SE"}]}},"_links":{"self":[{"href":"https:\/\/www.posk.se\/stockholmsstift\/wp-json\/wp\/v2\/pages\/840","targetHints":{"allow":["GET"]}}],"collection":[{"href":"https:\/\/www.posk.se\/stockholmsstift\/wp-json\/wp\/v2\/pages"}],"about":[{"href":"https:\/\/www.posk.se\/stockholmsstift\/wp-json\/wp\/v2\/types\/page"}],"author":[{"embeddable":true,"href":"https:\/\/www.posk.se\/stockholmsstift\/wp-json\/wp\/v2\/users\/1954"}],"replies":[{"embeddable":true,"href":"https:\/\/www.posk.se\/stockholmsstift\/wp-json\/wp\/v2\/comments?post=840"}],"version-history":[{"count":13,"href":"https:\/\/www.posk.se\/stockholmsstift\/wp-json\/wp\/v2\/pages\/840\/revisions"}],"predecessor-version":[{"id":1140,"href":"https:\/\/www.posk.se\/stockholmsstift\/wp-json\/wp\/v2\/pages\/840\/revisions\/1140"}],"up":[{"embeddable":true,"href":"https:\/\/www.posk.se\/stockholmsstift\/wp-json\/wp\/v2\/pages\/341"}],"wp:attachment":[{"href":"https:\/\/www.posk.se\/stockholmsstift\/wp-json\/wp\/v2\/media?parent=840"}],"curies":[{"name":"wp","href":"https:\/\/api.w.org\/{rel}","templated":true}]}}