{"id":20,"date":"2016-07-15T23:15:22","date_gmt":"2016-07-15T21:15:22","guid":{"rendered":"https:\/\/www.posk.se\/sollentuna\/?page_id=20"},"modified":"2025-09-01T22:52:01","modified_gmt":"2025-09-01T20:52:01","slug":"startsidan-2","status":"publish","type":"page","link":"https:\/\/www.posk.se\/sollentuna\/","title":{"rendered":"Startsidan"},"content":{"rendered":"<h2 class=\"p1\"><b>POSK \u2013 det st\u00f6rsta fria alternativet<\/b><\/h2>\n<p class=\"p1\">POSK best\u00e5r av medlemmar som utifr\u00e5n ett gemensamt program arbetar f\u00f6r Svenska kyrkans b\u00e4sta. POSK l\u00e5ter kyrkans tro och liv st\u00e5 i centrum. Vi som kandiderar kan och lever med kyrkans verksamhet. M\u00e5nga \u00e4r engagerade som volont\u00e4rer, kyrkv\u00e4rdar, l\u00e4gerledare, deltar i bes\u00f6ksgrupper och genom det avlastar f\u00f6rsamlingens personal. I POSK finns personer i alla \u00e5ldrar med olika kompetenser. Alla \u00e4r beredda att arbeta f\u00f6r att g\u00f6ra Din kyrka \u00e4nnu b\u00e4ttre.<span class=\"Apple-converted-space\">\u00a0<\/span><\/p>\n<p class=\"p1\">I kyrkovalet 2021 fick POSK 45 procent av Sollentunabornas r\u00f6ster och i kyrkom\u00f6tet \u00e4r POSK den n\u00e4st st\u00f6rsta nomineringsgruppen efter Socialdemokraterna som l\u00e4gger enorma resurser p\u00e5 kyrkovalet.<span class=\"Apple-converted-space\">\u00a0 \u00a0<\/span><\/p>\n<p class=\"p1\">Om POSK f\u00e5r \u00f6ver 50 procent \u00e4r v\u00e5rt l\u00f6fte till v\u00e4ljarna, att leda arbetet i kyrkor\u00e5det genom att s\u00f6ka breda uppg\u00f6relser och utse ordf\u00f6rande i utskott efter kompetens och engagemang, inte efter vilken nomineringsgrupp personen tillh\u00f6r. Vi vill ta vara p\u00e5 goda id\u00e9er och all kunskap som finns bland de f\u00f6rtroendevalda.<span class=\"Apple-converted-space\">\u00a0<\/span><\/p>\n<p class=\"p1\">\u00c4r du ocks\u00e5 tr\u00f6tt p\u00e5 en politiserad kyrka, r\u00f6sta d\u00e5 p\u00e5 POSK i kyrkovalet den 21 september. Och gl\u00f6m inte att r\u00f6sta p\u00e5 POSK \u00e4ven i valen till stiftsfullm\u00e4ktige och kyrkom\u00f6tet. Det \u00e4r bara i kyrkom\u00f6tet POSK kan se till att \u00e4ndra valsystemet s\u00e5 att det blir ointressant f\u00f6r partier att f\u00f6rs\u00f6ka nyttja Svenska kyrkan som en allm\u00e4npolitisk arena.<span class=\"Apple-converted-space\">\u00a0<\/span><\/p>\n<h2><strong>5 snabba fr\u00e5gor<\/strong><\/h2>\n<p class=\"p1\"><b>Varf\u00f6r vill POSK bryta den partipolitiserade styrningen av Svenska kyrkan?<span class=\"Apple-converted-space\">\u00a0<\/span><\/b><\/p>\n<p class=\"p1\">\u2013 POSK menar att en folkkyrka aldrig kan vara en \u00e5siktsgemenskap, d\u00e4r bara den som \u201dt\u00e4nker eller tror r\u00e4tt\u201d \u00e4r v\u00e4lkommen. Vi ser m\u00e5ngfalden som en tillg\u00e5ng och respekterar att det finns olika s\u00e4tt att se p\u00e5 livet och uttrycka sin kristna tro.<span class=\"Apple-converted-space\">\u00a0<\/span><\/p>\n<p class=\"p1\">Att sortera in Svenska kyrkans medlemmarp\u00e5 en politisk skala, f\u00f6rminskar kyrkans budskap och uppdrag. Kyrkovalet \u00e4r dessutom dyrt och det l\u00e5ga valdeltagande banar v\u00e4g f\u00f6r extrema politiska partiers inflytande \u00f6ver kyrkan. D\u00e4rf\u00f6r anser POSK att medlemsdemokratin inom Svenska kyrkan b\u00f6r reformeras s\u00e5 att det blir enklare att r\u00f6sta och billigare att genomf\u00f6ra.<\/p>\n<p class=\"p1\"><b>Vad har POSK lyckats med under f\u00f6reg\u00e5ende mandatperiod?<\/b><\/p>\n<p class=\"p1\">\u2013 Som st\u00f6rsta nomineringsgrupp har vi tagit stort ansvar f\u00f6r f\u00f6rsamlingens l\u00e5ngsiktiga ekonomi och f\u00f6rvaltning. Under mandatperioden har vi lett arbetet med att rekrytera en ny kyrkoherde, driva igenom en st\u00f6rre organisationsf\u00f6r\u00e4ndring i syfte att minska s\u00e5rbarheten och \u00f6ka produktiviteten. Vi har bidragit till utveckling inom begravningsverksamheten d\u00e4r nya gravkvarter skapats och kapell upprustats. Nu \u00e4r vi p\u00e5 v\u00e4g att bygga ett nytt milj\u00f6v\u00e4nligt krematorium i Silverdal. Med 45 % av sollentunabornas r\u00f6ster har vi kunnat \u00f6ka satsningarna p\u00e5 kyrkans grundl\u00e4ggande uppgifter och styra arbetet i kyrkor\u00e5det och i utskotten. Vi \u00e4r stolta \u00f6ver att trots minskade ekonomiska tillg\u00e5ngar har vi en stark ekonomi som g\u00f6r att vi kan satsa offensivt p\u00e5 att utveckla f\u00f6rsamlingens grundl\u00e4ggande uppdrag &#8211; att fira gudstj\u00e4nst, bedriva undervisning, diakoni och mission.<span class=\"Apple-converted-space\">\u00a0<\/span><\/p>\n<p class=\"p1\"><b>Vad vill vi i POSK g\u00f6ra f\u00f6r att hj\u00e4lpa utsatta grupper?\u00a0<\/b><\/p>\n<p class=\"p1\">\u2013 POSK vill motverka all form av diskriminering. M\u00e4nniskor med s\u00e4rskilda behov ska f\u00e5 hj\u00e4lp genom olika diakonala st\u00f6dinsatser. F\u00f6rsamlingen ska fortsatt erbjuda samtalsmottagning d\u00e4r m\u00e4nniskor f\u00e5r professionell hj\u00e4lp. Vi \u00e4r glada att st\u00f6det till unga med psykisk oh\u00e4lsa har \u00f6kat. Som kyrka, grundad av flyktingbarnet Jesus har vi en s\u00e4rskild kallelse att tillsammans med kyrkor i hela v\u00e4rlden arbeta f\u00f6r fred och r\u00e4ttvisa och p\u00e5 plats bland annat erbjuda hj\u00e4lp till drabbade av krig och hungersn\u00f6d. <span class=\"Apple-converted-space\">\u00a0 \u00a0<\/span><span class=\"Apple-converted-space\">\u00a0<\/span><\/p>\n<p class=\"p1\"><b>Hur kan kyrkan vara relevant f\u00f6r alla m\u00e4nniskor i Sollentuna?<\/b><\/p>\n<p class=\"p1\">\u2013\u00a0Vi tror att Svenska kyrkan bara kan bli relevant om de som styr och leder f\u00f6rsamlingen ocks\u00e5 tycker att den \u00e4r relevant. POSK anser att delaktighet och ideellt engagemang \u00e4r nyckeln till en v\u00e4xande kyrka som m\u00f6ter m\u00e4nniskors behov av tro och hopp i livets alla skeden. Svenska kyrkan har en unik m\u00f6jlighet att bli en samlande punkt i tider av existensiell oro men ocks\u00e5 f\u00f6r att fira livet! <span class=\"Apple-converted-space\">\u00a0<\/span><\/p>\n<p class=\"p1\"><b>Hur vill POSK att f\u00f6rsamlingen ska jobba vidare f\u00f6r att bli mer klimatsmart?<\/b><\/p>\n<p class=\"p1\">\u2013 Svenska kyrkan \u00e4r en stor akt\u00f6r i samh\u00e4llet. POSK vill ha en klimatsmart drift och f\u00f6rvaltning av f\u00f6rsamlingens kyrkor och begravningsplatser och vill aktivt jobba vidare med h\u00e5llbarhetsfr\u00e5gor utifr\u00e5n f\u00f6rsamlingens milj\u00f6diplomering.<span class=\"Apple-converted-space\">\u00a0<\/span><\/p>\n<h2 class=\"p1\"><strong>I korthet<\/strong><\/h2>\n<p>Fr\u00e5gor som POSK Sollentuna vill satsa p\u00e5:<\/p>\n<ul>\n<li>St\u00f6tta arbetet med barn och unga, s\u00e5 att fler vill d\u00f6pas, konfirmeras och delta i f\u00f6rsamlingens barn- och ungdomsverksamhet.<\/li>\n<li>All gruppverksamhet i Sollentuna ska vara avgiftsfri.<\/li>\n<li>Erbjuda en trygg l\u00e4gerverksamhet f\u00f6r alla \u00e5ldrar och st\u00f6tta f\u00f6rsamlingens viktiga ledarutbildning.<\/li>\n<li>Vi vill st\u00e4rka arbetet med m\u00e4nniskor \u201dmitt i livet\u201d som s\u00f6ker sig till v\u00e5ra kyrkor, genom t ex Alpha-kurser eller annan vuxenundervisning.<span class=\"Apple-converted-space\">\u00a0<\/span><\/li>\n<li>Ge b\u00e4sta f\u00f6ruts\u00e4ttningar f\u00f6r f\u00f6rsamlingens k\u00f6rer att utvecklas och verka f\u00f6r kulturell bredd och f\u00f6rnyelse.<\/li>\n<li>Vi vill forts\u00e4tta effektivisera driften och f\u00f6rvaltning av v\u00e5ra kyrkor och fastigheter f\u00f6r att frig\u00f6ra mer resurser till diakoni och barn- och familjearbete.<\/li>\n<li>I stiftsfullm\u00e4ktige i Stockholms stift vill vi att st\u00f6det till f\u00f6rsamlingarna \u00f6kar s\u00e5 att samordningsvinster inom administration kan uppn\u00e5s.<\/li>\n<li>I kyrkom\u00f6tet vill POSK minska regelb\u00f6rdan, st\u00e4rka f\u00f6rsamlingarnas roll och inf\u00f6ra ett effektivare valsystem.<\/li>\n<\/ul>\n<h2 class=\"p1\"><img loading=\"lazy\" decoding=\"async\" class=\"alignnone wp-image-161 size-large\" style=\"font-size: 16px\" src=\"https:\/\/www.posk.se\/sollentuna\/wp-content\/uploads\/sites\/145\/2025\/09\/foto-magnus-aronson-8349-e1756759476379-1024x416.jpeg\" alt=\"\" width=\"1024\" height=\"416\" srcset=\"https:\/\/www.posk.se\/sollentuna\/wp-content\/uploads\/sites\/145\/2025\/09\/foto-magnus-aronson-8349-e1756759476379-1024x416.jpeg 1024w, https:\/\/www.posk.se\/sollentuna\/wp-content\/uploads\/sites\/145\/2025\/09\/foto-magnus-aronson-8349-e1756759476379-300x122.jpeg 300w, https:\/\/www.posk.se\/sollentuna\/wp-content\/uploads\/sites\/145\/2025\/09\/foto-magnus-aronson-8349-e1756759476379-768x312.jpeg 768w, https:\/\/www.posk.se\/sollentuna\/wp-content\/uploads\/sites\/145\/2025\/09\/foto-magnus-aronson-8349-e1756759476379-330x134.jpeg 330w, https:\/\/www.posk.se\/sollentuna\/wp-content\/uploads\/sites\/145\/2025\/09\/foto-magnus-aronson-8349-e1756759476379.jpeg 1280w\" sizes=\"auto, (max-width: 1024px) 100vw, 1024px\" \/><\/h2>\n<h2 class=\"p1\"><strong>Engagerade kandidater<\/strong><\/h2>\n<p>I POSK-Sollentuna har vi en bred representation och m\u00e5nga engagerade.<\/p>\n<h3 class=\"p1\">Val till kyrkofullm\u00e4ktige i Sollentuna<\/h3>\n<ol>\n<li class=\"p1\">Kristofer Runow, 61 \u00e5r, Medieproducent<\/li>\n<li class=\"p1\">Maria \u00d6hman, 53 \u00e5r, Arbetsmarknadscoach<\/li>\n<li class=\"p1\">Albert Johnson, 69 \u00e5r, Fd byr\u00e5chef<\/li>\n<li class=\"p1\">Mari Ternbo, 62 \u00e5r, Kanslichef<\/li>\n<li class=\"p1\">Erik List, 40 \u00e5r, jur. kand.<\/li>\n<li class=\"p1\">Daniel Grahn, 54 \u00e5r, Aff\u00e4rsutvecklare<\/li>\n<li class=\"p1\">P\u00e4r \u00c5kerstr\u00f6m, 64 \u00e5r, Utvecklare<\/li>\n<li class=\"p1\">Anna Welander, 44 \u00e5r, L\u00e4kare<\/li>\n<li class=\"p1\">Mikael F\u00e4gerhall, 68 \u00e5r, Pension\u00e4r<\/li>\n<li class=\"p1\">Marie Gustavsson, 73 \u00e5r, Pension\u00e4r<\/li>\n<li class=\"p1\">Helena Tev\u00e9rus, 59 \u00e5r, L\u00e4rare<\/li>\n<li class=\"p1\">Sofia Grahn, 50 \u00e5r, L\u00e4rare<\/li>\n<li class=\"p1\">Lars Larsson, 81 \u00e5r, Pension\u00e4r<\/li>\n<li class=\"p1\">Per-\u00c5ke Jonsved, 76 \u00e5r, Tr\u00e4dg\u00e5rdstekniker<\/li>\n<li class=\"p1\">Anders H\u00e4lltorp, 76 \u00e5r, Ingeni\u00f6r<\/li>\n<li class=\"p1\">Rikhard Saarenpaa, 48 \u00e5r, Platschef<\/li>\n<li class=\"p1\">Sue Daven, 76 \u00e5r, Sjuksk\u00f6terska<\/li>\n<li class=\"p1\">Daniel Chilla, 52 \u00e5r, Filmkommission\u00e4r<\/li>\n<li class=\"p1\">Magnus Ramstrand, 75 \u00e5r, Kommunikat\u00f6r<\/li>\n<li class=\"p1\">Johan Svensson, 68 \u00e5r, Konsult<\/li>\n<li class=\"p1\">Johan Junhav, 55 \u00e5r, Egenf\u00f6retagare<\/li>\n<li>Ulrica Hansson, 38 \u00e5r, Handl\u00e4ggare<\/li>\n<li class=\"p1\">Erik Dalsryd, 60 \u00e5r, civ.ing<\/li>\n<li class=\"p1\">Jan Better, 57 \u00e5r, Pol.mag<\/li>\n<li class=\"p1\">Anders B Lundberg, 60 \u00e5r, Civilingenj\u00f6r<\/li>\n<li class=\"p1\">Eva Ireblad, 74 \u00e5r, Pension\u00e4r<\/li>\n<li class=\"p1\">Staffan Stadell, 77 \u00e5r, pr\u00e4st<\/li>\n<li class=\"p1\">Ragnar St\u00e5hle, 80 \u00e5r, Adjunkt<\/li>\n<li class=\"p1\">Karin Runow, 61 \u00e5r, Kyrkomusiker<\/li>\n<li class=\"p1\">Kjell Jonasson, 77 \u00e5r, Pr\u00e4st<\/li>\n<li class=\"p1\">Marianne Hultin Hansson, 64 \u00e5r, Socionom<\/li>\n<li class=\"p1\">Daniel Sj\u00f6dahl, 43 \u00e5r, F\u00f6rsamlingspedagog<\/li>\n<li class=\"p1\">Lisa Hofverberg, 47 \u00e5r, Diakon<\/li>\n<li class=\"p1\">Daniel Klang, 42 \u00e5r, Ljudingenj\u00f6r<\/li>\n<li class=\"p1\">Gita Andersson, 74 \u00e5r, Pr\u00e4st<\/li>\n<\/ol>\n<h3 class=\"p1\">Val till Stiftsfullm\u00e4ktige i Stockholm<\/h3>\n<p>Urval av POSKs kandidater:<\/p>\n<ul>\n<li>1. Ulla Birgersdotter, kyrkv\u00e4rd, V\u00e4stermalm<\/li>\n<li>2. Victor Backstr\u00f6m,35 \u00e5r, pr\u00e4stkandidat, T\u00e4by<\/li>\n<li>6. Erik Ringheim, 42 \u00e5r, pr\u00e4st, Upplands V\u00e4sby<\/li>\n<li>7. Frida Falk, 39 \u00e5r, pr\u00e4st, Sollentuna<\/li>\n<li>12. Kristofer Runow, 61 \u00e5r, Sollentuna<\/li>\n<li>23. Ragnar St\u00e5hle, 80 \u00e5r, adjunkt, Sollentuna<\/li>\n<\/ul>\n<h3 class=\"p1\">Val till Kyrkom\u00f6tet<\/h3>\n<p class=\"p1\">(Den nationella niv\u00e5n)<\/p>\n<ul>\n<li class=\"p1\">1. Amanda Carlshamre, 35 \u00e5r, diakon, U-V\u00e4sby<\/li>\n<li class=\"p1\">2. Victor Backstr\u00f6m, 35 \u00e5r, pr\u00e4stkandidat, T\u00e4by<\/li>\n<li class=\"p1\">9. Kristofer Runow, 61 \u00e5r, Sollentuna<\/li>\n<li class=\"p1\">18. Eva-Maria Munck 40 \u00e5r, Sp\u00e5nga-Kista<\/li>\n<li class=\"p1\">43. Magnus Ramstrand, 75 \u00e5r, konsult, Sollentuna<\/li>\n<\/ul>\n<h2><strong>Inf\u00f6r f\u00f6reg\u00e5ende val<\/strong><\/h2>\n<p>INf\u00f6r f\u00f6reg\u00e5ende val, 2021 gjordes denna lilla valfilm. \u00c4ven om den har 4 \u00e5r p\u00e5 nacken \u00e4r engagemanget lika stort och aktuellt.<\/p>\n<p><iframe loading=\"lazy\" title=\"Posk 2021\" width=\"500\" height=\"281\" src=\"https:\/\/www.youtube.com\/embed\/NMpJhHqNfM0?feature=oembed\" frameborder=\"0\" allow=\"accelerometer; autoplay; clipboard-write; encrypted-media; gyroscope; picture-in-picture; web-share\" referrerpolicy=\"strict-origin-when-cross-origin\" allowfullscreen><\/iframe><\/p>\n<p><strong>\u00a0<\/strong><\/p>\n","protected":false},"excerpt":{"rendered":"<p>POSK \u2013 det st\u00f6rsta fria alternativet POSK best\u00e5r av medlemmar som utifr\u00e5n ett gemensamt program arbetar f\u00f6r Svenska kyrkans b\u00e4sta. POSK l\u00e5ter kyrkans tro och liv st\u00e5 i centrum. Vi som kandiderar kan och lever med kyrkans verksamhet. M\u00e5nga \u00e4r engagerade som volont\u00e4rer, kyrkv\u00e4rdar, l\u00e4gerledare, deltar i bes\u00f6ksgrupper och genom det avlastar f\u00f6rsamlingens personal. I [&hellip;]<\/p>\n","protected":false},"author":1,"featured_media":144,"parent":0,"menu_order":0,"comment_status":"closed","ping_status":"closed","template":"page-templates\/page-sidebar-left.php","meta":{"_acf_changed":false,"footnotes":""},"class_list":["post-20","page","type-page","status-publish","has-post-thumbnail","hentry"],"acf":[],"yoast_head":"<!-- This site is optimized with the Yoast SEO plugin v24.9 - https:\/\/yoast.com\/wordpress\/plugins\/seo\/ -->\n<title>Startsidan - Sollentuna<\/title>\n<meta name=\"description\" content=\"Kyrkoval 19 september 2021 Partipolitiskt obundna POSK Sollentuna\" \/>\n<meta name=\"robots\" content=\"index, follow, max-snippet:-1, max-image-preview:large, max-video-preview:-1\" \/>\n<link rel=\"canonical\" href=\"https:\/\/www.posk.se\/sollentuna\/\" \/>\n<meta property=\"og:locale\" content=\"sv_SE\" \/>\n<meta property=\"og:type\" content=\"article\" \/>\n<meta property=\"og:title\" content=\"Startsidan - Sollentuna\" \/>\n<meta property=\"og:description\" content=\"Kyrkoval 19 september 2021 Partipolitiskt obundna POSK Sollentuna\" \/>\n<meta property=\"og:url\" content=\"https:\/\/www.posk.se\/sollentuna\/\" \/>\n<meta property=\"og:site_name\" content=\"Sollentuna\" \/>\n<meta property=\"article:modified_time\" content=\"2025-09-01T20:52:01+00:00\" \/>\n<meta property=\"og:image\" content=\"https:\/\/www.posk.se\/sollentuna\/wp-content\/uploads\/sites\/145\/2025\/09\/huvudbild-gruppbild-4-1024x271.png\" \/>\n\t<meta property=\"og:image:width\" content=\"1024\" \/>\n\t<meta property=\"og:image:height\" content=\"271\" \/>\n\t<meta property=\"og:image:type\" content=\"image\/png\" \/>\n<meta name=\"twitter:card\" content=\"summary_large_image\" \/>\n<meta name=\"twitter:label1\" content=\"Ber\u00e4knad l\u00e4stid\" \/>\n\t<meta name=\"twitter:data1\" content=\"6 minuter\" \/>\n<script type=\"application\/ld+json\" class=\"yoast-schema-graph\">{\"@context\":\"https:\/\/schema.org\",\"@graph\":[{\"@type\":\"WebPage\",\"@id\":\"https:\/\/www.posk.se\/sollentuna\/\",\"url\":\"https:\/\/www.posk.se\/sollentuna\/\",\"name\":\"Startsidan - Sollentuna\",\"isPartOf\":{\"@id\":\"https:\/\/www.posk.se\/sollentuna\/#website\"},\"primaryImageOfPage\":{\"@id\":\"https:\/\/www.posk.se\/sollentuna\/#primaryimage\"},\"image\":{\"@id\":\"https:\/\/www.posk.se\/sollentuna\/#primaryimage\"},\"thumbnailUrl\":\"https:\/\/www.posk.se\/sollentuna\/wp-content\/uploads\/sites\/145\/2025\/09\/huvudbild-gruppbild-4.png\",\"datePublished\":\"2016-07-15T21:15:22+00:00\",\"dateModified\":\"2025-09-01T20:52:01+00:00\",\"description\":\"Kyrkoval 19 september 2021 Partipolitiskt obundna POSK Sollentuna\",\"breadcrumb\":{\"@id\":\"https:\/\/www.posk.se\/sollentuna\/#breadcrumb\"},\"inLanguage\":\"sv-SE\",\"potentialAction\":[{\"@type\":\"ReadAction\",\"target\":[\"https:\/\/www.posk.se\/sollentuna\/\"]}]},{\"@type\":\"ImageObject\",\"inLanguage\":\"sv-SE\",\"@id\":\"https:\/\/www.posk.se\/sollentuna\/#primaryimage\",\"url\":\"https:\/\/www.posk.se\/sollentuna\/wp-content\/uploads\/sites\/145\/2025\/09\/huvudbild-gruppbild-4.png\",\"contentUrl\":\"https:\/\/www.posk.se\/sollentuna\/wp-content\/uploads\/sites\/145\/2025\/09\/huvudbild-gruppbild-4.png\",\"width\":3668,\"height\":972},{\"@type\":\"BreadcrumbList\",\"@id\":\"https:\/\/www.posk.se\/sollentuna\/#breadcrumb\",\"itemListElement\":[{\"@type\":\"ListItem\",\"position\":1,\"name\":\"Hem\",\"item\":\"https:\/\/www.posk.se\/sollentuna\/\"},{\"@type\":\"ListItem\",\"position\":2,\"name\":\"Startsidan\"}]},{\"@type\":\"WebSite\",\"@id\":\"https:\/\/www.posk.se\/sollentuna\/#website\",\"url\":\"https:\/\/www.posk.se\/sollentuna\/\",\"name\":\"Sollentuna\",\"description\":\"POSK-grupp i Stockholms stift\",\"potentialAction\":[{\"@type\":\"SearchAction\",\"target\":{\"@type\":\"EntryPoint\",\"urlTemplate\":\"https:\/\/www.posk.se\/sollentuna\/?s={search_term_string}\"},\"query-input\":{\"@type\":\"PropertyValueSpecification\",\"valueRequired\":true,\"valueName\":\"search_term_string\"}}],\"inLanguage\":\"sv-SE\"}]}<\/script>\n<!-- \/ Yoast SEO plugin. -->","yoast_head_json":{"title":"Startsidan - Sollentuna","description":"Kyrkoval 19 september 2021 Partipolitiskt obundna POSK Sollentuna","robots":{"index":"index","follow":"follow","max-snippet":"max-snippet:-1","max-image-preview":"max-image-preview:large","max-video-preview":"max-video-preview:-1"},"canonical":"https:\/\/www.posk.se\/sollentuna\/","og_locale":"sv_SE","og_type":"article","og_title":"Startsidan - Sollentuna","og_description":"Kyrkoval 19 september 2021 Partipolitiskt obundna POSK Sollentuna","og_url":"https:\/\/www.posk.se\/sollentuna\/","og_site_name":"Sollentuna","article_modified_time":"2025-09-01T20:52:01+00:00","og_image":[{"width":1024,"height":271,"url":"https:\/\/www.posk.se\/sollentuna\/wp-content\/uploads\/sites\/145\/2025\/09\/huvudbild-gruppbild-4-1024x271.png","type":"image\/png"}],"twitter_card":"summary_large_image","twitter_misc":{"Ber\u00e4knad l\u00e4stid":"6 minuter"},"schema":{"@context":"https:\/\/schema.org","@graph":[{"@type":"WebPage","@id":"https:\/\/www.posk.se\/sollentuna\/","url":"https:\/\/www.posk.se\/sollentuna\/","name":"Startsidan - Sollentuna","isPartOf":{"@id":"https:\/\/www.posk.se\/sollentuna\/#website"},"primaryImageOfPage":{"@id":"https:\/\/www.posk.se\/sollentuna\/#primaryimage"},"image":{"@id":"https:\/\/www.posk.se\/sollentuna\/#primaryimage"},"thumbnailUrl":"https:\/\/www.posk.se\/sollentuna\/wp-content\/uploads\/sites\/145\/2025\/09\/huvudbild-gruppbild-4.png","datePublished":"2016-07-15T21:15:22+00:00","dateModified":"2025-09-01T20:52:01+00:00","description":"Kyrkoval 19 september 2021 Partipolitiskt obundna POSK Sollentuna","breadcrumb":{"@id":"https:\/\/www.posk.se\/sollentuna\/#breadcrumb"},"inLanguage":"sv-SE","potentialAction":[{"@type":"ReadAction","target":["https:\/\/www.posk.se\/sollentuna\/"]}]},{"@type":"ImageObject","inLanguage":"sv-SE","@id":"https:\/\/www.posk.se\/sollentuna\/#primaryimage","url":"https:\/\/www.posk.se\/sollentuna\/wp-content\/uploads\/sites\/145\/2025\/09\/huvudbild-gruppbild-4.png","contentUrl":"https:\/\/www.posk.se\/sollentuna\/wp-content\/uploads\/sites\/145\/2025\/09\/huvudbild-gruppbild-4.png","width":3668,"height":972},{"@type":"BreadcrumbList","@id":"https:\/\/www.posk.se\/sollentuna\/#breadcrumb","itemListElement":[{"@type":"ListItem","position":1,"name":"Hem","item":"https:\/\/www.posk.se\/sollentuna\/"},{"@type":"ListItem","position":2,"name":"Startsidan"}]},{"@type":"WebSite","@id":"https:\/\/www.posk.se\/sollentuna\/#website","url":"https:\/\/www.posk.se\/sollentuna\/","name":"Sollentuna","description":"POSK-grupp i Stockholms stift","potentialAction":[{"@type":"SearchAction","target":{"@type":"EntryPoint","urlTemplate":"https:\/\/www.posk.se\/sollentuna\/?s={search_term_string}"},"query-input":{"@type":"PropertyValueSpecification","valueRequired":true,"valueName":"search_term_string"}}],"inLanguage":"sv-SE"}]}},"_links":{"self":[{"href":"https:\/\/www.posk.se\/sollentuna\/wp-json\/wp\/v2\/pages\/20","targetHints":{"allow":["GET"]}}],"collection":[{"href":"https:\/\/www.posk.se\/sollentuna\/wp-json\/wp\/v2\/pages"}],"about":[{"href":"https:\/\/www.posk.se\/sollentuna\/wp-json\/wp\/v2\/types\/page"}],"author":[{"embeddable":true,"href":"https:\/\/www.posk.se\/sollentuna\/wp-json\/wp\/v2\/users\/1"}],"replies":[{"embeddable":true,"href":"https:\/\/www.posk.se\/sollentuna\/wp-json\/wp\/v2\/comments?post=20"}],"version-history":[{"count":97,"href":"https:\/\/www.posk.se\/sollentuna\/wp-json\/wp\/v2\/pages\/20\/revisions"}],"predecessor-version":[{"id":165,"href":"https:\/\/www.posk.se\/sollentuna\/wp-json\/wp\/v2\/pages\/20\/revisions\/165"}],"wp:featuredmedia":[{"embeddable":true,"href":"https:\/\/www.posk.se\/sollentuna\/wp-json\/wp\/v2\/media\/144"}],"wp:attachment":[{"href":"https:\/\/www.posk.se\/sollentuna\/wp-json\/wp\/v2\/media?parent=20"}],"curies":[{"name":"wp","href":"https:\/\/api.w.org\/{rel}","templated":true}]}}