{"id":236,"date":"2025-08-26T06:17:00","date_gmt":"2025-08-26T04:17:00","guid":{"rendered":"https:\/\/www.posk.se\/sodralappland\/?page_id=236"},"modified":"2025-09-22T15:13:56","modified_gmt":"2025-09-22T13:13:56","slug":"valinformation","status":"publish","type":"page","link":"https:\/\/www.posk.se\/sodralappland\/valinformation\/","title":{"rendered":"Valinformation"},"content":{"rendered":"<p><a href=\"https:\/\/www.posk.se\/sodralappland\/wp-content\/uploads\/sites\/284\/2025\/08\/utdrag-valbroschyr.pdf\">utdrag valbroschyr (<\/a>Hela valbroschyren finns att l\u00e4sa p\u00e5 pastoratets hemsida: <a href=\"https:\/\/www.svenskakyrkan.se\/sodralappland\/kyrkoval\">www.svenskakyrkan.se\/sodralappland\/kyrkoval)<\/a><\/p>\n<p>&nbsp;<\/p>\n<p>S\u00e5 gick det i valet 2025:<\/p>\n<p>&nbsp;<\/p>\n<p><img loading=\"lazy\" decoding=\"async\" class=\"alignnone size-medium wp-image-245\" src=\"https:\/\/www.posk.se\/sodralappland\/wp-content\/uploads\/sites\/284\/2025\/09\/val-300x150.png\" alt=\"\" width=\"300\" height=\"150\" srcset=\"https:\/\/www.posk.se\/sodralappland\/wp-content\/uploads\/sites\/284\/2025\/09\/val-300x150.png 300w, https:\/\/www.posk.se\/sodralappland\/wp-content\/uploads\/sites\/284\/2025\/09\/val-1024x512.png 1024w, https:\/\/www.posk.se\/sodralappland\/wp-content\/uploads\/sites\/284\/2025\/09\/val-768x384.png 768w, https:\/\/www.posk.se\/sodralappland\/wp-content\/uploads\/sites\/284\/2025\/09\/val-330x165.png 330w, https:\/\/www.posk.se\/sodralappland\/wp-content\/uploads\/sites\/284\/2025\/09\/val.png 1200w\" sizes=\"auto, (max-width: 300px) 100vw, 300px\" \/><\/p>\n<p><img loading=\"lazy\" decoding=\"async\" class=\"alignnone wp-image-243\" src=\"https:\/\/www.posk.se\/sodralappland\/wp-content\/uploads\/sites\/284\/2025\/09\/img-2379-214x300.jpg\" alt=\"\" width=\"300\" height=\"421\" srcset=\"https:\/\/www.posk.se\/sodralappland\/wp-content\/uploads\/sites\/284\/2025\/09\/img-2379-214x300.jpg 214w, https:\/\/www.posk.se\/sodralappland\/wp-content\/uploads\/sites\/284\/2025\/09\/img-2379-732x1024.jpg 732w, https:\/\/www.posk.se\/sodralappland\/wp-content\/uploads\/sites\/284\/2025\/09\/img-2379-768x1074.jpg 768w, https:\/\/www.posk.se\/sodralappland\/wp-content\/uploads\/sites\/284\/2025\/09\/img-2379-330x462.jpg 330w, https:\/\/www.posk.se\/sodralappland\/wp-content\/uploads\/sites\/284\/2025\/09\/img-2379.jpg 1073w\" sizes=\"auto, (max-width: 300px) 100vw, 300px\" \/><\/p>\n","protected":false},"excerpt":{"rendered":"<p>utdrag valbroschyr (Hela valbroschyren finns att l\u00e4sa p\u00e5 pastoratets hemsida: www.svenskakyrkan.se\/sodralappland\/kyrkoval) &nbsp; S\u00e5 gick det i valet 2025: &nbsp;<\/p>\n","protected":false},"author":1864,"featured_media":0,"parent":0,"menu_order":0,"comment_status":"closed","ping_status":"closed","template":"page-templates\/page-sidebar-left.php","meta":{"_acf_changed":false,"footnotes":""},"class_list":["post-236","page","type-page","status-publish","hentry"],"acf":[],"yoast_head":"<!-- This site is optimized with the Yoast SEO plugin v24.9 - https:\/\/yoast.com\/wordpress\/plugins\/seo\/ -->\n<title>Valinformation - S\u00f6dra Lappland<\/title>\n<meta name=\"robots\" content=\"index, follow, max-snippet:-1, max-image-preview:large, max-video-preview:-1\" \/>\n<link rel=\"canonical\" href=\"https:\/\/www.posk.se\/sodralappland\/valinformation\/\" \/>\n<meta property=\"og:locale\" content=\"sv_SE\" \/>\n<meta property=\"og:type\" content=\"article\" \/>\n<meta property=\"og:title\" content=\"Valinformation - S\u00f6dra Lappland\" \/>\n<meta property=\"og:description\" content=\"utdrag valbroschyr (Hela valbroschyren finns att l\u00e4sa p\u00e5 pastoratets hemsida: www.svenskakyrkan.se\/sodralappland\/kyrkoval) &nbsp; S\u00e5 gick det i valet 2025: &nbsp;\" \/>\n<meta property=\"og:url\" content=\"https:\/\/www.posk.se\/sodralappland\/valinformation\/\" \/>\n<meta property=\"og:site_name\" content=\"S\u00f6dra Lappland\" \/>\n<meta property=\"article:modified_time\" content=\"2025-09-22T13:13:56+00:00\" \/>\n<meta property=\"og:image\" content=\"https:\/\/www.posk.se\/sodralappland\/wp-content\/uploads\/sites\/284\/2025\/09\/val.png\" \/>\n\t<meta property=\"og:image:width\" content=\"1200\" \/>\n\t<meta property=\"og:image:height\" content=\"600\" \/>\n\t<meta property=\"og:image:type\" content=\"image\/png\" \/>\n<meta name=\"twitter:card\" content=\"summary_large_image\" \/>\n<meta name=\"twitter:label1\" content=\"Ber\u00e4knad l\u00e4stid\" \/>\n\t<meta name=\"twitter:data1\" content=\"1 minut\" \/>\n<script type=\"application\/ld+json\" class=\"yoast-schema-graph\">{\"@context\":\"https:\/\/schema.org\",\"@graph\":[{\"@type\":\"WebPage\",\"@id\":\"https:\/\/www.posk.se\/sodralappland\/valinformation\/\",\"url\":\"https:\/\/www.posk.se\/sodralappland\/valinformation\/\",\"name\":\"Valinformation - S\u00f6dra Lappland\",\"isPartOf\":{\"@id\":\"https:\/\/www.posk.se\/sodralappland\/#website\"},\"primaryImageOfPage\":{\"@id\":\"https:\/\/www.posk.se\/sodralappland\/valinformation\/#primaryimage\"},\"image\":{\"@id\":\"https:\/\/www.posk.se\/sodralappland\/valinformation\/#primaryimage\"},\"thumbnailUrl\":\"https:\/\/www.posk.se\/sodralappland\/wp-content\/uploads\/sites\/284\/2025\/09\/val-300x150.png\",\"datePublished\":\"2025-08-26T04:17:00+00:00\",\"dateModified\":\"2025-09-22T13:13:56+00:00\",\"breadcrumb\":{\"@id\":\"https:\/\/www.posk.se\/sodralappland\/valinformation\/#breadcrumb\"},\"inLanguage\":\"sv-SE\",\"potentialAction\":[{\"@type\":\"ReadAction\",\"target\":[\"https:\/\/www.posk.se\/sodralappland\/valinformation\/\"]}]},{\"@type\":\"ImageObject\",\"inLanguage\":\"sv-SE\",\"@id\":\"https:\/\/www.posk.se\/sodralappland\/valinformation\/#primaryimage\",\"url\":\"https:\/\/www.posk.se\/sodralappland\/wp-content\/uploads\/sites\/284\/2025\/09\/val.png\",\"contentUrl\":\"https:\/\/www.posk.se\/sodralappland\/wp-content\/uploads\/sites\/284\/2025\/09\/val.png\",\"width\":1200,\"height\":600},{\"@type\":\"BreadcrumbList\",\"@id\":\"https:\/\/www.posk.se\/sodralappland\/valinformation\/#breadcrumb\",\"itemListElement\":[{\"@type\":\"ListItem\",\"position\":1,\"name\":\"Hem\",\"item\":\"https:\/\/www.posk.se\/sodralappland\/\"},{\"@type\":\"ListItem\",\"position\":2,\"name\":\"Valinformation\"}]},{\"@type\":\"WebSite\",\"@id\":\"https:\/\/www.posk.se\/sodralappland\/#website\",\"url\":\"https:\/\/www.posk.se\/sodralappland\/\",\"name\":\"S\u00f6dra Lappland\",\"description\":\"POSK-grupp i Lule\u00e5 stift\",\"potentialAction\":[{\"@type\":\"SearchAction\",\"target\":{\"@type\":\"EntryPoint\",\"urlTemplate\":\"https:\/\/www.posk.se\/sodralappland\/?s={search_term_string}\"},\"query-input\":{\"@type\":\"PropertyValueSpecification\",\"valueRequired\":true,\"valueName\":\"search_term_string\"}}],\"inLanguage\":\"sv-SE\"}]}<\/script>\n<!-- \/ Yoast SEO plugin. -->","yoast_head_json":{"title":"Valinformation - S\u00f6dra Lappland","robots":{"index":"index","follow":"follow","max-snippet":"max-snippet:-1","max-image-preview":"max-image-preview:large","max-video-preview":"max-video-preview:-1"},"canonical":"https:\/\/www.posk.se\/sodralappland\/valinformation\/","og_locale":"sv_SE","og_type":"article","og_title":"Valinformation - S\u00f6dra Lappland","og_description":"utdrag valbroschyr (Hela valbroschyren finns att l\u00e4sa p\u00e5 pastoratets hemsida: www.svenskakyrkan.se\/sodralappland\/kyrkoval) &nbsp; S\u00e5 gick det i valet 2025: &nbsp;","og_url":"https:\/\/www.posk.se\/sodralappland\/valinformation\/","og_site_name":"S\u00f6dra Lappland","article_modified_time":"2025-09-22T13:13:56+00:00","og_image":[{"width":1200,"height":600,"url":"https:\/\/www.posk.se\/sodralappland\/wp-content\/uploads\/sites\/284\/2025\/09\/val.png","type":"image\/png"}],"twitter_card":"summary_large_image","twitter_misc":{"Ber\u00e4knad l\u00e4stid":"1 minut"},"schema":{"@context":"https:\/\/schema.org","@graph":[{"@type":"WebPage","@id":"https:\/\/www.posk.se\/sodralappland\/valinformation\/","url":"https:\/\/www.posk.se\/sodralappland\/valinformation\/","name":"Valinformation - S\u00f6dra Lappland","isPartOf":{"@id":"https:\/\/www.posk.se\/sodralappland\/#website"},"primaryImageOfPage":{"@id":"https:\/\/www.posk.se\/sodralappland\/valinformation\/#primaryimage"},"image":{"@id":"https:\/\/www.posk.se\/sodralappland\/valinformation\/#primaryimage"},"thumbnailUrl":"https:\/\/www.posk.se\/sodralappland\/wp-content\/uploads\/sites\/284\/2025\/09\/val-300x150.png","datePublished":"2025-08-26T04:17:00+00:00","dateModified":"2025-09-22T13:13:56+00:00","breadcrumb":{"@id":"https:\/\/www.posk.se\/sodralappland\/valinformation\/#breadcrumb"},"inLanguage":"sv-SE","potentialAction":[{"@type":"ReadAction","target":["https:\/\/www.posk.se\/sodralappland\/valinformation\/"]}]},{"@type":"ImageObject","inLanguage":"sv-SE","@id":"https:\/\/www.posk.se\/sodralappland\/valinformation\/#primaryimage","url":"https:\/\/www.posk.se\/sodralappland\/wp-content\/uploads\/sites\/284\/2025\/09\/val.png","contentUrl":"https:\/\/www.posk.se\/sodralappland\/wp-content\/uploads\/sites\/284\/2025\/09\/val.png","width":1200,"height":600},{"@type":"BreadcrumbList","@id":"https:\/\/www.posk.se\/sodralappland\/valinformation\/#breadcrumb","itemListElement":[{"@type":"ListItem","position":1,"name":"Hem","item":"https:\/\/www.posk.se\/sodralappland\/"},{"@type":"ListItem","position":2,"name":"Valinformation"}]},{"@type":"WebSite","@id":"https:\/\/www.posk.se\/sodralappland\/#website","url":"https:\/\/www.posk.se\/sodralappland\/","name":"S\u00f6dra Lappland","description":"POSK-grupp i Lule\u00e5 stift","potentialAction":[{"@type":"SearchAction","target":{"@type":"EntryPoint","urlTemplate":"https:\/\/www.posk.se\/sodralappland\/?s={search_term_string}"},"query-input":{"@type":"PropertyValueSpecification","valueRequired":true,"valueName":"search_term_string"}}],"inLanguage":"sv-SE"}]}},"_links":{"self":[{"href":"https:\/\/www.posk.se\/sodralappland\/wp-json\/wp\/v2\/pages\/236","targetHints":{"allow":["GET"]}}],"collection":[{"href":"https:\/\/www.posk.se\/sodralappland\/wp-json\/wp\/v2\/pages"}],"about":[{"href":"https:\/\/www.posk.se\/sodralappland\/wp-json\/wp\/v2\/types\/page"}],"author":[{"embeddable":true,"href":"https:\/\/www.posk.se\/sodralappland\/wp-json\/wp\/v2\/users\/1864"}],"replies":[{"embeddable":true,"href":"https:\/\/www.posk.se\/sodralappland\/wp-json\/wp\/v2\/comments?post=236"}],"version-history":[{"count":8,"href":"https:\/\/www.posk.se\/sodralappland\/wp-json\/wp\/v2\/pages\/236\/revisions"}],"predecessor-version":[{"id":247,"href":"https:\/\/www.posk.se\/sodralappland\/wp-json\/wp\/v2\/pages\/236\/revisions\/247"}],"wp:attachment":[{"href":"https:\/\/www.posk.se\/sodralappland\/wp-json\/wp\/v2\/media?parent=236"}],"curies":[{"name":"wp","href":"https:\/\/api.w.org\/{rel}","templated":true}]}}