{"id":54,"date":"2017-07-25T12:02:51","date_gmt":"2017-07-25T10:02:51","guid":{"rendered":"https:\/\/www.posk.se\/skovde\/?page_id=54"},"modified":"2025-06-23T21:39:07","modified_gmt":"2025-06-23T19:39:07","slug":"valinformation","status":"publish","type":"page","link":"https:\/\/www.posk.se\/skovde\/valinformation\/","title":{"rendered":"Valinformation"},"content":{"rendered":"<p><strong>Valinformation<\/strong><\/p>\n<p>Den 8\u201321 september \u00e4r det kyrkoval. Du som \u00e4r 16 \u00e5r och medlem i Svenska kyrkan kan r\u00f6sta \u00f6ver hela landet. I kyrkovalet kan du v\u00e4lja till tre niv\u00e5er: lokal, regional och nationell.<\/p>\n<p>&nbsp;<\/p>\n<p>P\u00e5 valdagen den 21 september 2025 r\u00f6star du i den vallokal som st\u00e5r p\u00e5 ditt r\u00f6stkort. Du f\u00e5r hem r\u00f6stkortet n\u00e5gra veckor f\u00f6re valet. Av r\u00f6stkortet framg\u00e5r vilken vallokal och vilka \u00f6ppettider som g\u00e4ller f\u00f6r just dig.<\/p>\n<p>&nbsp;<\/p>\n<p>F\u00f6rtidsr\u00f6stning kan g\u00f6ras mellan 8\u201321 september. I Sk\u00f6vde pastorat finns tv\u00e5 lokaler f\u00f6r f\u00f6rtidsr\u00f6stning:<\/p>\n<p>Kyrkans hus, Kyrkogatan 5, Sk\u00f6vde<\/p>\n<p>Kyrketorpsg\u00e5rden, Svar\u00e9ns v\u00e4g 1, Skultorp<\/p>\n<p>Du hittar \u00f6ppettider och mer information p\u00e5\u00a0<a href=\"http:\/\/www.svenskakyrkan.se\/skovde\">www.svenskakyrkan.se\/skovde<\/a>. Klicka sedan p\u00e5 <strong>Kyrkoval 2025<\/strong><\/p>\n<p>&nbsp;<\/p>\n<p>I kyrkovalet kan du v\u00e4lja till tre niv\u00e5er:<\/p>\n<p><strong>Lokalt \u2013 Kyrkofullm\u00e4ktige Sk\u00f6vde pastorat<\/strong><\/p>\n<p>Vit valsedel<br \/>\nDu v\u00e4ljer till den f\u00f6rsamling eller det pastorat d\u00e4r du bor. Kyrkofullm\u00e4ktige best\u00e4mmer ramarna f\u00f6r den verksamhet som finns n\u00e4ra dig, tex om verksamhet f\u00f6r barn, unga och \u00e4ldre.<\/p>\n<p><strong>Regionalt \u2013 Stiftsfullm\u00e4ktige i Skara stift<\/strong><\/p>\n<p>Rosa valsedel<br \/>\nSvenska kyrkan i Sk\u00f6vde tillh\u00f6r Skara stift. Stiftets uppgift \u00e4r i f\u00f6rsta hand att st\u00f6tta f\u00f6rsamlingar och pastorat. Det kan handla om renoveringar av kyrkor eller hj\u00e4lpverksamhet f\u00f6r utsatta.<\/p>\n<p><strong>Nationellt \u2013 Kyrkom\u00f6tet <\/strong><\/p>\n<p>Gul valsedel<br \/>\nKyrkom\u00f6tet \u00e4r Svenska kyrkans h\u00f6gsta beslutande organ. Kyrkom\u00f6tets 251 ledam\u00f6ter beslutar om kyrkans gemensamma och \u00f6vergripande fr\u00e5gor. Det kan r\u00f6ra allt fr\u00e5n hur kyrkan ordnar kyrkoval till arbetet med klimatfr\u00e5gan eller vilka psalmer som ska finnas i psalmboken.<\/p>\n<p>&nbsp;<\/p>\n<p><strong>Dina kryss \u00e4r viktiga! <\/strong>I kyrkovalet kan du personr\u00f6sta p\u00e5 tre kandidater.<\/p>\n<p>Du personr\u00f6star genom att kryssa f\u00f6r den eller de h\u00f6gst tre personer, som du helst vill se valda. Kryssen \u00f6kar kandidaternas m\u00f6jlighet att bli valda och f\u00e5 representera dig.<\/p>\n<p>\u00c4r du n\u00f6jd med ordningen p\u00e5 valsedeln kryssar du de tre \u00f6versta namnen.<\/p>\n<p>&nbsp;<\/p>\n","protected":false},"excerpt":{"rendered":"<p>Valinformation Den 8\u201321 september \u00e4r det kyrkoval. Du som \u00e4r 16 \u00e5r och medlem i Svenska kyrkan kan r\u00f6sta \u00f6ver hela landet. I kyrkovalet kan du v\u00e4lja till tre niv\u00e5er: lokal, regional och nationell. &nbsp; P\u00e5 valdagen den 21 september 2025 r\u00f6star du i den vallokal som st\u00e5r p\u00e5 ditt r\u00f6stkort. Du f\u00e5r hem r\u00f6stkortet [&hellip;]<\/p>\n","protected":false},"author":105,"featured_media":0,"parent":0,"menu_order":1,"comment_status":"closed","ping_status":"closed","template":"page-templates\/page-sidebar-left.php","meta":{"_acf_changed":false,"footnotes":""},"class_list":["post-54","page","type-page","status-publish","hentry"],"acf":[],"yoast_head":"<!-- This site is optimized with the Yoast SEO plugin v24.9 - https:\/\/yoast.com\/wordpress\/plugins\/seo\/ -->\n<title>Valinformation - Sk\u00f6vde<\/title>\n<meta name=\"robots\" content=\"index, follow, max-snippet:-1, max-image-preview:large, max-video-preview:-1\" \/>\n<link rel=\"canonical\" href=\"https:\/\/www.posk.se\/skovde\/valinformation\/\" \/>\n<meta property=\"og:locale\" content=\"sv_SE\" \/>\n<meta property=\"og:type\" content=\"article\" \/>\n<meta property=\"og:title\" content=\"Valinformation - Sk\u00f6vde\" \/>\n<meta property=\"og:description\" content=\"Valinformation Den 8\u201321 september \u00e4r det kyrkoval. Du som \u00e4r 16 \u00e5r och medlem i Svenska kyrkan kan r\u00f6sta \u00f6ver hela landet. I kyrkovalet kan du v\u00e4lja till tre niv\u00e5er: lokal, regional och nationell. &nbsp; P\u00e5 valdagen den 21 september 2025 r\u00f6star du i den vallokal som st\u00e5r p\u00e5 ditt r\u00f6stkort. Du f\u00e5r hem r\u00f6stkortet [&hellip;]\" \/>\n<meta property=\"og:url\" content=\"https:\/\/www.posk.se\/skovde\/valinformation\/\" \/>\n<meta property=\"og:site_name\" content=\"Sk\u00f6vde\" \/>\n<meta property=\"article:modified_time\" content=\"2025-06-23T19:39:07+00:00\" \/>\n<meta name=\"twitter:card\" content=\"summary_large_image\" \/>\n<meta name=\"twitter:label1\" content=\"Ber\u00e4knad l\u00e4stid\" \/>\n\t<meta name=\"twitter:data1\" content=\"2 minuter\" \/>\n<script type=\"application\/ld+json\" class=\"yoast-schema-graph\">{\"@context\":\"https:\/\/schema.org\",\"@graph\":[{\"@type\":\"WebPage\",\"@id\":\"https:\/\/www.posk.se\/skovde\/valinformation\/\",\"url\":\"https:\/\/www.posk.se\/skovde\/valinformation\/\",\"name\":\"Valinformation - Sk\u00f6vde\",\"isPartOf\":{\"@id\":\"https:\/\/www.posk.se\/skovde\/#website\"},\"datePublished\":\"2017-07-25T10:02:51+00:00\",\"dateModified\":\"2025-06-23T19:39:07+00:00\",\"breadcrumb\":{\"@id\":\"https:\/\/www.posk.se\/skovde\/valinformation\/#breadcrumb\"},\"inLanguage\":\"sv-SE\",\"potentialAction\":[{\"@type\":\"ReadAction\",\"target\":[\"https:\/\/www.posk.se\/skovde\/valinformation\/\"]}]},{\"@type\":\"BreadcrumbList\",\"@id\":\"https:\/\/www.posk.se\/skovde\/valinformation\/#breadcrumb\",\"itemListElement\":[{\"@type\":\"ListItem\",\"position\":1,\"name\":\"Hem\",\"item\":\"https:\/\/www.posk.se\/skovde\/\"},{\"@type\":\"ListItem\",\"position\":2,\"name\":\"Valinformation\"}]},{\"@type\":\"WebSite\",\"@id\":\"https:\/\/www.posk.se\/skovde\/#website\",\"url\":\"https:\/\/www.posk.se\/skovde\/\",\"name\":\"Sk\u00f6vde\",\"description\":\"POSK-grupp i Skara stift\",\"potentialAction\":[{\"@type\":\"SearchAction\",\"target\":{\"@type\":\"EntryPoint\",\"urlTemplate\":\"https:\/\/www.posk.se\/skovde\/?s={search_term_string}\"},\"query-input\":{\"@type\":\"PropertyValueSpecification\",\"valueRequired\":true,\"valueName\":\"search_term_string\"}}],\"inLanguage\":\"sv-SE\"}]}<\/script>\n<!-- \/ Yoast SEO plugin. -->","yoast_head_json":{"title":"Valinformation - Sk\u00f6vde","robots":{"index":"index","follow":"follow","max-snippet":"max-snippet:-1","max-image-preview":"max-image-preview:large","max-video-preview":"max-video-preview:-1"},"canonical":"https:\/\/www.posk.se\/skovde\/valinformation\/","og_locale":"sv_SE","og_type":"article","og_title":"Valinformation - Sk\u00f6vde","og_description":"Valinformation Den 8\u201321 september \u00e4r det kyrkoval. Du som \u00e4r 16 \u00e5r och medlem i Svenska kyrkan kan r\u00f6sta \u00f6ver hela landet. I kyrkovalet kan du v\u00e4lja till tre niv\u00e5er: lokal, regional och nationell. &nbsp; P\u00e5 valdagen den 21 september 2025 r\u00f6star du i den vallokal som st\u00e5r p\u00e5 ditt r\u00f6stkort. Du f\u00e5r hem r\u00f6stkortet [&hellip;]","og_url":"https:\/\/www.posk.se\/skovde\/valinformation\/","og_site_name":"Sk\u00f6vde","article_modified_time":"2025-06-23T19:39:07+00:00","twitter_card":"summary_large_image","twitter_misc":{"Ber\u00e4knad l\u00e4stid":"2 minuter"},"schema":{"@context":"https:\/\/schema.org","@graph":[{"@type":"WebPage","@id":"https:\/\/www.posk.se\/skovde\/valinformation\/","url":"https:\/\/www.posk.se\/skovde\/valinformation\/","name":"Valinformation - Sk\u00f6vde","isPartOf":{"@id":"https:\/\/www.posk.se\/skovde\/#website"},"datePublished":"2017-07-25T10:02:51+00:00","dateModified":"2025-06-23T19:39:07+00:00","breadcrumb":{"@id":"https:\/\/www.posk.se\/skovde\/valinformation\/#breadcrumb"},"inLanguage":"sv-SE","potentialAction":[{"@type":"ReadAction","target":["https:\/\/www.posk.se\/skovde\/valinformation\/"]}]},{"@type":"BreadcrumbList","@id":"https:\/\/www.posk.se\/skovde\/valinformation\/#breadcrumb","itemListElement":[{"@type":"ListItem","position":1,"name":"Hem","item":"https:\/\/www.posk.se\/skovde\/"},{"@type":"ListItem","position":2,"name":"Valinformation"}]},{"@type":"WebSite","@id":"https:\/\/www.posk.se\/skovde\/#website","url":"https:\/\/www.posk.se\/skovde\/","name":"Sk\u00f6vde","description":"POSK-grupp i Skara stift","potentialAction":[{"@type":"SearchAction","target":{"@type":"EntryPoint","urlTemplate":"https:\/\/www.posk.se\/skovde\/?s={search_term_string}"},"query-input":{"@type":"PropertyValueSpecification","valueRequired":true,"valueName":"search_term_string"}}],"inLanguage":"sv-SE"}]}},"_links":{"self":[{"href":"https:\/\/www.posk.se\/skovde\/wp-json\/wp\/v2\/pages\/54","targetHints":{"allow":["GET"]}}],"collection":[{"href":"https:\/\/www.posk.se\/skovde\/wp-json\/wp\/v2\/pages"}],"about":[{"href":"https:\/\/www.posk.se\/skovde\/wp-json\/wp\/v2\/types\/page"}],"author":[{"embeddable":true,"href":"https:\/\/www.posk.se\/skovde\/wp-json\/wp\/v2\/users\/105"}],"replies":[{"embeddable":true,"href":"https:\/\/www.posk.se\/skovde\/wp-json\/wp\/v2\/comments?post=54"}],"version-history":[{"count":5,"href":"https:\/\/www.posk.se\/skovde\/wp-json\/wp\/v2\/pages\/54\/revisions"}],"predecessor-version":[{"id":158,"href":"https:\/\/www.posk.se\/skovde\/wp-json\/wp\/v2\/pages\/54\/revisions\/158"}],"wp:attachment":[{"href":"https:\/\/www.posk.se\/skovde\/wp-json\/wp\/v2\/media?parent=54"}],"curies":[{"name":"wp","href":"https:\/\/api.w.org\/{rel}","templated":true}]}}