{"id":5,"date":"2021-02-02T14:06:01","date_gmt":"2021-02-02T13:06:01","guid":{"rendered":"https:\/\/www.posk.se\/ursviken\/?page_id=5"},"modified":"2025-08-13T20:20:01","modified_gmt":"2025-08-13T18:20:01","slug":"startsidan","status":"publish","type":"page","link":"https:\/\/www.posk.se\/skelleftehamn-ursviken\/","title":{"rendered":"S:t \u00d6rjans f\u00f6rsamling"},"content":{"rendered":"<p><strong>V\u00e4lkommen!<\/strong><\/p>\n<p>&nbsp;<\/p>\n<p><strong>V\u00e5r vision \u00e4r att S:t \u00d6rjans f\u00f6rsamling <\/strong>ska vara en gemenskap som speglar Guds vilja i gudstj\u00e4nst och liv och som talar tydligt om Jesus Kristus<\/p>\n<p>POSK vill att Skellefte\u00e5 Sankt \u00d6rjans f\u00f6rsamling<\/p>\n<ul>\n<li><b>f\u00f6rmedlar befrielse, hopp och livsmod genom att:<br \/>\n<\/b>Erbjuda samtalsst\u00f6d f\u00f6r den som \u00e4r i en livskris.<br \/>\nM\u00f6ta f\u00f6rsamlingsbor i gl\u00e4dje och sorg i alla livets skeden.<\/li>\n<\/ul>\n<p>&nbsp;<\/p>\n<ul>\n<li><b>erbjuder gemenskap och m\u00f6jlighet att v\u00e4xa i tro genom att:<br \/>\n<\/b>Gudstj\u00e4nsten \u00e4r ett tillf\u00e4lle till gl\u00e4dje och inspiration, d\u00e4r tron p\u00e5 Jesus Kristus kan v\u00e4ckas och f\u00f6rdjupas.<br \/>\nVi m\u00f6ter barn, unga och vuxna p\u00e5 ett s\u00e4tt s\u00e5 de kan k\u00e4nna sig v\u00e4lkomna precis som de \u00e4r.<br \/>\nErbjuder aktiviteter och m\u00f6tesplatser utifr\u00e5n \u00e5ldersgrupp och intresse exempelvis; scout, k\u00f6r, caf\u00e9, sm\u00e5 samtalsgrupper, mm<\/li>\n<\/ul>\n<p>&nbsp;<\/p>\n<ul>\n<li><b>ser och tar vara p\u00e5 varje m\u00e4nniska som en g\u00e5va i f\u00f6rsamlingens liv genom att:<br \/>\n<\/b>Alla som \u00f6nskar ska f\u00e5 m\u00f6jlighet att bidra i gudstj\u00e4nstlivet eller hj\u00e4lpa till\u00a0i f\u00f6rsamlingens arbete p\u00e5 olika s\u00e4tt<\/li>\n<\/ul>\n<p>&nbsp;<\/p>\n<ul>\n<li><b>Utvecklar sin organisation och struktur s\u00e5 att de b\u00e4ttre fr\u00e4mjar kyrkans uppdrag<\/b><\/li>\n<li><b>\u00e4r en tydlig r\u00f6st i samh\u00e4llet och visar p\u00e5 ett liv i r\u00e4ttvisa och frihet genom att:<br \/>\n<\/b>Utveckla det diakonala arbetet och m\u00f6ta de behov som finns i samh\u00e4llet.<br \/>\nEtiska och milj\u00f6m\u00e4ssiga h\u00e4nsyn ska tas g\u00e4llande f\u00f6rsamlingens tillg\u00e5ngar.<\/li>\n<\/ul>\n<p>&nbsp;<\/p>\n<ul>\n<li><b>\u00e4r en brobyggare mellan olika kristna kyrkor och str\u00e4var efter en sann och \u00f6ppen dialog mellan m\u00e4nniskor genom att:<br \/>\n<\/b>S:t \u00d6rjans f\u00f6rsamling och EFS Ursviken samarbetar i f\u00f6rsamlingens olika aktiviteter.<br \/>\nUtveckla det fina ekumeniska samarbetet som finns mellan de olika kyrkorna i Skelleftehamn och Ursviken<br \/>\nMed respekt lyssna p\u00e5 m\u00e4nniskor med annan livs\u00e5sk\u00e5dning.<\/li>\n<\/ul>\n<p>&nbsp;<\/p>\n<p>&nbsp;<\/p>\n<p>&nbsp;<\/p>\n","protected":false},"excerpt":{"rendered":"<p>V\u00e4lkommen! &nbsp; V\u00e5r vision \u00e4r att S:t \u00d6rjans f\u00f6rsamling ska vara en gemenskap som speglar Guds vilja i gudstj\u00e4nst och liv och som talar tydligt om Jesus Kristus POSK vill att Skellefte\u00e5 Sankt \u00d6rjans f\u00f6rsamling f\u00f6rmedlar befrielse, hopp och livsmod genom att: Erbjuda samtalsst\u00f6d f\u00f6r den som \u00e4r i en livskris. M\u00f6ta f\u00f6rsamlingsbor i gl\u00e4dje [&hellip;]<\/p>\n","protected":false},"author":91,"featured_media":0,"parent":0,"menu_order":0,"comment_status":"closed","ping_status":"closed","template":"page-templates\/page-sidebar-left.php","meta":{"_acf_changed":false,"footnotes":""},"class_list":["post-5","page","type-page","status-publish","hentry"],"acf":[],"yoast_head":"<!-- This site is optimized with the Yoast SEO plugin v24.9 - https:\/\/yoast.com\/wordpress\/plugins\/seo\/ -->\n<title>S:t \u00d6rjans f\u00f6rsamling - Skelleftehamn\/Ursviken<\/title>\n<meta name=\"robots\" content=\"index, follow, max-snippet:-1, max-image-preview:large, max-video-preview:-1\" \/>\n<link rel=\"canonical\" href=\"https:\/\/www.posk.se\/skelleftehamn-ursviken\/\" \/>\n<meta property=\"og:locale\" content=\"sv_SE\" \/>\n<meta property=\"og:type\" content=\"article\" \/>\n<meta property=\"og:title\" content=\"S:t \u00d6rjans f\u00f6rsamling - Skelleftehamn\/Ursviken\" \/>\n<meta property=\"og:description\" content=\"V\u00e4lkommen! &nbsp; V\u00e5r vision \u00e4r att S:t \u00d6rjans f\u00f6rsamling ska vara en gemenskap som speglar Guds vilja i gudstj\u00e4nst och liv och som talar tydligt om Jesus Kristus POSK vill att Skellefte\u00e5 Sankt \u00d6rjans f\u00f6rsamling f\u00f6rmedlar befrielse, hopp och livsmod genom att: Erbjuda samtalsst\u00f6d f\u00f6r den som \u00e4r i en livskris. M\u00f6ta f\u00f6rsamlingsbor i gl\u00e4dje [&hellip;]\" \/>\n<meta property=\"og:url\" content=\"https:\/\/www.posk.se\/skelleftehamn-ursviken\/\" \/>\n<meta property=\"og:site_name\" content=\"Skelleftehamn\/Ursviken\" \/>\n<meta property=\"article:modified_time\" content=\"2025-08-13T18:20:01+00:00\" \/>\n<meta name=\"twitter:card\" content=\"summary_large_image\" \/>\n<meta name=\"twitter:label1\" content=\"Ber\u00e4knad l\u00e4stid\" \/>\n\t<meta name=\"twitter:data1\" content=\"2 minuter\" \/>\n<script type=\"application\/ld+json\" class=\"yoast-schema-graph\">{\"@context\":\"https:\/\/schema.org\",\"@graph\":[{\"@type\":\"WebPage\",\"@id\":\"https:\/\/www.posk.se\/skelleftehamn-ursviken\/\",\"url\":\"https:\/\/www.posk.se\/skelleftehamn-ursviken\/\",\"name\":\"S:t \u00d6rjans f\u00f6rsamling - Skelleftehamn\/Ursviken\",\"isPartOf\":{\"@id\":\"https:\/\/www.posk.se\/skelleftehamn-ursviken\/#website\"},\"datePublished\":\"2021-02-02T13:06:01+00:00\",\"dateModified\":\"2025-08-13T18:20:01+00:00\",\"breadcrumb\":{\"@id\":\"https:\/\/www.posk.se\/skelleftehamn-ursviken\/#breadcrumb\"},\"inLanguage\":\"sv-SE\",\"potentialAction\":[{\"@type\":\"ReadAction\",\"target\":[\"https:\/\/www.posk.se\/skelleftehamn-ursviken\/\"]}]},{\"@type\":\"BreadcrumbList\",\"@id\":\"https:\/\/www.posk.se\/skelleftehamn-ursviken\/#breadcrumb\",\"itemListElement\":[{\"@type\":\"ListItem\",\"position\":1,\"name\":\"Hem\",\"item\":\"https:\/\/www.posk.se\/skelleftehamn-ursviken\/\"},{\"@type\":\"ListItem\",\"position\":2,\"name\":\"S:t \u00d6rjans f\u00f6rsamling\"}]},{\"@type\":\"WebSite\",\"@id\":\"https:\/\/www.posk.se\/skelleftehamn-ursviken\/#website\",\"url\":\"https:\/\/www.posk.se\/skelleftehamn-ursviken\/\",\"name\":\"Skelleftehamn\/Ursviken\",\"description\":\"POSK-grupp i Lule\u00e5 stift\",\"potentialAction\":[{\"@type\":\"SearchAction\",\"target\":{\"@type\":\"EntryPoint\",\"urlTemplate\":\"https:\/\/www.posk.se\/skelleftehamn-ursviken\/?s={search_term_string}\"},\"query-input\":{\"@type\":\"PropertyValueSpecification\",\"valueRequired\":true,\"valueName\":\"search_term_string\"}}],\"inLanguage\":\"sv-SE\"}]}<\/script>\n<!-- \/ Yoast SEO plugin. -->","yoast_head_json":{"title":"S:t \u00d6rjans f\u00f6rsamling - Skelleftehamn\/Ursviken","robots":{"index":"index","follow":"follow","max-snippet":"max-snippet:-1","max-image-preview":"max-image-preview:large","max-video-preview":"max-video-preview:-1"},"canonical":"https:\/\/www.posk.se\/skelleftehamn-ursviken\/","og_locale":"sv_SE","og_type":"article","og_title":"S:t \u00d6rjans f\u00f6rsamling - Skelleftehamn\/Ursviken","og_description":"V\u00e4lkommen! &nbsp; V\u00e5r vision \u00e4r att S:t \u00d6rjans f\u00f6rsamling ska vara en gemenskap som speglar Guds vilja i gudstj\u00e4nst och liv och som talar tydligt om Jesus Kristus POSK vill att Skellefte\u00e5 Sankt \u00d6rjans f\u00f6rsamling f\u00f6rmedlar befrielse, hopp och livsmod genom att: Erbjuda samtalsst\u00f6d f\u00f6r den som \u00e4r i en livskris. M\u00f6ta f\u00f6rsamlingsbor i gl\u00e4dje [&hellip;]","og_url":"https:\/\/www.posk.se\/skelleftehamn-ursviken\/","og_site_name":"Skelleftehamn\/Ursviken","article_modified_time":"2025-08-13T18:20:01+00:00","twitter_card":"summary_large_image","twitter_misc":{"Ber\u00e4knad l\u00e4stid":"2 minuter"},"schema":{"@context":"https:\/\/schema.org","@graph":[{"@type":"WebPage","@id":"https:\/\/www.posk.se\/skelleftehamn-ursviken\/","url":"https:\/\/www.posk.se\/skelleftehamn-ursviken\/","name":"S:t \u00d6rjans f\u00f6rsamling - Skelleftehamn\/Ursviken","isPartOf":{"@id":"https:\/\/www.posk.se\/skelleftehamn-ursviken\/#website"},"datePublished":"2021-02-02T13:06:01+00:00","dateModified":"2025-08-13T18:20:01+00:00","breadcrumb":{"@id":"https:\/\/www.posk.se\/skelleftehamn-ursviken\/#breadcrumb"},"inLanguage":"sv-SE","potentialAction":[{"@type":"ReadAction","target":["https:\/\/www.posk.se\/skelleftehamn-ursviken\/"]}]},{"@type":"BreadcrumbList","@id":"https:\/\/www.posk.se\/skelleftehamn-ursviken\/#breadcrumb","itemListElement":[{"@type":"ListItem","position":1,"name":"Hem","item":"https:\/\/www.posk.se\/skelleftehamn-ursviken\/"},{"@type":"ListItem","position":2,"name":"S:t \u00d6rjans f\u00f6rsamling"}]},{"@type":"WebSite","@id":"https:\/\/www.posk.se\/skelleftehamn-ursviken\/#website","url":"https:\/\/www.posk.se\/skelleftehamn-ursviken\/","name":"Skelleftehamn\/Ursviken","description":"POSK-grupp i Lule\u00e5 stift","potentialAction":[{"@type":"SearchAction","target":{"@type":"EntryPoint","urlTemplate":"https:\/\/www.posk.se\/skelleftehamn-ursviken\/?s={search_term_string}"},"query-input":{"@type":"PropertyValueSpecification","valueRequired":true,"valueName":"search_term_string"}}],"inLanguage":"sv-SE"}]}},"_links":{"self":[{"href":"https:\/\/www.posk.se\/skelleftehamn-ursviken\/wp-json\/wp\/v2\/pages\/5","targetHints":{"allow":["GET"]}}],"collection":[{"href":"https:\/\/www.posk.se\/skelleftehamn-ursviken\/wp-json\/wp\/v2\/pages"}],"about":[{"href":"https:\/\/www.posk.se\/skelleftehamn-ursviken\/wp-json\/wp\/v2\/types\/page"}],"author":[{"embeddable":true,"href":"https:\/\/www.posk.se\/skelleftehamn-ursviken\/wp-json\/wp\/v2\/users\/91"}],"replies":[{"embeddable":true,"href":"https:\/\/www.posk.se\/skelleftehamn-ursviken\/wp-json\/wp\/v2\/comments?post=5"}],"version-history":[{"count":12,"href":"https:\/\/www.posk.se\/skelleftehamn-ursviken\/wp-json\/wp\/v2\/pages\/5\/revisions"}],"predecessor-version":[{"id":202,"href":"https:\/\/www.posk.se\/skelleftehamn-ursviken\/wp-json\/wp\/v2\/pages\/5\/revisions\/202"}],"wp:attachment":[{"href":"https:\/\/www.posk.se\/skelleftehamn-ursviken\/wp-json\/wp\/v2\/media?parent=5"}],"curies":[{"name":"wp","href":"https:\/\/api.w.org\/{rel}","templated":true}]}}