{"id":390,"date":"2021-06-02T20:32:09","date_gmt":"2021-06-02T18:32:09","guid":{"rendered":"https:\/\/www.posk.se\/skarpnack\/?page_id=390"},"modified":"2026-03-16T16:38:08","modified_gmt":"2026-03-16T15:38:08","slug":"sa-rostar-du","status":"publish","type":"page","link":"https:\/\/www.posk.se\/skarpnack\/sa-rostar-du\/","title":{"rendered":"Kyrkoval 2028"},"content":{"rendered":"<div class=\"mw-heading mw-heading2\">\n<h2 id=\"Organisation\">Organisation<\/h2>\n<\/div>\n<p><a title=\"Kyrkostyrelse\" href=\"https:\/\/sv.wikipedia.org\/wiki\/Kyrkostyrelse\">Kyrkostyrelsen<\/a>\u00a0har det \u00f6vergripande ansvaret f\u00f6r valet, medan\u00a0<a title=\"Stiftsstyrelse\" href=\"https:\/\/sv.wikipedia.org\/wiki\/Stiftsstyrelse\">stiftsstyrelserna<\/a>\u00a0har \u00f6vergripande ansvar f\u00f6r alla val inom respektive\u00a0<a title=\"Stift (kyrkligt f\u00f6rvaltningsomr\u00e5de)\" href=\"https:\/\/sv.wikipedia.org\/wiki\/Stift_(kyrkligt_f%C3%B6rvaltningsomr%C3%A5de)\">stift<\/a>\u00a0samt utbildning av\u00a0<a title=\"Valn\u00e4mnd\" href=\"https:\/\/sv.wikipedia.org\/wiki\/Valn%C3%A4mnd\">valn\u00e4mnderna<\/a>.<sup id=\"cite_ref-FOOTNOTEKyrkoordning202438_kap._1\u20132_\u00a7\u00a7_3-0\" class=\"reference\"><a href=\"https:\/\/sv.wikipedia.org\/wiki\/Kyrkovalet_i_Svenska_kyrkan_2025#cite_note-FOOTNOTEKyrkoordning202438_kap._1%E2%80%932_%C2%A7%C2%A7-3\"><span class=\"cite-bracket\">[<\/span>3<span class=\"cite-bracket\">]<\/span><\/a><\/sup>\u00a0Valn\u00e4mnderna har i sin tur det praktiska ansvaret f\u00f6r genomf\u00f6randet av valet i en\u00a0<a title=\"Svenska kyrkans f\u00f6rsamlingar\" href=\"https:\/\/sv.wikipedia.org\/wiki\/Svenska_kyrkans_f%C3%B6rsamlingar\">f\u00f6rsamling<\/a>\u00a0eller i\u00a0<a title=\"Pastorat\" href=\"https:\/\/sv.wikipedia.org\/wiki\/Pastorat\">pastoratet<\/a>, om f\u00f6rsamlingen ing\u00e5r i ett s\u00e5dant.<sup id=\"cite_ref-FOOTNOTEKyrkoordning202438_kap._3_\u00a7_4-0\" class=\"reference\"><a title=\"\" href=\"https:\/\/sv.wikipedia.org\/wiki\/Kyrkovalet_i_Svenska_kyrkan_2025#cite_note-FOOTNOTEKyrkoordning202438_kap._3_%C2%A7-4\"><span class=\"cite-bracket\">[<\/span>4<span class=\"cite-bracket\">]<\/span><\/a><\/sup>\u00a0Valn\u00e4mnderna utses av kyrkofullm\u00e4ktige f\u00f6r hela mandatperioden.<sup id=\"cite_ref-FOOTNOTEKyrkoordning202438_kap._4_\u00a7_5-0\" class=\"reference\"><a href=\"https:\/\/sv.wikipedia.org\/wiki\/Kyrkovalet_i_Svenska_kyrkan_2025#cite_note-FOOTNOTEKyrkoordning202438_kap._4_%C2%A7-5\"><span class=\"cite-bracket\">[<\/span>5<span class=\"cite-bracket\">]<\/span><\/a><\/sup><\/p>\n<p>Varje f\u00f6rsamling d\u00e4r kyrkofullm\u00e4ktige ska v\u00e4ljas, och varje pastorat, utg\u00f6r en valkrets.<sup id=\"cite_ref-FOOTNOTEKyrkoordning202438_kap._8_\u00a7_6-0\" class=\"reference\"><a href=\"https:\/\/sv.wikipedia.org\/wiki\/Kyrkovalet_i_Svenska_kyrkan_2025#cite_note-FOOTNOTEKyrkoordning202438_kap._8_%C2%A7-6\"><span class=\"cite-bracket\">[<\/span>6<span class=\"cite-bracket\">]<\/span><\/a><\/sup>\u00a0F\u00f6r stiftsfullm\u00e4ktige utg\u00f6rs valkretsarna av en eller flera f\u00f6rsamlingar och\/eller pastorat, och valkretsindelningen ska beslutas av stiftsfullm\u00e4ktige senast 1 februari under val\u00e5ret. Indelningen ska ske p\u00e5 ett s\u00e5nt s\u00e4tt att valkretsarna dels \u00e4r sammanh\u00e4ngande, dels att varje valkrets vid mandatf\u00f6rdelningen tilldelas minst fem fasta valkretsmandat.\u00a0<sup id=\"cite_ref-FOOTNOTEKyrkoordning202438_kap._15_\u00a7_7-0\" class=\"reference\"><a href=\"https:\/\/sv.wikipedia.org\/wiki\/Kyrkovalet_i_Svenska_kyrkan_2025#cite_note-FOOTNOTEKyrkoordning202438_kap._15_%C2%A7-7\"><span class=\"cite-bracket\">[<\/span>7<span class=\"cite-bracket\">]<\/span><\/a><\/sup>\u00a0Vid val till kyrkom\u00f6tet utg\u00f6r varje stift en valkrets.<sup id=\"cite_ref-FOOTNOTEKyrkoordning202438_kap._19_\u00a7_8-0\" class=\"reference\"><a href=\"https:\/\/sv.wikipedia.org\/wiki\/Kyrkovalet_i_Svenska_kyrkan_2025#cite_note-FOOTNOTEKyrkoordning202438_kap._19_%C2%A7-8\"><span class=\"cite-bracket\">[<\/span>8<span class=\"cite-bracket\">]<\/span><\/a><\/sup><\/p>\n<p><a title=\"Valdistrikt\" href=\"https:\/\/sv.wikipedia.org\/wiki\/Valdistrikt\">Valdistrikten<\/a>\u00a0utg\u00f6rs av f\u00f6rsamlingarna om inte stiftsstyrelsen, efter samr\u00e5d med ber\u00f6rd valn\u00e4mnd, beslutat om att en f\u00f6rsamling ska delas i flera valdistrikt.<sup id=\"cite_ref-FOOTNOTEKyrkoordning202438_kap._15_\u00a7_7-1\" class=\"reference\"><a href=\"https:\/\/sv.wikipedia.org\/wiki\/Kyrkovalet_i_Svenska_kyrkan_2025#cite_note-FOOTNOTEKyrkoordning202438_kap._15_%C2%A7-7\"><span class=\"cite-bracket\">[<\/span>7<span class=\"cite-bracket\">]<\/span><\/a><\/sup><\/p>\n","protected":false},"excerpt":{"rendered":"<p>Organisation Kyrkostyrelsen\u00a0har det \u00f6vergripande ansvaret f\u00f6r valet, medan\u00a0stiftsstyrelserna\u00a0har \u00f6vergripande ansvar f\u00f6r alla val inom respektive\u00a0stift\u00a0samt utbildning av\u00a0valn\u00e4mnderna.[3]\u00a0Valn\u00e4mnderna har i sin tur det praktiska ansvaret f\u00f6r genomf\u00f6randet av valet i en\u00a0f\u00f6rsamling\u00a0eller i\u00a0pastoratet, om f\u00f6rsamlingen ing\u00e5r i ett s\u00e5dant.[4]\u00a0Valn\u00e4mnderna utses av kyrkofullm\u00e4ktige f\u00f6r hela mandatperioden.[5] Varje f\u00f6rsamling d\u00e4r kyrkofullm\u00e4ktige ska v\u00e4ljas, och varje pastorat, utg\u00f6r en valkrets.[6]\u00a0F\u00f6r [&hellip;]<\/p>\n","protected":false},"author":1409,"featured_media":226,"parent":0,"menu_order":1,"comment_status":"closed","ping_status":"closed","template":"page-templates\/page-sidebar-left.php","meta":{"_acf_changed":false,"footnotes":""},"class_list":["post-390","page","type-page","status-publish","has-post-thumbnail","hentry"],"acf":[],"yoast_head":"<!-- This site is optimized with the Yoast SEO plugin v24.9 - https:\/\/yoast.com\/wordpress\/plugins\/seo\/ -->\n<title>Kyrkoval 2028 - Skarpn\u00e4ck<\/title>\n<meta name=\"robots\" content=\"index, follow, max-snippet:-1, max-image-preview:large, max-video-preview:-1\" \/>\n<link rel=\"canonical\" href=\"https:\/\/www.posk.se\/skarpnack\/sa-rostar-du\/\" \/>\n<meta property=\"og:locale\" content=\"sv_SE\" \/>\n<meta property=\"og:type\" content=\"article\" \/>\n<meta property=\"og:title\" content=\"Kyrkoval 2028 - Skarpn\u00e4ck\" \/>\n<meta property=\"og:description\" content=\"Organisation Kyrkostyrelsen\u00a0har det \u00f6vergripande ansvaret f\u00f6r valet, medan\u00a0stiftsstyrelserna\u00a0har \u00f6vergripande ansvar f\u00f6r alla val inom respektive\u00a0stift\u00a0samt utbildning av\u00a0valn\u00e4mnderna.[3]\u00a0Valn\u00e4mnderna har i sin tur det praktiska ansvaret f\u00f6r genomf\u00f6randet av valet i en\u00a0f\u00f6rsamling\u00a0eller i\u00a0pastoratet, om f\u00f6rsamlingen ing\u00e5r i ett s\u00e5dant.[4]\u00a0Valn\u00e4mnderna utses av kyrkofullm\u00e4ktige f\u00f6r hela mandatperioden.[5] Varje f\u00f6rsamling d\u00e4r kyrkofullm\u00e4ktige ska v\u00e4ljas, och varje pastorat, utg\u00f6r en valkrets.[6]\u00a0F\u00f6r [&hellip;]\" \/>\n<meta property=\"og:url\" content=\"https:\/\/www.posk.se\/skarpnack\/sa-rostar-du\/\" \/>\n<meta property=\"og:site_name\" content=\"Skarpn\u00e4ck\" \/>\n<meta property=\"article:modified_time\" content=\"2026-03-16T15:38:08+00:00\" \/>\n<meta property=\"og:image\" content=\"https:\/\/www.posk.se\/skarpnack\/wp-content\/uploads\/sites\/144\/2021\/04\/ballonger-kyrkan.jpg\" \/>\n\t<meta property=\"og:image:width\" content=\"750\" \/>\n\t<meta property=\"og:image:height\" content=\"750\" \/>\n\t<meta property=\"og:image:type\" content=\"image\/jpeg\" \/>\n<meta name=\"twitter:card\" content=\"summary_large_image\" \/>\n<meta name=\"twitter:label1\" content=\"Ber\u00e4knad l\u00e4stid\" \/>\n\t<meta name=\"twitter:data1\" content=\"1 minut\" \/>\n<script type=\"application\/ld+json\" class=\"yoast-schema-graph\">{\"@context\":\"https:\/\/schema.org\",\"@graph\":[{\"@type\":\"WebPage\",\"@id\":\"https:\/\/www.posk.se\/skarpnack\/sa-rostar-du\/\",\"url\":\"https:\/\/www.posk.se\/skarpnack\/sa-rostar-du\/\",\"name\":\"Kyrkoval 2028 - Skarpn\u00e4ck\",\"isPartOf\":{\"@id\":\"https:\/\/www.posk.se\/skarpnack\/#website\"},\"primaryImageOfPage\":{\"@id\":\"https:\/\/www.posk.se\/skarpnack\/sa-rostar-du\/#primaryimage\"},\"image\":{\"@id\":\"https:\/\/www.posk.se\/skarpnack\/sa-rostar-du\/#primaryimage\"},\"thumbnailUrl\":\"https:\/\/www.posk.se\/skarpnack\/wp-content\/uploads\/sites\/144\/2021\/04\/ballonger-kyrkan.jpg\",\"datePublished\":\"2021-06-02T18:32:09+00:00\",\"dateModified\":\"2026-03-16T15:38:08+00:00\",\"breadcrumb\":{\"@id\":\"https:\/\/www.posk.se\/skarpnack\/sa-rostar-du\/#breadcrumb\"},\"inLanguage\":\"sv-SE\",\"potentialAction\":[{\"@type\":\"ReadAction\",\"target\":[\"https:\/\/www.posk.se\/skarpnack\/sa-rostar-du\/\"]}]},{\"@type\":\"ImageObject\",\"inLanguage\":\"sv-SE\",\"@id\":\"https:\/\/www.posk.se\/skarpnack\/sa-rostar-du\/#primaryimage\",\"url\":\"https:\/\/www.posk.se\/skarpnack\/wp-content\/uploads\/sites\/144\/2021\/04\/ballonger-kyrkan.jpg\",\"contentUrl\":\"https:\/\/www.posk.se\/skarpnack\/wp-content\/uploads\/sites\/144\/2021\/04\/ballonger-kyrkan.jpg\",\"width\":750,\"height\":750},{\"@type\":\"BreadcrumbList\",\"@id\":\"https:\/\/www.posk.se\/skarpnack\/sa-rostar-du\/#breadcrumb\",\"itemListElement\":[{\"@type\":\"ListItem\",\"position\":1,\"name\":\"Hem\",\"item\":\"https:\/\/www.posk.se\/skarpnack\/\"},{\"@type\":\"ListItem\",\"position\":2,\"name\":\"Kyrkoval 2028\"}]},{\"@type\":\"WebSite\",\"@id\":\"https:\/\/www.posk.se\/skarpnack\/#website\",\"url\":\"https:\/\/www.posk.se\/skarpnack\/\",\"name\":\"Skarpn\u00e4ck\",\"description\":\"POSK-grupp i Stockholms stift\",\"potentialAction\":[{\"@type\":\"SearchAction\",\"target\":{\"@type\":\"EntryPoint\",\"urlTemplate\":\"https:\/\/www.posk.se\/skarpnack\/?s={search_term_string}\"},\"query-input\":{\"@type\":\"PropertyValueSpecification\",\"valueRequired\":true,\"valueName\":\"search_term_string\"}}],\"inLanguage\":\"sv-SE\"}]}<\/script>\n<!-- \/ Yoast SEO plugin. -->","yoast_head_json":{"title":"Kyrkoval 2028 - Skarpn\u00e4ck","robots":{"index":"index","follow":"follow","max-snippet":"max-snippet:-1","max-image-preview":"max-image-preview:large","max-video-preview":"max-video-preview:-1"},"canonical":"https:\/\/www.posk.se\/skarpnack\/sa-rostar-du\/","og_locale":"sv_SE","og_type":"article","og_title":"Kyrkoval 2028 - Skarpn\u00e4ck","og_description":"Organisation Kyrkostyrelsen\u00a0har det \u00f6vergripande ansvaret f\u00f6r valet, medan\u00a0stiftsstyrelserna\u00a0har \u00f6vergripande ansvar f\u00f6r alla val inom respektive\u00a0stift\u00a0samt utbildning av\u00a0valn\u00e4mnderna.[3]\u00a0Valn\u00e4mnderna har i sin tur det praktiska ansvaret f\u00f6r genomf\u00f6randet av valet i en\u00a0f\u00f6rsamling\u00a0eller i\u00a0pastoratet, om f\u00f6rsamlingen ing\u00e5r i ett s\u00e5dant.[4]\u00a0Valn\u00e4mnderna utses av kyrkofullm\u00e4ktige f\u00f6r hela mandatperioden.[5] Varje f\u00f6rsamling d\u00e4r kyrkofullm\u00e4ktige ska v\u00e4ljas, och varje pastorat, utg\u00f6r en valkrets.[6]\u00a0F\u00f6r [&hellip;]","og_url":"https:\/\/www.posk.se\/skarpnack\/sa-rostar-du\/","og_site_name":"Skarpn\u00e4ck","article_modified_time":"2026-03-16T15:38:08+00:00","og_image":[{"width":750,"height":750,"url":"https:\/\/www.posk.se\/skarpnack\/wp-content\/uploads\/sites\/144\/2021\/04\/ballonger-kyrkan.jpg","type":"image\/jpeg"}],"twitter_card":"summary_large_image","twitter_misc":{"Ber\u00e4knad l\u00e4stid":"1 minut"},"schema":{"@context":"https:\/\/schema.org","@graph":[{"@type":"WebPage","@id":"https:\/\/www.posk.se\/skarpnack\/sa-rostar-du\/","url":"https:\/\/www.posk.se\/skarpnack\/sa-rostar-du\/","name":"Kyrkoval 2028 - Skarpn\u00e4ck","isPartOf":{"@id":"https:\/\/www.posk.se\/skarpnack\/#website"},"primaryImageOfPage":{"@id":"https:\/\/www.posk.se\/skarpnack\/sa-rostar-du\/#primaryimage"},"image":{"@id":"https:\/\/www.posk.se\/skarpnack\/sa-rostar-du\/#primaryimage"},"thumbnailUrl":"https:\/\/www.posk.se\/skarpnack\/wp-content\/uploads\/sites\/144\/2021\/04\/ballonger-kyrkan.jpg","datePublished":"2021-06-02T18:32:09+00:00","dateModified":"2026-03-16T15:38:08+00:00","breadcrumb":{"@id":"https:\/\/www.posk.se\/skarpnack\/sa-rostar-du\/#breadcrumb"},"inLanguage":"sv-SE","potentialAction":[{"@type":"ReadAction","target":["https:\/\/www.posk.se\/skarpnack\/sa-rostar-du\/"]}]},{"@type":"ImageObject","inLanguage":"sv-SE","@id":"https:\/\/www.posk.se\/skarpnack\/sa-rostar-du\/#primaryimage","url":"https:\/\/www.posk.se\/skarpnack\/wp-content\/uploads\/sites\/144\/2021\/04\/ballonger-kyrkan.jpg","contentUrl":"https:\/\/www.posk.se\/skarpnack\/wp-content\/uploads\/sites\/144\/2021\/04\/ballonger-kyrkan.jpg","width":750,"height":750},{"@type":"BreadcrumbList","@id":"https:\/\/www.posk.se\/skarpnack\/sa-rostar-du\/#breadcrumb","itemListElement":[{"@type":"ListItem","position":1,"name":"Hem","item":"https:\/\/www.posk.se\/skarpnack\/"},{"@type":"ListItem","position":2,"name":"Kyrkoval 2028"}]},{"@type":"WebSite","@id":"https:\/\/www.posk.se\/skarpnack\/#website","url":"https:\/\/www.posk.se\/skarpnack\/","name":"Skarpn\u00e4ck","description":"POSK-grupp i Stockholms stift","potentialAction":[{"@type":"SearchAction","target":{"@type":"EntryPoint","urlTemplate":"https:\/\/www.posk.se\/skarpnack\/?s={search_term_string}"},"query-input":{"@type":"PropertyValueSpecification","valueRequired":true,"valueName":"search_term_string"}}],"inLanguage":"sv-SE"}]}},"_links":{"self":[{"href":"https:\/\/www.posk.se\/skarpnack\/wp-json\/wp\/v2\/pages\/390","targetHints":{"allow":["GET"]}}],"collection":[{"href":"https:\/\/www.posk.se\/skarpnack\/wp-json\/wp\/v2\/pages"}],"about":[{"href":"https:\/\/www.posk.se\/skarpnack\/wp-json\/wp\/v2\/types\/page"}],"author":[{"embeddable":true,"href":"https:\/\/www.posk.se\/skarpnack\/wp-json\/wp\/v2\/users\/1409"}],"replies":[{"embeddable":true,"href":"https:\/\/www.posk.se\/skarpnack\/wp-json\/wp\/v2\/comments?post=390"}],"version-history":[{"count":45,"href":"https:\/\/www.posk.se\/skarpnack\/wp-json\/wp\/v2\/pages\/390\/revisions"}],"predecessor-version":[{"id":899,"href":"https:\/\/www.posk.se\/skarpnack\/wp-json\/wp\/v2\/pages\/390\/revisions\/899"}],"wp:featuredmedia":[{"embeddable":true,"href":"https:\/\/www.posk.se\/skarpnack\/wp-json\/wp\/v2\/media\/226"}],"wp:attachment":[{"href":"https:\/\/www.posk.se\/skarpnack\/wp-json\/wp\/v2\/media?parent=390"}],"curies":[{"name":"wp","href":"https:\/\/api.w.org\/{rel}","templated":true}]}}