{"id":242,"date":"2017-09-05T21:25:53","date_gmt":"2017-09-05T19:25:53","guid":{"rendered":"https:\/\/www.posk.se\/skarastift\/?page_id=242"},"modified":"2025-09-18T20:39:41","modified_gmt":"2025-09-18T18:39:41","slug":"debattinlagg","status":"publish","type":"page","link":"https:\/\/www.posk.se\/skarastift\/debattinlagg\/","title":{"rendered":"Debattinl\u00e4gg"},"content":{"rendered":"<h1 class=\"article__title txt-headline txt-headline-4 txt-headline-6--large\"><span class=\"prose-title txt-light txt-light-4 txt-light-6--large txt-headline--regular\" style=\"color: #000000\">R\u00f6sta f\u00f6r en kyrka fri fr\u00e5n partipolitik<\/span><\/h1>\n<p>Ins\u00e4ndare publicerat i BT 2025-09-18<\/p>\n<p><a href=\"https:\/\/www.bt.se\/insandare\/rosta-for-en-kyrka-fri-fran-partipolitik\/\">https:\/\/www.bt.se\/insandare\/rosta-for-en-kyrka-fri-fran-partipolitik\/<\/a><\/p>\n<h1><span style=\"color: #000000\">L\u00e5t kyrkan vara kyrka!<\/span><\/h1>\n<p>Ins\u00e4ndare publicerat i SLA 2025-09-08<\/p>\n<p><a href=\"https:\/\/www.sla.se\/2025\/09\/08\/lat-kyrkan-vara-kyrka-054af\/?fbclid=IwY2xjawMtaXpleHRuA2FlbQIxMQABHusJL81yFEfIJG-3MbRAeoKeAhFvHGMVXu7010luBEPSDb8PRZCY3kkXKP28_aem_KioyZkvCVoxrAkd177pmQw\">https:\/\/www.sla.se\/2025\/09\/08\/lat-kyrkan-vara-kyrka-054af\/?fbclid=IwY2xjawMtaXpleHRuA2FlbQIxMQABHusJL81yFEfIJG-3MbRAeoKeAhFvHGMVXu7010luBEPSDb8PRZCY3kkXKP28_aem_KioyZkvCVoxrAkd177pmQw<\/a><\/p>\n<h1 class=\"post-title debatt \"><span style=\"color: #000000\">Vi \u00e4r stolta \u00f6ver Svenska kyrkan!<\/span><\/h1>\n<p>Debattinl\u00e4gg publicerat i Falk\u00f6pings Tidning, Skaraborgs l\u00e4ns tidning, SLA samt Kyrkans Tidning.<\/p>\n<p>Augusti\/september 2025<\/p>\n<p><a href=\"https:\/\/www.kyrkanstidning.se\/debatt\/vi-ar-stolta-over-svenska-kyrkan\">https:\/\/www.kyrkanstidning.se\/debatt\/vi-ar-stolta-over-svenska-kyrkan<\/a><\/p>\n<p>&nbsp;<\/p>\n","protected":false},"excerpt":{"rendered":"<p>R\u00f6sta f\u00f6r en kyrka fri fr\u00e5n partipolitik Ins\u00e4ndare publicerat i BT 2025-09-18 https:\/\/www.bt.se\/insandare\/rosta-for-en-kyrka-fri-fran-partipolitik\/ L\u00e5t kyrkan vara kyrka! Ins\u00e4ndare publicerat i SLA 2025-09-08 https:\/\/www.sla.se\/2025\/09\/08\/lat-kyrkan-vara-kyrka-054af\/?fbclid=IwY2xjawMtaXpleHRuA2FlbQIxMQABHusJL81yFEfIJG-3MbRAeoKeAhFvHGMVXu7010luBEPSDb8PRZCY3kkXKP28_aem_KioyZkvCVoxrAkd177pmQw Vi \u00e4r stolta \u00f6ver Svenska kyrkan! Debattinl\u00e4gg publicerat i Falk\u00f6pings Tidning, Skaraborgs l\u00e4ns tidning, SLA samt Kyrkans Tidning. Augusti\/september 2025 https:\/\/www.kyrkanstidning.se\/debatt\/vi-ar-stolta-over-svenska-kyrkan &nbsp;<\/p>\n","protected":false},"author":105,"featured_media":0,"parent":0,"menu_order":1,"comment_status":"closed","ping_status":"closed","template":"page-templates\/page-sidebar-left.php","meta":{"_acf_changed":false,"footnotes":""},"class_list":["post-242","page","type-page","status-publish","hentry"],"acf":[],"yoast_head":"<!-- This site is optimized with the Yoast SEO plugin v24.9 - https:\/\/yoast.com\/wordpress\/plugins\/seo\/ -->\n<title>Debattinl\u00e4gg - STIFTSF\u00d6RENING Skara<\/title>\n<meta name=\"robots\" content=\"index, follow, max-snippet:-1, max-image-preview:large, max-video-preview:-1\" \/>\n<link rel=\"canonical\" href=\"https:\/\/www.posk.se\/skarastift\/debattinlagg\/\" \/>\n<meta property=\"og:locale\" content=\"sv_SE\" \/>\n<meta property=\"og:type\" content=\"article\" \/>\n<meta property=\"og:title\" content=\"Debattinl\u00e4gg - STIFTSF\u00d6RENING Skara\" \/>\n<meta property=\"og:description\" content=\"R\u00f6sta f\u00f6r en kyrka fri fr\u00e5n partipolitik Ins\u00e4ndare publicerat i BT 2025-09-18 https:\/\/www.bt.se\/insandare\/rosta-for-en-kyrka-fri-fran-partipolitik\/ L\u00e5t kyrkan vara kyrka! Ins\u00e4ndare publicerat i SLA 2025-09-08 https:\/\/www.sla.se\/2025\/09\/08\/lat-kyrkan-vara-kyrka-054af\/?fbclid=IwY2xjawMtaXpleHRuA2FlbQIxMQABHusJL81yFEfIJG-3MbRAeoKeAhFvHGMVXu7010luBEPSDb8PRZCY3kkXKP28_aem_KioyZkvCVoxrAkd177pmQw Vi \u00e4r stolta \u00f6ver Svenska kyrkan! Debattinl\u00e4gg publicerat i Falk\u00f6pings Tidning, Skaraborgs l\u00e4ns tidning, SLA samt Kyrkans Tidning. Augusti\/september 2025 https:\/\/www.kyrkanstidning.se\/debatt\/vi-ar-stolta-over-svenska-kyrkan &nbsp;\" \/>\n<meta property=\"og:url\" content=\"https:\/\/www.posk.se\/skarastift\/debattinlagg\/\" \/>\n<meta property=\"og:site_name\" content=\"STIFTSF\u00d6RENING Skara\" \/>\n<meta property=\"article:modified_time\" content=\"2025-09-18T18:39:41+00:00\" \/>\n<meta name=\"twitter:card\" content=\"summary_large_image\" \/>\n<meta name=\"twitter:label1\" content=\"Ber\u00e4knad l\u00e4stid\" \/>\n\t<meta name=\"twitter:data1\" content=\"1 minut\" \/>\n<script type=\"application\/ld+json\" class=\"yoast-schema-graph\">{\"@context\":\"https:\/\/schema.org\",\"@graph\":[{\"@type\":\"WebPage\",\"@id\":\"https:\/\/www.posk.se\/skarastift\/debattinlagg\/\",\"url\":\"https:\/\/www.posk.se\/skarastift\/debattinlagg\/\",\"name\":\"Debattinl\u00e4gg - STIFTSF\u00d6RENING Skara\",\"isPartOf\":{\"@id\":\"https:\/\/www.posk.se\/skarastift\/#website\"},\"datePublished\":\"2017-09-05T19:25:53+00:00\",\"dateModified\":\"2025-09-18T18:39:41+00:00\",\"breadcrumb\":{\"@id\":\"https:\/\/www.posk.se\/skarastift\/debattinlagg\/#breadcrumb\"},\"inLanguage\":\"sv-SE\",\"potentialAction\":[{\"@type\":\"ReadAction\",\"target\":[\"https:\/\/www.posk.se\/skarastift\/debattinlagg\/\"]}]},{\"@type\":\"BreadcrumbList\",\"@id\":\"https:\/\/www.posk.se\/skarastift\/debattinlagg\/#breadcrumb\",\"itemListElement\":[{\"@type\":\"ListItem\",\"position\":1,\"name\":\"Hem\",\"item\":\"https:\/\/www.posk.se\/skarastift\/\"},{\"@type\":\"ListItem\",\"position\":2,\"name\":\"Debattinl\u00e4gg\"}]},{\"@type\":\"WebSite\",\"@id\":\"https:\/\/www.posk.se\/skarastift\/#website\",\"url\":\"https:\/\/www.posk.se\/skarastift\/\",\"name\":\"STIFTSF\u00d6RENING Skara\",\"description\":\"Stiftsf\u00f6reningen f\u00f6r POSK i Skara stift\",\"potentialAction\":[{\"@type\":\"SearchAction\",\"target\":{\"@type\":\"EntryPoint\",\"urlTemplate\":\"https:\/\/www.posk.se\/skarastift\/?s={search_term_string}\"},\"query-input\":{\"@type\":\"PropertyValueSpecification\",\"valueRequired\":true,\"valueName\":\"search_term_string\"}}],\"inLanguage\":\"sv-SE\"}]}<\/script>\n<!-- \/ Yoast SEO plugin. -->","yoast_head_json":{"title":"Debattinl\u00e4gg - STIFTSF\u00d6RENING Skara","robots":{"index":"index","follow":"follow","max-snippet":"max-snippet:-1","max-image-preview":"max-image-preview:large","max-video-preview":"max-video-preview:-1"},"canonical":"https:\/\/www.posk.se\/skarastift\/debattinlagg\/","og_locale":"sv_SE","og_type":"article","og_title":"Debattinl\u00e4gg - STIFTSF\u00d6RENING Skara","og_description":"R\u00f6sta f\u00f6r en kyrka fri fr\u00e5n partipolitik Ins\u00e4ndare publicerat i BT 2025-09-18 https:\/\/www.bt.se\/insandare\/rosta-for-en-kyrka-fri-fran-partipolitik\/ L\u00e5t kyrkan vara kyrka! Ins\u00e4ndare publicerat i SLA 2025-09-08 https:\/\/www.sla.se\/2025\/09\/08\/lat-kyrkan-vara-kyrka-054af\/?fbclid=IwY2xjawMtaXpleHRuA2FlbQIxMQABHusJL81yFEfIJG-3MbRAeoKeAhFvHGMVXu7010luBEPSDb8PRZCY3kkXKP28_aem_KioyZkvCVoxrAkd177pmQw Vi \u00e4r stolta \u00f6ver Svenska kyrkan! Debattinl\u00e4gg publicerat i Falk\u00f6pings Tidning, Skaraborgs l\u00e4ns tidning, SLA samt Kyrkans Tidning. Augusti\/september 2025 https:\/\/www.kyrkanstidning.se\/debatt\/vi-ar-stolta-over-svenska-kyrkan &nbsp;","og_url":"https:\/\/www.posk.se\/skarastift\/debattinlagg\/","og_site_name":"STIFTSF\u00d6RENING Skara","article_modified_time":"2025-09-18T18:39:41+00:00","twitter_card":"summary_large_image","twitter_misc":{"Ber\u00e4knad l\u00e4stid":"1 minut"},"schema":{"@context":"https:\/\/schema.org","@graph":[{"@type":"WebPage","@id":"https:\/\/www.posk.se\/skarastift\/debattinlagg\/","url":"https:\/\/www.posk.se\/skarastift\/debattinlagg\/","name":"Debattinl\u00e4gg - STIFTSF\u00d6RENING Skara","isPartOf":{"@id":"https:\/\/www.posk.se\/skarastift\/#website"},"datePublished":"2017-09-05T19:25:53+00:00","dateModified":"2025-09-18T18:39:41+00:00","breadcrumb":{"@id":"https:\/\/www.posk.se\/skarastift\/debattinlagg\/#breadcrumb"},"inLanguage":"sv-SE","potentialAction":[{"@type":"ReadAction","target":["https:\/\/www.posk.se\/skarastift\/debattinlagg\/"]}]},{"@type":"BreadcrumbList","@id":"https:\/\/www.posk.se\/skarastift\/debattinlagg\/#breadcrumb","itemListElement":[{"@type":"ListItem","position":1,"name":"Hem","item":"https:\/\/www.posk.se\/skarastift\/"},{"@type":"ListItem","position":2,"name":"Debattinl\u00e4gg"}]},{"@type":"WebSite","@id":"https:\/\/www.posk.se\/skarastift\/#website","url":"https:\/\/www.posk.se\/skarastift\/","name":"STIFTSF\u00d6RENING Skara","description":"Stiftsf\u00f6reningen f\u00f6r POSK i Skara stift","potentialAction":[{"@type":"SearchAction","target":{"@type":"EntryPoint","urlTemplate":"https:\/\/www.posk.se\/skarastift\/?s={search_term_string}"},"query-input":{"@type":"PropertyValueSpecification","valueRequired":true,"valueName":"search_term_string"}}],"inLanguage":"sv-SE"}]}},"_links":{"self":[{"href":"https:\/\/www.posk.se\/skarastift\/wp-json\/wp\/v2\/pages\/242","targetHints":{"allow":["GET"]}}],"collection":[{"href":"https:\/\/www.posk.se\/skarastift\/wp-json\/wp\/v2\/pages"}],"about":[{"href":"https:\/\/www.posk.se\/skarastift\/wp-json\/wp\/v2\/types\/page"}],"author":[{"embeddable":true,"href":"https:\/\/www.posk.se\/skarastift\/wp-json\/wp\/v2\/users\/105"}],"replies":[{"embeddable":true,"href":"https:\/\/www.posk.se\/skarastift\/wp-json\/wp\/v2\/comments?post=242"}],"version-history":[{"count":29,"href":"https:\/\/www.posk.se\/skarastift\/wp-json\/wp\/v2\/pages\/242\/revisions"}],"predecessor-version":[{"id":1363,"href":"https:\/\/www.posk.se\/skarastift\/wp-json\/wp\/v2\/pages\/242\/revisions\/1363"}],"wp:attachment":[{"href":"https:\/\/www.posk.se\/skarastift\/wp-json\/wp\/v2\/media?parent=242"}],"curies":[{"name":"wp","href":"https:\/\/api.w.org\/{rel}","templated":true}]}}