{"id":20,"date":"2024-10-06T19:10:26","date_gmt":"2024-10-06T17:10:26","guid":{"rendered":"https:\/\/www.posk.se\/sigtuna\/?page_id=20"},"modified":"2024-11-06T18:42:16","modified_gmt":"2024-11-06T17:42:16","slug":"startsidan-2","status":"publish","type":"page","link":"https:\/\/www.posk.se\/sigtuna\/","title":{"rendered":"Sigtuna f\u00f6rsamling"},"content":{"rendered":"<p>POSK i Sigtunas styrelse best\u00e5r av f\u00f6ljande personer:<\/p>\n<p>Roger Svensson, ordf\u00f6rande<\/p>\n<p>Patrik Lundin, vice ordf\u00f6rande<\/p>\n<p>Christina Hallberg, sekreterare<\/p>\n<p>Elisabet Bonnevier, ledamot<\/p>\n<p>Elisabeth Brandell, ledamot<\/p>\n<p>Stefan Hammarb\u00e4ck, ledamot<\/p>\n<p>Bj\u00f6rn Swartling, ledamot<\/p>\n<div>\n<p>&nbsp;<\/p>\n<p>Kontakt: Christina Hallberg, christina.hallberg@hotmail.se<\/p>\n<p><em>Webbsidan uppdaterad oktober 2024.\u00a0<\/em><\/p>\n<\/div>\n","protected":false},"excerpt":{"rendered":"<p>POSK i Sigtunas styrelse best\u00e5r av f\u00f6ljande personer: Roger Svensson, ordf\u00f6rande Patrik Lundin, vice ordf\u00f6rande Christina Hallberg, sekreterare Elisabet Bonnevier, ledamot Elisabeth Brandell, ledamot Stefan Hammarb\u00e4ck, ledamot Bj\u00f6rn Swartling, ledamot &nbsp; Kontakt: Christina Hallberg, christina.hallberg@hotmail.se Webbsidan uppdaterad oktober 2024.\u00a0<\/p>\n","protected":false},"author":1,"featured_media":0,"parent":0,"menu_order":0,"comment_status":"closed","ping_status":"closed","template":"","meta":{"_acf_changed":false,"footnotes":""},"class_list":["post-20","page","type-page","status-publish","hentry"],"acf":[],"yoast_head":"<!-- This site is optimized with the Yoast SEO plugin v24.9 - https:\/\/yoast.com\/wordpress\/plugins\/seo\/ -->\n<title>Sigtuna f\u00f6rsamling - Sigtuna<\/title>\n<meta name=\"robots\" content=\"index, follow, max-snippet:-1, max-image-preview:large, max-video-preview:-1\" \/>\n<link rel=\"canonical\" href=\"https:\/\/www.posk.se\/sigtuna\/\" \/>\n<meta property=\"og:locale\" content=\"sv_SE\" \/>\n<meta property=\"og:type\" content=\"article\" \/>\n<meta property=\"og:title\" content=\"Sigtuna f\u00f6rsamling - Sigtuna\" \/>\n<meta property=\"og:description\" content=\"POSK i Sigtunas styrelse best\u00e5r av f\u00f6ljande personer: Roger Svensson, ordf\u00f6rande Patrik Lundin, vice ordf\u00f6rande Christina Hallberg, sekreterare Elisabet Bonnevier, ledamot Elisabeth Brandell, ledamot Stefan Hammarb\u00e4ck, ledamot Bj\u00f6rn Swartling, ledamot &nbsp; Kontakt: Christina Hallberg, christina.hallberg@hotmail.se Webbsidan uppdaterad oktober 2024.\u00a0\" \/>\n<meta property=\"og:url\" content=\"https:\/\/www.posk.se\/sigtuna\/\" \/>\n<meta property=\"og:site_name\" content=\"Sigtuna\" \/>\n<meta property=\"article:modified_time\" content=\"2024-11-06T17:42:16+00:00\" \/>\n<meta name=\"twitter:card\" content=\"summary_large_image\" \/>\n<meta name=\"twitter:label1\" content=\"Ber\u00e4knad l\u00e4stid\" \/>\n\t<meta name=\"twitter:data1\" content=\"1 minut\" \/>\n<script type=\"application\/ld+json\" class=\"yoast-schema-graph\">{\"@context\":\"https:\/\/schema.org\",\"@graph\":[{\"@type\":\"WebPage\",\"@id\":\"https:\/\/www.posk.se\/sigtuna\/\",\"url\":\"https:\/\/www.posk.se\/sigtuna\/\",\"name\":\"Sigtuna f\u00f6rsamling - Sigtuna\",\"isPartOf\":{\"@id\":\"https:\/\/www.posk.se\/sigtuna\/#website\"},\"datePublished\":\"2024-10-06T17:10:26+00:00\",\"dateModified\":\"2024-11-06T17:42:16+00:00\",\"breadcrumb\":{\"@id\":\"https:\/\/www.posk.se\/sigtuna\/#breadcrumb\"},\"inLanguage\":\"sv-SE\",\"potentialAction\":[{\"@type\":\"ReadAction\",\"target\":[\"https:\/\/www.posk.se\/sigtuna\/\"]}]},{\"@type\":\"BreadcrumbList\",\"@id\":\"https:\/\/www.posk.se\/sigtuna\/#breadcrumb\",\"itemListElement\":[{\"@type\":\"ListItem\",\"position\":1,\"name\":\"Hem\",\"item\":\"https:\/\/www.posk.se\/sigtuna\/\"},{\"@type\":\"ListItem\",\"position\":2,\"name\":\"Sigtuna f\u00f6rsamling\"}]},{\"@type\":\"WebSite\",\"@id\":\"https:\/\/www.posk.se\/sigtuna\/#website\",\"url\":\"https:\/\/www.posk.se\/sigtuna\/\",\"name\":\"Sigtuna\",\"description\":\"POSK-grupp i Uppsala stift\",\"potentialAction\":[{\"@type\":\"SearchAction\",\"target\":{\"@type\":\"EntryPoint\",\"urlTemplate\":\"https:\/\/www.posk.se\/sigtuna\/?s={search_term_string}\"},\"query-input\":{\"@type\":\"PropertyValueSpecification\",\"valueRequired\":true,\"valueName\":\"search_term_string\"}}],\"inLanguage\":\"sv-SE\"}]}<\/script>\n<!-- \/ Yoast SEO plugin. -->","yoast_head_json":{"title":"Sigtuna f\u00f6rsamling - Sigtuna","robots":{"index":"index","follow":"follow","max-snippet":"max-snippet:-1","max-image-preview":"max-image-preview:large","max-video-preview":"max-video-preview:-1"},"canonical":"https:\/\/www.posk.se\/sigtuna\/","og_locale":"sv_SE","og_type":"article","og_title":"Sigtuna f\u00f6rsamling - Sigtuna","og_description":"POSK i Sigtunas styrelse best\u00e5r av f\u00f6ljande personer: Roger Svensson, ordf\u00f6rande Patrik Lundin, vice ordf\u00f6rande Christina Hallberg, sekreterare Elisabet Bonnevier, ledamot Elisabeth Brandell, ledamot Stefan Hammarb\u00e4ck, ledamot Bj\u00f6rn Swartling, ledamot &nbsp; Kontakt: Christina Hallberg, christina.hallberg@hotmail.se Webbsidan uppdaterad oktober 2024.\u00a0","og_url":"https:\/\/www.posk.se\/sigtuna\/","og_site_name":"Sigtuna","article_modified_time":"2024-11-06T17:42:16+00:00","twitter_card":"summary_large_image","twitter_misc":{"Ber\u00e4knad l\u00e4stid":"1 minut"},"schema":{"@context":"https:\/\/schema.org","@graph":[{"@type":"WebPage","@id":"https:\/\/www.posk.se\/sigtuna\/","url":"https:\/\/www.posk.se\/sigtuna\/","name":"Sigtuna f\u00f6rsamling - Sigtuna","isPartOf":{"@id":"https:\/\/www.posk.se\/sigtuna\/#website"},"datePublished":"2024-10-06T17:10:26+00:00","dateModified":"2024-11-06T17:42:16+00:00","breadcrumb":{"@id":"https:\/\/www.posk.se\/sigtuna\/#breadcrumb"},"inLanguage":"sv-SE","potentialAction":[{"@type":"ReadAction","target":["https:\/\/www.posk.se\/sigtuna\/"]}]},{"@type":"BreadcrumbList","@id":"https:\/\/www.posk.se\/sigtuna\/#breadcrumb","itemListElement":[{"@type":"ListItem","position":1,"name":"Hem","item":"https:\/\/www.posk.se\/sigtuna\/"},{"@type":"ListItem","position":2,"name":"Sigtuna f\u00f6rsamling"}]},{"@type":"WebSite","@id":"https:\/\/www.posk.se\/sigtuna\/#website","url":"https:\/\/www.posk.se\/sigtuna\/","name":"Sigtuna","description":"POSK-grupp i Uppsala stift","potentialAction":[{"@type":"SearchAction","target":{"@type":"EntryPoint","urlTemplate":"https:\/\/www.posk.se\/sigtuna\/?s={search_term_string}"},"query-input":{"@type":"PropertyValueSpecification","valueRequired":true,"valueName":"search_term_string"}}],"inLanguage":"sv-SE"}]}},"_links":{"self":[{"href":"https:\/\/www.posk.se\/sigtuna\/wp-json\/wp\/v2\/pages\/20","targetHints":{"allow":["GET"]}}],"collection":[{"href":"https:\/\/www.posk.se\/sigtuna\/wp-json\/wp\/v2\/pages"}],"about":[{"href":"https:\/\/www.posk.se\/sigtuna\/wp-json\/wp\/v2\/types\/page"}],"author":[{"embeddable":true,"href":"https:\/\/www.posk.se\/sigtuna\/wp-json\/wp\/v2\/users\/1"}],"replies":[{"embeddable":true,"href":"https:\/\/www.posk.se\/sigtuna\/wp-json\/wp\/v2\/comments?post=20"}],"version-history":[{"count":52,"href":"https:\/\/www.posk.se\/sigtuna\/wp-json\/wp\/v2\/pages\/20\/revisions"}],"predecessor-version":[{"id":262,"href":"https:\/\/www.posk.se\/sigtuna\/wp-json\/wp\/v2\/pages\/20\/revisions\/262"}],"wp:attachment":[{"href":"https:\/\/www.posk.se\/sigtuna\/wp-json\/wp\/v2\/media?parent=20"}],"curies":[{"name":"wp","href":"https:\/\/api.w.org\/{rel}","templated":true}]}}