{"id":64,"date":"2021-08-25T10:03:13","date_gmt":"2021-08-25T08:03:13","guid":{"rendered":"https:\/\/www.posk.se\/savar-holmon\/?page_id=64"},"modified":"2025-09-08T08:18:50","modified_gmt":"2025-09-08T06:18:50","slug":"kandidatlista","status":"publish","type":"page","link":"https:\/\/www.posk.se\/savar-holmon\/kandidatlista\/","title":{"rendered":"Kandidatlista 2025"},"content":{"rendered":"<h3><span style=\"color: #000080\">H\u00e4r \u00e4r v\u00e5ra kandidater fr\u00e5n S\u00e4var-Holm\u00f6ns f\u00f6rsamling, kyrkovalet 2025<br \/>\n<\/span><\/h3>\n<h3><\/h3>\n<h4><span style=\"color: #000080\">Kyrkofullm\u00e4ktige i S\u00e4var-Holm\u00f6ns f\u00f6rsamling:<\/span><span style=\"color: #808080\"><span style=\"color: #ffffff\"><strong>PaPatrik Stenlund<\/strong>, 48 \u00e5r, civilingenj\u00f6r, S\u00e4var<\/span><\/span><span style=\"color: #ffffff\">.<\/span><\/h4>\n<ol>\n<li><strong>Patrik Stenlund<\/strong>, 52 \u00e5r, Civilingenj\u00f6r, S\u00e4var<\/li>\n<li><strong>Karin \u00d6hman<\/strong>, 53 \u00e5r, Professor, S\u00e4var<\/li>\n<li><strong>Malin Lithner<\/strong>, 48 \u00e5r, F\u00f6rsamlingspedagog, S\u00e4var<\/li>\n<li><strong>Anna Forslund<\/strong>, 48 \u00e5r, Kantor, S\u00e4var<\/li>\n<li><strong>Pasi Peltola<\/strong>, 50 \u00e5r Milj\u00f6samordnare, T\u00e4fte\u00e5<\/li>\n<li><strong>Zakarias Liljemark<\/strong>, 34 \u00e5r, Studerande, S\u00e4var<\/li>\n<li><strong>Johanna Taft\u00f6<\/strong>, 50 \u00e5r, Ekonom, S\u00e4var<\/li>\n<li><strong>Viktoria Nording<\/strong>, 37 \u00e5r. Husmor, Ytterboda<\/li>\n<li><strong>Johanna \u00d6hlund<\/strong>, 48 \u00e5r, Grundskoll\u00e4rare, S\u00e4var<\/li>\n<li><strong>Anna Winblad von Walter<\/strong>, 44 \u00e5r, Sjuksk\u00f6terska, T\u00e4fte\u00e5<\/li>\n<li><strong>Emil\u00a0<\/strong><b>Dj\u00e4rf<\/b>, 37 \u00e5r, Bist\u00e5ndshandl\u00e4ggare, S\u00e4var<\/li>\n<li><strong>Emma Eriksson<\/strong>, 40 \u00e5r, L\u00e4rare i fritidshem, T\u00e4fte\u00e5<\/li>\n<\/ol>\n<p>&nbsp;<\/p>\n<p>&nbsp;<\/p>\n<div>\n<h4><span style=\"color: #000080\">Stiftsfullm\u00e4ktige, s\u00f6dra valkretsen:\u00a0<\/span><\/h4>\n<\/div>\n<div><span style=\"color: #ffffff\">.<\/span> 4. <strong>Karin \u00d6hman<\/strong>, professor, S\u00e4var-Holm\u00f6ns f\u00f6rsamling<\/div>\n<p>&nbsp;<\/p>\n<h4><span style=\"color: #000080\">Kyrkom\u00f6tet fr\u00e5n Lule\u00e5 stift<\/span><\/h4>\n<p>Ingen kandidat<\/p>\n","protected":false},"excerpt":{"rendered":"<p>H\u00e4r \u00e4r v\u00e5ra kandidater fr\u00e5n S\u00e4var-Holm\u00f6ns f\u00f6rsamling, kyrkovalet 2025 Kyrkofullm\u00e4ktige i S\u00e4var-Holm\u00f6ns f\u00f6rsamling:PaPatrik Stenlund, 48 \u00e5r, civilingenj\u00f6r, S\u00e4var. Patrik Stenlund, 52 \u00e5r, Civilingenj\u00f6r, S\u00e4var Karin \u00d6hman, 53 \u00e5r, Professor, S\u00e4var Malin Lithner, 48 \u00e5r, F\u00f6rsamlingspedagog, S\u00e4var Anna Forslund, 48 \u00e5r, Kantor, S\u00e4var Pasi Peltola, 50 \u00e5r Milj\u00f6samordnare, T\u00e4fte\u00e5 Zakarias Liljemark, 34 \u00e5r, Studerande, S\u00e4var Johanna [&hellip;]<\/p>\n","protected":false},"author":54,"featured_media":0,"parent":0,"menu_order":1,"comment_status":"closed","ping_status":"closed","template":"page-templates\/page-sidebar-left.php","meta":{"_acf_changed":false,"footnotes":""},"class_list":["post-64","page","type-page","status-publish","hentry"],"acf":[],"yoast_head":"<!-- This site is optimized with the Yoast SEO plugin v24.9 - https:\/\/yoast.com\/wordpress\/plugins\/seo\/ -->\n<title>Kandidatlista 2025 - S\u00e4var-Holm\u00f6n<\/title>\n<meta name=\"robots\" content=\"index, follow, max-snippet:-1, max-image-preview:large, max-video-preview:-1\" \/>\n<link rel=\"canonical\" href=\"https:\/\/www.posk.se\/savar-holmon\/kandidatlista\/\" \/>\n<meta property=\"og:locale\" content=\"sv_SE\" \/>\n<meta property=\"og:type\" content=\"article\" \/>\n<meta property=\"og:title\" content=\"Kandidatlista 2025 - S\u00e4var-Holm\u00f6n\" \/>\n<meta property=\"og:description\" content=\"H\u00e4r \u00e4r v\u00e5ra kandidater fr\u00e5n S\u00e4var-Holm\u00f6ns f\u00f6rsamling, kyrkovalet 2025 Kyrkofullm\u00e4ktige i S\u00e4var-Holm\u00f6ns f\u00f6rsamling:PaPatrik Stenlund, 48 \u00e5r, civilingenj\u00f6r, S\u00e4var. Patrik Stenlund, 52 \u00e5r, Civilingenj\u00f6r, S\u00e4var Karin \u00d6hman, 53 \u00e5r, Professor, S\u00e4var Malin Lithner, 48 \u00e5r, F\u00f6rsamlingspedagog, S\u00e4var Anna Forslund, 48 \u00e5r, Kantor, S\u00e4var Pasi Peltola, 50 \u00e5r Milj\u00f6samordnare, T\u00e4fte\u00e5 Zakarias Liljemark, 34 \u00e5r, Studerande, S\u00e4var Johanna [&hellip;]\" \/>\n<meta property=\"og:url\" content=\"https:\/\/www.posk.se\/savar-holmon\/kandidatlista\/\" \/>\n<meta property=\"og:site_name\" content=\"S\u00e4var-Holm\u00f6n\" \/>\n<meta property=\"article:modified_time\" content=\"2025-09-08T06:18:50+00:00\" \/>\n<meta name=\"twitter:card\" content=\"summary_large_image\" \/>\n<meta name=\"twitter:label1\" content=\"Ber\u00e4knad l\u00e4stid\" \/>\n\t<meta name=\"twitter:data1\" content=\"1 minut\" \/>\n<script type=\"application\/ld+json\" class=\"yoast-schema-graph\">{\"@context\":\"https:\/\/schema.org\",\"@graph\":[{\"@type\":\"WebPage\",\"@id\":\"https:\/\/www.posk.se\/savar-holmon\/kandidatlista\/\",\"url\":\"https:\/\/www.posk.se\/savar-holmon\/kandidatlista\/\",\"name\":\"Kandidatlista 2025 - S\u00e4var-Holm\u00f6n\",\"isPartOf\":{\"@id\":\"https:\/\/www.posk.se\/savar-holmon\/#website\"},\"datePublished\":\"2021-08-25T08:03:13+00:00\",\"dateModified\":\"2025-09-08T06:18:50+00:00\",\"breadcrumb\":{\"@id\":\"https:\/\/www.posk.se\/savar-holmon\/kandidatlista\/#breadcrumb\"},\"inLanguage\":\"sv-SE\",\"potentialAction\":[{\"@type\":\"ReadAction\",\"target\":[\"https:\/\/www.posk.se\/savar-holmon\/kandidatlista\/\"]}]},{\"@type\":\"BreadcrumbList\",\"@id\":\"https:\/\/www.posk.se\/savar-holmon\/kandidatlista\/#breadcrumb\",\"itemListElement\":[{\"@type\":\"ListItem\",\"position\":1,\"name\":\"Hem\",\"item\":\"https:\/\/www.posk.se\/savar-holmon\/\"},{\"@type\":\"ListItem\",\"position\":2,\"name\":\"Kandidatlista 2025\"}]},{\"@type\":\"WebSite\",\"@id\":\"https:\/\/www.posk.se\/savar-holmon\/#website\",\"url\":\"https:\/\/www.posk.se\/savar-holmon\/\",\"name\":\"S\u00e4var-Holm\u00f6n\",\"description\":\"POSK-grupp i Lule\u00e5 stift\",\"potentialAction\":[{\"@type\":\"SearchAction\",\"target\":{\"@type\":\"EntryPoint\",\"urlTemplate\":\"https:\/\/www.posk.se\/savar-holmon\/?s={search_term_string}\"},\"query-input\":{\"@type\":\"PropertyValueSpecification\",\"valueRequired\":true,\"valueName\":\"search_term_string\"}}],\"inLanguage\":\"sv-SE\"}]}<\/script>\n<!-- \/ Yoast SEO plugin. -->","yoast_head_json":{"title":"Kandidatlista 2025 - S\u00e4var-Holm\u00f6n","robots":{"index":"index","follow":"follow","max-snippet":"max-snippet:-1","max-image-preview":"max-image-preview:large","max-video-preview":"max-video-preview:-1"},"canonical":"https:\/\/www.posk.se\/savar-holmon\/kandidatlista\/","og_locale":"sv_SE","og_type":"article","og_title":"Kandidatlista 2025 - S\u00e4var-Holm\u00f6n","og_description":"H\u00e4r \u00e4r v\u00e5ra kandidater fr\u00e5n S\u00e4var-Holm\u00f6ns f\u00f6rsamling, kyrkovalet 2025 Kyrkofullm\u00e4ktige i S\u00e4var-Holm\u00f6ns f\u00f6rsamling:PaPatrik Stenlund, 48 \u00e5r, civilingenj\u00f6r, S\u00e4var. Patrik Stenlund, 52 \u00e5r, Civilingenj\u00f6r, S\u00e4var Karin \u00d6hman, 53 \u00e5r, Professor, S\u00e4var Malin Lithner, 48 \u00e5r, F\u00f6rsamlingspedagog, S\u00e4var Anna Forslund, 48 \u00e5r, Kantor, S\u00e4var Pasi Peltola, 50 \u00e5r Milj\u00f6samordnare, T\u00e4fte\u00e5 Zakarias Liljemark, 34 \u00e5r, Studerande, S\u00e4var Johanna [&hellip;]","og_url":"https:\/\/www.posk.se\/savar-holmon\/kandidatlista\/","og_site_name":"S\u00e4var-Holm\u00f6n","article_modified_time":"2025-09-08T06:18:50+00:00","twitter_card":"summary_large_image","twitter_misc":{"Ber\u00e4knad l\u00e4stid":"1 minut"},"schema":{"@context":"https:\/\/schema.org","@graph":[{"@type":"WebPage","@id":"https:\/\/www.posk.se\/savar-holmon\/kandidatlista\/","url":"https:\/\/www.posk.se\/savar-holmon\/kandidatlista\/","name":"Kandidatlista 2025 - S\u00e4var-Holm\u00f6n","isPartOf":{"@id":"https:\/\/www.posk.se\/savar-holmon\/#website"},"datePublished":"2021-08-25T08:03:13+00:00","dateModified":"2025-09-08T06:18:50+00:00","breadcrumb":{"@id":"https:\/\/www.posk.se\/savar-holmon\/kandidatlista\/#breadcrumb"},"inLanguage":"sv-SE","potentialAction":[{"@type":"ReadAction","target":["https:\/\/www.posk.se\/savar-holmon\/kandidatlista\/"]}]},{"@type":"BreadcrumbList","@id":"https:\/\/www.posk.se\/savar-holmon\/kandidatlista\/#breadcrumb","itemListElement":[{"@type":"ListItem","position":1,"name":"Hem","item":"https:\/\/www.posk.se\/savar-holmon\/"},{"@type":"ListItem","position":2,"name":"Kandidatlista 2025"}]},{"@type":"WebSite","@id":"https:\/\/www.posk.se\/savar-holmon\/#website","url":"https:\/\/www.posk.se\/savar-holmon\/","name":"S\u00e4var-Holm\u00f6n","description":"POSK-grupp i Lule\u00e5 stift","potentialAction":[{"@type":"SearchAction","target":{"@type":"EntryPoint","urlTemplate":"https:\/\/www.posk.se\/savar-holmon\/?s={search_term_string}"},"query-input":{"@type":"PropertyValueSpecification","valueRequired":true,"valueName":"search_term_string"}}],"inLanguage":"sv-SE"}]}},"_links":{"self":[{"href":"https:\/\/www.posk.se\/savar-holmon\/wp-json\/wp\/v2\/pages\/64","targetHints":{"allow":["GET"]}}],"collection":[{"href":"https:\/\/www.posk.se\/savar-holmon\/wp-json\/wp\/v2\/pages"}],"about":[{"href":"https:\/\/www.posk.se\/savar-holmon\/wp-json\/wp\/v2\/types\/page"}],"author":[{"embeddable":true,"href":"https:\/\/www.posk.se\/savar-holmon\/wp-json\/wp\/v2\/users\/54"}],"replies":[{"embeddable":true,"href":"https:\/\/www.posk.se\/savar-holmon\/wp-json\/wp\/v2\/comments?post=64"}],"version-history":[{"count":27,"href":"https:\/\/www.posk.se\/savar-holmon\/wp-json\/wp\/v2\/pages\/64\/revisions"}],"predecessor-version":[{"id":257,"href":"https:\/\/www.posk.se\/savar-holmon\/wp-json\/wp\/v2\/pages\/64\/revisions\/257"}],"wp:attachment":[{"href":"https:\/\/www.posk.se\/savar-holmon\/wp-json\/wp\/v2\/media?parent=64"}],"curies":[{"name":"wp","href":"https:\/\/api.w.org\/{rel}","templated":true}]}}