{"id":2,"date":"2017-02-20T00:00:05","date_gmt":"2017-02-19T23:00:05","guid":{"rendered":"https:\/\/www.posk.se\/rattvik\/?page_id=2"},"modified":"2025-03-12T15:06:18","modified_gmt":"2025-03-12T14:06:18","slug":"startsidan","status":"publish","type":"page","link":"https:\/\/www.posk.se\/rattvik\/","title":{"rendered":"Startsidan"},"content":{"rendered":"<div class=\"page\" title=\"Page 1\">\n<div class=\"section\">\n<div class=\"layoutArea\">\n<div class=\"column\">\n<p><strong>Kontaktperson:<\/strong><\/p>\n<\/div>\n<\/div>\n<\/div>\n<\/div>\n<p>Harald G\u00f6tlind, Stiftsg\u00e5rden, R\u00e4ttvik<br \/>\n070-206 89 56<br \/>\n<a href=\"mailto:harald.gotlind@svenskakyrkan.se\">harald.gotlind@svenskakyrkan.se<\/a><br \/>\n<a href=\"mailto:harald@gotlind.se\">harald@gotlind.se<\/a><\/p>\n<p>&nbsp;<\/p>\n<p>F\u00f6r information om POSK p\u00e5 riksniv\u00e5, bes\u00f6k g\u00e4rna posk.se eller skicka mail till <a href=\"mailto:info@posk.se\">info@posk.se<\/a><\/p>\n<p>&nbsp;<\/p>\n<h6>Foto: Henrik Riomar, <a href=\"https:\/\/creativecommons.org\/licenses\/by-sa\/3.0\">CC BY-SA 3.0<\/a>, via Wikimedia Commons<\/h6>\n","protected":false},"excerpt":{"rendered":"<p>Kontaktperson: Harald G\u00f6tlind, Stiftsg\u00e5rden, R\u00e4ttvik 070-206 89 56 harald.gotlind@svenskakyrkan.se harald@gotlind.se &nbsp; F\u00f6r information om POSK p\u00e5 riksniv\u00e5, bes\u00f6k g\u00e4rna posk.se eller skicka mail till info@posk.se &nbsp; Foto: Henrik Riomar, CC BY-SA 3.0, via Wikimedia Commons<\/p>\n","protected":false},"author":54,"featured_media":78,"parent":0,"menu_order":0,"comment_status":"closed","ping_status":"open","template":"page-templates\/page-sidebar-left.php","meta":{"_acf_changed":false,"footnotes":""},"class_list":["post-2","page","type-page","status-publish","has-post-thumbnail","hentry"],"acf":[],"yoast_head":"<!-- This site is optimized with the Yoast SEO plugin v24.9 - https:\/\/yoast.com\/wordpress\/plugins\/seo\/ -->\n<title>Startsidan - R\u00e4ttvik<\/title>\n<meta name=\"robots\" content=\"index, follow, max-snippet:-1, max-image-preview:large, max-video-preview:-1\" \/>\n<link rel=\"canonical\" href=\"https:\/\/www.posk.se\/rattvik\/\" \/>\n<meta property=\"og:locale\" content=\"sv_SE\" \/>\n<meta property=\"og:type\" content=\"article\" \/>\n<meta property=\"og:title\" content=\"Startsidan - R\u00e4ttvik\" \/>\n<meta property=\"og:description\" content=\"Kontaktperson: Harald G\u00f6tlind, Stiftsg\u00e5rden, R\u00e4ttvik 070-206 89 56 harald.gotlind@svenskakyrkan.se harald@gotlind.se &nbsp; F\u00f6r information om POSK p\u00e5 riksniv\u00e5, bes\u00f6k g\u00e4rna posk.se eller skicka mail till info@posk.se &nbsp; Foto: Henrik Riomar, CC BY-SA 3.0, via Wikimedia Commons\" \/>\n<meta property=\"og:url\" content=\"https:\/\/www.posk.se\/rattvik\/\" \/>\n<meta property=\"og:site_name\" content=\"R\u00e4ttvik\" \/>\n<meta property=\"article:modified_time\" content=\"2025-03-12T14:06:18+00:00\" \/>\n<meta property=\"og:image\" content=\"https:\/\/www.posk.se\/rattvik\/wp-content\/uploads\/sites\/221\/2025\/03\/rattviks-kyrka-fran-siljan-e1741788327600.jpg\" \/>\n\t<meta property=\"og:image:width\" content=\"1024\" \/>\n\t<meta property=\"og:image:height\" content=\"695\" \/>\n\t<meta property=\"og:image:type\" content=\"image\/jpeg\" \/>\n<meta name=\"twitter:card\" content=\"summary_large_image\" \/>\n<meta name=\"twitter:label1\" content=\"Ber\u00e4knad l\u00e4stid\" \/>\n\t<meta name=\"twitter:data1\" content=\"1 minut\" \/>\n<script type=\"application\/ld+json\" class=\"yoast-schema-graph\">{\"@context\":\"https:\/\/schema.org\",\"@graph\":[{\"@type\":\"WebPage\",\"@id\":\"https:\/\/www.posk.se\/rattvik\/\",\"url\":\"https:\/\/www.posk.se\/rattvik\/\",\"name\":\"Startsidan - R\u00e4ttvik\",\"isPartOf\":{\"@id\":\"https:\/\/www.posk.se\/rattvik\/#website\"},\"primaryImageOfPage\":{\"@id\":\"https:\/\/www.posk.se\/rattvik\/#primaryimage\"},\"image\":{\"@id\":\"https:\/\/www.posk.se\/rattvik\/#primaryimage\"},\"thumbnailUrl\":\"https:\/\/www.posk.se\/rattvik\/wp-content\/uploads\/sites\/221\/2025\/03\/rattviks-kyrka-fran-siljan-e1741788327600.jpg\",\"datePublished\":\"2017-02-19T23:00:05+00:00\",\"dateModified\":\"2025-03-12T14:06:18+00:00\",\"breadcrumb\":{\"@id\":\"https:\/\/www.posk.se\/rattvik\/#breadcrumb\"},\"inLanguage\":\"sv-SE\",\"potentialAction\":[{\"@type\":\"ReadAction\",\"target\":[\"https:\/\/www.posk.se\/rattvik\/\"]}]},{\"@type\":\"ImageObject\",\"inLanguage\":\"sv-SE\",\"@id\":\"https:\/\/www.posk.se\/rattvik\/#primaryimage\",\"url\":\"https:\/\/www.posk.se\/rattvik\/wp-content\/uploads\/sites\/221\/2025\/03\/rattviks-kyrka-fran-siljan-e1741788327600.jpg\",\"contentUrl\":\"https:\/\/www.posk.se\/rattvik\/wp-content\/uploads\/sites\/221\/2025\/03\/rattviks-kyrka-fran-siljan-e1741788327600.jpg\",\"width\":1024,\"height\":695},{\"@type\":\"BreadcrumbList\",\"@id\":\"https:\/\/www.posk.se\/rattvik\/#breadcrumb\",\"itemListElement\":[{\"@type\":\"ListItem\",\"position\":1,\"name\":\"Hem\",\"item\":\"https:\/\/www.posk.se\/rattvik\/\"},{\"@type\":\"ListItem\",\"position\":2,\"name\":\"Startsidan\"}]},{\"@type\":\"WebSite\",\"@id\":\"https:\/\/www.posk.se\/rattvik\/#website\",\"url\":\"https:\/\/www.posk.se\/rattvik\/\",\"name\":\"R\u00e4ttvik\",\"description\":\"POSK-grupp i V\u00e4ster\u00e5s stift\",\"potentialAction\":[{\"@type\":\"SearchAction\",\"target\":{\"@type\":\"EntryPoint\",\"urlTemplate\":\"https:\/\/www.posk.se\/rattvik\/?s={search_term_string}\"},\"query-input\":{\"@type\":\"PropertyValueSpecification\",\"valueRequired\":true,\"valueName\":\"search_term_string\"}}],\"inLanguage\":\"sv-SE\"}]}<\/script>\n<!-- \/ Yoast SEO plugin. -->","yoast_head_json":{"title":"Startsidan - R\u00e4ttvik","robots":{"index":"index","follow":"follow","max-snippet":"max-snippet:-1","max-image-preview":"max-image-preview:large","max-video-preview":"max-video-preview:-1"},"canonical":"https:\/\/www.posk.se\/rattvik\/","og_locale":"sv_SE","og_type":"article","og_title":"Startsidan - R\u00e4ttvik","og_description":"Kontaktperson: Harald G\u00f6tlind, Stiftsg\u00e5rden, R\u00e4ttvik 070-206 89 56 harald.gotlind@svenskakyrkan.se harald@gotlind.se &nbsp; F\u00f6r information om POSK p\u00e5 riksniv\u00e5, bes\u00f6k g\u00e4rna posk.se eller skicka mail till info@posk.se &nbsp; Foto: Henrik Riomar, CC BY-SA 3.0, via Wikimedia Commons","og_url":"https:\/\/www.posk.se\/rattvik\/","og_site_name":"R\u00e4ttvik","article_modified_time":"2025-03-12T14:06:18+00:00","og_image":[{"width":1024,"height":695,"url":"https:\/\/www.posk.se\/rattvik\/wp-content\/uploads\/sites\/221\/2025\/03\/rattviks-kyrka-fran-siljan-e1741788327600.jpg","type":"image\/jpeg"}],"twitter_card":"summary_large_image","twitter_misc":{"Ber\u00e4knad l\u00e4stid":"1 minut"},"schema":{"@context":"https:\/\/schema.org","@graph":[{"@type":"WebPage","@id":"https:\/\/www.posk.se\/rattvik\/","url":"https:\/\/www.posk.se\/rattvik\/","name":"Startsidan - R\u00e4ttvik","isPartOf":{"@id":"https:\/\/www.posk.se\/rattvik\/#website"},"primaryImageOfPage":{"@id":"https:\/\/www.posk.se\/rattvik\/#primaryimage"},"image":{"@id":"https:\/\/www.posk.se\/rattvik\/#primaryimage"},"thumbnailUrl":"https:\/\/www.posk.se\/rattvik\/wp-content\/uploads\/sites\/221\/2025\/03\/rattviks-kyrka-fran-siljan-e1741788327600.jpg","datePublished":"2017-02-19T23:00:05+00:00","dateModified":"2025-03-12T14:06:18+00:00","breadcrumb":{"@id":"https:\/\/www.posk.se\/rattvik\/#breadcrumb"},"inLanguage":"sv-SE","potentialAction":[{"@type":"ReadAction","target":["https:\/\/www.posk.se\/rattvik\/"]}]},{"@type":"ImageObject","inLanguage":"sv-SE","@id":"https:\/\/www.posk.se\/rattvik\/#primaryimage","url":"https:\/\/www.posk.se\/rattvik\/wp-content\/uploads\/sites\/221\/2025\/03\/rattviks-kyrka-fran-siljan-e1741788327600.jpg","contentUrl":"https:\/\/www.posk.se\/rattvik\/wp-content\/uploads\/sites\/221\/2025\/03\/rattviks-kyrka-fran-siljan-e1741788327600.jpg","width":1024,"height":695},{"@type":"BreadcrumbList","@id":"https:\/\/www.posk.se\/rattvik\/#breadcrumb","itemListElement":[{"@type":"ListItem","position":1,"name":"Hem","item":"https:\/\/www.posk.se\/rattvik\/"},{"@type":"ListItem","position":2,"name":"Startsidan"}]},{"@type":"WebSite","@id":"https:\/\/www.posk.se\/rattvik\/#website","url":"https:\/\/www.posk.se\/rattvik\/","name":"R\u00e4ttvik","description":"POSK-grupp i V\u00e4ster\u00e5s stift","potentialAction":[{"@type":"SearchAction","target":{"@type":"EntryPoint","urlTemplate":"https:\/\/www.posk.se\/rattvik\/?s={search_term_string}"},"query-input":{"@type":"PropertyValueSpecification","valueRequired":true,"valueName":"search_term_string"}}],"inLanguage":"sv-SE"}]}},"_links":{"self":[{"href":"https:\/\/www.posk.se\/rattvik\/wp-json\/wp\/v2\/pages\/2","targetHints":{"allow":["GET"]}}],"collection":[{"href":"https:\/\/www.posk.se\/rattvik\/wp-json\/wp\/v2\/pages"}],"about":[{"href":"https:\/\/www.posk.se\/rattvik\/wp-json\/wp\/v2\/types\/page"}],"author":[{"embeddable":true,"href":"https:\/\/www.posk.se\/rattvik\/wp-json\/wp\/v2\/users\/54"}],"replies":[{"embeddable":true,"href":"https:\/\/www.posk.se\/rattvik\/wp-json\/wp\/v2\/comments?post=2"}],"version-history":[{"count":16,"href":"https:\/\/www.posk.se\/rattvik\/wp-json\/wp\/v2\/pages\/2\/revisions"}],"predecessor-version":[{"id":79,"href":"https:\/\/www.posk.se\/rattvik\/wp-json\/wp\/v2\/pages\/2\/revisions\/79"}],"wp:featuredmedia":[{"embeddable":true,"href":"https:\/\/www.posk.se\/rattvik\/wp-json\/wp\/v2\/media\/78"}],"wp:attachment":[{"href":"https:\/\/www.posk.se\/rattvik\/wp-json\/wp\/v2\/media?parent=2"}],"curies":[{"name":"wp","href":"https:\/\/api.w.org\/{rel}","templated":true}]}}