{"id":50,"date":"2025-09-03T20:05:02","date_gmt":"2025-09-03T18:05:02","guid":{"rendered":"https:\/\/www.posk.se\/ranea\/?page_id=50"},"modified":"2025-09-03T20:05:02","modified_gmt":"2025-09-03T18:05:02","slug":"medlemskap","status":"publish","type":"page","link":"https:\/\/www.posk.se\/ranea\/medlemskap\/","title":{"rendered":"Medlemskap"},"content":{"rendered":"<h4 data-start=\"669\" data-end=\"688\">Vem vi \u00e4r<\/h4>\n<p data-start=\"689\" data-end=\"827\">Vi \u00e4r en grupp m\u00e4nniskor i R\u00e5ne\u00e5 som vill v\u00e4rna om en kyrka d\u00e4r tron, gudstj\u00e4nsten och gemenskapen st\u00e5r i centrum \u2013 en kyrka fri fr\u00e5n partipolitik.<\/p>\n<h4 data-start=\"1274\" data-end=\"1308\">Vad g\u00f6r vi i POSK R\u00e5ne\u00e5?<\/h4>\n<ul data-start=\"1309\" data-end=\"1518\">\n<li data-start=\"1309\" data-end=\"1371\">\n<p data-start=\"1311\" data-end=\"1371\">Vi arbetar f\u00f6r gudstj\u00e4nstliv och gemenskap i f\u00f6rsamlingen.<\/p>\n<\/li>\n<li data-start=\"1372\" data-end=\"1447\">\n<p data-start=\"1374\" data-end=\"1447\">Vi deltar i kyrkovalet f\u00f6r att f\u00f6ra fram en partipolitisk obunden r\u00f6st.<\/p>\n<\/li>\n<li data-start=\"1448\" data-end=\"1518\">\n<p data-start=\"1450\" data-end=\"1518\">Vi ordnar samtal, tr\u00e4ffar och m\u00f6ten f\u00f6r dig som vill engagera dig.<\/p>\n<\/li>\n<\/ul>\n<h4 data-start=\"829\" data-end=\"857\">Varf\u00f6r bli medlem?<\/h4>\n<ul data-start=\"858\" data-end=\"1071\">\n<li data-start=\"858\" data-end=\"914\">\n<p data-start=\"860\" data-end=\"914\">Du st\u00f6djer v\u00e5rt arbete f\u00f6r en levande kyrka i R\u00e5ne\u00e5.<\/p>\n<\/li>\n<li data-start=\"915\" data-end=\"970\">\n<p data-start=\"917\" data-end=\"970\">Du blir del av ett n\u00e4tverk av engagerade m\u00e4nniskor.<\/p>\n<\/li>\n<li data-start=\"971\" data-end=\"1040\">\n<p data-start=\"973\" data-end=\"1040\">Du f\u00e5r information om vad som h\u00e4nder i f\u00f6rsamlingen och kan p\u00e5verka POSK:s framtid.<\/p>\n<\/li>\n<li data-start=\"1041\" data-end=\"1071\">\n<p data-start=\"1043\" data-end=\"1071\">Det \u00e4r helt kostnadsfritt.<\/p>\n<\/li>\n<\/ul>\n<h4 data-start=\"1073\" data-end=\"1100\">Hur g\u00e5r det till?<\/h4>\n<p data-start=\"1101\" data-end=\"1272\">Att bli medlem \u00e4r enkelt! Fyll i v\u00e5rt [<a href=\"https:\/\/sv.surveymonkey.com\/r\/RHMSPVX\"><strong data-start=\"1140\" data-end=\"1163\">medlemsformul\u00e4r h\u00e4r<\/strong><\/a>] (l\u00e4nk till formul\u00e4ret\/enk\u00e4t eller e-postadress).<br data-start=\"1213\" data-end=\"1216\" \/>Har du fr\u00e5gor? H\u00f6r av dig p\u00e5 v\u00e5r mejl nedan.<\/p>\n<p>Kontakt<\/p>\n<p>Om du har n\u00e5gra fr\u00e5gor om medlemskapet s\u00e5 \u00e4r du v\u00e4lkommen att kontakta oss via v\u00e5r mejl: poskranea@gmail.com<\/p>\n<p>V\u00e4lkommen att engagera dig i POSK R\u00e5ne\u00e5!<\/p>\n","protected":false},"excerpt":{"rendered":"<p>Vem vi \u00e4r Vi \u00e4r en grupp m\u00e4nniskor i R\u00e5ne\u00e5 som vill v\u00e4rna om en kyrka d\u00e4r tron, gudstj\u00e4nsten och gemenskapen st\u00e5r i centrum \u2013 en kyrka fri fr\u00e5n partipolitik. Vad g\u00f6r vi i POSK R\u00e5ne\u00e5? Vi arbetar f\u00f6r gudstj\u00e4nstliv och gemenskap i f\u00f6rsamlingen. Vi deltar i kyrkovalet f\u00f6r att f\u00f6ra fram en partipolitisk obunden [&hellip;]<\/p>\n","protected":false},"author":1718,"featured_media":0,"parent":0,"menu_order":4,"comment_status":"closed","ping_status":"closed","template":"page-templates\/page-sidebar-left.php","meta":{"_acf_changed":false,"footnotes":""},"class_list":["post-50","page","type-page","status-publish","hentry"],"acf":[],"yoast_head":"<!-- This site is optimized with the Yoast SEO plugin v24.9 - https:\/\/yoast.com\/wordpress\/plugins\/seo\/ -->\n<title>Medlemskap - R\u00e5ne\u00e5<\/title>\n<meta name=\"robots\" content=\"index, follow, max-snippet:-1, max-image-preview:large, max-video-preview:-1\" \/>\n<link rel=\"canonical\" href=\"https:\/\/www.posk.se\/ranea\/medlemskap\/\" \/>\n<meta property=\"og:locale\" content=\"sv_SE\" \/>\n<meta property=\"og:type\" content=\"article\" \/>\n<meta property=\"og:title\" content=\"Medlemskap - R\u00e5ne\u00e5\" \/>\n<meta property=\"og:description\" content=\"Vem vi \u00e4r Vi \u00e4r en grupp m\u00e4nniskor i R\u00e5ne\u00e5 som vill v\u00e4rna om en kyrka d\u00e4r tron, gudstj\u00e4nsten och gemenskapen st\u00e5r i centrum \u2013 en kyrka fri fr\u00e5n partipolitik. Vad g\u00f6r vi i POSK R\u00e5ne\u00e5? Vi arbetar f\u00f6r gudstj\u00e4nstliv och gemenskap i f\u00f6rsamlingen. Vi deltar i kyrkovalet f\u00f6r att f\u00f6ra fram en partipolitisk obunden [&hellip;]\" \/>\n<meta property=\"og:url\" content=\"https:\/\/www.posk.se\/ranea\/medlemskap\/\" \/>\n<meta property=\"og:site_name\" content=\"R\u00e5ne\u00e5\" \/>\n<meta name=\"twitter:card\" content=\"summary_large_image\" \/>\n<meta name=\"twitter:label1\" content=\"Ber\u00e4knad l\u00e4stid\" \/>\n\t<meta name=\"twitter:data1\" content=\"1 minut\" \/>\n<script type=\"application\/ld+json\" class=\"yoast-schema-graph\">{\"@context\":\"https:\/\/schema.org\",\"@graph\":[{\"@type\":\"WebPage\",\"@id\":\"https:\/\/www.posk.se\/ranea\/medlemskap\/\",\"url\":\"https:\/\/www.posk.se\/ranea\/medlemskap\/\",\"name\":\"Medlemskap - R\u00e5ne\u00e5\",\"isPartOf\":{\"@id\":\"https:\/\/www.posk.se\/ranea\/#website\"},\"datePublished\":\"2025-09-03T18:05:02+00:00\",\"breadcrumb\":{\"@id\":\"https:\/\/www.posk.se\/ranea\/medlemskap\/#breadcrumb\"},\"inLanguage\":\"sv-SE\",\"potentialAction\":[{\"@type\":\"ReadAction\",\"target\":[\"https:\/\/www.posk.se\/ranea\/medlemskap\/\"]}]},{\"@type\":\"BreadcrumbList\",\"@id\":\"https:\/\/www.posk.se\/ranea\/medlemskap\/#breadcrumb\",\"itemListElement\":[{\"@type\":\"ListItem\",\"position\":1,\"name\":\"Hem\",\"item\":\"https:\/\/www.posk.se\/ranea\/\"},{\"@type\":\"ListItem\",\"position\":2,\"name\":\"Medlemskap\"}]},{\"@type\":\"WebSite\",\"@id\":\"https:\/\/www.posk.se\/ranea\/#website\",\"url\":\"https:\/\/www.posk.se\/ranea\/\",\"name\":\"R\u00e5ne\u00e5\",\"description\":\"POSK-grupp i Lule\u00e5 stift\",\"potentialAction\":[{\"@type\":\"SearchAction\",\"target\":{\"@type\":\"EntryPoint\",\"urlTemplate\":\"https:\/\/www.posk.se\/ranea\/?s={search_term_string}\"},\"query-input\":{\"@type\":\"PropertyValueSpecification\",\"valueRequired\":true,\"valueName\":\"search_term_string\"}}],\"inLanguage\":\"sv-SE\"}]}<\/script>\n<!-- \/ Yoast SEO plugin. -->","yoast_head_json":{"title":"Medlemskap - R\u00e5ne\u00e5","robots":{"index":"index","follow":"follow","max-snippet":"max-snippet:-1","max-image-preview":"max-image-preview:large","max-video-preview":"max-video-preview:-1"},"canonical":"https:\/\/www.posk.se\/ranea\/medlemskap\/","og_locale":"sv_SE","og_type":"article","og_title":"Medlemskap - R\u00e5ne\u00e5","og_description":"Vem vi \u00e4r Vi \u00e4r en grupp m\u00e4nniskor i R\u00e5ne\u00e5 som vill v\u00e4rna om en kyrka d\u00e4r tron, gudstj\u00e4nsten och gemenskapen st\u00e5r i centrum \u2013 en kyrka fri fr\u00e5n partipolitik. Vad g\u00f6r vi i POSK R\u00e5ne\u00e5? Vi arbetar f\u00f6r gudstj\u00e4nstliv och gemenskap i f\u00f6rsamlingen. Vi deltar i kyrkovalet f\u00f6r att f\u00f6ra fram en partipolitisk obunden [&hellip;]","og_url":"https:\/\/www.posk.se\/ranea\/medlemskap\/","og_site_name":"R\u00e5ne\u00e5","twitter_card":"summary_large_image","twitter_misc":{"Ber\u00e4knad l\u00e4stid":"1 minut"},"schema":{"@context":"https:\/\/schema.org","@graph":[{"@type":"WebPage","@id":"https:\/\/www.posk.se\/ranea\/medlemskap\/","url":"https:\/\/www.posk.se\/ranea\/medlemskap\/","name":"Medlemskap - R\u00e5ne\u00e5","isPartOf":{"@id":"https:\/\/www.posk.se\/ranea\/#website"},"datePublished":"2025-09-03T18:05:02+00:00","breadcrumb":{"@id":"https:\/\/www.posk.se\/ranea\/medlemskap\/#breadcrumb"},"inLanguage":"sv-SE","potentialAction":[{"@type":"ReadAction","target":["https:\/\/www.posk.se\/ranea\/medlemskap\/"]}]},{"@type":"BreadcrumbList","@id":"https:\/\/www.posk.se\/ranea\/medlemskap\/#breadcrumb","itemListElement":[{"@type":"ListItem","position":1,"name":"Hem","item":"https:\/\/www.posk.se\/ranea\/"},{"@type":"ListItem","position":2,"name":"Medlemskap"}]},{"@type":"WebSite","@id":"https:\/\/www.posk.se\/ranea\/#website","url":"https:\/\/www.posk.se\/ranea\/","name":"R\u00e5ne\u00e5","description":"POSK-grupp i Lule\u00e5 stift","potentialAction":[{"@type":"SearchAction","target":{"@type":"EntryPoint","urlTemplate":"https:\/\/www.posk.se\/ranea\/?s={search_term_string}"},"query-input":{"@type":"PropertyValueSpecification","valueRequired":true,"valueName":"search_term_string"}}],"inLanguage":"sv-SE"}]}},"_links":{"self":[{"href":"https:\/\/www.posk.se\/ranea\/wp-json\/wp\/v2\/pages\/50","targetHints":{"allow":["GET"]}}],"collection":[{"href":"https:\/\/www.posk.se\/ranea\/wp-json\/wp\/v2\/pages"}],"about":[{"href":"https:\/\/www.posk.se\/ranea\/wp-json\/wp\/v2\/types\/page"}],"author":[{"embeddable":true,"href":"https:\/\/www.posk.se\/ranea\/wp-json\/wp\/v2\/users\/1718"}],"replies":[{"embeddable":true,"href":"https:\/\/www.posk.se\/ranea\/wp-json\/wp\/v2\/comments?post=50"}],"version-history":[{"count":7,"href":"https:\/\/www.posk.se\/ranea\/wp-json\/wp\/v2\/pages\/50\/revisions"}],"predecessor-version":[{"id":186,"href":"https:\/\/www.posk.se\/ranea\/wp-json\/wp\/v2\/pages\/50\/revisions\/186"}],"wp:attachment":[{"href":"https:\/\/www.posk.se\/ranea\/wp-json\/wp\/v2\/media?parent=50"}],"curies":[{"name":"wp","href":"https:\/\/api.w.org\/{rel}","templated":true}]}}