{"id":30,"date":"2025-03-31T16:36:45","date_gmt":"2025-03-31T14:36:45","guid":{"rendered":"https:\/\/www.posk.se\/ranea\/?page_id=30"},"modified":"2025-06-07T16:48:36","modified_gmt":"2025-06-07T14:48:36","slug":"kandidater","status":"publish","type":"page","link":"https:\/\/www.posk.se\/ranea\/kandidater\/","title":{"rendered":"V\u00e5ra kandidater"},"content":{"rendered":"<table width=\"776\" cellspacing=\"0\" cellpadding=\"11\">\n<tbody>\n<tr>\n<td bgcolor=\"#fff200\" width=\"29\"><span style=\"color: #c00000\"><b>Nr<\/b><\/span><\/td>\n<td bgcolor=\"#fff200\" width=\"170\"><span style=\"color: #c00000\"><b>Namn<\/b><\/span><\/td>\n<td bgcolor=\"#fff200\" width=\"63\"><span style=\"color: #c00000\"><b>\u00c5lder<\/b><\/span><\/td>\n<td bgcolor=\"#fff200\" width=\"126\"><span style=\"color: #c00000\"><b>Ort<\/b><\/span><\/td>\n<td bgcolor=\"#fff200\" width=\"278\"><span style=\"color: #c00000\"><b>Yrke\/Syssels\u00e4ttning<\/b><\/span><\/td>\n<\/tr>\n<tr>\n<td width=\"29\">1<\/td>\n<td width=\"170\">Roger Nilsson<\/td>\n<td width=\"63\">50<\/td>\n<td width=\"126\">R\u00e5ne\u00e5<\/td>\n<td width=\"278\">S\u00e4ljare<\/td>\n<\/tr>\n<tr>\n<td width=\"29\">2<\/td>\n<td width=\"170\">Kajsa Ljungberg<\/td>\n<td width=\"63\">60<\/td>\n<td width=\"126\">R\u00e5ne\u00e5<\/td>\n<td width=\"278\">Administrat\u00f6r<\/td>\n<\/tr>\n<tr>\n<td width=\"29\">3<\/td>\n<td width=\"170\">Tanja Nilsson<\/td>\n<td width=\"63\">47<\/td>\n<td width=\"126\">R\u00e5ne\u00e5<\/td>\n<td width=\"278\">Utvecklare<\/td>\n<\/tr>\n<tr valign=\"top\">\n<td width=\"29\">4<\/td>\n<td width=\"170\">Johan Gr\u00f6nberg<\/td>\n<td width=\"63\">50<\/td>\n<td width=\"126\">R\u00e5ne\u00e5<\/td>\n<td width=\"278\">Snickare<\/td>\n<\/tr>\n<tr valign=\"top\">\n<td width=\"29\">5<\/td>\n<td width=\"170\">Magdalena Einarsson<\/td>\n<td width=\"63\">44<\/td>\n<td width=\"126\">R\u00e5ne\u00e5<\/td>\n<td width=\"278\">Diakon<\/td>\n<\/tr>\n<tr valign=\"top\">\n<td width=\"29\">6<\/td>\n<td width=\"170\">Sanna Jonsson<\/td>\n<td width=\"63\">39<\/td>\n<td width=\"126\">R\u00e5ne\u00e5<\/td>\n<td width=\"278\">Distriktssk\u00f6terska<\/td>\n<\/tr>\n<tr valign=\"top\">\n<td width=\"29\">7<\/td>\n<td width=\"170\">Lennart Ruumensaari<\/td>\n<td width=\"63\">63<\/td>\n<td width=\"126\">R\u00e5ne\u00e5<\/td>\n<td width=\"278\">Omr\u00e5desansvarig Artik<\/td>\n<\/tr>\n<tr valign=\"top\">\n<td width=\"29\">8<\/td>\n<td width=\"170\">\n<p>Anne-Charlotte<\/p>\n<p>Lindqvist<\/td>\n<td width=\"63\">72<\/td>\n<td width=\"126\">R\u00e5ne\u00e5<\/td>\n<td width=\"278\">Pension\u00e4r<\/td>\n<\/tr>\n<tr valign=\"top\">\n<td width=\"29\">9<\/td>\n<td width=\"170\">Kristin Bergwall<\/td>\n<td width=\"63\">40<\/td>\n<td width=\"126\">R\u00e5ne\u00e5<\/td>\n<td width=\"278\">Verksamhetsledare<\/td>\n<\/tr>\n<tr valign=\"top\">\n<td width=\"29\">10<\/td>\n<td width=\"170\">Olivia Ljungberg<\/td>\n<td width=\"63\">26<\/td>\n<td width=\"126\">R\u00e5ne\u00e5<\/td>\n<td width=\"278\">Sociolog<\/td>\n<\/tr>\n<\/tbody>\n<\/table>\n<p>F\u00f6r mer information kontakta oss via v\u00e5r email: poskranea@gmail.com<\/p>\n","protected":false},"excerpt":{"rendered":"<p>Nr Namn \u00c5lder Ort Yrke\/Syssels\u00e4ttning 1 Roger Nilsson 50 R\u00e5ne\u00e5 S\u00e4ljare 2 Kajsa Ljungberg 60 R\u00e5ne\u00e5 Administrat\u00f6r 3 Tanja Nilsson 47 R\u00e5ne\u00e5 Utvecklare 4 Johan Gr\u00f6nberg 50 R\u00e5ne\u00e5 Snickare 5 Magdalena Einarsson 44 R\u00e5ne\u00e5 Diakon 6 Sanna Jonsson 39 R\u00e5ne\u00e5 Distriktssk\u00f6terska 7 Lennart Ruumensaari 63 R\u00e5ne\u00e5 Omr\u00e5desansvarig Artik 8 Anne-Charlotte Lindqvist 72 R\u00e5ne\u00e5 Pension\u00e4r 9 [&hellip;]<\/p>\n","protected":false},"author":54,"featured_media":146,"parent":0,"menu_order":1,"comment_status":"closed","ping_status":"closed","template":"page-templates\/page-sidebar-left.php","meta":{"_acf_changed":false,"footnotes":""},"class_list":["post-30","page","type-page","status-publish","has-post-thumbnail","hentry"],"acf":[],"yoast_head":"<!-- This site is optimized with the Yoast SEO plugin v24.9 - https:\/\/yoast.com\/wordpress\/plugins\/seo\/ -->\n<title>V\u00e5ra kandidater - R\u00e5ne\u00e5<\/title>\n<meta name=\"robots\" content=\"index, follow, max-snippet:-1, max-image-preview:large, max-video-preview:-1\" \/>\n<link rel=\"canonical\" href=\"https:\/\/www.posk.se\/ranea\/kandidater\/\" \/>\n<meta property=\"og:locale\" content=\"sv_SE\" \/>\n<meta property=\"og:type\" content=\"article\" \/>\n<meta property=\"og:title\" content=\"V\u00e5ra kandidater - R\u00e5ne\u00e5\" \/>\n<meta property=\"og:description\" content=\"Nr Namn \u00c5lder Ort Yrke\/Syssels\u00e4ttning 1 Roger Nilsson 50 R\u00e5ne\u00e5 S\u00e4ljare 2 Kajsa Ljungberg 60 R\u00e5ne\u00e5 Administrat\u00f6r 3 Tanja Nilsson 47 R\u00e5ne\u00e5 Utvecklare 4 Johan Gr\u00f6nberg 50 R\u00e5ne\u00e5 Snickare 5 Magdalena Einarsson 44 R\u00e5ne\u00e5 Diakon 6 Sanna Jonsson 39 R\u00e5ne\u00e5 Distriktssk\u00f6terska 7 Lennart Ruumensaari 63 R\u00e5ne\u00e5 Omr\u00e5desansvarig Artik 8 Anne-Charlotte Lindqvist 72 R\u00e5ne\u00e5 Pension\u00e4r 9 [&hellip;]\" \/>\n<meta property=\"og:url\" content=\"https:\/\/www.posk.se\/ranea\/kandidater\/\" \/>\n<meta property=\"og:site_name\" content=\"R\u00e5ne\u00e5\" \/>\n<meta property=\"article:modified_time\" content=\"2025-06-07T14:48:36+00:00\" \/>\n<meta property=\"og:image\" content=\"https:\/\/www.posk.se\/ranea\/wp-content\/uploads\/sites\/95\/2025\/05\/img-1934-scaled.jpg\" \/>\n\t<meta property=\"og:image:width\" content=\"2560\" \/>\n\t<meta property=\"og:image:height\" content=\"1920\" \/>\n\t<meta property=\"og:image:type\" content=\"image\/jpeg\" \/>\n<meta name=\"twitter:card\" content=\"summary_large_image\" \/>\n<meta name=\"twitter:label1\" content=\"Ber\u00e4knad l\u00e4stid\" \/>\n\t<meta name=\"twitter:data1\" content=\"1 minut\" \/>\n<script type=\"application\/ld+json\" class=\"yoast-schema-graph\">{\"@context\":\"https:\/\/schema.org\",\"@graph\":[{\"@type\":\"WebPage\",\"@id\":\"https:\/\/www.posk.se\/ranea\/kandidater\/\",\"url\":\"https:\/\/www.posk.se\/ranea\/kandidater\/\",\"name\":\"V\u00e5ra kandidater - R\u00e5ne\u00e5\",\"isPartOf\":{\"@id\":\"https:\/\/www.posk.se\/ranea\/#website\"},\"primaryImageOfPage\":{\"@id\":\"https:\/\/www.posk.se\/ranea\/kandidater\/#primaryimage\"},\"image\":{\"@id\":\"https:\/\/www.posk.se\/ranea\/kandidater\/#primaryimage\"},\"thumbnailUrl\":\"https:\/\/www.posk.se\/ranea\/wp-content\/uploads\/sites\/95\/2025\/05\/img-1934-scaled.jpg\",\"datePublished\":\"2025-03-31T14:36:45+00:00\",\"dateModified\":\"2025-06-07T14:48:36+00:00\",\"breadcrumb\":{\"@id\":\"https:\/\/www.posk.se\/ranea\/kandidater\/#breadcrumb\"},\"inLanguage\":\"sv-SE\",\"potentialAction\":[{\"@type\":\"ReadAction\",\"target\":[\"https:\/\/www.posk.se\/ranea\/kandidater\/\"]}]},{\"@type\":\"ImageObject\",\"inLanguage\":\"sv-SE\",\"@id\":\"https:\/\/www.posk.se\/ranea\/kandidater\/#primaryimage\",\"url\":\"https:\/\/www.posk.se\/ranea\/wp-content\/uploads\/sites\/95\/2025\/05\/img-1934-scaled.jpg\",\"contentUrl\":\"https:\/\/www.posk.se\/ranea\/wp-content\/uploads\/sites\/95\/2025\/05\/img-1934-scaled.jpg\",\"width\":2560,\"height\":1920},{\"@type\":\"BreadcrumbList\",\"@id\":\"https:\/\/www.posk.se\/ranea\/kandidater\/#breadcrumb\",\"itemListElement\":[{\"@type\":\"ListItem\",\"position\":1,\"name\":\"Hem\",\"item\":\"https:\/\/www.posk.se\/ranea\/\"},{\"@type\":\"ListItem\",\"position\":2,\"name\":\"V\u00e5ra kandidater\"}]},{\"@type\":\"WebSite\",\"@id\":\"https:\/\/www.posk.se\/ranea\/#website\",\"url\":\"https:\/\/www.posk.se\/ranea\/\",\"name\":\"R\u00e5ne\u00e5\",\"description\":\"POSK-grupp i Lule\u00e5 stift\",\"potentialAction\":[{\"@type\":\"SearchAction\",\"target\":{\"@type\":\"EntryPoint\",\"urlTemplate\":\"https:\/\/www.posk.se\/ranea\/?s={search_term_string}\"},\"query-input\":{\"@type\":\"PropertyValueSpecification\",\"valueRequired\":true,\"valueName\":\"search_term_string\"}}],\"inLanguage\":\"sv-SE\"}]}<\/script>\n<!-- \/ Yoast SEO plugin. -->","yoast_head_json":{"title":"V\u00e5ra kandidater - R\u00e5ne\u00e5","robots":{"index":"index","follow":"follow","max-snippet":"max-snippet:-1","max-image-preview":"max-image-preview:large","max-video-preview":"max-video-preview:-1"},"canonical":"https:\/\/www.posk.se\/ranea\/kandidater\/","og_locale":"sv_SE","og_type":"article","og_title":"V\u00e5ra kandidater - R\u00e5ne\u00e5","og_description":"Nr Namn \u00c5lder Ort Yrke\/Syssels\u00e4ttning 1 Roger Nilsson 50 R\u00e5ne\u00e5 S\u00e4ljare 2 Kajsa Ljungberg 60 R\u00e5ne\u00e5 Administrat\u00f6r 3 Tanja Nilsson 47 R\u00e5ne\u00e5 Utvecklare 4 Johan Gr\u00f6nberg 50 R\u00e5ne\u00e5 Snickare 5 Magdalena Einarsson 44 R\u00e5ne\u00e5 Diakon 6 Sanna Jonsson 39 R\u00e5ne\u00e5 Distriktssk\u00f6terska 7 Lennart Ruumensaari 63 R\u00e5ne\u00e5 Omr\u00e5desansvarig Artik 8 Anne-Charlotte Lindqvist 72 R\u00e5ne\u00e5 Pension\u00e4r 9 [&hellip;]","og_url":"https:\/\/www.posk.se\/ranea\/kandidater\/","og_site_name":"R\u00e5ne\u00e5","article_modified_time":"2025-06-07T14:48:36+00:00","og_image":[{"width":2560,"height":1920,"url":"https:\/\/www.posk.se\/ranea\/wp-content\/uploads\/sites\/95\/2025\/05\/img-1934-scaled.jpg","type":"image\/jpeg"}],"twitter_card":"summary_large_image","twitter_misc":{"Ber\u00e4knad l\u00e4stid":"1 minut"},"schema":{"@context":"https:\/\/schema.org","@graph":[{"@type":"WebPage","@id":"https:\/\/www.posk.se\/ranea\/kandidater\/","url":"https:\/\/www.posk.se\/ranea\/kandidater\/","name":"V\u00e5ra kandidater - R\u00e5ne\u00e5","isPartOf":{"@id":"https:\/\/www.posk.se\/ranea\/#website"},"primaryImageOfPage":{"@id":"https:\/\/www.posk.se\/ranea\/kandidater\/#primaryimage"},"image":{"@id":"https:\/\/www.posk.se\/ranea\/kandidater\/#primaryimage"},"thumbnailUrl":"https:\/\/www.posk.se\/ranea\/wp-content\/uploads\/sites\/95\/2025\/05\/img-1934-scaled.jpg","datePublished":"2025-03-31T14:36:45+00:00","dateModified":"2025-06-07T14:48:36+00:00","breadcrumb":{"@id":"https:\/\/www.posk.se\/ranea\/kandidater\/#breadcrumb"},"inLanguage":"sv-SE","potentialAction":[{"@type":"ReadAction","target":["https:\/\/www.posk.se\/ranea\/kandidater\/"]}]},{"@type":"ImageObject","inLanguage":"sv-SE","@id":"https:\/\/www.posk.se\/ranea\/kandidater\/#primaryimage","url":"https:\/\/www.posk.se\/ranea\/wp-content\/uploads\/sites\/95\/2025\/05\/img-1934-scaled.jpg","contentUrl":"https:\/\/www.posk.se\/ranea\/wp-content\/uploads\/sites\/95\/2025\/05\/img-1934-scaled.jpg","width":2560,"height":1920},{"@type":"BreadcrumbList","@id":"https:\/\/www.posk.se\/ranea\/kandidater\/#breadcrumb","itemListElement":[{"@type":"ListItem","position":1,"name":"Hem","item":"https:\/\/www.posk.se\/ranea\/"},{"@type":"ListItem","position":2,"name":"V\u00e5ra kandidater"}]},{"@type":"WebSite","@id":"https:\/\/www.posk.se\/ranea\/#website","url":"https:\/\/www.posk.se\/ranea\/","name":"R\u00e5ne\u00e5","description":"POSK-grupp i Lule\u00e5 stift","potentialAction":[{"@type":"SearchAction","target":{"@type":"EntryPoint","urlTemplate":"https:\/\/www.posk.se\/ranea\/?s={search_term_string}"},"query-input":{"@type":"PropertyValueSpecification","valueRequired":true,"valueName":"search_term_string"}}],"inLanguage":"sv-SE"}]}},"_links":{"self":[{"href":"https:\/\/www.posk.se\/ranea\/wp-json\/wp\/v2\/pages\/30","targetHints":{"allow":["GET"]}}],"collection":[{"href":"https:\/\/www.posk.se\/ranea\/wp-json\/wp\/v2\/pages"}],"about":[{"href":"https:\/\/www.posk.se\/ranea\/wp-json\/wp\/v2\/types\/page"}],"author":[{"embeddable":true,"href":"https:\/\/www.posk.se\/ranea\/wp-json\/wp\/v2\/users\/54"}],"replies":[{"embeddable":true,"href":"https:\/\/www.posk.se\/ranea\/wp-json\/wp\/v2\/comments?post=30"}],"version-history":[{"count":10,"href":"https:\/\/www.posk.se\/ranea\/wp-json\/wp\/v2\/pages\/30\/revisions"}],"predecessor-version":[{"id":180,"href":"https:\/\/www.posk.se\/ranea\/wp-json\/wp\/v2\/pages\/30\/revisions\/180"}],"wp:featuredmedia":[{"embeddable":true,"href":"https:\/\/www.posk.se\/ranea\/wp-json\/wp\/v2\/media\/146"}],"wp:attachment":[{"href":"https:\/\/www.posk.se\/ranea\/wp-json\/wp\/v2\/media?parent=30"}],"curies":[{"name":"wp","href":"https:\/\/api.w.org\/{rel}","templated":true}]}}