{"id":20,"date":"2025-03-31T16:30:21","date_gmt":"2025-03-31T14:30:21","guid":{"rendered":"https:\/\/www.posk.se\/ranea\/?page_id=20"},"modified":"2025-05-25T14:13:21","modified_gmt":"2025-05-25T12:13:21","slug":"startsidan-2","status":"publish","type":"page","link":"https:\/\/www.posk.se\/ranea\/","title":{"rendered":"R\u00e5ne\u00e5 f\u00f6rsamling"},"content":{"rendered":"<h2><span style=\"color: #000080\"><span style=\"color: #db0812\">V\u00e4lkommen till POSK i R\u00e5ne\u00e5 f\u00f6rsamling!<\/span>\u00a0<\/span><\/h2>\n<h3>V\u00e5r Vision<\/h3>\n<p>POSK har som vision att Svenska kyrkan ska vara en gemenskap som speglar Guds vilja i gudstj\u00e4nst och liv och som tydligt talar om Jesus Kristus.<\/p>\n<p>POSK vill se visionen f\u00f6rverkligad genom Svenska kyrkan<\/p>\n<ul>\n<li>ger n\u00e4rvaro, gemenskap och m\u00f6jlighet att v\u00e4xa i tro<\/li>\n<li>f\u00f6rmedlar befrielse, hopp och livsmod<\/li>\n<li>ser och tar vara p\u00e5 varje m\u00e4nniska som en g\u00e5va i f\u00f6rsamlingens liv<\/li>\n<li>respekterar individen och gl\u00e4ds \u00e5t m\u00e5ngfalden<\/li>\n<li>\u00e4r en tydlig r\u00f6st i samh\u00e4llet och visar p\u00e5 ett liv i r\u00e4ttvisa och frihet<\/li>\n<li>f\u00f6renklar sin organisation och struktur s\u00e5 att det b\u00e4ttre fr\u00e4mjar kyrkans uppdrag<\/li>\n<li>\u00e4r en brobyggare mellan olika kyrkliga traditioner och mellan kristna kyrkor<\/li>\n<li>str\u00e4var efter en sann och \u00f6ppen dialog mellan m\u00e4nniskor av olika tro<\/li>\n<\/ul>\n<p>&nbsp;<\/p>\n<p>F\u00f6lj oss \u00e4ven p\u00e5 v\u00e5ra sociala medier:<\/p>\n<p><a href=\"http:\/\/www.instagram.com\/poskranea\/\"><img loading=\"lazy\" decoding=\"async\" class=\"alignnone wp-image-43\" src=\"https:\/\/www.posk.se\/ranea\/wp-content\/uploads\/sites\/95\/2025\/05\/instagram-logga-e1746453734465-300x298.jpeg\" alt=\"\" width=\"108\" height=\"107\" srcset=\"https:\/\/www.posk.se\/ranea\/wp-content\/uploads\/sites\/95\/2025\/05\/instagram-logga-e1746453734465-300x298.jpeg 300w, https:\/\/www.posk.se\/ranea\/wp-content\/uploads\/sites\/95\/2025\/05\/instagram-logga-e1746453734465-150x150.jpeg 150w, https:\/\/www.posk.se\/ranea\/wp-content\/uploads\/sites\/95\/2025\/05\/instagram-logga-e1746453734465-197x197.jpeg 197w, https:\/\/www.posk.se\/ranea\/wp-content\/uploads\/sites\/95\/2025\/05\/instagram-logga-e1746453734465-330x328.jpeg 330w, https:\/\/www.posk.se\/ranea\/wp-content\/uploads\/sites\/95\/2025\/05\/instagram-logga-e1746453734465.jpeg 446w\" sizes=\"auto, (max-width: 108px) 100vw, 108px\" \/><\/a><a href=\"https:\/\/www.facebook.com\/people\/POSK-R%C3%A5ne%C3%A5\/100077451185468\/\"><img loading=\"lazy\" decoding=\"async\" class=\"alignnone wp-image-44\" src=\"https:\/\/www.posk.se\/ranea\/wp-content\/uploads\/sites\/95\/2025\/05\/facebook-logga-e1746453920328-300x300.png\" alt=\"\" width=\"103\" height=\"103\" srcset=\"https:\/\/www.posk.se\/ranea\/wp-content\/uploads\/sites\/95\/2025\/05\/facebook-logga-e1746453920328-300x300.png 300w, https:\/\/www.posk.se\/ranea\/wp-content\/uploads\/sites\/95\/2025\/05\/facebook-logga-e1746453920328-150x150.png 150w, https:\/\/www.posk.se\/ranea\/wp-content\/uploads\/sites\/95\/2025\/05\/facebook-logga-e1746453920328-768x768.png 768w, https:\/\/www.posk.se\/ranea\/wp-content\/uploads\/sites\/95\/2025\/05\/facebook-logga-e1746453920328-197x197.png 197w, https:\/\/www.posk.se\/ranea\/wp-content\/uploads\/sites\/95\/2025\/05\/facebook-logga-e1746453920328-330x330.png 330w, https:\/\/www.posk.se\/ranea\/wp-content\/uploads\/sites\/95\/2025\/05\/facebook-logga-e1746453920328.png 908w\" sizes=\"auto, (max-width: 103px) 100vw, 103px\" \/><\/a><a href=\"https:\/\/www.tiktok.com\/@poskranea\"><img loading=\"lazy\" decoding=\"async\" class=\"alignnone wp-image-88\" src=\"https:\/\/www.posk.se\/ranea\/wp-content\/uploads\/sites\/95\/2025\/05\/tiktok-31-3743678112-300x300.png\" alt=\"\" width=\"104\" height=\"104\" srcset=\"https:\/\/www.posk.se\/ranea\/wp-content\/uploads\/sites\/95\/2025\/05\/tiktok-31-3743678112-300x300.png 300w, https:\/\/www.posk.se\/ranea\/wp-content\/uploads\/sites\/95\/2025\/05\/tiktok-31-3743678112-1024x1024.png 1024w, https:\/\/www.posk.se\/ranea\/wp-content\/uploads\/sites\/95\/2025\/05\/tiktok-31-3743678112-150x150.png 150w, https:\/\/www.posk.se\/ranea\/wp-content\/uploads\/sites\/95\/2025\/05\/tiktok-31-3743678112-768x768.png 768w, https:\/\/www.posk.se\/ranea\/wp-content\/uploads\/sites\/95\/2025\/05\/tiktok-31-3743678112-1536x1536.png 1536w, https:\/\/www.posk.se\/ranea\/wp-content\/uploads\/sites\/95\/2025\/05\/tiktok-31-3743678112-2048x2048.png 2048w, https:\/\/www.posk.se\/ranea\/wp-content\/uploads\/sites\/95\/2025\/05\/tiktok-31-3743678112-197x197.png 197w, https:\/\/www.posk.se\/ranea\/wp-content\/uploads\/sites\/95\/2025\/05\/tiktok-31-3743678112-330x330.png 330w\" sizes=\"auto, (max-width: 104px) 100vw, 104px\" \/><\/a><\/p>\n<p>&nbsp;<\/p>\n<h4><\/h4>\n<p>Vid eventuella fr\u00e5gor s\u00e5 h\u00f6r g\u00e4rna av er till v\u00e5r mejl: poskranea@gmail.com<\/p>\n","protected":false},"excerpt":{"rendered":"<p>V\u00e4lkommen till POSK i R\u00e5ne\u00e5 f\u00f6rsamling!\u00a0 V\u00e5r Vision POSK har som vision att Svenska kyrkan ska vara en gemenskap som speglar Guds vilja i gudstj\u00e4nst och liv och som tydligt talar om Jesus Kristus. POSK vill se visionen f\u00f6rverkligad genom Svenska kyrkan ger n\u00e4rvaro, gemenskap och m\u00f6jlighet att v\u00e4xa i tro f\u00f6rmedlar befrielse, hopp och [&hellip;]<\/p>\n","protected":false},"author":1,"featured_media":98,"parent":0,"menu_order":0,"comment_status":"closed","ping_status":"closed","template":"page-templates\/page-sidebar-left.php","meta":{"_acf_changed":false,"footnotes":""},"class_list":["post-20","page","type-page","status-publish","has-post-thumbnail","hentry"],"acf":[],"yoast_head":"<!-- This site is optimized with the Yoast SEO plugin v24.9 - https:\/\/yoast.com\/wordpress\/plugins\/seo\/ -->\n<title>R\u00e5ne\u00e5 f\u00f6rsamling - R\u00e5ne\u00e5<\/title>\n<meta name=\"robots\" content=\"index, follow, max-snippet:-1, max-image-preview:large, max-video-preview:-1\" \/>\n<link rel=\"canonical\" href=\"https:\/\/www.posk.se\/ranea\/\" \/>\n<meta property=\"og:locale\" content=\"sv_SE\" \/>\n<meta property=\"og:type\" content=\"article\" \/>\n<meta property=\"og:title\" content=\"R\u00e5ne\u00e5 f\u00f6rsamling - R\u00e5ne\u00e5\" \/>\n<meta property=\"og:description\" content=\"V\u00e4lkommen till POSK i R\u00e5ne\u00e5 f\u00f6rsamling!\u00a0 V\u00e5r Vision POSK har som vision att Svenska kyrkan ska vara en gemenskap som speglar Guds vilja i gudstj\u00e4nst och liv och som tydligt talar om Jesus Kristus. POSK vill se visionen f\u00f6rverkligad genom Svenska kyrkan ger n\u00e4rvaro, gemenskap och m\u00f6jlighet att v\u00e4xa i tro f\u00f6rmedlar befrielse, hopp och [&hellip;]\" \/>\n<meta property=\"og:url\" content=\"https:\/\/www.posk.se\/ranea\/\" \/>\n<meta property=\"og:site_name\" content=\"R\u00e5ne\u00e5\" \/>\n<meta property=\"article:modified_time\" content=\"2025-05-25T12:13:21+00:00\" \/>\n<meta property=\"og:image\" content=\"https:\/\/www.posk.se\/ranea\/wp-content\/uploads\/sites\/95\/2025\/05\/ranea-logo-e1748118529698.jpeg\" \/>\n\t<meta property=\"og:image:width\" content=\"1280\" \/>\n\t<meta property=\"og:image:height\" content=\"416\" \/>\n\t<meta property=\"og:image:type\" content=\"image\/jpeg\" \/>\n<meta name=\"twitter:card\" content=\"summary_large_image\" \/>\n<meta name=\"twitter:label1\" content=\"Ber\u00e4knad l\u00e4stid\" \/>\n\t<meta name=\"twitter:data1\" content=\"2 minuter\" \/>\n<script type=\"application\/ld+json\" class=\"yoast-schema-graph\">{\"@context\":\"https:\/\/schema.org\",\"@graph\":[{\"@type\":\"WebPage\",\"@id\":\"https:\/\/www.posk.se\/ranea\/\",\"url\":\"https:\/\/www.posk.se\/ranea\/\",\"name\":\"R\u00e5ne\u00e5 f\u00f6rsamling - R\u00e5ne\u00e5\",\"isPartOf\":{\"@id\":\"https:\/\/www.posk.se\/ranea\/#website\"},\"primaryImageOfPage\":{\"@id\":\"https:\/\/www.posk.se\/ranea\/#primaryimage\"},\"image\":{\"@id\":\"https:\/\/www.posk.se\/ranea\/#primaryimage\"},\"thumbnailUrl\":\"https:\/\/www.posk.se\/ranea\/wp-content\/uploads\/sites\/95\/2025\/05\/ranea-logo-e1748118529698.jpeg\",\"datePublished\":\"2025-03-31T14:30:21+00:00\",\"dateModified\":\"2025-05-25T12:13:21+00:00\",\"breadcrumb\":{\"@id\":\"https:\/\/www.posk.se\/ranea\/#breadcrumb\"},\"inLanguage\":\"sv-SE\",\"potentialAction\":[{\"@type\":\"ReadAction\",\"target\":[\"https:\/\/www.posk.se\/ranea\/\"]}]},{\"@type\":\"ImageObject\",\"inLanguage\":\"sv-SE\",\"@id\":\"https:\/\/www.posk.se\/ranea\/#primaryimage\",\"url\":\"https:\/\/www.posk.se\/ranea\/wp-content\/uploads\/sites\/95\/2025\/05\/ranea-logo-e1748118529698.jpeg\",\"contentUrl\":\"https:\/\/www.posk.se\/ranea\/wp-content\/uploads\/sites\/95\/2025\/05\/ranea-logo-e1748118529698.jpeg\",\"width\":1280,\"height\":416},{\"@type\":\"BreadcrumbList\",\"@id\":\"https:\/\/www.posk.se\/ranea\/#breadcrumb\",\"itemListElement\":[{\"@type\":\"ListItem\",\"position\":1,\"name\":\"Hem\",\"item\":\"https:\/\/www.posk.se\/ranea\/\"},{\"@type\":\"ListItem\",\"position\":2,\"name\":\"R\u00e5ne\u00e5 f\u00f6rsamling\"}]},{\"@type\":\"WebSite\",\"@id\":\"https:\/\/www.posk.se\/ranea\/#website\",\"url\":\"https:\/\/www.posk.se\/ranea\/\",\"name\":\"R\u00e5ne\u00e5\",\"description\":\"POSK-grupp i Lule\u00e5 stift\",\"potentialAction\":[{\"@type\":\"SearchAction\",\"target\":{\"@type\":\"EntryPoint\",\"urlTemplate\":\"https:\/\/www.posk.se\/ranea\/?s={search_term_string}\"},\"query-input\":{\"@type\":\"PropertyValueSpecification\",\"valueRequired\":true,\"valueName\":\"search_term_string\"}}],\"inLanguage\":\"sv-SE\"}]}<\/script>\n<!-- \/ Yoast SEO plugin. -->","yoast_head_json":{"title":"R\u00e5ne\u00e5 f\u00f6rsamling - R\u00e5ne\u00e5","robots":{"index":"index","follow":"follow","max-snippet":"max-snippet:-1","max-image-preview":"max-image-preview:large","max-video-preview":"max-video-preview:-1"},"canonical":"https:\/\/www.posk.se\/ranea\/","og_locale":"sv_SE","og_type":"article","og_title":"R\u00e5ne\u00e5 f\u00f6rsamling - R\u00e5ne\u00e5","og_description":"V\u00e4lkommen till POSK i R\u00e5ne\u00e5 f\u00f6rsamling!\u00a0 V\u00e5r Vision POSK har som vision att Svenska kyrkan ska vara en gemenskap som speglar Guds vilja i gudstj\u00e4nst och liv och som tydligt talar om Jesus Kristus. POSK vill se visionen f\u00f6rverkligad genom Svenska kyrkan ger n\u00e4rvaro, gemenskap och m\u00f6jlighet att v\u00e4xa i tro f\u00f6rmedlar befrielse, hopp och [&hellip;]","og_url":"https:\/\/www.posk.se\/ranea\/","og_site_name":"R\u00e5ne\u00e5","article_modified_time":"2025-05-25T12:13:21+00:00","og_image":[{"width":1280,"height":416,"url":"https:\/\/www.posk.se\/ranea\/wp-content\/uploads\/sites\/95\/2025\/05\/ranea-logo-e1748118529698.jpeg","type":"image\/jpeg"}],"twitter_card":"summary_large_image","twitter_misc":{"Ber\u00e4knad l\u00e4stid":"2 minuter"},"schema":{"@context":"https:\/\/schema.org","@graph":[{"@type":"WebPage","@id":"https:\/\/www.posk.se\/ranea\/","url":"https:\/\/www.posk.se\/ranea\/","name":"R\u00e5ne\u00e5 f\u00f6rsamling - R\u00e5ne\u00e5","isPartOf":{"@id":"https:\/\/www.posk.se\/ranea\/#website"},"primaryImageOfPage":{"@id":"https:\/\/www.posk.se\/ranea\/#primaryimage"},"image":{"@id":"https:\/\/www.posk.se\/ranea\/#primaryimage"},"thumbnailUrl":"https:\/\/www.posk.se\/ranea\/wp-content\/uploads\/sites\/95\/2025\/05\/ranea-logo-e1748118529698.jpeg","datePublished":"2025-03-31T14:30:21+00:00","dateModified":"2025-05-25T12:13:21+00:00","breadcrumb":{"@id":"https:\/\/www.posk.se\/ranea\/#breadcrumb"},"inLanguage":"sv-SE","potentialAction":[{"@type":"ReadAction","target":["https:\/\/www.posk.se\/ranea\/"]}]},{"@type":"ImageObject","inLanguage":"sv-SE","@id":"https:\/\/www.posk.se\/ranea\/#primaryimage","url":"https:\/\/www.posk.se\/ranea\/wp-content\/uploads\/sites\/95\/2025\/05\/ranea-logo-e1748118529698.jpeg","contentUrl":"https:\/\/www.posk.se\/ranea\/wp-content\/uploads\/sites\/95\/2025\/05\/ranea-logo-e1748118529698.jpeg","width":1280,"height":416},{"@type":"BreadcrumbList","@id":"https:\/\/www.posk.se\/ranea\/#breadcrumb","itemListElement":[{"@type":"ListItem","position":1,"name":"Hem","item":"https:\/\/www.posk.se\/ranea\/"},{"@type":"ListItem","position":2,"name":"R\u00e5ne\u00e5 f\u00f6rsamling"}]},{"@type":"WebSite","@id":"https:\/\/www.posk.se\/ranea\/#website","url":"https:\/\/www.posk.se\/ranea\/","name":"R\u00e5ne\u00e5","description":"POSK-grupp i Lule\u00e5 stift","potentialAction":[{"@type":"SearchAction","target":{"@type":"EntryPoint","urlTemplate":"https:\/\/www.posk.se\/ranea\/?s={search_term_string}"},"query-input":{"@type":"PropertyValueSpecification","valueRequired":true,"valueName":"search_term_string"}}],"inLanguage":"sv-SE"}]}},"_links":{"self":[{"href":"https:\/\/www.posk.se\/ranea\/wp-json\/wp\/v2\/pages\/20","targetHints":{"allow":["GET"]}}],"collection":[{"href":"https:\/\/www.posk.se\/ranea\/wp-json\/wp\/v2\/pages"}],"about":[{"href":"https:\/\/www.posk.se\/ranea\/wp-json\/wp\/v2\/types\/page"}],"author":[{"embeddable":true,"href":"https:\/\/www.posk.se\/ranea\/wp-json\/wp\/v2\/users\/1"}],"replies":[{"embeddable":true,"href":"https:\/\/www.posk.se\/ranea\/wp-json\/wp\/v2\/comments?post=20"}],"version-history":[{"count":16,"href":"https:\/\/www.posk.se\/ranea\/wp-json\/wp\/v2\/pages\/20\/revisions"}],"predecessor-version":[{"id":135,"href":"https:\/\/www.posk.se\/ranea\/wp-json\/wp\/v2\/pages\/20\/revisions\/135"}],"wp:featuredmedia":[{"embeddable":true,"href":"https:\/\/www.posk.se\/ranea\/wp-json\/wp\/v2\/media\/98"}],"wp:attachment":[{"href":"https:\/\/www.posk.se\/ranea\/wp-json\/wp\/v2\/media?parent=20"}],"curies":[{"name":"wp","href":"https:\/\/api.w.org\/{rel}","templated":true}]}}