{"id":610,"date":"2018-09-25T23:15:59","date_gmt":"2018-09-25T21:15:59","guid":{"rendered":"https:\/\/www.posk.se\/osteraker\/?page_id=610"},"modified":"2018-09-25T23:15:59","modified_gmt":"2018-09-25T21:15:59","slug":"forsamlingsraden","status":"publish","type":"page","link":"https:\/\/www.posk.se\/osteraker\/kyrkval-2017\/forsamlingsraden\/","title":{"rendered":"F\u00f6rsamlingsr\u00e5den"},"content":{"rendered":"<p>H\u00e4r \u00e4r l\u00e4nk till lista \u00f6ver de som \u00e4r med i <a href=\"https:\/\/www.svenskakyrkan.se\/osteraker\/ledamoter-forsamlingsraden\" target=\"_blank\" rel=\"noopener\">F\u00f6rsamlingsr\u00e5det i Ljuster\u00f6-Kulla f\u00f6rsamling och i \u00d6ster\u00e5ker-\u00d6stra Ryds f\u00f6rsamling<\/a><\/p>\n","protected":false},"excerpt":{"rendered":"<p>H\u00e4r \u00e4r l\u00e4nk till lista \u00f6ver de som \u00e4r med i F\u00f6rsamlingsr\u00e5det i Ljuster\u00f6-Kulla f\u00f6rsamling och i \u00d6ster\u00e5ker-\u00d6stra Ryds f\u00f6rsamling<\/p>\n","protected":false},"author":117,"featured_media":0,"parent":49,"menu_order":3,"comment_status":"closed","ping_status":"closed","template":"page-templates\/page-sidebar-left.php","meta":{"_acf_changed":false,"footnotes":""},"class_list":["post-610","page","type-page","status-publish","hentry"],"acf":[],"yoast_head":"<!-- This site is optimized with the Yoast SEO plugin v24.9 - https:\/\/yoast.com\/wordpress\/plugins\/seo\/ -->\n<title>F\u00f6rsamlingsr\u00e5den - \u00d6ster\u00e5ker<\/title>\n<meta name=\"robots\" content=\"index, follow, max-snippet:-1, max-image-preview:large, max-video-preview:-1\" \/>\n<link rel=\"canonical\" href=\"https:\/\/www.posk.se\/osteraker\/kyrkval-2017\/forsamlingsraden\/\" \/>\n<meta property=\"og:locale\" content=\"sv_SE\" \/>\n<meta property=\"og:type\" content=\"article\" \/>\n<meta property=\"og:title\" content=\"F\u00f6rsamlingsr\u00e5den - \u00d6ster\u00e5ker\" \/>\n<meta property=\"og:description\" content=\"H\u00e4r \u00e4r l\u00e4nk till lista \u00f6ver de som \u00e4r med i F\u00f6rsamlingsr\u00e5det i Ljuster\u00f6-Kulla f\u00f6rsamling och i \u00d6ster\u00e5ker-\u00d6stra Ryds f\u00f6rsamling\" \/>\n<meta property=\"og:url\" content=\"https:\/\/www.posk.se\/osteraker\/kyrkval-2017\/forsamlingsraden\/\" \/>\n<meta property=\"og:site_name\" content=\"\u00d6ster\u00e5ker\" \/>\n<meta name=\"twitter:card\" content=\"summary_large_image\" \/>\n<script type=\"application\/ld+json\" class=\"yoast-schema-graph\">{\"@context\":\"https:\/\/schema.org\",\"@graph\":[{\"@type\":\"WebPage\",\"@id\":\"https:\/\/www.posk.se\/osteraker\/kyrkval-2017\/forsamlingsraden\/\",\"url\":\"https:\/\/www.posk.se\/osteraker\/kyrkval-2017\/forsamlingsraden\/\",\"name\":\"F\u00f6rsamlingsr\u00e5den - \u00d6ster\u00e5ker\",\"isPartOf\":{\"@id\":\"https:\/\/www.posk.se\/osteraker\/#website\"},\"datePublished\":\"2018-09-25T21:15:59+00:00\",\"breadcrumb\":{\"@id\":\"https:\/\/www.posk.se\/osteraker\/kyrkval-2017\/forsamlingsraden\/#breadcrumb\"},\"inLanguage\":\"sv-SE\",\"potentialAction\":[{\"@type\":\"ReadAction\",\"target\":[\"https:\/\/www.posk.se\/osteraker\/kyrkval-2017\/forsamlingsraden\/\"]}]},{\"@type\":\"BreadcrumbList\",\"@id\":\"https:\/\/www.posk.se\/osteraker\/kyrkval-2017\/forsamlingsraden\/#breadcrumb\",\"itemListElement\":[{\"@type\":\"ListItem\",\"position\":1,\"name\":\"Hem\",\"item\":\"https:\/\/www.posk.se\/osteraker\/\"},{\"@type\":\"ListItem\",\"position\":2,\"name\":\"Privat: Kyrkoval 2017\",\"item\":\"https:\/\/www.posk.se\/osteraker\/?page_id=49\"},{\"@type\":\"ListItem\",\"position\":3,\"name\":\"F\u00f6rsamlingsr\u00e5den\"}]},{\"@type\":\"WebSite\",\"@id\":\"https:\/\/www.posk.se\/osteraker\/#website\",\"url\":\"https:\/\/www.posk.se\/osteraker\/\",\"name\":\"\u00d6ster\u00e5ker\",\"description\":\"POSK-grupp i Stockholms stift\",\"potentialAction\":[{\"@type\":\"SearchAction\",\"target\":{\"@type\":\"EntryPoint\",\"urlTemplate\":\"https:\/\/www.posk.se\/osteraker\/?s={search_term_string}\"},\"query-input\":{\"@type\":\"PropertyValueSpecification\",\"valueRequired\":true,\"valueName\":\"search_term_string\"}}],\"inLanguage\":\"sv-SE\"}]}<\/script>\n<!-- \/ Yoast SEO plugin. -->","yoast_head_json":{"title":"F\u00f6rsamlingsr\u00e5den - \u00d6ster\u00e5ker","robots":{"index":"index","follow":"follow","max-snippet":"max-snippet:-1","max-image-preview":"max-image-preview:large","max-video-preview":"max-video-preview:-1"},"canonical":"https:\/\/www.posk.se\/osteraker\/kyrkval-2017\/forsamlingsraden\/","og_locale":"sv_SE","og_type":"article","og_title":"F\u00f6rsamlingsr\u00e5den - \u00d6ster\u00e5ker","og_description":"H\u00e4r \u00e4r l\u00e4nk till lista \u00f6ver de som \u00e4r med i F\u00f6rsamlingsr\u00e5det i Ljuster\u00f6-Kulla f\u00f6rsamling och i \u00d6ster\u00e5ker-\u00d6stra Ryds f\u00f6rsamling","og_url":"https:\/\/www.posk.se\/osteraker\/kyrkval-2017\/forsamlingsraden\/","og_site_name":"\u00d6ster\u00e5ker","twitter_card":"summary_large_image","schema":{"@context":"https:\/\/schema.org","@graph":[{"@type":"WebPage","@id":"https:\/\/www.posk.se\/osteraker\/kyrkval-2017\/forsamlingsraden\/","url":"https:\/\/www.posk.se\/osteraker\/kyrkval-2017\/forsamlingsraden\/","name":"F\u00f6rsamlingsr\u00e5den - \u00d6ster\u00e5ker","isPartOf":{"@id":"https:\/\/www.posk.se\/osteraker\/#website"},"datePublished":"2018-09-25T21:15:59+00:00","breadcrumb":{"@id":"https:\/\/www.posk.se\/osteraker\/kyrkval-2017\/forsamlingsraden\/#breadcrumb"},"inLanguage":"sv-SE","potentialAction":[{"@type":"ReadAction","target":["https:\/\/www.posk.se\/osteraker\/kyrkval-2017\/forsamlingsraden\/"]}]},{"@type":"BreadcrumbList","@id":"https:\/\/www.posk.se\/osteraker\/kyrkval-2017\/forsamlingsraden\/#breadcrumb","itemListElement":[{"@type":"ListItem","position":1,"name":"Hem","item":"https:\/\/www.posk.se\/osteraker\/"},{"@type":"ListItem","position":2,"name":"Privat: Kyrkoval 2017","item":"https:\/\/www.posk.se\/osteraker\/?page_id=49"},{"@type":"ListItem","position":3,"name":"F\u00f6rsamlingsr\u00e5den"}]},{"@type":"WebSite","@id":"https:\/\/www.posk.se\/osteraker\/#website","url":"https:\/\/www.posk.se\/osteraker\/","name":"\u00d6ster\u00e5ker","description":"POSK-grupp i Stockholms stift","potentialAction":[{"@type":"SearchAction","target":{"@type":"EntryPoint","urlTemplate":"https:\/\/www.posk.se\/osteraker\/?s={search_term_string}"},"query-input":{"@type":"PropertyValueSpecification","valueRequired":true,"valueName":"search_term_string"}}],"inLanguage":"sv-SE"}]}},"_links":{"self":[{"href":"https:\/\/www.posk.se\/osteraker\/wp-json\/wp\/v2\/pages\/610","targetHints":{"allow":["GET"]}}],"collection":[{"href":"https:\/\/www.posk.se\/osteraker\/wp-json\/wp\/v2\/pages"}],"about":[{"href":"https:\/\/www.posk.se\/osteraker\/wp-json\/wp\/v2\/types\/page"}],"author":[{"embeddable":true,"href":"https:\/\/www.posk.se\/osteraker\/wp-json\/wp\/v2\/users\/117"}],"replies":[{"embeddable":true,"href":"https:\/\/www.posk.se\/osteraker\/wp-json\/wp\/v2\/comments?post=610"}],"version-history":[{"count":4,"href":"https:\/\/www.posk.se\/osteraker\/wp-json\/wp\/v2\/pages\/610\/revisions"}],"predecessor-version":[{"id":614,"href":"https:\/\/www.posk.se\/osteraker\/wp-json\/wp\/v2\/pages\/610\/revisions\/614"}],"up":[{"embeddable":true,"href":"https:\/\/www.posk.se\/osteraker\/wp-json\/wp\/v2\/pages\/49"}],"wp:attachment":[{"href":"https:\/\/www.posk.se\/osteraker\/wp-json\/wp\/v2\/media?parent=610"}],"curies":[{"name":"wp","href":"https:\/\/api.w.org\/{rel}","templated":true}]}}