{"id":161,"date":"2021-08-27T15:35:18","date_gmt":"2021-08-27T13:35:18","guid":{"rendered":"https:\/\/www.posk.se\/osseby\/?page_id=161"},"modified":"2021-09-08T15:21:06","modified_gmt":"2021-09-08T13:21:06","slug":"valprogram-2021","status":"publish","type":"page","link":"https:\/\/www.posk.se\/osseby\/valprogram-2021\/","title":{"rendered":"Valprogram 2021"},"content":{"rendered":"<p><span style=\"font-weight: 400\">POSK, Partipolitiskt obundna i Svenska kyrkan, \u00e4r den st\u00f6rsta demokratiska organisationen i Svenska kyrkan f\u00f6r den som vill ta ansvar som f\u00f6rtroendevald utan att binda sig till n\u00e5got allm\u00e4npolitiskt parti.\u00a0<\/span><\/p>\n<p>&nbsp;<\/p>\n<h1><span style=\"font-weight: 400\">POSK i \u00d6sseby valprogram 2021<\/span><\/h1>\n<p><span style=\"font-weight: 400\">POSK i \u00d6sseby \u00e4r f\u00f6r en fri r\u00f6st i en kyrka, fri fr\u00e5n partipolitik.<\/span><\/p>\n<p><span style=\"font-weight: 400\">Engagemanget f\u00f6r f\u00f6rsamlingen, bygden och den kristna tron \u00e4r drivkraften i det vi vill g\u00f6ra. V\u00e5r vision \u00e4r att \u00d6sseby f\u00f6rsamling ska finnas till f\u00f6r alla m\u00e4nniskor som bor och vistas h\u00e4r. I v\u00e5r kyrka \u00e4r det h\u00f6gt i tak och alla f\u00e5r plats, vi m\u00f6ts med respekt och i gemenskap i den kristna tron.<\/span><\/p>\n<p>&nbsp;<\/p>\n<h2><span style=\"font-weight: 400\">Medm\u00e4nsklighet<\/span><\/h2>\n<p><span style=\"font-weight: 400\">Medm\u00e4nsklighet \u00e4r en grundl\u00e4ggande v\u00e4rdering i den kristna tron och ska genomsyra kyrkans hela verksamhet. Behovet av medm\u00e4nsklighet i v\u00e5rt samh\u00e4lle idag \u00e4r stort och kan se ut p\u00e5 olika s\u00e4tt. V\u00e5r f\u00f6rsamling ska alltid erbjuda gemenskap, st\u00e5 p\u00e5 den utsattes sida, vara \u00f6ppen och v\u00e4lkomnande f\u00f6r varje m\u00e4nniska.<\/span><\/p>\n<p><span style=\"font-weight: 400\">POSK i \u00d6sseby vill att f\u00f6rsamlingen tar ett tydligt st\u00e4llningstagande f\u00f6r medm\u00e4nsklighet. F\u00f6rsamlingen ska finnas och verka i m\u00f6tet mellan m\u00e4nniskor, f\u00f6r alla som bor och vistas i v\u00e5r bygd.<\/span><\/p>\n<p><span style=\"font-weight: 400\">Vi vill \u00f6ppna ett caf\u00e9 f\u00f6r att \u00f6ka gemenskapen och skapa en trygg och trevlig m\u00f6tesplats f\u00f6r alla m\u00e4nniskor i bygden. H\u00e4r blir f\u00f6rsamlingens verksamhet tillg\u00e4nglig f\u00f6r alla och v\u00e5r f\u00f6rhoppning \u00e4r att caf\u00e9et kan bli en viktig knytpunkt f\u00f6r m\u00e5nga m\u00e4nniskor i omr\u00e5det. H\u00e4r ska det vara l\u00e4tt att m\u00f6tas, p\u00e5 v\u00e4g till\/fr\u00e5n arbetet eller skolan, p\u00e5 v\u00e4g till ICA eller p\u00e5 promenaden.<\/span><\/p>\n<p><span style=\"font-weight: 400\">POSK vill anst\u00e4lla en diakon. Diakoni \u00e4r kyrkans sociala arbete och inneb\u00e4r att st\u00e5 p\u00e5 den svages sida och m\u00f6ta m\u00e4nniskor i utsatta livssituationer. F\u00f6r att p\u00e5 riktigt arbeta f\u00f6r medm\u00e4nsklighet beh\u00f6ver f\u00f6rsamlingen en diakon.<\/span><\/p>\n<p><span style=\"font-weight: 400\">En viktig del i kyrkans verksamhet b\u00e4rs upp av ideella krafter och engagemang. Vi beh\u00f6ver st\u00e4rka och utveckla det viktiga arbete som utf\u00f6rs av volont\u00e4rer. Den ideella verksamheten tror vi kan v\u00e4xa och beh\u00f6ver utvecklas. F\u00f6r att detta ska vara m\u00f6jligt \u00e4r det viktigt med r\u00e4tt st\u00f6d fr\u00e5n f\u00f6rsamlingen. Kyrkan i \u00d6sseby beh\u00f6ver en balans mellan ideella krafter och anst\u00e4llda i f\u00f6rsamlingen. Vi vill ut\u00f6ka personalgruppen och \u00e5teranst\u00e4lla, speciellt inom barn- och ungdomsverksamheten.<\/span><\/p>\n<p><span style=\"font-weight: 400\">En medm\u00e4nsklig kyrka betyder att alla m\u00e4nniskor \u00e4r v\u00e4lkomna. Vi vill vara med och st\u00f6tta de som \u00e4r nya i Sverige, vi vill erbjuda nyanl\u00e4nda en plats i f\u00f6rsamlingens gemenskap<\/span><\/p>\n<p><span style=\"font-weight: 400\">Under mandatperioden 2022\u20132025 vill POSK i \u00d6sseby verka f\u00f6r<\/span><\/p>\n<p><strong><i>att <\/i><\/strong><span style=\"font-weight: 400\">\u00f6ppna ett caf\u00e9 som kan bli en viktig m\u00f6tesplats f\u00f6r alla i bygden<br \/>\n<\/span><strong><i>att <\/i><\/strong><span style=\"font-weight: 400\">anst\u00e4lla en diakon som s\u00f6ker upp och st\u00f6ttar m\u00e4nniskor i olika livssituationer<br \/>\n<\/span><strong><i>att <\/i><\/strong><span style=\"font-weight: 400\">erbjuda nyanl\u00e4nda en plats i f\u00f6rsamlingens gemenskap<\/span><\/p>\n<h2><span style=\"font-weight: 400\">Milj\u00f6\/klimat<\/span><\/h2>\n<p><span style=\"font-weight: 400\">Klimatkrisen v\u00e4cker oro och \u00e5ngest hos m\u00e5nga. Milj\u00f6- och klimatfr\u00e5gorna \u00e4r stora och viktiga och arbetet med att minska v\u00e5rt klimatavtryck m\u00e5ste tas p\u00e5 allvar. POSK tror p\u00e5 hopp och f\u00f6r\u00e4ndring, vi m\u00e5ste l\u00e5ta milj\u00f6- och klimatfr\u00e5gorna vara en del i f\u00f6rsamlingens dagliga verksamhet, b\u00e5de i de sm\u00e5 och i de stora besluten. F\u00f6rsamlingen beh\u00f6ver ocks\u00e5 vara \u00f6ppen f\u00f6r fr\u00e5gor av existentiell natur som klimatkrisen v\u00e4cker och m\u00f6ta upp detta i v\u00e5ra forum.<\/span><\/p>\n<p><span style=\"font-weight: 400\">POSK vill bygga en h\u00e5llbar f\u00f6rsamling i \u00d6sseby och verka f\u00f6r ett h\u00e5llbart samh\u00e4lle d\u00e4r klimat och milj\u00f6fr\u00e5gorna har en sj\u00e4lvklar plats. POSK vill att alla beslut som fattas i kyrkan sker i beaktande av f\u00f6rsamlingens resursf\u00f6rbrukning och ekologiska p\u00e5verkan. Konkret inneb\u00e4r detta exempelvis att f\u00f6rsamlingen handlar n\u00e4rproducerat, tex mat\/fika och blommor till gudstj\u00e4nster och kyrkkaffe. Vi kanske odlar egna blommor och gr\u00f6nsaker som en del i verksamheten, eller beaktar milj\u00f6\/klimatp\u00e5verkan vid beslut om var samlingslokaler i bygden \u00e4r placerade. POSK vill \u00e4ven att kyrkog\u00e5rdsf\u00f6rvaltningen ser \u00f6ver sin klimatp\u00e5verkan och anv\u00e4nder koldioxidfria redskap och fordon.\u00a0<\/span><\/p>\n<p><span style=\"font-weight: 400\">Som st\u00f6d f\u00f6r att n\u00e5 m\u00e5let att bli en h\u00e5llbar f\u00f6rsamling vill POSK att \u00d6sseby f\u00f6rsamling milj\u00f6diplomeras i enlighet med Svenska kyrkans \u00f6nskem\u00e5l. Det inneb\u00e4r en genomsyn av all verksamhet och konkreta f\u00f6rslag till vad som b\u00f6r f\u00f6r\u00e4ndras f\u00f6r att f\u00f6rsamlingen ska minska sitt klimatavtryck.<\/span><\/p>\n<p><span style=\"font-weight: 400\">Under mandatperioden 2022\u20132025 vill POSK i \u00d6sseby verka f\u00f6r<\/span><\/p>\n<p><strong><i>att <\/i><\/strong><span style=\"font-weight: 400\">f\u00f6rsamlingen i \u00d6sseby milj\u00f6diplomeras enligt Svenska kyrkans modell<br \/>\n<\/span><strong><i>att<\/i><\/strong> <span style=\"font-weight: 400\">kyrkog\u00e5rdsf\u00f6rvaltningen anv\u00e4nder koldioxidfria redskap och fordon<\/span><\/p>\n<h2><span style=\"font-weight: 400\">M\u00f6tesplatser<\/span><\/h2>\n<p><span style=\"font-weight: 400\">POSK i \u00d6sseby\u00a0 vill verka f\u00f6r en f\u00f6rsamling som g\u00f6r det enkelt f\u00f6r m\u00e4nniskor att tr\u00e4ffas, umg\u00e5s och m\u00f6tas \u00f6ver generationsgr\u00e4nserna. Vi vill ha fler enkla och naturliga m\u00f6tesplatser som ligger n\u00e4ra skola, bibliotek och kommunikationer. Det ska vara l\u00e4tt att ta sig till kyrkans aktiviteter.\u00a0<\/span><\/p>\n<p><span style=\"font-weight: 400\">F\u00f6r att \u00f6ka tillg\u00e4ngligheten f\u00f6r \u00e4ldre och r\u00f6relsehindrade vill POSK ha ramper till v\u00e5ra kyrkor och f\u00f6rsamlingshem i f\u00f6rsamlingen.<\/span><\/p>\n<p><span style=\"font-weight: 400\">POSK vill ha mer musik i kyrkorna. Musiken i f\u00f6rsamlingen \u00e4r viktig f\u00f6r s\u00e5 m\u00e5nga m\u00e4nniskor och vi vill \u00f6ppna upp f\u00f6r fler att delta i, eller ta del av, ett rikt musikliv. K\u00f6rer f\u00f6r alla \u00e5ldrar, h\u00f6gtider som firas tillsammans med musik och s\u00e5ng samt olika konserter under hela \u00e5ret.\u00a0<\/span><\/p>\n<p><span style=\"font-weight: 400\">Vi vill att f\u00f6rsamlingen erbjuder aktiviteter f\u00f6r alla \u00e5ldrar, d\u00e4r deltagarna f\u00e5r vara med och p\u00e5verka inneh\u00e5llet. Det kan exempelvis vara aktuella f\u00f6rel\u00e4sningar, scouter, ungdomsgrupp, matlagningsgrupper eller annat. Kyrkan ska vara \u00f6ppen f\u00f6r alla. POSK vill ocks\u00e5 \u00f6ppna upp och utveckla samarbetet med skolor och f\u00f6reningar i bygden, g\u00e4rna hitta nya samverkansformer och gemensamma aktiviteter.<\/span><\/p>\n<p><span style=\"font-weight: 400\">F\u00f6rsamlingens fyra gamla fina kyrkor vill vi givetvis forts\u00e4tta nyttja till gudstj\u00e4nst, dop, br\u00f6llop, konserter med mera. F\u00f6rsamlingens kyrkor och f\u00f6rsamlingshem ska h\u00e5llas \u00f6ppna mer. I v\u00e5ra kyrkor, f\u00f6rsamlingshem och v\u00e5ra andra m\u00f6tesplatser vill vi bjuda in till samtal om livet och kristen tro.<\/span><\/p>\n<p><span style=\"font-weight: 400\">Under mandatperioden 2022\u20132025 vill POSK i \u00d6sseby verka f\u00f6r<\/span><\/p>\n<p><i><span style=\"font-weight: 400\"><strong>att<\/strong> <\/span><\/i><span style=\"font-weight: 400\">f\u00f6rsamlingen f\u00e5r fler tillg\u00e4ngliga m\u00f6tesplatser<br \/>\n<\/span><i><span style=\"font-weight: 400\"><strong>att<\/strong> <\/span><\/i><span style=\"font-weight: 400\">vi har mer musik och aktiviteter i v\u00e5ra kyrkor<br \/>\n<\/span><strong><i>att<\/i><\/strong> <span style=\"font-weight: 400\">v\u00e5ra kyrkor och lokaler h\u00e5lls mer \u00f6ppna<\/span><\/p>\n<h2><span style=\"font-weight: 400\">Med mycket mera<\/span><\/h2>\n<p><span style=\"font-weight: 400\">\u00d6sseby f\u00f6rsamling \u00e4r viktig f\u00f6r bygden och vi ska finnas d\u00e4r f\u00f6r alla m\u00e4nniskor, ung som gammal. Vi ska finnas i gl\u00e4dje och i sorg, i livets alla skeden, fr\u00e5n dop, konfirmation till br\u00f6llop och begravning.<\/span><\/p>\n<p><span style=\"font-weight: 400\">POSK i \u00d6sseby vill att f\u00f6rsamlingen blir mer tillg\u00e4nglig och inbjuder till delaktighet, t ex genom att erbjuda f\u00f6rsamlingsbor att delta i planeringen av gudstj\u00e4nster eller aktiviteter.\u00a0<\/span><\/p>\n<p><span style=\"font-weight: 400\">POSK vill ocks\u00e5 skapa m\u00f6jlighet f\u00f6r allm\u00e4nheten att ta upp egna f\u00f6rslag och fr\u00e5gor, och vi samverkar f\u00f6rst\u00e5s med \u00f6vriga nomineringsgrupper med f\u00f6rsamlingens b\u00e4sta f\u00f6r \u00f6gonen.<\/span><\/p>\n<p><span style=\"font-weight: 400\">POSK verkar f\u00f6r \u00f6kad transparens och menar att alla i f\u00f6rsamlingen har r\u00e4tt till insyn och information. Vi vill att protokoll fr\u00e5n kyrkofullm\u00e4ktige och kyrkor\u00e5d finns tillg\u00e4ngliga p\u00e5 f\u00f6rsamlingens hemsida.\u00a0<\/span><\/p>\n","protected":false},"excerpt":{"rendered":"<p>POSK, Partipolitiskt obundna i Svenska kyrkan, \u00e4r den st\u00f6rsta demokratiska organisationen i Svenska kyrkan f\u00f6r den som vill ta ansvar som f\u00f6rtroendevald utan att binda sig till n\u00e5got allm\u00e4npolitiskt parti.\u00a0 &nbsp; POSK i \u00d6sseby valprogram 2021 POSK i \u00d6sseby \u00e4r f\u00f6r en fri r\u00f6st i en kyrka, fri fr\u00e5n partipolitik. Engagemanget f\u00f6r f\u00f6rsamlingen, bygden och [&hellip;]<\/p>\n","protected":false},"author":164,"featured_media":0,"parent":0,"menu_order":2,"comment_status":"closed","ping_status":"closed","template":"page-templates\/page-sidebar-left.php","meta":{"_acf_changed":false,"footnotes":""},"class_list":["post-161","page","type-page","status-publish","hentry"],"acf":[],"yoast_head":"<!-- This site is optimized with the Yoast SEO plugin v24.9 - https:\/\/yoast.com\/wordpress\/plugins\/seo\/ -->\n<title>Valprogram 2021 - \u00d6sseby<\/title>\n<meta name=\"robots\" content=\"index, follow, max-snippet:-1, max-image-preview:large, max-video-preview:-1\" \/>\n<link rel=\"canonical\" href=\"https:\/\/www.posk.se\/osseby\/valprogram-2021\/\" \/>\n<meta property=\"og:locale\" content=\"sv_SE\" \/>\n<meta property=\"og:type\" content=\"article\" \/>\n<meta property=\"og:title\" content=\"Valprogram 2021 - \u00d6sseby\" \/>\n<meta property=\"og:description\" content=\"POSK, Partipolitiskt obundna i Svenska kyrkan, \u00e4r den st\u00f6rsta demokratiska organisationen i Svenska kyrkan f\u00f6r den som vill ta ansvar som f\u00f6rtroendevald utan att binda sig till n\u00e5got allm\u00e4npolitiskt parti.\u00a0 &nbsp; POSK i \u00d6sseby valprogram 2021 POSK i \u00d6sseby \u00e4r f\u00f6r en fri r\u00f6st i en kyrka, fri fr\u00e5n partipolitik. Engagemanget f\u00f6r f\u00f6rsamlingen, bygden och [&hellip;]\" \/>\n<meta property=\"og:url\" content=\"https:\/\/www.posk.se\/osseby\/valprogram-2021\/\" \/>\n<meta property=\"og:site_name\" content=\"\u00d6sseby\" \/>\n<meta property=\"article:modified_time\" content=\"2021-09-08T13:21:06+00:00\" \/>\n<meta name=\"twitter:card\" content=\"summary_large_image\" \/>\n<meta name=\"twitter:label1\" content=\"Ber\u00e4knad l\u00e4stid\" \/>\n\t<meta name=\"twitter:data1\" content=\"5 minuter\" \/>\n<script type=\"application\/ld+json\" class=\"yoast-schema-graph\">{\"@context\":\"https:\/\/schema.org\",\"@graph\":[{\"@type\":\"WebPage\",\"@id\":\"https:\/\/www.posk.se\/osseby\/valprogram-2021\/\",\"url\":\"https:\/\/www.posk.se\/osseby\/valprogram-2021\/\",\"name\":\"Valprogram 2021 - \u00d6sseby\",\"isPartOf\":{\"@id\":\"https:\/\/www.posk.se\/osseby\/#website\"},\"datePublished\":\"2021-08-27T13:35:18+00:00\",\"dateModified\":\"2021-09-08T13:21:06+00:00\",\"breadcrumb\":{\"@id\":\"https:\/\/www.posk.se\/osseby\/valprogram-2021\/#breadcrumb\"},\"inLanguage\":\"sv-SE\",\"potentialAction\":[{\"@type\":\"ReadAction\",\"target\":[\"https:\/\/www.posk.se\/osseby\/valprogram-2021\/\"]}]},{\"@type\":\"BreadcrumbList\",\"@id\":\"https:\/\/www.posk.se\/osseby\/valprogram-2021\/#breadcrumb\",\"itemListElement\":[{\"@type\":\"ListItem\",\"position\":1,\"name\":\"Hem\",\"item\":\"https:\/\/www.posk.se\/osseby\/\"},{\"@type\":\"ListItem\",\"position\":2,\"name\":\"Valprogram 2021\"}]},{\"@type\":\"WebSite\",\"@id\":\"https:\/\/www.posk.se\/osseby\/#website\",\"url\":\"https:\/\/www.posk.se\/osseby\/\",\"name\":\"\u00d6sseby\",\"description\":\"POSK-grupp i Stockholms stift\",\"potentialAction\":[{\"@type\":\"SearchAction\",\"target\":{\"@type\":\"EntryPoint\",\"urlTemplate\":\"https:\/\/www.posk.se\/osseby\/?s={search_term_string}\"},\"query-input\":{\"@type\":\"PropertyValueSpecification\",\"valueRequired\":true,\"valueName\":\"search_term_string\"}}],\"inLanguage\":\"sv-SE\"}]}<\/script>\n<!-- \/ Yoast SEO plugin. -->","yoast_head_json":{"title":"Valprogram 2021 - \u00d6sseby","robots":{"index":"index","follow":"follow","max-snippet":"max-snippet:-1","max-image-preview":"max-image-preview:large","max-video-preview":"max-video-preview:-1"},"canonical":"https:\/\/www.posk.se\/osseby\/valprogram-2021\/","og_locale":"sv_SE","og_type":"article","og_title":"Valprogram 2021 - \u00d6sseby","og_description":"POSK, Partipolitiskt obundna i Svenska kyrkan, \u00e4r den st\u00f6rsta demokratiska organisationen i Svenska kyrkan f\u00f6r den som vill ta ansvar som f\u00f6rtroendevald utan att binda sig till n\u00e5got allm\u00e4npolitiskt parti.\u00a0 &nbsp; POSK i \u00d6sseby valprogram 2021 POSK i \u00d6sseby \u00e4r f\u00f6r en fri r\u00f6st i en kyrka, fri fr\u00e5n partipolitik. Engagemanget f\u00f6r f\u00f6rsamlingen, bygden och [&hellip;]","og_url":"https:\/\/www.posk.se\/osseby\/valprogram-2021\/","og_site_name":"\u00d6sseby","article_modified_time":"2021-09-08T13:21:06+00:00","twitter_card":"summary_large_image","twitter_misc":{"Ber\u00e4knad l\u00e4stid":"5 minuter"},"schema":{"@context":"https:\/\/schema.org","@graph":[{"@type":"WebPage","@id":"https:\/\/www.posk.se\/osseby\/valprogram-2021\/","url":"https:\/\/www.posk.se\/osseby\/valprogram-2021\/","name":"Valprogram 2021 - \u00d6sseby","isPartOf":{"@id":"https:\/\/www.posk.se\/osseby\/#website"},"datePublished":"2021-08-27T13:35:18+00:00","dateModified":"2021-09-08T13:21:06+00:00","breadcrumb":{"@id":"https:\/\/www.posk.se\/osseby\/valprogram-2021\/#breadcrumb"},"inLanguage":"sv-SE","potentialAction":[{"@type":"ReadAction","target":["https:\/\/www.posk.se\/osseby\/valprogram-2021\/"]}]},{"@type":"BreadcrumbList","@id":"https:\/\/www.posk.se\/osseby\/valprogram-2021\/#breadcrumb","itemListElement":[{"@type":"ListItem","position":1,"name":"Hem","item":"https:\/\/www.posk.se\/osseby\/"},{"@type":"ListItem","position":2,"name":"Valprogram 2021"}]},{"@type":"WebSite","@id":"https:\/\/www.posk.se\/osseby\/#website","url":"https:\/\/www.posk.se\/osseby\/","name":"\u00d6sseby","description":"POSK-grupp i Stockholms stift","potentialAction":[{"@type":"SearchAction","target":{"@type":"EntryPoint","urlTemplate":"https:\/\/www.posk.se\/osseby\/?s={search_term_string}"},"query-input":{"@type":"PropertyValueSpecification","valueRequired":true,"valueName":"search_term_string"}}],"inLanguage":"sv-SE"}]}},"_links":{"self":[{"href":"https:\/\/www.posk.se\/osseby\/wp-json\/wp\/v2\/pages\/161","targetHints":{"allow":["GET"]}}],"collection":[{"href":"https:\/\/www.posk.se\/osseby\/wp-json\/wp\/v2\/pages"}],"about":[{"href":"https:\/\/www.posk.se\/osseby\/wp-json\/wp\/v2\/types\/page"}],"author":[{"embeddable":true,"href":"https:\/\/www.posk.se\/osseby\/wp-json\/wp\/v2\/users\/164"}],"replies":[{"embeddable":true,"href":"https:\/\/www.posk.se\/osseby\/wp-json\/wp\/v2\/comments?post=161"}],"version-history":[{"count":26,"href":"https:\/\/www.posk.se\/osseby\/wp-json\/wp\/v2\/pages\/161\/revisions"}],"predecessor-version":[{"id":342,"href":"https:\/\/www.posk.se\/osseby\/wp-json\/wp\/v2\/pages\/161\/revisions\/342"}],"wp:attachment":[{"href":"https:\/\/www.posk.se\/osseby\/wp-json\/wp\/v2\/media?parent=161"}],"curies":[{"name":"wp","href":"https:\/\/api.w.org\/{rel}","templated":true}]}}