{"id":5,"date":"2025-04-28T08:53:28","date_gmt":"2025-04-28T06:53:28","guid":{"rendered":"https:\/\/www.posk.se\/orust\/?page_id=5"},"modified":"2025-09-03T16:57:59","modified_gmt":"2025-09-03T14:57:59","slug":"startsidan","status":"publish","type":"page","link":"https:\/\/www.posk.se\/orust\/","title":{"rendered":"Startsidan"},"content":{"rendered":"<p>POSK i Orusts pastorat har precis bildats och vi ser fram emot att ber\u00e4tta mer om v\u00e5rt arbete.<\/p>\n<p>Just nu \u00e4r fokus p\u00e5 kyrkovalet. L\u00e4s mer <a href=\"https:\/\/www.posk.se\/orust\/kyrkoval-2025\/\">h\u00e4r<\/a>.<\/p>\n<h3 data-start=\"433\" data-end=\"457\">Vad st\u00e5r POSK p\u00e5 Orust f\u00f6r?<\/h3>\n<ul data-start=\"458\" data-end=\"960\">\n<li data-start=\"458\" data-end=\"579\">\n<p data-start=\"460\" data-end=\"579\"><strong data-start=\"460\" data-end=\"488\">Kyrkan som trosgemenskap<\/strong> \u2013 Beslut ska grundas p\u00e5 kristen tro och kyrkans uppdrag, inte p\u00e5 partipolitiska program.<\/p>\n<\/li>\n<li data-start=\"580\" data-end=\"707\">\n<p data-start=\"582\" data-end=\"707\"><strong data-start=\"582\" data-end=\"610\">\u00d6ppenhet och delaktighet<\/strong> \u2013 Alla som vill bidra i kyrkan ska kunna g\u00f6ra det utan att beh\u00f6va ta st\u00e4llning partipolitiskt.<\/p>\n<\/li>\n<li data-start=\"708\" data-end=\"853\">\n<p data-start=\"710\" data-end=\"853\"><strong data-start=\"710\" data-end=\"732\">L\u00e5ngsiktigt ansvar<\/strong> \u2013 Kyrkans ekonomiska och materiella resurser ska v\u00e5rdas omsorgsfullt och anv\u00e4ndas f\u00f6r verksamhet, diakoni och framtid.<\/p>\n<\/li>\n<li data-start=\"854\" data-end=\"960\">\n<p data-start=\"856\" data-end=\"960\"><strong data-start=\"856\" data-end=\"882\">Fokus p\u00e5 kyrkans k\u00e4rna<\/strong> \u2013 Gudstj\u00e4nst, undervisning, mission och diakoni \u00e4r centrum f\u00f6r allt vi g\u00f6r.<\/p>\n<\/li>\n<\/ul>\n<p data-start=\"990\" data-end=\"1026\">I Orust pastorat arbetar POSK f\u00f6r:<\/p>\n<ul data-start=\"1027\" data-end=\"1299\">\n<li data-start=\"1027\" data-end=\"1089\">\n<p data-start=\"1029\" data-end=\"1089\">En levande gudstj\u00e4nstgemenskap i alla delar av pastoratet.<\/p>\n<\/li>\n<li data-start=\"1090\" data-end=\"1149\">\n<p data-start=\"1092\" data-end=\"1149\">St\u00f6d till barn, unga och familjer i kyrkans verksamhet.<\/p>\n<\/li>\n<li data-start=\"1150\" data-end=\"1223\">\n<p data-start=\"1152\" data-end=\"1223\">Omtanke om milj\u00f6 och h\u00e5llbarhet i pastoratets arbete och f\u00f6rvaltning.<\/p>\n<\/li>\n<li data-start=\"1224\" data-end=\"1299\">\n<p data-start=\"1226\" data-end=\"1299\">Ett n\u00e4ra samarbete mellan f\u00f6rsamlingarna s\u00e5 att resurser anv\u00e4nds klokt.<\/p>\n<\/li>\n<\/ul>\n<p data-start=\"1301\" data-end=\"1422\"><strong data-start=\"1301\" data-end=\"1339\">V\u00e5ra ledam\u00f6ter i kyrkofullm\u00e4ktige:<\/strong><br data-start=\"1339\" data-end=\"1342\" \/><em data-start=\"1342\" data-end=\"1420\">Ina Olsvik<\/em><\/p>\n<h4 class=\"&quot;kyrkovalet_se&quot;\">Kontaktperson: Ina Olsvik\u00a0 ina@olsvik.se<\/h4>\n","protected":false},"excerpt":{"rendered":"<p>POSK i Orusts pastorat har precis bildats och vi ser fram emot att ber\u00e4tta mer om v\u00e5rt arbete. Just nu \u00e4r fokus p\u00e5 kyrkovalet. L\u00e4s mer h\u00e4r. Vad st\u00e5r POSK p\u00e5 Orust f\u00f6r? Kyrkan som trosgemenskap \u2013 Beslut ska grundas p\u00e5 kristen tro och kyrkans uppdrag, inte p\u00e5 partipolitiska program. \u00d6ppenhet och delaktighet \u2013 Alla [&hellip;]<\/p>\n","protected":false},"author":91,"featured_media":17,"parent":0,"menu_order":0,"comment_status":"closed","ping_status":"closed","template":"page-templates\/page-sidebar-left.php","meta":{"_acf_changed":false,"footnotes":""},"class_list":["post-5","page","type-page","status-publish","has-post-thumbnail","hentry"],"acf":[],"yoast_head":"<!-- This site is optimized with the Yoast SEO plugin v24.9 - https:\/\/yoast.com\/wordpress\/plugins\/seo\/ -->\n<title>Startsidan - Orust<\/title>\n<meta name=\"robots\" content=\"index, follow, max-snippet:-1, max-image-preview:large, max-video-preview:-1\" \/>\n<link rel=\"canonical\" href=\"https:\/\/www.posk.se\/orust\/\" \/>\n<meta property=\"og:locale\" content=\"sv_SE\" \/>\n<meta property=\"og:type\" content=\"article\" \/>\n<meta property=\"og:title\" content=\"Startsidan - Orust\" \/>\n<meta property=\"og:description\" content=\"POSK i Orusts pastorat har precis bildats och vi ser fram emot att ber\u00e4tta mer om v\u00e5rt arbete. Just nu \u00e4r fokus p\u00e5 kyrkovalet. L\u00e4s mer h\u00e4r. Vad st\u00e5r POSK p\u00e5 Orust f\u00f6r? Kyrkan som trosgemenskap \u2013 Beslut ska grundas p\u00e5 kristen tro och kyrkans uppdrag, inte p\u00e5 partipolitiska program. \u00d6ppenhet och delaktighet \u2013 Alla [&hellip;]\" \/>\n<meta property=\"og:url\" content=\"https:\/\/www.posk.se\/orust\/\" \/>\n<meta property=\"og:site_name\" content=\"Orust\" \/>\n<meta property=\"article:modified_time\" content=\"2025-09-03T14:57:59+00:00\" \/>\n<meta property=\"og:image\" content=\"https:\/\/www.posk.se\/orust\/wp-content\/uploads\/sites\/303\/2025\/07\/img-4719-scaled.jpg\" \/>\n\t<meta property=\"og:image:width\" content=\"2560\" \/>\n\t<meta property=\"og:image:height\" content=\"1920\" \/>\n\t<meta property=\"og:image:type\" content=\"image\/jpeg\" \/>\n<meta name=\"twitter:card\" content=\"summary_large_image\" \/>\n<meta name=\"twitter:label1\" content=\"Ber\u00e4knad l\u00e4stid\" \/>\n\t<meta name=\"twitter:data1\" content=\"1 minut\" \/>\n<script type=\"application\/ld+json\" class=\"yoast-schema-graph\">{\"@context\":\"https:\/\/schema.org\",\"@graph\":[{\"@type\":\"WebPage\",\"@id\":\"https:\/\/www.posk.se\/orust\/\",\"url\":\"https:\/\/www.posk.se\/orust\/\",\"name\":\"Startsidan - Orust\",\"isPartOf\":{\"@id\":\"https:\/\/www.posk.se\/orust\/#website\"},\"primaryImageOfPage\":{\"@id\":\"https:\/\/www.posk.se\/orust\/#primaryimage\"},\"image\":{\"@id\":\"https:\/\/www.posk.se\/orust\/#primaryimage\"},\"thumbnailUrl\":\"https:\/\/www.posk.se\/orust\/wp-content\/uploads\/sites\/303\/2025\/07\/img-4719-scaled.jpg\",\"datePublished\":\"2025-04-28T06:53:28+00:00\",\"dateModified\":\"2025-09-03T14:57:59+00:00\",\"breadcrumb\":{\"@id\":\"https:\/\/www.posk.se\/orust\/#breadcrumb\"},\"inLanguage\":\"sv-SE\",\"potentialAction\":[{\"@type\":\"ReadAction\",\"target\":[\"https:\/\/www.posk.se\/orust\/\"]}]},{\"@type\":\"ImageObject\",\"inLanguage\":\"sv-SE\",\"@id\":\"https:\/\/www.posk.se\/orust\/#primaryimage\",\"url\":\"https:\/\/www.posk.se\/orust\/wp-content\/uploads\/sites\/303\/2025\/07\/img-4719-scaled.jpg\",\"contentUrl\":\"https:\/\/www.posk.se\/orust\/wp-content\/uploads\/sites\/303\/2025\/07\/img-4719-scaled.jpg\",\"width\":2560,\"height\":1920},{\"@type\":\"BreadcrumbList\",\"@id\":\"https:\/\/www.posk.se\/orust\/#breadcrumb\",\"itemListElement\":[{\"@type\":\"ListItem\",\"position\":1,\"name\":\"Hem\",\"item\":\"https:\/\/www.posk.se\/orust\/\"},{\"@type\":\"ListItem\",\"position\":2,\"name\":\"Startsidan\"}]},{\"@type\":\"WebSite\",\"@id\":\"https:\/\/www.posk.se\/orust\/#website\",\"url\":\"https:\/\/www.posk.se\/orust\/\",\"name\":\"Orust\",\"description\":\"POSK-grupp i G\u00f6teborgs stift\",\"potentialAction\":[{\"@type\":\"SearchAction\",\"target\":{\"@type\":\"EntryPoint\",\"urlTemplate\":\"https:\/\/www.posk.se\/orust\/?s={search_term_string}\"},\"query-input\":{\"@type\":\"PropertyValueSpecification\",\"valueRequired\":true,\"valueName\":\"search_term_string\"}}],\"inLanguage\":\"sv-SE\"}]}<\/script>\n<!-- \/ Yoast SEO plugin. -->","yoast_head_json":{"title":"Startsidan - Orust","robots":{"index":"index","follow":"follow","max-snippet":"max-snippet:-1","max-image-preview":"max-image-preview:large","max-video-preview":"max-video-preview:-1"},"canonical":"https:\/\/www.posk.se\/orust\/","og_locale":"sv_SE","og_type":"article","og_title":"Startsidan - Orust","og_description":"POSK i Orusts pastorat har precis bildats och vi ser fram emot att ber\u00e4tta mer om v\u00e5rt arbete. Just nu \u00e4r fokus p\u00e5 kyrkovalet. L\u00e4s mer h\u00e4r. Vad st\u00e5r POSK p\u00e5 Orust f\u00f6r? Kyrkan som trosgemenskap \u2013 Beslut ska grundas p\u00e5 kristen tro och kyrkans uppdrag, inte p\u00e5 partipolitiska program. \u00d6ppenhet och delaktighet \u2013 Alla [&hellip;]","og_url":"https:\/\/www.posk.se\/orust\/","og_site_name":"Orust","article_modified_time":"2025-09-03T14:57:59+00:00","og_image":[{"width":2560,"height":1920,"url":"https:\/\/www.posk.se\/orust\/wp-content\/uploads\/sites\/303\/2025\/07\/img-4719-scaled.jpg","type":"image\/jpeg"}],"twitter_card":"summary_large_image","twitter_misc":{"Ber\u00e4knad l\u00e4stid":"1 minut"},"schema":{"@context":"https:\/\/schema.org","@graph":[{"@type":"WebPage","@id":"https:\/\/www.posk.se\/orust\/","url":"https:\/\/www.posk.se\/orust\/","name":"Startsidan - Orust","isPartOf":{"@id":"https:\/\/www.posk.se\/orust\/#website"},"primaryImageOfPage":{"@id":"https:\/\/www.posk.se\/orust\/#primaryimage"},"image":{"@id":"https:\/\/www.posk.se\/orust\/#primaryimage"},"thumbnailUrl":"https:\/\/www.posk.se\/orust\/wp-content\/uploads\/sites\/303\/2025\/07\/img-4719-scaled.jpg","datePublished":"2025-04-28T06:53:28+00:00","dateModified":"2025-09-03T14:57:59+00:00","breadcrumb":{"@id":"https:\/\/www.posk.se\/orust\/#breadcrumb"},"inLanguage":"sv-SE","potentialAction":[{"@type":"ReadAction","target":["https:\/\/www.posk.se\/orust\/"]}]},{"@type":"ImageObject","inLanguage":"sv-SE","@id":"https:\/\/www.posk.se\/orust\/#primaryimage","url":"https:\/\/www.posk.se\/orust\/wp-content\/uploads\/sites\/303\/2025\/07\/img-4719-scaled.jpg","contentUrl":"https:\/\/www.posk.se\/orust\/wp-content\/uploads\/sites\/303\/2025\/07\/img-4719-scaled.jpg","width":2560,"height":1920},{"@type":"BreadcrumbList","@id":"https:\/\/www.posk.se\/orust\/#breadcrumb","itemListElement":[{"@type":"ListItem","position":1,"name":"Hem","item":"https:\/\/www.posk.se\/orust\/"},{"@type":"ListItem","position":2,"name":"Startsidan"}]},{"@type":"WebSite","@id":"https:\/\/www.posk.se\/orust\/#website","url":"https:\/\/www.posk.se\/orust\/","name":"Orust","description":"POSK-grupp i G\u00f6teborgs stift","potentialAction":[{"@type":"SearchAction","target":{"@type":"EntryPoint","urlTemplate":"https:\/\/www.posk.se\/orust\/?s={search_term_string}"},"query-input":{"@type":"PropertyValueSpecification","valueRequired":true,"valueName":"search_term_string"}}],"inLanguage":"sv-SE"}]}},"_links":{"self":[{"href":"https:\/\/www.posk.se\/orust\/wp-json\/wp\/v2\/pages\/5","targetHints":{"allow":["GET"]}}],"collection":[{"href":"https:\/\/www.posk.se\/orust\/wp-json\/wp\/v2\/pages"}],"about":[{"href":"https:\/\/www.posk.se\/orust\/wp-json\/wp\/v2\/types\/page"}],"author":[{"embeddable":true,"href":"https:\/\/www.posk.se\/orust\/wp-json\/wp\/v2\/users\/91"}],"replies":[{"embeddable":true,"href":"https:\/\/www.posk.se\/orust\/wp-json\/wp\/v2\/comments?post=5"}],"version-history":[{"count":8,"href":"https:\/\/www.posk.se\/orust\/wp-json\/wp\/v2\/pages\/5\/revisions"}],"predecessor-version":[{"id":37,"href":"https:\/\/www.posk.se\/orust\/wp-json\/wp\/v2\/pages\/5\/revisions\/37"}],"wp:featuredmedia":[{"embeddable":true,"href":"https:\/\/www.posk.se\/orust\/wp-json\/wp\/v2\/media\/17"}],"wp:attachment":[{"href":"https:\/\/www.posk.se\/orust\/wp-json\/wp\/v2\/media?parent=5"}],"curies":[{"name":"wp","href":"https:\/\/api.w.org\/{rel}","templated":true}]}}