{"id":19,"date":"2025-09-01T18:07:34","date_gmt":"2025-09-01T16:07:34","guid":{"rendered":"https:\/\/www.posk.se\/orust\/?page_id=19"},"modified":"2025-09-02T09:43:26","modified_gmt":"2025-09-02T07:43:26","slug":"kyrkoval-2025","status":"publish","type":"page","link":"https:\/\/www.posk.se\/orust\/kyrkoval-2025\/","title":{"rendered":"Kyrkoval 2025"},"content":{"rendered":"<p>Vad vill POSK g\u00f6ra? l\u00e4s POSK:s valbroschyr <a href=\"https:\/\/www.posk.se\/vi-vill\/kortprogram\/\">h\u00e4r<\/a>.<\/p>\n<p>Kandidatpresentationer f\u00f6r<strong>\u00a0<\/strong>G\u00f6teborgs stifts kandidater till kyrkom\u00f6te och stiftsfullm\u00e4ktige finns\u00a0<a href=\"https:\/\/www.posk.se\/goteborgsstift\/kandidatpresentationer\/\"><strong>h\u00e4r.<\/strong><\/a><\/p>\n<p>Valsedeln f\u00f6r POSK Orusts pastorat finns h\u00e4r:<br \/>\n<a href=\"https:\/\/www.posk.se\/orust\/wp-content\/uploads\/sites\/303\/2025\/09\/valsedel-orusts-pastorat-orusts-pastorats-valkrets.pdf\">Valsedel_Orusts_pastorat_Orusts_pastorats_valkrets<\/a><\/p>\n","protected":false},"excerpt":{"rendered":"<p>Vad vill POSK g\u00f6ra? l\u00e4s POSK:s valbroschyr h\u00e4r. Kandidatpresentationer f\u00f6r\u00a0G\u00f6teborgs stifts kandidater till kyrkom\u00f6te och stiftsfullm\u00e4ktige finns\u00a0h\u00e4r. Valsedeln f\u00f6r POSK Orusts pastorat finns h\u00e4r: Valsedel_Orusts_pastorat_Orusts_pastorats_valkrets<\/p>\n","protected":false},"author":97,"featured_media":0,"parent":0,"menu_order":0,"comment_status":"closed","ping_status":"closed","template":"page-templates\/page-sidebar-left.php","meta":{"_acf_changed":false,"footnotes":""},"class_list":["post-19","page","type-page","status-publish","hentry"],"acf":[],"yoast_head":"<!-- This site is optimized with the Yoast SEO plugin v24.9 - https:\/\/yoast.com\/wordpress\/plugins\/seo\/ -->\n<title>Kyrkoval 2025 - Orust<\/title>\n<meta name=\"robots\" content=\"index, follow, max-snippet:-1, max-image-preview:large, max-video-preview:-1\" \/>\n<link rel=\"canonical\" href=\"https:\/\/www.posk.se\/orust\/kyrkoval-2025\/\" \/>\n<meta property=\"og:locale\" content=\"sv_SE\" \/>\n<meta property=\"og:type\" content=\"article\" \/>\n<meta property=\"og:title\" content=\"Kyrkoval 2025 - Orust\" \/>\n<meta property=\"og:description\" content=\"Vad vill POSK g\u00f6ra? l\u00e4s POSK:s valbroschyr h\u00e4r. Kandidatpresentationer f\u00f6r\u00a0G\u00f6teborgs stifts kandidater till kyrkom\u00f6te och stiftsfullm\u00e4ktige finns\u00a0h\u00e4r. Valsedeln f\u00f6r POSK Orusts pastorat finns h\u00e4r: Valsedel_Orusts_pastorat_Orusts_pastorats_valkrets\" \/>\n<meta property=\"og:url\" content=\"https:\/\/www.posk.se\/orust\/kyrkoval-2025\/\" \/>\n<meta property=\"og:site_name\" content=\"Orust\" \/>\n<meta property=\"article:modified_time\" content=\"2025-09-02T07:43:26+00:00\" \/>\n<meta name=\"twitter:card\" content=\"summary_large_image\" \/>\n<meta name=\"twitter:label1\" content=\"Ber\u00e4knad l\u00e4stid\" \/>\n\t<meta name=\"twitter:data1\" content=\"1 minut\" \/>\n<script type=\"application\/ld+json\" class=\"yoast-schema-graph\">{\"@context\":\"https:\/\/schema.org\",\"@graph\":[{\"@type\":\"WebPage\",\"@id\":\"https:\/\/www.posk.se\/orust\/kyrkoval-2025\/\",\"url\":\"https:\/\/www.posk.se\/orust\/kyrkoval-2025\/\",\"name\":\"Kyrkoval 2025 - Orust\",\"isPartOf\":{\"@id\":\"https:\/\/www.posk.se\/orust\/#website\"},\"datePublished\":\"2025-09-01T16:07:34+00:00\",\"dateModified\":\"2025-09-02T07:43:26+00:00\",\"breadcrumb\":{\"@id\":\"https:\/\/www.posk.se\/orust\/kyrkoval-2025\/#breadcrumb\"},\"inLanguage\":\"sv-SE\",\"potentialAction\":[{\"@type\":\"ReadAction\",\"target\":[\"https:\/\/www.posk.se\/orust\/kyrkoval-2025\/\"]}]},{\"@type\":\"BreadcrumbList\",\"@id\":\"https:\/\/www.posk.se\/orust\/kyrkoval-2025\/#breadcrumb\",\"itemListElement\":[{\"@type\":\"ListItem\",\"position\":1,\"name\":\"Hem\",\"item\":\"https:\/\/www.posk.se\/orust\/\"},{\"@type\":\"ListItem\",\"position\":2,\"name\":\"Kyrkoval 2025\"}]},{\"@type\":\"WebSite\",\"@id\":\"https:\/\/www.posk.se\/orust\/#website\",\"url\":\"https:\/\/www.posk.se\/orust\/\",\"name\":\"Orust\",\"description\":\"POSK-grupp i G\u00f6teborgs stift\",\"potentialAction\":[{\"@type\":\"SearchAction\",\"target\":{\"@type\":\"EntryPoint\",\"urlTemplate\":\"https:\/\/www.posk.se\/orust\/?s={search_term_string}\"},\"query-input\":{\"@type\":\"PropertyValueSpecification\",\"valueRequired\":true,\"valueName\":\"search_term_string\"}}],\"inLanguage\":\"sv-SE\"}]}<\/script>\n<!-- \/ Yoast SEO plugin. -->","yoast_head_json":{"title":"Kyrkoval 2025 - Orust","robots":{"index":"index","follow":"follow","max-snippet":"max-snippet:-1","max-image-preview":"max-image-preview:large","max-video-preview":"max-video-preview:-1"},"canonical":"https:\/\/www.posk.se\/orust\/kyrkoval-2025\/","og_locale":"sv_SE","og_type":"article","og_title":"Kyrkoval 2025 - Orust","og_description":"Vad vill POSK g\u00f6ra? l\u00e4s POSK:s valbroschyr h\u00e4r. Kandidatpresentationer f\u00f6r\u00a0G\u00f6teborgs stifts kandidater till kyrkom\u00f6te och stiftsfullm\u00e4ktige finns\u00a0h\u00e4r. Valsedeln f\u00f6r POSK Orusts pastorat finns h\u00e4r: Valsedel_Orusts_pastorat_Orusts_pastorats_valkrets","og_url":"https:\/\/www.posk.se\/orust\/kyrkoval-2025\/","og_site_name":"Orust","article_modified_time":"2025-09-02T07:43:26+00:00","twitter_card":"summary_large_image","twitter_misc":{"Ber\u00e4knad l\u00e4stid":"1 minut"},"schema":{"@context":"https:\/\/schema.org","@graph":[{"@type":"WebPage","@id":"https:\/\/www.posk.se\/orust\/kyrkoval-2025\/","url":"https:\/\/www.posk.se\/orust\/kyrkoval-2025\/","name":"Kyrkoval 2025 - Orust","isPartOf":{"@id":"https:\/\/www.posk.se\/orust\/#website"},"datePublished":"2025-09-01T16:07:34+00:00","dateModified":"2025-09-02T07:43:26+00:00","breadcrumb":{"@id":"https:\/\/www.posk.se\/orust\/kyrkoval-2025\/#breadcrumb"},"inLanguage":"sv-SE","potentialAction":[{"@type":"ReadAction","target":["https:\/\/www.posk.se\/orust\/kyrkoval-2025\/"]}]},{"@type":"BreadcrumbList","@id":"https:\/\/www.posk.se\/orust\/kyrkoval-2025\/#breadcrumb","itemListElement":[{"@type":"ListItem","position":1,"name":"Hem","item":"https:\/\/www.posk.se\/orust\/"},{"@type":"ListItem","position":2,"name":"Kyrkoval 2025"}]},{"@type":"WebSite","@id":"https:\/\/www.posk.se\/orust\/#website","url":"https:\/\/www.posk.se\/orust\/","name":"Orust","description":"POSK-grupp i G\u00f6teborgs stift","potentialAction":[{"@type":"SearchAction","target":{"@type":"EntryPoint","urlTemplate":"https:\/\/www.posk.se\/orust\/?s={search_term_string}"},"query-input":{"@type":"PropertyValueSpecification","valueRequired":true,"valueName":"search_term_string"}}],"inLanguage":"sv-SE"}]}},"_links":{"self":[{"href":"https:\/\/www.posk.se\/orust\/wp-json\/wp\/v2\/pages\/19","targetHints":{"allow":["GET"]}}],"collection":[{"href":"https:\/\/www.posk.se\/orust\/wp-json\/wp\/v2\/pages"}],"about":[{"href":"https:\/\/www.posk.se\/orust\/wp-json\/wp\/v2\/types\/page"}],"author":[{"embeddable":true,"href":"https:\/\/www.posk.se\/orust\/wp-json\/wp\/v2\/users\/97"}],"replies":[{"embeddable":true,"href":"https:\/\/www.posk.se\/orust\/wp-json\/wp\/v2\/comments?post=19"}],"version-history":[{"count":4,"href":"https:\/\/www.posk.se\/orust\/wp-json\/wp\/v2\/pages\/19\/revisions"}],"predecessor-version":[{"id":24,"href":"https:\/\/www.posk.se\/orust\/wp-json\/wp\/v2\/pages\/19\/revisions\/24"}],"wp:attachment":[{"href":"https:\/\/www.posk.se\/orust\/wp-json\/wp\/v2\/media?parent=19"}],"curies":[{"name":"wp","href":"https:\/\/api.w.org\/{rel}","templated":true}]}}