{"id":732,"date":"2025-08-17T18:36:33","date_gmt":"2025-08-17T16:36:33","guid":{"rendered":"https:\/\/www.posk.se\/orgryte-pastorat\/?page_id=732"},"modified":"2025-08-17T18:36:33","modified_gmt":"2025-08-17T16:36:33","slug":"arsmote-2025","status":"publish","type":"page","link":"https:\/\/www.posk.se\/orgryte-pastorat\/arsmote\/arsmote-2025\/","title":{"rendered":"\u00c5rsm\u00f6te 2025"},"content":{"rendered":"<blockquote><p>P\u00e5 \u00e5rsm\u00f6tet behandlades de sedvanliga \u00e4rendena: verksamhetsber\u00e4ttelsen, resultat- och balansr\u00e4kning, rapport fr\u00e5n revisorn. Styrelsen gavs ansvarsfrihet. Ut\u00f6ver detta:<\/p><\/blockquote>\n<ul>\n<li>Beslut om kandidatlista till kyrkofullm\u00e4ktige\u00a0 i \u00d6rgryte<\/li>\n<li>Information om POSK I \u00d6rgrytes lokala program f\u00f6r mandatperioden 2026-2029<\/li>\n<\/ul>\n<p>L\u00e4s mer i protokollet <a href=\"https:\/\/www.posk.se\/orgryte-pastorat\/wp-content\/uploads\/sites\/29\/2025\/08\/rsmotet-2025-03-26-2-250729-114801.pdf\">rsm\u00f6tet 2025-03-26 (2)_250729_114801<\/a><\/p>\n<p>&nbsp;<\/p>\n","protected":false},"excerpt":{"rendered":"<p>P\u00e5 \u00e5rsm\u00f6tet behandlades de sedvanliga \u00e4rendena: verksamhetsber\u00e4ttelsen, resultat- och balansr\u00e4kning, rapport fr\u00e5n revisorn. Styrelsen gavs ansvarsfrihet. Ut\u00f6ver detta: Beslut om kandidatlista till kyrkofullm\u00e4ktige\u00a0 i \u00d6rgryte Information om POSK I \u00d6rgrytes lokala program f\u00f6r mandatperioden 2026-2029 L\u00e4s mer i protokollet rsm\u00f6tet 2025-03-26 (2)_250729_114801 &nbsp;<\/p>\n","protected":false},"author":1926,"featured_media":0,"parent":191,"menu_order":0,"comment_status":"closed","ping_status":"closed","template":"page-templates\/page-sidebar-left.php","meta":{"_acf_changed":false,"footnotes":""},"class_list":["post-732","page","type-page","status-publish","hentry"],"acf":[],"yoast_head":"<!-- This site is optimized with the Yoast SEO plugin v24.9 - https:\/\/yoast.com\/wordpress\/plugins\/seo\/ -->\n<title>\u00c5rsm\u00f6te 2025 - \u00d6rgryte pastorat<\/title>\n<meta name=\"robots\" content=\"index, follow, max-snippet:-1, max-image-preview:large, max-video-preview:-1\" \/>\n<link rel=\"canonical\" href=\"https:\/\/www.posk.se\/orgryte-pastorat\/arsmote\/arsmote-2025\/\" \/>\n<meta property=\"og:locale\" content=\"sv_SE\" \/>\n<meta property=\"og:type\" content=\"article\" \/>\n<meta property=\"og:title\" content=\"\u00c5rsm\u00f6te 2025 - \u00d6rgryte pastorat\" \/>\n<meta property=\"og:description\" content=\"P\u00e5 \u00e5rsm\u00f6tet behandlades de sedvanliga \u00e4rendena: verksamhetsber\u00e4ttelsen, resultat- och balansr\u00e4kning, rapport fr\u00e5n revisorn. Styrelsen gavs ansvarsfrihet. Ut\u00f6ver detta: Beslut om kandidatlista till kyrkofullm\u00e4ktige\u00a0 i \u00d6rgryte Information om POSK I \u00d6rgrytes lokala program f\u00f6r mandatperioden 2026-2029 L\u00e4s mer i protokollet rsm\u00f6tet 2025-03-26 (2)_250729_114801 &nbsp;\" \/>\n<meta property=\"og:url\" content=\"https:\/\/www.posk.se\/orgryte-pastorat\/arsmote\/arsmote-2025\/\" \/>\n<meta property=\"og:site_name\" content=\"\u00d6rgryte pastorat\" \/>\n<meta name=\"twitter:card\" content=\"summary_large_image\" \/>\n<meta name=\"twitter:label1\" content=\"Ber\u00e4knad l\u00e4stid\" \/>\n\t<meta name=\"twitter:data1\" content=\"1 minut\" \/>\n<script type=\"application\/ld+json\" class=\"yoast-schema-graph\">{\"@context\":\"https:\/\/schema.org\",\"@graph\":[{\"@type\":\"WebPage\",\"@id\":\"https:\/\/www.posk.se\/orgryte-pastorat\/arsmote\/arsmote-2025\/\",\"url\":\"https:\/\/www.posk.se\/orgryte-pastorat\/arsmote\/arsmote-2025\/\",\"name\":\"\u00c5rsm\u00f6te 2025 - \u00d6rgryte pastorat\",\"isPartOf\":{\"@id\":\"https:\/\/www.posk.se\/orgryte-pastorat\/#website\"},\"datePublished\":\"2025-08-17T16:36:33+00:00\",\"breadcrumb\":{\"@id\":\"https:\/\/www.posk.se\/orgryte-pastorat\/arsmote\/arsmote-2025\/#breadcrumb\"},\"inLanguage\":\"sv-SE\",\"potentialAction\":[{\"@type\":\"ReadAction\",\"target\":[\"https:\/\/www.posk.se\/orgryte-pastorat\/arsmote\/arsmote-2025\/\"]}]},{\"@type\":\"BreadcrumbList\",\"@id\":\"https:\/\/www.posk.se\/orgryte-pastorat\/arsmote\/arsmote-2025\/#breadcrumb\",\"itemListElement\":[{\"@type\":\"ListItem\",\"position\":1,\"name\":\"Hem\",\"item\":\"https:\/\/www.posk.se\/orgryte-pastorat\/\"},{\"@type\":\"ListItem\",\"position\":2,\"name\":\"\u00c5rsm\u00f6ten\",\"item\":\"https:\/\/www.posk.se\/orgryte-pastorat\/arsmote\/\"},{\"@type\":\"ListItem\",\"position\":3,\"name\":\"\u00c5rsm\u00f6te 2025\"}]},{\"@type\":\"WebSite\",\"@id\":\"https:\/\/www.posk.se\/orgryte-pastorat\/#website\",\"url\":\"https:\/\/www.posk.se\/orgryte-pastorat\/\",\"name\":\"\u00d6rgryte pastorat\",\"description\":\"POSK-grupp i G\u00f6teborgs stift\",\"potentialAction\":[{\"@type\":\"SearchAction\",\"target\":{\"@type\":\"EntryPoint\",\"urlTemplate\":\"https:\/\/www.posk.se\/orgryte-pastorat\/?s={search_term_string}\"},\"query-input\":{\"@type\":\"PropertyValueSpecification\",\"valueRequired\":true,\"valueName\":\"search_term_string\"}}],\"inLanguage\":\"sv-SE\"}]}<\/script>\n<!-- \/ Yoast SEO plugin. -->","yoast_head_json":{"title":"\u00c5rsm\u00f6te 2025 - \u00d6rgryte pastorat","robots":{"index":"index","follow":"follow","max-snippet":"max-snippet:-1","max-image-preview":"max-image-preview:large","max-video-preview":"max-video-preview:-1"},"canonical":"https:\/\/www.posk.se\/orgryte-pastorat\/arsmote\/arsmote-2025\/","og_locale":"sv_SE","og_type":"article","og_title":"\u00c5rsm\u00f6te 2025 - \u00d6rgryte pastorat","og_description":"P\u00e5 \u00e5rsm\u00f6tet behandlades de sedvanliga \u00e4rendena: verksamhetsber\u00e4ttelsen, resultat- och balansr\u00e4kning, rapport fr\u00e5n revisorn. Styrelsen gavs ansvarsfrihet. Ut\u00f6ver detta: Beslut om kandidatlista till kyrkofullm\u00e4ktige\u00a0 i \u00d6rgryte Information om POSK I \u00d6rgrytes lokala program f\u00f6r mandatperioden 2026-2029 L\u00e4s mer i protokollet rsm\u00f6tet 2025-03-26 (2)_250729_114801 &nbsp;","og_url":"https:\/\/www.posk.se\/orgryte-pastorat\/arsmote\/arsmote-2025\/","og_site_name":"\u00d6rgryte pastorat","twitter_card":"summary_large_image","twitter_misc":{"Ber\u00e4knad l\u00e4stid":"1 minut"},"schema":{"@context":"https:\/\/schema.org","@graph":[{"@type":"WebPage","@id":"https:\/\/www.posk.se\/orgryte-pastorat\/arsmote\/arsmote-2025\/","url":"https:\/\/www.posk.se\/orgryte-pastorat\/arsmote\/arsmote-2025\/","name":"\u00c5rsm\u00f6te 2025 - \u00d6rgryte pastorat","isPartOf":{"@id":"https:\/\/www.posk.se\/orgryte-pastorat\/#website"},"datePublished":"2025-08-17T16:36:33+00:00","breadcrumb":{"@id":"https:\/\/www.posk.se\/orgryte-pastorat\/arsmote\/arsmote-2025\/#breadcrumb"},"inLanguage":"sv-SE","potentialAction":[{"@type":"ReadAction","target":["https:\/\/www.posk.se\/orgryte-pastorat\/arsmote\/arsmote-2025\/"]}]},{"@type":"BreadcrumbList","@id":"https:\/\/www.posk.se\/orgryte-pastorat\/arsmote\/arsmote-2025\/#breadcrumb","itemListElement":[{"@type":"ListItem","position":1,"name":"Hem","item":"https:\/\/www.posk.se\/orgryte-pastorat\/"},{"@type":"ListItem","position":2,"name":"\u00c5rsm\u00f6ten","item":"https:\/\/www.posk.se\/orgryte-pastorat\/arsmote\/"},{"@type":"ListItem","position":3,"name":"\u00c5rsm\u00f6te 2025"}]},{"@type":"WebSite","@id":"https:\/\/www.posk.se\/orgryte-pastorat\/#website","url":"https:\/\/www.posk.se\/orgryte-pastorat\/","name":"\u00d6rgryte pastorat","description":"POSK-grupp i G\u00f6teborgs stift","potentialAction":[{"@type":"SearchAction","target":{"@type":"EntryPoint","urlTemplate":"https:\/\/www.posk.se\/orgryte-pastorat\/?s={search_term_string}"},"query-input":{"@type":"PropertyValueSpecification","valueRequired":true,"valueName":"search_term_string"}}],"inLanguage":"sv-SE"}]}},"_links":{"self":[{"href":"https:\/\/www.posk.se\/orgryte-pastorat\/wp-json\/wp\/v2\/pages\/732","targetHints":{"allow":["GET"]}}],"collection":[{"href":"https:\/\/www.posk.se\/orgryte-pastorat\/wp-json\/wp\/v2\/pages"}],"about":[{"href":"https:\/\/www.posk.se\/orgryte-pastorat\/wp-json\/wp\/v2\/types\/page"}],"author":[{"embeddable":true,"href":"https:\/\/www.posk.se\/orgryte-pastorat\/wp-json\/wp\/v2\/users\/1926"}],"replies":[{"embeddable":true,"href":"https:\/\/www.posk.se\/orgryte-pastorat\/wp-json\/wp\/v2\/comments?post=732"}],"version-history":[{"count":4,"href":"https:\/\/www.posk.se\/orgryte-pastorat\/wp-json\/wp\/v2\/pages\/732\/revisions"}],"predecessor-version":[{"id":736,"href":"https:\/\/www.posk.se\/orgryte-pastorat\/wp-json\/wp\/v2\/pages\/732\/revisions\/736"}],"up":[{"embeddable":true,"href":"https:\/\/www.posk.se\/orgryte-pastorat\/wp-json\/wp\/v2\/pages\/191"}],"wp:attachment":[{"href":"https:\/\/www.posk.se\/orgryte-pastorat\/wp-json\/wp\/v2\/media?parent=732"}],"curies":[{"name":"wp","href":"https:\/\/api.w.org\/{rel}","templated":true}]}}