{"id":530,"date":"2023-02-26T17:24:19","date_gmt":"2023-02-26T16:24:19","guid":{"rendered":"https:\/\/www.posk.se\/orgryte-pastorat\/?page_id=530"},"modified":"2023-04-13T06:42:05","modified_gmt":"2023-04-13T04:42:05","slug":"arsmote-2023","status":"publish","type":"page","link":"https:\/\/www.posk.se\/orgryte-pastorat\/arsmote\/arsmote-2023\/","title":{"rendered":"\u00c5rsm\u00f6te 2023"},"content":{"rendered":"<h3><em>Kallelse till \u00e5rsm\u00f6te 2023 12 april kl 17:45<\/em><\/h3>\n<p><strong>\u00c5rsm\u00f6tet \u00e4ger rum i H\u00e4rlanda f\u00f6rsamlingshem, Celsingk\u00f6ket kl 17:45.<\/strong><\/p>\n<p>Vi r\u00e4knar med att vara klara till veckom\u00e4ssan 18:30 i H\u00e4rlanda kyrka. Efter m\u00e4ssan \u00e4r det f\u00f6rel\u00e4sning\/f\u00f6rdjupningskv\u00e4ll med Ola Sigurdsson \u201dN\u00e4r \u00e4r det roligt?\u201d \u2013 om humor och tro, som alla inbjuds att delta i. Enkelt fika serveras mellan m\u00e4ssan och Olas f\u00f6rel\u00e4sning.<\/p>\n<p><em>L\u00e4s mer om <a href=\"https:\/\/www.svenskakyrkan.se\/orgryte\/ola-sigurdson\">f\u00f6redraget h\u00e4r&gt;&gt;<\/a><\/em><\/p>\n<p><strong>F\u00f6redragningslista <\/strong><a href=\"https:\/\/www.posk.se\/orgryte-pastorat\/wp-content\/uploads\/sites\/29\/2023\/03\/kallelse-arsmote-2023.pdf\">Kallelse a\u030arsmo\u0308te 2023<\/a><strong><br \/>\n<\/strong><\/p>\n<ol>\n<li>\u00c5rsm\u00f6tets \u00f6ppnande och fastst\u00e4llande om beh\u00f6riga utlysande<br \/>\n<em>(enligt \u00a7 6 i stadgarna ska kallelsen skickas ut tv\u00e5 veckor i f\u00f6rv\u00e4g).<\/em><\/li>\n<li>Val av m\u00f6tesordf\u00f6rande<\/li>\n<li>Val av protokollsf\u00f6rare<\/li>\n<li>Val av tv\u00e5 protokollsjusterare<\/li>\n<li>Fastst\u00e4llande av r\u00f6stl\u00e4ngd<\/li>\n<li>Verksamhetsber\u00e4ttelse f\u00f6r 2022 (bilaga)<a href=\"https:\/\/www.posk.se\/orgryte-pastorat\/wp-content\/uploads\/sites\/29\/2023\/04\/arsberattelse-posk-i-orgryte-2022.pdf\">A\u030arsbera\u0308ttelse POSK i O\u0308rgryte 2022<\/a><\/li>\n<li>Fastst\u00e4llande av resultat- och balansr\u00e4kning (bilaga) <a href=\"https:\/\/www.posk.se\/orgryte-pastorat\/wp-content\/uploads\/sites\/29\/2023\/03\/resultat-och-balansrakning-2022.pdf\">Resultat och balansra\u0308kning 2022<\/a><\/li>\n<li>Revisionsber\u00e4ttelsen <a href=\"https:\/\/www.posk.se\/orgryte-pastorat\/wp-content\/uploads\/sites\/29\/2023\/03\/revisionsutlatande-posks-servicebyra.pdf\">Revisionsutla\u030atande POSKs servicebyra\u030a<\/a><\/li>\n<li>Ansvarsfrihet f\u00f6r styrelsen avseende f\u00f6reg\u00e5ende \u00e5rs f\u00f6rvaltning 2022<\/li>\n<li>Inkomna motioner enl \u00a7 6 <em>(Motion ska vara styrelsen tillhanda en vecka innan \u00e5rsm\u00f6tet)<\/em><\/li>\n<li>Val av styrelseordf\u00f6rande f\u00f6r tiden fram till n\u00e4sta \u00e5rsm\u00f6te<\/li>\n<li>Val av styrelseledam\u00f6ter och ers\u00e4ttare enligt \u00a7 7 i stadgarna.<\/li>\n<li>Val av revisor och ers\u00e4ttare f\u00f6r tiden fram till n\u00e4sta \u00e5rsm\u00f6te<\/li>\n<li>Val av valberedning och sammankallande f\u00f6r denna<\/li>\n<li>Fastst\u00e4llande av medlemsavgift f\u00f6r 2024 i f\u00f6reningen<\/li>\n<\/ol>\n<p><em>F\u00f6rslag fr\u00e5n styrelsen om of\u00f6r\u00e4ndrad avgift p\u00e5 <\/em><em><strong>170 kronor\/medlem och \u00e5r<\/strong>. Men den som har m\u00f6jlighet f\u00e5r g\u00e4rna runda upp eller l\u00e4mna ett extra bidrag. <\/em><\/p>\n<ol start=\"16\">\n<li>Informationspunkt om POSKs kommande programarbete inf\u00f6r kyrkovalet 2025<\/li>\n<li>M\u00f6tets avslutande<\/li>\n<\/ol>\n<p>P\u00e5 styrelsens uppdrag<\/p>\n<p><strong><em>\/Carina Etander Rimborg<\/em><\/strong><\/p>\n<p><strong><em>ordf\u00f6rande<\/em><\/strong><\/p>\n","protected":false},"excerpt":{"rendered":"<p>Kallelse till \u00e5rsm\u00f6te 2023 12 april kl 17:45 \u00c5rsm\u00f6tet \u00e4ger rum i H\u00e4rlanda f\u00f6rsamlingshem, Celsingk\u00f6ket kl 17:45. Vi r\u00e4knar med att vara klara till veckom\u00e4ssan 18:30 i H\u00e4rlanda kyrka. Efter m\u00e4ssan \u00e4r det f\u00f6rel\u00e4sning\/f\u00f6rdjupningskv\u00e4ll med Ola Sigurdsson \u201dN\u00e4r \u00e4r det roligt?\u201d \u2013 om humor och tro, som alla inbjuds att delta i. Enkelt fika serveras [&hellip;]<\/p>\n","protected":false},"author":76,"featured_media":544,"parent":191,"menu_order":2,"comment_status":"closed","ping_status":"closed","template":"page-templates\/page-sidebar-left.php","meta":{"_acf_changed":false,"footnotes":""},"class_list":["post-530","page","type-page","status-publish","has-post-thumbnail","hentry"],"acf":[],"yoast_head":"<!-- This site is optimized with the Yoast SEO plugin v24.9 - https:\/\/yoast.com\/wordpress\/plugins\/seo\/ -->\n<title>\u00c5rsm\u00f6te 2023 - \u00d6rgryte pastorat<\/title>\n<meta name=\"robots\" content=\"index, follow, max-snippet:-1, max-image-preview:large, max-video-preview:-1\" \/>\n<link rel=\"canonical\" href=\"https:\/\/www.posk.se\/orgryte-pastorat\/arsmote\/arsmote-2023\/\" \/>\n<meta property=\"og:locale\" content=\"sv_SE\" \/>\n<meta property=\"og:type\" content=\"article\" \/>\n<meta property=\"og:title\" content=\"\u00c5rsm\u00f6te 2023 - \u00d6rgryte pastorat\" \/>\n<meta property=\"og:description\" content=\"Kallelse till \u00e5rsm\u00f6te 2023 12 april kl 17:45 \u00c5rsm\u00f6tet \u00e4ger rum i H\u00e4rlanda f\u00f6rsamlingshem, Celsingk\u00f6ket kl 17:45. Vi r\u00e4knar med att vara klara till veckom\u00e4ssan 18:30 i H\u00e4rlanda kyrka. Efter m\u00e4ssan \u00e4r det f\u00f6rel\u00e4sning\/f\u00f6rdjupningskv\u00e4ll med Ola Sigurdsson \u201dN\u00e4r \u00e4r det roligt?\u201d \u2013 om humor och tro, som alla inbjuds att delta i. Enkelt fika serveras [&hellip;]\" \/>\n<meta property=\"og:url\" content=\"https:\/\/www.posk.se\/orgryte-pastorat\/arsmote\/arsmote-2023\/\" \/>\n<meta property=\"og:site_name\" content=\"\u00d6rgryte pastorat\" \/>\n<meta property=\"article:modified_time\" content=\"2023-04-13T04:42:05+00:00\" \/>\n<meta property=\"og:image\" content=\"https:\/\/www.posk.se\/orgryte-pastorat\/wp-content\/uploads\/sites\/29\/2023\/03\/posk.png\" \/>\n\t<meta property=\"og:image:width\" content=\"394\" \/>\n\t<meta property=\"og:image:height\" content=\"160\" \/>\n\t<meta property=\"og:image:type\" content=\"image\/png\" \/>\n<meta name=\"twitter:card\" content=\"summary_large_image\" \/>\n<meta name=\"twitter:label1\" content=\"Ber\u00e4knad l\u00e4stid\" \/>\n\t<meta name=\"twitter:data1\" content=\"2 minuter\" \/>\n<script type=\"application\/ld+json\" class=\"yoast-schema-graph\">{\"@context\":\"https:\/\/schema.org\",\"@graph\":[{\"@type\":\"WebPage\",\"@id\":\"https:\/\/www.posk.se\/orgryte-pastorat\/arsmote\/arsmote-2023\/\",\"url\":\"https:\/\/www.posk.se\/orgryte-pastorat\/arsmote\/arsmote-2023\/\",\"name\":\"\u00c5rsm\u00f6te 2023 - \u00d6rgryte pastorat\",\"isPartOf\":{\"@id\":\"https:\/\/www.posk.se\/orgryte-pastorat\/#website\"},\"primaryImageOfPage\":{\"@id\":\"https:\/\/www.posk.se\/orgryte-pastorat\/arsmote\/arsmote-2023\/#primaryimage\"},\"image\":{\"@id\":\"https:\/\/www.posk.se\/orgryte-pastorat\/arsmote\/arsmote-2023\/#primaryimage\"},\"thumbnailUrl\":\"https:\/\/www.posk.se\/orgryte-pastorat\/wp-content\/uploads\/sites\/29\/2023\/03\/posk.png\",\"datePublished\":\"2023-02-26T16:24:19+00:00\",\"dateModified\":\"2023-04-13T04:42:05+00:00\",\"breadcrumb\":{\"@id\":\"https:\/\/www.posk.se\/orgryte-pastorat\/arsmote\/arsmote-2023\/#breadcrumb\"},\"inLanguage\":\"sv-SE\",\"potentialAction\":[{\"@type\":\"ReadAction\",\"target\":[\"https:\/\/www.posk.se\/orgryte-pastorat\/arsmote\/arsmote-2023\/\"]}]},{\"@type\":\"ImageObject\",\"inLanguage\":\"sv-SE\",\"@id\":\"https:\/\/www.posk.se\/orgryte-pastorat\/arsmote\/arsmote-2023\/#primaryimage\",\"url\":\"https:\/\/www.posk.se\/orgryte-pastorat\/wp-content\/uploads\/sites\/29\/2023\/03\/posk.png\",\"contentUrl\":\"https:\/\/www.posk.se\/orgryte-pastorat\/wp-content\/uploads\/sites\/29\/2023\/03\/posk.png\",\"width\":394,\"height\":160},{\"@type\":\"BreadcrumbList\",\"@id\":\"https:\/\/www.posk.se\/orgryte-pastorat\/arsmote\/arsmote-2023\/#breadcrumb\",\"itemListElement\":[{\"@type\":\"ListItem\",\"position\":1,\"name\":\"Hem\",\"item\":\"https:\/\/www.posk.se\/orgryte-pastorat\/\"},{\"@type\":\"ListItem\",\"position\":2,\"name\":\"\u00c5rsm\u00f6ten\",\"item\":\"https:\/\/www.posk.se\/orgryte-pastorat\/arsmote\/\"},{\"@type\":\"ListItem\",\"position\":3,\"name\":\"\u00c5rsm\u00f6te 2023\"}]},{\"@type\":\"WebSite\",\"@id\":\"https:\/\/www.posk.se\/orgryte-pastorat\/#website\",\"url\":\"https:\/\/www.posk.se\/orgryte-pastorat\/\",\"name\":\"\u00d6rgryte pastorat\",\"description\":\"POSK-grupp i G\u00f6teborgs stift\",\"potentialAction\":[{\"@type\":\"SearchAction\",\"target\":{\"@type\":\"EntryPoint\",\"urlTemplate\":\"https:\/\/www.posk.se\/orgryte-pastorat\/?s={search_term_string}\"},\"query-input\":{\"@type\":\"PropertyValueSpecification\",\"valueRequired\":true,\"valueName\":\"search_term_string\"}}],\"inLanguage\":\"sv-SE\"}]}<\/script>\n<!-- \/ Yoast SEO plugin. -->","yoast_head_json":{"title":"\u00c5rsm\u00f6te 2023 - \u00d6rgryte pastorat","robots":{"index":"index","follow":"follow","max-snippet":"max-snippet:-1","max-image-preview":"max-image-preview:large","max-video-preview":"max-video-preview:-1"},"canonical":"https:\/\/www.posk.se\/orgryte-pastorat\/arsmote\/arsmote-2023\/","og_locale":"sv_SE","og_type":"article","og_title":"\u00c5rsm\u00f6te 2023 - \u00d6rgryte pastorat","og_description":"Kallelse till \u00e5rsm\u00f6te 2023 12 april kl 17:45 \u00c5rsm\u00f6tet \u00e4ger rum i H\u00e4rlanda f\u00f6rsamlingshem, Celsingk\u00f6ket kl 17:45. Vi r\u00e4knar med att vara klara till veckom\u00e4ssan 18:30 i H\u00e4rlanda kyrka. Efter m\u00e4ssan \u00e4r det f\u00f6rel\u00e4sning\/f\u00f6rdjupningskv\u00e4ll med Ola Sigurdsson \u201dN\u00e4r \u00e4r det roligt?\u201d \u2013 om humor och tro, som alla inbjuds att delta i. Enkelt fika serveras [&hellip;]","og_url":"https:\/\/www.posk.se\/orgryte-pastorat\/arsmote\/arsmote-2023\/","og_site_name":"\u00d6rgryte pastorat","article_modified_time":"2023-04-13T04:42:05+00:00","og_image":[{"width":394,"height":160,"url":"https:\/\/www.posk.se\/orgryte-pastorat\/wp-content\/uploads\/sites\/29\/2023\/03\/posk.png","type":"image\/png"}],"twitter_card":"summary_large_image","twitter_misc":{"Ber\u00e4knad l\u00e4stid":"2 minuter"},"schema":{"@context":"https:\/\/schema.org","@graph":[{"@type":"WebPage","@id":"https:\/\/www.posk.se\/orgryte-pastorat\/arsmote\/arsmote-2023\/","url":"https:\/\/www.posk.se\/orgryte-pastorat\/arsmote\/arsmote-2023\/","name":"\u00c5rsm\u00f6te 2023 - \u00d6rgryte pastorat","isPartOf":{"@id":"https:\/\/www.posk.se\/orgryte-pastorat\/#website"},"primaryImageOfPage":{"@id":"https:\/\/www.posk.se\/orgryte-pastorat\/arsmote\/arsmote-2023\/#primaryimage"},"image":{"@id":"https:\/\/www.posk.se\/orgryte-pastorat\/arsmote\/arsmote-2023\/#primaryimage"},"thumbnailUrl":"https:\/\/www.posk.se\/orgryte-pastorat\/wp-content\/uploads\/sites\/29\/2023\/03\/posk.png","datePublished":"2023-02-26T16:24:19+00:00","dateModified":"2023-04-13T04:42:05+00:00","breadcrumb":{"@id":"https:\/\/www.posk.se\/orgryte-pastorat\/arsmote\/arsmote-2023\/#breadcrumb"},"inLanguage":"sv-SE","potentialAction":[{"@type":"ReadAction","target":["https:\/\/www.posk.se\/orgryte-pastorat\/arsmote\/arsmote-2023\/"]}]},{"@type":"ImageObject","inLanguage":"sv-SE","@id":"https:\/\/www.posk.se\/orgryte-pastorat\/arsmote\/arsmote-2023\/#primaryimage","url":"https:\/\/www.posk.se\/orgryte-pastorat\/wp-content\/uploads\/sites\/29\/2023\/03\/posk.png","contentUrl":"https:\/\/www.posk.se\/orgryte-pastorat\/wp-content\/uploads\/sites\/29\/2023\/03\/posk.png","width":394,"height":160},{"@type":"BreadcrumbList","@id":"https:\/\/www.posk.se\/orgryte-pastorat\/arsmote\/arsmote-2023\/#breadcrumb","itemListElement":[{"@type":"ListItem","position":1,"name":"Hem","item":"https:\/\/www.posk.se\/orgryte-pastorat\/"},{"@type":"ListItem","position":2,"name":"\u00c5rsm\u00f6ten","item":"https:\/\/www.posk.se\/orgryte-pastorat\/arsmote\/"},{"@type":"ListItem","position":3,"name":"\u00c5rsm\u00f6te 2023"}]},{"@type":"WebSite","@id":"https:\/\/www.posk.se\/orgryte-pastorat\/#website","url":"https:\/\/www.posk.se\/orgryte-pastorat\/","name":"\u00d6rgryte pastorat","description":"POSK-grupp i G\u00f6teborgs stift","potentialAction":[{"@type":"SearchAction","target":{"@type":"EntryPoint","urlTemplate":"https:\/\/www.posk.se\/orgryte-pastorat\/?s={search_term_string}"},"query-input":{"@type":"PropertyValueSpecification","valueRequired":true,"valueName":"search_term_string"}}],"inLanguage":"sv-SE"}]}},"_links":{"self":[{"href":"https:\/\/www.posk.se\/orgryte-pastorat\/wp-json\/wp\/v2\/pages\/530","targetHints":{"allow":["GET"]}}],"collection":[{"href":"https:\/\/www.posk.se\/orgryte-pastorat\/wp-json\/wp\/v2\/pages"}],"about":[{"href":"https:\/\/www.posk.se\/orgryte-pastorat\/wp-json\/wp\/v2\/types\/page"}],"author":[{"embeddable":true,"href":"https:\/\/www.posk.se\/orgryte-pastorat\/wp-json\/wp\/v2\/users\/76"}],"replies":[{"embeddable":true,"href":"https:\/\/www.posk.se\/orgryte-pastorat\/wp-json\/wp\/v2\/comments?post=530"}],"version-history":[{"count":9,"href":"https:\/\/www.posk.se\/orgryte-pastorat\/wp-json\/wp\/v2\/pages\/530\/revisions"}],"predecessor-version":[{"id":548,"href":"https:\/\/www.posk.se\/orgryte-pastorat\/wp-json\/wp\/v2\/pages\/530\/revisions\/548"}],"up":[{"embeddable":true,"href":"https:\/\/www.posk.se\/orgryte-pastorat\/wp-json\/wp\/v2\/pages\/191"}],"wp:featuredmedia":[{"embeddable":true,"href":"https:\/\/www.posk.se\/orgryte-pastorat\/wp-json\/wp\/v2\/media\/544"}],"wp:attachment":[{"href":"https:\/\/www.posk.se\/orgryte-pastorat\/wp-json\/wp\/v2\/media?parent=530"}],"curies":[{"name":"wp","href":"https:\/\/api.w.org\/{rel}","templated":true}]}}