{"id":346,"date":"2021-03-20T14:54:46","date_gmt":"2021-03-20T13:54:46","guid":{"rendered":"https:\/\/www.posk.se\/orgryte-pastorat\/?page_id=346"},"modified":"2026-01-15T11:00:13","modified_gmt":"2026-01-15T10:00:13","slug":"program-2026-2029","status":"publish","type":"page","link":"https:\/\/www.posk.se\/orgryte-pastorat\/program-2026-2029\/","title":{"rendered":"Program 2026-29"},"content":{"rendered":"<p><img loading=\"lazy\" decoding=\"async\" class=\"alignnone size-medium wp-image-823\" src=\"https:\/\/www.posk.se\/orgryte-pastorat\/wp-content\/uploads\/sites\/29\/2025\/12\/namnlos-design-300x200.png\" alt=\"\" width=\"300\" height=\"200\" srcset=\"https:\/\/www.posk.se\/orgryte-pastorat\/wp-content\/uploads\/sites\/29\/2025\/12\/namnlos-design-300x200.png 300w, https:\/\/www.posk.se\/orgryte-pastorat\/wp-content\/uploads\/sites\/29\/2025\/12\/namnlos-design-1024x683.png 1024w, https:\/\/www.posk.se\/orgryte-pastorat\/wp-content\/uploads\/sites\/29\/2025\/12\/namnlos-design-768x512.png 768w, https:\/\/www.posk.se\/orgryte-pastorat\/wp-content\/uploads\/sites\/29\/2025\/12\/namnlos-design-1536x1024.png 1536w, https:\/\/www.posk.se\/orgryte-pastorat\/wp-content\/uploads\/sites\/29\/2025\/12\/namnlos-design-330x220.png 330w, https:\/\/www.posk.se\/orgryte-pastorat\/wp-content\/uploads\/sites\/29\/2025\/12\/namnlos-design.png 1920w\" sizes=\"auto, (max-width: 300px) 100vw, 300px\" \/><\/p>\n<p>&nbsp;<\/p>\n<p>Under mandatperioden 2026-2029 vill POSK verka f\u00f6r ett gr\u00e4ns\u00f6verskridande<br \/>\nf\u00f6rsamlingsliv, d\u00e4r m\u00e4nniskors g\u00e5vor och engagemang tas i anspr\u00e5k. V\u00e5ra f\u00f6rsamlingar skall<br \/>\nv\u00e4rna om ideella medarbetares insatser genom att ge dem r\u00e4tt utbildning, uppmuntran och<br \/>\nansvar, s\u00e5 att vi kan v\u00e4xa tillsammans som kyrka.<\/p>\n<p>Dessutom vill vi arbeta f\u00f6r:<br \/>\n&#8211; att skapa gemenskap \u00f6ver generationsgr\u00e4nser (t. ex. bibelstudier, bildningsgrupper med<br \/>\nkristen inriktning, k\u00f6rverksamhet och gemenskapstr\u00e4ffar)<br \/>\n&#8211;\u00a0 att fr\u00e4mja samverkan mellan f\u00f6rsamlingarna<br \/>\n&#8211;\u00a0 \u00a0familjeaktiviteter i samband med gudstj\u00e4nster<br \/>\n&#8211;\u00a0 att f\u00f6rsamlingarna forts\u00e4tter att arbeta med Svenska kyrkans &#8221;F\u00e4rdplan f\u00f6r klimatet&#8221; och<br \/>\nverka f\u00f6r klimatr\u00e4ttvisa.<br \/>\n&#8211; att forts\u00e4tta arbetet med v\u00e5ra ut\u00e5triktade diakonala och missionerande insatser i till exempel<br \/>\nsjukhuskyrkan, p\u00e5 \u00e4ldreboenden och i samarbete med skolor och andra samh\u00e4llsakt\u00f6rer.<\/p>\n<p><em>Vi vill, vi kan och vi ska ta ansvar f\u00f6r Svenska kyrkan i hela \u00d6rgryte pastorat. <\/em><\/p>\n","protected":false},"excerpt":{"rendered":"<p>&nbsp; Under mandatperioden 2026-2029 vill POSK verka f\u00f6r ett gr\u00e4ns\u00f6verskridande f\u00f6rsamlingsliv, d\u00e4r m\u00e4nniskors g\u00e5vor och engagemang tas i anspr\u00e5k. V\u00e5ra f\u00f6rsamlingar skall v\u00e4rna om ideella medarbetares insatser genom att ge dem r\u00e4tt utbildning, uppmuntran och ansvar, s\u00e5 att vi kan v\u00e4xa tillsammans som kyrka. Dessutom vill vi arbeta f\u00f6r: &#8211; att skapa gemenskap \u00f6ver generationsgr\u00e4nser [&hellip;]<\/p>\n","protected":false},"author":76,"featured_media":0,"parent":0,"menu_order":2,"comment_status":"closed","ping_status":"closed","template":"page-templates\/page-sidebar-left.php","meta":{"_acf_changed":false,"footnotes":""},"class_list":["post-346","page","type-page","status-publish","hentry"],"acf":[],"yoast_head":"<!-- This site is optimized with the Yoast SEO plugin v24.9 - https:\/\/yoast.com\/wordpress\/plugins\/seo\/ -->\n<title>Program 2026-29 - \u00d6rgryte pastorat<\/title>\n<meta name=\"description\" content=\"Detta vill POSK i \u00d6rgryte pastorat verka f\u00f6r mandatperioden 2022-2025.\" \/>\n<meta name=\"robots\" content=\"index, follow, max-snippet:-1, max-image-preview:large, max-video-preview:-1\" \/>\n<link rel=\"canonical\" href=\"https:\/\/www.posk.se\/orgryte-pastorat\/program-2026-2029\/\" \/>\n<meta property=\"og:locale\" content=\"sv_SE\" \/>\n<meta property=\"og:type\" content=\"article\" \/>\n<meta property=\"og:title\" content=\"Program 2026-29 - \u00d6rgryte pastorat\" \/>\n<meta property=\"og:description\" content=\"Detta vill POSK i \u00d6rgryte pastorat verka f\u00f6r mandatperioden 2022-2025.\" \/>\n<meta property=\"og:url\" content=\"https:\/\/www.posk.se\/orgryte-pastorat\/program-2026-2029\/\" \/>\n<meta property=\"og:site_name\" content=\"\u00d6rgryte pastorat\" \/>\n<meta property=\"article:modified_time\" content=\"2026-01-15T10:00:13+00:00\" \/>\n<meta property=\"og:image\" content=\"https:\/\/www.posk.se\/orgryte-pastorat\/wp-content\/uploads\/sites\/29\/2025\/12\/namnlos-design-1024x683.png\" \/>\n\t<meta property=\"og:image:width\" content=\"1024\" \/>\n\t<meta property=\"og:image:height\" content=\"683\" \/>\n\t<meta property=\"og:image:type\" content=\"image\/png\" \/>\n<meta name=\"twitter:card\" content=\"summary_large_image\" \/>\n<meta name=\"twitter:label1\" content=\"Ber\u00e4knad l\u00e4stid\" \/>\n\t<meta name=\"twitter:data1\" content=\"1 minut\" \/>\n<script type=\"application\/ld+json\" class=\"yoast-schema-graph\">{\"@context\":\"https:\/\/schema.org\",\"@graph\":[{\"@type\":\"WebPage\",\"@id\":\"https:\/\/www.posk.se\/orgryte-pastorat\/program-2026-2029\/\",\"url\":\"https:\/\/www.posk.se\/orgryte-pastorat\/program-2026-2029\/\",\"name\":\"Program 2026-29 - \u00d6rgryte pastorat\",\"isPartOf\":{\"@id\":\"https:\/\/www.posk.se\/orgryte-pastorat\/#website\"},\"primaryImageOfPage\":{\"@id\":\"https:\/\/www.posk.se\/orgryte-pastorat\/program-2026-2029\/#primaryimage\"},\"image\":{\"@id\":\"https:\/\/www.posk.se\/orgryte-pastorat\/program-2026-2029\/#primaryimage\"},\"thumbnailUrl\":\"https:\/\/www.posk.se\/orgryte-pastorat\/wp-content\/uploads\/sites\/29\/2025\/12\/namnlos-design-300x200.png\",\"datePublished\":\"2021-03-20T13:54:46+00:00\",\"dateModified\":\"2026-01-15T10:00:13+00:00\",\"description\":\"Detta vill POSK i \u00d6rgryte pastorat verka f\u00f6r mandatperioden 2022-2025.\",\"breadcrumb\":{\"@id\":\"https:\/\/www.posk.se\/orgryte-pastorat\/program-2026-2029\/#breadcrumb\"},\"inLanguage\":\"sv-SE\",\"potentialAction\":[{\"@type\":\"ReadAction\",\"target\":[\"https:\/\/www.posk.se\/orgryte-pastorat\/program-2026-2029\/\"]}]},{\"@type\":\"ImageObject\",\"inLanguage\":\"sv-SE\",\"@id\":\"https:\/\/www.posk.se\/orgryte-pastorat\/program-2026-2029\/#primaryimage\",\"url\":\"https:\/\/www.posk.se\/orgryte-pastorat\/wp-content\/uploads\/sites\/29\/2025\/12\/namnlos-design.png\",\"contentUrl\":\"https:\/\/www.posk.se\/orgryte-pastorat\/wp-content\/uploads\/sites\/29\/2025\/12\/namnlos-design.png\",\"width\":1920,\"height\":1280},{\"@type\":\"BreadcrumbList\",\"@id\":\"https:\/\/www.posk.se\/orgryte-pastorat\/program-2026-2029\/#breadcrumb\",\"itemListElement\":[{\"@type\":\"ListItem\",\"position\":1,\"name\":\"Hem\",\"item\":\"https:\/\/www.posk.se\/orgryte-pastorat\/\"},{\"@type\":\"ListItem\",\"position\":2,\"name\":\"Program 2026-29\"}]},{\"@type\":\"WebSite\",\"@id\":\"https:\/\/www.posk.se\/orgryte-pastorat\/#website\",\"url\":\"https:\/\/www.posk.se\/orgryte-pastorat\/\",\"name\":\"\u00d6rgryte pastorat\",\"description\":\"POSK-grupp i G\u00f6teborgs stift\",\"potentialAction\":[{\"@type\":\"SearchAction\",\"target\":{\"@type\":\"EntryPoint\",\"urlTemplate\":\"https:\/\/www.posk.se\/orgryte-pastorat\/?s={search_term_string}\"},\"query-input\":{\"@type\":\"PropertyValueSpecification\",\"valueRequired\":true,\"valueName\":\"search_term_string\"}}],\"inLanguage\":\"sv-SE\"}]}<\/script>\n<!-- \/ Yoast SEO plugin. -->","yoast_head_json":{"title":"Program 2026-29 - \u00d6rgryte pastorat","description":"Detta vill POSK i \u00d6rgryte pastorat verka f\u00f6r mandatperioden 2022-2025.","robots":{"index":"index","follow":"follow","max-snippet":"max-snippet:-1","max-image-preview":"max-image-preview:large","max-video-preview":"max-video-preview:-1"},"canonical":"https:\/\/www.posk.se\/orgryte-pastorat\/program-2026-2029\/","og_locale":"sv_SE","og_type":"article","og_title":"Program 2026-29 - \u00d6rgryte pastorat","og_description":"Detta vill POSK i \u00d6rgryte pastorat verka f\u00f6r mandatperioden 2022-2025.","og_url":"https:\/\/www.posk.se\/orgryte-pastorat\/program-2026-2029\/","og_site_name":"\u00d6rgryte pastorat","article_modified_time":"2026-01-15T10:00:13+00:00","og_image":[{"width":1024,"height":683,"url":"https:\/\/www.posk.se\/orgryte-pastorat\/wp-content\/uploads\/sites\/29\/2025\/12\/namnlos-design-1024x683.png","type":"image\/png"}],"twitter_card":"summary_large_image","twitter_misc":{"Ber\u00e4knad l\u00e4stid":"1 minut"},"schema":{"@context":"https:\/\/schema.org","@graph":[{"@type":"WebPage","@id":"https:\/\/www.posk.se\/orgryte-pastorat\/program-2026-2029\/","url":"https:\/\/www.posk.se\/orgryte-pastorat\/program-2026-2029\/","name":"Program 2026-29 - \u00d6rgryte pastorat","isPartOf":{"@id":"https:\/\/www.posk.se\/orgryte-pastorat\/#website"},"primaryImageOfPage":{"@id":"https:\/\/www.posk.se\/orgryte-pastorat\/program-2026-2029\/#primaryimage"},"image":{"@id":"https:\/\/www.posk.se\/orgryte-pastorat\/program-2026-2029\/#primaryimage"},"thumbnailUrl":"https:\/\/www.posk.se\/orgryte-pastorat\/wp-content\/uploads\/sites\/29\/2025\/12\/namnlos-design-300x200.png","datePublished":"2021-03-20T13:54:46+00:00","dateModified":"2026-01-15T10:00:13+00:00","description":"Detta vill POSK i \u00d6rgryte pastorat verka f\u00f6r mandatperioden 2022-2025.","breadcrumb":{"@id":"https:\/\/www.posk.se\/orgryte-pastorat\/program-2026-2029\/#breadcrumb"},"inLanguage":"sv-SE","potentialAction":[{"@type":"ReadAction","target":["https:\/\/www.posk.se\/orgryte-pastorat\/program-2026-2029\/"]}]},{"@type":"ImageObject","inLanguage":"sv-SE","@id":"https:\/\/www.posk.se\/orgryte-pastorat\/program-2026-2029\/#primaryimage","url":"https:\/\/www.posk.se\/orgryte-pastorat\/wp-content\/uploads\/sites\/29\/2025\/12\/namnlos-design.png","contentUrl":"https:\/\/www.posk.se\/orgryte-pastorat\/wp-content\/uploads\/sites\/29\/2025\/12\/namnlos-design.png","width":1920,"height":1280},{"@type":"BreadcrumbList","@id":"https:\/\/www.posk.se\/orgryte-pastorat\/program-2026-2029\/#breadcrumb","itemListElement":[{"@type":"ListItem","position":1,"name":"Hem","item":"https:\/\/www.posk.se\/orgryte-pastorat\/"},{"@type":"ListItem","position":2,"name":"Program 2026-29"}]},{"@type":"WebSite","@id":"https:\/\/www.posk.se\/orgryte-pastorat\/#website","url":"https:\/\/www.posk.se\/orgryte-pastorat\/","name":"\u00d6rgryte pastorat","description":"POSK-grupp i G\u00f6teborgs stift","potentialAction":[{"@type":"SearchAction","target":{"@type":"EntryPoint","urlTemplate":"https:\/\/www.posk.se\/orgryte-pastorat\/?s={search_term_string}"},"query-input":{"@type":"PropertyValueSpecification","valueRequired":true,"valueName":"search_term_string"}}],"inLanguage":"sv-SE"}]}},"_links":{"self":[{"href":"https:\/\/www.posk.se\/orgryte-pastorat\/wp-json\/wp\/v2\/pages\/346","targetHints":{"allow":["GET"]}}],"collection":[{"href":"https:\/\/www.posk.se\/orgryte-pastorat\/wp-json\/wp\/v2\/pages"}],"about":[{"href":"https:\/\/www.posk.se\/orgryte-pastorat\/wp-json\/wp\/v2\/types\/page"}],"author":[{"embeddable":true,"href":"https:\/\/www.posk.se\/orgryte-pastorat\/wp-json\/wp\/v2\/users\/76"}],"replies":[{"embeddable":true,"href":"https:\/\/www.posk.se\/orgryte-pastorat\/wp-json\/wp\/v2\/comments?post=346"}],"version-history":[{"count":12,"href":"https:\/\/www.posk.se\/orgryte-pastorat\/wp-json\/wp\/v2\/pages\/346\/revisions"}],"predecessor-version":[{"id":884,"href":"https:\/\/www.posk.se\/orgryte-pastorat\/wp-json\/wp\/v2\/pages\/346\/revisions\/884"}],"wp:attachment":[{"href":"https:\/\/www.posk.se\/orgryte-pastorat\/wp-json\/wp\/v2\/media?parent=346"}],"curies":[{"name":"wp","href":"https:\/\/api.w.org\/{rel}","templated":true}]}}