{"id":265,"date":"2020-02-16T07:49:11","date_gmt":"2020-02-16T06:49:11","guid":{"rendered":"https:\/\/www.posk.se\/orgryte-pastorat\/?page_id=265"},"modified":"2020-12-27T12:20:37","modified_gmt":"2020-12-27T11:20:37","slug":"arsmote-2020","status":"publish","type":"page","link":"https:\/\/www.posk.se\/orgryte-pastorat\/arsmote\/arsmote-2020\/","title":{"rendered":"\u00c5rsm\u00f6te 2020"},"content":{"rendered":"<div class=\"page\" title=\"Page 1\">\n<div class=\"layoutArea\">\n<div class=\"column\">\n<p>Kallelse till alla POSK:are i Bjo\u0308rkeka\u0308rr, Sankt Pauli, Ha\u0308rlanda och O\u0308rgryte fo\u0308rsamlingar.<\/p>\n<p>Kallelse till a\u030arsmo\u0308te 2020 med POSK i O\u0308rgryte pastorat<\/p>\n<h3><strong>\u00c5rsm\u00f6tet \u00e4ger rum 7 november 2020 p\u00e5 G\u00f6teborgs stiftskansli, Lilla Bommen.<\/strong><\/h3>\n<h2><strong> Gl\u00f6m inte betala din medlemsavgift (150 kronor).<\/strong><\/h2>\n<p><strong>L\u00f6rdag 7 november ca kl 12:45<\/strong> i G\u00f6teborgs stiftskansli, Lilla Bommen.<del><br \/>\n<\/del><\/p>\n<p>(M\u00f6tet \u00e4ger rum efter <strong><a href=\"https:\/\/www.posk.se\/goteborgsstift\/\">stiftsPOSKs \u00e5rsm\u00f6te &#8211; l\u00e4s mer h\u00e4r&gt;&gt;<\/a>)<\/strong><\/p>\n<p><strong>Fo\u0308redragningslista<\/strong><\/p>\n<ol>\n<li>A\u030arsmo\u0308tets o\u0308ppnande och faststa\u0308llande om beho\u0308riga utlysande (enligt \u00a7 6 i stadgarna ska kallelsen skickas ut tva\u030a veckor i fo\u0308rva\u0308g).<\/li>\n<li>Val av mo\u0308tesordfo\u0308rande<\/li>\n<li>Val av protokollsfo\u0308rare<\/li>\n<li>Val av tva\u030a protokollsjusterare<\/li>\n<li>Faststa\u0308llande av ro\u0308stla\u0308ngd<\/li>\n<li>Verksamhetsbera\u0308ttelse fo\u0308r 2019<\/li>\n<li>Faststa\u0308llande av resultat- och balansra\u0308kning<\/li>\n<li>Revisionsbera\u0308ttelsen<\/li>\n<li>Ansvarsfrihet fo\u0308r styrelsen avseende fo\u0308rega\u030aende a\u030ars fo\u0308rvaltning<\/li>\n<li>Inkomna motioner enl \u00a7 6 (Motion ska vara styrelsen tillhanda en vecka innan a\u030arsmo\u0308tet senaste 31 oktober.)<\/li>\n<li>Val av styrelseordfo\u0308rande fo\u0308r tiden fram till na\u0308sta a\u030arsmo\u0308te<\/li>\n<li>Val av styrelseledamo\u0308ter och ersa\u0308ttare enligt \u00a7 7 i stadgarna.<\/li>\n<li>Val av revisor och ersa\u0308ttare fo\u0308r tiden fram till na\u0308sta a\u030arsmo\u0308te<\/li>\n<li>Val av valberedning och sammankallande fo\u0308r denna<\/li>\n<li>Faststa\u0308llande av medlemsavgift fo\u0308r 2021 i fo\u0308reningen<\/li>\n<li>Informationspunkt om kyrkovalet 19 september 2021 och vala\u030aret.<\/li>\n<li>O\u0308vriga a\u0308renden va\u0308ckta av styrelsen eller av medlem<\/li>\n<li>Mo\u0308tets avslutande<\/li>\n<\/ol>\n<\/div>\n<\/div>\n<\/div>\n<p><strong>Handlingar att ladda ner:<\/strong><\/p>\n<ul>\n<li><a href=\"https:\/\/www.posk.se\/orgryte-pastorat\/wp-content\/uploads\/sites\/29\/2020\/10\/kallelse-acc8arsmocc88te-2020nov7.pdf\">Kallelse a\u030arsmo\u0308te 2020nov7<\/a><\/li>\n<li><a href=\"https:\/\/www.posk.se\/orgryte-pastorat\/wp-content\/uploads\/sites\/29\/2020\/03\/verksamhetsberacc88ttelse-2019uppd2-1.pdf\">Verksamhetsbera\u0308ttelse 2019uppd#2<\/a><\/li>\n<li><a href=\"https:\/\/www.posk.se\/orgryte-pastorat\/wp-content\/uploads\/sites\/29\/2020\/03\/racc88kenskapsberacc88ttelse-occ88rgryte2019.pdf\">Ra\u0308kenskapsbera\u0308ttelse O\u0308rgryte2019<\/a><\/li>\n<li>F\u00f6rslag fr\u00e5n styrelsen (propositioner)<\/li>\n<li>F\u00f6rslag fr\u00e5n medlemmarna (motioner) <strong>Motioner ska vara styrelsen tillhanda senast l\u00f6rdagen 31 oktober.<\/strong><\/li>\n<\/ul>\n<p>Vid fr\u00e5gor kontakta Carina Etander Rimborg<\/p>\n","protected":false},"excerpt":{"rendered":"<p>Kallelse till alla POSK:are i Bjo\u0308rkeka\u0308rr, Sankt Pauli, Ha\u0308rlanda och O\u0308rgryte fo\u0308rsamlingar. Kallelse till a\u030arsmo\u0308te 2020 med POSK i O\u0308rgryte pastorat \u00c5rsm\u00f6tet \u00e4ger rum 7 november 2020 p\u00e5 G\u00f6teborgs stiftskansli, Lilla Bommen. Gl\u00f6m inte betala din medlemsavgift (150 kronor). L\u00f6rdag 7 november ca kl 12:45 i G\u00f6teborgs stiftskansli, Lilla Bommen. (M\u00f6tet \u00e4ger rum efter stiftsPOSKs [&hellip;]<\/p>\n","protected":false},"author":76,"featured_media":192,"parent":191,"menu_order":5,"comment_status":"closed","ping_status":"closed","template":"page-templates\/page-sidebar-left.php","meta":{"_acf_changed":false,"footnotes":""},"class_list":["post-265","page","type-page","status-publish","has-post-thumbnail","hentry"],"acf":[],"yoast_head":"<!-- This site is optimized with the Yoast SEO plugin v24.9 - https:\/\/yoast.com\/wordpress\/plugins\/seo\/ -->\n<title>\u00c5rsm\u00f6te 2020 - \u00d6rgryte pastorat<\/title>\n<meta name=\"robots\" content=\"index, follow, max-snippet:-1, max-image-preview:large, max-video-preview:-1\" \/>\n<link rel=\"canonical\" href=\"https:\/\/www.posk.se\/orgryte-pastorat\/arsmote\/arsmote-2020\/\" \/>\n<meta property=\"og:locale\" content=\"sv_SE\" \/>\n<meta property=\"og:type\" content=\"article\" \/>\n<meta property=\"og:title\" content=\"\u00c5rsm\u00f6te 2020 - \u00d6rgryte pastorat\" \/>\n<meta property=\"og:description\" content=\"Kallelse till alla POSK:are i Bjo\u0308rkeka\u0308rr, Sankt Pauli, Ha\u0308rlanda och O\u0308rgryte fo\u0308rsamlingar. Kallelse till a\u030arsmo\u0308te 2020 med POSK i O\u0308rgryte pastorat \u00c5rsm\u00f6tet \u00e4ger rum 7 november 2020 p\u00e5 G\u00f6teborgs stiftskansli, Lilla Bommen. Gl\u00f6m inte betala din medlemsavgift (150 kronor). L\u00f6rdag 7 november ca kl 12:45 i G\u00f6teborgs stiftskansli, Lilla Bommen. (M\u00f6tet \u00e4ger rum efter stiftsPOSKs [&hellip;]\" \/>\n<meta property=\"og:url\" content=\"https:\/\/www.posk.se\/orgryte-pastorat\/arsmote\/arsmote-2020\/\" \/>\n<meta property=\"og:site_name\" content=\"\u00d6rgryte pastorat\" \/>\n<meta property=\"article:modified_time\" content=\"2020-12-27T11:20:37+00:00\" \/>\n<meta property=\"og:image\" content=\"https:\/\/www.posk.se\/orgryte-pastorat\/wp-content\/uploads\/sites\/29\/2018\/01\/ordf-klubba.gif\" \/>\n\t<meta property=\"og:image:width\" content=\"192\" \/>\n\t<meta property=\"og:image:height\" content=\"192\" \/>\n\t<meta property=\"og:image:type\" content=\"image\/gif\" \/>\n<meta name=\"twitter:card\" content=\"summary_large_image\" \/>\n<meta name=\"twitter:label1\" content=\"Ber\u00e4knad l\u00e4stid\" \/>\n\t<meta name=\"twitter:data1\" content=\"1 minut\" \/>\n<script type=\"application\/ld+json\" class=\"yoast-schema-graph\">{\"@context\":\"https:\/\/schema.org\",\"@graph\":[{\"@type\":\"WebPage\",\"@id\":\"https:\/\/www.posk.se\/orgryte-pastorat\/arsmote\/arsmote-2020\/\",\"url\":\"https:\/\/www.posk.se\/orgryte-pastorat\/arsmote\/arsmote-2020\/\",\"name\":\"\u00c5rsm\u00f6te 2020 - \u00d6rgryte pastorat\",\"isPartOf\":{\"@id\":\"https:\/\/www.posk.se\/orgryte-pastorat\/#website\"},\"primaryImageOfPage\":{\"@id\":\"https:\/\/www.posk.se\/orgryte-pastorat\/arsmote\/arsmote-2020\/#primaryimage\"},\"image\":{\"@id\":\"https:\/\/www.posk.se\/orgryte-pastorat\/arsmote\/arsmote-2020\/#primaryimage\"},\"thumbnailUrl\":\"https:\/\/www.posk.se\/orgryte-pastorat\/wp-content\/uploads\/sites\/29\/2018\/01\/ordf-klubba.gif\",\"datePublished\":\"2020-02-16T06:49:11+00:00\",\"dateModified\":\"2020-12-27T11:20:37+00:00\",\"breadcrumb\":{\"@id\":\"https:\/\/www.posk.se\/orgryte-pastorat\/arsmote\/arsmote-2020\/#breadcrumb\"},\"inLanguage\":\"sv-SE\",\"potentialAction\":[{\"@type\":\"ReadAction\",\"target\":[\"https:\/\/www.posk.se\/orgryte-pastorat\/arsmote\/arsmote-2020\/\"]}]},{\"@type\":\"ImageObject\",\"inLanguage\":\"sv-SE\",\"@id\":\"https:\/\/www.posk.se\/orgryte-pastorat\/arsmote\/arsmote-2020\/#primaryimage\",\"url\":\"https:\/\/www.posk.se\/orgryte-pastorat\/wp-content\/uploads\/sites\/29\/2018\/01\/ordf-klubba.gif\",\"contentUrl\":\"https:\/\/www.posk.se\/orgryte-pastorat\/wp-content\/uploads\/sites\/29\/2018\/01\/ordf-klubba.gif\",\"width\":192,\"height\":192},{\"@type\":\"BreadcrumbList\",\"@id\":\"https:\/\/www.posk.se\/orgryte-pastorat\/arsmote\/arsmote-2020\/#breadcrumb\",\"itemListElement\":[{\"@type\":\"ListItem\",\"position\":1,\"name\":\"Hem\",\"item\":\"https:\/\/www.posk.se\/orgryte-pastorat\/\"},{\"@type\":\"ListItem\",\"position\":2,\"name\":\"\u00c5rsm\u00f6ten\",\"item\":\"https:\/\/www.posk.se\/orgryte-pastorat\/arsmote\/\"},{\"@type\":\"ListItem\",\"position\":3,\"name\":\"\u00c5rsm\u00f6te 2020\"}]},{\"@type\":\"WebSite\",\"@id\":\"https:\/\/www.posk.se\/orgryte-pastorat\/#website\",\"url\":\"https:\/\/www.posk.se\/orgryte-pastorat\/\",\"name\":\"\u00d6rgryte pastorat\",\"description\":\"POSK-grupp i G\u00f6teborgs stift\",\"potentialAction\":[{\"@type\":\"SearchAction\",\"target\":{\"@type\":\"EntryPoint\",\"urlTemplate\":\"https:\/\/www.posk.se\/orgryte-pastorat\/?s={search_term_string}\"},\"query-input\":{\"@type\":\"PropertyValueSpecification\",\"valueRequired\":true,\"valueName\":\"search_term_string\"}}],\"inLanguage\":\"sv-SE\"}]}<\/script>\n<!-- \/ Yoast SEO plugin. -->","yoast_head_json":{"title":"\u00c5rsm\u00f6te 2020 - \u00d6rgryte pastorat","robots":{"index":"index","follow":"follow","max-snippet":"max-snippet:-1","max-image-preview":"max-image-preview:large","max-video-preview":"max-video-preview:-1"},"canonical":"https:\/\/www.posk.se\/orgryte-pastorat\/arsmote\/arsmote-2020\/","og_locale":"sv_SE","og_type":"article","og_title":"\u00c5rsm\u00f6te 2020 - \u00d6rgryte pastorat","og_description":"Kallelse till alla POSK:are i Bjo\u0308rkeka\u0308rr, Sankt Pauli, Ha\u0308rlanda och O\u0308rgryte fo\u0308rsamlingar. Kallelse till a\u030arsmo\u0308te 2020 med POSK i O\u0308rgryte pastorat \u00c5rsm\u00f6tet \u00e4ger rum 7 november 2020 p\u00e5 G\u00f6teborgs stiftskansli, Lilla Bommen. Gl\u00f6m inte betala din medlemsavgift (150 kronor). L\u00f6rdag 7 november ca kl 12:45 i G\u00f6teborgs stiftskansli, Lilla Bommen. (M\u00f6tet \u00e4ger rum efter stiftsPOSKs [&hellip;]","og_url":"https:\/\/www.posk.se\/orgryte-pastorat\/arsmote\/arsmote-2020\/","og_site_name":"\u00d6rgryte pastorat","article_modified_time":"2020-12-27T11:20:37+00:00","og_image":[{"width":192,"height":192,"url":"https:\/\/www.posk.se\/orgryte-pastorat\/wp-content\/uploads\/sites\/29\/2018\/01\/ordf-klubba.gif","type":"image\/gif"}],"twitter_card":"summary_large_image","twitter_misc":{"Ber\u00e4knad l\u00e4stid":"1 minut"},"schema":{"@context":"https:\/\/schema.org","@graph":[{"@type":"WebPage","@id":"https:\/\/www.posk.se\/orgryte-pastorat\/arsmote\/arsmote-2020\/","url":"https:\/\/www.posk.se\/orgryte-pastorat\/arsmote\/arsmote-2020\/","name":"\u00c5rsm\u00f6te 2020 - \u00d6rgryte pastorat","isPartOf":{"@id":"https:\/\/www.posk.se\/orgryte-pastorat\/#website"},"primaryImageOfPage":{"@id":"https:\/\/www.posk.se\/orgryte-pastorat\/arsmote\/arsmote-2020\/#primaryimage"},"image":{"@id":"https:\/\/www.posk.se\/orgryte-pastorat\/arsmote\/arsmote-2020\/#primaryimage"},"thumbnailUrl":"https:\/\/www.posk.se\/orgryte-pastorat\/wp-content\/uploads\/sites\/29\/2018\/01\/ordf-klubba.gif","datePublished":"2020-02-16T06:49:11+00:00","dateModified":"2020-12-27T11:20:37+00:00","breadcrumb":{"@id":"https:\/\/www.posk.se\/orgryte-pastorat\/arsmote\/arsmote-2020\/#breadcrumb"},"inLanguage":"sv-SE","potentialAction":[{"@type":"ReadAction","target":["https:\/\/www.posk.se\/orgryte-pastorat\/arsmote\/arsmote-2020\/"]}]},{"@type":"ImageObject","inLanguage":"sv-SE","@id":"https:\/\/www.posk.se\/orgryte-pastorat\/arsmote\/arsmote-2020\/#primaryimage","url":"https:\/\/www.posk.se\/orgryte-pastorat\/wp-content\/uploads\/sites\/29\/2018\/01\/ordf-klubba.gif","contentUrl":"https:\/\/www.posk.se\/orgryte-pastorat\/wp-content\/uploads\/sites\/29\/2018\/01\/ordf-klubba.gif","width":192,"height":192},{"@type":"BreadcrumbList","@id":"https:\/\/www.posk.se\/orgryte-pastorat\/arsmote\/arsmote-2020\/#breadcrumb","itemListElement":[{"@type":"ListItem","position":1,"name":"Hem","item":"https:\/\/www.posk.se\/orgryte-pastorat\/"},{"@type":"ListItem","position":2,"name":"\u00c5rsm\u00f6ten","item":"https:\/\/www.posk.se\/orgryte-pastorat\/arsmote\/"},{"@type":"ListItem","position":3,"name":"\u00c5rsm\u00f6te 2020"}]},{"@type":"WebSite","@id":"https:\/\/www.posk.se\/orgryte-pastorat\/#website","url":"https:\/\/www.posk.se\/orgryte-pastorat\/","name":"\u00d6rgryte pastorat","description":"POSK-grupp i G\u00f6teborgs stift","potentialAction":[{"@type":"SearchAction","target":{"@type":"EntryPoint","urlTemplate":"https:\/\/www.posk.se\/orgryte-pastorat\/?s={search_term_string}"},"query-input":{"@type":"PropertyValueSpecification","valueRequired":true,"valueName":"search_term_string"}}],"inLanguage":"sv-SE"}]}},"_links":{"self":[{"href":"https:\/\/www.posk.se\/orgryte-pastorat\/wp-json\/wp\/v2\/pages\/265","targetHints":{"allow":["GET"]}}],"collection":[{"href":"https:\/\/www.posk.se\/orgryte-pastorat\/wp-json\/wp\/v2\/pages"}],"about":[{"href":"https:\/\/www.posk.se\/orgryte-pastorat\/wp-json\/wp\/v2\/types\/page"}],"author":[{"embeddable":true,"href":"https:\/\/www.posk.se\/orgryte-pastorat\/wp-json\/wp\/v2\/users\/76"}],"replies":[{"embeddable":true,"href":"https:\/\/www.posk.se\/orgryte-pastorat\/wp-json\/wp\/v2\/comments?post=265"}],"version-history":[{"count":21,"href":"https:\/\/www.posk.se\/orgryte-pastorat\/wp-json\/wp\/v2\/pages\/265\/revisions"}],"predecessor-version":[{"id":308,"href":"https:\/\/www.posk.se\/orgryte-pastorat\/wp-json\/wp\/v2\/pages\/265\/revisions\/308"}],"up":[{"embeddable":true,"href":"https:\/\/www.posk.se\/orgryte-pastorat\/wp-json\/wp\/v2\/pages\/191"}],"wp:featuredmedia":[{"embeddable":true,"href":"https:\/\/www.posk.se\/orgryte-pastorat\/wp-json\/wp\/v2\/media\/192"}],"wp:attachment":[{"href":"https:\/\/www.posk.se\/orgryte-pastorat\/wp-json\/wp\/v2\/media?parent=265"}],"curies":[{"name":"wp","href":"https:\/\/api.w.org\/{rel}","templated":true}]}}