{"id":84,"date":"2019-03-26T19:59:53","date_gmt":"2019-03-26T18:59:53","guid":{"rendered":"https:\/\/www.posk.se\/orebro\/?page_id=84"},"modified":"2025-05-15T12:40:29","modified_gmt":"2025-05-15T10:40:29","slug":"om-oss","status":"publish","type":"page","link":"https:\/\/www.posk.se\/orebro\/om-oss\/","title":{"rendered":"Styrelsen f\u00f6r POSK \u00d6rebro"},"content":{"rendered":"<div class=\"page\" title=\"Page 3\">\n<h4>Gabriel Sj\u00f6lin, Ordf\u00f6rande<\/h4>\n<h4>Torkel Freed, Kass\u00f6r<\/h4>\n<h4>Marianne Sindmark, vice ordf\u00f6rande<br \/>\nKristina Lindfors, Ledamot<br \/>\nConny B\u00e4ckstr\u00f6m, ers\u00e4ttare<\/h4>\n<h4>Anna Hjalmarsson, ers\u00e4ttare<\/h4>\n<\/div>\n<h5><\/h5>\n<h5>Bli medlem!<\/h5>\n<h5>Kontakta oss f\u00f6r mer info:<\/h5>\n<h5><strong><a href=\"mailto:info@poskorebro.se\">info@poskorebro.se<\/a><\/strong><\/h5>\n<p>&nbsp;<\/p>\n<p>&nbsp;<\/p>\n<p>&nbsp;<\/p>\n","protected":false},"excerpt":{"rendered":"<p>Gabriel Sj\u00f6lin, Ordf\u00f6rande Torkel Freed, Kass\u00f6r Marianne Sindmark, vice ordf\u00f6rande Kristina Lindfors, Ledamot Conny B\u00e4ckstr\u00f6m, ers\u00e4ttare Anna Hjalmarsson, ers\u00e4ttare Bli medlem! Kontakta oss f\u00f6r mer info: info@poskorebro.se &nbsp; &nbsp; &nbsp;<\/p>\n","protected":false},"author":170,"featured_media":0,"parent":0,"menu_order":2,"comment_status":"closed","ping_status":"closed","template":"","meta":{"_acf_changed":false,"footnotes":""},"class_list":["post-84","page","type-page","status-publish","hentry"],"acf":[],"yoast_head":"<!-- This site is optimized with the Yoast SEO plugin v24.9 - https:\/\/yoast.com\/wordpress\/plugins\/seo\/ -->\n<title>Styrelsen f\u00f6r POSK \u00d6rebro - \u00d6rebro<\/title>\n<meta name=\"robots\" content=\"index, follow, max-snippet:-1, max-image-preview:large, max-video-preview:-1\" \/>\n<link rel=\"canonical\" href=\"https:\/\/www.posk.se\/orebro\/om-oss\/\" \/>\n<meta property=\"og:locale\" content=\"sv_SE\" \/>\n<meta property=\"og:type\" content=\"article\" \/>\n<meta property=\"og:title\" content=\"Styrelsen f\u00f6r POSK \u00d6rebro - \u00d6rebro\" \/>\n<meta property=\"og:description\" content=\"Gabriel Sj\u00f6lin, Ordf\u00f6rande Torkel Freed, Kass\u00f6r Marianne Sindmark, vice ordf\u00f6rande Kristina Lindfors, Ledamot Conny B\u00e4ckstr\u00f6m, ers\u00e4ttare Anna Hjalmarsson, ers\u00e4ttare Bli medlem! Kontakta oss f\u00f6r mer info: info@poskorebro.se &nbsp; &nbsp; &nbsp;\" \/>\n<meta property=\"og:url\" content=\"https:\/\/www.posk.se\/orebro\/om-oss\/\" \/>\n<meta property=\"og:site_name\" content=\"\u00d6rebro\" \/>\n<meta property=\"article:modified_time\" content=\"2025-05-15T10:40:29+00:00\" \/>\n<meta name=\"twitter:card\" content=\"summary_large_image\" \/>\n<meta name=\"twitter:label1\" content=\"Ber\u00e4knad l\u00e4stid\" \/>\n\t<meta name=\"twitter:data1\" content=\"1 minut\" \/>\n<script type=\"application\/ld+json\" class=\"yoast-schema-graph\">{\"@context\":\"https:\/\/schema.org\",\"@graph\":[{\"@type\":\"WebPage\",\"@id\":\"https:\/\/www.posk.se\/orebro\/om-oss\/\",\"url\":\"https:\/\/www.posk.se\/orebro\/om-oss\/\",\"name\":\"Styrelsen f\u00f6r POSK \u00d6rebro - \u00d6rebro\",\"isPartOf\":{\"@id\":\"https:\/\/www.posk.se\/orebro\/#website\"},\"datePublished\":\"2019-03-26T18:59:53+00:00\",\"dateModified\":\"2025-05-15T10:40:29+00:00\",\"breadcrumb\":{\"@id\":\"https:\/\/www.posk.se\/orebro\/om-oss\/#breadcrumb\"},\"inLanguage\":\"sv-SE\",\"potentialAction\":[{\"@type\":\"ReadAction\",\"target\":[\"https:\/\/www.posk.se\/orebro\/om-oss\/\"]}]},{\"@type\":\"BreadcrumbList\",\"@id\":\"https:\/\/www.posk.se\/orebro\/om-oss\/#breadcrumb\",\"itemListElement\":[{\"@type\":\"ListItem\",\"position\":1,\"name\":\"Hem\",\"item\":\"https:\/\/www.posk.se\/orebro\/\"},{\"@type\":\"ListItem\",\"position\":2,\"name\":\"Styrelsen f\u00f6r POSK \u00d6rebro\"}]},{\"@type\":\"WebSite\",\"@id\":\"https:\/\/www.posk.se\/orebro\/#website\",\"url\":\"https:\/\/www.posk.se\/orebro\/\",\"name\":\"\u00d6rebro\",\"description\":\"POSK-grupp i Str\u00e4ngn\u00e4s stift\",\"potentialAction\":[{\"@type\":\"SearchAction\",\"target\":{\"@type\":\"EntryPoint\",\"urlTemplate\":\"https:\/\/www.posk.se\/orebro\/?s={search_term_string}\"},\"query-input\":{\"@type\":\"PropertyValueSpecification\",\"valueRequired\":true,\"valueName\":\"search_term_string\"}}],\"inLanguage\":\"sv-SE\"}]}<\/script>\n<!-- \/ Yoast SEO plugin. -->","yoast_head_json":{"title":"Styrelsen f\u00f6r POSK \u00d6rebro - \u00d6rebro","robots":{"index":"index","follow":"follow","max-snippet":"max-snippet:-1","max-image-preview":"max-image-preview:large","max-video-preview":"max-video-preview:-1"},"canonical":"https:\/\/www.posk.se\/orebro\/om-oss\/","og_locale":"sv_SE","og_type":"article","og_title":"Styrelsen f\u00f6r POSK \u00d6rebro - \u00d6rebro","og_description":"Gabriel Sj\u00f6lin, Ordf\u00f6rande Torkel Freed, Kass\u00f6r Marianne Sindmark, vice ordf\u00f6rande Kristina Lindfors, Ledamot Conny B\u00e4ckstr\u00f6m, ers\u00e4ttare Anna Hjalmarsson, ers\u00e4ttare Bli medlem! Kontakta oss f\u00f6r mer info: info@poskorebro.se &nbsp; &nbsp; &nbsp;","og_url":"https:\/\/www.posk.se\/orebro\/om-oss\/","og_site_name":"\u00d6rebro","article_modified_time":"2025-05-15T10:40:29+00:00","twitter_card":"summary_large_image","twitter_misc":{"Ber\u00e4knad l\u00e4stid":"1 minut"},"schema":{"@context":"https:\/\/schema.org","@graph":[{"@type":"WebPage","@id":"https:\/\/www.posk.se\/orebro\/om-oss\/","url":"https:\/\/www.posk.se\/orebro\/om-oss\/","name":"Styrelsen f\u00f6r POSK \u00d6rebro - \u00d6rebro","isPartOf":{"@id":"https:\/\/www.posk.se\/orebro\/#website"},"datePublished":"2019-03-26T18:59:53+00:00","dateModified":"2025-05-15T10:40:29+00:00","breadcrumb":{"@id":"https:\/\/www.posk.se\/orebro\/om-oss\/#breadcrumb"},"inLanguage":"sv-SE","potentialAction":[{"@type":"ReadAction","target":["https:\/\/www.posk.se\/orebro\/om-oss\/"]}]},{"@type":"BreadcrumbList","@id":"https:\/\/www.posk.se\/orebro\/om-oss\/#breadcrumb","itemListElement":[{"@type":"ListItem","position":1,"name":"Hem","item":"https:\/\/www.posk.se\/orebro\/"},{"@type":"ListItem","position":2,"name":"Styrelsen f\u00f6r POSK \u00d6rebro"}]},{"@type":"WebSite","@id":"https:\/\/www.posk.se\/orebro\/#website","url":"https:\/\/www.posk.se\/orebro\/","name":"\u00d6rebro","description":"POSK-grupp i Str\u00e4ngn\u00e4s stift","potentialAction":[{"@type":"SearchAction","target":{"@type":"EntryPoint","urlTemplate":"https:\/\/www.posk.se\/orebro\/?s={search_term_string}"},"query-input":{"@type":"PropertyValueSpecification","valueRequired":true,"valueName":"search_term_string"}}],"inLanguage":"sv-SE"}]}},"_links":{"self":[{"href":"https:\/\/www.posk.se\/orebro\/wp-json\/wp\/v2\/pages\/84","targetHints":{"allow":["GET"]}}],"collection":[{"href":"https:\/\/www.posk.se\/orebro\/wp-json\/wp\/v2\/pages"}],"about":[{"href":"https:\/\/www.posk.se\/orebro\/wp-json\/wp\/v2\/types\/page"}],"author":[{"embeddable":true,"href":"https:\/\/www.posk.se\/orebro\/wp-json\/wp\/v2\/users\/170"}],"replies":[{"embeddable":true,"href":"https:\/\/www.posk.se\/orebro\/wp-json\/wp\/v2\/comments?post=84"}],"version-history":[{"count":66,"href":"https:\/\/www.posk.se\/orebro\/wp-json\/wp\/v2\/pages\/84\/revisions"}],"predecessor-version":[{"id":790,"href":"https:\/\/www.posk.se\/orebro\/wp-json\/wp\/v2\/pages\/84\/revisions\/790"}],"wp:attachment":[{"href":"https:\/\/www.posk.se\/orebro\/wp-json\/wp\/v2\/media?parent=84"}],"curies":[{"name":"wp","href":"https:\/\/api.w.org\/{rel}","templated":true}]}}