{"id":467,"date":"2025-03-07T19:15:39","date_gmt":"2025-03-07T18:15:39","guid":{"rendered":"https:\/\/www.posk.se\/orebro\/?page_id=467"},"modified":"2025-03-26T12:13:51","modified_gmt":"2025-03-26T11:13:51","slug":"bli-medlem-i-posk","status":"publish","type":"page","link":"https:\/\/www.posk.se\/orebro\/vad-ar-posk\/bli-medlem-i-posk\/","title":{"rendered":"Bli medlem i POSK"},"content":{"rendered":"<h3><span style=\"color: #993300\">Genom att bli medlem i POSK \u00e4r du med och reformerar Svenska kyrkan i riktning bort fr\u00e5n partipolitisk styrning.<\/span><\/h3>\n<h4>N\u00e4r vi tar beslut om inriktning f\u00f6r Svenska kyrkans verksamhet s\u00e5 ska det g\u00f6ras utifr\u00e5n hur vi tolkar evangeliet, och inte utifr\u00e5n sekul\u00e4ra partiprogram.<br \/>\nI kyrkovalet 2021 vill vi st\u00e4rka den obundna r\u00f6relsen inom kyrkan.<\/h4>\n<h4>Genom att bli medlem \u00e4r du ocks\u00e5 med och st\u00f6djer detta.<\/h4>\n<h5><span style=\"color: #993300\">S\u00e5 h\u00e4r blir du medlem i POSK, Partipolitiskt obundna i Svenska kyrkan.<\/span><\/h5>\n<div class=\"entry-content\">\n<h5><span style=\"color: #993300\">Medlem i en lokal POSK-grupp.<\/span><\/h5>\n<p>Det vanligaste och enklaste s\u00e4ttet att bli medlem \u00e4r n\u00e4r det finns en lokal POSK-grupp i den f\u00f6rsamling du tillh\u00f6r, eller i ett pastorat (flera f\u00f6rsamlingar som samverkar) som din f\u00f6rsamling tillh\u00f6r. Ta kontakt med den gruppen.<\/p>\n<h4>Vill du veta mer?<\/h4>\n<h5><strong>Kontakt:<\/strong><\/h5>\n<p><strong><a href=\"mailto:info@poskorebro.se\">info@poskorebro.se<\/a><\/strong><\/p>\n<p><img loading=\"lazy\" decoding=\"async\" class=\"alignnone wp-image-341\" src=\"https:\/\/www.posk.se\/orebro\/wp-content\/uploads\/sites\/157\/2025\/03\/img-20241018-174402-111-1024x1024.jpg\" alt=\"\" width=\"630\" height=\"630\" srcset=\"https:\/\/www.posk.se\/orebro\/wp-content\/uploads\/sites\/157\/2025\/03\/img-20241018-174402-111-1024x1024.jpg 1024w, https:\/\/www.posk.se\/orebro\/wp-content\/uploads\/sites\/157\/2025\/03\/img-20241018-174402-111-300x300.jpg 300w, https:\/\/www.posk.se\/orebro\/wp-content\/uploads\/sites\/157\/2025\/03\/img-20241018-174402-111-150x150.jpg 150w, https:\/\/www.posk.se\/orebro\/wp-content\/uploads\/sites\/157\/2025\/03\/img-20241018-174402-111-768x768.jpg 768w, https:\/\/www.posk.se\/orebro\/wp-content\/uploads\/sites\/157\/2025\/03\/img-20241018-174402-111-197x197.jpg 197w, https:\/\/www.posk.se\/orebro\/wp-content\/uploads\/sites\/157\/2025\/03\/img-20241018-174402-111-330x330.jpg 330w, https:\/\/www.posk.se\/orebro\/wp-content\/uploads\/sites\/157\/2025\/03\/img-20241018-174402-111.jpg 1440w\" sizes=\"auto, (max-width: 630px) 100vw, 630px\" \/><\/p>\n<p>&nbsp;<\/p>\n<\/div>\n","protected":false},"excerpt":{"rendered":"<p>Genom att bli medlem i POSK \u00e4r du med och reformerar Svenska kyrkan i riktning bort fr\u00e5n partipolitisk styrning. N\u00e4r vi tar beslut om inriktning f\u00f6r Svenska kyrkans verksamhet s\u00e5 ska det g\u00f6ras utifr\u00e5n hur vi tolkar evangeliet, och inte utifr\u00e5n sekul\u00e4ra partiprogram. I kyrkovalet 2021 vill vi st\u00e4rka den obundna r\u00f6relsen inom kyrkan. Genom [&hellip;]<\/p>\n","protected":false},"author":1908,"featured_media":0,"parent":379,"menu_order":3,"comment_status":"closed","ping_status":"closed","template":"","meta":{"_acf_changed":false,"footnotes":""},"class_list":["post-467","page","type-page","status-publish","hentry"],"acf":[],"yoast_head":"<!-- This site is optimized with the Yoast SEO plugin v24.9 - https:\/\/yoast.com\/wordpress\/plugins\/seo\/ -->\n<title>Bli medlem i POSK - \u00d6rebro<\/title>\n<meta name=\"robots\" content=\"index, follow, max-snippet:-1, max-image-preview:large, max-video-preview:-1\" \/>\n<link rel=\"canonical\" href=\"https:\/\/www.posk.se\/orebro\/vad-ar-posk\/bli-medlem-i-posk\/\" \/>\n<meta property=\"og:locale\" content=\"sv_SE\" \/>\n<meta property=\"og:type\" content=\"article\" \/>\n<meta property=\"og:title\" content=\"Bli medlem i POSK - \u00d6rebro\" \/>\n<meta property=\"og:description\" content=\"Genom att bli medlem i POSK \u00e4r du med och reformerar Svenska kyrkan i riktning bort fr\u00e5n partipolitisk styrning. N\u00e4r vi tar beslut om inriktning f\u00f6r Svenska kyrkans verksamhet s\u00e5 ska det g\u00f6ras utifr\u00e5n hur vi tolkar evangeliet, och inte utifr\u00e5n sekul\u00e4ra partiprogram. I kyrkovalet 2021 vill vi st\u00e4rka den obundna r\u00f6relsen inom kyrkan. Genom [&hellip;]\" \/>\n<meta property=\"og:url\" content=\"https:\/\/www.posk.se\/orebro\/vad-ar-posk\/bli-medlem-i-posk\/\" \/>\n<meta property=\"og:site_name\" content=\"\u00d6rebro\" \/>\n<meta property=\"article:modified_time\" content=\"2025-03-26T11:13:51+00:00\" \/>\n<meta property=\"og:image\" content=\"https:\/\/www.posk.se\/orebro\/wp-content\/uploads\/sites\/157\/2025\/03\/img-20241018-174402-111.jpg\" \/>\n\t<meta property=\"og:image:width\" content=\"1440\" \/>\n\t<meta property=\"og:image:height\" content=\"1440\" \/>\n\t<meta property=\"og:image:type\" content=\"image\/jpeg\" \/>\n<meta name=\"twitter:card\" content=\"summary_large_image\" \/>\n<meta name=\"twitter:label1\" content=\"Ber\u00e4knad l\u00e4stid\" \/>\n\t<meta name=\"twitter:data1\" content=\"1 minut\" \/>\n<script type=\"application\/ld+json\" class=\"yoast-schema-graph\">{\"@context\":\"https:\/\/schema.org\",\"@graph\":[{\"@type\":\"WebPage\",\"@id\":\"https:\/\/www.posk.se\/orebro\/vad-ar-posk\/bli-medlem-i-posk\/\",\"url\":\"https:\/\/www.posk.se\/orebro\/vad-ar-posk\/bli-medlem-i-posk\/\",\"name\":\"Bli medlem i POSK - \u00d6rebro\",\"isPartOf\":{\"@id\":\"https:\/\/www.posk.se\/orebro\/#website\"},\"primaryImageOfPage\":{\"@id\":\"https:\/\/www.posk.se\/orebro\/vad-ar-posk\/bli-medlem-i-posk\/#primaryimage\"},\"image\":{\"@id\":\"https:\/\/www.posk.se\/orebro\/vad-ar-posk\/bli-medlem-i-posk\/#primaryimage\"},\"thumbnailUrl\":\"https:\/\/www.posk.se\/orebro\/wp-content\/uploads\/sites\/157\/2025\/03\/img-20241018-174402-111-1024x1024.jpg\",\"datePublished\":\"2025-03-07T18:15:39+00:00\",\"dateModified\":\"2025-03-26T11:13:51+00:00\",\"breadcrumb\":{\"@id\":\"https:\/\/www.posk.se\/orebro\/vad-ar-posk\/bli-medlem-i-posk\/#breadcrumb\"},\"inLanguage\":\"sv-SE\",\"potentialAction\":[{\"@type\":\"ReadAction\",\"target\":[\"https:\/\/www.posk.se\/orebro\/vad-ar-posk\/bli-medlem-i-posk\/\"]}]},{\"@type\":\"ImageObject\",\"inLanguage\":\"sv-SE\",\"@id\":\"https:\/\/www.posk.se\/orebro\/vad-ar-posk\/bli-medlem-i-posk\/#primaryimage\",\"url\":\"https:\/\/www.posk.se\/orebro\/wp-content\/uploads\/sites\/157\/2025\/03\/img-20241018-174402-111.jpg\",\"contentUrl\":\"https:\/\/www.posk.se\/orebro\/wp-content\/uploads\/sites\/157\/2025\/03\/img-20241018-174402-111.jpg\",\"width\":1440,\"height\":1440},{\"@type\":\"BreadcrumbList\",\"@id\":\"https:\/\/www.posk.se\/orebro\/vad-ar-posk\/bli-medlem-i-posk\/#breadcrumb\",\"itemListElement\":[{\"@type\":\"ListItem\",\"position\":1,\"name\":\"Hem\",\"item\":\"https:\/\/www.posk.se\/orebro\/\"},{\"@type\":\"ListItem\",\"position\":2,\"name\":\"Detta \u00e4r POSK\",\"item\":\"https:\/\/www.posk.se\/orebro\/vad-ar-posk\/\"},{\"@type\":\"ListItem\",\"position\":3,\"name\":\"Bli medlem i POSK\"}]},{\"@type\":\"WebSite\",\"@id\":\"https:\/\/www.posk.se\/orebro\/#website\",\"url\":\"https:\/\/www.posk.se\/orebro\/\",\"name\":\"\u00d6rebro\",\"description\":\"POSK-grupp i Str\u00e4ngn\u00e4s stift\",\"potentialAction\":[{\"@type\":\"SearchAction\",\"target\":{\"@type\":\"EntryPoint\",\"urlTemplate\":\"https:\/\/www.posk.se\/orebro\/?s={search_term_string}\"},\"query-input\":{\"@type\":\"PropertyValueSpecification\",\"valueRequired\":true,\"valueName\":\"search_term_string\"}}],\"inLanguage\":\"sv-SE\"}]}<\/script>\n<!-- \/ Yoast SEO plugin. -->","yoast_head_json":{"title":"Bli medlem i POSK - \u00d6rebro","robots":{"index":"index","follow":"follow","max-snippet":"max-snippet:-1","max-image-preview":"max-image-preview:large","max-video-preview":"max-video-preview:-1"},"canonical":"https:\/\/www.posk.se\/orebro\/vad-ar-posk\/bli-medlem-i-posk\/","og_locale":"sv_SE","og_type":"article","og_title":"Bli medlem i POSK - \u00d6rebro","og_description":"Genom att bli medlem i POSK \u00e4r du med och reformerar Svenska kyrkan i riktning bort fr\u00e5n partipolitisk styrning. N\u00e4r vi tar beslut om inriktning f\u00f6r Svenska kyrkans verksamhet s\u00e5 ska det g\u00f6ras utifr\u00e5n hur vi tolkar evangeliet, och inte utifr\u00e5n sekul\u00e4ra partiprogram. I kyrkovalet 2021 vill vi st\u00e4rka den obundna r\u00f6relsen inom kyrkan. Genom [&hellip;]","og_url":"https:\/\/www.posk.se\/orebro\/vad-ar-posk\/bli-medlem-i-posk\/","og_site_name":"\u00d6rebro","article_modified_time":"2025-03-26T11:13:51+00:00","og_image":[{"width":1440,"height":1440,"url":"https:\/\/www.posk.se\/orebro\/wp-content\/uploads\/sites\/157\/2025\/03\/img-20241018-174402-111.jpg","type":"image\/jpeg"}],"twitter_card":"summary_large_image","twitter_misc":{"Ber\u00e4knad l\u00e4stid":"1 minut"},"schema":{"@context":"https:\/\/schema.org","@graph":[{"@type":"WebPage","@id":"https:\/\/www.posk.se\/orebro\/vad-ar-posk\/bli-medlem-i-posk\/","url":"https:\/\/www.posk.se\/orebro\/vad-ar-posk\/bli-medlem-i-posk\/","name":"Bli medlem i POSK - \u00d6rebro","isPartOf":{"@id":"https:\/\/www.posk.se\/orebro\/#website"},"primaryImageOfPage":{"@id":"https:\/\/www.posk.se\/orebro\/vad-ar-posk\/bli-medlem-i-posk\/#primaryimage"},"image":{"@id":"https:\/\/www.posk.se\/orebro\/vad-ar-posk\/bli-medlem-i-posk\/#primaryimage"},"thumbnailUrl":"https:\/\/www.posk.se\/orebro\/wp-content\/uploads\/sites\/157\/2025\/03\/img-20241018-174402-111-1024x1024.jpg","datePublished":"2025-03-07T18:15:39+00:00","dateModified":"2025-03-26T11:13:51+00:00","breadcrumb":{"@id":"https:\/\/www.posk.se\/orebro\/vad-ar-posk\/bli-medlem-i-posk\/#breadcrumb"},"inLanguage":"sv-SE","potentialAction":[{"@type":"ReadAction","target":["https:\/\/www.posk.se\/orebro\/vad-ar-posk\/bli-medlem-i-posk\/"]}]},{"@type":"ImageObject","inLanguage":"sv-SE","@id":"https:\/\/www.posk.se\/orebro\/vad-ar-posk\/bli-medlem-i-posk\/#primaryimage","url":"https:\/\/www.posk.se\/orebro\/wp-content\/uploads\/sites\/157\/2025\/03\/img-20241018-174402-111.jpg","contentUrl":"https:\/\/www.posk.se\/orebro\/wp-content\/uploads\/sites\/157\/2025\/03\/img-20241018-174402-111.jpg","width":1440,"height":1440},{"@type":"BreadcrumbList","@id":"https:\/\/www.posk.se\/orebro\/vad-ar-posk\/bli-medlem-i-posk\/#breadcrumb","itemListElement":[{"@type":"ListItem","position":1,"name":"Hem","item":"https:\/\/www.posk.se\/orebro\/"},{"@type":"ListItem","position":2,"name":"Detta \u00e4r POSK","item":"https:\/\/www.posk.se\/orebro\/vad-ar-posk\/"},{"@type":"ListItem","position":3,"name":"Bli medlem i POSK"}]},{"@type":"WebSite","@id":"https:\/\/www.posk.se\/orebro\/#website","url":"https:\/\/www.posk.se\/orebro\/","name":"\u00d6rebro","description":"POSK-grupp i Str\u00e4ngn\u00e4s stift","potentialAction":[{"@type":"SearchAction","target":{"@type":"EntryPoint","urlTemplate":"https:\/\/www.posk.se\/orebro\/?s={search_term_string}"},"query-input":{"@type":"PropertyValueSpecification","valueRequired":true,"valueName":"search_term_string"}}],"inLanguage":"sv-SE"}]}},"_links":{"self":[{"href":"https:\/\/www.posk.se\/orebro\/wp-json\/wp\/v2\/pages\/467","targetHints":{"allow":["GET"]}}],"collection":[{"href":"https:\/\/www.posk.se\/orebro\/wp-json\/wp\/v2\/pages"}],"about":[{"href":"https:\/\/www.posk.se\/orebro\/wp-json\/wp\/v2\/types\/page"}],"author":[{"embeddable":true,"href":"https:\/\/www.posk.se\/orebro\/wp-json\/wp\/v2\/users\/1908"}],"replies":[{"embeddable":true,"href":"https:\/\/www.posk.se\/orebro\/wp-json\/wp\/v2\/comments?post=467"}],"version-history":[{"count":25,"href":"https:\/\/www.posk.se\/orebro\/wp-json\/wp\/v2\/pages\/467\/revisions"}],"predecessor-version":[{"id":688,"href":"https:\/\/www.posk.se\/orebro\/wp-json\/wp\/v2\/pages\/467\/revisions\/688"}],"up":[{"embeddable":true,"href":"https:\/\/www.posk.se\/orebro\/wp-json\/wp\/v2\/pages\/379"}],"wp:attachment":[{"href":"https:\/\/www.posk.se\/orebro\/wp-json\/wp\/v2\/media?parent=467"}],"curies":[{"name":"wp","href":"https:\/\/api.w.org\/{rel}","templated":true}]}}