{"id":314,"date":"2025-03-02T18:31:09","date_gmt":"2025-03-02T17:31:09","guid":{"rendered":"https:\/\/www.posk.se\/orebro\/?page_id=314"},"modified":"2025-03-27T20:18:40","modified_gmt":"2025-03-27T19:18:40","slug":"vision","status":"publish","type":"page","link":"https:\/\/www.posk.se\/orebro\/vision\/","title":{"rendered":"Vision"},"content":{"rendered":"<h2><span style=\"color: #993300\">POSK vill se visionen f\u00f6rverkligad genom att Svenska kyrkan<\/span><\/h2>\n<h5>&#8211; f\u00f6rmedlar befrielse, hopp och livsmod<br \/>\n&#8211; ger n\u00e4rvaro, gemenskap och m\u00f6jlighet att v\u00e4xa i tro<br \/>\n&#8211; ser och tar vara p\u00e5 varje m\u00e4nniska som en g\u00e5va i f\u00f6rsamlingens liv<br \/>\n&#8211; respekterar individen och gl\u00e4ds \u00e5t m\u00e5ngfalden<br \/>\n&#8211; \u00e4r en tydlig r\u00f6st i samh\u00e4llet och visar p\u00e5 ett liv i r\u00e4ttvisa och frihet<br \/>\n&#8211; f\u00f6renklar sin organisation och struktur s\u00e5 att de b\u00e4ttre fr\u00e4mjar kyrkans uppdrag<br \/>\n&#8211; \u00e4r en brobyggare mellan olika kyrkliga traditioner och mellan kristna kyrkor<br \/>\n&#8211; str\u00e4var efter en sann och \u00f6ppen dialog mellan m\u00e4nniskor av olika tro<br \/>\n&#8211; POSK har id\u00e9erna f\u00f6r framtiden och vill leda utvecklingen i riktning mot en kyrka som rymmer m\u00e5ngfald och pr\u00e4glas av respekt.<\/h5>\n<h4><a href=\"https:\/\/www.posk.se\/orebro\/wp-content\/uploads\/sites\/157\/2025\/03\/vision-och-program-for-mandatperioden-2026-2029.pdf\">Vision och program F\u00f6r mandatperioden 2026-2029<\/a><\/h4>\n<h5>(Nedladdnings bar textversion i PDF-format)<\/h5>\n<p>&nbsp;<\/p>\n<p><img loading=\"lazy\" decoding=\"async\" class=\"alignnone size-medium wp-image-361\" src=\"https:\/\/www.posk.se\/orebro\/wp-content\/uploads\/sites\/157\/2025\/03\/img-20241203-120617-515-300x300.jpg\" alt=\"\" width=\"300\" height=\"300\" srcset=\"https:\/\/www.posk.se\/orebro\/wp-content\/uploads\/sites\/157\/2025\/03\/img-20241203-120617-515-300x300.jpg 300w, https:\/\/www.posk.se\/orebro\/wp-content\/uploads\/sites\/157\/2025\/03\/img-20241203-120617-515-1024x1024.jpg 1024w, https:\/\/www.posk.se\/orebro\/wp-content\/uploads\/sites\/157\/2025\/03\/img-20241203-120617-515-150x150.jpg 150w, https:\/\/www.posk.se\/orebro\/wp-content\/uploads\/sites\/157\/2025\/03\/img-20241203-120617-515-768x768.jpg 768w, https:\/\/www.posk.se\/orebro\/wp-content\/uploads\/sites\/157\/2025\/03\/img-20241203-120617-515-197x197.jpg 197w, https:\/\/www.posk.se\/orebro\/wp-content\/uploads\/sites\/157\/2025\/03\/img-20241203-120617-515-330x330.jpg 330w, https:\/\/www.posk.se\/orebro\/wp-content\/uploads\/sites\/157\/2025\/03\/img-20241203-120617-515.jpg 1080w\" sizes=\"auto, (max-width: 300px) 100vw, 300px\" \/>\u00a0 \u00a0 \u00a0 \u00a0 \u00a0 \u00a0 \u00a0\u00a0 \u00a0 \u00a0 \u00a0 \u00a0 \u00a0 \u00a0 \u00a0 \u00a0\u00a0<img loading=\"lazy\" decoding=\"async\" class=\"alignnone wp-image-355\" src=\"https:\/\/www.posk.se\/orebro\/wp-content\/uploads\/sites\/157\/2025\/03\/img-20241026-165722-197-1024x1024.jpg\" alt=\"\" width=\"306\" height=\"306\" srcset=\"https:\/\/www.posk.se\/orebro\/wp-content\/uploads\/sites\/157\/2025\/03\/img-20241026-165722-197-1024x1024.jpg 1024w, https:\/\/www.posk.se\/orebro\/wp-content\/uploads\/sites\/157\/2025\/03\/img-20241026-165722-197-300x300.jpg 300w, https:\/\/www.posk.se\/orebro\/wp-content\/uploads\/sites\/157\/2025\/03\/img-20241026-165722-197-150x150.jpg 150w, https:\/\/www.posk.se\/orebro\/wp-content\/uploads\/sites\/157\/2025\/03\/img-20241026-165722-197-768x768.jpg 768w, https:\/\/www.posk.se\/orebro\/wp-content\/uploads\/sites\/157\/2025\/03\/img-20241026-165722-197-197x197.jpg 197w, https:\/\/www.posk.se\/orebro\/wp-content\/uploads\/sites\/157\/2025\/03\/img-20241026-165722-197-330x330.jpg 330w, https:\/\/www.posk.se\/orebro\/wp-content\/uploads\/sites\/157\/2025\/03\/img-20241026-165722-197.jpg 1440w\" sizes=\"auto, (max-width: 306px) 100vw, 306px\" \/><\/p>\n","protected":false},"excerpt":{"rendered":"<p>POSK vill se visionen f\u00f6rverkligad genom att Svenska kyrkan &#8211; f\u00f6rmedlar befrielse, hopp och livsmod &#8211; ger n\u00e4rvaro, gemenskap och m\u00f6jlighet att v\u00e4xa i tro &#8211; ser och tar vara p\u00e5 varje m\u00e4nniska som en g\u00e5va i f\u00f6rsamlingens liv &#8211; respekterar individen och gl\u00e4ds \u00e5t m\u00e5ngfalden &#8211; \u00e4r en tydlig r\u00f6st i samh\u00e4llet och visar [&hellip;]<\/p>\n","protected":false},"author":1908,"featured_media":0,"parent":0,"menu_order":0,"comment_status":"closed","ping_status":"closed","template":"","meta":{"_acf_changed":false,"footnotes":""},"class_list":["post-314","page","type-page","status-publish","hentry"],"acf":[],"yoast_head":"<!-- This site is optimized with the Yoast SEO plugin v24.9 - https:\/\/yoast.com\/wordpress\/plugins\/seo\/ -->\n<title>Vision - \u00d6rebro<\/title>\n<meta name=\"robots\" content=\"index, follow, max-snippet:-1, max-image-preview:large, max-video-preview:-1\" \/>\n<link rel=\"canonical\" href=\"https:\/\/www.posk.se\/orebro\/vision\/\" \/>\n<meta property=\"og:locale\" content=\"sv_SE\" \/>\n<meta property=\"og:type\" content=\"article\" \/>\n<meta property=\"og:title\" content=\"Vision - \u00d6rebro\" \/>\n<meta property=\"og:description\" content=\"POSK vill se visionen f\u00f6rverkligad genom att Svenska kyrkan &#8211; f\u00f6rmedlar befrielse, hopp och livsmod &#8211; ger n\u00e4rvaro, gemenskap och m\u00f6jlighet att v\u00e4xa i tro &#8211; ser och tar vara p\u00e5 varje m\u00e4nniska som en g\u00e5va i f\u00f6rsamlingens liv &#8211; respekterar individen och gl\u00e4ds \u00e5t m\u00e5ngfalden &#8211; \u00e4r en tydlig r\u00f6st i samh\u00e4llet och visar [&hellip;]\" \/>\n<meta property=\"og:url\" content=\"https:\/\/www.posk.se\/orebro\/vision\/\" \/>\n<meta property=\"og:site_name\" content=\"\u00d6rebro\" \/>\n<meta property=\"article:modified_time\" content=\"2025-03-27T19:18:40+00:00\" \/>\n<meta property=\"og:image\" content=\"https:\/\/www.posk.se\/orebro\/wp-content\/uploads\/sites\/157\/2025\/03\/img-20241203-120617-515.jpg\" \/>\n\t<meta property=\"og:image:width\" content=\"1080\" \/>\n\t<meta property=\"og:image:height\" content=\"1080\" \/>\n\t<meta property=\"og:image:type\" content=\"image\/jpeg\" \/>\n<meta name=\"twitter:card\" content=\"summary_large_image\" \/>\n<meta name=\"twitter:label1\" content=\"Ber\u00e4knad l\u00e4stid\" \/>\n\t<meta name=\"twitter:data1\" content=\"2 minuter\" \/>\n<script type=\"application\/ld+json\" class=\"yoast-schema-graph\">{\"@context\":\"https:\/\/schema.org\",\"@graph\":[{\"@type\":\"WebPage\",\"@id\":\"https:\/\/www.posk.se\/orebro\/vision\/\",\"url\":\"https:\/\/www.posk.se\/orebro\/vision\/\",\"name\":\"Vision - \u00d6rebro\",\"isPartOf\":{\"@id\":\"https:\/\/www.posk.se\/orebro\/#website\"},\"primaryImageOfPage\":{\"@id\":\"https:\/\/www.posk.se\/orebro\/vision\/#primaryimage\"},\"image\":{\"@id\":\"https:\/\/www.posk.se\/orebro\/vision\/#primaryimage\"},\"thumbnailUrl\":\"https:\/\/www.posk.se\/orebro\/wp-content\/uploads\/sites\/157\/2025\/03\/img-20241203-120617-515-300x300.jpg\",\"datePublished\":\"2025-03-02T17:31:09+00:00\",\"dateModified\":\"2025-03-27T19:18:40+00:00\",\"breadcrumb\":{\"@id\":\"https:\/\/www.posk.se\/orebro\/vision\/#breadcrumb\"},\"inLanguage\":\"sv-SE\",\"potentialAction\":[{\"@type\":\"ReadAction\",\"target\":[\"https:\/\/www.posk.se\/orebro\/vision\/\"]}]},{\"@type\":\"ImageObject\",\"inLanguage\":\"sv-SE\",\"@id\":\"https:\/\/www.posk.se\/orebro\/vision\/#primaryimage\",\"url\":\"https:\/\/www.posk.se\/orebro\/wp-content\/uploads\/sites\/157\/2025\/03\/img-20241203-120617-515.jpg\",\"contentUrl\":\"https:\/\/www.posk.se\/orebro\/wp-content\/uploads\/sites\/157\/2025\/03\/img-20241203-120617-515.jpg\",\"width\":1080,\"height\":1080},{\"@type\":\"BreadcrumbList\",\"@id\":\"https:\/\/www.posk.se\/orebro\/vision\/#breadcrumb\",\"itemListElement\":[{\"@type\":\"ListItem\",\"position\":1,\"name\":\"Hem\",\"item\":\"https:\/\/www.posk.se\/orebro\/\"},{\"@type\":\"ListItem\",\"position\":2,\"name\":\"Vision\"}]},{\"@type\":\"WebSite\",\"@id\":\"https:\/\/www.posk.se\/orebro\/#website\",\"url\":\"https:\/\/www.posk.se\/orebro\/\",\"name\":\"\u00d6rebro\",\"description\":\"POSK-grupp i Str\u00e4ngn\u00e4s stift\",\"potentialAction\":[{\"@type\":\"SearchAction\",\"target\":{\"@type\":\"EntryPoint\",\"urlTemplate\":\"https:\/\/www.posk.se\/orebro\/?s={search_term_string}\"},\"query-input\":{\"@type\":\"PropertyValueSpecification\",\"valueRequired\":true,\"valueName\":\"search_term_string\"}}],\"inLanguage\":\"sv-SE\"}]}<\/script>\n<!-- \/ Yoast SEO plugin. -->","yoast_head_json":{"title":"Vision - \u00d6rebro","robots":{"index":"index","follow":"follow","max-snippet":"max-snippet:-1","max-image-preview":"max-image-preview:large","max-video-preview":"max-video-preview:-1"},"canonical":"https:\/\/www.posk.se\/orebro\/vision\/","og_locale":"sv_SE","og_type":"article","og_title":"Vision - \u00d6rebro","og_description":"POSK vill se visionen f\u00f6rverkligad genom att Svenska kyrkan &#8211; f\u00f6rmedlar befrielse, hopp och livsmod &#8211; ger n\u00e4rvaro, gemenskap och m\u00f6jlighet att v\u00e4xa i tro &#8211; ser och tar vara p\u00e5 varje m\u00e4nniska som en g\u00e5va i f\u00f6rsamlingens liv &#8211; respekterar individen och gl\u00e4ds \u00e5t m\u00e5ngfalden &#8211; \u00e4r en tydlig r\u00f6st i samh\u00e4llet och visar [&hellip;]","og_url":"https:\/\/www.posk.se\/orebro\/vision\/","og_site_name":"\u00d6rebro","article_modified_time":"2025-03-27T19:18:40+00:00","og_image":[{"width":1080,"height":1080,"url":"https:\/\/www.posk.se\/orebro\/wp-content\/uploads\/sites\/157\/2025\/03\/img-20241203-120617-515.jpg","type":"image\/jpeg"}],"twitter_card":"summary_large_image","twitter_misc":{"Ber\u00e4knad l\u00e4stid":"2 minuter"},"schema":{"@context":"https:\/\/schema.org","@graph":[{"@type":"WebPage","@id":"https:\/\/www.posk.se\/orebro\/vision\/","url":"https:\/\/www.posk.se\/orebro\/vision\/","name":"Vision - \u00d6rebro","isPartOf":{"@id":"https:\/\/www.posk.se\/orebro\/#website"},"primaryImageOfPage":{"@id":"https:\/\/www.posk.se\/orebro\/vision\/#primaryimage"},"image":{"@id":"https:\/\/www.posk.se\/orebro\/vision\/#primaryimage"},"thumbnailUrl":"https:\/\/www.posk.se\/orebro\/wp-content\/uploads\/sites\/157\/2025\/03\/img-20241203-120617-515-300x300.jpg","datePublished":"2025-03-02T17:31:09+00:00","dateModified":"2025-03-27T19:18:40+00:00","breadcrumb":{"@id":"https:\/\/www.posk.se\/orebro\/vision\/#breadcrumb"},"inLanguage":"sv-SE","potentialAction":[{"@type":"ReadAction","target":["https:\/\/www.posk.se\/orebro\/vision\/"]}]},{"@type":"ImageObject","inLanguage":"sv-SE","@id":"https:\/\/www.posk.se\/orebro\/vision\/#primaryimage","url":"https:\/\/www.posk.se\/orebro\/wp-content\/uploads\/sites\/157\/2025\/03\/img-20241203-120617-515.jpg","contentUrl":"https:\/\/www.posk.se\/orebro\/wp-content\/uploads\/sites\/157\/2025\/03\/img-20241203-120617-515.jpg","width":1080,"height":1080},{"@type":"BreadcrumbList","@id":"https:\/\/www.posk.se\/orebro\/vision\/#breadcrumb","itemListElement":[{"@type":"ListItem","position":1,"name":"Hem","item":"https:\/\/www.posk.se\/orebro\/"},{"@type":"ListItem","position":2,"name":"Vision"}]},{"@type":"WebSite","@id":"https:\/\/www.posk.se\/orebro\/#website","url":"https:\/\/www.posk.se\/orebro\/","name":"\u00d6rebro","description":"POSK-grupp i Str\u00e4ngn\u00e4s stift","potentialAction":[{"@type":"SearchAction","target":{"@type":"EntryPoint","urlTemplate":"https:\/\/www.posk.se\/orebro\/?s={search_term_string}"},"query-input":{"@type":"PropertyValueSpecification","valueRequired":true,"valueName":"search_term_string"}}],"inLanguage":"sv-SE"}]}},"_links":{"self":[{"href":"https:\/\/www.posk.se\/orebro\/wp-json\/wp\/v2\/pages\/314","targetHints":{"allow":["GET"]}}],"collection":[{"href":"https:\/\/www.posk.se\/orebro\/wp-json\/wp\/v2\/pages"}],"about":[{"href":"https:\/\/www.posk.se\/orebro\/wp-json\/wp\/v2\/types\/page"}],"author":[{"embeddable":true,"href":"https:\/\/www.posk.se\/orebro\/wp-json\/wp\/v2\/users\/1908"}],"replies":[{"embeddable":true,"href":"https:\/\/www.posk.se\/orebro\/wp-json\/wp\/v2\/comments?post=314"}],"version-history":[{"count":23,"href":"https:\/\/www.posk.se\/orebro\/wp-json\/wp\/v2\/pages\/314\/revisions"}],"predecessor-version":[{"id":697,"href":"https:\/\/www.posk.se\/orebro\/wp-json\/wp\/v2\/pages\/314\/revisions\/697"}],"wp:attachment":[{"href":"https:\/\/www.posk.se\/orebro\/wp-json\/wp\/v2\/media?parent=314"}],"curies":[{"name":"wp","href":"https:\/\/api.w.org\/{rel}","templated":true}]}}