{"id":808,"date":"2021-05-04T16:24:02","date_gmt":"2021-05-04T14:24:02","guid":{"rendered":"https:\/\/www.posk.se\/motala\/?page_id=808"},"modified":"2023-12-30T13:58:33","modified_gmt":"2023-12-30T12:58:33","slug":"kontakt","status":"publish","type":"page","link":"https:\/\/www.posk.se\/motala\/omoss\/kontakt\/","title":{"rendered":"Kontakt"},"content":{"rendered":"<p style=\"text-align: left\"><strong>Partipolitiskt Obundna i Svenska Kyrkan Motala<\/strong><br \/>\ne-post: motala@posk.se<br \/>\n<em>www.posk.se\/motala<\/em> { <em>www.posk.eu <\/em>}<\/p>\n<p><b>Bankgiro:<\/b> 379-6265, och uppge <u>alltid<\/u> d\u00e5 \u201d<em>Motala + Ink\u00f6p\/Avgift\/G\u00e5va<strong><span style=\"color: #ff0000\">*<\/span><\/strong><\/em>\u201d som referens i meddelandet,<\/p>\n<p><b>Swish:<\/b> 123 210 24 24 och uppge <u>alltid<\/u> d\u00e5 \u201d<em>Motala + Ink\u00f6p\/Avgift\/G\u00e5va<strong><span style=\"color: #ff0000\">*<\/span><\/strong>\u201d i meddelandet.<br \/>\n<\/em><strong><span style=\"color: #ff0000\">*<\/span><\/strong>) <em><span style=\"color: #ff0000\"><strong>OBS!<\/strong><\/span><\/em><em><strong>\u00a0<\/strong><\/em><i>Det \u00e4r mycket viktigt att ange <u>Motala<\/u> samt\u00a0vad det \u00e4r f\u00f6r en slags inbetalning man har gjort till oss.<\/i><\/p>\n<blockquote><p><span style=\"color: #000000\"><b>Medlemsavgiften<\/b><\/span><br \/>\n<span style=\"color: #000000\">Information om hur du g\u00e5r till v\u00e4ga f\u00f6r att betalar in din medlemsavgift till POSK Motala<br \/>\n<\/span>&gt; <a href=\"https:\/\/www.posk.se\/motala\/blimedlem\/\">l\u00e4s mer<\/a><\/p><\/blockquote>\n<p><b>Stadgar f\u00f6r POSK Motala<\/b><br \/>\n&gt; <a href=\"https:\/\/www.posk.se\/motala\/stadgar\/\" rel=\"noopener noreferrer\">L\u00e4s mer<\/a><\/p>\n<p><b>Org.nr<\/b> 802536-6454 (POSK Motala)<\/p>\n<p><em><span style=\"color: #ff0000\"><strong>OBS! <\/strong><\/span>Vi har bytt till ett helt nytt Swish nummer fr\u00e5n och med 21 december 2023,<br \/>\nV\u00e5rt gamla bankkonto och Swish nummer har upph\u00f6rt.<\/em><\/p>\n<p>\u2013 POSK Motala \u00e4r nu anslutna till riks-POSKs servicebyr\u00e5 sedan 2022.<\/p>\n<hr \/>\n<p><strong>Lokalf\u00f6reningens ordf\u00f6rande<br \/>\n<\/strong>Lena Bj\u00f6rnst\u00e5hl<br \/>\nlena.bjornstahl@posk.eu<br \/>\nTel. 072-533 00 88<\/p>\n<p><strong>Vice ordf\u00f6rande<br \/>\n<\/strong>Britt-Marie Westin<br \/>\nbritt-marie.westin@posk.eu<br \/>\nTel. 0141-505 37<\/p>\n<p><strong>Sekreterare<br \/>\n<\/strong>Britt-Marie Westin<br \/>\nbritt-marie.westin@posk.eu<br \/>\nTel. 0141-505 37<\/p>\n<p><strong>Vice sekreterare<br \/>\n<\/strong>Kjell Fransson<br \/>\nkjell.fransson@posk.eu<br \/>\nTel. 070-360 95 47<\/p>\n<p><strong>Kass\u00f6r<\/strong><br \/>\nTanja Ronkainen<br \/>\ntanja.ronkainen@posk.eu<br \/>\nTel. 070-775 08 63<\/p>\n<p>&gt; <a href=\"https:\/\/www.posk.se\/motala\/styrelsen\/\">Lokalf\u00f6reningens styrelse<\/a><\/p>\n<hr \/>\n<p style=\"text-align: left\"><strong>Webbredakt\u00f6r &amp; medlemsansvarig, lokalt<br \/>\n<img loading=\"lazy\" decoding=\"async\" class=\"alignnone\" title=\"Lars-Johan Sunnerberg | Foto: Sunnerberg.SE\" src=\"https:\/\/www.posk.se\/motala\/wp-content\/uploads\/sites\/74\/2017\/05\/img_3860miniljs.jpg\" alt=\"\" width=\"227\" height=\"151\" \/><br \/>\n<\/strong>Lars-Johan Sunnerberg,<br \/>\nTel. 073-945 43 88<br \/>\nlars-johan.sunnerberg@posk.eu<\/p>\n","protected":false},"excerpt":{"rendered":"<p>Partipolitiskt Obundna i Svenska Kyrkan Motala e-post: motala@posk.se www.posk.se\/motala { www.posk.eu } Bankgiro: 379-6265, och uppge alltid d\u00e5 \u201dMotala + Ink\u00f6p\/Avgift\/G\u00e5va*\u201d som referens i meddelandet, Swish: 123 210 24 24 och uppge alltid d\u00e5 \u201dMotala + Ink\u00f6p\/Avgift\/G\u00e5va*\u201d i meddelandet. *) OBS!\u00a0Det \u00e4r mycket viktigt att ange Motala samt\u00a0vad det \u00e4r f\u00f6r en slags inbetalning man [&hellip;]<\/p>\n","protected":false},"author":104,"featured_media":723,"parent":689,"menu_order":3,"comment_status":"closed","ping_status":"closed","template":"page-templates\/page-sidebar-left.php","meta":{"_acf_changed":false,"footnotes":""},"class_list":["post-808","page","type-page","status-publish","has-post-thumbnail","hentry"],"acf":[],"yoast_head":"<!-- This site is optimized with the Yoast SEO plugin v24.9 - https:\/\/yoast.com\/wordpress\/plugins\/seo\/ -->\n<title>Kontakt - Motala<\/title>\n<meta name=\"robots\" content=\"index, follow, max-snippet:-1, max-image-preview:large, max-video-preview:-1\" \/>\n<link rel=\"canonical\" href=\"https:\/\/www.posk.se\/motala\/omoss\/kontakt\/\" \/>\n<meta property=\"og:locale\" content=\"sv_SE\" \/>\n<meta property=\"og:type\" content=\"article\" \/>\n<meta property=\"og:title\" content=\"Kontakt - Motala\" \/>\n<meta property=\"og:description\" content=\"Partipolitiskt Obundna i Svenska Kyrkan Motala e-post: motala@posk.se www.posk.se\/motala { www.posk.eu } Bankgiro: 379-6265, och uppge alltid d\u00e5 \u201dMotala + Ink\u00f6p\/Avgift\/G\u00e5va*\u201d som referens i meddelandet, Swish: 123 210 24 24 och uppge alltid d\u00e5 \u201dMotala + Ink\u00f6p\/Avgift\/G\u00e5va*\u201d i meddelandet. *) OBS!\u00a0Det \u00e4r mycket viktigt att ange Motala samt\u00a0vad det \u00e4r f\u00f6r en slags inbetalning man [&hellip;]\" \/>\n<meta property=\"og:url\" content=\"https:\/\/www.posk.se\/motala\/omoss\/kontakt\/\" \/>\n<meta property=\"og:site_name\" content=\"Motala\" \/>\n<meta property=\"article:modified_time\" content=\"2023-12-30T12:58:33+00:00\" \/>\n<meta property=\"og:image\" content=\"https:\/\/www.posk.se\/motala\/wp-content\/uploads\/sites\/74\/2021\/03\/water-lily-1442497-1920.jpg\" \/>\n\t<meta property=\"og:image:width\" content=\"1920\" \/>\n\t<meta property=\"og:image:height\" content=\"1245\" \/>\n\t<meta property=\"og:image:type\" content=\"image\/jpeg\" \/>\n<meta name=\"twitter:card\" content=\"summary_large_image\" \/>\n<meta name=\"twitter:label1\" content=\"Ber\u00e4knad l\u00e4stid\" \/>\n\t<meta name=\"twitter:data1\" content=\"2 minuter\" \/>\n<script type=\"application\/ld+json\" class=\"yoast-schema-graph\">{\"@context\":\"https:\/\/schema.org\",\"@graph\":[{\"@type\":\"WebPage\",\"@id\":\"https:\/\/www.posk.se\/motala\/omoss\/kontakt\/\",\"url\":\"https:\/\/www.posk.se\/motala\/omoss\/kontakt\/\",\"name\":\"Kontakt - Motala\",\"isPartOf\":{\"@id\":\"https:\/\/www.posk.se\/motala\/#website\"},\"primaryImageOfPage\":{\"@id\":\"https:\/\/www.posk.se\/motala\/omoss\/kontakt\/#primaryimage\"},\"image\":{\"@id\":\"https:\/\/www.posk.se\/motala\/omoss\/kontakt\/#primaryimage\"},\"thumbnailUrl\":\"https:\/\/www.posk.se\/motala\/wp-content\/uploads\/sites\/74\/2021\/03\/water-lily-1442497-1920.jpg\",\"datePublished\":\"2021-05-04T14:24:02+00:00\",\"dateModified\":\"2023-12-30T12:58:33+00:00\",\"breadcrumb\":{\"@id\":\"https:\/\/www.posk.se\/motala\/omoss\/kontakt\/#breadcrumb\"},\"inLanguage\":\"sv-SE\",\"potentialAction\":[{\"@type\":\"ReadAction\",\"target\":[\"https:\/\/www.posk.se\/motala\/omoss\/kontakt\/\"]}]},{\"@type\":\"ImageObject\",\"inLanguage\":\"sv-SE\",\"@id\":\"https:\/\/www.posk.se\/motala\/omoss\/kontakt\/#primaryimage\",\"url\":\"https:\/\/www.posk.se\/motala\/wp-content\/uploads\/sites\/74\/2021\/03\/water-lily-1442497-1920.jpg\",\"contentUrl\":\"https:\/\/www.posk.se\/motala\/wp-content\/uploads\/sites\/74\/2021\/03\/water-lily-1442497-1920.jpg\",\"width\":1920,\"height\":1245},{\"@type\":\"BreadcrumbList\",\"@id\":\"https:\/\/www.posk.se\/motala\/omoss\/kontakt\/#breadcrumb\",\"itemListElement\":[{\"@type\":\"ListItem\",\"position\":1,\"name\":\"Hem\",\"item\":\"https:\/\/www.posk.se\/motala\/\"},{\"@type\":\"ListItem\",\"position\":2,\"name\":\"Om oss\",\"item\":\"https:\/\/www.posk.se\/motala\/omoss\/\"},{\"@type\":\"ListItem\",\"position\":3,\"name\":\"Kontakt\"}]},{\"@type\":\"WebSite\",\"@id\":\"https:\/\/www.posk.se\/motala\/#website\",\"url\":\"https:\/\/www.posk.se\/motala\/\",\"name\":\"Motala\",\"description\":\"POSK-grupp i Link\u00f6pings stift\",\"potentialAction\":[{\"@type\":\"SearchAction\",\"target\":{\"@type\":\"EntryPoint\",\"urlTemplate\":\"https:\/\/www.posk.se\/motala\/?s={search_term_string}\"},\"query-input\":{\"@type\":\"PropertyValueSpecification\",\"valueRequired\":true,\"valueName\":\"search_term_string\"}}],\"inLanguage\":\"sv-SE\"}]}<\/script>\n<!-- \/ Yoast SEO plugin. -->","yoast_head_json":{"title":"Kontakt - Motala","robots":{"index":"index","follow":"follow","max-snippet":"max-snippet:-1","max-image-preview":"max-image-preview:large","max-video-preview":"max-video-preview:-1"},"canonical":"https:\/\/www.posk.se\/motala\/omoss\/kontakt\/","og_locale":"sv_SE","og_type":"article","og_title":"Kontakt - Motala","og_description":"Partipolitiskt Obundna i Svenska Kyrkan Motala e-post: motala@posk.se www.posk.se\/motala { www.posk.eu } Bankgiro: 379-6265, och uppge alltid d\u00e5 \u201dMotala + Ink\u00f6p\/Avgift\/G\u00e5va*\u201d som referens i meddelandet, Swish: 123 210 24 24 och uppge alltid d\u00e5 \u201dMotala + Ink\u00f6p\/Avgift\/G\u00e5va*\u201d i meddelandet. *) OBS!\u00a0Det \u00e4r mycket viktigt att ange Motala samt\u00a0vad det \u00e4r f\u00f6r en slags inbetalning man [&hellip;]","og_url":"https:\/\/www.posk.se\/motala\/omoss\/kontakt\/","og_site_name":"Motala","article_modified_time":"2023-12-30T12:58:33+00:00","og_image":[{"width":1920,"height":1245,"url":"https:\/\/www.posk.se\/motala\/wp-content\/uploads\/sites\/74\/2021\/03\/water-lily-1442497-1920.jpg","type":"image\/jpeg"}],"twitter_card":"summary_large_image","twitter_misc":{"Ber\u00e4knad l\u00e4stid":"2 minuter"},"schema":{"@context":"https:\/\/schema.org","@graph":[{"@type":"WebPage","@id":"https:\/\/www.posk.se\/motala\/omoss\/kontakt\/","url":"https:\/\/www.posk.se\/motala\/omoss\/kontakt\/","name":"Kontakt - Motala","isPartOf":{"@id":"https:\/\/www.posk.se\/motala\/#website"},"primaryImageOfPage":{"@id":"https:\/\/www.posk.se\/motala\/omoss\/kontakt\/#primaryimage"},"image":{"@id":"https:\/\/www.posk.se\/motala\/omoss\/kontakt\/#primaryimage"},"thumbnailUrl":"https:\/\/www.posk.se\/motala\/wp-content\/uploads\/sites\/74\/2021\/03\/water-lily-1442497-1920.jpg","datePublished":"2021-05-04T14:24:02+00:00","dateModified":"2023-12-30T12:58:33+00:00","breadcrumb":{"@id":"https:\/\/www.posk.se\/motala\/omoss\/kontakt\/#breadcrumb"},"inLanguage":"sv-SE","potentialAction":[{"@type":"ReadAction","target":["https:\/\/www.posk.se\/motala\/omoss\/kontakt\/"]}]},{"@type":"ImageObject","inLanguage":"sv-SE","@id":"https:\/\/www.posk.se\/motala\/omoss\/kontakt\/#primaryimage","url":"https:\/\/www.posk.se\/motala\/wp-content\/uploads\/sites\/74\/2021\/03\/water-lily-1442497-1920.jpg","contentUrl":"https:\/\/www.posk.se\/motala\/wp-content\/uploads\/sites\/74\/2021\/03\/water-lily-1442497-1920.jpg","width":1920,"height":1245},{"@type":"BreadcrumbList","@id":"https:\/\/www.posk.se\/motala\/omoss\/kontakt\/#breadcrumb","itemListElement":[{"@type":"ListItem","position":1,"name":"Hem","item":"https:\/\/www.posk.se\/motala\/"},{"@type":"ListItem","position":2,"name":"Om oss","item":"https:\/\/www.posk.se\/motala\/omoss\/"},{"@type":"ListItem","position":3,"name":"Kontakt"}]},{"@type":"WebSite","@id":"https:\/\/www.posk.se\/motala\/#website","url":"https:\/\/www.posk.se\/motala\/","name":"Motala","description":"POSK-grupp i Link\u00f6pings stift","potentialAction":[{"@type":"SearchAction","target":{"@type":"EntryPoint","urlTemplate":"https:\/\/www.posk.se\/motala\/?s={search_term_string}"},"query-input":{"@type":"PropertyValueSpecification","valueRequired":true,"valueName":"search_term_string"}}],"inLanguage":"sv-SE"}]}},"_links":{"self":[{"href":"https:\/\/www.posk.se\/motala\/wp-json\/wp\/v2\/pages\/808","targetHints":{"allow":["GET"]}}],"collection":[{"href":"https:\/\/www.posk.se\/motala\/wp-json\/wp\/v2\/pages"}],"about":[{"href":"https:\/\/www.posk.se\/motala\/wp-json\/wp\/v2\/types\/page"}],"author":[{"embeddable":true,"href":"https:\/\/www.posk.se\/motala\/wp-json\/wp\/v2\/users\/104"}],"replies":[{"embeddable":true,"href":"https:\/\/www.posk.se\/motala\/wp-json\/wp\/v2\/comments?post=808"}],"version-history":[{"count":35,"href":"https:\/\/www.posk.se\/motala\/wp-json\/wp\/v2\/pages\/808\/revisions"}],"predecessor-version":[{"id":1482,"href":"https:\/\/www.posk.se\/motala\/wp-json\/wp\/v2\/pages\/808\/revisions\/1482"}],"up":[{"embeddable":true,"href":"https:\/\/www.posk.se\/motala\/wp-json\/wp\/v2\/pages\/689"}],"wp:featuredmedia":[{"embeddable":true,"href":"https:\/\/www.posk.se\/motala\/wp-json\/wp\/v2\/media\/723"}],"wp:attachment":[{"href":"https:\/\/www.posk.se\/motala\/wp-json\/wp\/v2\/media?parent=808"}],"curies":[{"name":"wp","href":"https:\/\/api.w.org\/{rel}","templated":true}]}}