{"id":707,"date":"2021-03-04T12:29:41","date_gmt":"2021-03-04T11:29:41","guid":{"rendered":"https:\/\/www.posk.se\/motala\/?page_id=707"},"modified":"2026-01-02T15:24:38","modified_gmt":"2026-01-02T14:24:38","slug":"valberedningen","status":"publish","type":"page","link":"https:\/\/www.posk.se\/motala\/omoss\/valberedningen\/","title":{"rendered":"Valberedningen"},"content":{"rendered":"<p>Valberedningen best\u00e5r av n\u00e5gra personer, varav en \u00e4r sammankallande, och dessa personer v\u00e4ljs ocks\u00e5 p\u00e5 \u00e5rsm\u00f6tet.<br \/>\n\u00c4r du intresserad av ett f\u00f6rtroendeuppdrag eller vet n\u00e5gon som skulle passa bra i till exempel styrelsen eller dylika andra uppdrag i POSK Motala?<br \/>\nS\u00e5 nominera d\u00e5 till:<\/p>\n<p>Gun Jareblad, <em>sammankallande\u00a0<\/em><br \/>\nIngegerd Carlman<br \/>\nHelena Mellberg<\/p>\n<p>E-post: valberedning.motala@posk.eu<\/p>\n","protected":false},"excerpt":{"rendered":"<p>Valberedningen best\u00e5r av n\u00e5gra personer, varav en \u00e4r sammankallande, och dessa personer v\u00e4ljs ocks\u00e5 p\u00e5 \u00e5rsm\u00f6tet. \u00c4r du intresserad av ett f\u00f6rtroendeuppdrag eller vet n\u00e5gon som skulle passa bra i till exempel styrelsen eller dylika andra uppdrag i POSK Motala? S\u00e5 nominera d\u00e5 till: Gun Jareblad, sammankallande\u00a0 Ingegerd Carlman Helena Mellberg E-post: valberedning.motala@posk.eu<\/p>\n","protected":false},"author":104,"featured_media":723,"parent":689,"menu_order":6,"comment_status":"closed","ping_status":"closed","template":"page-templates\/page-sidebar-left.php","meta":{"_acf_changed":false,"footnotes":""},"class_list":["post-707","page","type-page","status-publish","has-post-thumbnail","hentry"],"acf":[],"yoast_head":"<!-- This site is optimized with the Yoast SEO plugin v24.9 - https:\/\/yoast.com\/wordpress\/plugins\/seo\/ -->\n<title>Valberedningen - Motala<\/title>\n<meta name=\"robots\" content=\"index, follow, max-snippet:-1, max-image-preview:large, max-video-preview:-1\" \/>\n<link rel=\"canonical\" href=\"https:\/\/www.posk.se\/motala\/omoss\/valberedningen\/\" \/>\n<meta property=\"og:locale\" content=\"sv_SE\" \/>\n<meta property=\"og:type\" content=\"article\" \/>\n<meta property=\"og:title\" content=\"Valberedningen - Motala\" \/>\n<meta property=\"og:description\" content=\"Valberedningen best\u00e5r av n\u00e5gra personer, varav en \u00e4r sammankallande, och dessa personer v\u00e4ljs ocks\u00e5 p\u00e5 \u00e5rsm\u00f6tet. \u00c4r du intresserad av ett f\u00f6rtroendeuppdrag eller vet n\u00e5gon som skulle passa bra i till exempel styrelsen eller dylika andra uppdrag i POSK Motala? S\u00e5 nominera d\u00e5 till: Gun Jareblad, sammankallande\u00a0 Ingegerd Carlman Helena Mellberg E-post: valberedning.motala@posk.eu\" \/>\n<meta property=\"og:url\" content=\"https:\/\/www.posk.se\/motala\/omoss\/valberedningen\/\" \/>\n<meta property=\"og:site_name\" content=\"Motala\" \/>\n<meta property=\"article:modified_time\" content=\"2026-01-02T14:24:38+00:00\" \/>\n<meta property=\"og:image\" content=\"https:\/\/www.posk.se\/motala\/wp-content\/uploads\/sites\/74\/2021\/03\/water-lily-1442497-1920.jpg\" \/>\n\t<meta property=\"og:image:width\" content=\"1920\" \/>\n\t<meta property=\"og:image:height\" content=\"1245\" \/>\n\t<meta property=\"og:image:type\" content=\"image\/jpeg\" \/>\n<meta name=\"twitter:card\" content=\"summary_large_image\" \/>\n<meta name=\"twitter:label1\" content=\"Ber\u00e4knad l\u00e4stid\" \/>\n\t<meta name=\"twitter:data1\" content=\"1 minut\" \/>\n<script type=\"application\/ld+json\" class=\"yoast-schema-graph\">{\"@context\":\"https:\/\/schema.org\",\"@graph\":[{\"@type\":\"WebPage\",\"@id\":\"https:\/\/www.posk.se\/motala\/omoss\/valberedningen\/\",\"url\":\"https:\/\/www.posk.se\/motala\/omoss\/valberedningen\/\",\"name\":\"Valberedningen - Motala\",\"isPartOf\":{\"@id\":\"https:\/\/www.posk.se\/motala\/#website\"},\"primaryImageOfPage\":{\"@id\":\"https:\/\/www.posk.se\/motala\/omoss\/valberedningen\/#primaryimage\"},\"image\":{\"@id\":\"https:\/\/www.posk.se\/motala\/omoss\/valberedningen\/#primaryimage\"},\"thumbnailUrl\":\"https:\/\/www.posk.se\/motala\/wp-content\/uploads\/sites\/74\/2021\/03\/water-lily-1442497-1920.jpg\",\"datePublished\":\"2021-03-04T11:29:41+00:00\",\"dateModified\":\"2026-01-02T14:24:38+00:00\",\"breadcrumb\":{\"@id\":\"https:\/\/www.posk.se\/motala\/omoss\/valberedningen\/#breadcrumb\"},\"inLanguage\":\"sv-SE\",\"potentialAction\":[{\"@type\":\"ReadAction\",\"target\":[\"https:\/\/www.posk.se\/motala\/omoss\/valberedningen\/\"]}]},{\"@type\":\"ImageObject\",\"inLanguage\":\"sv-SE\",\"@id\":\"https:\/\/www.posk.se\/motala\/omoss\/valberedningen\/#primaryimage\",\"url\":\"https:\/\/www.posk.se\/motala\/wp-content\/uploads\/sites\/74\/2021\/03\/water-lily-1442497-1920.jpg\",\"contentUrl\":\"https:\/\/www.posk.se\/motala\/wp-content\/uploads\/sites\/74\/2021\/03\/water-lily-1442497-1920.jpg\",\"width\":1920,\"height\":1245},{\"@type\":\"BreadcrumbList\",\"@id\":\"https:\/\/www.posk.se\/motala\/omoss\/valberedningen\/#breadcrumb\",\"itemListElement\":[{\"@type\":\"ListItem\",\"position\":1,\"name\":\"Hem\",\"item\":\"https:\/\/www.posk.se\/motala\/\"},{\"@type\":\"ListItem\",\"position\":2,\"name\":\"Om oss\",\"item\":\"https:\/\/www.posk.se\/motala\/omoss\/\"},{\"@type\":\"ListItem\",\"position\":3,\"name\":\"Valberedningen\"}]},{\"@type\":\"WebSite\",\"@id\":\"https:\/\/www.posk.se\/motala\/#website\",\"url\":\"https:\/\/www.posk.se\/motala\/\",\"name\":\"Motala\",\"description\":\"POSK-grupp i Link\u00f6pings stift\",\"potentialAction\":[{\"@type\":\"SearchAction\",\"target\":{\"@type\":\"EntryPoint\",\"urlTemplate\":\"https:\/\/www.posk.se\/motala\/?s={search_term_string}\"},\"query-input\":{\"@type\":\"PropertyValueSpecification\",\"valueRequired\":true,\"valueName\":\"search_term_string\"}}],\"inLanguage\":\"sv-SE\"}]}<\/script>\n<!-- \/ Yoast SEO plugin. -->","yoast_head_json":{"title":"Valberedningen - Motala","robots":{"index":"index","follow":"follow","max-snippet":"max-snippet:-1","max-image-preview":"max-image-preview:large","max-video-preview":"max-video-preview:-1"},"canonical":"https:\/\/www.posk.se\/motala\/omoss\/valberedningen\/","og_locale":"sv_SE","og_type":"article","og_title":"Valberedningen - Motala","og_description":"Valberedningen best\u00e5r av n\u00e5gra personer, varav en \u00e4r sammankallande, och dessa personer v\u00e4ljs ocks\u00e5 p\u00e5 \u00e5rsm\u00f6tet. \u00c4r du intresserad av ett f\u00f6rtroendeuppdrag eller vet n\u00e5gon som skulle passa bra i till exempel styrelsen eller dylika andra uppdrag i POSK Motala? S\u00e5 nominera d\u00e5 till: Gun Jareblad, sammankallande\u00a0 Ingegerd Carlman Helena Mellberg E-post: valberedning.motala@posk.eu","og_url":"https:\/\/www.posk.se\/motala\/omoss\/valberedningen\/","og_site_name":"Motala","article_modified_time":"2026-01-02T14:24:38+00:00","og_image":[{"width":1920,"height":1245,"url":"https:\/\/www.posk.se\/motala\/wp-content\/uploads\/sites\/74\/2021\/03\/water-lily-1442497-1920.jpg","type":"image\/jpeg"}],"twitter_card":"summary_large_image","twitter_misc":{"Ber\u00e4knad l\u00e4stid":"1 minut"},"schema":{"@context":"https:\/\/schema.org","@graph":[{"@type":"WebPage","@id":"https:\/\/www.posk.se\/motala\/omoss\/valberedningen\/","url":"https:\/\/www.posk.se\/motala\/omoss\/valberedningen\/","name":"Valberedningen - Motala","isPartOf":{"@id":"https:\/\/www.posk.se\/motala\/#website"},"primaryImageOfPage":{"@id":"https:\/\/www.posk.se\/motala\/omoss\/valberedningen\/#primaryimage"},"image":{"@id":"https:\/\/www.posk.se\/motala\/omoss\/valberedningen\/#primaryimage"},"thumbnailUrl":"https:\/\/www.posk.se\/motala\/wp-content\/uploads\/sites\/74\/2021\/03\/water-lily-1442497-1920.jpg","datePublished":"2021-03-04T11:29:41+00:00","dateModified":"2026-01-02T14:24:38+00:00","breadcrumb":{"@id":"https:\/\/www.posk.se\/motala\/omoss\/valberedningen\/#breadcrumb"},"inLanguage":"sv-SE","potentialAction":[{"@type":"ReadAction","target":["https:\/\/www.posk.se\/motala\/omoss\/valberedningen\/"]}]},{"@type":"ImageObject","inLanguage":"sv-SE","@id":"https:\/\/www.posk.se\/motala\/omoss\/valberedningen\/#primaryimage","url":"https:\/\/www.posk.se\/motala\/wp-content\/uploads\/sites\/74\/2021\/03\/water-lily-1442497-1920.jpg","contentUrl":"https:\/\/www.posk.se\/motala\/wp-content\/uploads\/sites\/74\/2021\/03\/water-lily-1442497-1920.jpg","width":1920,"height":1245},{"@type":"BreadcrumbList","@id":"https:\/\/www.posk.se\/motala\/omoss\/valberedningen\/#breadcrumb","itemListElement":[{"@type":"ListItem","position":1,"name":"Hem","item":"https:\/\/www.posk.se\/motala\/"},{"@type":"ListItem","position":2,"name":"Om oss","item":"https:\/\/www.posk.se\/motala\/omoss\/"},{"@type":"ListItem","position":3,"name":"Valberedningen"}]},{"@type":"WebSite","@id":"https:\/\/www.posk.se\/motala\/#website","url":"https:\/\/www.posk.se\/motala\/","name":"Motala","description":"POSK-grupp i Link\u00f6pings stift","potentialAction":[{"@type":"SearchAction","target":{"@type":"EntryPoint","urlTemplate":"https:\/\/www.posk.se\/motala\/?s={search_term_string}"},"query-input":{"@type":"PropertyValueSpecification","valueRequired":true,"valueName":"search_term_string"}}],"inLanguage":"sv-SE"}]}},"_links":{"self":[{"href":"https:\/\/www.posk.se\/motala\/wp-json\/wp\/v2\/pages\/707","targetHints":{"allow":["GET"]}}],"collection":[{"href":"https:\/\/www.posk.se\/motala\/wp-json\/wp\/v2\/pages"}],"about":[{"href":"https:\/\/www.posk.se\/motala\/wp-json\/wp\/v2\/types\/page"}],"author":[{"embeddable":true,"href":"https:\/\/www.posk.se\/motala\/wp-json\/wp\/v2\/users\/104"}],"replies":[{"embeddable":true,"href":"https:\/\/www.posk.se\/motala\/wp-json\/wp\/v2\/comments?post=707"}],"version-history":[{"count":8,"href":"https:\/\/www.posk.se\/motala\/wp-json\/wp\/v2\/pages\/707\/revisions"}],"predecessor-version":[{"id":2111,"href":"https:\/\/www.posk.se\/motala\/wp-json\/wp\/v2\/pages\/707\/revisions\/2111"}],"up":[{"embeddable":true,"href":"https:\/\/www.posk.se\/motala\/wp-json\/wp\/v2\/pages\/689"}],"wp:featuredmedia":[{"embeddable":true,"href":"https:\/\/www.posk.se\/motala\/wp-json\/wp\/v2\/media\/723"}],"wp:attachment":[{"href":"https:\/\/www.posk.se\/motala\/wp-json\/wp\/v2\/media?parent=707"}],"curies":[{"name":"wp","href":"https:\/\/api.w.org\/{rel}","templated":true}]}}