{"id":623,"date":"2018-03-01T06:00:37","date_gmt":"2018-03-01T05:00:37","guid":{"rendered":"https:\/\/www.posk.se\/motala\/?page_id=623"},"modified":"2024-03-01T09:36:32","modified_gmt":"2024-03-01T08:36:32","slug":"stadgar","status":"publish","type":"page","link":"https:\/\/www.posk.se\/motala\/omoss\/stadgar\/","title":{"rendered":"Stadgar"},"content":{"rendered":"<p style=\"text-align: right\">&gt; <a href=\"https:\/\/www.posk.se\/motala\/wp-content\/uploads\/sites\/74\/2024\/02\/poskmotala-stadgar20240301.pdf\" target=\"_blank\" rel=\"noopener\">Stadgar<\/a> (pdf)<strong><br \/>\n<\/strong><\/p>\n<p><strong>STADGAR F\u00d6R LOKALF\u00d6RENINGEN<\/strong><br \/>\n<strong>PARTIPOLITISKT OBUNDNA I SVENSKA KYRKAN MOTALA<\/strong> (POSK Motala)<br \/>\n<em>G\u00e4ller fr.o.m 2024-03-01<\/em><\/p>\n<p><strong>\u00a7 1<\/strong><br \/>\nDen ideella f\u00f6reningen Partipolitiskt obundna i Svenska kyrkan Motala (POSK Motala) \u00e4r en organisation f\u00f6r samarbete mellan partipolitiskt obundna personer. F\u00f6reningen \u00e4r medlem i stiftsf\u00f6reningen Partipolitiskt obundna i Svenska kyrkan i Link\u00f6pings stift och ansluter sig till riksorganisationens Partipolitiskt obundna i Svenska kyrkan (POSK) \u00e4ndam\u00e5l och godk\u00e4nner riksorganisationens stadgar som bindande \u00e4ven f\u00f6r lokalf\u00f6reningen.<\/p>\n<p>Den ideella f\u00f6reningen Partipolitiskt obundna i Svenska kyrkan, vars f\u00f6rkortade namn \u00e4r POSK, \u00e4r en riksorganisation f\u00f6r dem som p\u00e5 partipolitiskt obunden grund vill engagera sig i Svenska kyrkans demokratiska val<\/p>\n<p>POSKs \u00e4ndam\u00e5l \u00e4r att fr\u00e4mja m\u00f6jligheten att p\u00e5 partipolitiskt oberoende grund \u00e5ta sig f\u00f6rtroendeuppdrag i Svenska kyrkan.<\/p>\n<p>POSK vill arbeta f\u00f6r att det i kyrkliga val v\u00e4ljs personer som lever i kyrkans gudstj\u00e4nstgemenskap och har insikt i och intresse f\u00f6r kyrkliga fr\u00e5gor.<\/p>\n<p>POSK vill reformera och f\u00f6renkla kyrkans organisation och valsystem s\u00e5 att de \u00e4r ett uttryck f\u00f6r Svenska kyrkans teologiska sj\u00e4lvf\u00f6rst\u00e5else, s\u00e5 som den kommer till uttryck i Svenska kyrkans bek\u00e4nnelsedokument och i andra av Svenska kyrkan bejakade dokument.<\/p>\n<p><strong>\u00a7 2<\/strong><br \/>\nI f\u00f6reningens verksamhet ing\u00e5r att utarbeta ett program, som fastst\u00e4lls av medlemsm\u00f6te.<\/p>\n<p>Var och en som f\u00f6retr\u00e4der POSK i ett beslutande organ f\u00f6rv\u00e4ntas agera lojalt med de st\u00e4llningstaganden som finns i riksprogrammet och i f\u00f6reningens program.<\/p>\n<p>Personer valda till f\u00f6rtroendeuppdrag f\u00f6r POSK har som ledam\u00f6ter i olika beslutande organ r\u00e4tt att h\u00e4vda sin egen uppfattning i sakfr\u00e5gor. En person, som avser att avvika fr\u00e5n POSKs program eller fr\u00e5n ett st\u00e4llningstagande som gjorts av POSKs kyrkom\u00f6tesgrupp, stiftsfullm\u00e4ktigegrupp eller grupp p\u00e5 lokal niv\u00e5, f\u00f6rv\u00e4ntas anm\u00e4la detta till gruppen inom sk\u00e4lig tid innan detta sker.<\/p>\n<p>POSK har registrerat beteckningen \u201dPartipolitiskt obundna i Svenska kyrkan\u201d som beteckning p\u00e5 nomineringsgrupper som kandiderar i val till kyrkom\u00f6tet, i val till stiftsfullm\u00e4ktige och i lokala val till kyrkofullm\u00e4ktige.<\/p>\n<p>Den som kandiderar f\u00f6r POSK i kyrkovalet f\u00e5r inte utan medgivande fr\u00e5n den som \u00e4r ansvarig f\u00f6r kandidatlistan samtidigt st\u00e4lla upp f\u00f6r n\u00e5gon annan nomineringsgrupp som \u00e4r registrerad f\u00f6r val till stiftsfullm\u00e4ktige eller till kyrkom\u00f6tet.<\/p>\n<p>Om en person blivit vald till ett f\u00f6rtroendeuppdrag och senare inte beviljas ansvarsfrihet ska personen st\u00e4lla sin plats till f\u00f6rfogande. En person som inte l\u00e4ngre \u00e4r medlem i POSK har en moralisk skyldighet att avs\u00e4ga sig sina f\u00f6rtroendeuppdrag.<\/p>\n<p><strong>\u00a7 3<br \/>\n<\/strong>Verksamhets\u00e5r \u00e4r kalender\u00e5r.<\/p>\n<p><strong>\u00a7 4<br \/>\n<\/strong>Medlemskap i POSK Motala kan beviljas personer som ansluter sig till \u00a7 1 och \u00a7 2.<\/p>\n<p>Medlemskap i POSK Motala beviljas av dess styrelse. POSK Motala till\u00e4mpar en \u00f6ppen medlemsantagning. Medlem \u00e4ger r\u00e4tt att efter anm\u00e4lan till styrelsen omedelbart uttr\u00e4da ur f\u00f6reningen. Medlem som handlar i strid med f\u00f6reningens \u00e4ndam\u00e5l, eller som inte fullgjort sina f\u00f6rpliktelser mot f\u00f6reningen kan uteslutas.<\/p>\n<p>Beslut om uteslutning av en medlem i f\u00f6reningen fattas av riksf\u00f6reningens styrelse. Innan beslut om uteslutning fattas ska den ber\u00f6rda gruppen och personen beredas tillf\u00e4lle att yttra sig. Ett beslut om uteslutning ska motiveras.<\/p>\n<p>Om enskild person handlar i strid mot f\u00f6reningens stadgar eller dess \u00e4ndam\u00e5l eller inte fullgjort sina f\u00f6rpliktelser mot f\u00f6reningen eller genom sitt handlande inom eller utom f\u00f6reningen avsev\u00e4rt skadat f\u00f6reningen kan riksorganisationen POSKs styrelse f\u00f6rbjuda att den personen framf\u00f6rs som kandidat f\u00f6r nomineringsgruppen vid kyrkoval. POSKs ombud, f\u00f6retr\u00e4dare och kontaktpersoner vid kyrkoval ska tillse att ett s\u00e5dant f\u00f6rbud iakttas.<\/p>\n<p>Medlem ska betala den avgift som \u00e5rsm\u00f6tet beslutar.<\/p>\n<p>Den som \u00e4r enskild medlem i f\u00f6reningen \u00e4r d\u00e4rigenom medlem i riksorganisationen POSK.<\/p>\n<p>POSK har ett medlemsregister d\u00e4r samtliga medlemmar i POSKs lokala grupper och stiftsf\u00f6reningar ska finnas noterade. Uppgift om enskild person ska behandlas enligt dataskyddsf\u00f6rordningen (GDPR).<\/p>\n<p><strong>\u00a7 5<\/strong><br \/>\nPOSKs Motala h\u00f6gsta beslutande organ \u00e4r dess medlemsm\u00f6te. Med medlemsm\u00f6te avses \u00e5rsm\u00f6te och extra medlemsm\u00f6te. R\u00f6str\u00e4tt vid medlemsm\u00f6te tillkommer alla, som fullgjort sina f\u00f6rpliktelser mot f\u00f6reningen.<\/p>\n<p><strong>\u00a7 6<\/strong><br \/>\n\u00c5rsm\u00f6te ska \u00e4ga rum f\u00f6re mars m\u00e5nads utg\u00e5ng. Kallelse ska av styrelsen med post eller e-post tillst\u00e4llas varje medlem. Kallelse ska avs\u00e4ndas senast tv\u00e5 veckor f\u00f6re \u00e5rsm\u00f6tet.<\/p>\n<p>P\u00e5 \u00e5rsm\u00f6te ska beslut fattas om<br \/>\n1. Fastst\u00e4llande av r\u00f6stl\u00e4ngd<br \/>\n2. Val av m\u00f6tesordf\u00f6rande, m\u00f6tessekreterare och tv\u00e5 protokollsjusterare, vilka b\u00e5da har att j\u00e4mte ordf\u00f6randen justera \u00e5rsm\u00f6tesprotokollet samt tj\u00e4nstg\u00f6ra som r\u00f6str\u00e4knare.<br \/>\n3. Fastst\u00e4llande av resultat- och balansr\u00e4kning<br \/>\n4. Ansvarsfrihet f\u00f6r styrelsen avseende f\u00f6reg\u00e5ende \u00e5rs f\u00f6rvaltning<br \/>\n5. Fastst\u00e4llande av medlemsavgift f\u00f6r n\u00e4stkommande \u00e5r<br \/>\n6. \u00d6vriga \u00e4renden v\u00e4ckta av styrelsen eller av medlem<br \/>\n7. Fastst\u00e4llande av antal styrelseledam\u00f6ter (<em>enl. \u00a7 7<\/em>)<br \/>\n8. Val av styrelseordf\u00f6rande f\u00f6r tiden fram till n\u00e4sta \u00e5rsm\u00f6te<br \/>\n9. Val av styrelseledam\u00f6ter och ev. ers\u00e4ttare (<em>enl. \u00a7 7<\/em>)<br \/>\n10. Val av tv\u00e5 revisorer och tv\u00e5 ers\u00e4ttare f\u00f6r tiden fram till n\u00e4sta \u00e5rsm\u00f6te<br \/>\n11. Val av valberedning och sammankallande f\u00f6r denna<br \/>\n12. Val av ombud till medlemsm\u00f6te f\u00f6r stiftsf\u00f6reningen POSK i Link\u00f6pings stift<\/p>\n<p>Styrelsen ska i kallelsen ange de \u00e4renden som enligt dessa stadgar ska f\u00f6rekomma och ange de \u00f6vriga \u00e4renden styrelsen vill behandla samt till kallelsen foga n\u00f6dv\u00e4ndiga underlag f\u00f6r de \u00e4renden som ska behandlas.<\/p>\n<p>Medlemmar \u00e4ger r\u00e4tt att v\u00e4cka \u00e4renden till \u00e5rsm\u00f6tet genom motion. Motion ska inges till styrelsen senast tv\u00e5 veckor f\u00f6re \u00e5rsm\u00f6tet.<\/p>\n<p>Styrelsen \u00e4ger r\u00e4tt att inkalla extra medlemsm\u00f6te. F\u00f6r extra medlemsm\u00f6te ska best\u00e4mmelserna om \u00e5rsm\u00f6te g\u00e4lla i till\u00e4mpliga delar.<\/p>\n<p><strong>\u00a7 7<\/strong><br \/>\nBeredande och verkst\u00e4llande organ f\u00f6r POSK Motala \u00e4r dess styrelse.<\/p>\n<p>POSKs Motala styrelse best\u00e5r av ordf\u00f6rande och ordinarie ledam\u00f6ter samt ev. ers\u00e4ttare till det antal \u00e5rsm\u00f6tet beslutar. Ordf\u00f6rande v\u00e4ljs p\u00e5 \u00e5rsm\u00f6tet f\u00f6r tiden fram till n\u00e4sta \u00e5rsm\u00f6te. \u00d6vriga ordinarie ledam\u00f6ter och ev. ers\u00e4ttare v\u00e4ljs p\u00e5 \u00e5rsm\u00f6te f\u00f6r tiden fram till det \u00e5rsm\u00f6te som \u00e4ger rum andra \u00e5ret efter valtillf\u00e4llet. Valen ska varje \u00e5r omfatta f\u00f6rutom ordf\u00f6randen h\u00e4lften av de ordinarie ledam\u00f6terna och ev. ers\u00e4ttarna. Vid valtillf\u00e4llet ska anges i vilken ordning ev. ers\u00e4ttarna ska intr\u00e4da.<\/p>\n<p>Styrelsen v\u00e4ljer bland de ledam\u00f6terna en vice ordf\u00f6rande samt inom styrelsen en sekreterare och en kass\u00f6r.<\/p>\n<p>Styrelsen sammantr\u00e4der p\u00e5 kallelse av ordf\u00f6randen och \u00e4r beslutsf\u00f6r n\u00e4r minst tre ledam\u00f6ter \u00e4r n\u00e4rvarande.<\/p>\n<p>POSKs Motala firma tecknas av styrelsen eller av den som styrelsen utsett.<\/p>\n<p>I kyrkoordningen finns best\u00e4mmelser om ombud f\u00f6r nomineringsgrupp i valfr\u00e5gor.<\/p>\n<p>Vid styrelsem\u00f6ten ska f\u00f6ras protokoll vilka justeras av ordf\u00f6randen samt en ledamot.<\/p>\n<p>F\u00f6r varje verksamhets\u00e5r ska styrelsen avge en redog\u00f6relse best\u00e5ende av resultatr\u00e4kning, balansr\u00e4kning och verksamhetsber\u00e4ttelse. Dessa handlingar ska senast den 1 mars, dock senast tv\u00e5 veckor f\u00f6re \u00e5rsm\u00f6tet, \u00f6verl\u00e4mnas till revisorerna f\u00f6r granskning. Revisorerna ska avge en revisionsber\u00e4ttelse till \u00e5rsm\u00f6tet. Revisionsber\u00e4ttelsen ska innefatta ett uttalande i fr\u00e5gan om ansvarsfrihet f\u00f6r styrelsen.<\/p>\n<p>Lokal grupp ska f\u00f6re utg\u00e5ngen av juni m\u00e5nad tillst\u00e4lla stiftsf\u00f6reningen en verksamhetsber\u00e4ttelse och \u00e4ven ett \u00e5rsm\u00f6tesprotokoll.<\/p>\n<p><strong>\u00a7 8<\/strong><br \/>\nBeslut i styrelsen och vid medlemsm\u00f6te fattas med nedan n\u00e4mnda undantag genom enkel majoritet. Beslut om framl\u00e4ggande av kandidatlistor fattas vid medlemsm\u00f6te. Vid omr\u00f6stning som utfaller med lika r\u00f6stetal i styrelsen g\u00e4ller ordf\u00f6randens utslagsr\u00f6st. Vid medlemsm\u00f6te skiljer lotten.<\/p>\n<p>\u00c4ndring av dessa stadgar liksom beslut om uppl\u00f6sning av Partipolitiskt obundna i Svenska kyrkan Motala ska f\u00f6r att g\u00e4lla fattas av tv\u00e5 p\u00e5 varandra f\u00f6ljande \u00e5rsm\u00f6ten eller vid ett \u00e5rsm\u00f6te av 2\/3 av de r\u00f6stande. Om Partipolitiskt obundna i Svenska kyrkan Motala (POSK Motala) uppl\u00f6ses ska dess \u00f6verskott tillfalla Partipolitiskt obundna i Svenska kyrkan i Link\u00f6pings stift.<\/p>\n<hr \/>\n<p style=\"text-align: right\"><em>Fastst\u00e4llda av riks\u00e5rsm\u00f6tet 1999-04-24, \u00c4ndrade av riks\u00e5rsm\u00f6tet 2007-04-21, \u00c4ndrade av riks\u00e5rsm\u00f6tet 2016-04-23, Fastst\u00e4llda av lokala \u00e5rsm\u00f6tet 2018-04-08, \u00c4ndrade efter riks\u00e5rsm\u00f6tet 2020-09-05, \u00c4ndrade av riks\u00e5rsm\u00f6tet 2023-05-13, \u00c4ndrade av lokala \u00e5rsm\u00f6tet 2024-02-15.<br \/>\n&gt; <a href=\"https:\/\/www.posk.se\/motala\/wp-content\/uploads\/sites\/74\/2024\/02\/poskmotala-stadgar20240301.pdf\" target=\"_blank\" rel=\"noopener\">Stadgar<\/a> (pdf)<\/em><\/p>\n","protected":false},"excerpt":{"rendered":"<p>&gt; Stadgar (pdf) STADGAR F\u00d6R LOKALF\u00d6RENINGEN PARTIPOLITISKT OBUNDNA I SVENSKA KYRKAN MOTALA (POSK Motala) G\u00e4ller fr.o.m 2024-03-01 \u00a7 1 Den ideella f\u00f6reningen Partipolitiskt obundna i Svenska kyrkan Motala (POSK Motala) \u00e4r en organisation f\u00f6r samarbete mellan partipolitiskt obundna personer. F\u00f6reningen \u00e4r medlem i stiftsf\u00f6reningen Partipolitiskt obundna i Svenska kyrkan i Link\u00f6pings stift och ansluter sig [&hellip;]<\/p>\n","protected":false},"author":104,"featured_media":723,"parent":689,"menu_order":7,"comment_status":"closed","ping_status":"closed","template":"page-templates\/page-sidebar-left.php","meta":{"_acf_changed":false,"footnotes":""},"class_list":["post-623","page","type-page","status-publish","has-post-thumbnail","hentry"],"acf":[],"yoast_head":"<!-- This site is optimized with the Yoast SEO plugin v24.9 - https:\/\/yoast.com\/wordpress\/plugins\/seo\/ -->\n<title>Stadgar - Motala<\/title>\n<meta name=\"robots\" content=\"index, follow, max-snippet:-1, max-image-preview:large, max-video-preview:-1\" \/>\n<link rel=\"canonical\" href=\"https:\/\/www.posk.se\/motala\/omoss\/stadgar\/\" \/>\n<meta property=\"og:locale\" content=\"sv_SE\" \/>\n<meta property=\"og:type\" content=\"article\" \/>\n<meta property=\"og:title\" content=\"Stadgar - Motala\" \/>\n<meta property=\"og:description\" content=\"&gt; Stadgar (pdf) STADGAR F\u00d6R LOKALF\u00d6RENINGEN PARTIPOLITISKT OBUNDNA I SVENSKA KYRKAN MOTALA (POSK Motala) G\u00e4ller fr.o.m 2024-03-01 \u00a7 1 Den ideella f\u00f6reningen Partipolitiskt obundna i Svenska kyrkan Motala (POSK Motala) \u00e4r en organisation f\u00f6r samarbete mellan partipolitiskt obundna personer. F\u00f6reningen \u00e4r medlem i stiftsf\u00f6reningen Partipolitiskt obundna i Svenska kyrkan i Link\u00f6pings stift och ansluter sig [&hellip;]\" \/>\n<meta property=\"og:url\" content=\"https:\/\/www.posk.se\/motala\/omoss\/stadgar\/\" \/>\n<meta property=\"og:site_name\" content=\"Motala\" \/>\n<meta property=\"article:modified_time\" content=\"2024-03-01T08:36:32+00:00\" \/>\n<meta property=\"og:image\" content=\"https:\/\/www.posk.se\/motala\/wp-content\/uploads\/sites\/74\/2021\/03\/water-lily-1442497-1920.jpg\" \/>\n\t<meta property=\"og:image:width\" content=\"1920\" \/>\n\t<meta property=\"og:image:height\" content=\"1245\" \/>\n\t<meta property=\"og:image:type\" content=\"image\/jpeg\" \/>\n<meta name=\"twitter:card\" content=\"summary_large_image\" \/>\n<meta name=\"twitter:label1\" content=\"Ber\u00e4knad l\u00e4stid\" \/>\n\t<meta name=\"twitter:data1\" content=\"7 minuter\" \/>\n<script type=\"application\/ld+json\" class=\"yoast-schema-graph\">{\"@context\":\"https:\/\/schema.org\",\"@graph\":[{\"@type\":\"WebPage\",\"@id\":\"https:\/\/www.posk.se\/motala\/omoss\/stadgar\/\",\"url\":\"https:\/\/www.posk.se\/motala\/omoss\/stadgar\/\",\"name\":\"Stadgar - Motala\",\"isPartOf\":{\"@id\":\"https:\/\/www.posk.se\/motala\/#website\"},\"primaryImageOfPage\":{\"@id\":\"https:\/\/www.posk.se\/motala\/omoss\/stadgar\/#primaryimage\"},\"image\":{\"@id\":\"https:\/\/www.posk.se\/motala\/omoss\/stadgar\/#primaryimage\"},\"thumbnailUrl\":\"https:\/\/www.posk.se\/motala\/wp-content\/uploads\/sites\/74\/2021\/03\/water-lily-1442497-1920.jpg\",\"datePublished\":\"2018-03-01T05:00:37+00:00\",\"dateModified\":\"2024-03-01T08:36:32+00:00\",\"breadcrumb\":{\"@id\":\"https:\/\/www.posk.se\/motala\/omoss\/stadgar\/#breadcrumb\"},\"inLanguage\":\"sv-SE\",\"potentialAction\":[{\"@type\":\"ReadAction\",\"target\":[\"https:\/\/www.posk.se\/motala\/omoss\/stadgar\/\"]}]},{\"@type\":\"ImageObject\",\"inLanguage\":\"sv-SE\",\"@id\":\"https:\/\/www.posk.se\/motala\/omoss\/stadgar\/#primaryimage\",\"url\":\"https:\/\/www.posk.se\/motala\/wp-content\/uploads\/sites\/74\/2021\/03\/water-lily-1442497-1920.jpg\",\"contentUrl\":\"https:\/\/www.posk.se\/motala\/wp-content\/uploads\/sites\/74\/2021\/03\/water-lily-1442497-1920.jpg\",\"width\":1920,\"height\":1245},{\"@type\":\"BreadcrumbList\",\"@id\":\"https:\/\/www.posk.se\/motala\/omoss\/stadgar\/#breadcrumb\",\"itemListElement\":[{\"@type\":\"ListItem\",\"position\":1,\"name\":\"Hem\",\"item\":\"https:\/\/www.posk.se\/motala\/\"},{\"@type\":\"ListItem\",\"position\":2,\"name\":\"Om oss\",\"item\":\"https:\/\/www.posk.se\/motala\/omoss\/\"},{\"@type\":\"ListItem\",\"position\":3,\"name\":\"Stadgar\"}]},{\"@type\":\"WebSite\",\"@id\":\"https:\/\/www.posk.se\/motala\/#website\",\"url\":\"https:\/\/www.posk.se\/motala\/\",\"name\":\"Motala\",\"description\":\"POSK-grupp i Link\u00f6pings stift\",\"potentialAction\":[{\"@type\":\"SearchAction\",\"target\":{\"@type\":\"EntryPoint\",\"urlTemplate\":\"https:\/\/www.posk.se\/motala\/?s={search_term_string}\"},\"query-input\":{\"@type\":\"PropertyValueSpecification\",\"valueRequired\":true,\"valueName\":\"search_term_string\"}}],\"inLanguage\":\"sv-SE\"}]}<\/script>\n<!-- \/ Yoast SEO plugin. -->","yoast_head_json":{"title":"Stadgar - Motala","robots":{"index":"index","follow":"follow","max-snippet":"max-snippet:-1","max-image-preview":"max-image-preview:large","max-video-preview":"max-video-preview:-1"},"canonical":"https:\/\/www.posk.se\/motala\/omoss\/stadgar\/","og_locale":"sv_SE","og_type":"article","og_title":"Stadgar - Motala","og_description":"&gt; Stadgar (pdf) STADGAR F\u00d6R LOKALF\u00d6RENINGEN PARTIPOLITISKT OBUNDNA I SVENSKA KYRKAN MOTALA (POSK Motala) G\u00e4ller fr.o.m 2024-03-01 \u00a7 1 Den ideella f\u00f6reningen Partipolitiskt obundna i Svenska kyrkan Motala (POSK Motala) \u00e4r en organisation f\u00f6r samarbete mellan partipolitiskt obundna personer. F\u00f6reningen \u00e4r medlem i stiftsf\u00f6reningen Partipolitiskt obundna i Svenska kyrkan i Link\u00f6pings stift och ansluter sig [&hellip;]","og_url":"https:\/\/www.posk.se\/motala\/omoss\/stadgar\/","og_site_name":"Motala","article_modified_time":"2024-03-01T08:36:32+00:00","og_image":[{"width":1920,"height":1245,"url":"https:\/\/www.posk.se\/motala\/wp-content\/uploads\/sites\/74\/2021\/03\/water-lily-1442497-1920.jpg","type":"image\/jpeg"}],"twitter_card":"summary_large_image","twitter_misc":{"Ber\u00e4knad l\u00e4stid":"7 minuter"},"schema":{"@context":"https:\/\/schema.org","@graph":[{"@type":"WebPage","@id":"https:\/\/www.posk.se\/motala\/omoss\/stadgar\/","url":"https:\/\/www.posk.se\/motala\/omoss\/stadgar\/","name":"Stadgar - Motala","isPartOf":{"@id":"https:\/\/www.posk.se\/motala\/#website"},"primaryImageOfPage":{"@id":"https:\/\/www.posk.se\/motala\/omoss\/stadgar\/#primaryimage"},"image":{"@id":"https:\/\/www.posk.se\/motala\/omoss\/stadgar\/#primaryimage"},"thumbnailUrl":"https:\/\/www.posk.se\/motala\/wp-content\/uploads\/sites\/74\/2021\/03\/water-lily-1442497-1920.jpg","datePublished":"2018-03-01T05:00:37+00:00","dateModified":"2024-03-01T08:36:32+00:00","breadcrumb":{"@id":"https:\/\/www.posk.se\/motala\/omoss\/stadgar\/#breadcrumb"},"inLanguage":"sv-SE","potentialAction":[{"@type":"ReadAction","target":["https:\/\/www.posk.se\/motala\/omoss\/stadgar\/"]}]},{"@type":"ImageObject","inLanguage":"sv-SE","@id":"https:\/\/www.posk.se\/motala\/omoss\/stadgar\/#primaryimage","url":"https:\/\/www.posk.se\/motala\/wp-content\/uploads\/sites\/74\/2021\/03\/water-lily-1442497-1920.jpg","contentUrl":"https:\/\/www.posk.se\/motala\/wp-content\/uploads\/sites\/74\/2021\/03\/water-lily-1442497-1920.jpg","width":1920,"height":1245},{"@type":"BreadcrumbList","@id":"https:\/\/www.posk.se\/motala\/omoss\/stadgar\/#breadcrumb","itemListElement":[{"@type":"ListItem","position":1,"name":"Hem","item":"https:\/\/www.posk.se\/motala\/"},{"@type":"ListItem","position":2,"name":"Om oss","item":"https:\/\/www.posk.se\/motala\/omoss\/"},{"@type":"ListItem","position":3,"name":"Stadgar"}]},{"@type":"WebSite","@id":"https:\/\/www.posk.se\/motala\/#website","url":"https:\/\/www.posk.se\/motala\/","name":"Motala","description":"POSK-grupp i Link\u00f6pings stift","potentialAction":[{"@type":"SearchAction","target":{"@type":"EntryPoint","urlTemplate":"https:\/\/www.posk.se\/motala\/?s={search_term_string}"},"query-input":{"@type":"PropertyValueSpecification","valueRequired":true,"valueName":"search_term_string"}}],"inLanguage":"sv-SE"}]}},"_links":{"self":[{"href":"https:\/\/www.posk.se\/motala\/wp-json\/wp\/v2\/pages\/623","targetHints":{"allow":["GET"]}}],"collection":[{"href":"https:\/\/www.posk.se\/motala\/wp-json\/wp\/v2\/pages"}],"about":[{"href":"https:\/\/www.posk.se\/motala\/wp-json\/wp\/v2\/types\/page"}],"author":[{"embeddable":true,"href":"https:\/\/www.posk.se\/motala\/wp-json\/wp\/v2\/users\/104"}],"replies":[{"embeddable":true,"href":"https:\/\/www.posk.se\/motala\/wp-json\/wp\/v2\/comments?post=623"}],"version-history":[{"count":25,"href":"https:\/\/www.posk.se\/motala\/wp-json\/wp\/v2\/pages\/623\/revisions"}],"predecessor-version":[{"id":1539,"href":"https:\/\/www.posk.se\/motala\/wp-json\/wp\/v2\/pages\/623\/revisions\/1539"}],"up":[{"embeddable":true,"href":"https:\/\/www.posk.se\/motala\/wp-json\/wp\/v2\/pages\/689"}],"wp:featuredmedia":[{"embeddable":true,"href":"https:\/\/www.posk.se\/motala\/wp-json\/wp\/v2\/media\/723"}],"wp:attachment":[{"href":"https:\/\/www.posk.se\/motala\/wp-json\/wp\/v2\/media?parent=623"}],"curies":[{"name":"wp","href":"https:\/\/api.w.org\/{rel}","templated":true}]}}