{"id":51,"date":"2016-11-06T04:50:23","date_gmt":"2016-11-06T03:50:23","guid":{"rendered":"https:\/\/www.posk.se\/motala\/?page_id=51"},"modified":"2026-02-15T15:30:13","modified_gmt":"2026-02-15T14:30:13","slug":"styrelsen","status":"publish","type":"page","link":"https:\/\/www.posk.se\/motala\/omoss\/styrelsen\/","title":{"rendered":"Styrelsen"},"content":{"rendered":"<p><strong>Ordf\u00f6rande<br \/>\n<\/strong>Lena Bj\u00f6rnst\u00e5hl<br \/>\nTel. 072-533 00 88<br \/>\nlena.bjornstahl@posk.eu<\/p>\n<p><strong>Vice ordf\u00f6rande<\/strong><br \/>\nBritt-Marie Westin<br \/>\nTel. 0141-505 37<br \/>\nbritt-marie.westin@posk.eu<\/p>\n<p><strong>Sekreterare<\/strong><br \/>\nBritt-Marie Westin<br \/>\nTel. 0141-505 37<br \/>\nbritt-marie.westin@posk.eu<\/p>\n<p><strong>Vice sekreterare<\/strong><br \/>\nKjell Fransson<br \/>\nTel. 070-360 95 47<br \/>\nkjell.fransson@posk.eu<\/p>\n<p><strong>Kass\u00f6r<\/strong><br \/>\nTanja Ronkainen<br \/>\nTel. 070-775 08 63<br \/>\ntanja.ronkainen@posk.eu<\/p>\n<p><strong>Ledam\u00f6ter<br \/>\n<\/strong><em>invalda till 2027<\/em><br \/>\nBritt-Marie Westin (se ovan)<br \/>\nTanja Ronkainen (se ovan)<br \/>\nLars-Johan Sunnerberg, lars-johan.sunnerberg@posk.eu<br \/>\nLina Ellehammer, lina.ellehammer@posk.eu<br \/>\nLena Bj\u00f6rnst\u00e5hl (se ovan)<\/p>\n<p><em>invalda till 2028<\/em><br \/>\nKjell Fransson (se ovan)<br \/>\nKenneth S\u00f6derman, kenneth.soderman@posk.eu<br \/>\nMonica Fransson, monica.fransson@posk.eu<br \/>\nIngela Lidholm, ingela.lidholm@posk.eu<\/p>\n<hr \/>\n<p>&gt; <a href=\"https:\/\/www.posk.se\/motala\/stadgar\/\" target=\"_blank\" rel=\"noopener\">Stadgar<\/a><\/p>\n<p>&nbsp;<\/p>\n","protected":false},"excerpt":{"rendered":"<p>Ordf\u00f6rande Lena Bj\u00f6rnst\u00e5hl Tel. 072-533 00 88 lena.bjornstahl@posk.eu Vice ordf\u00f6rande Britt-Marie Westin Tel. 0141-505 37 britt-marie.westin@posk.eu Sekreterare Britt-Marie Westin Tel. 0141-505 37 britt-marie.westin@posk.eu Vice sekreterare Kjell Fransson Tel. 070-360 95 47 kjell.fransson@posk.eu Kass\u00f6r Tanja Ronkainen Tel. 070-775 08 63 tanja.ronkainen@posk.eu Ledam\u00f6ter invalda till 2027 Britt-Marie Westin (se ovan) Tanja Ronkainen (se ovan) Lars-Johan Sunnerberg, lars-johan.sunnerberg@posk.eu [&hellip;]<\/p>\n","protected":false},"author":104,"featured_media":98,"parent":689,"menu_order":4,"comment_status":"closed","ping_status":"closed","template":"page-templates\/page-sidebar-left.php","meta":{"_acf_changed":false,"footnotes":""},"class_list":["post-51","page","type-page","status-publish","has-post-thumbnail","hentry"],"acf":[],"yoast_head":"<!-- This site is optimized with the Yoast SEO plugin v24.9 - https:\/\/yoast.com\/wordpress\/plugins\/seo\/ -->\n<title>Styrelsen - Motala<\/title>\n<meta name=\"robots\" content=\"index, follow, max-snippet:-1, max-image-preview:large, max-video-preview:-1\" \/>\n<link rel=\"canonical\" href=\"https:\/\/www.posk.se\/motala\/omoss\/styrelsen\/\" \/>\n<meta property=\"og:locale\" content=\"sv_SE\" \/>\n<meta property=\"og:type\" content=\"article\" \/>\n<meta property=\"og:title\" content=\"Styrelsen - Motala\" \/>\n<meta property=\"og:description\" content=\"Ordf\u00f6rande Lena Bj\u00f6rnst\u00e5hl Tel. 072-533 00 88 lena.bjornstahl@posk.eu Vice ordf\u00f6rande Britt-Marie Westin Tel. 0141-505 37 britt-marie.westin@posk.eu Sekreterare Britt-Marie Westin Tel. 0141-505 37 britt-marie.westin@posk.eu Vice sekreterare Kjell Fransson Tel. 070-360 95 47 kjell.fransson@posk.eu Kass\u00f6r Tanja Ronkainen Tel. 070-775 08 63 tanja.ronkainen@posk.eu Ledam\u00f6ter invalda till 2027 Britt-Marie Westin (se ovan) Tanja Ronkainen (se ovan) Lars-Johan Sunnerberg, lars-johan.sunnerberg@posk.eu [&hellip;]\" \/>\n<meta property=\"og:url\" content=\"https:\/\/www.posk.se\/motala\/omoss\/styrelsen\/\" \/>\n<meta property=\"og:site_name\" content=\"Motala\" \/>\n<meta property=\"article:modified_time\" content=\"2026-02-15T14:30:13+00:00\" \/>\n<meta property=\"og:image\" content=\"https:\/\/www.posk.se\/motala\/wp-content\/uploads\/sites\/74\/2017\/03\/meeting-265849_1920.jpg\" \/>\n\t<meta property=\"og:image:width\" content=\"1920\" \/>\n\t<meta property=\"og:image:height\" content=\"1440\" \/>\n\t<meta property=\"og:image:type\" content=\"image\/jpeg\" \/>\n<meta name=\"twitter:card\" content=\"summary_large_image\" \/>\n<meta name=\"twitter:label1\" content=\"Ber\u00e4knad l\u00e4stid\" \/>\n\t<meta name=\"twitter:data1\" content=\"1 minut\" \/>\n<script type=\"application\/ld+json\" class=\"yoast-schema-graph\">{\"@context\":\"https:\/\/schema.org\",\"@graph\":[{\"@type\":\"WebPage\",\"@id\":\"https:\/\/www.posk.se\/motala\/omoss\/styrelsen\/\",\"url\":\"https:\/\/www.posk.se\/motala\/omoss\/styrelsen\/\",\"name\":\"Styrelsen - Motala\",\"isPartOf\":{\"@id\":\"https:\/\/www.posk.se\/motala\/#website\"},\"primaryImageOfPage\":{\"@id\":\"https:\/\/www.posk.se\/motala\/omoss\/styrelsen\/#primaryimage\"},\"image\":{\"@id\":\"https:\/\/www.posk.se\/motala\/omoss\/styrelsen\/#primaryimage\"},\"thumbnailUrl\":\"https:\/\/www.posk.se\/motala\/wp-content\/uploads\/sites\/74\/2017\/03\/meeting-265849_1920.jpg\",\"datePublished\":\"2016-11-06T03:50:23+00:00\",\"dateModified\":\"2026-02-15T14:30:13+00:00\",\"breadcrumb\":{\"@id\":\"https:\/\/www.posk.se\/motala\/omoss\/styrelsen\/#breadcrumb\"},\"inLanguage\":\"sv-SE\",\"potentialAction\":[{\"@type\":\"ReadAction\",\"target\":[\"https:\/\/www.posk.se\/motala\/omoss\/styrelsen\/\"]}]},{\"@type\":\"ImageObject\",\"inLanguage\":\"sv-SE\",\"@id\":\"https:\/\/www.posk.se\/motala\/omoss\/styrelsen\/#primaryimage\",\"url\":\"https:\/\/www.posk.se\/motala\/wp-content\/uploads\/sites\/74\/2017\/03\/meeting-265849_1920.jpg\",\"contentUrl\":\"https:\/\/www.posk.se\/motala\/wp-content\/uploads\/sites\/74\/2017\/03\/meeting-265849_1920.jpg\",\"width\":1920,\"height\":1440},{\"@type\":\"BreadcrumbList\",\"@id\":\"https:\/\/www.posk.se\/motala\/omoss\/styrelsen\/#breadcrumb\",\"itemListElement\":[{\"@type\":\"ListItem\",\"position\":1,\"name\":\"Hem\",\"item\":\"https:\/\/www.posk.se\/motala\/\"},{\"@type\":\"ListItem\",\"position\":2,\"name\":\"Om oss\",\"item\":\"https:\/\/www.posk.se\/motala\/omoss\/\"},{\"@type\":\"ListItem\",\"position\":3,\"name\":\"Styrelsen\"}]},{\"@type\":\"WebSite\",\"@id\":\"https:\/\/www.posk.se\/motala\/#website\",\"url\":\"https:\/\/www.posk.se\/motala\/\",\"name\":\"Motala\",\"description\":\"POSK-grupp i Link\u00f6pings stift\",\"potentialAction\":[{\"@type\":\"SearchAction\",\"target\":{\"@type\":\"EntryPoint\",\"urlTemplate\":\"https:\/\/www.posk.se\/motala\/?s={search_term_string}\"},\"query-input\":{\"@type\":\"PropertyValueSpecification\",\"valueRequired\":true,\"valueName\":\"search_term_string\"}}],\"inLanguage\":\"sv-SE\"}]}<\/script>\n<!-- \/ Yoast SEO plugin. -->","yoast_head_json":{"title":"Styrelsen - Motala","robots":{"index":"index","follow":"follow","max-snippet":"max-snippet:-1","max-image-preview":"max-image-preview:large","max-video-preview":"max-video-preview:-1"},"canonical":"https:\/\/www.posk.se\/motala\/omoss\/styrelsen\/","og_locale":"sv_SE","og_type":"article","og_title":"Styrelsen - Motala","og_description":"Ordf\u00f6rande Lena Bj\u00f6rnst\u00e5hl Tel. 072-533 00 88 lena.bjornstahl@posk.eu Vice ordf\u00f6rande Britt-Marie Westin Tel. 0141-505 37 britt-marie.westin@posk.eu Sekreterare Britt-Marie Westin Tel. 0141-505 37 britt-marie.westin@posk.eu Vice sekreterare Kjell Fransson Tel. 070-360 95 47 kjell.fransson@posk.eu Kass\u00f6r Tanja Ronkainen Tel. 070-775 08 63 tanja.ronkainen@posk.eu Ledam\u00f6ter invalda till 2027 Britt-Marie Westin (se ovan) Tanja Ronkainen (se ovan) Lars-Johan Sunnerberg, lars-johan.sunnerberg@posk.eu [&hellip;]","og_url":"https:\/\/www.posk.se\/motala\/omoss\/styrelsen\/","og_site_name":"Motala","article_modified_time":"2026-02-15T14:30:13+00:00","og_image":[{"width":1920,"height":1440,"url":"https:\/\/www.posk.se\/motala\/wp-content\/uploads\/sites\/74\/2017\/03\/meeting-265849_1920.jpg","type":"image\/jpeg"}],"twitter_card":"summary_large_image","twitter_misc":{"Ber\u00e4knad l\u00e4stid":"1 minut"},"schema":{"@context":"https:\/\/schema.org","@graph":[{"@type":"WebPage","@id":"https:\/\/www.posk.se\/motala\/omoss\/styrelsen\/","url":"https:\/\/www.posk.se\/motala\/omoss\/styrelsen\/","name":"Styrelsen - Motala","isPartOf":{"@id":"https:\/\/www.posk.se\/motala\/#website"},"primaryImageOfPage":{"@id":"https:\/\/www.posk.se\/motala\/omoss\/styrelsen\/#primaryimage"},"image":{"@id":"https:\/\/www.posk.se\/motala\/omoss\/styrelsen\/#primaryimage"},"thumbnailUrl":"https:\/\/www.posk.se\/motala\/wp-content\/uploads\/sites\/74\/2017\/03\/meeting-265849_1920.jpg","datePublished":"2016-11-06T03:50:23+00:00","dateModified":"2026-02-15T14:30:13+00:00","breadcrumb":{"@id":"https:\/\/www.posk.se\/motala\/omoss\/styrelsen\/#breadcrumb"},"inLanguage":"sv-SE","potentialAction":[{"@type":"ReadAction","target":["https:\/\/www.posk.se\/motala\/omoss\/styrelsen\/"]}]},{"@type":"ImageObject","inLanguage":"sv-SE","@id":"https:\/\/www.posk.se\/motala\/omoss\/styrelsen\/#primaryimage","url":"https:\/\/www.posk.se\/motala\/wp-content\/uploads\/sites\/74\/2017\/03\/meeting-265849_1920.jpg","contentUrl":"https:\/\/www.posk.se\/motala\/wp-content\/uploads\/sites\/74\/2017\/03\/meeting-265849_1920.jpg","width":1920,"height":1440},{"@type":"BreadcrumbList","@id":"https:\/\/www.posk.se\/motala\/omoss\/styrelsen\/#breadcrumb","itemListElement":[{"@type":"ListItem","position":1,"name":"Hem","item":"https:\/\/www.posk.se\/motala\/"},{"@type":"ListItem","position":2,"name":"Om oss","item":"https:\/\/www.posk.se\/motala\/omoss\/"},{"@type":"ListItem","position":3,"name":"Styrelsen"}]},{"@type":"WebSite","@id":"https:\/\/www.posk.se\/motala\/#website","url":"https:\/\/www.posk.se\/motala\/","name":"Motala","description":"POSK-grupp i Link\u00f6pings stift","potentialAction":[{"@type":"SearchAction","target":{"@type":"EntryPoint","urlTemplate":"https:\/\/www.posk.se\/motala\/?s={search_term_string}"},"query-input":{"@type":"PropertyValueSpecification","valueRequired":true,"valueName":"search_term_string"}}],"inLanguage":"sv-SE"}]}},"_links":{"self":[{"href":"https:\/\/www.posk.se\/motala\/wp-json\/wp\/v2\/pages\/51","targetHints":{"allow":["GET"]}}],"collection":[{"href":"https:\/\/www.posk.se\/motala\/wp-json\/wp\/v2\/pages"}],"about":[{"href":"https:\/\/www.posk.se\/motala\/wp-json\/wp\/v2\/types\/page"}],"author":[{"embeddable":true,"href":"https:\/\/www.posk.se\/motala\/wp-json\/wp\/v2\/users\/104"}],"replies":[{"embeddable":true,"href":"https:\/\/www.posk.se\/motala\/wp-json\/wp\/v2\/comments?post=51"}],"version-history":[{"count":38,"href":"https:\/\/www.posk.se\/motala\/wp-json\/wp\/v2\/pages\/51\/revisions"}],"predecessor-version":[{"id":2133,"href":"https:\/\/www.posk.se\/motala\/wp-json\/wp\/v2\/pages\/51\/revisions\/2133"}],"up":[{"embeddable":true,"href":"https:\/\/www.posk.se\/motala\/wp-json\/wp\/v2\/pages\/689"}],"wp:featuredmedia":[{"embeddable":true,"href":"https:\/\/www.posk.se\/motala\/wp-json\/wp\/v2\/media\/98"}],"wp:attachment":[{"href":"https:\/\/www.posk.se\/motala\/wp-json\/wp\/v2\/media?parent=51"}],"curies":[{"name":"wp","href":"https:\/\/api.w.org\/{rel}","templated":true}]}}